{"id":84453,"date":"2023-10-03T13:15:18","date_gmt":"2023-10-03T12:15:18","guid":{"rendered":"https:\/\/onlinelotto365.com\/pogosta-vprasanja"},"modified":"2023-10-03T13:15:18","modified_gmt":"2023-10-03T12:15:18","slug":"pogosta-vprasanja","status":"publish","type":"page","link":"https:\/\/onlinelotto365.com\/sl\/pogosta-vprasanja\/","title":{"rendered":"POGOSTA VPRA\u0160ANJA"},"content":{"rendered":"<h1>Spletna loterija Pogosta vpra\u0161anja<\/h1>\n<p>Tukaj lahko najdete odgovore na najpogosteje zastavljena vpra\u0161anja o delovanju spletne loterije.<\/p>\n<p>Kako dobim sre\u010dke?<\/p>\n<p>Nato eden od na\u0161ih agentov na kraju samem kupi sre\u010dko v va\u0161em imenu in za va\u0161 ra\u010dun. Nato vstopnico skenira in jo nalo\u017ei v va\u0161 uporabni\u0161ki ra\u010dun. Ko zmagate, vam po\u0161ljemo e-po\u0161tno sporo\u010dilo, na\u0161a storitev pa vklju\u010duje tudi prenos dobitka do vas (za podrobnosti glejte spodaj). you win as well.<\/p>\n<p>Katere so prednosti igranja mednarodnih spletnih loterij prek nas?<\/p>\n<ul>\n<li>izbirate lahko med \u0161tevilnimi loterijami in vedno vas \u010daka velik glavni dobitek<\/li>\n<li>dobite dejansko sre\u010dko<\/li>\n<li>igrate lahko od koder koli, kjer koli ste.<\/li>\n<li>udobno lahko pla\u010date prek spleta, saj imamo na voljo \u0161tevilne mo\u017enosti, vklju\u010dno s kreditno kartico<\/li>\n<li>va\u0161 manj\u0161i dobitek v vi\u0161ini do 2500 EUR bo takoj nakazan na va\u0161 igralni ra\u010dun<\/li>\n<li>za dobitke, vi\u0161je od 2500 \u20ac, bomo izpla\u010dilo opravili neposredno iz loterije, brez kakr\u0161nih koli stro\u0161kov.<\/li>\n<\/ul>\n<p>Kdo lahko igra loterije?<\/p>\n<p>Igra lahko vsakdo, vendar morate biti za igranje loterije starej\u0161i od 18 let.<\/p>\n<p>Ali lahko igram na loteriji iz tuje dr\u017eave?<\/p>\n<p>Da. Ne glede na to, v kateri dr\u017eavi \u017eivite, lahko sodelujete v vseh loterijah, ki so prikazane na na\u0161em spletnem mestu.<\/p>\n<p>Ali lahko sam dolo\u010dim svoje loterijske \u0161tevilke?<\/p>\n<p>Da. \u0161tevilke lahko izberete ro\u010dno ali pa uporabite funkcijo &#8220;Hitro izbiranje&#8221; in \u0161tevilke generirate naklju\u010dno.<\/p>\n<p>Kako bom dobil svoj loterijski listek?<\/p>\n<p>Po uspe\u0161nem pla\u010dilu prejmete e-po\u0161tno sporo\u010dilo s potrditvijo nakupa. Izbrane \u0161tevilke bodo vidne v va\u0161em ra\u010dunu. Seveda postopek nakupa in skeniranja traja nekaj \u010dasa, vendar boste po 2 ali 3 urah po prijavi v svoj ra\u010dun lahko na\u0161li skenirano sre\u010dko.<\/p>\n<p>Kako lahko pla\u010dam svoje sre\u010dke za loto?<\/p>\n<p>Na voljo so vam razli\u010dne mo\u017enosti pla\u010dila, vklju\u010dno s pla\u010dilom s kreditno kartico, takoj\u0161njim ban\u010dnim nakazilom, razli\u010dnimi kriptovalutami in \u0161e ve\u010d.<br \/>\nPrav tako lahko na svoj igralni ra\u010dun najprej polo\u017eite denar, nato pa novo stanje uporabite za nakup sre\u010dk, kadar koli \u017eelite. \u010ce ima\u0161 na ra\u010dunu dobroimetje, je postopek pla\u010dila veliko hitrej\u0161i!<\/p>\n<p>Ali v primeru dobitka zara\u010dunate provizijo?<\/p>\n<p>Ne, ne zara\u010dunavamo. Vsi va\u0161i dobitki bodo v celoti izpla\u010dani brez zara\u010dunavanja kakr\u0161nih koli provizij, razen v nekaterih primerih provizij za ban\u010dno nakazilo.<\/p>\n<p>Kako izvem, ali sem zmagal?<\/p>\n<p>Najprej vam bomo poslali e-po\u0161tno sporo\u010dilo, v katerem vas bomo obvestili o va\u0161em dobitku. Prav tako se lahko vedno prijavite v svoj ra\u010dun in v razdelku &#8220;Moje sre\u010dke&#8221; preverite stanje svojih sre\u010dk. Posodobitve z zmagovalnimi \u0161tevilkami za vse loterije so na voljo na na\u0161em spletnem mestu.<\/p>\n<p>Kako dobim pla\u010dilo, \u010de zmagam?<\/p>\n<p>\u010ce osvojite nagrado v vrednosti do 2500 EUR, bo ta takoj nakazana na va\u0161 igralni ra\u010dun. Za vi\u0161je dobitke vam bomo po e-po\u0161ti poslali obrazec za zahtevek. V njem se morate identificirati in navesti nekaj osnovnih podatkov, na primer, kako \u017eelite dobiti izpla\u010dilo. Va\u0161 zahtevek nato predlo\u017eimo loterijskemu podjetju. Loterijsko podjetje vam bo nato izpla\u010dalo neposredno.<br \/>\n\u010ce vam je to ljub\u0161e, lahko sre\u010dko prevzamete tudi v eni od pisarn na\u0161ega zastopnika in jo nato osebno predlo\u017eite loteriji.<\/p>\n<p>Ali je va\u0161a storitev res zakonita?<\/p>\n<p>Da, absolutno. To je tako, kot da bi bili na po\u010ditnicah v dr\u017eavi loterije in bi sami kupili sre\u010dko. \u010ce bi ta sre\u010dka zmagala, imate do dobitka enake pravice kot vsi drugi.<\/p>\n<p>Kako lahko vem, da je bila sre\u010dka kupljena v mojem imenu?<\/p>\n<p>Ko boste pla\u010dali loterijsko sre\u010dko, boste najprej prejeli potrdilo o pla\u010dilu. Nekoliko pozneje si boste lahko ogledali skeniranje va\u0161e sre\u010dke v obmo\u010dju za stranke na na\u0161i spletni strani.<\/p>\n","protected":false},"excerpt":{"rendered":"<p>Spletna loterija Pogosta vpra\u0161anja Tukaj lahko najdete odgovore na najpogosteje zastavljena vpra\u0161anja o delovanju spletne loterije. Kako dobim sre\u010dke? Nato eden od na\u0161ih agentov na kraju samem kupi sre\u010dko v va\u0161em imenu in za va\u0161 ra\u010dun. Nato vstopnico skenira in jo nalo\u017ei v va\u0161 uporabni\u0161ki ra\u010dun. Ko zmagate, vam po\u0161ljemo e-po\u0161tno sporo\u010dilo, na\u0161a storitev pa [&hellip;]<\/p>\n","protected":false},"author":1,"featured_media":0,"parent":0,"menu_order":50,"comment_status":"closed","ping_status":"closed","template":"","meta":{"_et_pb_use_builder":"","_et_pb_old_content":"","_et_gb_content_width":"","exclude_from_search":false,"footnotes":""},"class_list":["post-84453","page","type-page","status-publish","hentry"],"yoast_head":"<!-- This site is optimized with the Yoast SEO plugin v23.4 - https:\/\/yoast.com\/wordpress\/plugins\/seo\/ -->\n<title>Odgovori na najpogostej\u0161a vpra\u0161anja o na\u0161i spletni loterijski storitvi<\/title>\n<meta name=\"description\" content=\"\u017delite izvedeti ve\u010d o tem, kako deluje na\u0161a spletna storitev po\u0161iljanja loterijskih sre\u010dk? Odgovore na najpogostej\u0161a vpra\u0161anja najdete tukaj\" \/>\n<meta name=\"robots\" content=\"index, follow, max-snippet:-1, max-image-preview:large, max-video-preview:-1\" \/>\n<link rel=\"canonical\" href=\"https:\/\/onlinelotto365.com\/sl\/pogosta-vprasanja\/\" \/>\n<meta property=\"og:locale\" content=\"sl_SI\" \/>\n<meta property=\"og:type\" content=\"article\" \/>\n<meta property=\"og:title\" content=\"Odgovori na najpogostej\u0161a vpra\u0161anja o na\u0161i spletni loterijski storitvi\" \/>\n<meta property=\"og:description\" content=\"\u017delite izvedeti ve\u010d o tem, kako deluje na\u0161a spletna storitev po\u0161iljanja loterijskih sre\u010dk? Odgovore na najpogostej\u0161a vpra\u0161anja najdete tukaj\" \/>\n<meta property=\"og:url\" content=\"https:\/\/onlinelotto365.com\/sl\/pogosta-vprasanja\/\" \/>\n<meta property=\"og:site_name\" content=\"OnlineLotto365\" \/>\n<meta name=\"twitter:card\" content=\"summary_large_image\" \/>\n<meta name=\"twitter:label1\" content=\"Est. reading time\" \/>\n\t<meta name=\"twitter:data1\" content=\"3 minute\" \/>\n<script type=\"application\/ld+json\" class=\"yoast-schema-graph\">{\"@context\":\"https:\/\/schema.org\",\"@graph\":[{\"@type\":\"WebPage\",\"@id\":\"https:\/\/onlinelotto365.com\/sl\/pogosta-vprasanja\/\",\"url\":\"https:\/\/onlinelotto365.com\/sl\/pogosta-vprasanja\/\",\"name\":\"Odgovori na najpogostej\u0161a vpra\u0161anja o na\u0161i spletni loterijski storitvi\",\"isPartOf\":{\"@id\":\"https:\/\/onlinelotto365.com\/sl\/#website\"},\"datePublished\":\"2023-10-03T12:15:18+00:00\",\"dateModified\":\"2023-10-03T12:15:18+00:00\",\"description\":\"\u017delite izvedeti ve\u010d o tem, kako deluje na\u0161a spletna storitev po\u0161iljanja loterijskih sre\u010dk? Odgovore na najpogostej\u0161a vpra\u0161anja najdete tukaj\",\"breadcrumb\":{\"@id\":\"https:\/\/onlinelotto365.com\/sl\/pogosta-vprasanja\/#breadcrumb\"},\"inLanguage\":\"sl-SI\",\"potentialAction\":[{\"@type\":\"ReadAction\",\"target\":[\"https:\/\/onlinelotto365.com\/sl\/pogosta-vprasanja\/\"]}]},{\"@type\":\"BreadcrumbList\",\"@id\":\"https:\/\/onlinelotto365.com\/sl\/pogosta-vprasanja\/#breadcrumb\",\"itemListElement\":[{\"@type\":\"ListItem\",\"position\":1,\"name\":\"Home\",\"item\":\"https:\/\/onlinelotto365.com\/sl\/\"},{\"@type\":\"ListItem\",\"position\":2,\"name\":\"POGOSTA VPRA\u0160ANJA\"}]},{\"@type\":\"WebSite\",\"@id\":\"https:\/\/onlinelotto365.com\/sl\/#website\",\"url\":\"https:\/\/onlinelotto365.com\/sl\/\",\"name\":\"OnlineLotto365\",\"description\":\"\",\"potentialAction\":[{\"@type\":\"SearchAction\",\"target\":{\"@type\":\"EntryPoint\",\"urlTemplate\":\"https:\/\/onlinelotto365.com\/sl\/?s={search_term_string}\"},\"query-input\":{\"@type\":\"PropertyValueSpecification\",\"valueRequired\":true,\"valueName\":\"search_term_string\"}}],\"inLanguage\":\"sl-SI\"}]}<\/script>\n<!-- \/ Yoast SEO plugin. -->","yoast_head_json":{"title":"Odgovori na najpogostej\u0161a vpra\u0161anja o na\u0161i spletni loterijski storitvi","description":"\u017delite izvedeti ve\u010d o tem, kako deluje na\u0161a spletna storitev po\u0161iljanja loterijskih sre\u010dk? Odgovore na najpogostej\u0161a vpra\u0161anja najdete tukaj","robots":{"index":"index","follow":"follow","max-snippet":"max-snippet:-1","max-image-preview":"max-image-preview:large","max-video-preview":"max-video-preview:-1"},"canonical":"https:\/\/onlinelotto365.com\/sl\/pogosta-vprasanja\/","og_locale":"sl_SI","og_type":"article","og_title":"Odgovori na najpogostej\u0161a vpra\u0161anja o na\u0161i spletni loterijski storitvi","og_description":"\u017delite izvedeti ve\u010d o tem, kako deluje na\u0161a spletna storitev po\u0161iljanja loterijskih sre\u010dk? Odgovore na najpogostej\u0161a vpra\u0161anja najdete tukaj","og_url":"https:\/\/onlinelotto365.com\/sl\/pogosta-vprasanja\/","og_site_name":"OnlineLotto365","twitter_card":"summary_large_image","twitter_misc":{"Est. reading time":"3 minute"},"schema":{"@context":"https:\/\/schema.org","@graph":[{"@type":"WebPage","@id":"https:\/\/onlinelotto365.com\/sl\/pogosta-vprasanja\/","url":"https:\/\/onlinelotto365.com\/sl\/pogosta-vprasanja\/","name":"Odgovori na najpogostej\u0161a vpra\u0161anja o na\u0161i spletni loterijski storitvi","isPartOf":{"@id":"https:\/\/onlinelotto365.com\/sl\/#website"},"datePublished":"2023-10-03T12:15:18+00:00","dateModified":"2023-10-03T12:15:18+00:00","description":"\u017delite izvedeti ve\u010d o tem, kako deluje na\u0161a spletna storitev po\u0161iljanja loterijskih sre\u010dk? Odgovore na najpogostej\u0161a vpra\u0161anja najdete tukaj","breadcrumb":{"@id":"https:\/\/onlinelotto365.com\/sl\/pogosta-vprasanja\/#breadcrumb"},"inLanguage":"sl-SI","potentialAction":[{"@type":"ReadAction","target":["https:\/\/onlinelotto365.com\/sl\/pogosta-vprasanja\/"]}]},{"@type":"BreadcrumbList","@id":"https:\/\/onlinelotto365.com\/sl\/pogosta-vprasanja\/#breadcrumb","itemListElement":[{"@type":"ListItem","position":1,"name":"Home","item":"https:\/\/onlinelotto365.com\/sl\/"},{"@type":"ListItem","position":2,"name":"POGOSTA VPRA\u0160ANJA"}]},{"@type":"WebSite","@id":"https:\/\/onlinelotto365.com\/sl\/#website","url":"https:\/\/onlinelotto365.com\/sl\/","name":"OnlineLotto365","description":"","potentialAction":[{"@type":"SearchAction","target":{"@type":"EntryPoint","urlTemplate":"https:\/\/onlinelotto365.com\/sl\/?s={search_term_string}"},"query-input":{"@type":"PropertyValueSpecification","valueRequired":true,"valueName":"search_term_string"}}],"inLanguage":"sl-SI"}]}},"_links":{"self":[{"href":"https:\/\/onlinelotto365.com\/sl\/wp-json\/wp\/v2\/pages\/84453","targetHints":{"allow":["GET"]}}],"collection":[{"href":"https:\/\/onlinelotto365.com\/sl\/wp-json\/wp\/v2\/pages"}],"about":[{"href":"https:\/\/onlinelotto365.com\/sl\/wp-json\/wp\/v2\/types\/page"}],"author":[{"embeddable":true,"href":"https:\/\/onlinelotto365.com\/sl\/wp-json\/wp\/v2\/users\/1"}],"replies":[{"embeddable":true,"href":"https:\/\/onlinelotto365.com\/sl\/wp-json\/wp\/v2\/comments?post=84453"}],"version-history":[{"count":0,"href":"https:\/\/onlinelotto365.com\/sl\/wp-json\/wp\/v2\/pages\/84453\/revisions"}],"wp:attachment":[{"href":"https:\/\/onlinelotto365.com\/sl\/wp-json\/wp\/v2\/media?parent=84453"}],"curies":[{"name":"wp","href":"https:\/\/api.w.org\/{rel}","templated":true}]}}