{"id":10684,"date":"2020-12-17T20:21:48","date_gmt":"2020-12-17T19:21:48","guid":{"rendered":"http:\/\/onlinelotto365.net\/?page_id=10684"},"modified":"2021-03-20T08:07:51","modified_gmt":"2021-03-20T07:07:51","slug":"powerball","status":"publish","type":"page","link":"https:\/\/onlinelotto365.com\/sr\/igrajte\/powerball\/","title":{"rendered":"Kako stanovnici Srbije mogu igrati Powerball onlajn?"},"content":{"rendered":"<p>Zapravo je veoma jednostavno igrati Powerball onlajn, cak iako ste u Srbiji. I takode je veoma udobno.<\/p>\n<p>Uverite ste da ste odabrali ispravnu lutriju, recimo Powerball. Onda odaberete svoje brojeve.<br \/>\n<a href=\"https:\/\/redfoxlotto.com\/play\/powerball\/?ref=a8564250a2&amp;medium=ol365\" target=\"_blank\" rel=\"noopener noreferrer\"><img loading=\"lazy\" decoding=\"async\" class=\"aligncenter\" src=\"https:\/\/redfoxlotto.com\/image?size=8&amp;lottery=powerball\" alt=\"powerball\" width=\"793\" height=\"98\" \/><\/a><\/p>\n<p>Takode postoji nacin koji mnogi igraci vole da koriste &#8211; funkcija brzog biranja. Sve \u0161to treba da uradite je da kliknete na dugme za brzo biranje i sajt ce nasumicno odabrati neke brojeve za Vas.<\/p>\n<p>Kada ste zavr\u0161ili sa biranjem brojeva za Powerball, mo\u017eete odabrati drugu lutriju, igrati jo\u0161 loto tiketa i dodati ih u Va\u0161u porud\u017ebinu. Kada ste zavr\u0161ili, kliknite na odjavu i bezbedno platite Va\u0161e tikete. Tom prilikom cete morati da napravite nalog kod nas. Naravno, takode mo\u017eete prvo napraviti nalog, a onda zapoceti proces porucivanja Va\u0161ih tiketa.<\/p>\n<p>Nakon \u0161to ste napravili nalog, Va\u0161a registracija na na\u0161em sajtu mora biti potvrdena. Poslacemo Vam e-poruku za potvrdu putem veze. Bilo bi mudro oznaciti na\u0161u adresu e-po\u0161te za po\u0161iljaoca od poverenja. Ovo osigurava da ce va\u017ene poruke kao \u0161to su obave\u0161tenja o dobicima zaista doci do Vas. To je jedna od prednosti igranja Powerball-a onlajn &#8211; nikada necete propustiti dobitak jer cemo Vas uvek o tome obavestiti.<\/p>\n<p>Na\u0161a usluga je zaista dovela igranje lutrije u 21. vek, i ovo je najkrupnija stvar koja se desila lutrijama od kada su tiketi prvi put iza\u0161lu u prodaju. Ukoliko ne iskoristite ovu onlajn uslugu, zaista propu\u0161tate svu izvanrednu akciju koja ceka na Vas.<\/p>\n<h2>O Powerball-u<\/h2>\n<p><img loading=\"lazy\" decoding=\"async\" class=\"size-medium wp-image-1521 alignright\" src=\"https:\/\/onlinelotto365.com\/wp-content\/uploads\/2020\/11\/online_lottery-133-300x212.jpg\" alt=\"powerball sad iz Srbije\" width=\"300\" height=\"212\" \/><\/p>\n<ul>\n<li>Zemlja: SAD<\/li>\n<li>Raspon glavnih brojeva: 69<\/li>\n<li>Trebate odabrati: 5<\/li>\n<li>Raspon dodatnih brojeva: 26<\/li>\n<li>Trebate odabrati: 1<\/li>\n<li>Dani, sati izvlacenja: sreda, subota, 21:00 EST, +1 dan 3:00 CET<\/li>\n<li>Minimalni d\u017eekpot: 40 miliona dolara<\/li>\n<li>D\u017eekpot je ogranicen na: nema ogranicenja<\/li>\n<li>\u0160anse za osvajanje Powerball d\u017eekpota: 1 u 175.223.510<\/li>\n<li>\u0160anse za osvajanje druge nagrade: 1 u 5.006.386<\/li>\n<li>\u0160anse za osvajanje bilo koje nagrade: 1 u 24,87<\/li>\n<li>Broj kategorija nagrada: 9<\/li>\n<\/ul>\n<h2>Najbolje osobine Powerball-a<\/h2>\n<p>Bez obzira koliko su Vam snovi veliki, Powerball Lotto ima moc ispunjenja svih njih, i jo\u0161 ponekih. Sa redovnim d\u017eekpotovima u vrednosti stotina milona dolara, ovo je definitivno ono \u0161to biste nazvali gigantskom sumom novca za osvajanje.<\/p>\n<p>Svaki put kada nema d\u017eekpot dobitnika, d\u017eekpot raste, cesto i do sto miliona, dvesta miliona i cak trista miliona ponekad. Mislim da bi se mnogi od nas slo\u017eili da bi cak i minimum od 40 miliona dolara bio dovoljan da pro\u017eivimo sve svoje fantazije, ali kada se radi o lutrijama, \u0161to vi\u0161e to bolje. Zato, ako ste kao vecina ljudi i volite da igrate na veliko, ovo je definitivno za Vas.<\/p>\n<h2>\u0160ta jo\u0161 treba da znate o igranju Powerball-a onlajn<\/h2>\n<p>Powerball nudi d\u017eekpot dobitnicima dva nacina za isplatu dobitaka. Mo\u017eete odabrati jednokratnu isplatu odmah, ili odabrati mnogo vi\u0161e novca primajuci 30 godi\u0161njih rata.<\/p>\n<h2>Kako proveriti Powerball rezultate iz Srbije<\/h2>\n<p>Postoji nekoliko nacina za proveru dobitnih brojeva i rezulata Powerball-a iz Srbije. Ali ukoliko ste igrali Powerball onlajn, najlak\u0161i nacin je da se vratite ovde gde ste kupili tiket. Na Va\u0161em nalogu cete moci da uporedite Va\u0161e brojeve sa brojevima iz poslednjeg izvlacenja. Takode cete dobiti poruku e-po\u0161te kada god jedan od Va\u0161ih tiketa osvoji ne\u0161to.<\/p>\n<h2>Igrali ste Powerball onlajn i dobili &#8211; \u0161ta se sledece de\u0161ava?<\/h2>\n<p>Na\u0161a usluga ukljucuje rukovanje isplatama umesto Vas. Ne morate brinuti o isplacivanju. A mi ne naplacujemo nikakvu proviziju na Va\u0161e dobitke.<\/p>\n","protected":false},"excerpt":{"rendered":"<p>Zapravo je veoma jednostavno igrati Powerball onlajn, cak iako ste u Srbiji. I takode je veoma udobno. Uverite ste da ste odabrali ispravnu lutriju, recimo Powerball. Onda odaberete svoje brojeve. Takode postoji nacin koji mnogi igraci vole da koriste &#8211; funkcija brzog biranja. Sve \u0161to treba da uradite je da kliknete na dugme za brzo [&hellip;]<\/p>\n","protected":false},"author":1,"featured_media":0,"parent":5035,"menu_order":1,"comment_status":"closed","ping_status":"closed","template":"powerball-usa.php","meta":{"_et_pb_use_builder":"","_et_pb_old_content":"","_et_gb_content_width":"","exclude_from_search":false,"footnotes":""},"class_list":["post-10684","page","type-page","status-publish","hentry"],"yoast_head":"<!-- This site is optimized with the Yoast SEO plugin v23.4 - https:\/\/yoast.com\/wordpress\/plugins\/seo\/ -->\n<title>Igrajte Powerball onlajn iz Srbije | Da li mogu pobediti u Powerball-u iz Srbije<\/title>\n<meta name=\"description\" content=\"Igrajte Powerball Lotto ovde - najvecu lutriju u SAD, dostupnu onlajn iz Srbije ili bilo koje druge zemlje\" \/>\n<meta name=\"robots\" content=\"index, follow, max-snippet:-1, max-image-preview:large, max-video-preview:-1\" \/>\n<link rel=\"canonical\" href=\"https:\/\/onlinelotto365.com\/sr\/igrajte\/powerball\/\" \/>\n<meta property=\"og:locale\" content=\"sr_RS\" \/>\n<meta property=\"og:type\" content=\"article\" \/>\n<meta property=\"og:title\" content=\"Igrajte Powerball onlajn iz Srbije | Da li mogu pobediti u Powerball-u iz Srbije\" \/>\n<meta property=\"og:description\" content=\"Igrajte Powerball Lotto ovde - najvecu lutriju u SAD, dostupnu onlajn iz Srbije ili bilo koje druge zemlje\" \/>\n<meta property=\"og:url\" content=\"https:\/\/onlinelotto365.com\/sr\/igrajte\/powerball\/\" \/>\n<meta property=\"og:site_name\" content=\"OnlineLotto365\" \/>\n<meta property=\"article:modified_time\" content=\"2021-03-20T07:07:51+00:00\" \/>\n<meta property=\"og:image\" content=\"https:\/\/redfoxlotto.com\/image?size=8&amp;lottery=powerball\" \/>\n<meta name=\"twitter:card\" content=\"summary_large_image\" \/>\n<meta name=\"twitter:label1\" content=\"\u041f\u0440\u043e\u0446\u0435\u045a\u0435\u043d\u043e \u0432\u0440\u0435\u043c\u0435 \u0447\u0438\u0442\u0430\u045a\u0430\" \/>\n\t<meta name=\"twitter:data1\" content=\"3 \u043c\u0438\u043d\u0443\u0442\u0430\" \/>\n<script type=\"application\/ld+json\" class=\"yoast-schema-graph\">{\"@context\":\"https:\/\/schema.org\",\"@graph\":[{\"@type\":\"WebPage\",\"@id\":\"https:\/\/onlinelotto365.com\/sr\/igrajte\/powerball\/\",\"url\":\"https:\/\/onlinelotto365.com\/sr\/igrajte\/powerball\/\",\"name\":\"Igrajte Powerball onlajn iz Srbije | Da li mogu pobediti u Powerball-u iz Srbije\",\"isPartOf\":{\"@id\":\"https:\/\/onlinelotto365.com\/sr\/#website\"},\"primaryImageOfPage\":{\"@id\":\"https:\/\/onlinelotto365.com\/sr\/igrajte\/powerball\/#primaryimage\"},\"image\":{\"@id\":\"https:\/\/onlinelotto365.com\/sr\/igrajte\/powerball\/#primaryimage\"},\"thumbnailUrl\":\"https:\/\/redfoxlotto.com\/image?size=8&amp;lottery=powerball\",\"datePublished\":\"2020-12-17T19:21:48+00:00\",\"dateModified\":\"2021-03-20T07:07:51+00:00\",\"description\":\"Igrajte Powerball Lotto ovde - najvecu lutriju u SAD, dostupnu onlajn iz Srbije ili bilo koje druge zemlje\",\"breadcrumb\":{\"@id\":\"https:\/\/onlinelotto365.com\/sr\/igrajte\/powerball\/#breadcrumb\"},\"inLanguage\":\"sr-RS\",\"potentialAction\":[{\"@type\":\"ReadAction\",\"target\":[\"https:\/\/onlinelotto365.com\/sr\/igrajte\/powerball\/\"]}]},{\"@type\":\"ImageObject\",\"inLanguage\":\"sr-RS\",\"@id\":\"https:\/\/onlinelotto365.com\/sr\/igrajte\/powerball\/#primaryimage\",\"url\":\"https:\/\/redfoxlotto.com\/image?size=8&amp;lottery=powerball\",\"contentUrl\":\"https:\/\/redfoxlotto.com\/image?size=8&amp;lottery=powerball\"},{\"@type\":\"BreadcrumbList\",\"@id\":\"https:\/\/onlinelotto365.com\/sr\/igrajte\/powerball\/#breadcrumb\",\"itemListElement\":[{\"@type\":\"ListItem\",\"position\":1,\"name\":\"Home\",\"item\":\"https:\/\/onlinelotto365.com\/sr\/\"},{\"@type\":\"ListItem\",\"position\":2,\"name\":\"Igrajte koji god loto po\u017eelite, bez obzira gde \u017eivite\",\"item\":\"https:\/\/onlinelotto365.com\/sr\/play\/\"},{\"@type\":\"ListItem\",\"position\":3,\"name\":\"Kako stanovnici Srbije mogu igrati Powerball onlajn?\"}]},{\"@type\":\"WebSite\",\"@id\":\"https:\/\/onlinelotto365.com\/sr\/#website\",\"url\":\"https:\/\/onlinelotto365.com\/sr\/\",\"name\":\"OnlineLotto365\",\"description\":\"\",\"potentialAction\":[{\"@type\":\"SearchAction\",\"target\":{\"@type\":\"EntryPoint\",\"urlTemplate\":\"https:\/\/onlinelotto365.com\/sr\/?s={search_term_string}\"},\"query-input\":{\"@type\":\"PropertyValueSpecification\",\"valueRequired\":true,\"valueName\":\"search_term_string\"}}],\"inLanguage\":\"sr-RS\"}]}<\/script>\n<!-- \/ Yoast SEO plugin. -->","yoast_head_json":{"title":"Igrajte Powerball onlajn iz Srbije | Da li mogu pobediti u Powerball-u iz Srbije","description":"Igrajte Powerball Lotto ovde - najvecu lutriju u SAD, dostupnu onlajn iz Srbije ili bilo koje druge zemlje","robots":{"index":"index","follow":"follow","max-snippet":"max-snippet:-1","max-image-preview":"max-image-preview:large","max-video-preview":"max-video-preview:-1"},"canonical":"https:\/\/onlinelotto365.com\/sr\/igrajte\/powerball\/","og_locale":"sr_RS","og_type":"article","og_title":"Igrajte Powerball onlajn iz Srbije | Da li mogu pobediti u Powerball-u iz Srbije","og_description":"Igrajte Powerball Lotto ovde - najvecu lutriju u SAD, dostupnu onlajn iz Srbije ili bilo koje druge zemlje","og_url":"https:\/\/onlinelotto365.com\/sr\/igrajte\/powerball\/","og_site_name":"OnlineLotto365","article_modified_time":"2021-03-20T07:07:51+00:00","og_image":[{"url":"https:\/\/redfoxlotto.com\/image?size=8&amp;lottery=powerball"}],"twitter_card":"summary_large_image","twitter_misc":{"\u041f\u0440\u043e\u0446\u0435\u045a\u0435\u043d\u043e \u0432\u0440\u0435\u043c\u0435 \u0447\u0438\u0442\u0430\u045a\u0430":"3 \u043c\u0438\u043d\u0443\u0442\u0430"},"schema":{"@context":"https:\/\/schema.org","@graph":[{"@type":"WebPage","@id":"https:\/\/onlinelotto365.com\/sr\/igrajte\/powerball\/","url":"https:\/\/onlinelotto365.com\/sr\/igrajte\/powerball\/","name":"Igrajte Powerball onlajn iz Srbije | Da li mogu pobediti u Powerball-u iz Srbije","isPartOf":{"@id":"https:\/\/onlinelotto365.com\/sr\/#website"},"primaryImageOfPage":{"@id":"https:\/\/onlinelotto365.com\/sr\/igrajte\/powerball\/#primaryimage"},"image":{"@id":"https:\/\/onlinelotto365.com\/sr\/igrajte\/powerball\/#primaryimage"},"thumbnailUrl":"https:\/\/redfoxlotto.com\/image?size=8&amp;lottery=powerball","datePublished":"2020-12-17T19:21:48+00:00","dateModified":"2021-03-20T07:07:51+00:00","description":"Igrajte Powerball Lotto ovde - najvecu lutriju u SAD, dostupnu onlajn iz Srbije ili bilo koje druge zemlje","breadcrumb":{"@id":"https:\/\/onlinelotto365.com\/sr\/igrajte\/powerball\/#breadcrumb"},"inLanguage":"sr-RS","potentialAction":[{"@type":"ReadAction","target":["https:\/\/onlinelotto365.com\/sr\/igrajte\/powerball\/"]}]},{"@type":"ImageObject","inLanguage":"sr-RS","@id":"https:\/\/onlinelotto365.com\/sr\/igrajte\/powerball\/#primaryimage","url":"https:\/\/redfoxlotto.com\/image?size=8&amp;lottery=powerball","contentUrl":"https:\/\/redfoxlotto.com\/image?size=8&amp;lottery=powerball"},{"@type":"BreadcrumbList","@id":"https:\/\/onlinelotto365.com\/sr\/igrajte\/powerball\/#breadcrumb","itemListElement":[{"@type":"ListItem","position":1,"name":"Home","item":"https:\/\/onlinelotto365.com\/sr\/"},{"@type":"ListItem","position":2,"name":"Igrajte koji god loto po\u017eelite, bez obzira gde \u017eivite","item":"https:\/\/onlinelotto365.com\/sr\/play\/"},{"@type":"ListItem","position":3,"name":"Kako stanovnici Srbije mogu igrati Powerball onlajn?"}]},{"@type":"WebSite","@id":"https:\/\/onlinelotto365.com\/sr\/#website","url":"https:\/\/onlinelotto365.com\/sr\/","name":"OnlineLotto365","description":"","potentialAction":[{"@type":"SearchAction","target":{"@type":"EntryPoint","urlTemplate":"https:\/\/onlinelotto365.com\/sr\/?s={search_term_string}"},"query-input":{"@type":"PropertyValueSpecification","valueRequired":true,"valueName":"search_term_string"}}],"inLanguage":"sr-RS"}]}},"_links":{"self":[{"href":"https:\/\/onlinelotto365.com\/sr\/wp-json\/wp\/v2\/pages\/10684","targetHints":{"allow":["GET"]}}],"collection":[{"href":"https:\/\/onlinelotto365.com\/sr\/wp-json\/wp\/v2\/pages"}],"about":[{"href":"https:\/\/onlinelotto365.com\/sr\/wp-json\/wp\/v2\/types\/page"}],"author":[{"embeddable":true,"href":"https:\/\/onlinelotto365.com\/sr\/wp-json\/wp\/v2\/users\/1"}],"replies":[{"embeddable":true,"href":"https:\/\/onlinelotto365.com\/sr\/wp-json\/wp\/v2\/comments?post=10684"}],"version-history":[{"count":0,"href":"https:\/\/onlinelotto365.com\/sr\/wp-json\/wp\/v2\/pages\/10684\/revisions"}],"up":[{"embeddable":true,"href":"https:\/\/onlinelotto365.com\/sr\/wp-json\/wp\/v2\/pages\/5035"}],"wp:attachment":[{"href":"https:\/\/onlinelotto365.com\/sr\/wp-json\/wp\/v2\/media?parent=10684"}],"curies":[{"name":"wp","href":"https:\/\/api.w.org\/{rel}","templated":true}]}}