{"id":10686,"date":"2020-12-17T20:23:18","date_gmt":"2020-12-17T19:23:18","guid":{"rendered":"http:\/\/onlinelotto365.net\/?page_id=10686"},"modified":"2021-03-20T08:06:56","modified_gmt":"2021-03-20T07:06:56","slug":"mega-millions","status":"publish","type":"page","link":"https:\/\/onlinelotto365.com\/sr\/igrajte\/mega-millions\/","title":{"rendered":"Mega Millions onlajn"},"content":{"rendered":"<h2>O Mega Millions-u<\/h2>\n<p>Ovo je verovatno najpoznatija lutrija na svetu. Pru\u017ea loto entuzijastima iz Srbije priliku da igraju Mega Millions onlajn poma\u017ee igra\u010dima da ostvare san. Ukoliko \u017eivite u Srbiji, i dalje mo\u017eete igrati Mega Millions sa onlajn tiketom. Na\u0161a usluga je potpuno legalna i dajemo Vam \u0161ansu da u\u010destvujete u ovoj mega-lutriji iz SAD.<br \/>\n<a href=\"https:\/\/redfoxlotto.com\/play\/mega-millions\/?ref=a8564250a2&amp;medium=ol365\" target=\"_blank\" rel=\"noopener noreferrer\"><img decoding=\"async\" class=\"aligncenter\" src=\"https:\/\/redfoxlotto.com\/image?size=8&amp;lottery=mega-millions\" alt=\"mega millions\" \/><\/a><\/p>\n<ul>\n<li>Zemlja: SAD<\/li>\n<li>Raspon glavnih brojeva: 70<\/li>\n<li>Trebate odabrati: 5<\/li>\n<li>Raspon dodatnih brojeva: 25<\/li>\n<li>Trebate odabrati: 1<\/li>\n<li>Dani, sati izvla\u010denja: utorak, petak, , 21:00 EST &#8211; +1 dan 3:00 CET<\/li>\n<li>Mega Millions d\u017eekpot kre\u0107e od: 40 miliona dolara<\/li>\n<li>Mega Millions d\u017eekpot je ograni\u010den na: nema ograni\u010denja<\/li>\n<li>\u0160anse za osvajanje d\u017eekpota: 1 u 175711536<\/li>\n<li>\u0160anse za osvajanje druge nagrade: 1 u 3819816<\/li>\n<li>\u0160anse za osvajanje bilo koje nagrade: 1 u 24,12<\/li>\n<li>Broj kategorija nagrada: 9<\/li>\n<\/ul>\n<h2>Najbolje osobine Mega Millions-a<\/h2>\n<p><img loading=\"lazy\" decoding=\"async\" class=\"alignright wp-image-1026\" src=\"https:\/\/onlinelotto365.com\/wp-content\/uploads\/2020\/11\/online_lottery-85.jpg\" alt=\"igrajte mega millions onlajn\" width=\"189\" height=\"162\" \/><\/p>\n<p>Glavna atrakcija Mega Millions-a je, naravno, veli\u010dina d\u017eekpota. Mega Millions d\u017eekpot ne mo\u017ee nikada biti manji od 40 miliona dolara. Svaki put kada neko osvoji d\u017eekpot, po\u010dinje novi od minimalne sume od 40 milona dolara. Uz dva izvla\u010denja nedeljno, Mega Millions d\u017eekpot raste prili\u010dno brzo. u SAD milioni ljudi igra Mega Millions nedelju za nedeljom i mnogi ljudi iz drugih zemalja kao \u0161to je Srbija tako\u0111e igraju Mega Millions onlajn.<\/p>\n<p>Dakle normalno je za Mega Millions d\u017eekpot da raste za 10 miliona dolara nakon svakog izvla\u010denja (osim ukoliko ga neko ne osvoji). To \u010dini oko 20 miliona dolara nedeljno po\u0161to ima 2 izvla\u010denja nedeljno.<\/p>\n<p>A kada d\u017eekpot preraste 100 miliona dolara, jo\u0161 vi\u0161e tiketa se proda i u loto prodavnicama i onlajn igra\u010dima. U mnogo slu\u010dajeva, d\u017eekpot dosti\u017ee sume od vi\u0161e od 400 miliona dolara. I od tog trenutka je nedeljni rast od 100 miliona dolara normalan, zbog eksplozije u prodaji tiketa. Trenutni rekord d\u017eekpota iznosti 1500 miliona dolara (da, 1,5 milijardi!).<\/p>\n<h2>Kako proveriti Mega Millions rezultate<\/h2>\n<p><img loading=\"lazy\" decoding=\"async\" class=\"alignright size-full wp-image-1103\" src=\"https:\/\/onlinelotto365.com\/wp-content\/uploads\/2020\/11\/online_lottery-93.jpg\" alt=\"mega millions Srbija\" width=\"212\" height=\"142\" \/><br \/>\nUkoliko \u017eivite u Srbiji, ili u bilo kojoj drugoj zemlji van SAD, onda verovatno ne\u0107ete mo\u0107i da saznate pobedni\u010dke brojeve sa Va\u0161eg lokalnog radija ili tv kanala. Mo\u017eete posetiti zvani\u010dni sajt Mega Millions-a, ali postoji jedno mnogo br\u017ee re\u0161enje za Vas. Samo do\u0111ite ponovo na na\u0161 sajt i pogledajte na\u0161u stranicu za rezltatima. Ovde objavljujemo rezlutate za sve lutrije.<\/p>\n<p>Tako\u0111e \u0107emo Vam poslati e-poruku sa obave\u0161tenjem o dobitku &#8211; ukoliko ste igrali onlajn i imate tiket za Mega Millions na Va\u0161em nalogu.<\/p>\n<p>Tako\u0111e mo\u017eete potvrditi Va\u0161e li\u010dne rezultate lutrije na Va\u0161em nalogu. Kada ste odigrali Mega Millions onlajn na na\u0161em sajtu, tiket ili tiketi koje ste odigrali se \u010duvaju na Va\u0161em nalogu. A nakon izvla\u010denja se mo\u017eete vratiti i odmah uporediti Va\u0161 Mega Millions tiket sa poslednjim dobitnim brojevima.<\/p>\n<h2>Igrali ste Mega Millions onlajn i dobili &#8211; \u0161ta se dalje de\u0161ava?<\/h2>\n<p>Ukoliko ste osvojili ve\u0107u nagradu, na\u0161 tim za podr\u0161ku \u0107e Vam poslati poruku sa uputstvima za nastavak. zatim \u0107ete morati da popunite obrazac koji Vam budemo dali. Na\u0161 uslu\u017eni tim \u0107e poslati Va\u0161 obrazac lutrijskoj komisiji. Obrazac \u0107e tako\u0111e sadr\u017eati informaciju o Va\u0161em bankovnom ra\u010dunu ili Va\u0161oj fizi\u010dkoj adresi u Srbiji (ili gde god da \u017eivite), kao i Va\u0161u \u017eelju povodom na\u010dina isplate koju budete definisali u tom obrascu. U roku od nekoliko dana \u0107ete dobiti svoj novac na na\u010din koji ste odabrali.<\/p>\n<p>A ukoliko osvojite manju sumu novca (do 2500\u20ac, da budemo precizni), isplata \u0107e odmah biti deponovana na Va\u0161 nalog &#8211; samo proverite Va\u0161e stanje. Nakon toga mo\u017eete odlu\u010diti da li \u017eelite da ostavite sredstva tu ili da ih koristite za nastavak igranja jo\u0161 lutrija (ili Mega Millions-a) onlajn, ili pak mo\u017eete pokrenuti proces povla\u010denja.<\/p>\n","protected":false},"excerpt":{"rendered":"<p>O Mega Millions-u Ovo je verovatno najpoznatija lutrija na svetu. Pru\u017ea loto entuzijastima iz Srbije priliku da igraju Mega Millions onlajn poma\u017ee igra\u010dima da ostvare san. Ukoliko \u017eivite u Srbiji, i dalje mo\u017eete igrati Mega Millions sa onlajn tiketom. Na\u0161a usluga je potpuno legalna i dajemo Vam \u0161ansu da u\u010destvujete u ovoj mega-lutriji iz SAD. [&hellip;]<\/p>\n","protected":false},"author":1,"featured_media":0,"parent":5035,"menu_order":2,"comment_status":"closed","ping_status":"closed","template":"megamillion.php","meta":{"_et_pb_use_builder":"","_et_pb_old_content":"","_et_gb_content_width":"","exclude_from_search":false,"footnotes":""},"class_list":["post-10686","page","type-page","status-publish","hentry"],"yoast_head":"<!-- This site is optimized with the Yoast SEO plugin v23.4 - https:\/\/yoast.com\/wordpress\/plugins\/seo\/ -->\n<title>Igrajte Mega Millions USA onlajn | Kako dr\u017eavljani Srbije mogu legalno u\u010destvovati u Mega Millions-u<\/title>\n<meta name=\"description\" content=\"Sada i Vi mo\u017eete igrati Mega Millions - na\u0161 onlajn servis Vam omogu\u0107ava da dobijete Mega Millions tikete iz Srbije\" \/>\n<meta name=\"robots\" content=\"index, follow, max-snippet:-1, max-image-preview:large, max-video-preview:-1\" \/>\n<link rel=\"canonical\" href=\"https:\/\/onlinelotto365.com\/sr\/igrajte\/mega-millions\/\" \/>\n<meta property=\"og:locale\" content=\"sr_RS\" \/>\n<meta property=\"og:type\" content=\"article\" \/>\n<meta property=\"og:title\" content=\"Igrajte Mega Millions USA onlajn | Kako dr\u017eavljani Srbije mogu legalno u\u010destvovati u Mega Millions-u\" \/>\n<meta property=\"og:description\" content=\"Sada i Vi mo\u017eete igrati Mega Millions - na\u0161 onlajn servis Vam omogu\u0107ava da dobijete Mega Millions tikete iz Srbije\" \/>\n<meta property=\"og:url\" content=\"https:\/\/onlinelotto365.com\/sr\/igrajte\/mega-millions\/\" \/>\n<meta property=\"og:site_name\" content=\"OnlineLotto365\" \/>\n<meta property=\"article:modified_time\" content=\"2021-03-20T07:06:56+00:00\" \/>\n<meta property=\"og:image\" content=\"https:\/\/redfoxlotto.com\/image?size=8&amp;lottery=mega-millions\" \/>\n<meta name=\"twitter:card\" content=\"summary_large_image\" \/>\n<meta name=\"twitter:label1\" content=\"\u041f\u0440\u043e\u0446\u0435\u045a\u0435\u043d\u043e \u0432\u0440\u0435\u043c\u0435 \u0447\u0438\u0442\u0430\u045a\u0430\" \/>\n\t<meta name=\"twitter:data1\" content=\"4 \u043c\u0438\u043d\u0443\u0442\u0430\" \/>\n<script type=\"application\/ld+json\" class=\"yoast-schema-graph\">{\"@context\":\"https:\/\/schema.org\",\"@graph\":[{\"@type\":\"WebPage\",\"@id\":\"https:\/\/onlinelotto365.com\/sr\/igrajte\/mega-millions\/\",\"url\":\"https:\/\/onlinelotto365.com\/sr\/igrajte\/mega-millions\/\",\"name\":\"Igrajte Mega Millions USA onlajn | Kako dr\u017eavljani Srbije mogu legalno u\u010destvovati u Mega Millions-u\",\"isPartOf\":{\"@id\":\"https:\/\/onlinelotto365.com\/sr\/#website\"},\"primaryImageOfPage\":{\"@id\":\"https:\/\/onlinelotto365.com\/sr\/igrajte\/mega-millions\/#primaryimage\"},\"image\":{\"@id\":\"https:\/\/onlinelotto365.com\/sr\/igrajte\/mega-millions\/#primaryimage\"},\"thumbnailUrl\":\"https:\/\/redfoxlotto.com\/image?size=8&amp;lottery=mega-millions\",\"datePublished\":\"2020-12-17T19:23:18+00:00\",\"dateModified\":\"2021-03-20T07:06:56+00:00\",\"description\":\"Sada i Vi mo\u017eete igrati Mega Millions - na\u0161 onlajn servis Vam omogu\u0107ava da dobijete Mega Millions tikete iz Srbije\",\"breadcrumb\":{\"@id\":\"https:\/\/onlinelotto365.com\/sr\/igrajte\/mega-millions\/#breadcrumb\"},\"inLanguage\":\"sr-RS\",\"potentialAction\":[{\"@type\":\"ReadAction\",\"target\":[\"https:\/\/onlinelotto365.com\/sr\/igrajte\/mega-millions\/\"]}]},{\"@type\":\"ImageObject\",\"inLanguage\":\"sr-RS\",\"@id\":\"https:\/\/onlinelotto365.com\/sr\/igrajte\/mega-millions\/#primaryimage\",\"url\":\"https:\/\/redfoxlotto.com\/image?size=8&amp;lottery=mega-millions\",\"contentUrl\":\"https:\/\/redfoxlotto.com\/image?size=8&amp;lottery=mega-millions\"},{\"@type\":\"BreadcrumbList\",\"@id\":\"https:\/\/onlinelotto365.com\/sr\/igrajte\/mega-millions\/#breadcrumb\",\"itemListElement\":[{\"@type\":\"ListItem\",\"position\":1,\"name\":\"Home\",\"item\":\"https:\/\/onlinelotto365.com\/sr\/\"},{\"@type\":\"ListItem\",\"position\":2,\"name\":\"Igrajte koji god loto po\u017eelite, bez obzira gde \u017eivite\",\"item\":\"https:\/\/onlinelotto365.com\/sr\/play\/\"},{\"@type\":\"ListItem\",\"position\":3,\"name\":\"Mega Millions onlajn\"}]},{\"@type\":\"WebSite\",\"@id\":\"https:\/\/onlinelotto365.com\/sr\/#website\",\"url\":\"https:\/\/onlinelotto365.com\/sr\/\",\"name\":\"OnlineLotto365\",\"description\":\"\",\"potentialAction\":[{\"@type\":\"SearchAction\",\"target\":{\"@type\":\"EntryPoint\",\"urlTemplate\":\"https:\/\/onlinelotto365.com\/sr\/?s={search_term_string}\"},\"query-input\":{\"@type\":\"PropertyValueSpecification\",\"valueRequired\":true,\"valueName\":\"search_term_string\"}}],\"inLanguage\":\"sr-RS\"}]}<\/script>\n<!-- \/ Yoast SEO plugin. -->","yoast_head_json":{"title":"Igrajte Mega Millions USA onlajn | Kako dr\u017eavljani Srbije mogu legalno u\u010destvovati u Mega Millions-u","description":"Sada i Vi mo\u017eete igrati Mega Millions - na\u0161 onlajn servis Vam omogu\u0107ava da dobijete Mega Millions tikete iz Srbije","robots":{"index":"index","follow":"follow","max-snippet":"max-snippet:-1","max-image-preview":"max-image-preview:large","max-video-preview":"max-video-preview:-1"},"canonical":"https:\/\/onlinelotto365.com\/sr\/igrajte\/mega-millions\/","og_locale":"sr_RS","og_type":"article","og_title":"Igrajte Mega Millions USA onlajn | Kako dr\u017eavljani Srbije mogu legalno u\u010destvovati u Mega Millions-u","og_description":"Sada i Vi mo\u017eete igrati Mega Millions - na\u0161 onlajn servis Vam omogu\u0107ava da dobijete Mega Millions tikete iz Srbije","og_url":"https:\/\/onlinelotto365.com\/sr\/igrajte\/mega-millions\/","og_site_name":"OnlineLotto365","article_modified_time":"2021-03-20T07:06:56+00:00","og_image":[{"url":"https:\/\/redfoxlotto.com\/image?size=8&amp;lottery=mega-millions"}],"twitter_card":"summary_large_image","twitter_misc":{"\u041f\u0440\u043e\u0446\u0435\u045a\u0435\u043d\u043e \u0432\u0440\u0435\u043c\u0435 \u0447\u0438\u0442\u0430\u045a\u0430":"4 \u043c\u0438\u043d\u0443\u0442\u0430"},"schema":{"@context":"https:\/\/schema.org","@graph":[{"@type":"WebPage","@id":"https:\/\/onlinelotto365.com\/sr\/igrajte\/mega-millions\/","url":"https:\/\/onlinelotto365.com\/sr\/igrajte\/mega-millions\/","name":"Igrajte Mega Millions USA onlajn | Kako dr\u017eavljani Srbije mogu legalno u\u010destvovati u Mega Millions-u","isPartOf":{"@id":"https:\/\/onlinelotto365.com\/sr\/#website"},"primaryImageOfPage":{"@id":"https:\/\/onlinelotto365.com\/sr\/igrajte\/mega-millions\/#primaryimage"},"image":{"@id":"https:\/\/onlinelotto365.com\/sr\/igrajte\/mega-millions\/#primaryimage"},"thumbnailUrl":"https:\/\/redfoxlotto.com\/image?size=8&amp;lottery=mega-millions","datePublished":"2020-12-17T19:23:18+00:00","dateModified":"2021-03-20T07:06:56+00:00","description":"Sada i Vi mo\u017eete igrati Mega Millions - na\u0161 onlajn servis Vam omogu\u0107ava da dobijete Mega Millions tikete iz Srbije","breadcrumb":{"@id":"https:\/\/onlinelotto365.com\/sr\/igrajte\/mega-millions\/#breadcrumb"},"inLanguage":"sr-RS","potentialAction":[{"@type":"ReadAction","target":["https:\/\/onlinelotto365.com\/sr\/igrajte\/mega-millions\/"]}]},{"@type":"ImageObject","inLanguage":"sr-RS","@id":"https:\/\/onlinelotto365.com\/sr\/igrajte\/mega-millions\/#primaryimage","url":"https:\/\/redfoxlotto.com\/image?size=8&amp;lottery=mega-millions","contentUrl":"https:\/\/redfoxlotto.com\/image?size=8&amp;lottery=mega-millions"},{"@type":"BreadcrumbList","@id":"https:\/\/onlinelotto365.com\/sr\/igrajte\/mega-millions\/#breadcrumb","itemListElement":[{"@type":"ListItem","position":1,"name":"Home","item":"https:\/\/onlinelotto365.com\/sr\/"},{"@type":"ListItem","position":2,"name":"Igrajte koji god loto po\u017eelite, bez obzira gde \u017eivite","item":"https:\/\/onlinelotto365.com\/sr\/play\/"},{"@type":"ListItem","position":3,"name":"Mega Millions onlajn"}]},{"@type":"WebSite","@id":"https:\/\/onlinelotto365.com\/sr\/#website","url":"https:\/\/onlinelotto365.com\/sr\/","name":"OnlineLotto365","description":"","potentialAction":[{"@type":"SearchAction","target":{"@type":"EntryPoint","urlTemplate":"https:\/\/onlinelotto365.com\/sr\/?s={search_term_string}"},"query-input":{"@type":"PropertyValueSpecification","valueRequired":true,"valueName":"search_term_string"}}],"inLanguage":"sr-RS"}]}},"_links":{"self":[{"href":"https:\/\/onlinelotto365.com\/sr\/wp-json\/wp\/v2\/pages\/10686","targetHints":{"allow":["GET"]}}],"collection":[{"href":"https:\/\/onlinelotto365.com\/sr\/wp-json\/wp\/v2\/pages"}],"about":[{"href":"https:\/\/onlinelotto365.com\/sr\/wp-json\/wp\/v2\/types\/page"}],"author":[{"embeddable":true,"href":"https:\/\/onlinelotto365.com\/sr\/wp-json\/wp\/v2\/users\/1"}],"replies":[{"embeddable":true,"href":"https:\/\/onlinelotto365.com\/sr\/wp-json\/wp\/v2\/comments?post=10686"}],"version-history":[{"count":0,"href":"https:\/\/onlinelotto365.com\/sr\/wp-json\/wp\/v2\/pages\/10686\/revisions"}],"up":[{"embeddable":true,"href":"https:\/\/onlinelotto365.com\/sr\/wp-json\/wp\/v2\/pages\/5035"}],"wp:attachment":[{"href":"https:\/\/onlinelotto365.com\/sr\/wp-json\/wp\/v2\/media?parent=10686"}],"curies":[{"name":"wp","href":"https:\/\/api.w.org\/{rel}","templated":true}]}}