{"id":10689,"date":"2020-12-17T20:26:17","date_gmt":"2020-12-17T19:26:17","guid":{"rendered":"http:\/\/onlinelotto365.net\/?page_id=10689"},"modified":"2021-03-06T17:31:15","modified_gmt":"2021-03-06T16:31:15","slug":"euromillions","status":"publish","type":"page","link":"https:\/\/onlinelotto365.com\/sr\/igrajte\/euromillions\/","title":{"rendered":"Vi\u0161e lutrija za loto igra\u010de iz Srbije"},"content":{"rendered":"<p>Da vam samo lokalna lutrija ne mo\u017ee biti privla\u010dna? U vama su u Srbiji, lutrije kao \u0161to su Euromillions sigurno izgledaju mnogo atraktivnije. Kao gra\u0111anin Srbije mo\u017eda niste mogli da dobijete kartu za te lutrije. Ali \u010dekajte &#8211; sada postoji re\u0161enje!<\/p>\n<h2>RedFoxLotto vam daje pristup Euromillions<\/h2>\n<p><a href=\"https:\/\/redfoxlotto.com\/sr\/?ref=A8564250A2&amp;medium=ol365\" target=\"_blank\" rel=\"noopener\">Ako posetite RedFoxLotto.com klikom na ovaj link<\/a>, prva stvar koju vidite je lista raznih me\u0111unarodnih lutrija. Lista je poredana po veli\u010dini d\u017eekpota. Mo\u017eete pronac\u0301i Euromillions i kliknuti na njih, ili ako vidite drugu lutriju sa jo\u0161 vi\u0161im jackpotom, slobodno izaberite tu. Zatim birajte brojeve. Ne brinite ako ne znate koliko brojeva morate kliknuti. Sajt c\u0301e vam rec\u0301i ako vam nedostaje broj. Naravno, mo\u017eete dodati jo\u0161 ulaznica, a mo\u017eete \u010dak i igrati vi\u0161e lutrija. Zatim registrujete nalog na RedFoxlotto.<\/p>\n<p><a href=\"https:\/\/redfoxlotto.com\/play\/euromillions\/?ref=a8564250a2&amp;medium=ol365\" target=\"_blank\" rel=\"noopener noreferrer\"><img loading=\"lazy\" decoding=\"async\" class=\"aligncenter\" src=\"https:\/\/redfoxlotto.com\/image?size=8&amp;lottery=euromillions\" alt=\"Euromillions\" width=\"720\" height=\"90\" \/><\/a><\/p>\n<h2>Vi\u0161e informacija o Euromillions-u<\/h2>\n<ul>\n<li>Lutrija se odr\u017eava u raznim evropskim zemljama<\/li>\n<li>Koliko glavnih brojeva mo\u017eete izabrati: 50<\/li>\n<li>Morate da izaberete: 5<\/li>\n<li>Koliko dodatnih brojeva mo\u017eete izabrati: 12<\/li>\n<li>Morate da izaberete: 2<\/li>\n<li>Izvla\u010denje dana, sati: utorak, petak 19:30 GMT &#8211; 20:30 CET<\/li>\n<li>Minimalni d\u017eekpot: 17 miliona evra<\/li>\n<li>Maksimalni iznos d\u017eekpota: 190 miliona evra<\/li>\n<li>Moguc\u0301a kombinacija brojeva za dobitak u d\u017eekpotu: 1 na 186.450.880<\/li>\n<li>Moguc\u0301a kombinacija brojeva za pobedu drugog nivoa: 1 u 2.118.760<\/li>\n<li>Verovatnoc\u0301a pobede na bilo kom nivou: 1 na 12,98<\/li>\n<li>Koliko nivoa nagrada: 13<\/li>\n<li>Specijalni izvla\u010denja za Euromillions: tri puta godi\u0161nje, d\u017eekpot je postavljen na 140 miliona evra<\/li>\n<\/ul>\n<p><img loading=\"lazy\" decoding=\"async\" class=\"alignright wp-image-1873\" style=\"font-size: 16px; font-weight: inherit;\" src=\"https:\/\/onlinelotto365.com\/wp-content\/uploads\/2020\/11\/online_lottery-167-300x197.jpg\" alt=\"igrajte euromillions online\" width=\"224\" height=\"148\" \/><br \/>\nMorate potvrditi svoju adresu e-po\u0161te &#8211; samo pratite uputstva na ekranu. Plac\u0301anje je dovoljno lako. Postoji mno\u0161tvo opcija kao \u0161to su Skrill, kreditna kartica ili bankovni transfer. Kada platite, ulaznica c\u0301e se pojaviti na va\u0161em ra\u010dunu. Mo\u017eete da vidite svoje brojeve, a nakon \u0161to su izvu\u010deni brojevi za va\u0161e lutrije, na va\u0161em ra\u010dunu c\u0301e tako\u0111e biti prikazani i izvu\u010deni brojevi pored broja koji ste izabrali. Pobjedni\u010dki brojevi su istaknuti tako da mo\u017eete brzo vidjeti da li su va\u0161e karte dobile ne\u0161to ili ne.<\/p>\n<h2>Vi\u0161e lutrija koje mo\u017eete izabrati za loto fanove iz Srbije<\/h2>\n<p>Pored Euromillions-a, preporu\u010dujemo da proverite velike ameri\u010dke lutrije Poverball i Mega Millions. Njihovi d\u017eekpotovi su \u010desto mnogo vec\u0301i, a iznose preko 300 miliona dolara su \u010deste. Ali tu je i italijanski Superenalotto. Najbolje \u0161to mo\u017eete da uradite je da uporedite d\u017eekpotove pre igranja. Uvek ide za lutriju sa najvec\u0301im jackpotom je svakako strategija koja ima smisla sa ekonomskog stanovi\u0161ta! Ne dopustite da vas \u010dinjenica da \u017eivite u Srbiji spre\u010dava da igrate Euromillions &#8211; igrajte online danas!<\/p>\n","protected":false},"excerpt":{"rendered":"<p>Da vam samo lokalna lutrija ne mo\u017ee biti privla\u010dna? U vama su u Srbiji, lutrije kao \u0161to su Euromillions sigurno izgledaju mnogo atraktivnije. Kao gra\u0111anin Srbije mo\u017eda niste mogli da dobijete kartu za te lutrije. Ali \u010dekajte &#8211; sada postoji re\u0161enje! RedFoxLotto vam daje pristup Euromillions Ako posetite RedFoxLotto.com klikom na ovaj link, prva stvar [&hellip;]<\/p>\n","protected":false},"author":1,"featured_media":0,"parent":5035,"menu_order":3,"comment_status":"closed","ping_status":"closed","template":"euromillions.php","meta":{"_et_pb_use_builder":"","_et_pb_old_content":"","_et_gb_content_width":"","exclude_from_search":false,"footnotes":""},"class_list":["post-10689","page","type-page","status-publish","hentry"],"yoast_head":"<!-- This site is optimized with the Yoast SEO plugin v23.4 - https:\/\/yoast.com\/wordpress\/plugins\/seo\/ -->\n<title>Mogu li gra\u0111ani Srbije u\u010destvovati u Euromillionu ?<\/title>\n<meta name=\"description\" content=\"Igrajte EuroMillions Lotto, uz onlajn ulaznicu, \u010dak i iz Srbije.\" \/>\n<meta name=\"robots\" content=\"index, follow, max-snippet:-1, max-image-preview:large, max-video-preview:-1\" \/>\n<link rel=\"canonical\" href=\"https:\/\/onlinelotto365.com\/sr\/igrajte\/euromillions\/\" \/>\n<meta property=\"og:locale\" content=\"sr_RS\" \/>\n<meta property=\"og:type\" content=\"article\" \/>\n<meta property=\"og:title\" content=\"Mogu li gra\u0111ani Srbije u\u010destvovati u Euromillionu ?\" \/>\n<meta property=\"og:description\" content=\"Igrajte EuroMillions Lotto, uz onlajn ulaznicu, \u010dak i iz Srbije.\" \/>\n<meta property=\"og:url\" content=\"https:\/\/onlinelotto365.com\/sr\/igrajte\/euromillions\/\" \/>\n<meta property=\"og:site_name\" content=\"OnlineLotto365\" \/>\n<meta property=\"article:modified_time\" content=\"2021-03-06T16:31:15+00:00\" \/>\n<meta property=\"og:image\" content=\"https:\/\/redfoxlotto.com\/image?size=8&amp;lottery=euromillions\" \/>\n<meta name=\"twitter:card\" content=\"summary_large_image\" \/>\n<meta name=\"twitter:label1\" content=\"\u041f\u0440\u043e\u0446\u0435\u045a\u0435\u043d\u043e \u0432\u0440\u0435\u043c\u0435 \u0447\u0438\u0442\u0430\u045a\u0430\" \/>\n\t<meta name=\"twitter:data1\" content=\"3 \u043c\u0438\u043d\u0443\u0442\u0430\" \/>\n<script type=\"application\/ld+json\" class=\"yoast-schema-graph\">{\"@context\":\"https:\/\/schema.org\",\"@graph\":[{\"@type\":\"WebPage\",\"@id\":\"https:\/\/onlinelotto365.com\/sr\/igrajte\/euromillions\/\",\"url\":\"https:\/\/onlinelotto365.com\/sr\/igrajte\/euromillions\/\",\"name\":\"Mogu li gra\u0111ani Srbije u\u010destvovati u Euromillionu ?\",\"isPartOf\":{\"@id\":\"https:\/\/onlinelotto365.com\/sr\/#website\"},\"primaryImageOfPage\":{\"@id\":\"https:\/\/onlinelotto365.com\/sr\/igrajte\/euromillions\/#primaryimage\"},\"image\":{\"@id\":\"https:\/\/onlinelotto365.com\/sr\/igrajte\/euromillions\/#primaryimage\"},\"thumbnailUrl\":\"https:\/\/redfoxlotto.com\/image?size=8&amp;lottery=euromillions\",\"datePublished\":\"2020-12-17T19:26:17+00:00\",\"dateModified\":\"2021-03-06T16:31:15+00:00\",\"description\":\"Igrajte EuroMillions Lotto, uz onlajn ulaznicu, \u010dak i iz Srbije.\",\"breadcrumb\":{\"@id\":\"https:\/\/onlinelotto365.com\/sr\/igrajte\/euromillions\/#breadcrumb\"},\"inLanguage\":\"sr-RS\",\"potentialAction\":[{\"@type\":\"ReadAction\",\"target\":[\"https:\/\/onlinelotto365.com\/sr\/igrajte\/euromillions\/\"]}]},{\"@type\":\"ImageObject\",\"inLanguage\":\"sr-RS\",\"@id\":\"https:\/\/onlinelotto365.com\/sr\/igrajte\/euromillions\/#primaryimage\",\"url\":\"https:\/\/redfoxlotto.com\/image?size=8&amp;lottery=euromillions\",\"contentUrl\":\"https:\/\/redfoxlotto.com\/image?size=8&amp;lottery=euromillions\"},{\"@type\":\"BreadcrumbList\",\"@id\":\"https:\/\/onlinelotto365.com\/sr\/igrajte\/euromillions\/#breadcrumb\",\"itemListElement\":[{\"@type\":\"ListItem\",\"position\":1,\"name\":\"Home\",\"item\":\"https:\/\/onlinelotto365.com\/sr\/\"},{\"@type\":\"ListItem\",\"position\":2,\"name\":\"Igrajte koji god loto po\u017eelite, bez obzira gde \u017eivite\",\"item\":\"https:\/\/onlinelotto365.com\/sr\/play\/\"},{\"@type\":\"ListItem\",\"position\":3,\"name\":\"Vi\u0161e lutrija za loto igra\u010de iz Srbije\"}]},{\"@type\":\"WebSite\",\"@id\":\"https:\/\/onlinelotto365.com\/sr\/#website\",\"url\":\"https:\/\/onlinelotto365.com\/sr\/\",\"name\":\"OnlineLotto365\",\"description\":\"\",\"potentialAction\":[{\"@type\":\"SearchAction\",\"target\":{\"@type\":\"EntryPoint\",\"urlTemplate\":\"https:\/\/onlinelotto365.com\/sr\/?s={search_term_string}\"},\"query-input\":{\"@type\":\"PropertyValueSpecification\",\"valueRequired\":true,\"valueName\":\"search_term_string\"}}],\"inLanguage\":\"sr-RS\"}]}<\/script>\n<!-- \/ Yoast SEO plugin. -->","yoast_head_json":{"title":"Mogu li gra\u0111ani Srbije u\u010destvovati u Euromillionu ?","description":"Igrajte EuroMillions Lotto, uz onlajn ulaznicu, \u010dak i iz Srbije.","robots":{"index":"index","follow":"follow","max-snippet":"max-snippet:-1","max-image-preview":"max-image-preview:large","max-video-preview":"max-video-preview:-1"},"canonical":"https:\/\/onlinelotto365.com\/sr\/igrajte\/euromillions\/","og_locale":"sr_RS","og_type":"article","og_title":"Mogu li gra\u0111ani Srbije u\u010destvovati u Euromillionu ?","og_description":"Igrajte EuroMillions Lotto, uz onlajn ulaznicu, \u010dak i iz Srbije.","og_url":"https:\/\/onlinelotto365.com\/sr\/igrajte\/euromillions\/","og_site_name":"OnlineLotto365","article_modified_time":"2021-03-06T16:31:15+00:00","og_image":[{"url":"https:\/\/redfoxlotto.com\/image?size=8&amp;lottery=euromillions"}],"twitter_card":"summary_large_image","twitter_misc":{"\u041f\u0440\u043e\u0446\u0435\u045a\u0435\u043d\u043e \u0432\u0440\u0435\u043c\u0435 \u0447\u0438\u0442\u0430\u045a\u0430":"3 \u043c\u0438\u043d\u0443\u0442\u0430"},"schema":{"@context":"https:\/\/schema.org","@graph":[{"@type":"WebPage","@id":"https:\/\/onlinelotto365.com\/sr\/igrajte\/euromillions\/","url":"https:\/\/onlinelotto365.com\/sr\/igrajte\/euromillions\/","name":"Mogu li gra\u0111ani Srbije u\u010destvovati u Euromillionu ?","isPartOf":{"@id":"https:\/\/onlinelotto365.com\/sr\/#website"},"primaryImageOfPage":{"@id":"https:\/\/onlinelotto365.com\/sr\/igrajte\/euromillions\/#primaryimage"},"image":{"@id":"https:\/\/onlinelotto365.com\/sr\/igrajte\/euromillions\/#primaryimage"},"thumbnailUrl":"https:\/\/redfoxlotto.com\/image?size=8&amp;lottery=euromillions","datePublished":"2020-12-17T19:26:17+00:00","dateModified":"2021-03-06T16:31:15+00:00","description":"Igrajte EuroMillions Lotto, uz onlajn ulaznicu, \u010dak i iz Srbije.","breadcrumb":{"@id":"https:\/\/onlinelotto365.com\/sr\/igrajte\/euromillions\/#breadcrumb"},"inLanguage":"sr-RS","potentialAction":[{"@type":"ReadAction","target":["https:\/\/onlinelotto365.com\/sr\/igrajte\/euromillions\/"]}]},{"@type":"ImageObject","inLanguage":"sr-RS","@id":"https:\/\/onlinelotto365.com\/sr\/igrajte\/euromillions\/#primaryimage","url":"https:\/\/redfoxlotto.com\/image?size=8&amp;lottery=euromillions","contentUrl":"https:\/\/redfoxlotto.com\/image?size=8&amp;lottery=euromillions"},{"@type":"BreadcrumbList","@id":"https:\/\/onlinelotto365.com\/sr\/igrajte\/euromillions\/#breadcrumb","itemListElement":[{"@type":"ListItem","position":1,"name":"Home","item":"https:\/\/onlinelotto365.com\/sr\/"},{"@type":"ListItem","position":2,"name":"Igrajte koji god loto po\u017eelite, bez obzira gde \u017eivite","item":"https:\/\/onlinelotto365.com\/sr\/play\/"},{"@type":"ListItem","position":3,"name":"Vi\u0161e lutrija za loto igra\u010de iz Srbije"}]},{"@type":"WebSite","@id":"https:\/\/onlinelotto365.com\/sr\/#website","url":"https:\/\/onlinelotto365.com\/sr\/","name":"OnlineLotto365","description":"","potentialAction":[{"@type":"SearchAction","target":{"@type":"EntryPoint","urlTemplate":"https:\/\/onlinelotto365.com\/sr\/?s={search_term_string}"},"query-input":{"@type":"PropertyValueSpecification","valueRequired":true,"valueName":"search_term_string"}}],"inLanguage":"sr-RS"}]}},"_links":{"self":[{"href":"https:\/\/onlinelotto365.com\/sr\/wp-json\/wp\/v2\/pages\/10689","targetHints":{"allow":["GET"]}}],"collection":[{"href":"https:\/\/onlinelotto365.com\/sr\/wp-json\/wp\/v2\/pages"}],"about":[{"href":"https:\/\/onlinelotto365.com\/sr\/wp-json\/wp\/v2\/types\/page"}],"author":[{"embeddable":true,"href":"https:\/\/onlinelotto365.com\/sr\/wp-json\/wp\/v2\/users\/1"}],"replies":[{"embeddable":true,"href":"https:\/\/onlinelotto365.com\/sr\/wp-json\/wp\/v2\/comments?post=10689"}],"version-history":[{"count":0,"href":"https:\/\/onlinelotto365.com\/sr\/wp-json\/wp\/v2\/pages\/10689\/revisions"}],"up":[{"embeddable":true,"href":"https:\/\/onlinelotto365.com\/sr\/wp-json\/wp\/v2\/pages\/5035"}],"wp:attachment":[{"href":"https:\/\/onlinelotto365.com\/sr\/wp-json\/wp\/v2\/media?parent=10689"}],"curies":[{"name":"wp","href":"https:\/\/api.w.org\/{rel}","templated":true}]}}