{"id":10691,"date":"2020-12-17T20:28:45","date_gmt":"2020-12-17T19:28:45","guid":{"rendered":"http:\/\/onlinelotto365.net\/?page_id=10691"},"modified":"2021-03-06T17:28:03","modified_gmt":"2021-03-06T16:28:03","slug":"eurojackpot","status":"publish","type":"page","link":"https:\/\/onlinelotto365.com\/sr\/igrajte\/eurojackpot\/","title":{"rendered":"Igrajte Eurojackpot online"},"content":{"rendered":"<p>Ako, iz bilo kog razloga, ne mo\u017eete kupiti Eurojackpot u lokalnoj radnji, idalje imate opciju da Eurojackpot igrate onlajn.<\/p>\n<p>Sve \u0161to treba da uradite je da<a href=\"https:\/\/redfoxlotto.com\/sr\/?ref=A8564250A2&amp;campaign=ol\" target=\"_blank\" rel=\"noopener\"> kliknete na link koji \u0107e Vas odvesti na RedFoxLotto vebsajt.<\/a> RedFoxLotto je onlajn usluga koja Vam omogu\u0107ava da u\u010destvujete u preko 20 najve\u010dih svetskih lutrija, bez obzira gde \u017eivite.<\/p>\n<p><a href=\"https:\/\/redfoxlotto.com\/sr\/igrati\/eurojackpot\/?ref=a8564250a2&amp;medium=ol365\" target=\"_blank\" rel=\"noopener noreferrer\"> <img decoding=\"async\" class=\"aligncenter\" src=\"https:\/\/redfoxlotto.com\/image?size=8&amp;lottery=eurojackpot\" alt=\"Eurojackpot\" \/> <\/a><\/p>\n<h2>O Eurojackpotu<\/h2>\n<ul>\n<li>Zemlja: razno Evropske zemlje, videti gore<\/li>\n<li>Raspon glavnih brojeva: 50<\/li>\n<li>Morate da izaberete: 5<\/li>\n<li>Opseg dodatnih brojeva: 10<\/li>\n<li>Morate da izaberete: 2<\/li>\n<li>Dani, sati izvla\u010denja: petak,,, 21:00 CET &#8211; 21:00 CET<\/li>\n<li>D\u017eekpot po\u010dinje od: 10 miliona evra<\/li>\n<li>D\u017eekpot je ograni\u010den na: 90 miliona evra<\/li>\n<li>\u0160ansa za osvajanje d\u017eekpota: 1 u 135600640<\/li>\n<li>\u0160ansa za osvajanje druge nagrade: 1 u 2118760<\/li>\n<li>\u0160ansa za osvajanje bilo koje nagrade: 1 od 26,39<\/li>\n<li>Broj nagradnih kategorija: 12<\/li>\n<\/ul>\n<p>Ovo je omogu\u0107eno mre\u017eom zaposlenih za ovu kompaniju, koji kupuju karte koje su naru\u010dene preko ove kompanije. Naru\u010dene karte mogu biti pla\u0107ene kredistnom karticom( ima jo\u0161 mnogo platnih opcija) i nakon kratkom vremena, mu\u0161terija dobija email koji potvr\u0111uje kupovinu karte koja je validna za slede\u0107e izvla\u010denje.<br \/>\nU\u010destvovanje u Eurojackpot-u kao i u bilo kojoj od vi\u0161e od 20 lutrija koje se nude na internetu je apsolutno legalno, a kada kupite svoju kartu, imate pravo na odgovarajuc\u0301u lutrijsku komisiju. Manje dobitke do 600 dolara bic\u0301e odmah pripisane Va\u0161em RedFoxLotto ra\u010dunu, a prebacivanje ve\u0107e svote novca c\u0301e trajati nekoliko dana, jer RedFoxLotto c\u0301e vam obraditi Va\u0161e dobitke (besplatno) tako \u0161to c\u0301ete se pozabaviti lokalnom lutrijom.<\/p>\n<p>Trenutna koli\u010dina raznih d\u017eekpota mo\u017ee se nac\u0301i na desnoj strani (ili ispod ovog teksta, u slu\u010daju da \u010ditate ovo na va\u0161em mobilnom telefonu).<\/p>\n<h2>Kako Eurojackopt funkcioni\u0161e?<\/h2>\n<p><img loading=\"lazy\" decoding=\"async\" class=\"alignright wp-image-1158\" src=\"https:\/\/onlinelotto365.com\/wp-content\/uploads\/2020\/11\/online_lottery-98.jpg\" alt=\"Igrajte eurojackpot online\" width=\"363\" height=\"272\" \/><\/p>\n<p>Ova lutrija nudi nekoliko evropskih zemalja (Nema\u010dka, \u0160panija, Italija, Holandija, Estonija, Finska, Danska, Island, Hrvatska, Ma\u0111arska, Letonija, Litvanija, Norve\u0161ka, Poljska, \u0160vedska, Slova\u010dka, Slovenija, \u010ce\u0161ka). Ako ne \u017eivite ili trenutno niste u jednoj od ovih zemalja, mo\u017eete u\u010destvovati u Eurojackpot lutriji koriste\u0107i ovu onlajn uslugu.<\/p>\n<p>Po\u010detna vrednost d\u017eekpota je najmanje 10 miliona evra. Igra\u010d ima izbor od 50 glavnih brojeva, od kojih mo\u017ee izabrati 5. Postoje i 2 dodatna broja koji se trebaju birati (izme\u0111u 1 i 10). D\u017eekpot se dodeljuje kada igra\u010d ima 5 + 2 ta\u010dna broja. Ako d\u017eekpot prelazi iznos od 90 miliona evra, onda vi\u0161ak prelazi u drugu klasu. Time se povec\u0301ava iznos koji mo\u017eete osvojiti sa 5 ispravnih glavnih brojeva i jo\u0161 jednim dodatni m brojem. Stvarni d\u017eekpot od 90 miliona evra c\u0301e ostati u igri dok se ne dobije.<\/p>\n<p>U pro\u0161losti je uglavnom jedan pobednik osvajao d\u017eekpot, deljenje d\u017eekpota izme\u0111u vi\u0161e igra\u010da je prili\u010dno retko. Matemati\u010dka verovatnoc\u0301a da dobijete nagradu za d\u017eekpot je 1:95 miliona &#8211; veliki broj, ali te \u0161anse su i dalje bolje nego \u0161to su za velike ameri\u010dke lutrije kao \u0161to su Powerball i Mega Millions.<\/p>\n<p>Kupite svoju Euromillions kartu sada i u\u010destvujte u mnogim najve\u010dim svetskim lutrijama- mo\u017eda trenutni d\u017eekpot \u010deka ba\u0161 na Vas!<\/p>\n","protected":false},"excerpt":{"rendered":"<p>Ako, iz bilo kog razloga, ne mo\u017eete kupiti Eurojackpot u lokalnoj radnji, idalje imate opciju da Eurojackpot igrate onlajn. Sve \u0161to treba da uradite je da kliknete na link koji \u0107e Vas odvesti na RedFoxLotto vebsajt. RedFoxLotto je onlajn usluga koja Vam omogu\u0107ava da u\u010destvujete u preko 20 najve\u010dih svetskih lutrija, bez obzira gde \u017eivite. [&hellip;]<\/p>\n","protected":false},"author":1,"featured_media":0,"parent":5035,"menu_order":4,"comment_status":"closed","ping_status":"closed","template":"eurojackpot.php","meta":{"_et_pb_use_builder":"","_et_pb_old_content":"","_et_gb_content_width":"","exclude_from_search":false,"footnotes":""},"class_list":["post-10691","page","type-page","status-publish","hentry"],"yoast_head":"<!-- This site is optimized with the Yoast SEO plugin v23.4 - https:\/\/yoast.com\/wordpress\/plugins\/seo\/ -->\n<title>Mogu li da u\u010destvujem u Eurojackpot-u onlajn? | Eurojackpot online<\/title>\n<meta name=\"description\" content=\"Pravni i jednostavan na\u010din za igranje Eurojackpota na mre\u017ei i iz Srbije\" \/>\n<meta name=\"robots\" content=\"index, follow, max-snippet:-1, max-image-preview:large, max-video-preview:-1\" \/>\n<link rel=\"canonical\" href=\"https:\/\/onlinelotto365.com\/sr\/igrajte\/eurojackpot\/\" \/>\n<meta property=\"og:locale\" content=\"sr_RS\" \/>\n<meta property=\"og:type\" content=\"article\" \/>\n<meta property=\"og:title\" content=\"Mogu li da u\u010destvujem u Eurojackpot-u onlajn? | Eurojackpot online\" \/>\n<meta property=\"og:description\" content=\"Pravni i jednostavan na\u010din za igranje Eurojackpota na mre\u017ei i iz Srbije\" \/>\n<meta property=\"og:url\" content=\"https:\/\/onlinelotto365.com\/sr\/igrajte\/eurojackpot\/\" \/>\n<meta property=\"og:site_name\" content=\"OnlineLotto365\" \/>\n<meta property=\"article:modified_time\" content=\"2021-03-06T16:28:03+00:00\" \/>\n<meta property=\"og:image\" content=\"https:\/\/redfoxlotto.com\/image?size=8&amp;lottery=eurojackpot\" \/>\n<meta name=\"twitter:card\" content=\"summary_large_image\" \/>\n<meta name=\"twitter:label1\" content=\"\u041f\u0440\u043e\u0446\u0435\u045a\u0435\u043d\u043e \u0432\u0440\u0435\u043c\u0435 \u0447\u0438\u0442\u0430\u045a\u0430\" \/>\n\t<meta name=\"twitter:data1\" content=\"3 \u043c\u0438\u043d\u0443\u0442\u0430\" \/>\n<script type=\"application\/ld+json\" class=\"yoast-schema-graph\">{\"@context\":\"https:\/\/schema.org\",\"@graph\":[{\"@type\":\"WebPage\",\"@id\":\"https:\/\/onlinelotto365.com\/sr\/igrajte\/eurojackpot\/\",\"url\":\"https:\/\/onlinelotto365.com\/sr\/igrajte\/eurojackpot\/\",\"name\":\"Mogu li da u\u010destvujem u Eurojackpot-u onlajn? | Eurojackpot online\",\"isPartOf\":{\"@id\":\"https:\/\/onlinelotto365.com\/sr\/#website\"},\"primaryImageOfPage\":{\"@id\":\"https:\/\/onlinelotto365.com\/sr\/igrajte\/eurojackpot\/#primaryimage\"},\"image\":{\"@id\":\"https:\/\/onlinelotto365.com\/sr\/igrajte\/eurojackpot\/#primaryimage\"},\"thumbnailUrl\":\"https:\/\/redfoxlotto.com\/image?size=8&amp;lottery=eurojackpot\",\"datePublished\":\"2020-12-17T19:28:45+00:00\",\"dateModified\":\"2021-03-06T16:28:03+00:00\",\"description\":\"Pravni i jednostavan na\u010din za igranje Eurojackpota na mre\u017ei i iz Srbije\",\"breadcrumb\":{\"@id\":\"https:\/\/onlinelotto365.com\/sr\/igrajte\/eurojackpot\/#breadcrumb\"},\"inLanguage\":\"sr-RS\",\"potentialAction\":[{\"@type\":\"ReadAction\",\"target\":[\"https:\/\/onlinelotto365.com\/sr\/igrajte\/eurojackpot\/\"]}]},{\"@type\":\"ImageObject\",\"inLanguage\":\"sr-RS\",\"@id\":\"https:\/\/onlinelotto365.com\/sr\/igrajte\/eurojackpot\/#primaryimage\",\"url\":\"https:\/\/redfoxlotto.com\/image?size=8&amp;lottery=eurojackpot\",\"contentUrl\":\"https:\/\/redfoxlotto.com\/image?size=8&amp;lottery=eurojackpot\"},{\"@type\":\"BreadcrumbList\",\"@id\":\"https:\/\/onlinelotto365.com\/sr\/igrajte\/eurojackpot\/#breadcrumb\",\"itemListElement\":[{\"@type\":\"ListItem\",\"position\":1,\"name\":\"Home\",\"item\":\"https:\/\/onlinelotto365.com\/sr\/\"},{\"@type\":\"ListItem\",\"position\":2,\"name\":\"Igrajte koji god loto po\u017eelite, bez obzira gde \u017eivite\",\"item\":\"https:\/\/onlinelotto365.com\/sr\/play\/\"},{\"@type\":\"ListItem\",\"position\":3,\"name\":\"Igrajte Eurojackpot online\"}]},{\"@type\":\"WebSite\",\"@id\":\"https:\/\/onlinelotto365.com\/sr\/#website\",\"url\":\"https:\/\/onlinelotto365.com\/sr\/\",\"name\":\"OnlineLotto365\",\"description\":\"\",\"potentialAction\":[{\"@type\":\"SearchAction\",\"target\":{\"@type\":\"EntryPoint\",\"urlTemplate\":\"https:\/\/onlinelotto365.com\/sr\/?s={search_term_string}\"},\"query-input\":{\"@type\":\"PropertyValueSpecification\",\"valueRequired\":true,\"valueName\":\"search_term_string\"}}],\"inLanguage\":\"sr-RS\"}]}<\/script>\n<!-- \/ Yoast SEO plugin. -->","yoast_head_json":{"title":"Mogu li da u\u010destvujem u Eurojackpot-u onlajn? | Eurojackpot online","description":"Pravni i jednostavan na\u010din za igranje Eurojackpota na mre\u017ei i iz Srbije","robots":{"index":"index","follow":"follow","max-snippet":"max-snippet:-1","max-image-preview":"max-image-preview:large","max-video-preview":"max-video-preview:-1"},"canonical":"https:\/\/onlinelotto365.com\/sr\/igrajte\/eurojackpot\/","og_locale":"sr_RS","og_type":"article","og_title":"Mogu li da u\u010destvujem u Eurojackpot-u onlajn? | Eurojackpot online","og_description":"Pravni i jednostavan na\u010din za igranje Eurojackpota na mre\u017ei i iz Srbije","og_url":"https:\/\/onlinelotto365.com\/sr\/igrajte\/eurojackpot\/","og_site_name":"OnlineLotto365","article_modified_time":"2021-03-06T16:28:03+00:00","og_image":[{"url":"https:\/\/redfoxlotto.com\/image?size=8&amp;lottery=eurojackpot"}],"twitter_card":"summary_large_image","twitter_misc":{"\u041f\u0440\u043e\u0446\u0435\u045a\u0435\u043d\u043e \u0432\u0440\u0435\u043c\u0435 \u0447\u0438\u0442\u0430\u045a\u0430":"3 \u043c\u0438\u043d\u0443\u0442\u0430"},"schema":{"@context":"https:\/\/schema.org","@graph":[{"@type":"WebPage","@id":"https:\/\/onlinelotto365.com\/sr\/igrajte\/eurojackpot\/","url":"https:\/\/onlinelotto365.com\/sr\/igrajte\/eurojackpot\/","name":"Mogu li da u\u010destvujem u Eurojackpot-u onlajn? | Eurojackpot online","isPartOf":{"@id":"https:\/\/onlinelotto365.com\/sr\/#website"},"primaryImageOfPage":{"@id":"https:\/\/onlinelotto365.com\/sr\/igrajte\/eurojackpot\/#primaryimage"},"image":{"@id":"https:\/\/onlinelotto365.com\/sr\/igrajte\/eurojackpot\/#primaryimage"},"thumbnailUrl":"https:\/\/redfoxlotto.com\/image?size=8&amp;lottery=eurojackpot","datePublished":"2020-12-17T19:28:45+00:00","dateModified":"2021-03-06T16:28:03+00:00","description":"Pravni i jednostavan na\u010din za igranje Eurojackpota na mre\u017ei i iz Srbije","breadcrumb":{"@id":"https:\/\/onlinelotto365.com\/sr\/igrajte\/eurojackpot\/#breadcrumb"},"inLanguage":"sr-RS","potentialAction":[{"@type":"ReadAction","target":["https:\/\/onlinelotto365.com\/sr\/igrajte\/eurojackpot\/"]}]},{"@type":"ImageObject","inLanguage":"sr-RS","@id":"https:\/\/onlinelotto365.com\/sr\/igrajte\/eurojackpot\/#primaryimage","url":"https:\/\/redfoxlotto.com\/image?size=8&amp;lottery=eurojackpot","contentUrl":"https:\/\/redfoxlotto.com\/image?size=8&amp;lottery=eurojackpot"},{"@type":"BreadcrumbList","@id":"https:\/\/onlinelotto365.com\/sr\/igrajte\/eurojackpot\/#breadcrumb","itemListElement":[{"@type":"ListItem","position":1,"name":"Home","item":"https:\/\/onlinelotto365.com\/sr\/"},{"@type":"ListItem","position":2,"name":"Igrajte koji god loto po\u017eelite, bez obzira gde \u017eivite","item":"https:\/\/onlinelotto365.com\/sr\/play\/"},{"@type":"ListItem","position":3,"name":"Igrajte Eurojackpot online"}]},{"@type":"WebSite","@id":"https:\/\/onlinelotto365.com\/sr\/#website","url":"https:\/\/onlinelotto365.com\/sr\/","name":"OnlineLotto365","description":"","potentialAction":[{"@type":"SearchAction","target":{"@type":"EntryPoint","urlTemplate":"https:\/\/onlinelotto365.com\/sr\/?s={search_term_string}"},"query-input":{"@type":"PropertyValueSpecification","valueRequired":true,"valueName":"search_term_string"}}],"inLanguage":"sr-RS"}]}},"_links":{"self":[{"href":"https:\/\/onlinelotto365.com\/sr\/wp-json\/wp\/v2\/pages\/10691","targetHints":{"allow":["GET"]}}],"collection":[{"href":"https:\/\/onlinelotto365.com\/sr\/wp-json\/wp\/v2\/pages"}],"about":[{"href":"https:\/\/onlinelotto365.com\/sr\/wp-json\/wp\/v2\/types\/page"}],"author":[{"embeddable":true,"href":"https:\/\/onlinelotto365.com\/sr\/wp-json\/wp\/v2\/users\/1"}],"replies":[{"embeddable":true,"href":"https:\/\/onlinelotto365.com\/sr\/wp-json\/wp\/v2\/comments?post=10691"}],"version-history":[{"count":0,"href":"https:\/\/onlinelotto365.com\/sr\/wp-json\/wp\/v2\/pages\/10691\/revisions"}],"up":[{"embeddable":true,"href":"https:\/\/onlinelotto365.com\/sr\/wp-json\/wp\/v2\/pages\/5035"}],"wp:attachment":[{"href":"https:\/\/onlinelotto365.com\/sr\/wp-json\/wp\/v2\/media?parent=10691"}],"curies":[{"name":"wp","href":"https:\/\/api.w.org\/{rel}","templated":true}]}}