{"id":10695,"date":"2020-12-17T20:32:05","date_gmt":"2020-12-17T19:32:05","guid":{"rendered":"http:\/\/onlinelotto365.net\/?page_id=10695"},"modified":"2021-03-06T16:31:32","modified_gmt":"2021-03-06T15:31:32","slug":"el-gordo","status":"publish","type":"page","link":"https:\/\/onlinelotto365.com\/sr\/igrajte\/el-gordo\/","title":{"rendered":"El Gordo Lutrija onlajn"},"content":{"rendered":"<h2>Top \u0160panska lutrija je sada dosupna onlajn za sve nas<\/h2>\n<p>Ukoliko \u017eivite u \u0160paniji, onda ne moramo da Vam govorimo o tome koliko je El Gordo lutrija zabavna i uzbudljiva. Kako bilo, mnogi igra\u010di ne \u017eive tamo, i mnogi nikada nisu \u010duli za najve\u0107u \u0160pansku lutriju. Sve do nedavno, nije ni bilo bitno, jer svakako je niste mogli igrati, jer je \u0160panija jedino mesto gde mo\u017eete kupiti karte.<br \/>\nKroz magiju interneta, ovih dana, preko 150,000 igra\u010da iz preko 140 zemalja u\u017eivaju igraju\u0107i El Gordo. Sve \u0161to treba da uradite jeste da kupite karte. Za to smo mi tu.<\/p>\n<p>Tu je nova sjajna usluga zvana RedFoxLotto gde ne samo da mo\u017eete da kupite karte za El Gordo Loto onlajn, ve\u0107 i za sve svetske velike lutrije.<br \/>\nOni sve \u010dine neverovatno lakim za Vas, i u roku od nekoliko minuta, mo\u017eete kupiti koliko god karata \u017eelite za slede\u0107e izvla\u010denje.<br \/>\nDakle kroz ovaj onlajn servis, uzbu\u0111enje zbog igranja lutrija raste do neverovatnih proporcija. Uzmite koliko u\u017eivate u lutriji i pomno\u017eite 10 ili 20 puta i zamislite kakav je to ose\u0107aj.<br \/>\n<a href=\"https:\/\/redfoxlotto.com\/play\/el-gordo-primitiva\/?ref=a8564250a2&amp;medium=ol365\" target=\"_blank\" rel=\"noopener noreferrer\"><img decoding=\"async\" class=\"aligncenter\" src=\"https:\/\/redfoxlotto.com\/image?size=8&amp;lottery=el-gordo-primitiva\" alt=\"el gordo la primitiva\" \/><\/a><\/p>\n<h2>O El Gordu<\/h2>\n<ul>\n<li>Dr\u017eava: \u0160panija<\/li>\n<li>Raspon glavnih brojeva: 54<\/li>\n<li>Vi birate: 5<\/li>\n<li>Opseg dodatnih brojeva: nijedan<\/li>\n<li>Vi birate: nijedan<\/li>\n<li>Izvla\u010denje dana, sati: nedelja, 21:30 CET, 21:30 CET<\/li>\n<li>Minimalni d\u017eekpot: 4 miliona evra<\/li>\n<li>D\u017eekpot ograni\u010den na maksimum: bez maksimuma<\/li>\n<li>Verovatnoc\u0301a dobitka d\u017eekpota: 1 u 31.625.100<\/li>\n<li>Verovatnoc\u0301a pobede drugog nivoa: 1 u 3.513.900<\/li>\n<li>Verovatnoc\u0301a pobede na bilo kom nivou: 1 na 6,16<\/li>\n<li>Posebni doga\u0111aji za El Gordo: Bo\u017eic\u0301ni specijal<\/li>\n<\/ul>\n<h2>El Gordo zna\u010di Veliki<\/h2>\n<p>D\u017eekpotovi lutrije El Gordo su ogromni, \u0161to apsolutno svi igra\u010di lutrija obo\u017eavaju. Dani \u010dekanja da d\u017eekpot poraste su gotovi!<br \/>\nSada, postoje mnoge lutrije \u0161irom sveta koje zapo\u010dinju sa ogromnim d\u017eekpotom, koji postaje sve ve\u0107i i ve\u0107i. Naprimer, dok ovo pi\u0161emo, d\u017eekpot je 23 miliona evra.<\/p>\n<p>Plus, ako volite ogromne d\u017eekpotove kao \u0161to je ovaj, RedFoxLotto ima jo\u0161 puno da ih ponudi, neke \u010dak i ve\u0107e! Kako god, mi ne \u017eelimo da Vi igrate samo jedan, \u017eelimo da ih odigrate barem nekoliko, i El Gordo treba da bude jedan od njih!<\/p>\n<h2>Kako ovaj loto funkcioni\u0161e<\/h2>\n<p><img loading=\"lazy\" decoding=\"async\" class=\" wp-image-1829 alignright\" src=\"https:\/\/onlinelotto365.com\/wp-content\/uploads\/2020\/11\/online_lottery-163.jpg\" alt=\"el gordo igrajte na mre\u017ei\" width=\"299\" height=\"216\" \/><\/p>\n<p>Ima ukupno 9 razli\u010ditih nagradnih kategorija. Dakle, iako svi \u017eelimo da osvojimo d\u017eekpot, svakako je lepo osvojiti \u010dak i ute\u0161nu nagradu u bilo kom iznosu. \u0160panska lutrija nam daje \u0161anse da u ovom uspemo vi\u0161e nego mnoge druge lutrije.<\/p>\n<p>Tako\u0111e, za razliku od mnogih zemalja, u \u0160paniji se na nagrade u nagradnim igrama ne obra\u010dunavaju takse. Mo\u017eete da deklari\u0161ete svoju pobedu vladi, u zavisnosti od toga gde \u017eivite, jer neke zemlje obra\u010dunavaju takse na dobitke \u010dak iako su iz druge zemlje&#8230; Iako ovaj novac mo\u017eete da povratite, to je neprijatnost koju mo\u017eete da izbegnete sa El Gordom.<\/p>\n<p>Kako bilo, to i nije toliko va\u017eno, jer sa novcem koji dobijete od d\u017eekpota, pa \u010dak iako se na njega obra\u010dunaju takse, mo\u017eete da u\u017eivate dugo vremena. Tako\u0111e, ne\u0107ete morati da putujete u \u0160paniju da biste pokupili svoj dobitak, jer \u0107ete sa osvojenim novcem verovatno i\u0107i i na mnoga dodatna putovanja.<\/p>\n<h2>Za\u0161to propustiti El Gordo kada ne morate?<\/h2>\n<p>Godinama ste imali dobar izgovor za\u0161to ne igrate El Gordo Loto-jer ne \u017eivite u \u0160paniji. Ovo, sre\u0107om, nije v\u0161e ta\u010dno. Ko zna koliko ste novca mogli osvojiti da ste igrali ovu lutriju i sve ostale najve\u0107e svetske lutrije sve ovo vreme?<\/p>\n<p>O tome vi\u0161e ne morate da razmi\u0161ljate, jer sa RedFoxLotto donosi El Gordo pravo u Va\u0161 dom, ta\u010dno gde sada sedite. Znam da volite da igrate lutriju, ina\u010de ne biste ovo trenurno \u010ditali. Za\u0161to ne biste po\u010dastili sebe i kupili sebi kartu? I kada ste ve\u0107 tu, za\u0161to ne biste pogledali \u0161ta jo\u0161 RedFoxLotto ima da ponudi?<\/p>\n<p><a href=\"https:\/\/redfoxlotto.com\/sr\/?ref=A8564250A2&amp;campaign=ol\" target=\"_blank\" rel=\"noopener\">Samo kliknite na link i otvorite sebi svet novih mogu\u0107nosti.<\/a><\/p>\n","protected":false},"excerpt":{"rendered":"<p>Top \u0160panska lutrija je sada dosupna onlajn za sve nas Ukoliko \u017eivite u \u0160paniji, onda ne moramo da Vam govorimo o tome koliko je El Gordo lutrija zabavna i uzbudljiva. Kako bilo, mnogi igra\u010di ne \u017eive tamo, i mnogi nikada nisu \u010duli za najve\u0107u \u0160pansku lutriju. Sve do nedavno, nije ni bilo bitno, jer svakako [&hellip;]<\/p>\n","protected":false},"author":1,"featured_media":0,"parent":5035,"menu_order":6,"comment_status":"closed","ping_status":"closed","template":"el-gordo.php","meta":{"_et_pb_use_builder":"","_et_pb_old_content":"","_et_gb_content_width":"","exclude_from_search":false,"footnotes":""},"class_list":["post-10695","page","type-page","status-publish","hentry"],"yoast_head":"<!-- This site is optimized with the Yoast SEO plugin v23.4 - https:\/\/yoast.com\/wordpress\/plugins\/seo\/ -->\n<title>El Gordo onlajn \u0160panska | El Gordo lutrija sada dostupna onlajn<\/title>\n<meta name=\"description\" content=\"Igrajte ovde El Gordo Loto - najvec\u0301u \u0161pansku lutriju, dostupnu na mre\u017ei iz Srbije\" \/>\n<meta name=\"robots\" content=\"index, follow, max-snippet:-1, max-image-preview:large, max-video-preview:-1\" \/>\n<link rel=\"canonical\" href=\"https:\/\/onlinelotto365.com\/sr\/igrajte\/el-gordo\/\" \/>\n<meta property=\"og:locale\" content=\"sr_RS\" \/>\n<meta property=\"og:type\" content=\"article\" \/>\n<meta property=\"og:title\" content=\"El Gordo onlajn \u0160panska | El Gordo lutrija sada dostupna onlajn\" \/>\n<meta property=\"og:description\" content=\"Igrajte ovde El Gordo Loto - najvec\u0301u \u0161pansku lutriju, dostupnu na mre\u017ei iz Srbije\" \/>\n<meta property=\"og:url\" content=\"https:\/\/onlinelotto365.com\/sr\/igrajte\/el-gordo\/\" \/>\n<meta property=\"og:site_name\" content=\"OnlineLotto365\" \/>\n<meta property=\"article:modified_time\" content=\"2021-03-06T15:31:32+00:00\" \/>\n<meta property=\"og:image\" content=\"https:\/\/redfoxlotto.com\/image?size=8&amp;lottery=el-gordo-primitiva\" \/>\n<meta name=\"twitter:card\" content=\"summary_large_image\" \/>\n<meta name=\"twitter:label1\" content=\"\u041f\u0440\u043e\u0446\u0435\u045a\u0435\u043d\u043e \u0432\u0440\u0435\u043c\u0435 \u0447\u0438\u0442\u0430\u045a\u0430\" \/>\n\t<meta name=\"twitter:data1\" content=\"4 \u043c\u0438\u043d\u0443\u0442\u0430\" \/>\n<script type=\"application\/ld+json\" class=\"yoast-schema-graph\">{\"@context\":\"https:\/\/schema.org\",\"@graph\":[{\"@type\":\"WebPage\",\"@id\":\"https:\/\/onlinelotto365.com\/sr\/igrajte\/el-gordo\/\",\"url\":\"https:\/\/onlinelotto365.com\/sr\/igrajte\/el-gordo\/\",\"name\":\"El Gordo onlajn \u0160panska | El Gordo lutrija sada dostupna onlajn\",\"isPartOf\":{\"@id\":\"https:\/\/onlinelotto365.com\/sr\/#website\"},\"primaryImageOfPage\":{\"@id\":\"https:\/\/onlinelotto365.com\/sr\/igrajte\/el-gordo\/#primaryimage\"},\"image\":{\"@id\":\"https:\/\/onlinelotto365.com\/sr\/igrajte\/el-gordo\/#primaryimage\"},\"thumbnailUrl\":\"https:\/\/redfoxlotto.com\/image?size=8&amp;lottery=el-gordo-primitiva\",\"datePublished\":\"2020-12-17T19:32:05+00:00\",\"dateModified\":\"2021-03-06T15:31:32+00:00\",\"description\":\"Igrajte ovde El Gordo Loto - najvec\u0301u \u0161pansku lutriju, dostupnu na mre\u017ei iz Srbije\",\"breadcrumb\":{\"@id\":\"https:\/\/onlinelotto365.com\/sr\/igrajte\/el-gordo\/#breadcrumb\"},\"inLanguage\":\"sr-RS\",\"potentialAction\":[{\"@type\":\"ReadAction\",\"target\":[\"https:\/\/onlinelotto365.com\/sr\/igrajte\/el-gordo\/\"]}]},{\"@type\":\"ImageObject\",\"inLanguage\":\"sr-RS\",\"@id\":\"https:\/\/onlinelotto365.com\/sr\/igrajte\/el-gordo\/#primaryimage\",\"url\":\"https:\/\/redfoxlotto.com\/image?size=8&amp;lottery=el-gordo-primitiva\",\"contentUrl\":\"https:\/\/redfoxlotto.com\/image?size=8&amp;lottery=el-gordo-primitiva\"},{\"@type\":\"BreadcrumbList\",\"@id\":\"https:\/\/onlinelotto365.com\/sr\/igrajte\/el-gordo\/#breadcrumb\",\"itemListElement\":[{\"@type\":\"ListItem\",\"position\":1,\"name\":\"Home\",\"item\":\"https:\/\/onlinelotto365.com\/sr\/\"},{\"@type\":\"ListItem\",\"position\":2,\"name\":\"Igrajte koji god loto po\u017eelite, bez obzira gde \u017eivite\",\"item\":\"https:\/\/onlinelotto365.com\/sr\/play\/\"},{\"@type\":\"ListItem\",\"position\":3,\"name\":\"El Gordo Lutrija onlajn\"}]},{\"@type\":\"WebSite\",\"@id\":\"https:\/\/onlinelotto365.com\/sr\/#website\",\"url\":\"https:\/\/onlinelotto365.com\/sr\/\",\"name\":\"OnlineLotto365\",\"description\":\"\",\"potentialAction\":[{\"@type\":\"SearchAction\",\"target\":{\"@type\":\"EntryPoint\",\"urlTemplate\":\"https:\/\/onlinelotto365.com\/sr\/?s={search_term_string}\"},\"query-input\":{\"@type\":\"PropertyValueSpecification\",\"valueRequired\":true,\"valueName\":\"search_term_string\"}}],\"inLanguage\":\"sr-RS\"}]}<\/script>\n<!-- \/ Yoast SEO plugin. -->","yoast_head_json":{"title":"El Gordo onlajn \u0160panska | El Gordo lutrija sada dostupna onlajn","description":"Igrajte ovde El Gordo Loto - najvec\u0301u \u0161pansku lutriju, dostupnu na mre\u017ei iz Srbije","robots":{"index":"index","follow":"follow","max-snippet":"max-snippet:-1","max-image-preview":"max-image-preview:large","max-video-preview":"max-video-preview:-1"},"canonical":"https:\/\/onlinelotto365.com\/sr\/igrajte\/el-gordo\/","og_locale":"sr_RS","og_type":"article","og_title":"El Gordo onlajn \u0160panska | El Gordo lutrija sada dostupna onlajn","og_description":"Igrajte ovde El Gordo Loto - najvec\u0301u \u0161pansku lutriju, dostupnu na mre\u017ei iz Srbije","og_url":"https:\/\/onlinelotto365.com\/sr\/igrajte\/el-gordo\/","og_site_name":"OnlineLotto365","article_modified_time":"2021-03-06T15:31:32+00:00","og_image":[{"url":"https:\/\/redfoxlotto.com\/image?size=8&amp;lottery=el-gordo-primitiva"}],"twitter_card":"summary_large_image","twitter_misc":{"\u041f\u0440\u043e\u0446\u0435\u045a\u0435\u043d\u043e \u0432\u0440\u0435\u043c\u0435 \u0447\u0438\u0442\u0430\u045a\u0430":"4 \u043c\u0438\u043d\u0443\u0442\u0430"},"schema":{"@context":"https:\/\/schema.org","@graph":[{"@type":"WebPage","@id":"https:\/\/onlinelotto365.com\/sr\/igrajte\/el-gordo\/","url":"https:\/\/onlinelotto365.com\/sr\/igrajte\/el-gordo\/","name":"El Gordo onlajn \u0160panska | El Gordo lutrija sada dostupna onlajn","isPartOf":{"@id":"https:\/\/onlinelotto365.com\/sr\/#website"},"primaryImageOfPage":{"@id":"https:\/\/onlinelotto365.com\/sr\/igrajte\/el-gordo\/#primaryimage"},"image":{"@id":"https:\/\/onlinelotto365.com\/sr\/igrajte\/el-gordo\/#primaryimage"},"thumbnailUrl":"https:\/\/redfoxlotto.com\/image?size=8&amp;lottery=el-gordo-primitiva","datePublished":"2020-12-17T19:32:05+00:00","dateModified":"2021-03-06T15:31:32+00:00","description":"Igrajte ovde El Gordo Loto - najvec\u0301u \u0161pansku lutriju, dostupnu na mre\u017ei iz Srbije","breadcrumb":{"@id":"https:\/\/onlinelotto365.com\/sr\/igrajte\/el-gordo\/#breadcrumb"},"inLanguage":"sr-RS","potentialAction":[{"@type":"ReadAction","target":["https:\/\/onlinelotto365.com\/sr\/igrajte\/el-gordo\/"]}]},{"@type":"ImageObject","inLanguage":"sr-RS","@id":"https:\/\/onlinelotto365.com\/sr\/igrajte\/el-gordo\/#primaryimage","url":"https:\/\/redfoxlotto.com\/image?size=8&amp;lottery=el-gordo-primitiva","contentUrl":"https:\/\/redfoxlotto.com\/image?size=8&amp;lottery=el-gordo-primitiva"},{"@type":"BreadcrumbList","@id":"https:\/\/onlinelotto365.com\/sr\/igrajte\/el-gordo\/#breadcrumb","itemListElement":[{"@type":"ListItem","position":1,"name":"Home","item":"https:\/\/onlinelotto365.com\/sr\/"},{"@type":"ListItem","position":2,"name":"Igrajte koji god loto po\u017eelite, bez obzira gde \u017eivite","item":"https:\/\/onlinelotto365.com\/sr\/play\/"},{"@type":"ListItem","position":3,"name":"El Gordo Lutrija onlajn"}]},{"@type":"WebSite","@id":"https:\/\/onlinelotto365.com\/sr\/#website","url":"https:\/\/onlinelotto365.com\/sr\/","name":"OnlineLotto365","description":"","potentialAction":[{"@type":"SearchAction","target":{"@type":"EntryPoint","urlTemplate":"https:\/\/onlinelotto365.com\/sr\/?s={search_term_string}"},"query-input":{"@type":"PropertyValueSpecification","valueRequired":true,"valueName":"search_term_string"}}],"inLanguage":"sr-RS"}]}},"_links":{"self":[{"href":"https:\/\/onlinelotto365.com\/sr\/wp-json\/wp\/v2\/pages\/10695","targetHints":{"allow":["GET"]}}],"collection":[{"href":"https:\/\/onlinelotto365.com\/sr\/wp-json\/wp\/v2\/pages"}],"about":[{"href":"https:\/\/onlinelotto365.com\/sr\/wp-json\/wp\/v2\/types\/page"}],"author":[{"embeddable":true,"href":"https:\/\/onlinelotto365.com\/sr\/wp-json\/wp\/v2\/users\/1"}],"replies":[{"embeddable":true,"href":"https:\/\/onlinelotto365.com\/sr\/wp-json\/wp\/v2\/comments?post=10695"}],"version-history":[{"count":0,"href":"https:\/\/onlinelotto365.com\/sr\/wp-json\/wp\/v2\/pages\/10695\/revisions"}],"up":[{"embeddable":true,"href":"https:\/\/onlinelotto365.com\/sr\/wp-json\/wp\/v2\/pages\/5035"}],"wp:attachment":[{"href":"https:\/\/onlinelotto365.com\/sr\/wp-json\/wp\/v2\/media?parent=10695"}],"curies":[{"name":"wp","href":"https:\/\/api.w.org\/{rel}","templated":true}]}}