{"id":10719,"date":"2020-12-17T20:53:15","date_gmt":"2020-12-17T19:53:15","guid":{"rendered":"http:\/\/onlinelotto365.net\/?page_id=10719"},"modified":"2021-03-20T08:14:14","modified_gmt":"2021-03-20T07:14:14","slug":"powerball","status":"publish","type":"page","link":"https:\/\/onlinelotto365.com\/sr\/kupiti-karte\/powerball\/","title":{"rendered":"Kako kupiti Powerball tikete onlajn iz Srbije"},"content":{"rendered":"<p>O\u010digledno da je internet ono \u0161to Vam omogu\u0107ava da do\u0111ete do tiketa za one velike ameri\u010dke onlajn lutrije. Ne morate da \u017eivite u SAD da biste u\u010destvovali i imali \u0161ansu da osvojite te neverovatne d\u017eekpotove. Mo\u017eete kupiti Va\u0161 tiket iz Srbije koriste\u0107i na\u0161 onlajn servis.<br \/>\n<a href=\"https:\/\/redfoxlotto.com\/play\/powerball\/?ref=a8564250a2&amp;medium=ol365\" target=\"_blank\" rel=\"noopener noreferrer\"><img decoding=\"async\" class=\"aligncenter\" src=\"https:\/\/redfoxlotto.com\/image?size=3&amp;lottery=powerball\" alt=\"powerball\" \/><\/a><\/p>\n<p>Mo\u017eete prvo registrovati svoj nalog kod nas, a onda odabrati bilo koju na\u0161u lutriju i izabrati svoje brojeve. Ili mo\u017eete samo prvo pogledati lutrije i kupiti tikete sa Va\u0161im brojevima. Kada ste zadovoljni svojim izborom, mo\u017eete odraditi odjavu. U tom trenutku \u0107ete biti upitani da li \u017eelite da napravite nalog.<\/p>\n<p>U oba slu\u010daja, nakon registrovanja Va\u0161eg novog naloga \u0107ete morati da proverite Va\u0161e prijemno sandu\u010de e-po\u0161te. Dobi\u0107ete e-poruku za potvrdu sa vezom u njoj. Kliknite na vezu kako biste potvrdili Va\u0161u adresu e-po\u0161te. Kada ste to zavr\u0161ili, Va\u0161 nalog je aktiviran. Ukoliko ne mo\u017eete da prona\u0111ete e-poruku za potvrdu, molimo proverite datoteku ne\u017eeljene po\u0161te. Kada prona\u0111ete poruku, va\u017eno je da je ozna\u010dite kao &#8222;not spam&#8220; ili &#8222;not junk&#8220;. To osigurava da budu\u0107e e-poruke od nas ne zavr\u0161e u Va\u0161oj ne\u017eeljenoj po\u0161ti. Zamislite da ste propustili dobitak jer niste dobili obave\u0161tenje o e-poruci vezano za to!<\/p>\n<h2>Kako platiti Va\u0161 Powerball tiket onlajn iz Srbije<\/h2>\n<p>Ima dva na\u010dina za pla\u0107anje onlajn tiketa za lutriju koju \u017eelite.<\/p>\n<p>Prvo, mo\u017eete ostaviti depozit na Va\u0161em nalogu. Nakon toga mo\u017eete kupiti koliko god tiketa \u017eelite i koristiti Va\u0161e stanje za pla\u0107anje.<\/p>\n<p>Drugo, najpre odabere svoje tikete, a onda platite ukupnu sumu porud\u017ebine.<\/p>\n<p>Postoji nekoliko opcija za pla\u0107anje koje su Vam dostupne i sve su bezbedno enkriptovane. Najpopularniji na\u010din su kreditna kartica i Bitcoin.<\/p>\n<h2>Vi\u0161e informacija o Powerball-u<\/h2>\n<ul>\n<li>Gde se odr\u017eava lutrija: SAD<\/li>\n<li>U kom opsegu glavnih brojeva mogu da biram: 69<\/li>\n<li>Morate odabrati: 5<\/li>\n<li>U kom opsegu dodatnih brojeva mogu da biram: 26<\/li>\n<li>Morate odabrati: 1<\/li>\n<li>Dani, sati izvlacenja: sreda, subota, 21:00 EST, +1 dan 3:00 CET<\/li>\n<li>Minimalni d\u017eekpot: 40 miliona dolara<\/li>\n<li>Maksimalna Powerball d\u017eekpot suma: ne postoji<\/li>\n<li>Mogu\u0107a kombinacija brojeva za osvajanje d\u017eekpota: 1 u 175.223.510<\/li>\n<li>Mogu\u0107a kombinacija brojeva za osvajanje druge nagrade: 1 u 5.006.386<\/li>\n<li>Verovatno\u0107a za osvajanje bilo koje nagrade: 1 u 24,87<\/li>\n<li>Koliko nivoa nagrada ima: 9<\/li>\n<\/ul>\n<p>Nedavno 13. februara 2016., najve\u0107i d\u017eekpot u istoriji SAD su osvojila tri sre\u0107na igra\u010da. Zbog neverovatne veli\u010dine d\u017eekpota sa ukupno 1,5 milijardi dolara, loto fanovi \u0161irom SAD su proveli sate stoje\u0107i u redu za tiket. Ali \u0161ta je sa igra\u010dima lutrije iz Srbije? Da li su oni bili isklju\u010deni iz kupovine Powerball tiketa osim ukoliko su bili u SAD u tom trenutku? Ne, nisu &#8211; ako su znali da mo\u017eete zapravo igrati Powerball ili Mega Millions lutriju iz Srbije!<\/p>\n<h2>Prednosti kupovine Powerball tiketa onlajn<\/h2>\n<p><img loading=\"lazy\" decoding=\"async\" class=\" wp-image-1521 alignright\" src=\"https:\/\/onlinelotto365.com\/wp-content\/uploads\/2020\/11\/online_lottery-133-300x212.jpg\" alt=\"powerball sad iz Srbije\" width=\"226\" height=\"160\" \/><br \/>\nPutem ove kurirske usluge za kupovnu onlajn tiketa lutrije, mo\u017eete kupiti tikete za vi\u0161e od 20 najve\u0107ih lutrija na planeti. \u010cak i ako \u017eivite u Srbiji, mo\u017eete odabrati lutrije koje se izvla\u010de u drugim zemljama. Naravno, ukoliko ne \u017eivite u Srbiji, ali biste voleli tiket za srpsku lutriju, to je tako\u0111e ne\u0161to \u0161to mo\u017eete uraditi onlajn!<\/p>\n<h2>Da li je legalno da kupim Powerball tikete iz Srbije?<\/h2>\n<p>Va\u017eno je znati da je ovo legalan i pouzdan servis slanja poruka vezanih za tikete. Kupovinom loto tiketa onlajn, dobijate ugovor sa samom lutrijom &#8211; \u0161to osigurava da \u0107e novac koji mo\u017eete osvojiti do\u0107i od njih!<\/p>\n<h2>Kako bivam ispla\u0107en ukoliko osvojim Powerball onlajn?<\/h2>\n<p>Ukoliko dobijete, procedura isplate zavisi od sume koju ste osvojili. Manje sume ispod 2500\u20ac \u0107e biti kreditirane na Va\u0161 onlajn ra\u010dun. Mo\u017eete isplatiti taj novac ili ga koristiti za kupovinu jo\u0161 onlajn loto tiketa. Ukoliko biste osvojili ve\u0107u sumu, onda bismo Vam poslali obrazac koji treba da popunite i po\u0161aljete nam ga nazad e-po\u0161tom. Mi tada \u0161aljemo obrazac lutrijskoj komisiji, a oni \u0107e Vas isplatiti. Ova usluga je za Vas besplatna.<\/p>\n<p>Ukoliko osvojite Powerball d\u017eekpot sa svojim onlajn tiketom, mora\u0107ete da izaberete. Mo\u017eete dobiti jednokratnu isplatu koja \u0107e biti manja od realnog d\u017eekpota, ili mo\u017eete biti ispla\u0107eni u 30 godi\u0161njih rata sa kamatom.<\/p>\n","protected":false},"excerpt":{"rendered":"<p>O\u010digledno da je internet ono \u0161to Vam omogu\u0107ava da do\u0111ete do tiketa za one velike ameri\u010dke onlajn lutrije. Ne morate da \u017eivite u SAD da biste u\u010destvovali i imali \u0161ansu da osvojite te neverovatne d\u017eekpotove. Mo\u017eete kupiti Va\u0161 tiket iz Srbije koriste\u0107i na\u0161 onlajn servis. Mo\u017eete prvo registrovati svoj nalog kod nas, a onda odabrati [&hellip;]<\/p>\n","protected":false},"author":1,"featured_media":0,"parent":5675,"menu_order":0,"comment_status":"closed","ping_status":"closed","template":"powerball-usa-info.php","meta":{"_et_pb_use_builder":"","_et_pb_old_content":"","_et_gb_content_width":"","exclude_from_search":false,"footnotes":""},"class_list":["post-10719","page","type-page","status-publish","hentry"],"yoast_head":"<!-- This site is optimized with the Yoast SEO plugin v23.4 - https:\/\/yoast.com\/wordpress\/plugins\/seo\/ -->\n<title>Kupite tikete za Powerball onlajn iz Srbije | O Powerball-u, kako kupiti tikete onlajn<\/title>\n<meta name=\"description\" content=\"Kupovina tiketa za \u010duvenu Powerball lutriju je sada laka, nabavite ih onlajn iz Srbije i bilo odakle\" \/>\n<meta name=\"robots\" content=\"index, follow, max-snippet:-1, max-image-preview:large, max-video-preview:-1\" \/>\n<link rel=\"canonical\" href=\"https:\/\/onlinelotto365.com\/sr\/kupiti-karte\/powerball\/\" \/>\n<meta property=\"og:locale\" content=\"sr_RS\" \/>\n<meta property=\"og:type\" content=\"article\" \/>\n<meta property=\"og:title\" content=\"Kupite tikete za Powerball onlajn iz Srbije | O Powerball-u, kako kupiti tikete onlajn\" \/>\n<meta property=\"og:description\" content=\"Kupovina tiketa za \u010duvenu Powerball lutriju je sada laka, nabavite ih onlajn iz Srbije i bilo odakle\" \/>\n<meta property=\"og:url\" content=\"https:\/\/onlinelotto365.com\/sr\/kupiti-karte\/powerball\/\" \/>\n<meta property=\"og:site_name\" content=\"OnlineLotto365\" \/>\n<meta property=\"article:modified_time\" content=\"2021-03-20T07:14:14+00:00\" \/>\n<meta property=\"og:image\" content=\"https:\/\/redfoxlotto.com\/image?size=3&amp;lottery=powerball\" \/>\n<meta name=\"twitter:card\" content=\"summary_large_image\" \/>\n<meta name=\"twitter:label1\" content=\"\u041f\u0440\u043e\u0446\u0435\u045a\u0435\u043d\u043e \u0432\u0440\u0435\u043c\u0435 \u0447\u0438\u0442\u0430\u045a\u0430\" \/>\n\t<meta name=\"twitter:data1\" content=\"4 \u043c\u0438\u043d\u0443\u0442\u0430\" \/>\n<script type=\"application\/ld+json\" class=\"yoast-schema-graph\">{\"@context\":\"https:\/\/schema.org\",\"@graph\":[{\"@type\":\"WebPage\",\"@id\":\"https:\/\/onlinelotto365.com\/sr\/kupiti-karte\/powerball\/\",\"url\":\"https:\/\/onlinelotto365.com\/sr\/kupiti-karte\/powerball\/\",\"name\":\"Kupite tikete za Powerball onlajn iz Srbije | O Powerball-u, kako kupiti tikete onlajn\",\"isPartOf\":{\"@id\":\"https:\/\/onlinelotto365.com\/sr\/#website\"},\"primaryImageOfPage\":{\"@id\":\"https:\/\/onlinelotto365.com\/sr\/kupiti-karte\/powerball\/#primaryimage\"},\"image\":{\"@id\":\"https:\/\/onlinelotto365.com\/sr\/kupiti-karte\/powerball\/#primaryimage\"},\"thumbnailUrl\":\"https:\/\/redfoxlotto.com\/image?size=3&amp;lottery=powerball\",\"datePublished\":\"2020-12-17T19:53:15+00:00\",\"dateModified\":\"2021-03-20T07:14:14+00:00\",\"description\":\"Kupovina tiketa za \u010duvenu Powerball lutriju je sada laka, nabavite ih onlajn iz Srbije i bilo odakle\",\"breadcrumb\":{\"@id\":\"https:\/\/onlinelotto365.com\/sr\/kupiti-karte\/powerball\/#breadcrumb\"},\"inLanguage\":\"sr-RS\",\"potentialAction\":[{\"@type\":\"ReadAction\",\"target\":[\"https:\/\/onlinelotto365.com\/sr\/kupiti-karte\/powerball\/\"]}]},{\"@type\":\"ImageObject\",\"inLanguage\":\"sr-RS\",\"@id\":\"https:\/\/onlinelotto365.com\/sr\/kupiti-karte\/powerball\/#primaryimage\",\"url\":\"https:\/\/redfoxlotto.com\/image?size=3&amp;lottery=powerball\",\"contentUrl\":\"https:\/\/redfoxlotto.com\/image?size=3&amp;lottery=powerball\"},{\"@type\":\"BreadcrumbList\",\"@id\":\"https:\/\/onlinelotto365.com\/sr\/kupiti-karte\/powerball\/#breadcrumb\",\"itemListElement\":[{\"@type\":\"ListItem\",\"position\":1,\"name\":\"Home\",\"item\":\"https:\/\/onlinelotto365.com\/sr\/\"},{\"@type\":\"ListItem\",\"position\":2,\"name\":\"Kupi Loto Karte Online\",\"item\":\"https:\/\/onlinelotto365.com\/sr\/buy-tickets\/\"},{\"@type\":\"ListItem\",\"position\":3,\"name\":\"Kako kupiti Powerball tikete onlajn iz Srbije\"}]},{\"@type\":\"WebSite\",\"@id\":\"https:\/\/onlinelotto365.com\/sr\/#website\",\"url\":\"https:\/\/onlinelotto365.com\/sr\/\",\"name\":\"OnlineLotto365\",\"description\":\"\",\"potentialAction\":[{\"@type\":\"SearchAction\",\"target\":{\"@type\":\"EntryPoint\",\"urlTemplate\":\"https:\/\/onlinelotto365.com\/sr\/?s={search_term_string}\"},\"query-input\":{\"@type\":\"PropertyValueSpecification\",\"valueRequired\":true,\"valueName\":\"search_term_string\"}}],\"inLanguage\":\"sr-RS\"}]}<\/script>\n<!-- \/ Yoast SEO plugin. -->","yoast_head_json":{"title":"Kupite tikete za Powerball onlajn iz Srbije | O Powerball-u, kako kupiti tikete onlajn","description":"Kupovina tiketa za \u010duvenu Powerball lutriju je sada laka, nabavite ih onlajn iz Srbije i bilo odakle","robots":{"index":"index","follow":"follow","max-snippet":"max-snippet:-1","max-image-preview":"max-image-preview:large","max-video-preview":"max-video-preview:-1"},"canonical":"https:\/\/onlinelotto365.com\/sr\/kupiti-karte\/powerball\/","og_locale":"sr_RS","og_type":"article","og_title":"Kupite tikete za Powerball onlajn iz Srbije | O Powerball-u, kako kupiti tikete onlajn","og_description":"Kupovina tiketa za \u010duvenu Powerball lutriju je sada laka, nabavite ih onlajn iz Srbije i bilo odakle","og_url":"https:\/\/onlinelotto365.com\/sr\/kupiti-karte\/powerball\/","og_site_name":"OnlineLotto365","article_modified_time":"2021-03-20T07:14:14+00:00","og_image":[{"url":"https:\/\/redfoxlotto.com\/image?size=3&amp;lottery=powerball"}],"twitter_card":"summary_large_image","twitter_misc":{"\u041f\u0440\u043e\u0446\u0435\u045a\u0435\u043d\u043e \u0432\u0440\u0435\u043c\u0435 \u0447\u0438\u0442\u0430\u045a\u0430":"4 \u043c\u0438\u043d\u0443\u0442\u0430"},"schema":{"@context":"https:\/\/schema.org","@graph":[{"@type":"WebPage","@id":"https:\/\/onlinelotto365.com\/sr\/kupiti-karte\/powerball\/","url":"https:\/\/onlinelotto365.com\/sr\/kupiti-karte\/powerball\/","name":"Kupite tikete za Powerball onlajn iz Srbije | O Powerball-u, kako kupiti tikete onlajn","isPartOf":{"@id":"https:\/\/onlinelotto365.com\/sr\/#website"},"primaryImageOfPage":{"@id":"https:\/\/onlinelotto365.com\/sr\/kupiti-karte\/powerball\/#primaryimage"},"image":{"@id":"https:\/\/onlinelotto365.com\/sr\/kupiti-karte\/powerball\/#primaryimage"},"thumbnailUrl":"https:\/\/redfoxlotto.com\/image?size=3&amp;lottery=powerball","datePublished":"2020-12-17T19:53:15+00:00","dateModified":"2021-03-20T07:14:14+00:00","description":"Kupovina tiketa za \u010duvenu Powerball lutriju je sada laka, nabavite ih onlajn iz Srbije i bilo odakle","breadcrumb":{"@id":"https:\/\/onlinelotto365.com\/sr\/kupiti-karte\/powerball\/#breadcrumb"},"inLanguage":"sr-RS","potentialAction":[{"@type":"ReadAction","target":["https:\/\/onlinelotto365.com\/sr\/kupiti-karte\/powerball\/"]}]},{"@type":"ImageObject","inLanguage":"sr-RS","@id":"https:\/\/onlinelotto365.com\/sr\/kupiti-karte\/powerball\/#primaryimage","url":"https:\/\/redfoxlotto.com\/image?size=3&amp;lottery=powerball","contentUrl":"https:\/\/redfoxlotto.com\/image?size=3&amp;lottery=powerball"},{"@type":"BreadcrumbList","@id":"https:\/\/onlinelotto365.com\/sr\/kupiti-karte\/powerball\/#breadcrumb","itemListElement":[{"@type":"ListItem","position":1,"name":"Home","item":"https:\/\/onlinelotto365.com\/sr\/"},{"@type":"ListItem","position":2,"name":"Kupi Loto Karte Online","item":"https:\/\/onlinelotto365.com\/sr\/buy-tickets\/"},{"@type":"ListItem","position":3,"name":"Kako kupiti Powerball tikete onlajn iz Srbije"}]},{"@type":"WebSite","@id":"https:\/\/onlinelotto365.com\/sr\/#website","url":"https:\/\/onlinelotto365.com\/sr\/","name":"OnlineLotto365","description":"","potentialAction":[{"@type":"SearchAction","target":{"@type":"EntryPoint","urlTemplate":"https:\/\/onlinelotto365.com\/sr\/?s={search_term_string}"},"query-input":{"@type":"PropertyValueSpecification","valueRequired":true,"valueName":"search_term_string"}}],"inLanguage":"sr-RS"}]}},"_links":{"self":[{"href":"https:\/\/onlinelotto365.com\/sr\/wp-json\/wp\/v2\/pages\/10719","targetHints":{"allow":["GET"]}}],"collection":[{"href":"https:\/\/onlinelotto365.com\/sr\/wp-json\/wp\/v2\/pages"}],"about":[{"href":"https:\/\/onlinelotto365.com\/sr\/wp-json\/wp\/v2\/types\/page"}],"author":[{"embeddable":true,"href":"https:\/\/onlinelotto365.com\/sr\/wp-json\/wp\/v2\/users\/1"}],"replies":[{"embeddable":true,"href":"https:\/\/onlinelotto365.com\/sr\/wp-json\/wp\/v2\/comments?post=10719"}],"version-history":[{"count":0,"href":"https:\/\/onlinelotto365.com\/sr\/wp-json\/wp\/v2\/pages\/10719\/revisions"}],"up":[{"embeddable":true,"href":"https:\/\/onlinelotto365.com\/sr\/wp-json\/wp\/v2\/pages\/5675"}],"wp:attachment":[{"href":"https:\/\/onlinelotto365.com\/sr\/wp-json\/wp\/v2\/media?parent=10719"}],"curies":[{"name":"wp","href":"https:\/\/api.w.org\/{rel}","templated":true}]}}