{"id":10721,"date":"2020-12-18T06:00:57","date_gmt":"2020-12-18T05:00:57","guid":{"rendered":"http:\/\/onlinelotto365.net\/?page_id=10721"},"modified":"2021-03-20T08:16:25","modified_gmt":"2021-03-20T07:16:25","slug":"mega-millions","status":"publish","type":"page","link":"https:\/\/onlinelotto365.com\/sr\/kupiti-karte\/mega-millions\/","title":{"rendered":"Mega Millions je jedna od najboljih lutrija na planeti"},"content":{"rendered":"<h2>Sada mo\u017eete kupiti Mega Millions loto tikete onlajn<\/h2>\n<p>Ne morate vi\u0161e da lutate kako biste kupili loto tikete za Mega Millions. Zahvaljuju\u0107i udobnosti interneta, mo\u017eete jednostavno odmah kupiti koliko god tiketa za ovu lutriju \u017eelite, bilo kada, u Srbiji direktno sa Va\u0161eg ra\u010dunara.<\/p>\n<p>Ne morate da \u017eivite u Sjedinjenim Dr\u017eavama, jer su stanovnici iz svih zemalja sveta, uklju\u010duju\u0107i Srbiju u mogu\u0107nosti da iskoriste ovu sjajnu onlajn uslugu ukoliko su punoletni. Nakon \u0161to su godinama igra\u010di lutrije bili ograni\u010deni samo na lokalne lutrije, i kako nam je internet otvorio ceo svet, ovo je definitivno ideja \u010dije je vreme do\u0161lo.<br \/>\n<a href=\"https:\/\/redfoxlotto.com\/play\/mega-millions\/?ref=a8564250a2&amp;medium=ol365\" target=\"_blank\" rel=\"noopener noreferrer\"><img decoding=\"async\" class=\"aligncenter\" src=\"https:\/\/redfoxlotto.com\/image?size=8&amp;lottery=mega-millions\" alt=\"mega millions\" \/><\/a><\/p>\n<p>Nudimo Vam mogu\u0107nost kupovine tiketa onlajn ne samo za Mega Millions, ve\u0107 i za sve druge najve\u0107e i najuzbuljivije lutrije na svetu. Sve \u0161to treba da uradite je da napravite besplatan nalog, odaberete koje lutrije \u017eelite da igrate, odaberete svoje brojeve ili pustite da ih ra\u010dunar odabere za Vas, platite za svoje tikete putem jedne od na\u0161ih udobnih opcija pla\u0107anja i potpuno ste u igri.<\/p>\n<h2>Pazimo na Vas na svakom koraku<\/h2>\n<p>Nakon \u0161to ste kupili Va\u0161e tikete za lutriju ili lutrije po izboru, mi kre\u0107emo u akciju i nabavljamo Vam Va\u0161e tikete, \u010duvamo ih radi bezbednosti. Ne morate \u010dak ni da pratite izvla\u010denja ili brojeve koji su izvu\u010deni jer mi i to radimo za Vas.<\/p>\n<p>Kako platiti za Va\u0161e Mega Millions tikete onlajn<\/p>\n<p>Nakon \u0161to ste registrovali Va\u0161 nalog na na\u0161em sajtu, mo\u017eete prvo deponovati ne\u0161to novca za Va\u0161e kasnije kupovine. Ili mo\u017eete prvo napraviti tiket ili tikete, a onda ih platiti. Prona\u0107i \u0107ete vi\u0161e opcija za pla\u0107anje iz Srbije.<\/p>\n<h2>Vi\u0161e informacija o Mega Millions<\/h2>\n<ul>\n<li>Gde se odr\u017eava lutrija: SAD<\/li>\n<li>U kom opsegu glavnih brojeva mogu da biram: 70<\/li>\n<li>Morate odabrati: 5<\/li>\n<li>U kom opsegu dodatnih brojeva mogu da biram: 25<\/li>\n<li>Morate odabrati: 1<\/li>\n<li>Dani, sati izvlacenja: utorak, petak, 21:00 EST, +1 dan 3:00 CET<\/li>\n<li>Minimalni d\u017eekpot: 40 miliona dolara<\/li>\n<li>Maksimalna Mega Millions d\u017eekpot suma:<\/li>\n<li>Mogu\u0107a kombinacija brojeva za osvajanje d\u017eekpota: 1 u 175.711.536<\/li>\n<li>Mogu\u0107a kombinacija brojeva za osvajanje druge nagrade: 1 u 3.819.816<\/li>\n<li>Verovatno\u0107a za osvajanje bilo koje nagrade: 1 u 24,12<\/li>\n<li>Koliko nivoa nagrada ima: 9<\/li>\n<\/ul>\n<h2>Prednosti kupovine Mega Millions tiketa onlajn iz Srbije<\/h2>\n<p><img loading=\"lazy\" decoding=\"async\" class=\" wp-image-1785 alignright\" src=\"https:\/\/onlinelotto365.com\/wp-content\/uploads\/2020\/11\/online_lottery-159-300x300.jpg\" alt=\"kupite mega millions onlajn\" width=\"204\" height=\"204\" \/><br \/>\nMega Millions osobine dva izvla\u010denja nedeljno, utorkom i petkom. Sli\u010dno kao Powerball-u, igra\u010di biraju 5 glavnih brojeva, me\u0111utim, umesto da birate od 59 ponu\u0111enih brojeva, kao u Powerball lutriji, Mega Millions ima samo 56 kuglica.<\/p>\n<p>Postoji tako\u0111e dodatna loptica u ovoj lutriji, zvana Mega Loptica, gde birate izme\u0111u 46 brojeva. Ukoliko pogodite svih 5 regularnih brojeva i Mega lopticu, onda ste osvojili masivni d\u017eekpot koji Mega Millions uvek nudi.<\/p>\n<p>Kao i u svim lutrijama, ukoliko nema dobitnika d\u017eekpota, on raste i raste dok ga neko ne osvoji. Kupovina tiketa Vas ko\u0161ta isto, ali \u0161to je vi\u0161e novca na kocki, to bolje za Vas.<\/p>\n<p>Dakle, ovo je jedan od razloga zbog kojih tako mnogo ljudi kupuje vi\u0161e tiketa i onlajn iz Srbije i oflajn, kada se d\u017eekpot istinski lansira. Drugi razlog je, naravno, to \u0161to je jednostavno zabavnije igrati za ve\u0107e sume.<\/p>\n<h2>Da li je legalno kupiti Mega Millions tikete onlajn?<\/h2>\n<p>Savr\u0161eno je legalno koristiti na\u0161u uslugu obave\u0161tavanja o tiketima u Srbiji. Samo morate imati minimum 18 godina.<\/p>\n<h2>Kako bi mi bilo ispla\u0107eno u Srbiji ukoliko bih osvojio Mega Millions onlajn?<\/h2>\n<p>Ukoliko dobijete, mi tako\u0111e pru\u017eamo pomo\u0107 u preuzimanju Va\u0161eg novca. Ukoliko je to manja suma (manja od 2500\u20ac), ne morate ni\u0161ta da radite &#8211; mi \u0107emo jednostavno staviti Va\u0161 novac direktno na Va\u0161 nalog. Za ve\u0107e nagrade \u0107emo Vam pomo\u0107i u popunjavanju neke papirologije, kako biste zahtevali nagradu i ugovorili isplatu. A za ogromne nagrade (\u0161to zna\u010di d\u017eekpot), pa mogli biste jednostavno odlu\u010diti da doputujete i pokupite sve te milione, ali sam siguran da Vam to ne bi smetalo. Ukoliko ne \u017eelite da putujete, nema problema. Mo\u017eemo urediti bankovni transfer ili overite pla\u0107anje sa lutrijskim vlastima tako\u0111e.<\/p>\n<h2>Da li \u0107ete postati veliki dobtinik mega millions-a?<\/h2>\n<p>Dakle ukoliko niste igrali Mega Millions ranije, ko zna koliko ste novca mogli da zaradite za to vreme? Vreme da o tome razmi\u0161ljate je pro\u0161lo. Lopta je sada u Va\u0161im rukama i vidite kako je sada lako kupiti tikete za lutriju onlajn, nije \u010dudo za\u0161to je toliko ljudi uzbu\u0111eno oko ovoga.<\/p>\n","protected":false},"excerpt":{"rendered":"<p>Sada mo\u017eete kupiti Mega Millions loto tikete onlajn Ne morate vi\u0161e da lutate kako biste kupili loto tikete za Mega Millions. Zahvaljuju\u0107i udobnosti interneta, mo\u017eete jednostavno odmah kupiti koliko god tiketa za ovu lutriju \u017eelite, bilo kada, u Srbiji direktno sa Va\u0161eg ra\u010dunara. Ne morate da \u017eivite u Sjedinjenim Dr\u017eavama, jer su stanovnici iz svih [&hellip;]<\/p>\n","protected":false},"author":1,"featured_media":0,"parent":5675,"menu_order":2,"comment_status":"closed","ping_status":"closed","template":"megamillion-info.php","meta":{"_et_pb_use_builder":"","_et_pb_old_content":"","_et_gb_content_width":"","exclude_from_search":false,"footnotes":""},"class_list":["post-10721","page","type-page","status-publish","hentry"],"yoast_head":"<!-- This site is optimized with the Yoast SEO plugin v23.4 - https:\/\/yoast.com\/wordpress\/plugins\/seo\/ -->\n<title>Kupite tikete za Mega Millions onlajn iz Srbije | O Mega Millions-u, kako kupiti tikete onlajn<\/title>\n<meta name=\"description\" content=\"Mega Millions Lotto sada dostupan i za dr\u017eavljane Srbije - kupite legalne Mega Millions onlajn tikete ovde\" \/>\n<meta name=\"robots\" content=\"index, follow, max-snippet:-1, max-image-preview:large, max-video-preview:-1\" \/>\n<link rel=\"canonical\" href=\"https:\/\/onlinelotto365.com\/sr\/kupiti-karte\/mega-millions\/\" \/>\n<meta property=\"og:locale\" content=\"sr_RS\" \/>\n<meta property=\"og:type\" content=\"article\" \/>\n<meta property=\"og:title\" content=\"Kupite tikete za Mega Millions onlajn iz Srbije | O Mega Millions-u, kako kupiti tikete onlajn\" \/>\n<meta property=\"og:description\" content=\"Mega Millions Lotto sada dostupan i za dr\u017eavljane Srbije - kupite legalne Mega Millions onlajn tikete ovde\" \/>\n<meta property=\"og:url\" content=\"https:\/\/onlinelotto365.com\/sr\/kupiti-karte\/mega-millions\/\" \/>\n<meta property=\"og:site_name\" content=\"OnlineLotto365\" \/>\n<meta property=\"article:modified_time\" content=\"2021-03-20T07:16:25+00:00\" \/>\n<meta property=\"og:image\" content=\"https:\/\/redfoxlotto.com\/image?size=8&amp;lottery=mega-millions\" \/>\n<meta name=\"twitter:card\" content=\"summary_large_image\" \/>\n<meta name=\"twitter:label1\" content=\"\u041f\u0440\u043e\u0446\u0435\u045a\u0435\u043d\u043e \u0432\u0440\u0435\u043c\u0435 \u0447\u0438\u0442\u0430\u045a\u0430\" \/>\n\t<meta name=\"twitter:data1\" content=\"4 \u043c\u0438\u043d\u0443\u0442\u0430\" \/>\n<script type=\"application\/ld+json\" class=\"yoast-schema-graph\">{\"@context\":\"https:\/\/schema.org\",\"@graph\":[{\"@type\":\"WebPage\",\"@id\":\"https:\/\/onlinelotto365.com\/sr\/kupiti-karte\/mega-millions\/\",\"url\":\"https:\/\/onlinelotto365.com\/sr\/kupiti-karte\/mega-millions\/\",\"name\":\"Kupite tikete za Mega Millions onlajn iz Srbije | O Mega Millions-u, kako kupiti tikete onlajn\",\"isPartOf\":{\"@id\":\"https:\/\/onlinelotto365.com\/sr\/#website\"},\"primaryImageOfPage\":{\"@id\":\"https:\/\/onlinelotto365.com\/sr\/kupiti-karte\/mega-millions\/#primaryimage\"},\"image\":{\"@id\":\"https:\/\/onlinelotto365.com\/sr\/kupiti-karte\/mega-millions\/#primaryimage\"},\"thumbnailUrl\":\"https:\/\/redfoxlotto.com\/image?size=8&amp;lottery=mega-millions\",\"datePublished\":\"2020-12-18T05:00:57+00:00\",\"dateModified\":\"2021-03-20T07:16:25+00:00\",\"description\":\"Mega Millions Lotto sada dostupan i za dr\u017eavljane Srbije - kupite legalne Mega Millions onlajn tikete ovde\",\"breadcrumb\":{\"@id\":\"https:\/\/onlinelotto365.com\/sr\/kupiti-karte\/mega-millions\/#breadcrumb\"},\"inLanguage\":\"sr-RS\",\"potentialAction\":[{\"@type\":\"ReadAction\",\"target\":[\"https:\/\/onlinelotto365.com\/sr\/kupiti-karte\/mega-millions\/\"]}]},{\"@type\":\"ImageObject\",\"inLanguage\":\"sr-RS\",\"@id\":\"https:\/\/onlinelotto365.com\/sr\/kupiti-karte\/mega-millions\/#primaryimage\",\"url\":\"https:\/\/redfoxlotto.com\/image?size=8&amp;lottery=mega-millions\",\"contentUrl\":\"https:\/\/redfoxlotto.com\/image?size=8&amp;lottery=mega-millions\"},{\"@type\":\"BreadcrumbList\",\"@id\":\"https:\/\/onlinelotto365.com\/sr\/kupiti-karte\/mega-millions\/#breadcrumb\",\"itemListElement\":[{\"@type\":\"ListItem\",\"position\":1,\"name\":\"Home\",\"item\":\"https:\/\/onlinelotto365.com\/sr\/\"},{\"@type\":\"ListItem\",\"position\":2,\"name\":\"Kupi Loto Karte Online\",\"item\":\"https:\/\/onlinelotto365.com\/sr\/buy-tickets\/\"},{\"@type\":\"ListItem\",\"position\":3,\"name\":\"Mega Millions je jedna od najboljih lutrija na planeti\"}]},{\"@type\":\"WebSite\",\"@id\":\"https:\/\/onlinelotto365.com\/sr\/#website\",\"url\":\"https:\/\/onlinelotto365.com\/sr\/\",\"name\":\"OnlineLotto365\",\"description\":\"\",\"potentialAction\":[{\"@type\":\"SearchAction\",\"target\":{\"@type\":\"EntryPoint\",\"urlTemplate\":\"https:\/\/onlinelotto365.com\/sr\/?s={search_term_string}\"},\"query-input\":{\"@type\":\"PropertyValueSpecification\",\"valueRequired\":true,\"valueName\":\"search_term_string\"}}],\"inLanguage\":\"sr-RS\"}]}<\/script>\n<!-- \/ Yoast SEO plugin. -->","yoast_head_json":{"title":"Kupite tikete za Mega Millions onlajn iz Srbije | O Mega Millions-u, kako kupiti tikete onlajn","description":"Mega Millions Lotto sada dostupan i za dr\u017eavljane Srbije - kupite legalne Mega Millions onlajn tikete ovde","robots":{"index":"index","follow":"follow","max-snippet":"max-snippet:-1","max-image-preview":"max-image-preview:large","max-video-preview":"max-video-preview:-1"},"canonical":"https:\/\/onlinelotto365.com\/sr\/kupiti-karte\/mega-millions\/","og_locale":"sr_RS","og_type":"article","og_title":"Kupite tikete za Mega Millions onlajn iz Srbije | O Mega Millions-u, kako kupiti tikete onlajn","og_description":"Mega Millions Lotto sada dostupan i za dr\u017eavljane Srbije - kupite legalne Mega Millions onlajn tikete ovde","og_url":"https:\/\/onlinelotto365.com\/sr\/kupiti-karte\/mega-millions\/","og_site_name":"OnlineLotto365","article_modified_time":"2021-03-20T07:16:25+00:00","og_image":[{"url":"https:\/\/redfoxlotto.com\/image?size=8&amp;lottery=mega-millions"}],"twitter_card":"summary_large_image","twitter_misc":{"\u041f\u0440\u043e\u0446\u0435\u045a\u0435\u043d\u043e \u0432\u0440\u0435\u043c\u0435 \u0447\u0438\u0442\u0430\u045a\u0430":"4 \u043c\u0438\u043d\u0443\u0442\u0430"},"schema":{"@context":"https:\/\/schema.org","@graph":[{"@type":"WebPage","@id":"https:\/\/onlinelotto365.com\/sr\/kupiti-karte\/mega-millions\/","url":"https:\/\/onlinelotto365.com\/sr\/kupiti-karte\/mega-millions\/","name":"Kupite tikete za Mega Millions onlajn iz Srbije | O Mega Millions-u, kako kupiti tikete onlajn","isPartOf":{"@id":"https:\/\/onlinelotto365.com\/sr\/#website"},"primaryImageOfPage":{"@id":"https:\/\/onlinelotto365.com\/sr\/kupiti-karte\/mega-millions\/#primaryimage"},"image":{"@id":"https:\/\/onlinelotto365.com\/sr\/kupiti-karte\/mega-millions\/#primaryimage"},"thumbnailUrl":"https:\/\/redfoxlotto.com\/image?size=8&amp;lottery=mega-millions","datePublished":"2020-12-18T05:00:57+00:00","dateModified":"2021-03-20T07:16:25+00:00","description":"Mega Millions Lotto sada dostupan i za dr\u017eavljane Srbije - kupite legalne Mega Millions onlajn tikete ovde","breadcrumb":{"@id":"https:\/\/onlinelotto365.com\/sr\/kupiti-karte\/mega-millions\/#breadcrumb"},"inLanguage":"sr-RS","potentialAction":[{"@type":"ReadAction","target":["https:\/\/onlinelotto365.com\/sr\/kupiti-karte\/mega-millions\/"]}]},{"@type":"ImageObject","inLanguage":"sr-RS","@id":"https:\/\/onlinelotto365.com\/sr\/kupiti-karte\/mega-millions\/#primaryimage","url":"https:\/\/redfoxlotto.com\/image?size=8&amp;lottery=mega-millions","contentUrl":"https:\/\/redfoxlotto.com\/image?size=8&amp;lottery=mega-millions"},{"@type":"BreadcrumbList","@id":"https:\/\/onlinelotto365.com\/sr\/kupiti-karte\/mega-millions\/#breadcrumb","itemListElement":[{"@type":"ListItem","position":1,"name":"Home","item":"https:\/\/onlinelotto365.com\/sr\/"},{"@type":"ListItem","position":2,"name":"Kupi Loto Karte Online","item":"https:\/\/onlinelotto365.com\/sr\/buy-tickets\/"},{"@type":"ListItem","position":3,"name":"Mega Millions je jedna od najboljih lutrija na planeti"}]},{"@type":"WebSite","@id":"https:\/\/onlinelotto365.com\/sr\/#website","url":"https:\/\/onlinelotto365.com\/sr\/","name":"OnlineLotto365","description":"","potentialAction":[{"@type":"SearchAction","target":{"@type":"EntryPoint","urlTemplate":"https:\/\/onlinelotto365.com\/sr\/?s={search_term_string}"},"query-input":{"@type":"PropertyValueSpecification","valueRequired":true,"valueName":"search_term_string"}}],"inLanguage":"sr-RS"}]}},"_links":{"self":[{"href":"https:\/\/onlinelotto365.com\/sr\/wp-json\/wp\/v2\/pages\/10721","targetHints":{"allow":["GET"]}}],"collection":[{"href":"https:\/\/onlinelotto365.com\/sr\/wp-json\/wp\/v2\/pages"}],"about":[{"href":"https:\/\/onlinelotto365.com\/sr\/wp-json\/wp\/v2\/types\/page"}],"author":[{"embeddable":true,"href":"https:\/\/onlinelotto365.com\/sr\/wp-json\/wp\/v2\/users\/1"}],"replies":[{"embeddable":true,"href":"https:\/\/onlinelotto365.com\/sr\/wp-json\/wp\/v2\/comments?post=10721"}],"version-history":[{"count":0,"href":"https:\/\/onlinelotto365.com\/sr\/wp-json\/wp\/v2\/pages\/10721\/revisions"}],"up":[{"embeddable":true,"href":"https:\/\/onlinelotto365.com\/sr\/wp-json\/wp\/v2\/pages\/5675"}],"wp:attachment":[{"href":"https:\/\/onlinelotto365.com\/sr\/wp-json\/wp\/v2\/media?parent=10721"}],"curies":[{"name":"wp","href":"https:\/\/api.w.org\/{rel}","templated":true}]}}