{"id":5035,"date":"2020-12-03T09:52:09","date_gmt":"2020-12-03T08:52:09","guid":{"rendered":"http:\/\/onlinelotto365.net\/?page_id=5035"},"modified":"2022-11-08T11:56:48","modified_gmt":"2022-11-08T10:56:48","slug":"igrajte","status":"publish","type":"page","link":"https:\/\/onlinelotto365.com\/sr\/igrajte\/","title":{"rendered":"Igrajte koji god loto po\u017eelite, bez obzira gde \u017eivite"},"content":{"rendered":"","protected":false},"excerpt":{"rendered":"","protected":false},"author":1,"featured_media":0,"parent":0,"menu_order":2,"comment_status":"closed","ping_status":"closed","template":"Play-all.php","meta":{"_et_pb_use_builder":"","_et_pb_old_content":"","_et_gb_content_width":"","exclude_from_search":false,"footnotes":""},"class_list":["post-5035","page","type-page","status-publish","hentry"],"yoast_head":"<!-- This site is optimized with the Yoast SEO plugin v23.4 - https:\/\/yoast.com\/wordpress\/plugins\/seo\/ -->\n<title>Kako igrati internacionalni loto<\/title>\n<meta name=\"description\" content=\"Olak\u0161avamo vam igranje stranih lutrija na mre\u017ei - svi veliki d\u017eekpotovi su ovde\" \/>\n<meta name=\"robots\" content=\"index, follow, max-snippet:-1, max-image-preview:large, max-video-preview:-1\" \/>\n<link rel=\"canonical\" href=\"https:\/\/onlinelotto365.com\/sr\/igrajte\/\" \/>\n<meta property=\"og:locale\" content=\"sr_RS\" \/>\n<meta property=\"og:type\" content=\"article\" \/>\n<meta property=\"og:title\" content=\"Kako igrati internacionalni loto\" \/>\n<meta property=\"og:description\" content=\"Olak\u0161avamo vam igranje stranih lutrija na mre\u017ei - svi veliki d\u017eekpotovi su ovde\" \/>\n<meta property=\"og:url\" content=\"https:\/\/onlinelotto365.com\/sr\/igrajte\/\" \/>\n<meta property=\"og:site_name\" content=\"OnlineLotto365\" \/>\n<meta property=\"article:modified_time\" content=\"2022-11-08T10:56:48+00:00\" \/>\n<meta name=\"twitter:card\" content=\"summary_large_image\" \/>\n<script type=\"application\/ld+json\" class=\"yoast-schema-graph\">{\"@context\":\"https:\/\/schema.org\",\"@graph\":[{\"@type\":\"WebPage\",\"@id\":\"https:\/\/onlinelotto365.com\/sr\/igrajte\/\",\"url\":\"https:\/\/onlinelotto365.com\/sr\/igrajte\/\",\"name\":\"Kako igrati internacionalni loto\",\"isPartOf\":{\"@id\":\"https:\/\/onlinelotto365.com\/sr\/#website\"},\"datePublished\":\"2020-12-03T08:52:09+00:00\",\"dateModified\":\"2022-11-08T10:56:48+00:00\",\"description\":\"Olak\u0161avamo vam igranje stranih lutrija na mre\u017ei - svi veliki d\u017eekpotovi su ovde\",\"breadcrumb\":{\"@id\":\"https:\/\/onlinelotto365.com\/sr\/igrajte\/#breadcrumb\"},\"inLanguage\":\"sr-RS\",\"potentialAction\":[{\"@type\":\"ReadAction\",\"target\":[\"https:\/\/onlinelotto365.com\/sr\/igrajte\/\"]}]},{\"@type\":\"BreadcrumbList\",\"@id\":\"https:\/\/onlinelotto365.com\/sr\/igrajte\/#breadcrumb\",\"itemListElement\":[{\"@type\":\"ListItem\",\"position\":1,\"name\":\"Home\",\"item\":\"https:\/\/onlinelotto365.com\/sr\/\"},{\"@type\":\"ListItem\",\"position\":2,\"name\":\"Igrajte koji god loto po\u017eelite, bez obzira gde \u017eivite\"}]},{\"@type\":\"WebSite\",\"@id\":\"https:\/\/onlinelotto365.com\/sr\/#website\",\"url\":\"https:\/\/onlinelotto365.com\/sr\/\",\"name\":\"OnlineLotto365\",\"description\":\"\",\"potentialAction\":[{\"@type\":\"SearchAction\",\"target\":{\"@type\":\"EntryPoint\",\"urlTemplate\":\"https:\/\/onlinelotto365.com\/sr\/?s={search_term_string}\"},\"query-input\":{\"@type\":\"PropertyValueSpecification\",\"valueRequired\":true,\"valueName\":\"search_term_string\"}}],\"inLanguage\":\"sr-RS\"}]}<\/script>\n<!-- \/ Yoast SEO plugin. -->","yoast_head_json":{"title":"Kako igrati internacionalni loto","description":"Olak\u0161avamo vam igranje stranih lutrija na mre\u017ei - svi veliki d\u017eekpotovi su ovde","robots":{"index":"index","follow":"follow","max-snippet":"max-snippet:-1","max-image-preview":"max-image-preview:large","max-video-preview":"max-video-preview:-1"},"canonical":"https:\/\/onlinelotto365.com\/sr\/igrajte\/","og_locale":"sr_RS","og_type":"article","og_title":"Kako igrati internacionalni loto","og_description":"Olak\u0161avamo vam igranje stranih lutrija na mre\u017ei - svi veliki d\u017eekpotovi su ovde","og_url":"https:\/\/onlinelotto365.com\/sr\/igrajte\/","og_site_name":"OnlineLotto365","article_modified_time":"2022-11-08T10:56:48+00:00","twitter_card":"summary_large_image","schema":{"@context":"https:\/\/schema.org","@graph":[{"@type":"WebPage","@id":"https:\/\/onlinelotto365.com\/sr\/igrajte\/","url":"https:\/\/onlinelotto365.com\/sr\/igrajte\/","name":"Kako igrati internacionalni loto","isPartOf":{"@id":"https:\/\/onlinelotto365.com\/sr\/#website"},"datePublished":"2020-12-03T08:52:09+00:00","dateModified":"2022-11-08T10:56:48+00:00","description":"Olak\u0161avamo vam igranje stranih lutrija na mre\u017ei - svi veliki d\u017eekpotovi su ovde","breadcrumb":{"@id":"https:\/\/onlinelotto365.com\/sr\/igrajte\/#breadcrumb"},"inLanguage":"sr-RS","potentialAction":[{"@type":"ReadAction","target":["https:\/\/onlinelotto365.com\/sr\/igrajte\/"]}]},{"@type":"BreadcrumbList","@id":"https:\/\/onlinelotto365.com\/sr\/igrajte\/#breadcrumb","itemListElement":[{"@type":"ListItem","position":1,"name":"Home","item":"https:\/\/onlinelotto365.com\/sr\/"},{"@type":"ListItem","position":2,"name":"Igrajte koji god loto po\u017eelite, bez obzira gde \u017eivite"}]},{"@type":"WebSite","@id":"https:\/\/onlinelotto365.com\/sr\/#website","url":"https:\/\/onlinelotto365.com\/sr\/","name":"OnlineLotto365","description":"","potentialAction":[{"@type":"SearchAction","target":{"@type":"EntryPoint","urlTemplate":"https:\/\/onlinelotto365.com\/sr\/?s={search_term_string}"},"query-input":{"@type":"PropertyValueSpecification","valueRequired":true,"valueName":"search_term_string"}}],"inLanguage":"sr-RS"}]}},"_links":{"self":[{"href":"https:\/\/onlinelotto365.com\/sr\/wp-json\/wp\/v2\/pages\/5035","targetHints":{"allow":["GET"]}}],"collection":[{"href":"https:\/\/onlinelotto365.com\/sr\/wp-json\/wp\/v2\/pages"}],"about":[{"href":"https:\/\/onlinelotto365.com\/sr\/wp-json\/wp\/v2\/types\/page"}],"author":[{"embeddable":true,"href":"https:\/\/onlinelotto365.com\/sr\/wp-json\/wp\/v2\/users\/1"}],"replies":[{"embeddable":true,"href":"https:\/\/onlinelotto365.com\/sr\/wp-json\/wp\/v2\/comments?post=5035"}],"version-history":[{"count":0,"href":"https:\/\/onlinelotto365.com\/sr\/wp-json\/wp\/v2\/pages\/5035\/revisions"}],"wp:attachment":[{"href":"https:\/\/onlinelotto365.com\/sr\/wp-json\/wp\/v2\/media?parent=5035"}],"curies":[{"name":"wp","href":"https:\/\/api.w.org\/{rel}","templated":true}]}}