{"id":5675,"date":"2020-12-04T19:31:28","date_gmt":"2020-12-04T18:31:28","guid":{"rendered":"http:\/\/onlinelotto365.net\/?page_id=5675"},"modified":"2021-03-06T16:26:45","modified_gmt":"2021-03-06T15:26:45","slug":"kupiti-karte","status":"publish","type":"page","link":"https:\/\/onlinelotto365.com\/sr\/kupiti-karte\/","title":{"rendered":"Kupi Loto Karte Online"},"content":{"rendered":"<h2>Online biletarnica za me\u0111unarodne loto doga\u0111aje<\/h2>\n<p>Sve do sada, svi smo bili ograni\u010deni samo na igranje bilo kog lotoa koji se igra na podru\u010dju u kojem \u017eivimo. U zavisnosti od toga gde \u017eivite, ponekad i d\u017eekpot mo\u017ee postati veliki, stvarajuc\u0301i uzbu\u0111enje kod ljudi koji se krec\u0301u ka lutrijskim \u0161tandovima kako bi se uklju\u010dili u akciju.<br \/>\nDa biste kupili karte u drugim oblastima ili zemljama, morali ste da idete tamo i kupite ih li\u010dno. Naravno, ako ne pose\u0107ujete tu oblast,nec\u0301ete imati priliku da kupite karte, a i ako pobedite, \u0161ta dalje?<\/p>\n<p><a href=\"https:\/\/redfoxlotto.com\/?ref=a8564250a2&amp;medium=ol365\" target=\"_blank\" rel=\"noopener noreferrer\"><img loading=\"lazy\" decoding=\"async\" class=\"aligncenter\" src=\"https:\/\/redfoxlotto.com\/image?size=8&amp;lottery=euromillions\" alt=\"Euromillions\" width=\"720\" height=\"90\" \/><\/a><\/p>\n<p>Vec\u0301ina ljudi \u010dak i ne razmi\u0161lja o moguc\u0301nosti kupovine karte online i igranja lutrija u drugim oblastima ili zemljama. Neki su sanjali o tome, ali to nije bio san koji su ljudi mogli da ispune, sve do sada.<\/p>\n<p>Zbog toga smo uzbu\u0111eni da najavimo novu online loto uslugu, gde mo\u017eete naru\u010diti svoje loto karte iz celog sveta. Svi radimo za vas.<\/p>\n<h2>Kako Proces Kupovine Loto Karte Online Radnje<\/h2>\n<p>Prva stvar koju treba da uradite je, naravno, da izaberete koje lutrije \u017eelite da igrate, me\u0111u svim popularnim \u0161irom sveta. Zatim izaberite koliko online karata \u017eelite da kupite, a mo\u017eete ili da izaberete sopstveni broj ili da izaberete opciju da generator generi\u0161e slu\u010dajan broj za Vas.<br \/>\nZatim otvorite nalog. Dakle, unosite sve svoje li\u010dne podatke, pored kreiranja korisni\u010dkog imena i lozinke, tako da se mo\u017eete prijaviti na online loto mesto kad god \u017eelite.<\/p>\n<p><a href=\"https:\/\/redfoxlotto.com\/sr\/?ref=A8564250A2&amp;campaign=ol\" target=\"_blank\" rel=\"noopener\">Kliknite ovde da biste zapo\u010deli kreiranje naloga!<\/a><\/p>\n<p>Zatim odaberite na\u010din plac\u0301anja kako biste platili svoje onlajn karte. Vec\u0301ina ljudi koristi kreditne kartice, ali postoji nekoliko drugih na\u010dina plac\u0301anja u slu\u010daju da ih nemate. Sve transakcije su naravno potpuno bezbedne koristec\u0301i najnoviji sigurnosni softver, tako da ne morate brinuti ni o \u010demu.<br \/>\nZa svaki predstojec\u0301i loto, postoji vremenski sat koji se pomera da bi vas na kratko obavestio koliko jo\u0161 vremena do izvla\u010denja, da bi Vam pomogao da izaberete za koju igru ili igre \u017eelite da kupite kartu&#8230;<\/p>\n<h2>Tada oni kupe kartu umesto Vas<\/h2>\n<p><img loading=\"lazy\" decoding=\"async\" class=\" wp-image-729 alignright\" src=\"https:\/\/onlinelotto365.com\/wp-content\/uploads\/2020\/11\/online_lottery-52-300x169.jpg\" alt=\"Kupi Loto Karte Online\" width=\"210\" height=\"119\" \/><\/p>\n<p>Tada, ova sjajna usluga zapravo izlazi i kupuje vam kartu za vas, koja ima va\u0161e ime na njoj, tako da niko drugi ne mo\u017ee da je unov\u010di, samo vi. Zatim vam \u0161alju potvrdu sa Va\u0161im brojevima u vidu emaila.<\/p>\n<p>Rezultati svake lutrije postavljeni su na samom sajtu, i iako je vrlo zabavno proveriti svoje brojke i potencijalne dobitke, ne morate \u010dak ni da se brinete o tome ukoliko ne\u017eelite. Svaki put kada pobedite, servis c\u0301e Vam biti poslati obave\u0161tenje putem e-po\u0161te, tako da nikada nec\u0301ete propustiti nikakav dobitak.<br \/>\nPitajte va\u0161 lokaln \u0161tand da li bi to hteli u\u010diniti za vas. Oni c\u0301e pomisliti da ste ludi. Ovo pokazuje koliko je ova usluga prvoklasna i da Vam pru\u017ea svu pomoc\u0301 koja vam je potrebna na svakom koraku.<\/p>\n<h2>Unov\u010davanje Va\u0161ih dobitaka<\/h2>\n<p>U zavisnosti od toga koliko ste osvojili, postoje razli\u010diti procesi koji se koriste za unva\u0161ih dobitaka. Ako je iznos koji dobijate ispod 600 dolara, mo\u017eete samo zadr\u017eati novac na ra\u010dunu ako \u017eelite da koristite za kupovinu vi\u0161e karata, ili mo\u017eete da ga po\u0161aljete. Kada dobijete vec\u0301e iznose, bic\u0301e vam poslat obrazac zahteva koji popunjavate i vrac\u0301ate, a zatim imate novac poslat \u010dekom, koju mo\u017eete staviti pravo na svoj bankovni ra\u010dun.<\/p>\n<p>Kada osvojite ogromnu nagradu, onda mo\u017ee zahd Vas mo\u017ee biti zahtevano da se li\u010dno pojavite da biste je podigli. Ukoliko osvojite toliki novac, verujemo da je to putovanje u kome \u0107ete u\u017eivati u potpunosti. Va\u0161a onlajn loto karta je upravo osvojila d\u017eekpot, a Vi mo\u017eete po\u010deti svoju proslavu odmorom. Kada se vratite, mo\u017eda c\u0301ete oti\u0107i na trajni odmor i u\u017eivati u \u017eivotu punom zabave. Izbor c\u0301e biti Va\u0161!<\/p>\n<p><a href=\"https:\/\/redfoxlotto.com\/sr\/?ref=A8564250A2&amp;campaign=ol\" target=\"_blank\" rel=\"noopener\">Kliknite ovde da zapo\u010dnete zabavu!<\/a><\/p>\n","protected":false},"excerpt":{"rendered":"<p>Online biletarnica za me\u0111unarodne loto doga\u0111aje Sve do sada, svi smo bili ograni\u010deni samo na igranje bilo kog lotoa koji se igra na podru\u010dju u kojem \u017eivimo. U zavisnosti od toga gde \u017eivite, ponekad i d\u017eekpot mo\u017ee postati veliki, stvarajuc\u0301i uzbu\u0111enje kod ljudi koji se krec\u0301u ka lutrijskim \u0161tandovima kako bi se uklju\u010dili u akciju. [&hellip;]<\/p>\n","protected":false},"author":1,"featured_media":0,"parent":0,"menu_order":3,"comment_status":"closed","ping_status":"closed","template":"Information.php","meta":{"_et_pb_use_builder":"","_et_pb_old_content":"","_et_gb_content_width":"","exclude_from_search":false,"footnotes":""},"class_list":["post-5675","page","type-page","status-publish","hentry"],"yoast_head":"<!-- This site is optimized with the Yoast SEO plugin v23.4 - https:\/\/yoast.com\/wordpress\/plugins\/seo\/ -->\n<title>Kupi Loto Karte Online | Online biletarnica za me\u0111unarodne loto doga\u0111aje<\/title>\n<meta name=\"description\" content=\"Da li i dalje kupujete lutrijske karte lokalno? Postoje mnogo bolji loto d\u017eekpotovi - samo kupujte karte putem Interneta!\" \/>\n<meta name=\"robots\" content=\"index, follow, max-snippet:-1, max-image-preview:large, max-video-preview:-1\" \/>\n<link rel=\"canonical\" href=\"https:\/\/onlinelotto365.com\/sr\/kupiti-karte\/\" \/>\n<meta property=\"og:locale\" content=\"sr_RS\" \/>\n<meta property=\"og:type\" content=\"article\" \/>\n<meta property=\"og:title\" content=\"Kupi Loto Karte Online | Online biletarnica za me\u0111unarodne loto doga\u0111aje\" \/>\n<meta property=\"og:description\" content=\"Da li i dalje kupujete lutrijske karte lokalno? Postoje mnogo bolji loto d\u017eekpotovi - samo kupujte karte putem Interneta!\" \/>\n<meta property=\"og:url\" content=\"https:\/\/onlinelotto365.com\/sr\/kupiti-karte\/\" \/>\n<meta property=\"og:site_name\" content=\"OnlineLotto365\" \/>\n<meta property=\"article:modified_time\" content=\"2021-03-06T15:26:45+00:00\" \/>\n<meta property=\"og:image\" content=\"https:\/\/redfoxlotto.com\/image?size=8&amp;lottery=euromillions\" \/>\n<meta name=\"twitter:card\" content=\"summary_large_image\" \/>\n<meta name=\"twitter:label1\" content=\"\u041f\u0440\u043e\u0446\u0435\u045a\u0435\u043d\u043e \u0432\u0440\u0435\u043c\u0435 \u0447\u0438\u0442\u0430\u045a\u0430\" \/>\n\t<meta name=\"twitter:data1\" content=\"4 \u043c\u0438\u043d\u0443\u0442\u0430\" \/>\n<script type=\"application\/ld+json\" class=\"yoast-schema-graph\">{\"@context\":\"https:\/\/schema.org\",\"@graph\":[{\"@type\":\"WebPage\",\"@id\":\"https:\/\/onlinelotto365.com\/sr\/kupiti-karte\/\",\"url\":\"https:\/\/onlinelotto365.com\/sr\/kupiti-karte\/\",\"name\":\"Kupi Loto Karte Online | Online biletarnica za me\u0111unarodne loto doga\u0111aje\",\"isPartOf\":{\"@id\":\"https:\/\/onlinelotto365.com\/sr\/#website\"},\"primaryImageOfPage\":{\"@id\":\"https:\/\/onlinelotto365.com\/sr\/kupiti-karte\/#primaryimage\"},\"image\":{\"@id\":\"https:\/\/onlinelotto365.com\/sr\/kupiti-karte\/#primaryimage\"},\"thumbnailUrl\":\"https:\/\/redfoxlotto.com\/image?size=8&amp;lottery=euromillions\",\"datePublished\":\"2020-12-04T18:31:28+00:00\",\"dateModified\":\"2021-03-06T15:26:45+00:00\",\"description\":\"Da li i dalje kupujete lutrijske karte lokalno? Postoje mnogo bolji loto d\u017eekpotovi - samo kupujte karte putem Interneta!\",\"breadcrumb\":{\"@id\":\"https:\/\/onlinelotto365.com\/sr\/kupiti-karte\/#breadcrumb\"},\"inLanguage\":\"sr-RS\",\"potentialAction\":[{\"@type\":\"ReadAction\",\"target\":[\"https:\/\/onlinelotto365.com\/sr\/kupiti-karte\/\"]}]},{\"@type\":\"ImageObject\",\"inLanguage\":\"sr-RS\",\"@id\":\"https:\/\/onlinelotto365.com\/sr\/kupiti-karte\/#primaryimage\",\"url\":\"https:\/\/redfoxlotto.com\/image?size=8&amp;lottery=euromillions\",\"contentUrl\":\"https:\/\/redfoxlotto.com\/image?size=8&amp;lottery=euromillions\"},{\"@type\":\"BreadcrumbList\",\"@id\":\"https:\/\/onlinelotto365.com\/sr\/kupiti-karte\/#breadcrumb\",\"itemListElement\":[{\"@type\":\"ListItem\",\"position\":1,\"name\":\"Home\",\"item\":\"https:\/\/onlinelotto365.com\/sr\/\"},{\"@type\":\"ListItem\",\"position\":2,\"name\":\"Kupi Loto Karte Online\"}]},{\"@type\":\"WebSite\",\"@id\":\"https:\/\/onlinelotto365.com\/sr\/#website\",\"url\":\"https:\/\/onlinelotto365.com\/sr\/\",\"name\":\"OnlineLotto365\",\"description\":\"\",\"potentialAction\":[{\"@type\":\"SearchAction\",\"target\":{\"@type\":\"EntryPoint\",\"urlTemplate\":\"https:\/\/onlinelotto365.com\/sr\/?s={search_term_string}\"},\"query-input\":{\"@type\":\"PropertyValueSpecification\",\"valueRequired\":true,\"valueName\":\"search_term_string\"}}],\"inLanguage\":\"sr-RS\"}]}<\/script>\n<!-- \/ Yoast SEO plugin. -->","yoast_head_json":{"title":"Kupi Loto Karte Online | Online biletarnica za me\u0111unarodne loto doga\u0111aje","description":"Da li i dalje kupujete lutrijske karte lokalno? Postoje mnogo bolji loto d\u017eekpotovi - samo kupujte karte putem Interneta!","robots":{"index":"index","follow":"follow","max-snippet":"max-snippet:-1","max-image-preview":"max-image-preview:large","max-video-preview":"max-video-preview:-1"},"canonical":"https:\/\/onlinelotto365.com\/sr\/kupiti-karte\/","og_locale":"sr_RS","og_type":"article","og_title":"Kupi Loto Karte Online | Online biletarnica za me\u0111unarodne loto doga\u0111aje","og_description":"Da li i dalje kupujete lutrijske karte lokalno? Postoje mnogo bolji loto d\u017eekpotovi - samo kupujte karte putem Interneta!","og_url":"https:\/\/onlinelotto365.com\/sr\/kupiti-karte\/","og_site_name":"OnlineLotto365","article_modified_time":"2021-03-06T15:26:45+00:00","og_image":[{"url":"https:\/\/redfoxlotto.com\/image?size=8&amp;lottery=euromillions"}],"twitter_card":"summary_large_image","twitter_misc":{"\u041f\u0440\u043e\u0446\u0435\u045a\u0435\u043d\u043e \u0432\u0440\u0435\u043c\u0435 \u0447\u0438\u0442\u0430\u045a\u0430":"4 \u043c\u0438\u043d\u0443\u0442\u0430"},"schema":{"@context":"https:\/\/schema.org","@graph":[{"@type":"WebPage","@id":"https:\/\/onlinelotto365.com\/sr\/kupiti-karte\/","url":"https:\/\/onlinelotto365.com\/sr\/kupiti-karte\/","name":"Kupi Loto Karte Online | Online biletarnica za me\u0111unarodne loto doga\u0111aje","isPartOf":{"@id":"https:\/\/onlinelotto365.com\/sr\/#website"},"primaryImageOfPage":{"@id":"https:\/\/onlinelotto365.com\/sr\/kupiti-karte\/#primaryimage"},"image":{"@id":"https:\/\/onlinelotto365.com\/sr\/kupiti-karte\/#primaryimage"},"thumbnailUrl":"https:\/\/redfoxlotto.com\/image?size=8&amp;lottery=euromillions","datePublished":"2020-12-04T18:31:28+00:00","dateModified":"2021-03-06T15:26:45+00:00","description":"Da li i dalje kupujete lutrijske karte lokalno? Postoje mnogo bolji loto d\u017eekpotovi - samo kupujte karte putem Interneta!","breadcrumb":{"@id":"https:\/\/onlinelotto365.com\/sr\/kupiti-karte\/#breadcrumb"},"inLanguage":"sr-RS","potentialAction":[{"@type":"ReadAction","target":["https:\/\/onlinelotto365.com\/sr\/kupiti-karte\/"]}]},{"@type":"ImageObject","inLanguage":"sr-RS","@id":"https:\/\/onlinelotto365.com\/sr\/kupiti-karte\/#primaryimage","url":"https:\/\/redfoxlotto.com\/image?size=8&amp;lottery=euromillions","contentUrl":"https:\/\/redfoxlotto.com\/image?size=8&amp;lottery=euromillions"},{"@type":"BreadcrumbList","@id":"https:\/\/onlinelotto365.com\/sr\/kupiti-karte\/#breadcrumb","itemListElement":[{"@type":"ListItem","position":1,"name":"Home","item":"https:\/\/onlinelotto365.com\/sr\/"},{"@type":"ListItem","position":2,"name":"Kupi Loto Karte Online"}]},{"@type":"WebSite","@id":"https:\/\/onlinelotto365.com\/sr\/#website","url":"https:\/\/onlinelotto365.com\/sr\/","name":"OnlineLotto365","description":"","potentialAction":[{"@type":"SearchAction","target":{"@type":"EntryPoint","urlTemplate":"https:\/\/onlinelotto365.com\/sr\/?s={search_term_string}"},"query-input":{"@type":"PropertyValueSpecification","valueRequired":true,"valueName":"search_term_string"}}],"inLanguage":"sr-RS"}]}},"_links":{"self":[{"href":"https:\/\/onlinelotto365.com\/sr\/wp-json\/wp\/v2\/pages\/5675","targetHints":{"allow":["GET"]}}],"collection":[{"href":"https:\/\/onlinelotto365.com\/sr\/wp-json\/wp\/v2\/pages"}],"about":[{"href":"https:\/\/onlinelotto365.com\/sr\/wp-json\/wp\/v2\/types\/page"}],"author":[{"embeddable":true,"href":"https:\/\/onlinelotto365.com\/sr\/wp-json\/wp\/v2\/users\/1"}],"replies":[{"embeddable":true,"href":"https:\/\/onlinelotto365.com\/sr\/wp-json\/wp\/v2\/comments?post=5675"}],"version-history":[{"count":0,"href":"https:\/\/onlinelotto365.com\/sr\/wp-json\/wp\/v2\/pages\/5675\/revisions"}],"wp:attachment":[{"href":"https:\/\/onlinelotto365.com\/sr\/wp-json\/wp\/v2\/media?parent=5675"}],"curies":[{"name":"wp","href":"https:\/\/api.w.org\/{rel}","templated":true}]}}