{"id":5859,"date":"2020-12-05T10:04:31","date_gmt":"2020-12-05T09:04:31","guid":{"rendered":"http:\/\/onlinelotto365.net\/?page_id=5859"},"modified":"2021-03-06T16:19:46","modified_gmt":"2021-03-06T15:19:46","slug":"dobitni-brojevi","status":"publish","type":"page","link":"https:\/\/onlinelotto365.com\/sr\/dobitni-brojevi\/","title":{"rendered":"Tragate za me\u0111unarodnim loto rezultatima?"},"content":{"rendered":"<p>Prona\u0111ite ovde pobedni\u010dke brojeve za najve\u0107e me\u0111unarodne lutrije na svetu. Stalno a\u017euriramo ovu stranicu tako da se mo\u017eete vratiti po najnovije rezultate kad god su vam potrebni. Ako ste u\u010destvovali u bilo kojoj od tih me\u0111unarodnih lutrija, nadamo se da va\u0161 tiket ima pobedni\u010dke brojeve!<\/p>\n<p><a href=\"https:\/\/redfoxlotto.com\/?ref=a8564250a2&amp;medium=ol365\" target=\"_blank\" rel=\"noopener noreferrer\"><img loading=\"lazy\" decoding=\"async\" class=\"aligncenter\" src=\"https:\/\/redfoxlotto.com\/image?size=8&amp;lottery=eurojackpot\" alt=\"eurojackpot\" width=\"720\" height=\"90\" \/><\/a><\/p>\n<p>Ali \u0161ta je najva\u017enije: verovatno niste znali da sada imate mogu\u0107nost da u\u010destvujete u BILO KOJOJ lutriji na planeti \u2013 \u010dak i u lutrijama drugih dr\u017eava! Bilo da vas zanima Powerball, Mega Millions, Euromillions ili bilo koja lutrija navedena dole,tikete sada mo\u017eete nabaviti onlajn. Kako biste u\u010destvovali, samo kliknite na dugme &#8222;Play&#8220; za va\u0161u omiljenu lutriju, dole pored rezultata. Za nekoliko minuta dobi\u0107ete svoj tiket. Preporu\u010dujemo da pogledate veli\u010dinu premije i izaberete lutriju koja trenutno ima najve\u0107u premiju!<\/p>\n","protected":false},"excerpt":{"rendered":"<p>Prona\u0111ite ovde pobedni\u010dke brojeve za najve\u0107e me\u0111unarodne lutrije na svetu. Stalno a\u017euriramo ovu stranicu tako da se mo\u017eete vratiti po najnovije rezultate kad god su vam potrebni. Ako ste u\u010destvovali u bilo kojoj od tih me\u0111unarodnih lutrija, nadamo se da va\u0161 tiket ima pobedni\u010dke brojeve! Ali \u0161ta je najva\u017enije: verovatno niste znali da sada imate [&hellip;]<\/p>\n","protected":false},"author":1,"featured_media":0,"parent":0,"menu_order":4,"comment_status":"closed","ping_status":"closed","template":"Results.php","meta":{"_et_pb_use_builder":"","_et_pb_old_content":"","_et_gb_content_width":"","exclude_from_search":false,"footnotes":""},"class_list":["post-5859","page","type-page","status-publish","hentry"],"yoast_head":"<!-- This site is optimized with the Yoast SEO plugin v23.4 - https:\/\/yoast.com\/wordpress\/plugins\/seo\/ -->\n<title>Svi me\u0111unarodni loto rezultati | Pobedni\u010dki brojevi najve\u0107ih lutrija<\/title>\n<meta name=\"description\" content=\"Ovde prona\u0111ite ovonedeljne loto rezultate i dobitne brojeve za najvec\u0301e lutrije\" \/>\n<meta name=\"robots\" content=\"index, follow, max-snippet:-1, max-image-preview:large, max-video-preview:-1\" \/>\n<link rel=\"canonical\" href=\"https:\/\/onlinelotto365.com\/sr\/dobitni-brojevi\/\" \/>\n<meta property=\"og:locale\" content=\"sr_RS\" \/>\n<meta property=\"og:type\" content=\"article\" \/>\n<meta property=\"og:title\" content=\"Svi me\u0111unarodni loto rezultati | Pobedni\u010dki brojevi najve\u0107ih lutrija\" \/>\n<meta property=\"og:description\" content=\"Ovde prona\u0111ite ovonedeljne loto rezultate i dobitne brojeve za najvec\u0301e lutrije\" \/>\n<meta property=\"og:url\" content=\"https:\/\/onlinelotto365.com\/sr\/dobitni-brojevi\/\" \/>\n<meta property=\"og:site_name\" content=\"OnlineLotto365\" \/>\n<meta property=\"article:modified_time\" content=\"2021-03-06T15:19:46+00:00\" \/>\n<meta property=\"og:image\" content=\"https:\/\/redfoxlotto.com\/image?size=8&amp;lottery=eurojackpot\" \/>\n<meta name=\"twitter:card\" content=\"summary_large_image\" \/>\n<meta name=\"twitter:label1\" content=\"\u041f\u0440\u043e\u0446\u0435\u045a\u0435\u043d\u043e \u0432\u0440\u0435\u043c\u0435 \u0447\u0438\u0442\u0430\u045a\u0430\" \/>\n\t<meta name=\"twitter:data1\" content=\"1 \u043c\u0438\u043d\u0443\u0442\" \/>\n<script type=\"application\/ld+json\" class=\"yoast-schema-graph\">{\"@context\":\"https:\/\/schema.org\",\"@graph\":[{\"@type\":\"WebPage\",\"@id\":\"https:\/\/onlinelotto365.com\/sr\/dobitni-brojevi\/\",\"url\":\"https:\/\/onlinelotto365.com\/sr\/dobitni-brojevi\/\",\"name\":\"Svi me\u0111unarodni loto rezultati | Pobedni\u010dki brojevi najve\u0107ih lutrija\",\"isPartOf\":{\"@id\":\"https:\/\/onlinelotto365.com\/sr\/#website\"},\"primaryImageOfPage\":{\"@id\":\"https:\/\/onlinelotto365.com\/sr\/dobitni-brojevi\/#primaryimage\"},\"image\":{\"@id\":\"https:\/\/onlinelotto365.com\/sr\/dobitni-brojevi\/#primaryimage\"},\"thumbnailUrl\":\"https:\/\/redfoxlotto.com\/image?size=8&amp;lottery=eurojackpot\",\"datePublished\":\"2020-12-05T09:04:31+00:00\",\"dateModified\":\"2021-03-06T15:19:46+00:00\",\"description\":\"Ovde prona\u0111ite ovonedeljne loto rezultate i dobitne brojeve za najvec\u0301e lutrije\",\"breadcrumb\":{\"@id\":\"https:\/\/onlinelotto365.com\/sr\/dobitni-brojevi\/#breadcrumb\"},\"inLanguage\":\"sr-RS\",\"potentialAction\":[{\"@type\":\"ReadAction\",\"target\":[\"https:\/\/onlinelotto365.com\/sr\/dobitni-brojevi\/\"]}]},{\"@type\":\"ImageObject\",\"inLanguage\":\"sr-RS\",\"@id\":\"https:\/\/onlinelotto365.com\/sr\/dobitni-brojevi\/#primaryimage\",\"url\":\"https:\/\/redfoxlotto.com\/image?size=8&amp;lottery=eurojackpot\",\"contentUrl\":\"https:\/\/redfoxlotto.com\/image?size=8&amp;lottery=eurojackpot\"},{\"@type\":\"BreadcrumbList\",\"@id\":\"https:\/\/onlinelotto365.com\/sr\/dobitni-brojevi\/#breadcrumb\",\"itemListElement\":[{\"@type\":\"ListItem\",\"position\":1,\"name\":\"Home\",\"item\":\"https:\/\/onlinelotto365.com\/sr\/\"},{\"@type\":\"ListItem\",\"position\":2,\"name\":\"Tragate za me\u0111unarodnim loto rezultatima?\"}]},{\"@type\":\"WebSite\",\"@id\":\"https:\/\/onlinelotto365.com\/sr\/#website\",\"url\":\"https:\/\/onlinelotto365.com\/sr\/\",\"name\":\"OnlineLotto365\",\"description\":\"\",\"potentialAction\":[{\"@type\":\"SearchAction\",\"target\":{\"@type\":\"EntryPoint\",\"urlTemplate\":\"https:\/\/onlinelotto365.com\/sr\/?s={search_term_string}\"},\"query-input\":{\"@type\":\"PropertyValueSpecification\",\"valueRequired\":true,\"valueName\":\"search_term_string\"}}],\"inLanguage\":\"sr-RS\"}]}<\/script>\n<!-- \/ Yoast SEO plugin. -->","yoast_head_json":{"title":"Svi me\u0111unarodni loto rezultati | Pobedni\u010dki brojevi najve\u0107ih lutrija","description":"Ovde prona\u0111ite ovonedeljne loto rezultate i dobitne brojeve za najvec\u0301e lutrije","robots":{"index":"index","follow":"follow","max-snippet":"max-snippet:-1","max-image-preview":"max-image-preview:large","max-video-preview":"max-video-preview:-1"},"canonical":"https:\/\/onlinelotto365.com\/sr\/dobitni-brojevi\/","og_locale":"sr_RS","og_type":"article","og_title":"Svi me\u0111unarodni loto rezultati | Pobedni\u010dki brojevi najve\u0107ih lutrija","og_description":"Ovde prona\u0111ite ovonedeljne loto rezultate i dobitne brojeve za najvec\u0301e lutrije","og_url":"https:\/\/onlinelotto365.com\/sr\/dobitni-brojevi\/","og_site_name":"OnlineLotto365","article_modified_time":"2021-03-06T15:19:46+00:00","og_image":[{"url":"https:\/\/redfoxlotto.com\/image?size=8&amp;lottery=eurojackpot"}],"twitter_card":"summary_large_image","twitter_misc":{"\u041f\u0440\u043e\u0446\u0435\u045a\u0435\u043d\u043e \u0432\u0440\u0435\u043c\u0435 \u0447\u0438\u0442\u0430\u045a\u0430":"1 \u043c\u0438\u043d\u0443\u0442"},"schema":{"@context":"https:\/\/schema.org","@graph":[{"@type":"WebPage","@id":"https:\/\/onlinelotto365.com\/sr\/dobitni-brojevi\/","url":"https:\/\/onlinelotto365.com\/sr\/dobitni-brojevi\/","name":"Svi me\u0111unarodni loto rezultati | Pobedni\u010dki brojevi najve\u0107ih lutrija","isPartOf":{"@id":"https:\/\/onlinelotto365.com\/sr\/#website"},"primaryImageOfPage":{"@id":"https:\/\/onlinelotto365.com\/sr\/dobitni-brojevi\/#primaryimage"},"image":{"@id":"https:\/\/onlinelotto365.com\/sr\/dobitni-brojevi\/#primaryimage"},"thumbnailUrl":"https:\/\/redfoxlotto.com\/image?size=8&amp;lottery=eurojackpot","datePublished":"2020-12-05T09:04:31+00:00","dateModified":"2021-03-06T15:19:46+00:00","description":"Ovde prona\u0111ite ovonedeljne loto rezultate i dobitne brojeve za najvec\u0301e lutrije","breadcrumb":{"@id":"https:\/\/onlinelotto365.com\/sr\/dobitni-brojevi\/#breadcrumb"},"inLanguage":"sr-RS","potentialAction":[{"@type":"ReadAction","target":["https:\/\/onlinelotto365.com\/sr\/dobitni-brojevi\/"]}]},{"@type":"ImageObject","inLanguage":"sr-RS","@id":"https:\/\/onlinelotto365.com\/sr\/dobitni-brojevi\/#primaryimage","url":"https:\/\/redfoxlotto.com\/image?size=8&amp;lottery=eurojackpot","contentUrl":"https:\/\/redfoxlotto.com\/image?size=8&amp;lottery=eurojackpot"},{"@type":"BreadcrumbList","@id":"https:\/\/onlinelotto365.com\/sr\/dobitni-brojevi\/#breadcrumb","itemListElement":[{"@type":"ListItem","position":1,"name":"Home","item":"https:\/\/onlinelotto365.com\/sr\/"},{"@type":"ListItem","position":2,"name":"Tragate za me\u0111unarodnim loto rezultatima?"}]},{"@type":"WebSite","@id":"https:\/\/onlinelotto365.com\/sr\/#website","url":"https:\/\/onlinelotto365.com\/sr\/","name":"OnlineLotto365","description":"","potentialAction":[{"@type":"SearchAction","target":{"@type":"EntryPoint","urlTemplate":"https:\/\/onlinelotto365.com\/sr\/?s={search_term_string}"},"query-input":{"@type":"PropertyValueSpecification","valueRequired":true,"valueName":"search_term_string"}}],"inLanguage":"sr-RS"}]}},"_links":{"self":[{"href":"https:\/\/onlinelotto365.com\/sr\/wp-json\/wp\/v2\/pages\/5859","targetHints":{"allow":["GET"]}}],"collection":[{"href":"https:\/\/onlinelotto365.com\/sr\/wp-json\/wp\/v2\/pages"}],"about":[{"href":"https:\/\/onlinelotto365.com\/sr\/wp-json\/wp\/v2\/types\/page"}],"author":[{"embeddable":true,"href":"https:\/\/onlinelotto365.com\/sr\/wp-json\/wp\/v2\/users\/1"}],"replies":[{"embeddable":true,"href":"https:\/\/onlinelotto365.com\/sr\/wp-json\/wp\/v2\/comments?post=5859"}],"version-history":[{"count":0,"href":"https:\/\/onlinelotto365.com\/sr\/wp-json\/wp\/v2\/pages\/5859\/revisions"}],"wp:attachment":[{"href":"https:\/\/onlinelotto365.com\/sr\/wp-json\/wp\/v2\/media?parent=5859"}],"curies":[{"name":"wp","href":"https:\/\/api.w.org\/{rel}","templated":true}]}}