{"id":81567,"date":"2023-08-31T07:20:39","date_gmt":"2023-08-31T06:20:39","guid":{"rendered":"https:\/\/onlinelotto365.com\/igrajte\/kupite-svoje-superenalotto-ulaznice-odakle-god-zelite"},"modified":"2023-08-31T07:20:39","modified_gmt":"2023-08-31T06:20:39","slug":"kupite-svoje-superenalotto-ulaznice-odakle-god-zelite","status":"publish","type":"page","link":"https:\/\/onlinelotto365.com\/sr\/igrajte\/kupite-svoje-superenalotto-ulaznice-odakle-god-zelite\/","title":{"rendered":"Kupite svoje Superenalotto ulaznice odakle god \u017eelite."},"content":{"rendered":"<div class=\"flex-shrink-0 flex flex-col relative items-end\">\n<div class=\"w-[30px]\">\n<div class=\"relative p-1 rounded-sm h-[30px] w-[30px] text-white flex items-center justify-center\">Godinama, ljudi su \u017eudeli da igraju lutrije u drugim delovima sveta. I izazov ovde zaista nije bio nevoljnost razli\u010ditih lutrija da prihvate me\u0111unarodne igra\u010de lutrije. Problem je bio taj \u0161to fizi\u010dki morate biti u zemlji ili regionu u kojem se lutrija odr\u017eava kako biste mogli pravilno da igrate.<\/div>\n<\/div>\n<\/div>\n<div class=\"relative flex w-[calc(100%-50px)] flex-col gap-1 md:gap-3 lg:w-[calc(100%-115px)]\">\n<div class=\"flex flex-grow flex-col gap-3 max-w-full\">\n<div class=\"flex flex-col items-start gap-3 overflow-x-auto whitespace-pre-wrap break-words\">\n<div class=\"markdown prose w-full break-words dark:prose-invert light\">\n<p>Prvo, morate posetiti prodavnicu lutrije koja prodaje lutriju za koju \u017eelite kupiti ulaznice. To zna\u010di da morate biti u zemlji, ne samo jednom, ve\u0107 svaki put kada \u017eelite kupiti ulaznice. Dakle, to zna\u010di da biste morali putovati iz Ujedinjenog Kraljevstva do Italije kako biste kupili ulaznice za tri izvla\u010denja koja Superenalotto organizuje svake nedelje.<\/p>\n<p>Tako da ili morate tamo preseliti ili anga\u017eovati nekoga u Italiji da to u\u010dini umesto vas. To jednostavno nije ne\u0161to \u0161to smo sposobni da uradimo. Dok to radite, morali biste anga\u017eovati ljude u svim drugim zemljama koje imaju velike lutrije da rade za vas. To bi ko\u0161talo bogatstvo.<img decoding=\"async\" class=\"aligncenter\" src=\"https:\/\/redfoxlotto.com\/image?size=8&amp;lottery=superenalotto\" alt=\"superenalotto\" \/><\/p>\n<p>Ali sada postoji odli\u010dna alternativa &#8211; jednostavno igrajte online ovde na na\u0161em sajtu!<\/p>\n<h2>Mi pokrivamo sve va\u0161e potrebe u vezi sa lutrijom<\/h2>\n<p>Sve smo razjasnili \u0161to se ti\u010de toga kako da vas uvedemo u igru sa Superenalottom, kao i sa svim ostalim velikim lutrijama u svetu. Jednostavno kupujete bilo koje lutrijske ulaznice koje \u017eelite od nas online i iz Ujedinjenog Kraljevstva, a mi sve ostalo obavljamo umesto vas.<\/p>\n<p>Mi kupujemo ulaznice u va\u0161e ime i, za razliku od obi\u010dnih lutrijskih ulaznica koje mo\u017ee unov\u010diti ko god ih ima, mi ih \u010duvamo za vas. Zatim pratimo izvla\u010denja umesto vas, tako da to ne morate raditi ako ne \u017eelite, i obave\u0161tavamo vas svaki put kada osvojite.<\/p>\n<h2>Vi\u0161e informacija o Superenalottu<\/h2>\n<ul><img loading=\"lazy\" decoding=\"async\" class=\" wp-image-1334 alignright\" src=\"https:\/\/onlinelotto365.com\/wp-content\/uploads\/2020\/11\/online_lottery-115.jpg\" alt=\"Kupite Superenalotto ulaznice online\" width=\"452\" height=\"172\" \/><\/p>\n<li>Lutrija se odr\u017eava gde: Italija<\/li>\n<li>Koliko glavnih brojeva ima za odabir: 90<\/li>\n<li>Morate odabrati: 6<\/li>\n<li>Koliko dodatnih brojeva ima za odabir: nijedan<\/li>\n<li>Morate odabrati: nijedan<\/li>\n<li>Dana izvla\u010denja, sati: utorak, \u010detvrtak, subota, 19:00 GMT, 21:00 CET<\/li>\n<li>Minimalni d\u017eekpot: 2 miliona \u20ac<\/li>\n<li>Maksimalni iznos d\u017eekpota: nema ograni\u010denja<\/li>\n<li>Mogu\u0107a kombinacija brojeva za osvajanje d\u017eekpota: 1 prema 622.614.630<\/li>\n<li>Mogu\u0107a kombinacija brojeva za osvajanje nagrade nivoa 2: 1 prema 103.769.105<\/li>\n<li>Verovatno\u0107a osvajanja nagrade na bilo kom nivou: 1 prema 20,58<\/li>\n<li>Koliko nivoa nagrada postoji: v<\/li>\n<\/ul>\n<p>Da biste igrali Superenalotto, birate 6 brojeva iz ukupno 90 mogu\u0107ih brojeva. Tako\u0111e morate izabrati ono \u0161to nazivaju &#8222;Jolly&#8220; brojem me\u0111u tim 90 brojeva.<\/p>\n<p>Da biste osvojili d\u017eekpot, morate se poklopiti sa svih 6 va\u0161ih redovnih brojeva. Ako se poklope 5 plus &#8222;Jolly&#8220; broj, osvajate drugu nagradu. 5 brojeva bez &#8222;Jolly&#8220; broja vam donosi nagradu tre\u0107eg mesta, 4 ta\u010dna broja osvajaju \u010detvrto mesto, a samo 3 broja tako\u0111e donose nagradu.<\/p>\n<p>Izvla\u010denja se odr\u017eavaju 3 puta nedeljno, utorkom, \u010detvrtkom i subotom u 20:00 po italijanskom vremenu. Pru\u017eamo vam trenutni odbrojavanje do slede\u0107eg izvla\u010denja Superenalotta, kao i do svih drugih velikih lutrija za koje nudimo ulaznice online, tako da uvek znate koliko vremena vam preostaje.<\/p>\n<h2>Prednosti igranja Superenalotta online<\/h2>\n<p>Mnogi svetski igra\u010di lutrije vole da biraju vi\u0161e lutrija za igru, posebno zato \u0161to svaka od njih redovno nudi velike d\u017eekpotove. Zapravo, \u0161to se vi\u0161e izvla\u010denja u kojima u\u010destvujete, to bolje.<\/p>\n<p>Tako da iako se d\u017eekpotovi sa Superenalottom mo\u017eda ne mogu uporediti sa nekim od ve\u0107ih lutrija kao \u0161to su EuroMillions, Powerball ili Mega Millions, ipak \u0107ete \u017eeleti igrati i te lutrije. Superenalotto nije mala stvar, sa tipi\u010dnim d\u017eekpotovima \u010desto u desetinama miliona evra. Tako da sa dodatna 3 izvla\u010denja nedeljno koja Superenalotto nudi, to je 3 puta vi\u0161e zabave nedeljno nego \u0161to biste imali ako ne biste igrali.<\/p>\n<p>S obzirom na 3 dodatne \u0161anse za osvajanje velike nagrade, nije te\u0161ko videti za\u0161to toliko ljudi u Ujedinjenom Kraljevstvu voli ovu lutriju. S obzirom na to da sada mo\u017eete prakti\u010dno kupiti svoje ulaznice online, nema zapravo razloga da ne igrate. Razbacivanje novca na vi\u0161e lutrija je su\u0161tina, \u0161to dodatno pove\u0107ava uzbu\u0111enje prilikom igranja lutrija sada.<\/p>\n<p>Dakle, ako ste spremni za vi\u0161e zabave uz igranje lutrije, a znam da jeste, mo\u017eete odmah po\u010deti.<\/p>\n<h2>Kako \u0107u dobiti isplatu ako osvojim Superenalotto online?<\/h2>\n<p>Mi vam pru\u017eamo svu pomo\u0107 koja vam je potrebna da unov\u010dite svoje ulaznice, od podizanja manjih nagrada i odmah ih stavljamo na va\u0161 ra\u010dun kod nas, do preuzimanja i slanja svih potrebnih obrazaca za ve\u0107e nagrade ili \u010dak d\u017eekpotove. Dakle, nema potrebe za brigu ovde, jer ovo je punopravna usluga sa prvoklasnom podr\u0161kom i tretmanom za na\u0161e klijente iz Ujedinjenog Kraljevstva i drugih delova sveta.<\/p>\n<\/div>\n<\/div>\n<\/div>\n<\/div>\n","protected":false},"excerpt":{"rendered":"<p>Godinama, ljudi su \u017eudeli da igraju lutrije u drugim delovima sveta. I izazov ovde zaista nije bio nevoljnost razli\u010ditih lutrija da prihvate me\u0111unarodne igra\u010de lutrije. Problem je bio taj \u0161to fizi\u010dki morate biti u zemlji ili regionu u kojem se lutrija odr\u017eava kako biste mogli pravilno da igrate. Prvo, morate posetiti prodavnicu lutrije koja prodaje [&hellip;]<\/p>\n","protected":false},"author":1,"featured_media":0,"parent":5035,"menu_order":5,"comment_status":"closed","ping_status":"closed","template":"superenalotto.php","meta":{"_et_pb_use_builder":"","_et_pb_old_content":"","_et_gb_content_width":"","exclude_from_search":false,"footnotes":""},"class_list":["post-81567","page","type-page","status-publish","hentry"],"yoast_head":"<!-- This site is optimized with the Yoast SEO plugin v23.4 - https:\/\/yoast.com\/wordpress\/plugins\/seo\/ -->\n<title>Igrajte Superenalotto Italija online iz Ujedinjenog Kraljevstva | Kako kupiti Superena ulaznice online<\/title>\n<meta name=\"description\" content=\"Igrajte Superenalotto Italija online iz Ujedinjenog Kraljevstva | Kako kupiti Superena ulaznice online\" \/>\n<meta name=\"robots\" content=\"index, follow, max-snippet:-1, max-image-preview:large, max-video-preview:-1\" \/>\n<link rel=\"canonical\" href=\"https:\/\/onlinelotto365.com\/sr\/igrajte\/kupite-svoje-superenalotto-ulaznice-odakle-god-zelite\/\" \/>\n<meta property=\"og:locale\" content=\"sr_RS\" \/>\n<meta property=\"og:type\" content=\"article\" \/>\n<meta property=\"og:title\" content=\"Igrajte Superenalotto Italija online iz Ujedinjenog Kraljevstva | Kako kupiti Superena ulaznice online\" \/>\n<meta property=\"og:description\" content=\"Igrajte Superenalotto Italija online iz Ujedinjenog Kraljevstva | Kako kupiti Superena ulaznice online\" \/>\n<meta property=\"og:url\" content=\"https:\/\/onlinelotto365.com\/sr\/igrajte\/kupite-svoje-superenalotto-ulaznice-odakle-god-zelite\/\" \/>\n<meta property=\"og:site_name\" content=\"OnlineLotto365\" \/>\n<meta property=\"og:image\" content=\"https:\/\/redfoxlotto.com\/image?size=8&amp;lottery=superenalotto\" \/>\n<meta name=\"twitter:card\" content=\"summary_large_image\" \/>\n<meta name=\"twitter:label1\" content=\"\u041f\u0440\u043e\u0446\u0435\u045a\u0435\u043d\u043e \u0432\u0440\u0435\u043c\u0435 \u0447\u0438\u0442\u0430\u045a\u0430\" \/>\n\t<meta name=\"twitter:data1\" content=\"4 \u043c\u0438\u043d\u0443\u0442\u0430\" \/>\n<script type=\"application\/ld+json\" class=\"yoast-schema-graph\">{\"@context\":\"https:\/\/schema.org\",\"@graph\":[{\"@type\":\"WebPage\",\"@id\":\"https:\/\/onlinelotto365.com\/sr\/igrajte\/kupite-svoje-superenalotto-ulaznice-odakle-god-zelite\/\",\"url\":\"https:\/\/onlinelotto365.com\/sr\/igrajte\/kupite-svoje-superenalotto-ulaznice-odakle-god-zelite\/\",\"name\":\"Igrajte Superenalotto Italija online iz Ujedinjenog Kraljevstva | Kako kupiti Superena ulaznice online\",\"isPartOf\":{\"@id\":\"https:\/\/onlinelotto365.com\/sr\/#website\"},\"primaryImageOfPage\":{\"@id\":\"https:\/\/onlinelotto365.com\/sr\/igrajte\/kupite-svoje-superenalotto-ulaznice-odakle-god-zelite\/#primaryimage\"},\"image\":{\"@id\":\"https:\/\/onlinelotto365.com\/sr\/igrajte\/kupite-svoje-superenalotto-ulaznice-odakle-god-zelite\/#primaryimage\"},\"thumbnailUrl\":\"https:\/\/redfoxlotto.com\/image?size=8&amp;lottery=superenalotto\",\"datePublished\":\"2023-08-31T06:20:39+00:00\",\"dateModified\":\"2023-08-31T06:20:39+00:00\",\"description\":\"Igrajte Superenalotto Italija online iz Ujedinjenog Kraljevstva | Kako kupiti Superena ulaznice online\",\"breadcrumb\":{\"@id\":\"https:\/\/onlinelotto365.com\/sr\/igrajte\/kupite-svoje-superenalotto-ulaznice-odakle-god-zelite\/#breadcrumb\"},\"inLanguage\":\"sr-RS\",\"potentialAction\":[{\"@type\":\"ReadAction\",\"target\":[\"https:\/\/onlinelotto365.com\/sr\/igrajte\/kupite-svoje-superenalotto-ulaznice-odakle-god-zelite\/\"]}]},{\"@type\":\"ImageObject\",\"inLanguage\":\"sr-RS\",\"@id\":\"https:\/\/onlinelotto365.com\/sr\/igrajte\/kupite-svoje-superenalotto-ulaznice-odakle-god-zelite\/#primaryimage\",\"url\":\"https:\/\/redfoxlotto.com\/image?size=8&amp;lottery=superenalotto\",\"contentUrl\":\"https:\/\/redfoxlotto.com\/image?size=8&amp;lottery=superenalotto\"},{\"@type\":\"BreadcrumbList\",\"@id\":\"https:\/\/onlinelotto365.com\/sr\/igrajte\/kupite-svoje-superenalotto-ulaznice-odakle-god-zelite\/#breadcrumb\",\"itemListElement\":[{\"@type\":\"ListItem\",\"position\":1,\"name\":\"Home\",\"item\":\"https:\/\/onlinelotto365.com\/sr\/\"},{\"@type\":\"ListItem\",\"position\":2,\"name\":\"Igrajte koji god loto po\u017eelite, bez obzira gde \u017eivite\",\"item\":\"https:\/\/onlinelotto365.com\/sr\/play\/\"},{\"@type\":\"ListItem\",\"position\":3,\"name\":\"Kupite svoje Superenalotto ulaznice odakle god \u017eelite.\"}]},{\"@type\":\"WebSite\",\"@id\":\"https:\/\/onlinelotto365.com\/sr\/#website\",\"url\":\"https:\/\/onlinelotto365.com\/sr\/\",\"name\":\"OnlineLotto365\",\"description\":\"\",\"potentialAction\":[{\"@type\":\"SearchAction\",\"target\":{\"@type\":\"EntryPoint\",\"urlTemplate\":\"https:\/\/onlinelotto365.com\/sr\/?s={search_term_string}\"},\"query-input\":{\"@type\":\"PropertyValueSpecification\",\"valueRequired\":true,\"valueName\":\"search_term_string\"}}],\"inLanguage\":\"sr-RS\"}]}<\/script>\n<!-- \/ Yoast SEO plugin. -->","yoast_head_json":{"title":"Igrajte Superenalotto Italija online iz Ujedinjenog Kraljevstva | Kako kupiti Superena ulaznice online","description":"Igrajte Superenalotto Italija online iz Ujedinjenog Kraljevstva | Kako kupiti Superena ulaznice online","robots":{"index":"index","follow":"follow","max-snippet":"max-snippet:-1","max-image-preview":"max-image-preview:large","max-video-preview":"max-video-preview:-1"},"canonical":"https:\/\/onlinelotto365.com\/sr\/igrajte\/kupite-svoje-superenalotto-ulaznice-odakle-god-zelite\/","og_locale":"sr_RS","og_type":"article","og_title":"Igrajte Superenalotto Italija online iz Ujedinjenog Kraljevstva | Kako kupiti Superena ulaznice online","og_description":"Igrajte Superenalotto Italija online iz Ujedinjenog Kraljevstva | Kako kupiti Superena ulaznice online","og_url":"https:\/\/onlinelotto365.com\/sr\/igrajte\/kupite-svoje-superenalotto-ulaznice-odakle-god-zelite\/","og_site_name":"OnlineLotto365","og_image":[{"url":"https:\/\/redfoxlotto.com\/image?size=8&amp;lottery=superenalotto"}],"twitter_card":"summary_large_image","twitter_misc":{"\u041f\u0440\u043e\u0446\u0435\u045a\u0435\u043d\u043e \u0432\u0440\u0435\u043c\u0435 \u0447\u0438\u0442\u0430\u045a\u0430":"4 \u043c\u0438\u043d\u0443\u0442\u0430"},"schema":{"@context":"https:\/\/schema.org","@graph":[{"@type":"WebPage","@id":"https:\/\/onlinelotto365.com\/sr\/igrajte\/kupite-svoje-superenalotto-ulaznice-odakle-god-zelite\/","url":"https:\/\/onlinelotto365.com\/sr\/igrajte\/kupite-svoje-superenalotto-ulaznice-odakle-god-zelite\/","name":"Igrajte Superenalotto Italija online iz Ujedinjenog Kraljevstva | Kako kupiti Superena ulaznice online","isPartOf":{"@id":"https:\/\/onlinelotto365.com\/sr\/#website"},"primaryImageOfPage":{"@id":"https:\/\/onlinelotto365.com\/sr\/igrajte\/kupite-svoje-superenalotto-ulaznice-odakle-god-zelite\/#primaryimage"},"image":{"@id":"https:\/\/onlinelotto365.com\/sr\/igrajte\/kupite-svoje-superenalotto-ulaznice-odakle-god-zelite\/#primaryimage"},"thumbnailUrl":"https:\/\/redfoxlotto.com\/image?size=8&amp;lottery=superenalotto","datePublished":"2023-08-31T06:20:39+00:00","dateModified":"2023-08-31T06:20:39+00:00","description":"Igrajte Superenalotto Italija online iz Ujedinjenog Kraljevstva | Kako kupiti Superena ulaznice online","breadcrumb":{"@id":"https:\/\/onlinelotto365.com\/sr\/igrajte\/kupite-svoje-superenalotto-ulaznice-odakle-god-zelite\/#breadcrumb"},"inLanguage":"sr-RS","potentialAction":[{"@type":"ReadAction","target":["https:\/\/onlinelotto365.com\/sr\/igrajte\/kupite-svoje-superenalotto-ulaznice-odakle-god-zelite\/"]}]},{"@type":"ImageObject","inLanguage":"sr-RS","@id":"https:\/\/onlinelotto365.com\/sr\/igrajte\/kupite-svoje-superenalotto-ulaznice-odakle-god-zelite\/#primaryimage","url":"https:\/\/redfoxlotto.com\/image?size=8&amp;lottery=superenalotto","contentUrl":"https:\/\/redfoxlotto.com\/image?size=8&amp;lottery=superenalotto"},{"@type":"BreadcrumbList","@id":"https:\/\/onlinelotto365.com\/sr\/igrajte\/kupite-svoje-superenalotto-ulaznice-odakle-god-zelite\/#breadcrumb","itemListElement":[{"@type":"ListItem","position":1,"name":"Home","item":"https:\/\/onlinelotto365.com\/sr\/"},{"@type":"ListItem","position":2,"name":"Igrajte koji god loto po\u017eelite, bez obzira gde \u017eivite","item":"https:\/\/onlinelotto365.com\/sr\/play\/"},{"@type":"ListItem","position":3,"name":"Kupite svoje Superenalotto ulaznice odakle god \u017eelite."}]},{"@type":"WebSite","@id":"https:\/\/onlinelotto365.com\/sr\/#website","url":"https:\/\/onlinelotto365.com\/sr\/","name":"OnlineLotto365","description":"","potentialAction":[{"@type":"SearchAction","target":{"@type":"EntryPoint","urlTemplate":"https:\/\/onlinelotto365.com\/sr\/?s={search_term_string}"},"query-input":{"@type":"PropertyValueSpecification","valueRequired":true,"valueName":"search_term_string"}}],"inLanguage":"sr-RS"}]}},"_links":{"self":[{"href":"https:\/\/onlinelotto365.com\/sr\/wp-json\/wp\/v2\/pages\/81567","targetHints":{"allow":["GET"]}}],"collection":[{"href":"https:\/\/onlinelotto365.com\/sr\/wp-json\/wp\/v2\/pages"}],"about":[{"href":"https:\/\/onlinelotto365.com\/sr\/wp-json\/wp\/v2\/types\/page"}],"author":[{"embeddable":true,"href":"https:\/\/onlinelotto365.com\/sr\/wp-json\/wp\/v2\/users\/1"}],"replies":[{"embeddable":true,"href":"https:\/\/onlinelotto365.com\/sr\/wp-json\/wp\/v2\/comments?post=81567"}],"version-history":[{"count":0,"href":"https:\/\/onlinelotto365.com\/sr\/wp-json\/wp\/v2\/pages\/81567\/revisions"}],"up":[{"embeddable":true,"href":"https:\/\/onlinelotto365.com\/sr\/wp-json\/wp\/v2\/pages\/5035"}],"wp:attachment":[{"href":"https:\/\/onlinelotto365.com\/sr\/wp-json\/wp\/v2\/media?parent=81567"}],"curies":[{"name":"wp","href":"https:\/\/api.w.org\/{rel}","templated":true}]}}