{"id":81981,"date":"2023-09-03T09:01:38","date_gmt":"2023-09-03T08:01:38","guid":{"rendered":"https:\/\/onlinelotto365.com\/igrajte\/kako-igrati-spansku-lutriju-la-primitiva"},"modified":"2023-09-03T09:01:38","modified_gmt":"2023-09-03T08:01:38","slug":"kako-igrati-spansku-lutriju-la-primitiva","status":"publish","type":"page","link":"https:\/\/onlinelotto365.com\/sr\/igrajte\/kako-igrati-spansku-lutriju-la-primitiva\/","title":{"rendered":"Kako igrati \u0161pansku lutriju La Primitiva"},"content":{"rendered":"<h2>O lutriji La Primitiva<\/h2>\n<p>Ova lutrija iz \u0160panije tako\u0111e je poznata kao El Gordo, iako je to zavaravaju\u0107e. Zapavo, El Gordo je nadimak Bo\u017ei\u0107nog izdanja lutrije La Primitiva. Dok mo\u017eete igrati La Primitivu tokom cele godine, El Gordo se nudi samo za Bo\u017ei\u0107. La Primitiva se mo\u017ee igrati onlajn od strane stanovnika Velike Britanije putem na\u0161eg sajta.<\/p>\n<p>Postoje dva izvla\u010denja nedeljno za La Primitivu. \u0160anse za osvajanje d\u017eekpota su relativno visoke jer nema dodatnih brojeva.<\/p>\n<ul><img decoding=\"async\" class=\"aligncenter\" src=\"https:\/\/redfoxlotto.com\/image?size=8&amp;lottery=la-primitiva\" alt=\"La Primitiva\" \/><\/p>\n<li>Zemlja: \u0160panija<\/li>\n<li>Raspon glavnih brojeva: 49<\/li>\n<li>Morate izabrati: 6<\/li>\n<li>Raspon dodatnih brojeva:<\/li>\n<li>Morate izabrati: 1<\/li>\n<li>Dani, sati izvla\u010denja: \u010detvrtak, subota, 21:30 CET &#8211; 21:30 CET<\/li>\n<li>Po\u010detni d\u017eekpot: 2 miliona evra<\/li>\n<li>D\u017eekpot je ograni\u010den na: nema ograni\u010denja<\/li>\n<li>\u0160ansa za osvajanje d\u017eekpota: 1 u 15.537.573<\/li>\n<li>\u0160ansa za osvajanje druge nagrade: 1 u 542.008<\/li>\n<li>\u0160ansa za osvajanje bilo koje nagrade: 1 u 8,43<\/li>\n<li>Broj kategorija nagrada: 9<\/li>\n<\/ul>\n<h2>Najbolje karakteristike La Primitive<\/h2>\n<p>Kao \u0161to je ve\u0107 pomenuto, \u010dinjenica da morate odabrati samo 6 brojeva od 49, bez dodatnih brojeva, zna\u010di da su va\u0161e \u0161anse za osvajanje d\u017eekpota zapravo prili\u010dno dobre.<\/p>\n<h2>Kako proveriti rezultate La Primitive<\/h2>\n<p><img loading=\"lazy\" decoding=\"async\" class=\"alignright size-full wp-image-905\" src=\"https:\/\/onlinelotto365.com\/wp-content\/uploads\/2020\/11\/online_lottery-71.jpg\" alt=\"grajte La Primitivu\" width=\"302\" height=\"100\" \/><br \/>\nAko ste kupili svoju kartu onlajn iz Velike Britanije ili bilo koje druge zemlje izvan \u0160panije, pronala\u017eenje dobitnih brojeva i iznosa nagrada mo\u017ee biti te\u0161ko. Ali ovde na na\u0161em sajtu, objavljujemo rezultate odmah nakon \u0161to budu izvu\u010deni brojevi lutrije La Primitiva. \u010dak mo\u017eete pogledati svoju kartu u svom korisni\u010dkom nalogu, gde odmah mo\u017eete videti koji brojevi sa va\u0161e lutrijske karte se podudaraju sa rezultatima izvla\u010denja.<\/p>\n<h2>Igrali ste La Primitivu onlajn i pobedili &#8211; \u0161ta se de\u0161ava nakon toga?<\/h2>\n<p>Ako je va\u0161a karta osvojila nagradu manju od 2500 evra, taj iznos \u0107e biti na va\u0161em korisni\u010dkom nalogu odmah nakon izvla\u010denja. Ako osvojite ve\u0107u nagradu, molimo vas da kontaktirate na\u0161 tim za podr\u0161ku. Oni \u0107e vam pomo\u0107i da postavite uplatu, ili direktno na va\u0161 bankovni ra\u010dun ili \u010dekom.<\/p>\n","protected":false},"excerpt":{"rendered":"<p>O lutriji La Primitiva Ova lutrija iz \u0160panije tako\u0111e je poznata kao El Gordo, iako je to zavaravaju\u0107e. Zapavo, El Gordo je nadimak Bo\u017ei\u0107nog izdanja lutrije La Primitiva. Dok mo\u017eete igrati La Primitivu tokom cele godine, El Gordo se nudi samo za Bo\u017ei\u0107. La Primitiva se mo\u017ee igrati onlajn od strane stanovnika Velike Britanije putem [&hellip;]<\/p>\n","protected":false},"author":1,"featured_media":0,"parent":5035,"menu_order":7,"comment_status":"closed","ping_status":"closed","template":"la-primitiva.php","meta":{"_et_pb_use_builder":"","_et_pb_old_content":"","_et_gb_content_width":"","exclude_from_search":false,"footnotes":""},"class_list":["post-81981","page","type-page","status-publish","hentry"],"yoast_head":"<!-- This site is optimized with the Yoast SEO plugin v23.4 - https:\/\/yoast.com\/wordpress\/plugins\/seo\/ -->\n<title>Igrajte La Primitivu \u0160panija onlajn | La Primitiva iz Velike Britanije<\/title>\n<meta name=\"description\" content=\"Igrajte La Primitivu \u0160panija onlajn | La Primitiva iz Velike Britanije\" \/>\n<meta name=\"robots\" content=\"index, follow, max-snippet:-1, max-image-preview:large, max-video-preview:-1\" \/>\n<link rel=\"canonical\" href=\"https:\/\/onlinelotto365.com\/sr\/igrajte\/kako-igrati-spansku-lutriju-la-primitiva\/\" \/>\n<meta property=\"og:locale\" content=\"sr_RS\" \/>\n<meta property=\"og:type\" content=\"article\" \/>\n<meta property=\"og:title\" content=\"Igrajte La Primitivu \u0160panija onlajn | La Primitiva iz Velike Britanije\" \/>\n<meta property=\"og:description\" content=\"Igrajte La Primitivu \u0160panija onlajn | La Primitiva iz Velike Britanije\" \/>\n<meta property=\"og:url\" content=\"https:\/\/onlinelotto365.com\/sr\/igrajte\/kako-igrati-spansku-lutriju-la-primitiva\/\" \/>\n<meta property=\"og:site_name\" content=\"OnlineLotto365\" \/>\n<meta property=\"og:image\" content=\"https:\/\/redfoxlotto.com\/image?size=8&amp;lottery=la-primitiva\" \/>\n<meta name=\"twitter:card\" content=\"summary_large_image\" \/>\n<meta name=\"twitter:label1\" content=\"\u041f\u0440\u043e\u0446\u0435\u045a\u0435\u043d\u043e \u0432\u0440\u0435\u043c\u0435 \u0447\u0438\u0442\u0430\u045a\u0430\" \/>\n\t<meta name=\"twitter:data1\" content=\"2 \u043c\u0438\u043d\u0443\u0442\u0430\" \/>\n<script type=\"application\/ld+json\" class=\"yoast-schema-graph\">{\"@context\":\"https:\/\/schema.org\",\"@graph\":[{\"@type\":\"WebPage\",\"@id\":\"https:\/\/onlinelotto365.com\/sr\/igrajte\/kako-igrati-spansku-lutriju-la-primitiva\/\",\"url\":\"https:\/\/onlinelotto365.com\/sr\/igrajte\/kako-igrati-spansku-lutriju-la-primitiva\/\",\"name\":\"Igrajte La Primitivu \u0160panija onlajn | La Primitiva iz Velike Britanije\",\"isPartOf\":{\"@id\":\"https:\/\/onlinelotto365.com\/sr\/#website\"},\"primaryImageOfPage\":{\"@id\":\"https:\/\/onlinelotto365.com\/sr\/igrajte\/kako-igrati-spansku-lutriju-la-primitiva\/#primaryimage\"},\"image\":{\"@id\":\"https:\/\/onlinelotto365.com\/sr\/igrajte\/kako-igrati-spansku-lutriju-la-primitiva\/#primaryimage\"},\"thumbnailUrl\":\"https:\/\/redfoxlotto.com\/image?size=8&amp;lottery=la-primitiva\",\"datePublished\":\"2023-09-03T08:01:38+00:00\",\"dateModified\":\"2023-09-03T08:01:38+00:00\",\"description\":\"Igrajte La Primitivu \u0160panija onlajn | La Primitiva iz Velike Britanije\",\"breadcrumb\":{\"@id\":\"https:\/\/onlinelotto365.com\/sr\/igrajte\/kako-igrati-spansku-lutriju-la-primitiva\/#breadcrumb\"},\"inLanguage\":\"sr-RS\",\"potentialAction\":[{\"@type\":\"ReadAction\",\"target\":[\"https:\/\/onlinelotto365.com\/sr\/igrajte\/kako-igrati-spansku-lutriju-la-primitiva\/\"]}]},{\"@type\":\"ImageObject\",\"inLanguage\":\"sr-RS\",\"@id\":\"https:\/\/onlinelotto365.com\/sr\/igrajte\/kako-igrati-spansku-lutriju-la-primitiva\/#primaryimage\",\"url\":\"https:\/\/redfoxlotto.com\/image?size=8&amp;lottery=la-primitiva\",\"contentUrl\":\"https:\/\/redfoxlotto.com\/image?size=8&amp;lottery=la-primitiva\"},{\"@type\":\"BreadcrumbList\",\"@id\":\"https:\/\/onlinelotto365.com\/sr\/igrajte\/kako-igrati-spansku-lutriju-la-primitiva\/#breadcrumb\",\"itemListElement\":[{\"@type\":\"ListItem\",\"position\":1,\"name\":\"Home\",\"item\":\"https:\/\/onlinelotto365.com\/sr\/\"},{\"@type\":\"ListItem\",\"position\":2,\"name\":\"Igrajte koji god loto po\u017eelite, bez obzira gde \u017eivite\",\"item\":\"https:\/\/onlinelotto365.com\/sr\/play\/\"},{\"@type\":\"ListItem\",\"position\":3,\"name\":\"Kako igrati \u0161pansku lutriju La Primitiva\"}]},{\"@type\":\"WebSite\",\"@id\":\"https:\/\/onlinelotto365.com\/sr\/#website\",\"url\":\"https:\/\/onlinelotto365.com\/sr\/\",\"name\":\"OnlineLotto365\",\"description\":\"\",\"potentialAction\":[{\"@type\":\"SearchAction\",\"target\":{\"@type\":\"EntryPoint\",\"urlTemplate\":\"https:\/\/onlinelotto365.com\/sr\/?s={search_term_string}\"},\"query-input\":{\"@type\":\"PropertyValueSpecification\",\"valueRequired\":true,\"valueName\":\"search_term_string\"}}],\"inLanguage\":\"sr-RS\"}]}<\/script>\n<!-- \/ Yoast SEO plugin. -->","yoast_head_json":{"title":"Igrajte La Primitivu \u0160panija onlajn | La Primitiva iz Velike Britanije","description":"Igrajte La Primitivu \u0160panija onlajn | La Primitiva iz Velike Britanije","robots":{"index":"index","follow":"follow","max-snippet":"max-snippet:-1","max-image-preview":"max-image-preview:large","max-video-preview":"max-video-preview:-1"},"canonical":"https:\/\/onlinelotto365.com\/sr\/igrajte\/kako-igrati-spansku-lutriju-la-primitiva\/","og_locale":"sr_RS","og_type":"article","og_title":"Igrajte La Primitivu \u0160panija onlajn | La Primitiva iz Velike Britanije","og_description":"Igrajte La Primitivu \u0160panija onlajn | La Primitiva iz Velike Britanije","og_url":"https:\/\/onlinelotto365.com\/sr\/igrajte\/kako-igrati-spansku-lutriju-la-primitiva\/","og_site_name":"OnlineLotto365","og_image":[{"url":"https:\/\/redfoxlotto.com\/image?size=8&amp;lottery=la-primitiva"}],"twitter_card":"summary_large_image","twitter_misc":{"\u041f\u0440\u043e\u0446\u0435\u045a\u0435\u043d\u043e \u0432\u0440\u0435\u043c\u0435 \u0447\u0438\u0442\u0430\u045a\u0430":"2 \u043c\u0438\u043d\u0443\u0442\u0430"},"schema":{"@context":"https:\/\/schema.org","@graph":[{"@type":"WebPage","@id":"https:\/\/onlinelotto365.com\/sr\/igrajte\/kako-igrati-spansku-lutriju-la-primitiva\/","url":"https:\/\/onlinelotto365.com\/sr\/igrajte\/kako-igrati-spansku-lutriju-la-primitiva\/","name":"Igrajte La Primitivu \u0160panija onlajn | La Primitiva iz Velike Britanije","isPartOf":{"@id":"https:\/\/onlinelotto365.com\/sr\/#website"},"primaryImageOfPage":{"@id":"https:\/\/onlinelotto365.com\/sr\/igrajte\/kako-igrati-spansku-lutriju-la-primitiva\/#primaryimage"},"image":{"@id":"https:\/\/onlinelotto365.com\/sr\/igrajte\/kako-igrati-spansku-lutriju-la-primitiva\/#primaryimage"},"thumbnailUrl":"https:\/\/redfoxlotto.com\/image?size=8&amp;lottery=la-primitiva","datePublished":"2023-09-03T08:01:38+00:00","dateModified":"2023-09-03T08:01:38+00:00","description":"Igrajte La Primitivu \u0160panija onlajn | La Primitiva iz Velike Britanije","breadcrumb":{"@id":"https:\/\/onlinelotto365.com\/sr\/igrajte\/kako-igrati-spansku-lutriju-la-primitiva\/#breadcrumb"},"inLanguage":"sr-RS","potentialAction":[{"@type":"ReadAction","target":["https:\/\/onlinelotto365.com\/sr\/igrajte\/kako-igrati-spansku-lutriju-la-primitiva\/"]}]},{"@type":"ImageObject","inLanguage":"sr-RS","@id":"https:\/\/onlinelotto365.com\/sr\/igrajte\/kako-igrati-spansku-lutriju-la-primitiva\/#primaryimage","url":"https:\/\/redfoxlotto.com\/image?size=8&amp;lottery=la-primitiva","contentUrl":"https:\/\/redfoxlotto.com\/image?size=8&amp;lottery=la-primitiva"},{"@type":"BreadcrumbList","@id":"https:\/\/onlinelotto365.com\/sr\/igrajte\/kako-igrati-spansku-lutriju-la-primitiva\/#breadcrumb","itemListElement":[{"@type":"ListItem","position":1,"name":"Home","item":"https:\/\/onlinelotto365.com\/sr\/"},{"@type":"ListItem","position":2,"name":"Igrajte koji god loto po\u017eelite, bez obzira gde \u017eivite","item":"https:\/\/onlinelotto365.com\/sr\/play\/"},{"@type":"ListItem","position":3,"name":"Kako igrati \u0161pansku lutriju La Primitiva"}]},{"@type":"WebSite","@id":"https:\/\/onlinelotto365.com\/sr\/#website","url":"https:\/\/onlinelotto365.com\/sr\/","name":"OnlineLotto365","description":"","potentialAction":[{"@type":"SearchAction","target":{"@type":"EntryPoint","urlTemplate":"https:\/\/onlinelotto365.com\/sr\/?s={search_term_string}"},"query-input":{"@type":"PropertyValueSpecification","valueRequired":true,"valueName":"search_term_string"}}],"inLanguage":"sr-RS"}]}},"_links":{"self":[{"href":"https:\/\/onlinelotto365.com\/sr\/wp-json\/wp\/v2\/pages\/81981","targetHints":{"allow":["GET"]}}],"collection":[{"href":"https:\/\/onlinelotto365.com\/sr\/wp-json\/wp\/v2\/pages"}],"about":[{"href":"https:\/\/onlinelotto365.com\/sr\/wp-json\/wp\/v2\/types\/page"}],"author":[{"embeddable":true,"href":"https:\/\/onlinelotto365.com\/sr\/wp-json\/wp\/v2\/users\/1"}],"replies":[{"embeddable":true,"href":"https:\/\/onlinelotto365.com\/sr\/wp-json\/wp\/v2\/comments?post=81981"}],"version-history":[{"count":0,"href":"https:\/\/onlinelotto365.com\/sr\/wp-json\/wp\/v2\/pages\/81981\/revisions"}],"up":[{"embeddable":true,"href":"https:\/\/onlinelotto365.com\/sr\/wp-json\/wp\/v2\/pages\/5035"}],"wp:attachment":[{"href":"https:\/\/onlinelotto365.com\/sr\/wp-json\/wp\/v2\/media?parent=81981"}],"curies":[{"name":"wp","href":"https:\/\/api.w.org\/{rel}","templated":true}]}}