{"id":81989,"date":"2023-09-03T10:00:37","date_gmt":"2023-09-03T09:00:37","guid":{"rendered":"https:\/\/onlinelotto365.com\/igrajte\/bonoloto-je-sada-dostupna-sa-svih-mesta"},"modified":"2023-09-03T10:00:37","modified_gmt":"2023-09-03T09:00:37","slug":"bonoloto-je-sada-dostupna-sa-svih-mesta","status":"publish","type":"page","link":"https:\/\/onlinelotto365.com\/sr\/igrajte\/bonoloto-je-sada-dostupna-sa-svih-mesta\/","title":{"rendered":"Bonoloto je sada dostupna sa svih mesta."},"content":{"rendered":"<h2>Kako igrati BonoLoto online<\/h2>\n<p>Igranje BonoLoto je lak\u0161e nego \u0161to mislite. Sve \u0161to trebate u\u010diniti je znati gdje po\u010deti i gdje kupiti svoje ulaznice. I najbolje mesto za to je upravo kod nas, uz nekoliko jednostavnih koraka.<\/p>\n<p>Na\u0161 sistem se brine da budete zbrinuti od po\u010detka do kraja. Sve \u0161to trebate u\u010diniti je da postavite potpuno besplatan ra\u010dun i krenete. Mo\u0107i \u0107ete izabrati iz svih razli\u010ditih lutrijskih igara koje imamo na raspolaganju i izabrati ulaznice i odabrane brojeve koje \u017eelite. Zatim mo\u017eete platiti svojim omiljenim na\u010dinom pla\u0107anja i to je to.<\/p>\n<p>Sve \u0161to trebate u\u010diniti je da pogledate razli\u010dite lutrijske igre koje imamo na raspolaganju i izaberete pravu (BonoLoto). Od tamo izaberete brojeve koje \u017eelite igrati. Ako izaberete previ\u0161e ili premalo, to nije va\u017eno, na\u0161 sistem \u0107e vas obavestiti o tome \u0161ta trebate u\u010diniti kako biste ispravili svoju ulaznicu. Ili mo\u017eete izabrati da vam ra\u010dunar nasumi\u010dno dodeli brojeve.<\/p>\n<p>Kada ste dobili ulaznice koje \u017eelite za BonoLoto, mo\u017eete izabrati da dodate i ulaznice za druge igre. To \u0107e biti izuzetno jednostavno i traje samo nekoliko minuta. Sa\u010dekate da stigne va\u0161a verifikaciona e-po\u0161ta na adresu koju nam dajete i kliknete na link. To je sve \u0161to je potrebno i va\u0161 ra\u010dun \u0107e biti postavljen. Na taj na\u010din mo\u017eete nastaviti da kupujete ulaznice.<\/p>\n<p>Obavezno pratite verifikacioni link kako u va\u0161em redovnom sandu\u010detu za e-po\u0161tu, tako i u spam folderu, kako biste bili sigurni. Ako nismo u va\u0161em adresaru, mo\u017eda ne\u0107ete videti e-po\u0161tu u svom redovnom sandu\u010detu za e-po\u0161tu.<\/p>\n<h2>O BonoLoto<\/h2>\n<ul><img decoding=\"async\" class=\"aligncenter\" src=\"https:\/\/redfoxlotto.com\/image?size=8&amp;lottery=bonoloto\" alt=\"Bono Lotto\" \/><\/p>\n<li>Zemlja: \u0160panija<\/li>\n<li>Raspon glavnih brojeva: 49<\/li>\n<li>Morate izabrati: 6<\/li>\n<li>Dani i sati izvla\u010denja: svakodnevno osim nedelje, 21:30 CET &#8211; 21:30 CET<\/li>\n<li>Jackpot po\u010dinje od: \u20ac400.000<\/li>\n<li>Jackpot nema ograni\u010denja<\/li>\n<li>\u0160ansa za osvajanje jackpot-a: 1 prema 13983816<\/li>\n<li>\u0160ansa za osvajanje drugog nagradnog mjesta: 1 prema 2330636<\/li>\n<li>\u0160ansa za osvajanje bilo koje nagrade: 1 prema 8,43<\/li>\n<li>Broj kategorija nagrada: 6<\/li>\n<\/ul>\n<h2>Najbolje karakteristike BonoLoto<\/h2>\n<p>BonoLoto postoji ve\u0107 neko vreme i tokom tog vremena je dodeljivao mnogo nagrada. \u0160tavi\u0161e, ima \u010detiri razli\u010dita izvla\u010denja svake nedelje i prvobitno je kreiran kao pristupa\u010dna opcija. I dalje je pristupa\u010dan i mo\u017eete osvojiti deo od 55% prihoda u ukupnim nagradama.<\/p>\n<h2>Kako proveriti rezultate BonoLoto<\/h2>\n<p><img loading=\"lazy\" decoding=\"async\" class=\"alignright wp-image-3656\" src=\"https:\/\/onlinelotto365.com\/wp-content\/uploads\/2020\/11\/online_lottery-16-300x200.jpg\" alt=\"Igrajte Bonoloto online\" width=\"215\" height=\"143\" srcset=\"https:\/\/onlinelotto365.com\/wp-content\/uploads\/2020\/11\/online_lottery-16-300x200.jpg 300w, https:\/\/onlinelotto365.com\/wp-content\/uploads\/2020\/11\/online_lottery-16.jpg 320w\" sizes=\"auto, (max-width: 215px) 100vw, 215px\" \/><br \/>\nJeste li spremni da vidite koji su dobitni brojevi za BonoLoto? Pa, zapravo je vrlo jednostavno, jer sve \u0161to trebate u\u010diniti je da posetite zvani\u010dni sajt BonoLoto. Ili mo\u017eete izabrati da proverite lokalne novine i televizijske stanice. Ovi mediji svi objavljuju dobitne brojeve. Ali najbolje mesto za odlazak je definitivno mesto gde ste kupili svoju ulaznicu, a to je upravo ovde. Mo\u0107i \u0107ete da vidite dobitne brojeve kao i svoje brojeve i kako se upore\u0111uju. Na taj na\u010din mo\u017eete odmah videti svoje dobitke.<\/p>\n<h2>Ako ste igrali BonoLoto online i osvojili &#8211; \u0161ta se de\u0161ava dalje?<\/h2>\n<ul>\n<li>Ako osvojite manje od \u20ac2500, ne morate ni\u0161ta raditi. To je zato \u0161to mi za vas podnosimo zahtev za isplatu i novac se direktno upla\u0107uje na va\u0161 ra\u010dun. Bi\u0107e tamo da ga koristite kako i kada \u017eelite. Ili ga mo\u017eete povu\u0107i na svoj redovni bankovni ra\u010dun ako imate najmanje \u20ac10.<\/li>\n<li>Ako osvojite vi\u0161e od \u20ac2500, mora\u0107ete sa\u010dekati da vas kontaktira na\u0161 tim za podr\u0161ku, jer postoji malo vi\u0161e procedura kako biste dobili svoj dobitak. Sre\u0107om, poma\u017eemo vam u procesu i odmah vas pokre\u0107emo kako biste mogli da dobijete novac \u010dekom ili direktno na svoj ra\u010dun.<\/li>\n<\/ul>\n","protected":false},"excerpt":{"rendered":"<p>Kako igrati BonoLoto online Igranje BonoLoto je lak\u0161e nego \u0161to mislite. Sve \u0161to trebate u\u010diniti je znati gdje po\u010deti i gdje kupiti svoje ulaznice. I najbolje mesto za to je upravo kod nas, uz nekoliko jednostavnih koraka. Na\u0161 sistem se brine da budete zbrinuti od po\u010detka do kraja. Sve \u0161to trebate u\u010diniti je da postavite [&hellip;]<\/p>\n","protected":false},"author":1,"featured_media":0,"parent":5035,"menu_order":8,"comment_status":"closed","ping_status":"closed","template":"","meta":{"_et_pb_use_builder":"","_et_pb_old_content":"","_et_gb_content_width":"","exclude_from_search":false,"footnotes":""},"class_list":["post-81989","page","type-page","status-publish","hentry"],"yoast_head":"<!-- This site is optimized with the Yoast SEO plugin v23.4 - https:\/\/yoast.com\/wordpress\/plugins\/seo\/ -->\n<title>Kako igrati BonoLoto ako \u017eivite u Velikoj Britaniji<\/title>\n<meta name=\"description\" content=\"Pravno naru\u010dite ulaznice za igranje Bonoloto ovde na na\u0161em sajtu.\" \/>\n<meta name=\"robots\" content=\"index, follow, max-snippet:-1, max-image-preview:large, max-video-preview:-1\" \/>\n<link rel=\"canonical\" href=\"https:\/\/onlinelotto365.com\/sr\/igrajte\/bonoloto-je-sada-dostupna-sa-svih-mesta\/\" \/>\n<meta property=\"og:locale\" content=\"sr_RS\" \/>\n<meta property=\"og:type\" content=\"article\" \/>\n<meta property=\"og:title\" content=\"Kako igrati BonoLoto ako \u017eivite u Velikoj Britaniji\" \/>\n<meta property=\"og:description\" content=\"Pravno naru\u010dite ulaznice za igranje Bonoloto ovde na na\u0161em sajtu.\" \/>\n<meta property=\"og:url\" content=\"https:\/\/onlinelotto365.com\/sr\/igrajte\/bonoloto-je-sada-dostupna-sa-svih-mesta\/\" \/>\n<meta property=\"og:site_name\" content=\"OnlineLotto365\" \/>\n<meta property=\"og:image\" content=\"https:\/\/redfoxlotto.com\/image?size=8&amp;lottery=bonoloto\" \/>\n<meta name=\"twitter:card\" content=\"summary_large_image\" \/>\n<meta name=\"twitter:label1\" content=\"\u041f\u0440\u043e\u0446\u0435\u045a\u0435\u043d\u043e \u0432\u0440\u0435\u043c\u0435 \u0447\u0438\u0442\u0430\u045a\u0430\" \/>\n\t<meta name=\"twitter:data1\" content=\"3 \u043c\u0438\u043d\u0443\u0442\u0430\" \/>\n<script type=\"application\/ld+json\" class=\"yoast-schema-graph\">{\"@context\":\"https:\/\/schema.org\",\"@graph\":[{\"@type\":\"WebPage\",\"@id\":\"https:\/\/onlinelotto365.com\/sr\/igrajte\/bonoloto-je-sada-dostupna-sa-svih-mesta\/\",\"url\":\"https:\/\/onlinelotto365.com\/sr\/igrajte\/bonoloto-je-sada-dostupna-sa-svih-mesta\/\",\"name\":\"Kako igrati BonoLoto ako \u017eivite u Velikoj Britaniji\",\"isPartOf\":{\"@id\":\"https:\/\/onlinelotto365.com\/sr\/#website\"},\"primaryImageOfPage\":{\"@id\":\"https:\/\/onlinelotto365.com\/sr\/igrajte\/bonoloto-je-sada-dostupna-sa-svih-mesta\/#primaryimage\"},\"image\":{\"@id\":\"https:\/\/onlinelotto365.com\/sr\/igrajte\/bonoloto-je-sada-dostupna-sa-svih-mesta\/#primaryimage\"},\"thumbnailUrl\":\"https:\/\/redfoxlotto.com\/image?size=8&amp;lottery=bonoloto\",\"datePublished\":\"2023-09-03T09:00:37+00:00\",\"dateModified\":\"2023-09-03T09:00:37+00:00\",\"description\":\"Pravno naru\u010dite ulaznice za igranje Bonoloto ovde na na\u0161em sajtu.\",\"breadcrumb\":{\"@id\":\"https:\/\/onlinelotto365.com\/sr\/igrajte\/bonoloto-je-sada-dostupna-sa-svih-mesta\/#breadcrumb\"},\"inLanguage\":\"sr-RS\",\"potentialAction\":[{\"@type\":\"ReadAction\",\"target\":[\"https:\/\/onlinelotto365.com\/sr\/igrajte\/bonoloto-je-sada-dostupna-sa-svih-mesta\/\"]}]},{\"@type\":\"ImageObject\",\"inLanguage\":\"sr-RS\",\"@id\":\"https:\/\/onlinelotto365.com\/sr\/igrajte\/bonoloto-je-sada-dostupna-sa-svih-mesta\/#primaryimage\",\"url\":\"https:\/\/redfoxlotto.com\/image?size=8&amp;lottery=bonoloto\",\"contentUrl\":\"https:\/\/redfoxlotto.com\/image?size=8&amp;lottery=bonoloto\"},{\"@type\":\"BreadcrumbList\",\"@id\":\"https:\/\/onlinelotto365.com\/sr\/igrajte\/bonoloto-je-sada-dostupna-sa-svih-mesta\/#breadcrumb\",\"itemListElement\":[{\"@type\":\"ListItem\",\"position\":1,\"name\":\"Home\",\"item\":\"https:\/\/onlinelotto365.com\/sr\/\"},{\"@type\":\"ListItem\",\"position\":2,\"name\":\"Igrajte koji god loto po\u017eelite, bez obzira gde \u017eivite\",\"item\":\"https:\/\/onlinelotto365.com\/sr\/play\/\"},{\"@type\":\"ListItem\",\"position\":3,\"name\":\"Bonoloto je sada dostupna sa svih mesta.\"}]},{\"@type\":\"WebSite\",\"@id\":\"https:\/\/onlinelotto365.com\/sr\/#website\",\"url\":\"https:\/\/onlinelotto365.com\/sr\/\",\"name\":\"OnlineLotto365\",\"description\":\"\",\"potentialAction\":[{\"@type\":\"SearchAction\",\"target\":{\"@type\":\"EntryPoint\",\"urlTemplate\":\"https:\/\/onlinelotto365.com\/sr\/?s={search_term_string}\"},\"query-input\":{\"@type\":\"PropertyValueSpecification\",\"valueRequired\":true,\"valueName\":\"search_term_string\"}}],\"inLanguage\":\"sr-RS\"}]}<\/script>\n<!-- \/ Yoast SEO plugin. -->","yoast_head_json":{"title":"Kako igrati BonoLoto ako \u017eivite u Velikoj Britaniji","description":"Pravno naru\u010dite ulaznice za igranje Bonoloto ovde na na\u0161em sajtu.","robots":{"index":"index","follow":"follow","max-snippet":"max-snippet:-1","max-image-preview":"max-image-preview:large","max-video-preview":"max-video-preview:-1"},"canonical":"https:\/\/onlinelotto365.com\/sr\/igrajte\/bonoloto-je-sada-dostupna-sa-svih-mesta\/","og_locale":"sr_RS","og_type":"article","og_title":"Kako igrati BonoLoto ako \u017eivite u Velikoj Britaniji","og_description":"Pravno naru\u010dite ulaznice za igranje Bonoloto ovde na na\u0161em sajtu.","og_url":"https:\/\/onlinelotto365.com\/sr\/igrajte\/bonoloto-je-sada-dostupna-sa-svih-mesta\/","og_site_name":"OnlineLotto365","og_image":[{"url":"https:\/\/redfoxlotto.com\/image?size=8&amp;lottery=bonoloto"}],"twitter_card":"summary_large_image","twitter_misc":{"\u041f\u0440\u043e\u0446\u0435\u045a\u0435\u043d\u043e \u0432\u0440\u0435\u043c\u0435 \u0447\u0438\u0442\u0430\u045a\u0430":"3 \u043c\u0438\u043d\u0443\u0442\u0430"},"schema":{"@context":"https:\/\/schema.org","@graph":[{"@type":"WebPage","@id":"https:\/\/onlinelotto365.com\/sr\/igrajte\/bonoloto-je-sada-dostupna-sa-svih-mesta\/","url":"https:\/\/onlinelotto365.com\/sr\/igrajte\/bonoloto-je-sada-dostupna-sa-svih-mesta\/","name":"Kako igrati BonoLoto ako \u017eivite u Velikoj Britaniji","isPartOf":{"@id":"https:\/\/onlinelotto365.com\/sr\/#website"},"primaryImageOfPage":{"@id":"https:\/\/onlinelotto365.com\/sr\/igrajte\/bonoloto-je-sada-dostupna-sa-svih-mesta\/#primaryimage"},"image":{"@id":"https:\/\/onlinelotto365.com\/sr\/igrajte\/bonoloto-je-sada-dostupna-sa-svih-mesta\/#primaryimage"},"thumbnailUrl":"https:\/\/redfoxlotto.com\/image?size=8&amp;lottery=bonoloto","datePublished":"2023-09-03T09:00:37+00:00","dateModified":"2023-09-03T09:00:37+00:00","description":"Pravno naru\u010dite ulaznice za igranje Bonoloto ovde na na\u0161em sajtu.","breadcrumb":{"@id":"https:\/\/onlinelotto365.com\/sr\/igrajte\/bonoloto-je-sada-dostupna-sa-svih-mesta\/#breadcrumb"},"inLanguage":"sr-RS","potentialAction":[{"@type":"ReadAction","target":["https:\/\/onlinelotto365.com\/sr\/igrajte\/bonoloto-je-sada-dostupna-sa-svih-mesta\/"]}]},{"@type":"ImageObject","inLanguage":"sr-RS","@id":"https:\/\/onlinelotto365.com\/sr\/igrajte\/bonoloto-je-sada-dostupna-sa-svih-mesta\/#primaryimage","url":"https:\/\/redfoxlotto.com\/image?size=8&amp;lottery=bonoloto","contentUrl":"https:\/\/redfoxlotto.com\/image?size=8&amp;lottery=bonoloto"},{"@type":"BreadcrumbList","@id":"https:\/\/onlinelotto365.com\/sr\/igrajte\/bonoloto-je-sada-dostupna-sa-svih-mesta\/#breadcrumb","itemListElement":[{"@type":"ListItem","position":1,"name":"Home","item":"https:\/\/onlinelotto365.com\/sr\/"},{"@type":"ListItem","position":2,"name":"Igrajte koji god loto po\u017eelite, bez obzira gde \u017eivite","item":"https:\/\/onlinelotto365.com\/sr\/play\/"},{"@type":"ListItem","position":3,"name":"Bonoloto je sada dostupna sa svih mesta."}]},{"@type":"WebSite","@id":"https:\/\/onlinelotto365.com\/sr\/#website","url":"https:\/\/onlinelotto365.com\/sr\/","name":"OnlineLotto365","description":"","potentialAction":[{"@type":"SearchAction","target":{"@type":"EntryPoint","urlTemplate":"https:\/\/onlinelotto365.com\/sr\/?s={search_term_string}"},"query-input":{"@type":"PropertyValueSpecification","valueRequired":true,"valueName":"search_term_string"}}],"inLanguage":"sr-RS"}]}},"_links":{"self":[{"href":"https:\/\/onlinelotto365.com\/sr\/wp-json\/wp\/v2\/pages\/81989","targetHints":{"allow":["GET"]}}],"collection":[{"href":"https:\/\/onlinelotto365.com\/sr\/wp-json\/wp\/v2\/pages"}],"about":[{"href":"https:\/\/onlinelotto365.com\/sr\/wp-json\/wp\/v2\/types\/page"}],"author":[{"embeddable":true,"href":"https:\/\/onlinelotto365.com\/sr\/wp-json\/wp\/v2\/users\/1"}],"replies":[{"embeddable":true,"href":"https:\/\/onlinelotto365.com\/sr\/wp-json\/wp\/v2\/comments?post=81989"}],"version-history":[{"count":0,"href":"https:\/\/onlinelotto365.com\/sr\/wp-json\/wp\/v2\/pages\/81989\/revisions"}],"up":[{"embeddable":true,"href":"https:\/\/onlinelotto365.com\/sr\/wp-json\/wp\/v2\/pages\/5035"}],"wp:attachment":[{"href":"https:\/\/onlinelotto365.com\/sr\/wp-json\/wp\/v2\/media?parent=81989"}],"curies":[{"name":"wp","href":"https:\/\/api.w.org\/{rel}","templated":true}]}}