{"id":82000,"date":"2023-09-04T06:17:34","date_gmt":"2023-09-04T05:17:34","guid":{"rendered":"https:\/\/onlinelotto365.com\/igrajte\/da-li-je-moguce-igrati-lutriju-set-for-life-online"},"modified":"2023-09-04T06:17:34","modified_gmt":"2023-09-04T05:17:34","slug":"da-li-je-moguce-igrati-lutriju-set-for-life-online","status":"publish","type":"page","link":"https:\/\/onlinelotto365.com\/sr\/igrajte\/da-li-je-moguce-igrati-lutriju-set-for-life-online\/","title":{"rendered":"Da li je mogu\u0107e igrati lutriju Set for Life online?"},"content":{"rendered":"<p>Da li znate da lutrija Set for Life mo\u017ee da vam pru\u017ei \u0161ansu da osvojite 10.000 funti svakog meseca? Ako ste zainteresovani da isprobate sre\u0107u u lutriji, Set for Life je fantasti\u010dan na\u010din da po\u010dnete. Lutrija Set for Life je najpoznatija po tome \u0161to vam omogu\u0107ava da birate brojeve u sedam uzastopnih dnevnih izvla\u010denja. To jednostavno zna\u010di da imate mnogo prilika da osvojite d\u017eekpot svakog dana u nedelji.<\/p>\n<p>Ovde \u0107emo vas upoznati sa Set for Life i objasniti za\u0161to mnogi ljudi nastavljaju da igraju ovu lutriju.<\/p>\n<p>Set for Life organizuje Nacionalna lutrija i stekla je titulu prve rentne lutrije u Velikoj Britaniji. Lutrija pru\u017ea igra\u010dima \u0161ansu da osvoje mese\u010dnu rentu od 10.000 funti tokom 30 godina.<\/p>\n<p>Iako je u pitanju britanska lutrija, mo\u017eete igrati Set for Life online iz Srbije. Na\u0161a online usluga za kupovinu ulaznica za svetske lutrije omogu\u0107ava igra\u010dima iz celog sveta da u\u010destvuju u najboljim lutrijama sa najve\u0107im d\u017eekpotima.<\/p>\n<h2>O lutriji Set for Life<\/h2>\n<ul><img decoding=\"async\" class=\"aligncenter\" src=\"https:\/\/redfoxlotto.com\/image?size=8&amp;lottery=set-for-life-uk\" alt=\"&quot;Set\" \/><\/p>\n<li>Dr\u017eava: Velika Britanija<\/li>\n<li>Raspon glavnih brojeva: 45<\/li>\n<li>Odabirate: 5 brojeva<\/li>\n<li>Raspon dodatnih brojeva: 10<\/li>\n<li>Odabirate: 1 broj<\/li>\n<li>Dani i sati izvla\u010denja: ponedeljak, \u010detvrtak, 20:00 GMT, 21:00 CET<\/li>\n<li>Minimalni d\u017eekpot: nema<\/li>\n<li>Maksimalni d\u017eekpot: nema<\/li>\n<li>Verovatno\u0107a osvajanja d\u017eekpota: 1 prema 15.339.390<\/li>\n<li>Verovatno\u0107a osvajanja drugog dobitka: 1 prema 1.704.377<\/li>\n<li>Verovatno\u0107a osvajanja bilo kog dobitka: 1 prema 12,4<\/li>\n<li>Broj nivoa dobitaka: 8<\/li>\n<\/ul>\n<p>Kao i druge lutrije u Velikoj Britaniji, Set for Life je igra izvla\u010denja. Ako igrate lutriju, trebate odabrati pet brojeva iz opsega od 1 do 47, uklju\u010duju\u0107i i &#8222;\u017eivotni broj&#8220; od 1 do 10. Kada odaberete svojih pet brojeva i \u017eivotni broj, imate \u0161ansu da osvojite ukupan d\u017eekpot od 10.000 funti svakog meseca.<\/p>\n<p>Izvla\u010denje za Set for Life se odr\u017eava svakog ponedeljka i \u010detvrtka, a u Velikoj Britaniji igra\u010di mogu kupiti lutrijske ulaznice u lokalnim lutrijskim prodavnicama. Prodaja ulaznica zavr\u0161ava svake ve\u010deri u 21:00 sat isto\u010dnog vremena. Najnoviji rezultati lutrije Set for Life obi\u010dno su dostupni na dan izvla\u010denja, koje je u 21:45 GMT. Napomena da se dividendama za svaku igru a\u017euriraju uskoro nakon izvla\u010denja. Tako\u0111e, a\u017euriranja dividenzi obi\u010dno su dostupna javnosti jutro nakon izvla\u010denja lutrije.<\/p>\n<h2>Kako osvojiti Set for Life lutriju<\/h2>\n<p><img loading=\"lazy\" decoding=\"async\" class=\"size-full wp-image-1477 alignright\" src=\"https:\/\/onlinelotto365.com\/wp-content\/uploads\/2020\/11\/online_lottery-128.jpg\" alt=\"Igrajte lutriju Set for Life\" width=\"212\" height=\"142\" \/><br \/>\nPrva nagrada lutrije Set for Life nudi mese\u010dnu rentu od 10.000 funti i \u010detiri igra\u010da imaju \u0161ansu da osvoje nagradu u svakom izvla\u010denju. Da biste osvojili d\u017eekpot, va\u0161i brojevi moraju da se poklapaju sa osam dobitnih brojeva u jednom setu. To zna\u010di da postoji ukupno osam nivoa dobitaka u lutriji Set for Life. Imate \u0161ansu da osvojite nagradu sa \u010detiri dobitna broja, uklju\u010duju\u0107i i jedan bonus broj u svakom setu.<\/p>\n<p>Set for Life nudi povoljne \u0161anse za osvajanje d\u017eekpota. Na primer, druge nagrade koje zahtevaju poklapanje jednog ili vi\u0161e brojeva daju vam \u0161ansu od 1 prema 12 da osvojite, pa \u010dak i to bi bilo samo 5 funti.<\/p>\n<p>Dakle, ako ose\u0107ate sre\u0107u, vredno je probati sre\u0107u sa Set for Life ulaznicom! Pru\u017eamo vam \u0161irok izbor me\u0111unarodnih lutrija koje mo\u017eete igrati iz Srbije, sa d\u017eekpotima vrednim stotina miliona funti.<\/p>\n","protected":false},"excerpt":{"rendered":"<p>Da li znate da lutrija Set for Life mo\u017ee da vam pru\u017ei \u0161ansu da osvojite 10.000 funti svakog meseca? Ako ste zainteresovani da isprobate sre\u0107u u lutriji, Set for Life je fantasti\u010dan na\u010din da po\u010dnete. Lutrija Set for Life je najpoznatija po tome \u0161to vam omogu\u0107ava da birate brojeve u sedam uzastopnih dnevnih izvla\u010denja. To [&hellip;]<\/p>\n","protected":false},"author":1,"featured_media":0,"parent":5035,"menu_order":10,"comment_status":"closed","ping_status":"closed","template":"set-for-life.php","meta":{"_et_pb_use_builder":"","_et_pb_old_content":"","_et_gb_content_width":"","exclude_from_search":false,"footnotes":""},"class_list":["post-82000","page","type-page","status-publish","hentry"],"yoast_head":"<!-- This site is optimized with the Yoast SEO plugin v23.4 - https:\/\/yoast.com\/wordpress\/plugins\/seo\/ -->\n<title>Kako igrati Set for Life lutriju online iz Srbije<\/title>\n<meta name=\"description\" content=\"Kako igrati Set for Life lutriju online iz Srbije\" \/>\n<meta name=\"robots\" content=\"index, follow, max-snippet:-1, max-image-preview:large, max-video-preview:-1\" \/>\n<link rel=\"canonical\" href=\"https:\/\/onlinelotto365.com\/sr\/igrajte\/da-li-je-moguce-igrati-lutriju-set-for-life-online\/\" \/>\n<meta property=\"og:locale\" content=\"sr_RS\" \/>\n<meta property=\"og:type\" content=\"article\" \/>\n<meta property=\"og:title\" content=\"Kako igrati Set for Life lutriju online iz Srbije\" \/>\n<meta property=\"og:description\" content=\"Kako igrati Set for Life lutriju online iz Srbije\" \/>\n<meta property=\"og:url\" content=\"https:\/\/onlinelotto365.com\/sr\/igrajte\/da-li-je-moguce-igrati-lutriju-set-for-life-online\/\" \/>\n<meta property=\"og:site_name\" content=\"OnlineLotto365\" \/>\n<meta property=\"og:image\" content=\"https:\/\/redfoxlotto.com\/image?size=8&amp;lottery=set-for-life-uk\" \/>\n<meta name=\"twitter:card\" content=\"summary_large_image\" \/>\n<meta name=\"twitter:label1\" content=\"\u041f\u0440\u043e\u0446\u0435\u045a\u0435\u043d\u043e \u0432\u0440\u0435\u043c\u0435 \u0447\u0438\u0442\u0430\u045a\u0430\" \/>\n\t<meta name=\"twitter:data1\" content=\"3 \u043c\u0438\u043d\u0443\u0442\u0430\" \/>\n<script type=\"application\/ld+json\" class=\"yoast-schema-graph\">{\"@context\":\"https:\/\/schema.org\",\"@graph\":[{\"@type\":\"WebPage\",\"@id\":\"https:\/\/onlinelotto365.com\/sr\/igrajte\/da-li-je-moguce-igrati-lutriju-set-for-life-online\/\",\"url\":\"https:\/\/onlinelotto365.com\/sr\/igrajte\/da-li-je-moguce-igrati-lutriju-set-for-life-online\/\",\"name\":\"Kako igrati Set for Life lutriju online iz Srbije\",\"isPartOf\":{\"@id\":\"https:\/\/onlinelotto365.com\/sr\/#website\"},\"primaryImageOfPage\":{\"@id\":\"https:\/\/onlinelotto365.com\/sr\/igrajte\/da-li-je-moguce-igrati-lutriju-set-for-life-online\/#primaryimage\"},\"image\":{\"@id\":\"https:\/\/onlinelotto365.com\/sr\/igrajte\/da-li-je-moguce-igrati-lutriju-set-for-life-online\/#primaryimage\"},\"thumbnailUrl\":\"https:\/\/redfoxlotto.com\/image?size=8&amp;lottery=set-for-life-uk\",\"datePublished\":\"2023-09-04T05:17:34+00:00\",\"dateModified\":\"2023-09-04T05:17:34+00:00\",\"description\":\"Kako igrati Set for Life lutriju online iz Srbije\",\"breadcrumb\":{\"@id\":\"https:\/\/onlinelotto365.com\/sr\/igrajte\/da-li-je-moguce-igrati-lutriju-set-for-life-online\/#breadcrumb\"},\"inLanguage\":\"sr-RS\",\"potentialAction\":[{\"@type\":\"ReadAction\",\"target\":[\"https:\/\/onlinelotto365.com\/sr\/igrajte\/da-li-je-moguce-igrati-lutriju-set-for-life-online\/\"]}]},{\"@type\":\"ImageObject\",\"inLanguage\":\"sr-RS\",\"@id\":\"https:\/\/onlinelotto365.com\/sr\/igrajte\/da-li-je-moguce-igrati-lutriju-set-for-life-online\/#primaryimage\",\"url\":\"https:\/\/redfoxlotto.com\/image?size=8&amp;lottery=set-for-life-uk\",\"contentUrl\":\"https:\/\/redfoxlotto.com\/image?size=8&amp;lottery=set-for-life-uk\"},{\"@type\":\"BreadcrumbList\",\"@id\":\"https:\/\/onlinelotto365.com\/sr\/igrajte\/da-li-je-moguce-igrati-lutriju-set-for-life-online\/#breadcrumb\",\"itemListElement\":[{\"@type\":\"ListItem\",\"position\":1,\"name\":\"Home\",\"item\":\"https:\/\/onlinelotto365.com\/sr\/\"},{\"@type\":\"ListItem\",\"position\":2,\"name\":\"Igrajte koji god loto po\u017eelite, bez obzira gde \u017eivite\",\"item\":\"https:\/\/onlinelotto365.com\/sr\/play\/\"},{\"@type\":\"ListItem\",\"position\":3,\"name\":\"Da li je mogu\u0107e igrati lutriju Set for Life online?\"}]},{\"@type\":\"WebSite\",\"@id\":\"https:\/\/onlinelotto365.com\/sr\/#website\",\"url\":\"https:\/\/onlinelotto365.com\/sr\/\",\"name\":\"OnlineLotto365\",\"description\":\"\",\"potentialAction\":[{\"@type\":\"SearchAction\",\"target\":{\"@type\":\"EntryPoint\",\"urlTemplate\":\"https:\/\/onlinelotto365.com\/sr\/?s={search_term_string}\"},\"query-input\":{\"@type\":\"PropertyValueSpecification\",\"valueRequired\":true,\"valueName\":\"search_term_string\"}}],\"inLanguage\":\"sr-RS\"}]}<\/script>\n<!-- \/ Yoast SEO plugin. -->","yoast_head_json":{"title":"Kako igrati Set for Life lutriju online iz Srbije","description":"Kako igrati Set for Life lutriju online iz Srbije","robots":{"index":"index","follow":"follow","max-snippet":"max-snippet:-1","max-image-preview":"max-image-preview:large","max-video-preview":"max-video-preview:-1"},"canonical":"https:\/\/onlinelotto365.com\/sr\/igrajte\/da-li-je-moguce-igrati-lutriju-set-for-life-online\/","og_locale":"sr_RS","og_type":"article","og_title":"Kako igrati Set for Life lutriju online iz Srbije","og_description":"Kako igrati Set for Life lutriju online iz Srbije","og_url":"https:\/\/onlinelotto365.com\/sr\/igrajte\/da-li-je-moguce-igrati-lutriju-set-for-life-online\/","og_site_name":"OnlineLotto365","og_image":[{"url":"https:\/\/redfoxlotto.com\/image?size=8&amp;lottery=set-for-life-uk"}],"twitter_card":"summary_large_image","twitter_misc":{"\u041f\u0440\u043e\u0446\u0435\u045a\u0435\u043d\u043e \u0432\u0440\u0435\u043c\u0435 \u0447\u0438\u0442\u0430\u045a\u0430":"3 \u043c\u0438\u043d\u0443\u0442\u0430"},"schema":{"@context":"https:\/\/schema.org","@graph":[{"@type":"WebPage","@id":"https:\/\/onlinelotto365.com\/sr\/igrajte\/da-li-je-moguce-igrati-lutriju-set-for-life-online\/","url":"https:\/\/onlinelotto365.com\/sr\/igrajte\/da-li-je-moguce-igrati-lutriju-set-for-life-online\/","name":"Kako igrati Set for Life lutriju online iz Srbije","isPartOf":{"@id":"https:\/\/onlinelotto365.com\/sr\/#website"},"primaryImageOfPage":{"@id":"https:\/\/onlinelotto365.com\/sr\/igrajte\/da-li-je-moguce-igrati-lutriju-set-for-life-online\/#primaryimage"},"image":{"@id":"https:\/\/onlinelotto365.com\/sr\/igrajte\/da-li-je-moguce-igrati-lutriju-set-for-life-online\/#primaryimage"},"thumbnailUrl":"https:\/\/redfoxlotto.com\/image?size=8&amp;lottery=set-for-life-uk","datePublished":"2023-09-04T05:17:34+00:00","dateModified":"2023-09-04T05:17:34+00:00","description":"Kako igrati Set for Life lutriju online iz Srbije","breadcrumb":{"@id":"https:\/\/onlinelotto365.com\/sr\/igrajte\/da-li-je-moguce-igrati-lutriju-set-for-life-online\/#breadcrumb"},"inLanguage":"sr-RS","potentialAction":[{"@type":"ReadAction","target":["https:\/\/onlinelotto365.com\/sr\/igrajte\/da-li-je-moguce-igrati-lutriju-set-for-life-online\/"]}]},{"@type":"ImageObject","inLanguage":"sr-RS","@id":"https:\/\/onlinelotto365.com\/sr\/igrajte\/da-li-je-moguce-igrati-lutriju-set-for-life-online\/#primaryimage","url":"https:\/\/redfoxlotto.com\/image?size=8&amp;lottery=set-for-life-uk","contentUrl":"https:\/\/redfoxlotto.com\/image?size=8&amp;lottery=set-for-life-uk"},{"@type":"BreadcrumbList","@id":"https:\/\/onlinelotto365.com\/sr\/igrajte\/da-li-je-moguce-igrati-lutriju-set-for-life-online\/#breadcrumb","itemListElement":[{"@type":"ListItem","position":1,"name":"Home","item":"https:\/\/onlinelotto365.com\/sr\/"},{"@type":"ListItem","position":2,"name":"Igrajte koji god loto po\u017eelite, bez obzira gde \u017eivite","item":"https:\/\/onlinelotto365.com\/sr\/play\/"},{"@type":"ListItem","position":3,"name":"Da li je mogu\u0107e igrati lutriju Set for Life online?"}]},{"@type":"WebSite","@id":"https:\/\/onlinelotto365.com\/sr\/#website","url":"https:\/\/onlinelotto365.com\/sr\/","name":"OnlineLotto365","description":"","potentialAction":[{"@type":"SearchAction","target":{"@type":"EntryPoint","urlTemplate":"https:\/\/onlinelotto365.com\/sr\/?s={search_term_string}"},"query-input":{"@type":"PropertyValueSpecification","valueRequired":true,"valueName":"search_term_string"}}],"inLanguage":"sr-RS"}]}},"_links":{"self":[{"href":"https:\/\/onlinelotto365.com\/sr\/wp-json\/wp\/v2\/pages\/82000","targetHints":{"allow":["GET"]}}],"collection":[{"href":"https:\/\/onlinelotto365.com\/sr\/wp-json\/wp\/v2\/pages"}],"about":[{"href":"https:\/\/onlinelotto365.com\/sr\/wp-json\/wp\/v2\/types\/page"}],"author":[{"embeddable":true,"href":"https:\/\/onlinelotto365.com\/sr\/wp-json\/wp\/v2\/users\/1"}],"replies":[{"embeddable":true,"href":"https:\/\/onlinelotto365.com\/sr\/wp-json\/wp\/v2\/comments?post=82000"}],"version-history":[{"count":0,"href":"https:\/\/onlinelotto365.com\/sr\/wp-json\/wp\/v2\/pages\/82000\/revisions"}],"up":[{"embeddable":true,"href":"https:\/\/onlinelotto365.com\/sr\/wp-json\/wp\/v2\/pages\/5035"}],"wp:attachment":[{"href":"https:\/\/onlinelotto365.com\/sr\/wp-json\/wp\/v2\/media?parent=82000"}],"curies":[{"name":"wp","href":"https:\/\/api.w.org\/{rel}","templated":true}]}}