{"id":83122,"date":"2023-09-06T16:40:55","date_gmt":"2023-09-06T15:40:55","guid":{"rendered":"https:\/\/onlinelotto365.com\/igrajte\/kako-gradjani-srbije-mogu-igrati-britansku-lutriju-online"},"modified":"2023-09-06T16:40:55","modified_gmt":"2023-09-06T15:40:55","slug":"kako-gradjani-srbije-mogu-igrati-britansku-lutriju-online","status":"publish","type":"page","link":"https:\/\/onlinelotto365.com\/sr\/igrajte\/kako-gradjani-srbije-mogu-igrati-britansku-lutriju-online\/","title":{"rendered":"Kako gra\u0111ani Srbije mogu igrati britansku lutriju online?"},"content":{"rendered":"<h2>O britanskoj lutriji<\/h2>\n<p>Sa \u0161est brojeva koje treba izabrati izme\u0111u 59, bez dodatnih brojeva, \u0161anse za dobitak su pristojne u pore\u0111enju sa igrama kao \u0161to su Powerball ili Mega Millions. Ako imate ta\u010dno 5 od 6 brojeva, osvajate garantovanih 2,5 miliona britanskih funti, a sa svih \u0161est postajete dobitnik d\u017eekpota. Osim ako \u017eivite u Ujedinjenom Kraljevstvu, igranje online putem na\u0161e usluge je jedina opcija za u\u010de\u0161\u0107e.<\/p>\n<ul><img loading=\"lazy\" decoding=\"async\" class=\"aligncenter\" src=\"https:\/\/redfoxlotto.com\/image?size=8&amp;lottery=lotto-uk\" alt=\"Britanska lutrija\" width=\"720\" height=\"90\" \/><\/p>\n<li>Zemlja: Ujedinjeno Kraljevstvo<\/li>\n<li>Opseg glavnih brojeva: 59<\/li>\n<li>Izaberete: 6<\/li>\n<li>Opseg dodatnih brojeva: nema<\/li>\n<li>Izaberete: nema<\/li>\n<li>Dani i sati izvla\u010denja: sreda, subota 19:30 UTC, 19:30 CET<\/li>\n<li>Minimalni d\u017eekpot: 2,5 miliona funti<\/li>\n<li>Maksimalni d\u017eekpot: 22 miliona funti<\/li>\n<li>Verovatno\u0107a osvajanja d\u017eekpota: 1 u 45.057.474<\/li>\n<li>Verovatno\u0107a osvajanja nagrade nivoa 2: 1 u 7.509.579<\/li>\n<li>Verovatno\u0107a osvajanja bilo koje nagrade: 1 u 9,27<\/li>\n<li>Broj nivoa nagrada: 6<\/li>\n<\/ul>\n<h2>Za\u0161to su d\u017eekpotovi britanske lutrije obi\u010dno prili\u010dno niski?<\/h2>\n<p><img loading=\"lazy\" decoding=\"async\" class=\"alignright wp-image-1961\" src=\"https:\/\/onlinelotto365.com\/wp-content\/uploads\/2020\/11\/online_lottery-175-300x300.jpg\" alt=\"Igrajte britansku lutriju u Srbiji\" width=\"208\" height=\"208\" \/><br \/>\nPa, to je zbog jednostavne \u010dinjenice da se d\u017eekpot britanske lutrije mo\u017ee akumulirati samo 5 puta. Nakon toga, d\u017eekpot se mo\u017ee osvojiti samo ako imate 5 od 6 brojeva na svom listi\u0107u. Imaju\u0107i u vidu ovu pravilo, ima smisla igrati ovu lutriju svaki put kada d\u017eekpot nije osvojen pet puta zaredom. Tada imate mnogo bolje \u0161anse za osvajanje glavne nagrade. Ta glavna nagrada trebalo bi da bude dovoljno velika da vas stavi u poziciju gde se ne morate brinuti o novcu tokom celog \u017eivota.<\/p>\n<p>Me\u0111utim, postoji dobra \u0161ansa da nakon pet akumulacija d\u017eekpota, d\u017eekpot mora biti podeljen izme\u0111u vi\u0161e dobitnika. Sa manjim \u0161ansama i vi\u0161e igra\u010da, mo\u017ee biti vi\u0161e od jednog dobitnika za drugi nivo nagrada.<\/p>\n<h2>Ne \u017eelite da delite d\u017eekpot?<\/h2>\n<p>Postoji jedna strategija za izbegavanje deljenja glavne nagrade: izaberite kombinaciju brojeva koja se \u010dini manje verovatnom da \u0107e je izabrati i drugi igra\u010di. Na primer, koristite manje brojeva izme\u0111u 1 i 31 (previ\u0161e igra\u010da koristi datume ro\u0111enja kao svoje sretne brojeve), ili koristite 3 broja izme\u0111u 30 i 40 i tri broja izme\u0111u 50 i 56. Koristite ma\u0161tu da smislite vi\u0161e &#8222;\u010dudnih&#8220; brojeva.<\/p>\n","protected":false},"excerpt":{"rendered":"<p>O britanskoj lutriji Sa \u0161est brojeva koje treba izabrati izme\u0111u 59, bez dodatnih brojeva, \u0161anse za dobitak su pristojne u pore\u0111enju sa igrama kao \u0161to su Powerball ili Mega Millions. Ako imate ta\u010dno 5 od 6 brojeva, osvajate garantovanih 2,5 miliona britanskih funti, a sa svih \u0161est postajete dobitnik d\u017eekpota. Osim ako \u017eivite u Ujedinjenom [&hellip;]<\/p>\n","protected":false},"author":1,"featured_media":0,"parent":5035,"menu_order":9,"comment_status":"closed","ping_status":"closed","template":"lotto-uk.php","meta":{"_et_pb_use_builder":"","_et_pb_old_content":"","_et_gb_content_width":"","exclude_from_search":false,"footnotes":""},"class_list":["post-83122","page","type-page","status-publish","hentry"],"yoast_head":"<!-- This site is optimized with the Yoast SEO plugin v23.4 - https:\/\/yoast.com\/wordpress\/plugins\/seo\/ -->\n<title>Igrajte britansku lutriju online iz Srbije | Mogu li u\u010destvovati u britanskoj lutriji ako \u017eivim u Srbiji?<\/title>\n<meta name=\"description\" content=\"Igrajte britansku lutriju online iz Srbije | Mogu li u\u010destvovati u britanskoj lutriji ako \u017eivim u Srbiji?\" \/>\n<meta name=\"robots\" content=\"index, follow, max-snippet:-1, max-image-preview:large, max-video-preview:-1\" \/>\n<link rel=\"canonical\" href=\"https:\/\/onlinelotto365.com\/sr\/igrajte\/kako-gradjani-srbije-mogu-igrati-britansku-lutriju-online\/\" \/>\n<meta property=\"og:locale\" content=\"sr_RS\" \/>\n<meta property=\"og:type\" content=\"article\" \/>\n<meta property=\"og:title\" content=\"Igrajte britansku lutriju online iz Srbije | Mogu li u\u010destvovati u britanskoj lutriji ako \u017eivim u Srbiji?\" \/>\n<meta property=\"og:description\" content=\"Igrajte britansku lutriju online iz Srbije | Mogu li u\u010destvovati u britanskoj lutriji ako \u017eivim u Srbiji?\" \/>\n<meta property=\"og:url\" content=\"https:\/\/onlinelotto365.com\/sr\/igrajte\/kako-gradjani-srbije-mogu-igrati-britansku-lutriju-online\/\" \/>\n<meta property=\"og:site_name\" content=\"OnlineLotto365\" \/>\n<meta property=\"og:image\" content=\"https:\/\/redfoxlotto.com\/image?size=8&amp;lottery=lotto-uk\" \/>\n<meta name=\"twitter:card\" content=\"summary_large_image\" \/>\n<meta name=\"twitter:label1\" content=\"\u041f\u0440\u043e\u0446\u0435\u045a\u0435\u043d\u043e \u0432\u0440\u0435\u043c\u0435 \u0447\u0438\u0442\u0430\u045a\u0430\" \/>\n\t<meta name=\"twitter:data1\" content=\"2 \u043c\u0438\u043d\u0443\u0442\u0430\" \/>\n<script type=\"application\/ld+json\" class=\"yoast-schema-graph\">{\"@context\":\"https:\/\/schema.org\",\"@graph\":[{\"@type\":\"WebPage\",\"@id\":\"https:\/\/onlinelotto365.com\/sr\/igrajte\/kako-gradjani-srbije-mogu-igrati-britansku-lutriju-online\/\",\"url\":\"https:\/\/onlinelotto365.com\/sr\/igrajte\/kako-gradjani-srbije-mogu-igrati-britansku-lutriju-online\/\",\"name\":\"Igrajte britansku lutriju online iz Srbije | Mogu li u\u010destvovati u britanskoj lutriji ako \u017eivim u Srbiji?\",\"isPartOf\":{\"@id\":\"https:\/\/onlinelotto365.com\/sr\/#website\"},\"primaryImageOfPage\":{\"@id\":\"https:\/\/onlinelotto365.com\/sr\/igrajte\/kako-gradjani-srbije-mogu-igrati-britansku-lutriju-online\/#primaryimage\"},\"image\":{\"@id\":\"https:\/\/onlinelotto365.com\/sr\/igrajte\/kako-gradjani-srbije-mogu-igrati-britansku-lutriju-online\/#primaryimage\"},\"thumbnailUrl\":\"https:\/\/redfoxlotto.com\/image?size=8&amp;lottery=lotto-uk\",\"datePublished\":\"2023-09-06T15:40:55+00:00\",\"dateModified\":\"2023-09-06T15:40:55+00:00\",\"description\":\"Igrajte britansku lutriju online iz Srbije | Mogu li u\u010destvovati u britanskoj lutriji ako \u017eivim u Srbiji?\",\"breadcrumb\":{\"@id\":\"https:\/\/onlinelotto365.com\/sr\/igrajte\/kako-gradjani-srbije-mogu-igrati-britansku-lutriju-online\/#breadcrumb\"},\"inLanguage\":\"sr-RS\",\"potentialAction\":[{\"@type\":\"ReadAction\",\"target\":[\"https:\/\/onlinelotto365.com\/sr\/igrajte\/kako-gradjani-srbije-mogu-igrati-britansku-lutriju-online\/\"]}]},{\"@type\":\"ImageObject\",\"inLanguage\":\"sr-RS\",\"@id\":\"https:\/\/onlinelotto365.com\/sr\/igrajte\/kako-gradjani-srbije-mogu-igrati-britansku-lutriju-online\/#primaryimage\",\"url\":\"https:\/\/redfoxlotto.com\/image?size=8&amp;lottery=lotto-uk\",\"contentUrl\":\"https:\/\/redfoxlotto.com\/image?size=8&amp;lottery=lotto-uk\"},{\"@type\":\"BreadcrumbList\",\"@id\":\"https:\/\/onlinelotto365.com\/sr\/igrajte\/kako-gradjani-srbije-mogu-igrati-britansku-lutriju-online\/#breadcrumb\",\"itemListElement\":[{\"@type\":\"ListItem\",\"position\":1,\"name\":\"Home\",\"item\":\"https:\/\/onlinelotto365.com\/sr\/\"},{\"@type\":\"ListItem\",\"position\":2,\"name\":\"Igrajte koji god loto po\u017eelite, bez obzira gde \u017eivite\",\"item\":\"https:\/\/onlinelotto365.com\/sr\/play\/\"},{\"@type\":\"ListItem\",\"position\":3,\"name\":\"Kako gra\u0111ani Srbije mogu igrati britansku lutriju online?\"}]},{\"@type\":\"WebSite\",\"@id\":\"https:\/\/onlinelotto365.com\/sr\/#website\",\"url\":\"https:\/\/onlinelotto365.com\/sr\/\",\"name\":\"OnlineLotto365\",\"description\":\"\",\"potentialAction\":[{\"@type\":\"SearchAction\",\"target\":{\"@type\":\"EntryPoint\",\"urlTemplate\":\"https:\/\/onlinelotto365.com\/sr\/?s={search_term_string}\"},\"query-input\":{\"@type\":\"PropertyValueSpecification\",\"valueRequired\":true,\"valueName\":\"search_term_string\"}}],\"inLanguage\":\"sr-RS\"}]}<\/script>\n<!-- \/ Yoast SEO plugin. -->","yoast_head_json":{"title":"Igrajte britansku lutriju online iz Srbije | Mogu li u\u010destvovati u britanskoj lutriji ako \u017eivim u Srbiji?","description":"Igrajte britansku lutriju online iz Srbije | Mogu li u\u010destvovati u britanskoj lutriji ako \u017eivim u Srbiji?","robots":{"index":"index","follow":"follow","max-snippet":"max-snippet:-1","max-image-preview":"max-image-preview:large","max-video-preview":"max-video-preview:-1"},"canonical":"https:\/\/onlinelotto365.com\/sr\/igrajte\/kako-gradjani-srbije-mogu-igrati-britansku-lutriju-online\/","og_locale":"sr_RS","og_type":"article","og_title":"Igrajte britansku lutriju online iz Srbije | Mogu li u\u010destvovati u britanskoj lutriji ako \u017eivim u Srbiji?","og_description":"Igrajte britansku lutriju online iz Srbije | Mogu li u\u010destvovati u britanskoj lutriji ako \u017eivim u Srbiji?","og_url":"https:\/\/onlinelotto365.com\/sr\/igrajte\/kako-gradjani-srbije-mogu-igrati-britansku-lutriju-online\/","og_site_name":"OnlineLotto365","og_image":[{"url":"https:\/\/redfoxlotto.com\/image?size=8&amp;lottery=lotto-uk"}],"twitter_card":"summary_large_image","twitter_misc":{"\u041f\u0440\u043e\u0446\u0435\u045a\u0435\u043d\u043e \u0432\u0440\u0435\u043c\u0435 \u0447\u0438\u0442\u0430\u045a\u0430":"2 \u043c\u0438\u043d\u0443\u0442\u0430"},"schema":{"@context":"https:\/\/schema.org","@graph":[{"@type":"WebPage","@id":"https:\/\/onlinelotto365.com\/sr\/igrajte\/kako-gradjani-srbije-mogu-igrati-britansku-lutriju-online\/","url":"https:\/\/onlinelotto365.com\/sr\/igrajte\/kako-gradjani-srbije-mogu-igrati-britansku-lutriju-online\/","name":"Igrajte britansku lutriju online iz Srbije | Mogu li u\u010destvovati u britanskoj lutriji ako \u017eivim u Srbiji?","isPartOf":{"@id":"https:\/\/onlinelotto365.com\/sr\/#website"},"primaryImageOfPage":{"@id":"https:\/\/onlinelotto365.com\/sr\/igrajte\/kako-gradjani-srbije-mogu-igrati-britansku-lutriju-online\/#primaryimage"},"image":{"@id":"https:\/\/onlinelotto365.com\/sr\/igrajte\/kako-gradjani-srbije-mogu-igrati-britansku-lutriju-online\/#primaryimage"},"thumbnailUrl":"https:\/\/redfoxlotto.com\/image?size=8&amp;lottery=lotto-uk","datePublished":"2023-09-06T15:40:55+00:00","dateModified":"2023-09-06T15:40:55+00:00","description":"Igrajte britansku lutriju online iz Srbije | Mogu li u\u010destvovati u britanskoj lutriji ako \u017eivim u Srbiji?","breadcrumb":{"@id":"https:\/\/onlinelotto365.com\/sr\/igrajte\/kako-gradjani-srbije-mogu-igrati-britansku-lutriju-online\/#breadcrumb"},"inLanguage":"sr-RS","potentialAction":[{"@type":"ReadAction","target":["https:\/\/onlinelotto365.com\/sr\/igrajte\/kako-gradjani-srbije-mogu-igrati-britansku-lutriju-online\/"]}]},{"@type":"ImageObject","inLanguage":"sr-RS","@id":"https:\/\/onlinelotto365.com\/sr\/igrajte\/kako-gradjani-srbije-mogu-igrati-britansku-lutriju-online\/#primaryimage","url":"https:\/\/redfoxlotto.com\/image?size=8&amp;lottery=lotto-uk","contentUrl":"https:\/\/redfoxlotto.com\/image?size=8&amp;lottery=lotto-uk"},{"@type":"BreadcrumbList","@id":"https:\/\/onlinelotto365.com\/sr\/igrajte\/kako-gradjani-srbije-mogu-igrati-britansku-lutriju-online\/#breadcrumb","itemListElement":[{"@type":"ListItem","position":1,"name":"Home","item":"https:\/\/onlinelotto365.com\/sr\/"},{"@type":"ListItem","position":2,"name":"Igrajte koji god loto po\u017eelite, bez obzira gde \u017eivite","item":"https:\/\/onlinelotto365.com\/sr\/play\/"},{"@type":"ListItem","position":3,"name":"Kako gra\u0111ani Srbije mogu igrati britansku lutriju online?"}]},{"@type":"WebSite","@id":"https:\/\/onlinelotto365.com\/sr\/#website","url":"https:\/\/onlinelotto365.com\/sr\/","name":"OnlineLotto365","description":"","potentialAction":[{"@type":"SearchAction","target":{"@type":"EntryPoint","urlTemplate":"https:\/\/onlinelotto365.com\/sr\/?s={search_term_string}"},"query-input":{"@type":"PropertyValueSpecification","valueRequired":true,"valueName":"search_term_string"}}],"inLanguage":"sr-RS"}]}},"_links":{"self":[{"href":"https:\/\/onlinelotto365.com\/sr\/wp-json\/wp\/v2\/pages\/83122","targetHints":{"allow":["GET"]}}],"collection":[{"href":"https:\/\/onlinelotto365.com\/sr\/wp-json\/wp\/v2\/pages"}],"about":[{"href":"https:\/\/onlinelotto365.com\/sr\/wp-json\/wp\/v2\/types\/page"}],"author":[{"embeddable":true,"href":"https:\/\/onlinelotto365.com\/sr\/wp-json\/wp\/v2\/users\/1"}],"replies":[{"embeddable":true,"href":"https:\/\/onlinelotto365.com\/sr\/wp-json\/wp\/v2\/comments?post=83122"}],"version-history":[{"count":0,"href":"https:\/\/onlinelotto365.com\/sr\/wp-json\/wp\/v2\/pages\/83122\/revisions"}],"up":[{"embeddable":true,"href":"https:\/\/onlinelotto365.com\/sr\/wp-json\/wp\/v2\/pages\/5035"}],"wp:attachment":[{"href":"https:\/\/onlinelotto365.com\/sr\/wp-json\/wp\/v2\/media?parent=83122"}],"curies":[{"name":"wp","href":"https:\/\/api.w.org\/{rel}","templated":true}]}}