{"id":83163,"date":"2023-09-07T06:15:15","date_gmt":"2023-09-07T05:15:15","guid":{"rendered":"https:\/\/onlinelotto365.com\/igrajte\/ucestvujte-u-nemackom-loto-iz-drugih-zemalja"},"modified":"2023-09-07T06:15:15","modified_gmt":"2023-09-07T05:15:15","slug":"ucestvujte-u-nemackom-loto-iz-drugih-zemalja","status":"publish","type":"page","link":"https:\/\/onlinelotto365.com\/sr\/igrajte\/ucestvujte-u-nemackom-loto-iz-drugih-zemalja\/","title":{"rendered":"U\u010destvujte u nema\u010dkom Loto iz drugih zemalja."},"content":{"rendered":"<p>Nema\u010dki Loto je jedna od najdu\u017ee postoje\u0107ih lutrija na svetu, sa preko 50 godina tradicije. Mo\u017eete da se kladi da im sva ova iskustva veoma koriste, i oni su jedna od ve\u0107ih evropskih zemalja koja odr\u017eava svoju nacionalnu lutriju umesto da se udru\u017euje sa EuroMillions lutrijom. Zato su Nemci ponosni na svoj Nema\u010dki Loto, kao \u0161to bi trebalo da budu.<\/p>\n<p>Ako \u017eivite u Srbiji i \u017eelite da igrate nema\u010dki Loto ili bilo koju drugu veliku lutriju iz celog sveta, sada vam ni\u0161ta ne stoji na putu. Sve \u0161to treba da uradite je da kupite svoje tikete online. Ako ste iz Srbije, mo\u017eete i dalje kupiti tikete za nema\u010dki Loto online.<\/p>\n<p>Naravno, morate znati gde da kupite svoje lutrijske tikete na ovaj na\u010din, i tu dolazimo mi. Ve\u0107 neko vreme vodimo ovu uslugu online prodaje lutrijskih tiketa. Ovo je najve\u0107a stvar koja se desila igranju lutrije otkako su lutrije izmi\u0161ljene, kao \u0161to mo\u017eete da zamislite.<img decoding=\"async\" class=\"aligncenter\" src=\"https:\/\/redfoxlotto.com\/image?size=8&amp;lottery=lotto-6aus49\" alt=\"German 6aus49\" \/><\/p>\n<h2>Vi\u0161e niste ograni\u010deni samo na lutriju u svojoj oblasti<\/h2>\n<p>Ako ste kao ve\u0107ina igra\u010da lutrije, \u017eelite da igrate velike lutrije, i ako imate izbor, \u017eelite da igrate vi\u0161e od jedne. Do nedavno ovo nije bilo mogu\u0107e. Ljudi su se pitali za\u0161to nije, na primer, za\u0161to mo\u017eete da kupite skoro sve online, osim lutrijskih tiketa?<\/p>\n<p>Ovo je zahtevalo mre\u017eu ljudi koji \u0107e biti anga\u017eovani da obave posao za na\u0161e korisnike, \u0161to je uklju\u010divalo izlazak i kupovinu tiketa za svakoga, u mnogim razli\u010ditim zemljama. Tako\u0111e je uklju\u010divalo upravljanje iskustvima korisnika od trenutka prodaje pa nadalje i pru\u017eanje vrste odli\u010dne usluge koju ljudi o\u010dekuju.<\/p>\n<h2>O nema\u010dkom Lotou<\/h2>\n<ul><img loading=\"lazy\" decoding=\"async\" class=\" wp-image-1543 alignright\" src=\"https:\/\/onlinelotto365.com\/wp-content\/uploads\/2020\/11\/online_lottery-135.jpg\" alt=\"Igrajte nema\u010dki Loto online\" width=\"305\" height=\"204\" \/><\/p>\n<li>Zemlja: Nema\u010dka<\/li>\n<li>Raspon glavnih brojeva: 49<\/li>\n<li>Izaberete: 6<\/li>\n<li>Raspon dodatnih brojeva: nema<\/li>\n<li>Izaberete: nema<\/li>\n<li>Dani i sati izvla\u010denja: subota, 20:25 CET, 20:25 CET<\/li>\n<li>Minimalni d\u017eekpot: 1 milion evra<\/li>\n<li>Maksimalni d\u017eekpot: bez ograni\u010denja<\/li>\n<li>Verovatno\u0107a da osvojite d\u017eekpot: 1 u 125.854.344<\/li>\n<li>Verovatno\u0107a da osvojite drugu nagradu: 1 u 13.983.816<\/li>\n<li>Verovatno\u0107a da osvojite bilo koju nagradu: 1 u 31<\/li>\n<li>Broj nivoa nagrada: 9<\/li>\n<\/ul>\n<p>Sve lutrije koje vam stavljamo na raspolaganje su prvoklasne velike lutrije, uklju\u010duju\u0107i i nema\u010dki Loto. Da biste igrali nema\u010dki Loto, izaberete 6 brojeva od mogu\u0107ih 49, zajedno sa bonus brojem od 1 do 9. Ako uspe\u0161no pogodite svih 6 brojeva i bonus broj, uskoro \u0107ete i\u0107i u Nema\u010dku da preuzmete nekoliko miliona evra ili vi\u0161e.<\/p>\n<p>S obzirom na manji broj kuglica u bubnju u pore\u0111enju sa mnogim drugim velikim lutrijama, va\u0161e \u0161anse da osvojite d\u017eekpot u nema\u010dkom Lotou su definitivno ve\u0107e. Nema\u010dki Loto, naravno, nudi i druge nagrade osim d\u017eekpota, kao \u0161to to rade sve lutrije, i postoji ukupno 7 pomo\u0107nih nagrada osim d\u017eekpota. Ako mo\u017eete da pogodite barem 3 od svojih brojeva, dobi\u0107ete isplatu.<\/p>\n<h2>Neka budemo va\u0161 vodi\u010d za nema\u010dki Loto i dalje<\/h2>\n<p>S obzirom na to koliko su popularne lutrije \u0161irom sveta, imati pristup svim dobrim lutrijama je san igra\u010da lutrije. Za\u0161to igrati samo jednu kada mo\u017eete igrati koliko god \u017eelite? Za\u0161to se zadovoljiti sa jednim ili dva izvla\u010denja nedeljno kada mo\u017eete imati desetine ako \u017eelite? Za\u0161to se zamarati odlaskom u prodavnicu kada mo\u017eete kupiti sve lutrijske tikete koje \u017eelite online?<\/p>\n<h2>Igrali ste nema\u010dki Loto online i pobedili &#8211; \u0161ta se de\u0161ava zatim?<\/h2>\n<p>Mi vam poma\u017eemo u svakom koraku, od slanja potvrde putem e-po\u0161te za va\u0161u kupovinu, obave\u0161tavamo vas putem e-po\u0161te svaki put kada pobedite, pa do pomo\u0107i u podizanju novca koji ste osvojili. Sve je neverovatno jednostavno.<\/p>\n","protected":false},"excerpt":{"rendered":"<p>Nema\u010dki Loto je jedna od najdu\u017ee postoje\u0107ih lutrija na svetu, sa preko 50 godina tradicije. Mo\u017eete da se kladi da im sva ova iskustva veoma koriste, i oni su jedna od ve\u0107ih evropskih zemalja koja odr\u017eava svoju nacionalnu lutriju umesto da se udru\u017euje sa EuroMillions lutrijom. Zato su Nemci ponosni na svoj Nema\u010dki Loto, kao [&hellip;]<\/p>\n","protected":false},"author":1,"featured_media":0,"parent":5035,"menu_order":11,"comment_status":"closed","ping_status":"closed","template":"lotto-german.php","meta":{"_et_pb_use_builder":"","_et_pb_old_content":"","_et_gb_content_width":"","exclude_from_search":false,"footnotes":""},"class_list":["post-83163","page","type-page","status-publish","hentry"],"yoast_head":"<!-- This site is optimized with the Yoast SEO plugin v23.4 - https:\/\/yoast.com\/wordpress\/plugins\/seo\/ -->\n<title>Igrajte nema\u010dki Loto online iz Srbije | Mogu li u\u010destvovati u nema\u010dkom Lotou ako \u017eivim u Srbiji<\/title>\n<meta name=\"description\" content=\"Igrajte nema\u010dki Loto online iz Srbije | Mogu li u\u010destvovati u nema\u010dkom Lotou ako \u017eivim u Srbiji\" \/>\n<meta name=\"robots\" content=\"index, follow, max-snippet:-1, max-image-preview:large, max-video-preview:-1\" \/>\n<link rel=\"canonical\" href=\"https:\/\/onlinelotto365.com\/sr\/igrajte\/ucestvujte-u-nemackom-loto-iz-drugih-zemalja\/\" \/>\n<meta property=\"og:locale\" content=\"sr_RS\" \/>\n<meta property=\"og:type\" content=\"article\" \/>\n<meta property=\"og:title\" content=\"Igrajte nema\u010dki Loto online iz Srbije | Mogu li u\u010destvovati u nema\u010dkom Lotou ako \u017eivim u Srbiji\" \/>\n<meta property=\"og:description\" content=\"Igrajte nema\u010dki Loto online iz Srbije | Mogu li u\u010destvovati u nema\u010dkom Lotou ako \u017eivim u Srbiji\" \/>\n<meta property=\"og:url\" content=\"https:\/\/onlinelotto365.com\/sr\/igrajte\/ucestvujte-u-nemackom-loto-iz-drugih-zemalja\/\" \/>\n<meta property=\"og:site_name\" content=\"OnlineLotto365\" \/>\n<meta property=\"og:image\" content=\"https:\/\/redfoxlotto.com\/image?size=8&amp;lottery=lotto-6aus49\" \/>\n<meta name=\"twitter:card\" content=\"summary_large_image\" \/>\n<meta name=\"twitter:label1\" content=\"\u041f\u0440\u043e\u0446\u0435\u045a\u0435\u043d\u043e \u0432\u0440\u0435\u043c\u0435 \u0447\u0438\u0442\u0430\u045a\u0430\" \/>\n\t<meta name=\"twitter:data1\" content=\"3 \u043c\u0438\u043d\u0443\u0442\u0430\" \/>\n<script type=\"application\/ld+json\" class=\"yoast-schema-graph\">{\"@context\":\"https:\/\/schema.org\",\"@graph\":[{\"@type\":\"WebPage\",\"@id\":\"https:\/\/onlinelotto365.com\/sr\/igrajte\/ucestvujte-u-nemackom-loto-iz-drugih-zemalja\/\",\"url\":\"https:\/\/onlinelotto365.com\/sr\/igrajte\/ucestvujte-u-nemackom-loto-iz-drugih-zemalja\/\",\"name\":\"Igrajte nema\u010dki Loto online iz Srbije | Mogu li u\u010destvovati u nema\u010dkom Lotou ako \u017eivim u Srbiji\",\"isPartOf\":{\"@id\":\"https:\/\/onlinelotto365.com\/sr\/#website\"},\"primaryImageOfPage\":{\"@id\":\"https:\/\/onlinelotto365.com\/sr\/igrajte\/ucestvujte-u-nemackom-loto-iz-drugih-zemalja\/#primaryimage\"},\"image\":{\"@id\":\"https:\/\/onlinelotto365.com\/sr\/igrajte\/ucestvujte-u-nemackom-loto-iz-drugih-zemalja\/#primaryimage\"},\"thumbnailUrl\":\"https:\/\/redfoxlotto.com\/image?size=8&amp;lottery=lotto-6aus49\",\"datePublished\":\"2023-09-07T05:15:15+00:00\",\"dateModified\":\"2023-09-07T05:15:15+00:00\",\"description\":\"Igrajte nema\u010dki Loto online iz Srbije | Mogu li u\u010destvovati u nema\u010dkom Lotou ako \u017eivim u Srbiji\",\"breadcrumb\":{\"@id\":\"https:\/\/onlinelotto365.com\/sr\/igrajte\/ucestvujte-u-nemackom-loto-iz-drugih-zemalja\/#breadcrumb\"},\"inLanguage\":\"sr-RS\",\"potentialAction\":[{\"@type\":\"ReadAction\",\"target\":[\"https:\/\/onlinelotto365.com\/sr\/igrajte\/ucestvujte-u-nemackom-loto-iz-drugih-zemalja\/\"]}]},{\"@type\":\"ImageObject\",\"inLanguage\":\"sr-RS\",\"@id\":\"https:\/\/onlinelotto365.com\/sr\/igrajte\/ucestvujte-u-nemackom-loto-iz-drugih-zemalja\/#primaryimage\",\"url\":\"https:\/\/redfoxlotto.com\/image?size=8&amp;lottery=lotto-6aus49\",\"contentUrl\":\"https:\/\/redfoxlotto.com\/image?size=8&amp;lottery=lotto-6aus49\"},{\"@type\":\"BreadcrumbList\",\"@id\":\"https:\/\/onlinelotto365.com\/sr\/igrajte\/ucestvujte-u-nemackom-loto-iz-drugih-zemalja\/#breadcrumb\",\"itemListElement\":[{\"@type\":\"ListItem\",\"position\":1,\"name\":\"Home\",\"item\":\"https:\/\/onlinelotto365.com\/sr\/\"},{\"@type\":\"ListItem\",\"position\":2,\"name\":\"Igrajte koji god loto po\u017eelite, bez obzira gde \u017eivite\",\"item\":\"https:\/\/onlinelotto365.com\/sr\/play\/\"},{\"@type\":\"ListItem\",\"position\":3,\"name\":\"U\u010destvujte u nema\u010dkom Loto iz drugih zemalja.\"}]},{\"@type\":\"WebSite\",\"@id\":\"https:\/\/onlinelotto365.com\/sr\/#website\",\"url\":\"https:\/\/onlinelotto365.com\/sr\/\",\"name\":\"OnlineLotto365\",\"description\":\"\",\"potentialAction\":[{\"@type\":\"SearchAction\",\"target\":{\"@type\":\"EntryPoint\",\"urlTemplate\":\"https:\/\/onlinelotto365.com\/sr\/?s={search_term_string}\"},\"query-input\":{\"@type\":\"PropertyValueSpecification\",\"valueRequired\":true,\"valueName\":\"search_term_string\"}}],\"inLanguage\":\"sr-RS\"}]}<\/script>\n<!-- \/ Yoast SEO plugin. -->","yoast_head_json":{"title":"Igrajte nema\u010dki Loto online iz Srbije | Mogu li u\u010destvovati u nema\u010dkom Lotou ako \u017eivim u Srbiji","description":"Igrajte nema\u010dki Loto online iz Srbije | Mogu li u\u010destvovati u nema\u010dkom Lotou ako \u017eivim u Srbiji","robots":{"index":"index","follow":"follow","max-snippet":"max-snippet:-1","max-image-preview":"max-image-preview:large","max-video-preview":"max-video-preview:-1"},"canonical":"https:\/\/onlinelotto365.com\/sr\/igrajte\/ucestvujte-u-nemackom-loto-iz-drugih-zemalja\/","og_locale":"sr_RS","og_type":"article","og_title":"Igrajte nema\u010dki Loto online iz Srbije | Mogu li u\u010destvovati u nema\u010dkom Lotou ako \u017eivim u Srbiji","og_description":"Igrajte nema\u010dki Loto online iz Srbije | Mogu li u\u010destvovati u nema\u010dkom Lotou ako \u017eivim u Srbiji","og_url":"https:\/\/onlinelotto365.com\/sr\/igrajte\/ucestvujte-u-nemackom-loto-iz-drugih-zemalja\/","og_site_name":"OnlineLotto365","og_image":[{"url":"https:\/\/redfoxlotto.com\/image?size=8&amp;lottery=lotto-6aus49"}],"twitter_card":"summary_large_image","twitter_misc":{"\u041f\u0440\u043e\u0446\u0435\u045a\u0435\u043d\u043e \u0432\u0440\u0435\u043c\u0435 \u0447\u0438\u0442\u0430\u045a\u0430":"3 \u043c\u0438\u043d\u0443\u0442\u0430"},"schema":{"@context":"https:\/\/schema.org","@graph":[{"@type":"WebPage","@id":"https:\/\/onlinelotto365.com\/sr\/igrajte\/ucestvujte-u-nemackom-loto-iz-drugih-zemalja\/","url":"https:\/\/onlinelotto365.com\/sr\/igrajte\/ucestvujte-u-nemackom-loto-iz-drugih-zemalja\/","name":"Igrajte nema\u010dki Loto online iz Srbije | Mogu li u\u010destvovati u nema\u010dkom Lotou ako \u017eivim u Srbiji","isPartOf":{"@id":"https:\/\/onlinelotto365.com\/sr\/#website"},"primaryImageOfPage":{"@id":"https:\/\/onlinelotto365.com\/sr\/igrajte\/ucestvujte-u-nemackom-loto-iz-drugih-zemalja\/#primaryimage"},"image":{"@id":"https:\/\/onlinelotto365.com\/sr\/igrajte\/ucestvujte-u-nemackom-loto-iz-drugih-zemalja\/#primaryimage"},"thumbnailUrl":"https:\/\/redfoxlotto.com\/image?size=8&amp;lottery=lotto-6aus49","datePublished":"2023-09-07T05:15:15+00:00","dateModified":"2023-09-07T05:15:15+00:00","description":"Igrajte nema\u010dki Loto online iz Srbije | Mogu li u\u010destvovati u nema\u010dkom Lotou ako \u017eivim u Srbiji","breadcrumb":{"@id":"https:\/\/onlinelotto365.com\/sr\/igrajte\/ucestvujte-u-nemackom-loto-iz-drugih-zemalja\/#breadcrumb"},"inLanguage":"sr-RS","potentialAction":[{"@type":"ReadAction","target":["https:\/\/onlinelotto365.com\/sr\/igrajte\/ucestvujte-u-nemackom-loto-iz-drugih-zemalja\/"]}]},{"@type":"ImageObject","inLanguage":"sr-RS","@id":"https:\/\/onlinelotto365.com\/sr\/igrajte\/ucestvujte-u-nemackom-loto-iz-drugih-zemalja\/#primaryimage","url":"https:\/\/redfoxlotto.com\/image?size=8&amp;lottery=lotto-6aus49","contentUrl":"https:\/\/redfoxlotto.com\/image?size=8&amp;lottery=lotto-6aus49"},{"@type":"BreadcrumbList","@id":"https:\/\/onlinelotto365.com\/sr\/igrajte\/ucestvujte-u-nemackom-loto-iz-drugih-zemalja\/#breadcrumb","itemListElement":[{"@type":"ListItem","position":1,"name":"Home","item":"https:\/\/onlinelotto365.com\/sr\/"},{"@type":"ListItem","position":2,"name":"Igrajte koji god loto po\u017eelite, bez obzira gde \u017eivite","item":"https:\/\/onlinelotto365.com\/sr\/play\/"},{"@type":"ListItem","position":3,"name":"U\u010destvujte u nema\u010dkom Loto iz drugih zemalja."}]},{"@type":"WebSite","@id":"https:\/\/onlinelotto365.com\/sr\/#website","url":"https:\/\/onlinelotto365.com\/sr\/","name":"OnlineLotto365","description":"","potentialAction":[{"@type":"SearchAction","target":{"@type":"EntryPoint","urlTemplate":"https:\/\/onlinelotto365.com\/sr\/?s={search_term_string}"},"query-input":{"@type":"PropertyValueSpecification","valueRequired":true,"valueName":"search_term_string"}}],"inLanguage":"sr-RS"}]}},"_links":{"self":[{"href":"https:\/\/onlinelotto365.com\/sr\/wp-json\/wp\/v2\/pages\/83163","targetHints":{"allow":["GET"]}}],"collection":[{"href":"https:\/\/onlinelotto365.com\/sr\/wp-json\/wp\/v2\/pages"}],"about":[{"href":"https:\/\/onlinelotto365.com\/sr\/wp-json\/wp\/v2\/types\/page"}],"author":[{"embeddable":true,"href":"https:\/\/onlinelotto365.com\/sr\/wp-json\/wp\/v2\/users\/1"}],"replies":[{"embeddable":true,"href":"https:\/\/onlinelotto365.com\/sr\/wp-json\/wp\/v2\/comments?post=83163"}],"version-history":[{"count":0,"href":"https:\/\/onlinelotto365.com\/sr\/wp-json\/wp\/v2\/pages\/83163\/revisions"}],"up":[{"embeddable":true,"href":"https:\/\/onlinelotto365.com\/sr\/wp-json\/wp\/v2\/pages\/5035"}],"wp:attachment":[{"href":"https:\/\/onlinelotto365.com\/sr\/wp-json\/wp\/v2\/media?parent=83163"}],"curies":[{"name":"wp","href":"https:\/\/api.w.org\/{rel}","templated":true}]}}