{"id":83495,"date":"2023-09-11T07:15:28","date_gmt":"2023-09-11T06:15:28","guid":{"rendered":"https:\/\/onlinelotto365.com\/igrajte\/powerball-australija-vise-niste-ograniceni-na-svoje-srpske-lutrije"},"modified":"2023-09-11T07:15:28","modified_gmt":"2023-09-11T06:15:28","slug":"powerball-australija-vise-niste-ograniceni-na-svoje-srpske-lutrije","status":"publish","type":"page","link":"https:\/\/onlinelotto365.com\/sr\/igrajte\/powerball-australija-vise-niste-ograniceni-na-svoje-srpske-lutrije\/","title":{"rendered":"Powerball Australija &#8211; vi\u0161e niste ograni\u010deni na svoje srpske lutrije."},"content":{"rendered":"<div class=\"flex-shrink-0 flex flex-col relative items-end\">\n<h2 class=\"text-xs flex items-center justify-center gap-1 absolute left-0 top-2 -ml-4 -translate-x-full group:hover-visible visible\">Kako igrati Powerball Australija online<\/h2>\n<\/div>\n<div class=\"relative flex w-[calc(100%-50px)] flex-col gap-1 md:gap-3 lg:w-[calc(100%-115px)]\">\n<div class=\"flex flex-grow flex-col gap-3 max-w-full\">\n<div class=\"min-h-[20px] flex flex-col items-start gap-3 overflow-x-auto whitespace-pre-wrap break-words\">\n<div class=\"markdown prose w-full break-words dark:prose-invert light\">\n<p>Zapravo je prili\u010dno jednostavno igrati Powerball Australija online, \u010dak i ako se nalazite u Velikoj Britaniji. I to je prili\u010dno prakti\u010dno jer ve\u0107 ste ovde gde mo\u017eete dobiti svoje tikete samo nekoliko klikova mi\u0161em.<\/p>\n<p>Brinemo se za vas svakim korakom puta, gde je sve \u0161to trebate u\u010diniti postaviti besplatni ra\u010dun, izabrati svoje brojeve i odabrati jednu od njihovih brojnih prakti\u010dnih opcija pla\u0107anja, a mi \u0107emo obaviti sve ostalo.<\/p>\n<p>Obavezno kliknite na pravu lutriju, odnosno Powerball Australija. Zatim izaberite svoje brojeve. Ako poku\u0161ate odabrati previ\u0161e brojeva ili niste izabrali dovoljno brojeva, sistem \u0107e vas obavestiti da izaberete manje ili vi\u0161e brojeva. Tako\u0111e mo\u017eete kliknuti na dugme &#8222;brzi odabir&#8220; i sajt \u0107e automatski izabrati neke brojeve za vas. Te brojeve jo\u0161 uvek mo\u017eete ru\u010dno izmeniti ako vam se ne svi\u0111aju.<\/p>\n<p>Postoji i metoda koju mnogi igra\u010di vole koristiti &#8211; funkcija brzog odabira. Ili mo\u017eete ru\u010dno koristiti neke od svojih omiljenih brojeva i pustiti generator slu\u010dajnih brojeva da izabere ostale za vas.<\/p>\n<p>Nakon toga, mo\u017eete izabrati jo\u0161 jednu lutriju, igrati vi\u0161e tiketa i dodati ih u svoju narud\u017ebinu. Zatim kliknite da zavr\u0161ite i sigurno platite svoje tikete. U ovom trenutku, morat \u0107ete kreirati ra\u010dun kod nas. Naravno, mo\u017eete najpre kreirati svoj ra\u010dun i zatim zapo\u010deti postupak naru\u010divanja tiketa.<\/p>\n<p>Nakon \u0161to kreirate svoj ra\u010dun, posla\u0107emo vam verifikacioni e-mail sa linkom koji morate kliknuti. Molimo vas da proverite svoj spam folder za ovu e-po\u0161tu. Bilo bi pametno ozna\u010diti na\u0161u e-mail adresu kao pouzdanog po\u0161iljaoca. Ovo \u0107e osigurati da va\u017ene poruke poput obave\u0161tenja o dobitcima doista stignu do vas.<\/p>\n<h2>O Powerball Australija<\/h2>\n<ul><img decoding=\"async\" class=\"aligncenter\" src=\"https:\/\/redfoxlotto.com\/image?size=8&amp;lottery=powerball-au\" alt=\"Powerball Australija\" \/><\/p>\n<li>Zemlja: Australija<\/li>\n<li>Raspon glavnih brojeva: 35<\/li>\n<li>Morate izabrati: 7<\/li>\n<li>Raspon dodatnih brojeva: 20<\/li>\n<li>Morate izabrati: 1<\/li>\n<li>Dani, sati izvla\u010denja: \u010detvrtak, 21:30 GMT+11, 10:30 CET<\/li>\n<li>Jackpot po\u010dinje sa: AU$ 3 miliona<\/li>\n<li>Jackpot je ograni\u010den na: AU$ 150 miliona<\/li>\n<li>\u0160ansa za osvajanje jackpota: 1 u 134.490.400<\/li>\n<li>\u0160ansa za osvajanje druge nagrade: 1 u 7.078.443<\/li>\n<li>\u0160ansa za osvajanje bilo koje nagrade: 1 u 24.87<\/li>\n<li>Broj kategorija nagrada: 7<\/li>\n<\/ul>\n<p><img loading=\"lazy\" decoding=\"async\" class=\"alignright wp-image-1653\" src=\"https:\/\/onlinelotto365.com\/wp-content\/uploads\/2020\/11\/online_lottery-145-300x143.jpg\" alt=\"Igrajte Powerball Australija online\" width=\"413\" height=\"197\" \/><\/p>\n<h2>Kako proveriti rezultate Powerball Australija<\/h2>\n<p>Mo\u017eete koristiti nekoliko metoda za proveru rezultata. Mo\u017eete ih prona\u0107i na zvani\u010dnoj veb stranici lutrije. Za neke lutrije, mo\u017eda \u0107ete prona\u0107i dobitne brojeve u svom lokalnom listu ili ih televizijski kanal mo\u017ee emitovati. Ali najlak\u0161i na\u010din je da se vratite na na\u0161u veb stranicu i proverite najnovije dobitne brojeve ovde. Kada se prijavite na svoj ra\u010dun, mo\u017eete uporediti brojeve koje ste igrali sa brojevima iz izvla\u010denja. I odmah mo\u017eete videti koliko ste osvojili.<\/p>\n<p>Igrali ste Powerball Australija online i osvojili &#8211; \u0161ta se de\u0161ava dalje? Prvo, trebali biste proveriti koliko ste osvojili. Ako je dobitak manji od \u20ac2500, prona\u0107i \u0107ete iznos na svom igra\u010dkom ra\u010dunu. Na vama je da odlu\u010dite da li \u0107ete ga koristiti za kupovinu dodatnih tiketa ili, ako vi\u0161e volite, mo\u017eete ga povu\u0107i. Imajte na umu da je opcija povla\u010denja vidljiva samo ako je saldo va\u0161eg ra\u010duna barem \u20ac10.<\/p>\n<\/div>\n<\/div>\n<\/div>\n<\/div>\n","protected":false},"excerpt":{"rendered":"<p>Kako igrati Powerball Australija online Zapravo je prili\u010dno jednostavno igrati Powerball Australija online, \u010dak i ako se nalazite u Velikoj Britaniji. I to je prili\u010dno prakti\u010dno jer ve\u0107 ste ovde gde mo\u017eete dobiti svoje tikete samo nekoliko klikova mi\u0161em. Brinemo se za vas svakim korakom puta, gde je sve \u0161to trebate u\u010diniti postaviti besplatni ra\u010dun, [&hellip;]<\/p>\n","protected":false},"author":1,"featured_media":0,"parent":5035,"menu_order":13,"comment_status":"closed","ping_status":"closed","template":"powerball-au.php","meta":{"_et_pb_use_builder":"","_et_pb_old_content":"","_et_gb_content_width":"","exclude_from_search":false,"footnotes":""},"class_list":["post-83495","page","type-page","status-publish","hentry"],"yoast_head":"<!-- This site is optimized with the Yoast SEO plugin v23.4 - https:\/\/yoast.com\/wordpress\/plugins\/seo\/ -->\n<title>Igrajte Powerball Australija online iz Srbije | Mogu li u\u010destvovati u Powerball Australija ako \u017eivim u Srbiji?<\/title>\n<meta name=\"description\" content=\"Igrajte Powerball Australija online iz Srbije | Mogu li u\u010destvovati u Powerball Australija ako \u017eivim u Srbiji?\" \/>\n<meta name=\"robots\" content=\"index, follow, max-snippet:-1, max-image-preview:large, max-video-preview:-1\" \/>\n<link rel=\"canonical\" href=\"https:\/\/onlinelotto365.com\/sr\/igrajte\/powerball-australija-vise-niste-ograniceni-na-svoje-srpske-lutrije\/\" \/>\n<meta property=\"og:locale\" content=\"sr_RS\" \/>\n<meta property=\"og:type\" content=\"article\" \/>\n<meta property=\"og:title\" content=\"Igrajte Powerball Australija online iz Srbije | Mogu li u\u010destvovati u Powerball Australija ako \u017eivim u Srbiji?\" \/>\n<meta property=\"og:description\" content=\"Igrajte Powerball Australija online iz Srbije | Mogu li u\u010destvovati u Powerball Australija ako \u017eivim u Srbiji?\" \/>\n<meta property=\"og:url\" content=\"https:\/\/onlinelotto365.com\/sr\/igrajte\/powerball-australija-vise-niste-ograniceni-na-svoje-srpske-lutrije\/\" \/>\n<meta property=\"og:site_name\" content=\"OnlineLotto365\" \/>\n<meta property=\"og:image\" content=\"https:\/\/redfoxlotto.com\/image?size=8&amp;lottery=powerball-au\" \/>\n<meta name=\"twitter:card\" content=\"summary_large_image\" \/>\n<meta name=\"twitter:label1\" content=\"\u041f\u0440\u043e\u0446\u0435\u045a\u0435\u043d\u043e \u0432\u0440\u0435\u043c\u0435 \u0447\u0438\u0442\u0430\u045a\u0430\" \/>\n\t<meta name=\"twitter:data1\" content=\"3 \u043c\u0438\u043d\u0443\u0442\u0430\" \/>\n<script type=\"application\/ld+json\" class=\"yoast-schema-graph\">{\"@context\":\"https:\/\/schema.org\",\"@graph\":[{\"@type\":\"WebPage\",\"@id\":\"https:\/\/onlinelotto365.com\/sr\/igrajte\/powerball-australija-vise-niste-ograniceni-na-svoje-srpske-lutrije\/\",\"url\":\"https:\/\/onlinelotto365.com\/sr\/igrajte\/powerball-australija-vise-niste-ograniceni-na-svoje-srpske-lutrije\/\",\"name\":\"Igrajte Powerball Australija online iz Srbije | Mogu li u\u010destvovati u Powerball Australija ako \u017eivim u Srbiji?\",\"isPartOf\":{\"@id\":\"https:\/\/onlinelotto365.com\/sr\/#website\"},\"primaryImageOfPage\":{\"@id\":\"https:\/\/onlinelotto365.com\/sr\/igrajte\/powerball-australija-vise-niste-ograniceni-na-svoje-srpske-lutrije\/#primaryimage\"},\"image\":{\"@id\":\"https:\/\/onlinelotto365.com\/sr\/igrajte\/powerball-australija-vise-niste-ograniceni-na-svoje-srpske-lutrije\/#primaryimage\"},\"thumbnailUrl\":\"https:\/\/redfoxlotto.com\/image?size=8&amp;lottery=powerball-au\",\"datePublished\":\"2023-09-11T06:15:28+00:00\",\"dateModified\":\"2023-09-11T06:15:28+00:00\",\"description\":\"Igrajte Powerball Australija online iz Srbije | Mogu li u\u010destvovati u Powerball Australija ako \u017eivim u Srbiji?\",\"breadcrumb\":{\"@id\":\"https:\/\/onlinelotto365.com\/sr\/igrajte\/powerball-australija-vise-niste-ograniceni-na-svoje-srpske-lutrije\/#breadcrumb\"},\"inLanguage\":\"sr-RS\",\"potentialAction\":[{\"@type\":\"ReadAction\",\"target\":[\"https:\/\/onlinelotto365.com\/sr\/igrajte\/powerball-australija-vise-niste-ograniceni-na-svoje-srpske-lutrije\/\"]}]},{\"@type\":\"ImageObject\",\"inLanguage\":\"sr-RS\",\"@id\":\"https:\/\/onlinelotto365.com\/sr\/igrajte\/powerball-australija-vise-niste-ograniceni-na-svoje-srpske-lutrije\/#primaryimage\",\"url\":\"https:\/\/redfoxlotto.com\/image?size=8&amp;lottery=powerball-au\",\"contentUrl\":\"https:\/\/redfoxlotto.com\/image?size=8&amp;lottery=powerball-au\"},{\"@type\":\"BreadcrumbList\",\"@id\":\"https:\/\/onlinelotto365.com\/sr\/igrajte\/powerball-australija-vise-niste-ograniceni-na-svoje-srpske-lutrije\/#breadcrumb\",\"itemListElement\":[{\"@type\":\"ListItem\",\"position\":1,\"name\":\"Home\",\"item\":\"https:\/\/onlinelotto365.com\/sr\/\"},{\"@type\":\"ListItem\",\"position\":2,\"name\":\"Igrajte koji god loto po\u017eelite, bez obzira gde \u017eivite\",\"item\":\"https:\/\/onlinelotto365.com\/sr\/play\/\"},{\"@type\":\"ListItem\",\"position\":3,\"name\":\"Powerball Australija &#8211; vi\u0161e niste ograni\u010deni na svoje srpske lutrije.\"}]},{\"@type\":\"WebSite\",\"@id\":\"https:\/\/onlinelotto365.com\/sr\/#website\",\"url\":\"https:\/\/onlinelotto365.com\/sr\/\",\"name\":\"OnlineLotto365\",\"description\":\"\",\"potentialAction\":[{\"@type\":\"SearchAction\",\"target\":{\"@type\":\"EntryPoint\",\"urlTemplate\":\"https:\/\/onlinelotto365.com\/sr\/?s={search_term_string}\"},\"query-input\":{\"@type\":\"PropertyValueSpecification\",\"valueRequired\":true,\"valueName\":\"search_term_string\"}}],\"inLanguage\":\"sr-RS\"}]}<\/script>\n<!-- \/ Yoast SEO plugin. -->","yoast_head_json":{"title":"Igrajte Powerball Australija online iz Srbije | Mogu li u\u010destvovati u Powerball Australija ako \u017eivim u Srbiji?","description":"Igrajte Powerball Australija online iz Srbije | Mogu li u\u010destvovati u Powerball Australija ako \u017eivim u Srbiji?","robots":{"index":"index","follow":"follow","max-snippet":"max-snippet:-1","max-image-preview":"max-image-preview:large","max-video-preview":"max-video-preview:-1"},"canonical":"https:\/\/onlinelotto365.com\/sr\/igrajte\/powerball-australija-vise-niste-ograniceni-na-svoje-srpske-lutrije\/","og_locale":"sr_RS","og_type":"article","og_title":"Igrajte Powerball Australija online iz Srbije | Mogu li u\u010destvovati u Powerball Australija ako \u017eivim u Srbiji?","og_description":"Igrajte Powerball Australija online iz Srbije | Mogu li u\u010destvovati u Powerball Australija ako \u017eivim u Srbiji?","og_url":"https:\/\/onlinelotto365.com\/sr\/igrajte\/powerball-australija-vise-niste-ograniceni-na-svoje-srpske-lutrije\/","og_site_name":"OnlineLotto365","og_image":[{"url":"https:\/\/redfoxlotto.com\/image?size=8&amp;lottery=powerball-au"}],"twitter_card":"summary_large_image","twitter_misc":{"\u041f\u0440\u043e\u0446\u0435\u045a\u0435\u043d\u043e \u0432\u0440\u0435\u043c\u0435 \u0447\u0438\u0442\u0430\u045a\u0430":"3 \u043c\u0438\u043d\u0443\u0442\u0430"},"schema":{"@context":"https:\/\/schema.org","@graph":[{"@type":"WebPage","@id":"https:\/\/onlinelotto365.com\/sr\/igrajte\/powerball-australija-vise-niste-ograniceni-na-svoje-srpske-lutrije\/","url":"https:\/\/onlinelotto365.com\/sr\/igrajte\/powerball-australija-vise-niste-ograniceni-na-svoje-srpske-lutrije\/","name":"Igrajte Powerball Australija online iz Srbije | Mogu li u\u010destvovati u Powerball Australija ako \u017eivim u Srbiji?","isPartOf":{"@id":"https:\/\/onlinelotto365.com\/sr\/#website"},"primaryImageOfPage":{"@id":"https:\/\/onlinelotto365.com\/sr\/igrajte\/powerball-australija-vise-niste-ograniceni-na-svoje-srpske-lutrije\/#primaryimage"},"image":{"@id":"https:\/\/onlinelotto365.com\/sr\/igrajte\/powerball-australija-vise-niste-ograniceni-na-svoje-srpske-lutrije\/#primaryimage"},"thumbnailUrl":"https:\/\/redfoxlotto.com\/image?size=8&amp;lottery=powerball-au","datePublished":"2023-09-11T06:15:28+00:00","dateModified":"2023-09-11T06:15:28+00:00","description":"Igrajte Powerball Australija online iz Srbije | Mogu li u\u010destvovati u Powerball Australija ako \u017eivim u Srbiji?","breadcrumb":{"@id":"https:\/\/onlinelotto365.com\/sr\/igrajte\/powerball-australija-vise-niste-ograniceni-na-svoje-srpske-lutrije\/#breadcrumb"},"inLanguage":"sr-RS","potentialAction":[{"@type":"ReadAction","target":["https:\/\/onlinelotto365.com\/sr\/igrajte\/powerball-australija-vise-niste-ograniceni-na-svoje-srpske-lutrije\/"]}]},{"@type":"ImageObject","inLanguage":"sr-RS","@id":"https:\/\/onlinelotto365.com\/sr\/igrajte\/powerball-australija-vise-niste-ograniceni-na-svoje-srpske-lutrije\/#primaryimage","url":"https:\/\/redfoxlotto.com\/image?size=8&amp;lottery=powerball-au","contentUrl":"https:\/\/redfoxlotto.com\/image?size=8&amp;lottery=powerball-au"},{"@type":"BreadcrumbList","@id":"https:\/\/onlinelotto365.com\/sr\/igrajte\/powerball-australija-vise-niste-ograniceni-na-svoje-srpske-lutrije\/#breadcrumb","itemListElement":[{"@type":"ListItem","position":1,"name":"Home","item":"https:\/\/onlinelotto365.com\/sr\/"},{"@type":"ListItem","position":2,"name":"Igrajte koji god loto po\u017eelite, bez obzira gde \u017eivite","item":"https:\/\/onlinelotto365.com\/sr\/play\/"},{"@type":"ListItem","position":3,"name":"Powerball Australija &#8211; vi\u0161e niste ograni\u010deni na svoje srpske lutrije."}]},{"@type":"WebSite","@id":"https:\/\/onlinelotto365.com\/sr\/#website","url":"https:\/\/onlinelotto365.com\/sr\/","name":"OnlineLotto365","description":"","potentialAction":[{"@type":"SearchAction","target":{"@type":"EntryPoint","urlTemplate":"https:\/\/onlinelotto365.com\/sr\/?s={search_term_string}"},"query-input":{"@type":"PropertyValueSpecification","valueRequired":true,"valueName":"search_term_string"}}],"inLanguage":"sr-RS"}]}},"_links":{"self":[{"href":"https:\/\/onlinelotto365.com\/sr\/wp-json\/wp\/v2\/pages\/83495","targetHints":{"allow":["GET"]}}],"collection":[{"href":"https:\/\/onlinelotto365.com\/sr\/wp-json\/wp\/v2\/pages"}],"about":[{"href":"https:\/\/onlinelotto365.com\/sr\/wp-json\/wp\/v2\/types\/page"}],"author":[{"embeddable":true,"href":"https:\/\/onlinelotto365.com\/sr\/wp-json\/wp\/v2\/users\/1"}],"replies":[{"embeddable":true,"href":"https:\/\/onlinelotto365.com\/sr\/wp-json\/wp\/v2\/comments?post=83495"}],"version-history":[{"count":0,"href":"https:\/\/onlinelotto365.com\/sr\/wp-json\/wp\/v2\/pages\/83495\/revisions"}],"up":[{"embeddable":true,"href":"https:\/\/onlinelotto365.com\/sr\/wp-json\/wp\/v2\/pages\/5035"}],"wp:attachment":[{"href":"https:\/\/onlinelotto365.com\/sr\/wp-json\/wp\/v2\/media?parent=83495"}],"curies":[{"name":"wp","href":"https:\/\/api.w.org\/{rel}","templated":true}]}}