{"id":83767,"date":"2023-09-14T09:00:36","date_gmt":"2023-09-14T08:00:36","guid":{"rendered":"https:\/\/onlinelotto365.com\/igrajte\/igrati-oz-lotto-je-samo-jedna-od-opcija-za-ljubitelje-lutrije-iz-srbije"},"modified":"2023-09-14T09:00:36","modified_gmt":"2023-09-14T08:00:36","slug":"igrati-oz-lotto-je-samo-jedna-od-opcija-za-ljubitelje-lutrije-iz-srbije","status":"publish","type":"page","link":"https:\/\/onlinelotto365.com\/sr\/igrajte\/igrati-oz-lotto-je-samo-jedna-od-opcija-za-ljubitelje-lutrije-iz-srbije\/","title":{"rendered":"Igrati Oz Lotto je samo jedna od opcija za ljubitelje lutrije iz Srbije."},"content":{"rendered":"<h2>Kako igrati Oz Lotto online<\/h2>\n<p>Bez obzira da li \u017eivite u Srbiji ili ne, mo\u017eete lako igrati Oz Lotto online. To je zato \u0161to sve \u0161to trebate u\u010diniti je prona\u0107i pravu stranicu na na\u0161em veb-sajtu, kliknuti nekoliko dugmadi i pre nego \u0161to to znate, ima\u0107ete karte koje \u017eelite.<\/p>\n<p>Jo\u0161 bolje, samo postavite potpuno besplatan nalog, odaberite karte i brojeve koje \u017eelite, izaberite opciju pla\u0107anja koja vam najbolje odgovara i gotovi ste. Stvarno je toliko jednostavno.<\/p>\n<p>Ako ste spremni da krenete, prva stvar koju trebate u\u010diniti je izabrati lutriju koju \u017eelite. U ovom slu\u010daju, razmatrate Oz Lotto. Kada ste unutra, samo odaberete brojeve koje \u017eelite igrati. \u010cak se ne morate brinuti o tome da izaberete brojeve na pogre\u0161an na\u010din, jer \u0107e sistem obavestiti o tome \u0161ta vam je potrebno.<\/p>\n<p>To zna\u010di i koli\u010dinu brojeva tako\u0111e. Tako\u0111e, mo\u017eete izabrati brzu selekciju kako bi ra\u010dunar nasumi\u010dno izabrao va\u0161e brojeve, a zatim ih uredili po \u017eelji.<\/p>\n<p>Kada dobijete karte koje \u017eelite za Oz Lotto, mo\u017eete izabrati da dodate jo\u0161 karata, izaberete drugu igru i dodate te karte ili jednostavno dodate svoje karte u narud\u017ebinu za kupovinu. Pla\u0107anje i pla\u0107anje sa svojom preferiranom metodom pla\u0107anja i sve je spremno. Naravno, mora\u0107ete da napravite nalog kako biste pro\u0161li kroz ceo proces kupovine.<\/p>\n<p>Kreiranje naloga je jednostavno, i mi \u0107emo vam poslati verifikacioni e-mail i link odmah. Na taj na\u010din mo\u017eete odmah sko\u010diti u kupovinu tih karata, bez \u010dekanja. Samo se pobrinite da proveravate svoj inbox i spam folder, jer ne\u0107ete mo\u0107i dobiti svoje karte ako ne potvrdite. Bi\u0107ete spremni za igru u tren oka.<\/p>\n<h2>O Oz Lottu<\/h2>\n<ul><img decoding=\"async\" class=\"aligncenter\" src=\"https:\/\/redfoxlotto.com\/image?size=8&amp;lottery=oz-lotto\" alt=\"Oz Lotto\" \/><\/p>\n<li>Zemlja: Australija<\/li>\n<li>Osnovni brojevi: 45<\/li>\n<li>Morate izabrati: 7<\/li>\n<li>Dani, sati izvla\u010denja: utorak, 21:30 GMT+11 &#8211; 10:30 CET<\/li>\n<li>D\u017eekpot po\u010dinje sa: AU$ 2 miliona<\/li>\n<li>D\u017eekpot nije ograni\u010den: nema ograni\u010denja<\/li>\n<li>\u0160ansa za osvajanje d\u017eekpota: 1 u 45.379.620<\/li>\n<li>\u0160ansa za osvajanje druge nagrade: 1 u 3.241.401<\/li>\n<li>\u0160ansa za osvajanje bilo koje nagrade: 1 u 54,59<\/li>\n<li>Broj kategorija nagrada: 7<\/li>\n<\/ul>\n<h2>Najbolje karakteristike Oz Lotta<\/h2>\n<p>Oz Lotto vam pru\u017ea priliku da osvojite u sedam razli\u010ditih divizija, pove\u0107avaju\u0107i va\u0161e \u0161anse za osvajanje velike nagrade. Ne samo to, ako osvojite u Prvoj diviziji, garantovano \u0107ete podeliti nagradu od 2 miliona dolara, a \u010desto i mnogo vi\u0161e. To zna\u010di da ne\u0107ete imati problema sa osvajanjem ne\u010dega velikog, ili bar dobijanja dela od neke od odli\u010dnih opcija za nagrade.<\/p>\n<h2>Kako proveriti rezultate Oz Lotta<\/h2>\n<p><img loading=\"lazy\" decoding=\"async\" class=\"alignright wp-image-3635\" src=\"https:\/\/onlinelotto365.com\/wp-content\/uploads\/2020\/11\/online_lottery-123-300x300.jpg\" alt=\"Igrajte Oz Lotto online\" width=\"228\" height=\"228\" srcset=\"https:\/\/onlinelotto365.com\/wp-content\/uploads\/2020\/11\/online_lottery-123-300x300.jpg 300w, https:\/\/onlinelotto365.com\/wp-content\/uploads\/2020\/11\/online_lottery-123-100x100.jpg 100w, https:\/\/onlinelotto365.com\/wp-content\/uploads\/2020\/11\/online_lottery-123-150x150.jpg 150w, https:\/\/onlinelotto365.com\/wp-content\/uploads\/2020\/11\/online_lottery-123.jpg 320w\" sizes=\"auto, (max-width: 228px) 100vw, 228px\" \/><br \/>\nPostoji mnogo na\u010dina da proverite dobitne brojeve za Oz Lotto. Prvi na\u010din je da posetite zvani\u010dni veb-sajt ili proverite lokalne lutrije putem svog vlastitog novina ili omiljenog kanala za vesti. Ali to radi samo ako je igra lokalna. A najbolji na\u010din da dobijete svoje lutrijske brojeve je da se vratite na na\u0161 sajt.<\/p>\n<p>Na kraju krajeva, kupili ste svoje karte ovde, pa za\u0161to ne? Mo\u0107i \u0107ete da se prijavite direktno na svoj nalog i uporedite svoje brojeve sa dobitnim brojevima da biste videli koliko ste osvojili.<\/p>\n<h2>Vi ste pobednik na Oz Lottu! &#8211; \u0160ta sada?<\/h2>\n<p>Prva stvar koju \u0107ete \u017eeleti da znate je koliko \u0107ete dobiti. Na kraju krajeva, svako \u017eeli znati o svojim dobitcima, zar ne? Ako ste osvojili manje od 2500 evra, ne\u0107ete morati ni\u0161ta da radite. Mi \u0107emo se pobrinuti za podno\u0161enje zahteva za nagradu i direktno je staviti na va\u0161 nalog na internetu. Odavde mo\u017eete da izaberete da je podignete, kupite nove karte ili \u0161ta god \u017eelite, pod uslovom da je vi\u0161e od 10 evra.<\/p>\n<p>Sada, ako ste osvojili vi\u0161e od 2500 evra, tu je malo vi\u0161e uklju\u010deno u procesu, ali ne brinite jer \u0107emo vam pomo\u0107i kroz sve. Kontaktira\u0107emo vas i posla\u0107emo vam kopiju obrasca zahteva koji treba poslati komisiji za lutriju. Nakon \u0161to ga popunite, mo\u0107i \u0107ete da dobijete svoje dobitke u skladu sa onim \u0161to ste podneli na papiru. Mo\u017eete dobiti \u010dek ili bankovni transfer.<\/p>\n","protected":false},"excerpt":{"rendered":"<p>Kako igrati Oz Lotto online Bez obzira da li \u017eivite u Srbiji ili ne, mo\u017eete lako igrati Oz Lotto online. To je zato \u0161to sve \u0161to trebate u\u010diniti je prona\u0107i pravu stranicu na na\u0161em veb-sajtu, kliknuti nekoliko dugmadi i pre nego \u0161to to znate, ima\u0107ete karte koje \u017eelite. Jo\u0161 bolje, samo postavite potpuno besplatan nalog, [&hellip;]<\/p>\n","protected":false},"author":1,"featured_media":0,"parent":5035,"menu_order":14,"comment_status":"closed","ping_status":"closed","template":"template-rightsidebar.php","meta":{"_et_pb_use_builder":"","_et_pb_old_content":"","_et_gb_content_width":"","exclude_from_search":false,"footnotes":""},"class_list":["post-83767","page","type-page","status-publish","hentry"],"yoast_head":"<!-- This site is optimized with the Yoast SEO plugin v23.4 - https:\/\/yoast.com\/wordpress\/plugins\/seo\/ -->\n<title>Igrajte Oz Lotto ba\u0161 ovde - najve\u0107e lutrije na planeti, dostupno online iz Srbije.<\/title>\n<meta name=\"description\" content=\"Igrajte Oz Lotto ba\u0161 ovde - najve\u0107e lutrije na planeti, dostupno online iz Srbije.\" \/>\n<meta name=\"robots\" content=\"index, follow, max-snippet:-1, max-image-preview:large, max-video-preview:-1\" \/>\n<link rel=\"canonical\" href=\"https:\/\/onlinelotto365.com\/sr\/igrajte\/igrati-oz-lotto-je-samo-jedna-od-opcija-za-ljubitelje-lutrije-iz-srbije\/\" \/>\n<meta property=\"og:locale\" content=\"sr_RS\" \/>\n<meta property=\"og:type\" content=\"article\" \/>\n<meta property=\"og:title\" content=\"Igrajte Oz Lotto ba\u0161 ovde - najve\u0107e lutrije na planeti, dostupno online iz Srbije.\" \/>\n<meta property=\"og:description\" content=\"Igrajte Oz Lotto ba\u0161 ovde - najve\u0107e lutrije na planeti, dostupno online iz Srbije.\" \/>\n<meta property=\"og:url\" content=\"https:\/\/onlinelotto365.com\/sr\/igrajte\/igrati-oz-lotto-je-samo-jedna-od-opcija-za-ljubitelje-lutrije-iz-srbije\/\" \/>\n<meta property=\"og:site_name\" content=\"OnlineLotto365\" \/>\n<meta property=\"og:image\" content=\"https:\/\/redfoxlotto.com\/image?size=8&amp;lottery=oz-lotto\" \/>\n<meta name=\"twitter:card\" content=\"summary_large_image\" \/>\n<meta name=\"twitter:label1\" content=\"\u041f\u0440\u043e\u0446\u0435\u045a\u0435\u043d\u043e \u0432\u0440\u0435\u043c\u0435 \u0447\u0438\u0442\u0430\u045a\u0430\" \/>\n\t<meta name=\"twitter:data1\" content=\"3 \u043c\u0438\u043d\u0443\u0442\u0430\" \/>\n<script type=\"application\/ld+json\" class=\"yoast-schema-graph\">{\"@context\":\"https:\/\/schema.org\",\"@graph\":[{\"@type\":\"WebPage\",\"@id\":\"https:\/\/onlinelotto365.com\/sr\/igrajte\/igrati-oz-lotto-je-samo-jedna-od-opcija-za-ljubitelje-lutrije-iz-srbije\/\",\"url\":\"https:\/\/onlinelotto365.com\/sr\/igrajte\/igrati-oz-lotto-je-samo-jedna-od-opcija-za-ljubitelje-lutrije-iz-srbije\/\",\"name\":\"Igrajte Oz Lotto ba\u0161 ovde - najve\u0107e lutrije na planeti, dostupno online iz Srbije.\",\"isPartOf\":{\"@id\":\"https:\/\/onlinelotto365.com\/sr\/#website\"},\"primaryImageOfPage\":{\"@id\":\"https:\/\/onlinelotto365.com\/sr\/igrajte\/igrati-oz-lotto-je-samo-jedna-od-opcija-za-ljubitelje-lutrije-iz-srbije\/#primaryimage\"},\"image\":{\"@id\":\"https:\/\/onlinelotto365.com\/sr\/igrajte\/igrati-oz-lotto-je-samo-jedna-od-opcija-za-ljubitelje-lutrije-iz-srbije\/#primaryimage\"},\"thumbnailUrl\":\"https:\/\/redfoxlotto.com\/image?size=8&amp;lottery=oz-lotto\",\"datePublished\":\"2023-09-14T08:00:36+00:00\",\"dateModified\":\"2023-09-14T08:00:36+00:00\",\"description\":\"Igrajte Oz Lotto ba\u0161 ovde - najve\u0107e lutrije na planeti, dostupno online iz Srbije.\",\"breadcrumb\":{\"@id\":\"https:\/\/onlinelotto365.com\/sr\/igrajte\/igrati-oz-lotto-je-samo-jedna-od-opcija-za-ljubitelje-lutrije-iz-srbije\/#breadcrumb\"},\"inLanguage\":\"sr-RS\",\"potentialAction\":[{\"@type\":\"ReadAction\",\"target\":[\"https:\/\/onlinelotto365.com\/sr\/igrajte\/igrati-oz-lotto-je-samo-jedna-od-opcija-za-ljubitelje-lutrije-iz-srbije\/\"]}]},{\"@type\":\"ImageObject\",\"inLanguage\":\"sr-RS\",\"@id\":\"https:\/\/onlinelotto365.com\/sr\/igrajte\/igrati-oz-lotto-je-samo-jedna-od-opcija-za-ljubitelje-lutrije-iz-srbije\/#primaryimage\",\"url\":\"https:\/\/redfoxlotto.com\/image?size=8&amp;lottery=oz-lotto\",\"contentUrl\":\"https:\/\/redfoxlotto.com\/image?size=8&amp;lottery=oz-lotto\"},{\"@type\":\"BreadcrumbList\",\"@id\":\"https:\/\/onlinelotto365.com\/sr\/igrajte\/igrati-oz-lotto-je-samo-jedna-od-opcija-za-ljubitelje-lutrije-iz-srbije\/#breadcrumb\",\"itemListElement\":[{\"@type\":\"ListItem\",\"position\":1,\"name\":\"Home\",\"item\":\"https:\/\/onlinelotto365.com\/sr\/\"},{\"@type\":\"ListItem\",\"position\":2,\"name\":\"Igrajte koji god loto po\u017eelite, bez obzira gde \u017eivite\",\"item\":\"https:\/\/onlinelotto365.com\/sr\/play\/\"},{\"@type\":\"ListItem\",\"position\":3,\"name\":\"Igrati Oz Lotto je samo jedna od opcija za ljubitelje lutrije iz Srbije.\"}]},{\"@type\":\"WebSite\",\"@id\":\"https:\/\/onlinelotto365.com\/sr\/#website\",\"url\":\"https:\/\/onlinelotto365.com\/sr\/\",\"name\":\"OnlineLotto365\",\"description\":\"\",\"potentialAction\":[{\"@type\":\"SearchAction\",\"target\":{\"@type\":\"EntryPoint\",\"urlTemplate\":\"https:\/\/onlinelotto365.com\/sr\/?s={search_term_string}\"},\"query-input\":{\"@type\":\"PropertyValueSpecification\",\"valueRequired\":true,\"valueName\":\"search_term_string\"}}],\"inLanguage\":\"sr-RS\"}]}<\/script>\n<!-- \/ Yoast SEO plugin. -->","yoast_head_json":{"title":"Igrajte Oz Lotto ba\u0161 ovde - najve\u0107e lutrije na planeti, dostupno online iz Srbije.","description":"Igrajte Oz Lotto ba\u0161 ovde - najve\u0107e lutrije na planeti, dostupno online iz Srbije.","robots":{"index":"index","follow":"follow","max-snippet":"max-snippet:-1","max-image-preview":"max-image-preview:large","max-video-preview":"max-video-preview:-1"},"canonical":"https:\/\/onlinelotto365.com\/sr\/igrajte\/igrati-oz-lotto-je-samo-jedna-od-opcija-za-ljubitelje-lutrije-iz-srbije\/","og_locale":"sr_RS","og_type":"article","og_title":"Igrajte Oz Lotto ba\u0161 ovde - najve\u0107e lutrije na planeti, dostupno online iz Srbije.","og_description":"Igrajte Oz Lotto ba\u0161 ovde - najve\u0107e lutrije na planeti, dostupno online iz Srbije.","og_url":"https:\/\/onlinelotto365.com\/sr\/igrajte\/igrati-oz-lotto-je-samo-jedna-od-opcija-za-ljubitelje-lutrije-iz-srbije\/","og_site_name":"OnlineLotto365","og_image":[{"url":"https:\/\/redfoxlotto.com\/image?size=8&amp;lottery=oz-lotto"}],"twitter_card":"summary_large_image","twitter_misc":{"\u041f\u0440\u043e\u0446\u0435\u045a\u0435\u043d\u043e \u0432\u0440\u0435\u043c\u0435 \u0447\u0438\u0442\u0430\u045a\u0430":"3 \u043c\u0438\u043d\u0443\u0442\u0430"},"schema":{"@context":"https:\/\/schema.org","@graph":[{"@type":"WebPage","@id":"https:\/\/onlinelotto365.com\/sr\/igrajte\/igrati-oz-lotto-je-samo-jedna-od-opcija-za-ljubitelje-lutrije-iz-srbije\/","url":"https:\/\/onlinelotto365.com\/sr\/igrajte\/igrati-oz-lotto-je-samo-jedna-od-opcija-za-ljubitelje-lutrije-iz-srbije\/","name":"Igrajte Oz Lotto ba\u0161 ovde - najve\u0107e lutrije na planeti, dostupno online iz Srbije.","isPartOf":{"@id":"https:\/\/onlinelotto365.com\/sr\/#website"},"primaryImageOfPage":{"@id":"https:\/\/onlinelotto365.com\/sr\/igrajte\/igrati-oz-lotto-je-samo-jedna-od-opcija-za-ljubitelje-lutrije-iz-srbije\/#primaryimage"},"image":{"@id":"https:\/\/onlinelotto365.com\/sr\/igrajte\/igrati-oz-lotto-je-samo-jedna-od-opcija-za-ljubitelje-lutrije-iz-srbije\/#primaryimage"},"thumbnailUrl":"https:\/\/redfoxlotto.com\/image?size=8&amp;lottery=oz-lotto","datePublished":"2023-09-14T08:00:36+00:00","dateModified":"2023-09-14T08:00:36+00:00","description":"Igrajte Oz Lotto ba\u0161 ovde - najve\u0107e lutrije na planeti, dostupno online iz Srbije.","breadcrumb":{"@id":"https:\/\/onlinelotto365.com\/sr\/igrajte\/igrati-oz-lotto-je-samo-jedna-od-opcija-za-ljubitelje-lutrije-iz-srbije\/#breadcrumb"},"inLanguage":"sr-RS","potentialAction":[{"@type":"ReadAction","target":["https:\/\/onlinelotto365.com\/sr\/igrajte\/igrati-oz-lotto-je-samo-jedna-od-opcija-za-ljubitelje-lutrije-iz-srbije\/"]}]},{"@type":"ImageObject","inLanguage":"sr-RS","@id":"https:\/\/onlinelotto365.com\/sr\/igrajte\/igrati-oz-lotto-je-samo-jedna-od-opcija-za-ljubitelje-lutrije-iz-srbije\/#primaryimage","url":"https:\/\/redfoxlotto.com\/image?size=8&amp;lottery=oz-lotto","contentUrl":"https:\/\/redfoxlotto.com\/image?size=8&amp;lottery=oz-lotto"},{"@type":"BreadcrumbList","@id":"https:\/\/onlinelotto365.com\/sr\/igrajte\/igrati-oz-lotto-je-samo-jedna-od-opcija-za-ljubitelje-lutrije-iz-srbije\/#breadcrumb","itemListElement":[{"@type":"ListItem","position":1,"name":"Home","item":"https:\/\/onlinelotto365.com\/sr\/"},{"@type":"ListItem","position":2,"name":"Igrajte koji god loto po\u017eelite, bez obzira gde \u017eivite","item":"https:\/\/onlinelotto365.com\/sr\/play\/"},{"@type":"ListItem","position":3,"name":"Igrati Oz Lotto je samo jedna od opcija za ljubitelje lutrije iz Srbije."}]},{"@type":"WebSite","@id":"https:\/\/onlinelotto365.com\/sr\/#website","url":"https:\/\/onlinelotto365.com\/sr\/","name":"OnlineLotto365","description":"","potentialAction":[{"@type":"SearchAction","target":{"@type":"EntryPoint","urlTemplate":"https:\/\/onlinelotto365.com\/sr\/?s={search_term_string}"},"query-input":{"@type":"PropertyValueSpecification","valueRequired":true,"valueName":"search_term_string"}}],"inLanguage":"sr-RS"}]}},"_links":{"self":[{"href":"https:\/\/onlinelotto365.com\/sr\/wp-json\/wp\/v2\/pages\/83767","targetHints":{"allow":["GET"]}}],"collection":[{"href":"https:\/\/onlinelotto365.com\/sr\/wp-json\/wp\/v2\/pages"}],"about":[{"href":"https:\/\/onlinelotto365.com\/sr\/wp-json\/wp\/v2\/types\/page"}],"author":[{"embeddable":true,"href":"https:\/\/onlinelotto365.com\/sr\/wp-json\/wp\/v2\/users\/1"}],"replies":[{"embeddable":true,"href":"https:\/\/onlinelotto365.com\/sr\/wp-json\/wp\/v2\/comments?post=83767"}],"version-history":[{"count":0,"href":"https:\/\/onlinelotto365.com\/sr\/wp-json\/wp\/v2\/pages\/83767\/revisions"}],"up":[{"embeddable":true,"href":"https:\/\/onlinelotto365.com\/sr\/wp-json\/wp\/v2\/pages\/5035"}],"wp:attachment":[{"href":"https:\/\/onlinelotto365.com\/sr\/wp-json\/wp\/v2\/media?parent=83767"}],"curies":[{"name":"wp","href":"https:\/\/api.w.org\/{rel}","templated":true}]}}