{"id":83777,"date":"2023-09-14T16:54:54","date_gmt":"2023-09-14T15:54:54","guid":{"rendered":"https:\/\/onlinelotto365.com\/igrajte\/igranje-saturday-lotto-australija-je-samo-jedna-od-opcija-za-ljubitelje-lutrije-iz-srbije"},"modified":"2023-09-14T16:54:54","modified_gmt":"2023-09-14T15:54:54","slug":"igranje-saturday-lotto-australija-je-samo-jedna-od-opcija-za-ljubitelje-lutrije-iz-srbije","status":"publish","type":"page","link":"https:\/\/onlinelotto365.com\/sr\/igrajte\/igranje-saturday-lotto-australija-je-samo-jedna-od-opcija-za-ljubitelje-lutrije-iz-srbije\/","title":{"rendered":"Igranje Saturday Lotto Australija je samo jedna od opcija za ljubitelje lutrije iz Srbije."},"content":{"rendered":"<h2>Kako igrati Saturday Lotto Australija putem interneta<\/h2>\n<p>Ako \u017eivite u Srbiji ili negde drugde, primeti\u0107ete da nije tako te\u0161ko kao \u0161to mo\u017eda mislite igrati Saturday Lotto Australija putem interneta. Osim toga, ima\u0107ete opcije da dobijete karte koje \u017eelite bez potrebe da za to potro\u0161ite puno vremena, \u0161ta mo\u017ee biti bolje od toga?<\/p>\n<p>Pa, \u010dinjenica da \u0107emo vam pomo\u0107i tokom celog procesa svakako \u0107e biti velika prednost. Mo\u017eete odabrati sve opcije koje \u017eelite, kreirati svoj ra\u010dun, kupiti karte i sve \u0161to vam je potrebno uz svoj omiljeni na\u010din pla\u0107anja u vrlo kratkom roku. A mi \u0107emo se pobrinuti da te karte budu spremne za vas kada do\u0111e vreme izvla\u010denja.<\/p>\n<p>Sve \u0161to trebate da uradite je da pogledate razli\u010dite opcije lutrije i odaberete Saturday Lotto Australija. Kada to uradite, dobi\u0107ete opciju da odaberete brojeve za svaku kartu koju \u017eelite.<\/p>\n<p>Ne brinite se zbog toga \u0161to biste mogli odabrati pogre\u0161an broj, jer \u0107e sistem voditi ra\u010duna da odaberete ta\u010dan broj. Ako niste sigurni oko brojeva koje \u017eelite, mo\u017eete jednostavno odabrati brzu selekciju kako bi ra\u010dunar odabrao brojeve umesto vas.<\/p>\n<p>Kada dobijete svoje karte, mo\u017eete odabrati da dodate jo\u0161, da odaberete karte za drugu igru ili jednostavno da dodate na svoju porud\u017ebinu i spremite se za kupovinu. Proces pla\u0107anja je dizajniran da bude \u0161to jednostavniji, tako da mo\u017eete platiti svoje karte i krenuti dalje u veoma kratkom roku. Sve \u0161to trebate da uradite je da kreirate svoj ra\u010dun.<\/p>\n<p>Kreiranje ra\u010duna je jednostavno jer nam nije potrebno mnogo informacija. Zatim \u0107emo vam poslati verifikacioni email kako biste finalizirali svoj ra\u010dun. Imajte na umu da bi se email mogao na\u0107i u va\u0161em spam folderu (\u0161to zna\u010di da nas morate dodati u va\u0161 adresar), i sa tim \u0107ete imati svoj ra\u010dun i mogu\u0107nost kupovine vi\u0161e karata kad god \u017eelite.<\/p>\n<h2>O Saturday Lotto Australija<\/h2>\n<ul><img decoding=\"async\" class=\"aligncenter\" src=\"https:\/\/redfoxlotto.com\/image?size=8&amp;lottery=saturday-lotto-au\" alt=\"Subotnja Loto Australija\" \/><\/p>\n<li>Zemlja: Australija<\/li>\n<li>Raspon glavnih brojeva: 45<\/li>\n<li>Morate odabrati: 6<\/li>\n<li>Dani, sati izvla\u010denja: Subota, 21:30 GMT+11 &#8211; 10:30 CET<\/li>\n<li>D\u017eekpot po\u010dinje od: AU$ 5 miliona<\/li>\n<li>D\u017eekpot je ograni\u010den na: AU$ 150 miliona<\/li>\n<li>\u0160ansa za osvajanje d\u017eekpota: 1 prema 8145060<\/li>\n<li>\u0160ansa za osvajanje druge nagrade: 1 prema 678755<\/li>\n<li>\u0160ansa za osvajanje bilo koje nagrade: 1 prema 85,44<\/li>\n<li>Broj kategorija nagrada: 6<\/li>\n<\/ul>\n<h2>Najbolje karakteristike Saturday Lotto Australija<\/h2>\n<p>Saturday Lotto Australija pru\u017ea mnogo \u0161ansi za osvajanje i d\u017eekpotove vredne nekoliko miliona. Ono \u0161to je jo\u0161 bolje jeste da ima stotine hiljada pobednika u svakom izvla\u010denju. Mo\u017eete osvojiti malu nagradu od manje od 10 dolara ili mo\u017eete osvojiti velike nagrade vredne stotine hiljada dolara. Sve \u0161to trebate da uradite je da odaberete prave brojeve.<\/p>\n<h2>Kako proveriti rezultate Saturday Lotto Australija<\/h2>\n<p>Kada do\u0111e vreme da proverite rezultate Saturday Lotto Australija, imate nekoliko razli\u010ditih opcija. Prva opcija je da pogledate na zvani\u010dnom sajtu lutrije. Uvek objavljuju dobitne brojeve nakon \u0161to budu izvu\u010deni.<\/p>\n<p>Ali tako\u0111e mo\u017eete proveriti lokalne novine i televizijske kanale ako \u017eivite lokalno. Naravno, najlak\u0161i i najbolji na\u010din za proveru je da se vratite na na\u0161u veb stranicu i prijavite se na svoj ra\u010dun. Od tamo \u0107ete mo\u0107i videti najnovije dobitne brojeve, kao i da ih uporedite sa svojim.<\/p>\n<h2>Igrali ste Saturday Lotto Australija putem interneta i osvojili &#8211; \u0161ta se de\u0161ava dalje?<\/h2>\n<p>Da li ste ne\u0161to osvojili na poslednjem izvla\u010denju? Ako jeste, \u017eele\u0107ete znati koliko i to \u0107e uticati na to kako \u0107ete dobiti svoj novac. Bilo koji iznos ispod \u20ac2500 mo\u017ee se direktno uplatiti na va\u0161 ra\u010dun, i bi\u0107e. To zna\u010di da s njim mo\u017eete raditi \u0161ta god \u017eelite, od povla\u010denja (ako pre\u0111e \u20ac10), do kupovine jo\u0161 nekoliko karata za ovu ili bilo koju drugu igru koju \u017eelite.<\/p>\n<p>S druge strane, ako ste imali sre\u0107e i osvojili vi\u0161e od \u20ac2500, pomo\u0107i \u0107emo vam u procesu zahteva za povla\u010denje svojih dobitaka, \u0161to zahteva malo vi\u0161e truda. Za ovaj proces \u0107ete morati popuniti obrazac zahteva za komisiju lutrije i odlu\u010diti \u017eelite li da vam novac bude poslat putem bankovnog transfera ili \u010deka. To je potpuno na vama.<\/p>\n","protected":false},"excerpt":{"rendered":"<p>Kako igrati Saturday Lotto Australija putem interneta Ako \u017eivite u Srbiji ili negde drugde, primeti\u0107ete da nije tako te\u0161ko kao \u0161to mo\u017eda mislite igrati Saturday Lotto Australija putem interneta. Osim toga, ima\u0107ete opcije da dobijete karte koje \u017eelite bez potrebe da za to potro\u0161ite puno vremena, \u0161ta mo\u017ee biti bolje od toga? Pa, \u010dinjenica da [&hellip;]<\/p>\n","protected":false},"author":1,"featured_media":0,"parent":5035,"menu_order":15,"comment_status":"closed","ping_status":"closed","template":"saturday-lotto.php","meta":{"_et_pb_use_builder":"","_et_pb_old_content":"","_et_gb_content_width":"","exclude_from_search":false,"footnotes":""},"class_list":["post-83777","page","type-page","status-publish","hentry"],"yoast_head":"<!-- This site is optimized with the Yoast SEO plugin v23.4 - https:\/\/yoast.com\/wordpress\/plugins\/seo\/ -->\n<title>Na\u0161a usluga vam omogu\u0107ava da igrate Subotnju Loto Australija putem interneta iz Srbije.<\/title>\n<meta name=\"description\" content=\"Na\u0161a usluga vam omogu\u0107ava da igrate Subotnju Loto Australija putem interneta iz Srbije.\" \/>\n<meta name=\"robots\" content=\"index, follow, max-snippet:-1, max-image-preview:large, max-video-preview:-1\" \/>\n<link rel=\"canonical\" href=\"https:\/\/onlinelotto365.com\/sr\/igrajte\/igranje-saturday-lotto-australija-je-samo-jedna-od-opcija-za-ljubitelje-lutrije-iz-srbije\/\" \/>\n<meta property=\"og:locale\" content=\"sr_RS\" \/>\n<meta property=\"og:type\" content=\"article\" \/>\n<meta property=\"og:title\" content=\"Na\u0161a usluga vam omogu\u0107ava da igrate Subotnju Loto Australija putem interneta iz Srbije.\" \/>\n<meta property=\"og:description\" content=\"Na\u0161a usluga vam omogu\u0107ava da igrate Subotnju Loto Australija putem interneta iz Srbije.\" \/>\n<meta property=\"og:url\" content=\"https:\/\/onlinelotto365.com\/sr\/igrajte\/igranje-saturday-lotto-australija-je-samo-jedna-od-opcija-za-ljubitelje-lutrije-iz-srbije\/\" \/>\n<meta property=\"og:site_name\" content=\"OnlineLotto365\" \/>\n<meta property=\"og:image\" content=\"https:\/\/redfoxlotto.com\/image?size=8&amp;lottery=saturday-lotto-au\" \/>\n<meta name=\"twitter:card\" content=\"summary_large_image\" \/>\n<meta name=\"twitter:label1\" content=\"\u041f\u0440\u043e\u0446\u0435\u045a\u0435\u043d\u043e \u0432\u0440\u0435\u043c\u0435 \u0447\u0438\u0442\u0430\u045a\u0430\" \/>\n\t<meta name=\"twitter:data1\" content=\"3 \u043c\u0438\u043d\u0443\u0442\u0430\" \/>\n<script type=\"application\/ld+json\" class=\"yoast-schema-graph\">{\"@context\":\"https:\/\/schema.org\",\"@graph\":[{\"@type\":\"WebPage\",\"@id\":\"https:\/\/onlinelotto365.com\/sr\/igrajte\/igranje-saturday-lotto-australija-je-samo-jedna-od-opcija-za-ljubitelje-lutrije-iz-srbije\/\",\"url\":\"https:\/\/onlinelotto365.com\/sr\/igrajte\/igranje-saturday-lotto-australija-je-samo-jedna-od-opcija-za-ljubitelje-lutrije-iz-srbije\/\",\"name\":\"Na\u0161a usluga vam omogu\u0107ava da igrate Subotnju Loto Australija putem interneta iz Srbije.\",\"isPartOf\":{\"@id\":\"https:\/\/onlinelotto365.com\/sr\/#website\"},\"primaryImageOfPage\":{\"@id\":\"https:\/\/onlinelotto365.com\/sr\/igrajte\/igranje-saturday-lotto-australija-je-samo-jedna-od-opcija-za-ljubitelje-lutrije-iz-srbije\/#primaryimage\"},\"image\":{\"@id\":\"https:\/\/onlinelotto365.com\/sr\/igrajte\/igranje-saturday-lotto-australija-je-samo-jedna-od-opcija-za-ljubitelje-lutrije-iz-srbije\/#primaryimage\"},\"thumbnailUrl\":\"https:\/\/redfoxlotto.com\/image?size=8&amp;lottery=saturday-lotto-au\",\"datePublished\":\"2023-09-14T15:54:54+00:00\",\"dateModified\":\"2023-09-14T15:54:54+00:00\",\"description\":\"Na\u0161a usluga vam omogu\u0107ava da igrate Subotnju Loto Australija putem interneta iz Srbije.\",\"breadcrumb\":{\"@id\":\"https:\/\/onlinelotto365.com\/sr\/igrajte\/igranje-saturday-lotto-australija-je-samo-jedna-od-opcija-za-ljubitelje-lutrije-iz-srbije\/#breadcrumb\"},\"inLanguage\":\"sr-RS\",\"potentialAction\":[{\"@type\":\"ReadAction\",\"target\":[\"https:\/\/onlinelotto365.com\/sr\/igrajte\/igranje-saturday-lotto-australija-je-samo-jedna-od-opcija-za-ljubitelje-lutrije-iz-srbije\/\"]}]},{\"@type\":\"ImageObject\",\"inLanguage\":\"sr-RS\",\"@id\":\"https:\/\/onlinelotto365.com\/sr\/igrajte\/igranje-saturday-lotto-australija-je-samo-jedna-od-opcija-za-ljubitelje-lutrije-iz-srbije\/#primaryimage\",\"url\":\"https:\/\/redfoxlotto.com\/image?size=8&amp;lottery=saturday-lotto-au\",\"contentUrl\":\"https:\/\/redfoxlotto.com\/image?size=8&amp;lottery=saturday-lotto-au\"},{\"@type\":\"BreadcrumbList\",\"@id\":\"https:\/\/onlinelotto365.com\/sr\/igrajte\/igranje-saturday-lotto-australija-je-samo-jedna-od-opcija-za-ljubitelje-lutrije-iz-srbije\/#breadcrumb\",\"itemListElement\":[{\"@type\":\"ListItem\",\"position\":1,\"name\":\"Home\",\"item\":\"https:\/\/onlinelotto365.com\/sr\/\"},{\"@type\":\"ListItem\",\"position\":2,\"name\":\"Igrajte koji god loto po\u017eelite, bez obzira gde \u017eivite\",\"item\":\"https:\/\/onlinelotto365.com\/sr\/play\/\"},{\"@type\":\"ListItem\",\"position\":3,\"name\":\"Igranje Saturday Lotto Australija je samo jedna od opcija za ljubitelje lutrije iz Srbije.\"}]},{\"@type\":\"WebSite\",\"@id\":\"https:\/\/onlinelotto365.com\/sr\/#website\",\"url\":\"https:\/\/onlinelotto365.com\/sr\/\",\"name\":\"OnlineLotto365\",\"description\":\"\",\"potentialAction\":[{\"@type\":\"SearchAction\",\"target\":{\"@type\":\"EntryPoint\",\"urlTemplate\":\"https:\/\/onlinelotto365.com\/sr\/?s={search_term_string}\"},\"query-input\":{\"@type\":\"PropertyValueSpecification\",\"valueRequired\":true,\"valueName\":\"search_term_string\"}}],\"inLanguage\":\"sr-RS\"}]}<\/script>\n<!-- \/ Yoast SEO plugin. -->","yoast_head_json":{"title":"Na\u0161a usluga vam omogu\u0107ava da igrate Subotnju Loto Australija putem interneta iz Srbije.","description":"Na\u0161a usluga vam omogu\u0107ava da igrate Subotnju Loto Australija putem interneta iz Srbije.","robots":{"index":"index","follow":"follow","max-snippet":"max-snippet:-1","max-image-preview":"max-image-preview:large","max-video-preview":"max-video-preview:-1"},"canonical":"https:\/\/onlinelotto365.com\/sr\/igrajte\/igranje-saturday-lotto-australija-je-samo-jedna-od-opcija-za-ljubitelje-lutrije-iz-srbije\/","og_locale":"sr_RS","og_type":"article","og_title":"Na\u0161a usluga vam omogu\u0107ava da igrate Subotnju Loto Australija putem interneta iz Srbije.","og_description":"Na\u0161a usluga vam omogu\u0107ava da igrate Subotnju Loto Australija putem interneta iz Srbije.","og_url":"https:\/\/onlinelotto365.com\/sr\/igrajte\/igranje-saturday-lotto-australija-je-samo-jedna-od-opcija-za-ljubitelje-lutrije-iz-srbije\/","og_site_name":"OnlineLotto365","og_image":[{"url":"https:\/\/redfoxlotto.com\/image?size=8&amp;lottery=saturday-lotto-au"}],"twitter_card":"summary_large_image","twitter_misc":{"\u041f\u0440\u043e\u0446\u0435\u045a\u0435\u043d\u043e \u0432\u0440\u0435\u043c\u0435 \u0447\u0438\u0442\u0430\u045a\u0430":"3 \u043c\u0438\u043d\u0443\u0442\u0430"},"schema":{"@context":"https:\/\/schema.org","@graph":[{"@type":"WebPage","@id":"https:\/\/onlinelotto365.com\/sr\/igrajte\/igranje-saturday-lotto-australija-je-samo-jedna-od-opcija-za-ljubitelje-lutrije-iz-srbije\/","url":"https:\/\/onlinelotto365.com\/sr\/igrajte\/igranje-saturday-lotto-australija-je-samo-jedna-od-opcija-za-ljubitelje-lutrije-iz-srbije\/","name":"Na\u0161a usluga vam omogu\u0107ava da igrate Subotnju Loto Australija putem interneta iz Srbije.","isPartOf":{"@id":"https:\/\/onlinelotto365.com\/sr\/#website"},"primaryImageOfPage":{"@id":"https:\/\/onlinelotto365.com\/sr\/igrajte\/igranje-saturday-lotto-australija-je-samo-jedna-od-opcija-za-ljubitelje-lutrije-iz-srbije\/#primaryimage"},"image":{"@id":"https:\/\/onlinelotto365.com\/sr\/igrajte\/igranje-saturday-lotto-australija-je-samo-jedna-od-opcija-za-ljubitelje-lutrije-iz-srbije\/#primaryimage"},"thumbnailUrl":"https:\/\/redfoxlotto.com\/image?size=8&amp;lottery=saturday-lotto-au","datePublished":"2023-09-14T15:54:54+00:00","dateModified":"2023-09-14T15:54:54+00:00","description":"Na\u0161a usluga vam omogu\u0107ava da igrate Subotnju Loto Australija putem interneta iz Srbije.","breadcrumb":{"@id":"https:\/\/onlinelotto365.com\/sr\/igrajte\/igranje-saturday-lotto-australija-je-samo-jedna-od-opcija-za-ljubitelje-lutrije-iz-srbije\/#breadcrumb"},"inLanguage":"sr-RS","potentialAction":[{"@type":"ReadAction","target":["https:\/\/onlinelotto365.com\/sr\/igrajte\/igranje-saturday-lotto-australija-je-samo-jedna-od-opcija-za-ljubitelje-lutrije-iz-srbije\/"]}]},{"@type":"ImageObject","inLanguage":"sr-RS","@id":"https:\/\/onlinelotto365.com\/sr\/igrajte\/igranje-saturday-lotto-australija-je-samo-jedna-od-opcija-za-ljubitelje-lutrije-iz-srbije\/#primaryimage","url":"https:\/\/redfoxlotto.com\/image?size=8&amp;lottery=saturday-lotto-au","contentUrl":"https:\/\/redfoxlotto.com\/image?size=8&amp;lottery=saturday-lotto-au"},{"@type":"BreadcrumbList","@id":"https:\/\/onlinelotto365.com\/sr\/igrajte\/igranje-saturday-lotto-australija-je-samo-jedna-od-opcija-za-ljubitelje-lutrije-iz-srbije\/#breadcrumb","itemListElement":[{"@type":"ListItem","position":1,"name":"Home","item":"https:\/\/onlinelotto365.com\/sr\/"},{"@type":"ListItem","position":2,"name":"Igrajte koji god loto po\u017eelite, bez obzira gde \u017eivite","item":"https:\/\/onlinelotto365.com\/sr\/play\/"},{"@type":"ListItem","position":3,"name":"Igranje Saturday Lotto Australija je samo jedna od opcija za ljubitelje lutrije iz Srbije."}]},{"@type":"WebSite","@id":"https:\/\/onlinelotto365.com\/sr\/#website","url":"https:\/\/onlinelotto365.com\/sr\/","name":"OnlineLotto365","description":"","potentialAction":[{"@type":"SearchAction","target":{"@type":"EntryPoint","urlTemplate":"https:\/\/onlinelotto365.com\/sr\/?s={search_term_string}"},"query-input":{"@type":"PropertyValueSpecification","valueRequired":true,"valueName":"search_term_string"}}],"inLanguage":"sr-RS"}]}},"_links":{"self":[{"href":"https:\/\/onlinelotto365.com\/sr\/wp-json\/wp\/v2\/pages\/83777","targetHints":{"allow":["GET"]}}],"collection":[{"href":"https:\/\/onlinelotto365.com\/sr\/wp-json\/wp\/v2\/pages"}],"about":[{"href":"https:\/\/onlinelotto365.com\/sr\/wp-json\/wp\/v2\/types\/page"}],"author":[{"embeddable":true,"href":"https:\/\/onlinelotto365.com\/sr\/wp-json\/wp\/v2\/users\/1"}],"replies":[{"embeddable":true,"href":"https:\/\/onlinelotto365.com\/sr\/wp-json\/wp\/v2\/comments?post=83777"}],"version-history":[{"count":0,"href":"https:\/\/onlinelotto365.com\/sr\/wp-json\/wp\/v2\/pages\/83777\/revisions"}],"up":[{"embeddable":true,"href":"https:\/\/onlinelotto365.com\/sr\/wp-json\/wp\/v2\/pages\/5035"}],"wp:attachment":[{"href":"https:\/\/onlinelotto365.com\/sr\/wp-json\/wp\/v2\/media?parent=83777"}],"curies":[{"name":"wp","href":"https:\/\/api.w.org\/{rel}","templated":true}]}}