{"id":83784,"date":"2023-09-14T17:43:21","date_gmt":"2023-09-14T16:43:21","guid":{"rendered":"https:\/\/onlinelotto365.com\/igrajte\/igranje-mon-wed-lotto-australija-je-samo-jedna-od-opcija-za-ljubitelje-lutrije-iz-srbije"},"modified":"2023-09-14T17:43:21","modified_gmt":"2023-09-14T16:43:21","slug":"igranje-mon-wed-lotto-australija-je-samo-jedna-od-opcija-za-ljubitelje-lutrije-iz-srbije","status":"publish","type":"page","link":"https:\/\/onlinelotto365.com\/sr\/igrajte\/igranje-mon-wed-lotto-australija-je-samo-jedna-od-opcija-za-ljubitelje-lutrije-iz-srbije\/","title":{"rendered":"Igranje Mon &#038; Wed Lotto Australija je samo jedna od opcija za ljubitelje lutrije iz Srbije."},"content":{"rendered":"<h2>Kako igrati Mon &amp; Wed Lotto Australija putem interneta<\/h2>\n<p>Ako se nalazite u Srbiji, nije te\u0161ko igrati Mon &amp; Wed Lotto Australija putem interneta. Sve \u0161to trebate uraditi jeste da odaberete na\u010din na koji \u017eelite da to u\u010dinite i kako \u0107ete do\u0107i do tiketa koje \u017eelite za slede\u0107e izvla\u010denje. Mi vam mo\u017eemo pomo\u0107i u tome.<\/p>\n<p>Na\u0161 sistem \u0107e se pobrinuti da ste na pravom putu tokom celog procesa. Sve \u0161to trebate uraditi jeste da kreirate svoj nalog, izaberete tikete i brojeve koje \u017eelite, a zatim ih platite putem va\u0161eg omiljenog na\u010dina pla\u0107anja. Tako \u0107ete biti spremni za slede\u0107e izvla\u010denje i proveru svojih tiketa.<\/p>\n<p>Ako ste spremni da odaberete svoje prve tikete, samo trebate izabrati pravu igru. U ovom slu\u010daju, radi se o Mon &amp; Wed Lotto Australija. Dakle, izaberite pravu igru i po\u010dnite da birate svoje brojeve.<\/p>\n<p>Ili mo\u017eete odabrati brzo izvla\u010denje gde \u0107e ra\u010dunar odabrati slu\u010dajne brojeve za vas. \u010cak i nakon toga mo\u017eete promeniti te brojeve ako se predomislite, kako biste dobili brojeve koje \u017eelite za svako izvla\u010denje.<\/p>\n<p>Nakon \u0161to ste odabrali svoje brojeve za Mon &amp; Wed Lotto Australija, mo\u017eete odabrati i neke tikete za druge igre koje \u017eelite igrati i zatim zavr\u0161iti kupovinu. Proces pla\u0107anja je siguran i bezbedan i tako\u0111e se pobrinemo da ste vi osoba koja kupuje tikete. Treba\u0107e vam verifikacija va\u0161eg naloga (i kreiranje naloga), a zatim mo\u017eete po\u010deti kupovati tikete po va\u0161em izboru.<\/p>\n<p>Samo kreirajte svoj nalog sa svojim li\u010dnim podacima i kliknite na link u verifikacionom emailu koji vam \u0161aljemo. Mo\u017eda \u0107e zavr\u0161iti u va\u0161em spam folderu ako nas niste jo\u0161 dodali u va\u0161 adresar, zato pazite da ga pratite. Nakon toga, va\u0161 nalog \u0107e biti spreman i mo\u017eete po\u010deti kupovati sve tikete koje \u017eelite.<\/p>\n<h2>O Mon &amp; Wed Lotto Australija<\/h2>\n<ul><img decoding=\"async\" class=\"aligncenter\" src=\"https:\/\/redfoxlotto.com\/image?size=8&amp;lottery=monday-wednesday-lotto-au\" alt=\"Mon &amp; Wed Lotto Australia\" \/><\/p>\n<li>Dr\u017eava: Australija<\/li>\n<li>Opseg glavnih brojeva: 45<\/li>\n<li>Morate izabrati: 6<\/li>\n<li>Dani, sati izvla\u010denja: Ponedeljak, sreda, 21:30 GMT+11 &#8211; 10:30 CET<\/li>\n<li>Jackpot po\u010dinje sa: AU$ 2,5 miliona<\/li>\n<li>Jackpot je ograni\u010den na: fiksni jackpot<\/li>\n<li>\u0160ansa za osvajanje jackpota: 1 prema 8145060<\/li>\n<li>\u0160ansa za osvajanje druge nagrade: 1 prema 678755<\/li>\n<li>\u0160ansa za osvajanje bilo koje nagrade: 1 prema 85,44<\/li>\n<li>Broj kategorija nagrada: 6<\/li>\n<\/ul>\n<h2>Najbolje karakteristike Mon &amp; Wed Lotto Australija<\/h2>\n<p>Izvla\u010di se dva puta nedeljno, Mon &amp; Wed Lotto Australija vam pru\u017ea \u0161ansu za deo miliona u nagradama. Sve \u0161to trebate uraditi jeste da mu date \u0161ansu i da se stavite u nagradni bazen Divizije 1. Nikada ne znate \u0161ta mo\u017eete osvojiti.<\/p>\n<h2>Kako proveriti rezultate Mon &amp; Wed Lotto Australija<\/h2>\n<p>Kada je u pitanju provera rezultata, mo\u017eda \u0107ete biti iznena\u0111eni koliko razli\u010ditih mesta mo\u017eete posetiti. Mo\u017eete proveriti sajt lutrije da biste na\u0161li brojeve odmah nakon izvla\u010denja. Tako\u0111e mo\u017eete proveriti lokalne novine i TV stanice nakon izvla\u010denja.<\/p>\n<p>Ali ako \u017eelite brze i jednostavne rezultate, trebali biste posetiti na\u0161 sajt, gde ste kupili tikete. Tamo \u0107ete prona\u0107i ne samo dobitne brojeve, ve\u0107 i upore\u0111ivanje sa va\u0161im brojevima.<\/p>\n<h2>Igrali ste Mon &amp; Wed Lotto Australija putem interneta i osvojili &#8211; \u0161ta se de\u0161ava dalje?<\/h2>\n<p>Proverite dobitne brojeve, va\u0161e brojeve i koliko ste osvojili na igri. Ako ste osvojili manje od \u20ac2500, ne morate ni\u0161ta raditi. Novac \u0107e ve\u0107 biti na va\u0161em ra\u010dunu.<\/p>\n<p>I nakon \u0161to se na\u0111e na va\u0161em ra\u010dunu, sve \u0161to trebate uraditi jeste da ga povu\u010dete (ako je vi\u0161e od \u20ac10) ili ga potro\u0161ite na jo\u0161 nekoliko lutrijskih tiketa. Mo\u017eete ga ostaviti na svom ra\u010dunu koliko god \u017eelite, tako da \u0107e uvek biti tamo.<\/p>\n<p>Ako ste sre\u0107ni i osvojite vi\u0161e od \u20ac2500, dobi\u0107ete poruku od na\u0161eg tima za podr\u0161ku. Pomo\u0107i \u0107e vam da razmislite o slede\u0107im koracima, uklju\u010duju\u0107i i popunjavanje obrasca za zahtev za dobijanje dobitka. A zatim \u0107e va\u0161 novac biti upla\u0107en direktno na va\u0161 bankovni ra\u010dun ili vam poslat \u010dek.<\/p>\n","protected":false},"excerpt":{"rendered":"<p>Kako igrati Mon &amp; Wed Lotto Australija putem interneta Ako se nalazite u Srbiji, nije te\u0161ko igrati Mon &amp; Wed Lotto Australija putem interneta. Sve \u0161to trebate uraditi jeste da odaberete na\u010din na koji \u017eelite da to u\u010dinite i kako \u0107ete do\u0107i do tiketa koje \u017eelite za slede\u0107e izvla\u010denje. Mi vam mo\u017eemo pomo\u0107i u tome. [&hellip;]<\/p>\n","protected":false},"author":1,"featured_media":0,"parent":5035,"menu_order":16,"comment_status":"closed","ping_status":"closed","template":"template-rightsidebar.php","meta":{"_et_pb_use_builder":"","_et_pb_old_content":"","_et_gb_content_width":"","exclude_from_search":false,"footnotes":""},"class_list":["post-83784","page","type-page","status-publish","hentry"],"yoast_head":"<!-- This site is optimized with the Yoast SEO plugin v23.4 - https:\/\/yoast.com\/wordpress\/plugins\/seo\/ -->\n<title>U\u010destvujte u Mon &amp; Wed Lotto Australija \u010dak i iz Srbije.<\/title>\n<meta name=\"description\" content=\"\u017delite igrati Mon &amp; Wed Lotto Australija? Nabavite karte ovde!\" \/>\n<meta name=\"robots\" content=\"index, follow, max-snippet:-1, max-image-preview:large, max-video-preview:-1\" \/>\n<link rel=\"canonical\" href=\"https:\/\/onlinelotto365.com\/sr\/igrajte\/igranje-mon-wed-lotto-australija-je-samo-jedna-od-opcija-za-ljubitelje-lutrije-iz-srbije\/\" \/>\n<meta property=\"og:locale\" content=\"sr_RS\" \/>\n<meta property=\"og:type\" content=\"article\" \/>\n<meta property=\"og:title\" content=\"U\u010destvujte u Mon &amp; Wed Lotto Australija \u010dak i iz Srbije.\" \/>\n<meta property=\"og:description\" content=\"\u017delite igrati Mon &amp; Wed Lotto Australija? Nabavite karte ovde!\" \/>\n<meta property=\"og:url\" content=\"https:\/\/onlinelotto365.com\/sr\/igrajte\/igranje-mon-wed-lotto-australija-je-samo-jedna-od-opcija-za-ljubitelje-lutrije-iz-srbije\/\" \/>\n<meta property=\"og:site_name\" content=\"OnlineLotto365\" \/>\n<meta property=\"og:image\" content=\"https:\/\/redfoxlotto.com\/image?size=8&amp;lottery=monday-wednesday-lotto-au\" \/>\n<meta name=\"twitter:card\" content=\"summary_large_image\" \/>\n<meta name=\"twitter:label1\" content=\"\u041f\u0440\u043e\u0446\u0435\u045a\u0435\u043d\u043e \u0432\u0440\u0435\u043c\u0435 \u0447\u0438\u0442\u0430\u045a\u0430\" \/>\n\t<meta name=\"twitter:data1\" content=\"3 \u043c\u0438\u043d\u0443\u0442\u0430\" \/>\n<script type=\"application\/ld+json\" class=\"yoast-schema-graph\">{\"@context\":\"https:\/\/schema.org\",\"@graph\":[{\"@type\":\"WebPage\",\"@id\":\"https:\/\/onlinelotto365.com\/sr\/igrajte\/igranje-mon-wed-lotto-australija-je-samo-jedna-od-opcija-za-ljubitelje-lutrije-iz-srbije\/\",\"url\":\"https:\/\/onlinelotto365.com\/sr\/igrajte\/igranje-mon-wed-lotto-australija-je-samo-jedna-od-opcija-za-ljubitelje-lutrije-iz-srbije\/\",\"name\":\"U\u010destvujte u Mon & Wed Lotto Australija \u010dak i iz Srbije.\",\"isPartOf\":{\"@id\":\"https:\/\/onlinelotto365.com\/sr\/#website\"},\"primaryImageOfPage\":{\"@id\":\"https:\/\/onlinelotto365.com\/sr\/igrajte\/igranje-mon-wed-lotto-australija-je-samo-jedna-od-opcija-za-ljubitelje-lutrije-iz-srbije\/#primaryimage\"},\"image\":{\"@id\":\"https:\/\/onlinelotto365.com\/sr\/igrajte\/igranje-mon-wed-lotto-australija-je-samo-jedna-od-opcija-za-ljubitelje-lutrije-iz-srbije\/#primaryimage\"},\"thumbnailUrl\":\"https:\/\/redfoxlotto.com\/image?size=8&amp;lottery=monday-wednesday-lotto-au\",\"datePublished\":\"2023-09-14T16:43:21+00:00\",\"dateModified\":\"2023-09-14T16:43:21+00:00\",\"description\":\"\u017delite igrati Mon & Wed Lotto Australija? Nabavite karte ovde!\",\"breadcrumb\":{\"@id\":\"https:\/\/onlinelotto365.com\/sr\/igrajte\/igranje-mon-wed-lotto-australija-je-samo-jedna-od-opcija-za-ljubitelje-lutrije-iz-srbije\/#breadcrumb\"},\"inLanguage\":\"sr-RS\",\"potentialAction\":[{\"@type\":\"ReadAction\",\"target\":[\"https:\/\/onlinelotto365.com\/sr\/igrajte\/igranje-mon-wed-lotto-australija-je-samo-jedna-od-opcija-za-ljubitelje-lutrije-iz-srbije\/\"]}]},{\"@type\":\"ImageObject\",\"inLanguage\":\"sr-RS\",\"@id\":\"https:\/\/onlinelotto365.com\/sr\/igrajte\/igranje-mon-wed-lotto-australija-je-samo-jedna-od-opcija-za-ljubitelje-lutrije-iz-srbije\/#primaryimage\",\"url\":\"https:\/\/redfoxlotto.com\/image?size=8&amp;lottery=monday-wednesday-lotto-au\",\"contentUrl\":\"https:\/\/redfoxlotto.com\/image?size=8&amp;lottery=monday-wednesday-lotto-au\"},{\"@type\":\"BreadcrumbList\",\"@id\":\"https:\/\/onlinelotto365.com\/sr\/igrajte\/igranje-mon-wed-lotto-australija-je-samo-jedna-od-opcija-za-ljubitelje-lutrije-iz-srbije\/#breadcrumb\",\"itemListElement\":[{\"@type\":\"ListItem\",\"position\":1,\"name\":\"Home\",\"item\":\"https:\/\/onlinelotto365.com\/sr\/\"},{\"@type\":\"ListItem\",\"position\":2,\"name\":\"Igrajte koji god loto po\u017eelite, bez obzira gde \u017eivite\",\"item\":\"https:\/\/onlinelotto365.com\/sr\/play\/\"},{\"@type\":\"ListItem\",\"position\":3,\"name\":\"Igranje Mon &#038; Wed Lotto Australija je samo jedna od opcija za ljubitelje lutrije iz Srbije.\"}]},{\"@type\":\"WebSite\",\"@id\":\"https:\/\/onlinelotto365.com\/sr\/#website\",\"url\":\"https:\/\/onlinelotto365.com\/sr\/\",\"name\":\"OnlineLotto365\",\"description\":\"\",\"potentialAction\":[{\"@type\":\"SearchAction\",\"target\":{\"@type\":\"EntryPoint\",\"urlTemplate\":\"https:\/\/onlinelotto365.com\/sr\/?s={search_term_string}\"},\"query-input\":{\"@type\":\"PropertyValueSpecification\",\"valueRequired\":true,\"valueName\":\"search_term_string\"}}],\"inLanguage\":\"sr-RS\"}]}<\/script>\n<!-- \/ Yoast SEO plugin. -->","yoast_head_json":{"title":"U\u010destvujte u Mon & Wed Lotto Australija \u010dak i iz Srbije.","description":"\u017delite igrati Mon & Wed Lotto Australija? Nabavite karte ovde!","robots":{"index":"index","follow":"follow","max-snippet":"max-snippet:-1","max-image-preview":"max-image-preview:large","max-video-preview":"max-video-preview:-1"},"canonical":"https:\/\/onlinelotto365.com\/sr\/igrajte\/igranje-mon-wed-lotto-australija-je-samo-jedna-od-opcija-za-ljubitelje-lutrije-iz-srbije\/","og_locale":"sr_RS","og_type":"article","og_title":"U\u010destvujte u Mon & Wed Lotto Australija \u010dak i iz Srbije.","og_description":"\u017delite igrati Mon & Wed Lotto Australija? Nabavite karte ovde!","og_url":"https:\/\/onlinelotto365.com\/sr\/igrajte\/igranje-mon-wed-lotto-australija-je-samo-jedna-od-opcija-za-ljubitelje-lutrije-iz-srbije\/","og_site_name":"OnlineLotto365","og_image":[{"url":"https:\/\/redfoxlotto.com\/image?size=8&amp;lottery=monday-wednesday-lotto-au"}],"twitter_card":"summary_large_image","twitter_misc":{"\u041f\u0440\u043e\u0446\u0435\u045a\u0435\u043d\u043e \u0432\u0440\u0435\u043c\u0435 \u0447\u0438\u0442\u0430\u045a\u0430":"3 \u043c\u0438\u043d\u0443\u0442\u0430"},"schema":{"@context":"https:\/\/schema.org","@graph":[{"@type":"WebPage","@id":"https:\/\/onlinelotto365.com\/sr\/igrajte\/igranje-mon-wed-lotto-australija-je-samo-jedna-od-opcija-za-ljubitelje-lutrije-iz-srbije\/","url":"https:\/\/onlinelotto365.com\/sr\/igrajte\/igranje-mon-wed-lotto-australija-je-samo-jedna-od-opcija-za-ljubitelje-lutrije-iz-srbije\/","name":"U\u010destvujte u Mon & Wed Lotto Australija \u010dak i iz Srbije.","isPartOf":{"@id":"https:\/\/onlinelotto365.com\/sr\/#website"},"primaryImageOfPage":{"@id":"https:\/\/onlinelotto365.com\/sr\/igrajte\/igranje-mon-wed-lotto-australija-je-samo-jedna-od-opcija-za-ljubitelje-lutrije-iz-srbije\/#primaryimage"},"image":{"@id":"https:\/\/onlinelotto365.com\/sr\/igrajte\/igranje-mon-wed-lotto-australija-je-samo-jedna-od-opcija-za-ljubitelje-lutrije-iz-srbije\/#primaryimage"},"thumbnailUrl":"https:\/\/redfoxlotto.com\/image?size=8&amp;lottery=monday-wednesday-lotto-au","datePublished":"2023-09-14T16:43:21+00:00","dateModified":"2023-09-14T16:43:21+00:00","description":"\u017delite igrati Mon & Wed Lotto Australija? Nabavite karte ovde!","breadcrumb":{"@id":"https:\/\/onlinelotto365.com\/sr\/igrajte\/igranje-mon-wed-lotto-australija-je-samo-jedna-od-opcija-za-ljubitelje-lutrije-iz-srbije\/#breadcrumb"},"inLanguage":"sr-RS","potentialAction":[{"@type":"ReadAction","target":["https:\/\/onlinelotto365.com\/sr\/igrajte\/igranje-mon-wed-lotto-australija-je-samo-jedna-od-opcija-za-ljubitelje-lutrije-iz-srbije\/"]}]},{"@type":"ImageObject","inLanguage":"sr-RS","@id":"https:\/\/onlinelotto365.com\/sr\/igrajte\/igranje-mon-wed-lotto-australija-je-samo-jedna-od-opcija-za-ljubitelje-lutrije-iz-srbije\/#primaryimage","url":"https:\/\/redfoxlotto.com\/image?size=8&amp;lottery=monday-wednesday-lotto-au","contentUrl":"https:\/\/redfoxlotto.com\/image?size=8&amp;lottery=monday-wednesday-lotto-au"},{"@type":"BreadcrumbList","@id":"https:\/\/onlinelotto365.com\/sr\/igrajte\/igranje-mon-wed-lotto-australija-je-samo-jedna-od-opcija-za-ljubitelje-lutrije-iz-srbije\/#breadcrumb","itemListElement":[{"@type":"ListItem","position":1,"name":"Home","item":"https:\/\/onlinelotto365.com\/sr\/"},{"@type":"ListItem","position":2,"name":"Igrajte koji god loto po\u017eelite, bez obzira gde \u017eivite","item":"https:\/\/onlinelotto365.com\/sr\/play\/"},{"@type":"ListItem","position":3,"name":"Igranje Mon &#038; Wed Lotto Australija je samo jedna od opcija za ljubitelje lutrije iz Srbije."}]},{"@type":"WebSite","@id":"https:\/\/onlinelotto365.com\/sr\/#website","url":"https:\/\/onlinelotto365.com\/sr\/","name":"OnlineLotto365","description":"","potentialAction":[{"@type":"SearchAction","target":{"@type":"EntryPoint","urlTemplate":"https:\/\/onlinelotto365.com\/sr\/?s={search_term_string}"},"query-input":{"@type":"PropertyValueSpecification","valueRequired":true,"valueName":"search_term_string"}}],"inLanguage":"sr-RS"}]}},"_links":{"self":[{"href":"https:\/\/onlinelotto365.com\/sr\/wp-json\/wp\/v2\/pages\/83784","targetHints":{"allow":["GET"]}}],"collection":[{"href":"https:\/\/onlinelotto365.com\/sr\/wp-json\/wp\/v2\/pages"}],"about":[{"href":"https:\/\/onlinelotto365.com\/sr\/wp-json\/wp\/v2\/types\/page"}],"author":[{"embeddable":true,"href":"https:\/\/onlinelotto365.com\/sr\/wp-json\/wp\/v2\/users\/1"}],"replies":[{"embeddable":true,"href":"https:\/\/onlinelotto365.com\/sr\/wp-json\/wp\/v2\/comments?post=83784"}],"version-history":[{"count":0,"href":"https:\/\/onlinelotto365.com\/sr\/wp-json\/wp\/v2\/pages\/83784\/revisions"}],"up":[{"embeddable":true,"href":"https:\/\/onlinelotto365.com\/sr\/wp-json\/wp\/v2\/pages\/5035"}],"wp:attachment":[{"href":"https:\/\/onlinelotto365.com\/sr\/wp-json\/wp\/v2\/media?parent=83784"}],"curies":[{"name":"wp","href":"https:\/\/api.w.org\/{rel}","templated":true}]}}