{"id":83958,"date":"2023-09-22T12:08:16","date_gmt":"2023-09-22T11:08:16","guid":{"rendered":"https:\/\/onlinelotto365.com\/kupiti-karte\/kako-kupiti-euromillions-ulaznice-online"},"modified":"2023-09-22T12:08:16","modified_gmt":"2023-09-22T11:08:16","slug":"kako-kupiti-euromillions-ulaznice-online","status":"publish","type":"page","link":"https:\/\/onlinelotto365.com\/sr\/kupiti-karte\/kako-kupiti-euromillions-ulaznice-online\/","title":{"rendered":"Kako kupiti Euromillions ulaznice online?"},"content":{"rendered":"<p>\u017delite li da kupite ulaznice za EuroMillions za slede\u0107e izvla\u010denje? Da li tra\u017eite da kupite svoje ulaznice potpuno putem interneta? Da li \u017eelite da igrate lutrije koje nisu dostupne u Srbiji? Pa onda \u0107ete \u017eeleti da pa\u017eljivije pogledate ovde, gde \u0107emo pro\u0107i kroz korake uklju\u010dene. I sre\u0107om za vas, veoma je jednostavno zapo\u010deti.<\/p>\n<ul>\n<li>Izaberite lutriju koju \u017eelite da igrate i izaberite brojeve koje \u017eelite da igrate ili izaberite brzo izvla\u010denje kako bi ra\u010dunar izabrao brojeve umesto vas.<\/li>\n<li>Dodajte jo\u0161 vi\u0161e lutrijskih igara i vi\u0161e ulaznica za bilo koje igre \u010dak i izvan Australije, kako bi va\u0161a narud\u017eba odra\u017eavala ukupan broj ulaznica koje \u017eelite.<\/li>\n<li>Izaberite opciju za pla\u0107anje sada.<\/li>\n<li>Napravite i registrujte svoj nalog ili se prijavite na svoj postoje\u0107i \u010dlanski nalog kako biste kupili ulaznice.<\/li>\n<li>Za one koji treba da se registruju, proverite e-po\u0161tu za verifikacioni link kako biste mogli da zavr\u0161ite proces.<\/li>\n<li>Pratite svoj spam folder u slu\u010daju da se e-po\u0161ta tamo slu\u010dajno po\u0161alje.<\/li>\n<li>Verifikujte svoju e-po\u0161tu i kliknite na korpu za kupovinu na veb-sajtu.<\/li>\n<li>Izaberite svoju preferiranu opciju za pla\u0107anje, a zatim pratite uputstva za pla\u0107anje ulaznica.<\/li>\n<\/ul>\n<h2>Kako da platite svoju EuroMillions ulaznicu putem interneta<\/h2>\n<p><img decoding=\"async\" class=\"aligncenter\" src=\"https:\/\/redfoxlotto.com\/image?size=8&amp;lottery=euromillions\" alt=\"euromillions\" \/><br \/>\nPla\u0107anje za svoje EuroMillions ulaznice putem interneta je jednostavno jer postoji mnogo razli\u010ditih sigurnih metoda pla\u0107anja na raspolaganju. Samo izaberite onu koja vam najvi\u0161e odgovara.<\/p>\n<ul>\n<li>Kupite i platite svoje ulaznice tako \u0161to \u0107ete uraditi jedno od slede\u0107eg:<\/li>\n<li>Platite narud\u017ebinu putem platnog ra\u010duna<\/li>\n<\/ul>\n<p>Dodajte novac na svoj igra\u010dki ra\u010dun i kupite ulaznice sa igra\u010dkog ra\u010duna Za one koji odlu\u010de da dodaju novac direktno na svoj igra\u010dki ra\u010dun, samo se pobrinite da imate dovoljno dostupnih sredstava za narud\u017ebinu koju \u0107ete napraviti.<\/p>\n<h2>Vi\u0161e informacija o EuroMillions<\/h2>\n<ul>\n<li>Zemlja: razli\u010dite zemlje u Evropi<\/li>\n<li>Raspon glavnih brojeva: 50<\/li>\n<li>Vi birate: 5<\/li>\n<li>Raspon dodatnih brojeva: 12<\/li>\n<li>Vi birate: 2<\/li>\n<li>Dani i sati izvla\u010denja: Utorak, Petak, 19:30 GMT, 20:30 CET<\/li>\n<li>Minimalni d\u017eekpot: \u20ac 17 miliona<\/li>\n<li>Maksimalni d\u017eekpot: \u20ac 190 miliona<\/li>\n<li>Verovatno\u0107a osvajanja d\u017eekpota: 1 u 186450880<\/li>\n<li>Verovatno\u0107a osvajanja nagrade na drugom mestu: 1 u 2118760<\/li>\n<li>Verovatno\u0107a osvajanja nagrade na bilo kom nivou: 1 u 12,98<\/li>\n<li>Broj nivoa nagrada: 13<\/li>\n<\/ul>\n<h2>Prednosti kupovine EuroMillions ulaznica putem interneta<\/h2>\n<ul>\n<li>Nema potrebe da napustite svoj dom da biste dobili ulaznice koje \u017eelite<\/li>\n<li>Izaberite izme\u0111u nekoliko razli\u010ditih lutrija<\/li>\n<li>Pove\u0107ajte svoje \u0161anse za dobitak biraju\u0107i igre sa ve\u0107im d\u017eekpotima<\/li>\n<li>Dodajte novac direktno na svoj ra\u010dun i koristite ga za kupovinu ulaznica<\/li>\n<li>Nema \u0161anse da izgubite svoju ulaznicu<\/li>\n<li>Trenutna obave\u0161tenja o dobitcima<\/li>\n<li>Lak izbor opcija za generisanje slu\u010dajnih brojeva<\/li>\n<\/ul>\n<h2>Da li je legalno kupiti EuroMillions ulaznice putem interneta?<\/h2>\n<p><img loading=\"lazy\" decoding=\"async\" class=\"alignright size-medium wp-image-3672\" src=\"https:\/\/onlinelotto365.com\/wp-content\/uploads\/2020\/11\/online_lottery-161-300x207.jpg\" alt=\"kupite Euromillions Australija\" width=\"300\" height=\"207\" srcset=\"https:\/\/onlinelotto365.com\/wp-content\/uploads\/2020\/11\/online_lottery-161-300x207.jpg 300w, https:\/\/onlinelotto365.com\/wp-content\/uploads\/2020\/11\/online_lottery-161.jpg 320w\" sizes=\"auto, (max-width: 300px) 100vw, 300px\" \/><br \/>\nMo\u017eda ste se pitali da li je \u010dak i legalno kupiti lutrijske ulaznice putem interneta, posebno ako va\u0161a zemlja prebivali\u0161ta ima stroga pravila. Ali dobro je \u0161to ne morate da se brinete ni oko \u010dega sa na\u0161om uslugom. Sve radimo u skladu sa regulativama i obezbe\u0111ujemo da \u0107ete bez obzira na to \u0161ta osvojite i gde osvojite mo\u0107i da dobijete svoju nagradu, \u010dak i d\u017eekpot.<\/p>\n<p>Jedina stvar koju trebate da uradite je da se pobrinite da imate najmanje 18 godina.<\/p>\n<h2>Kako \u0107u biti pla\u0107en ako osvojim EuroMillions putem interneta?<\/h2>\n<p>Kada osvojite novac, mi se pobrinemo da ga dobijete \u0161to je mogu\u0107e jednostavnije. Sve \u0161to trebate da uradite je da kupite svoju ulaznicu kod nas, a mi se brinemo o potra\u017eivanju va\u0161ih dobitaka i isporuci do vas. Ne uzimamo nikakvu proviziju sa va\u0161ih dobitaka, osim ako ne odlu\u010dite da budete pla\u0107eni putem bankarskog transfera na bankovni ra\u010dun u Srbiji.<\/p>\n<p>Kada se to dogodi, banka nam napla\u0107uje naknadu i tra\u017eimo od vas da je tako\u0111e platite. Ovo \u0107e varirati u zavisnosti od toga gde se novac \u0161alje. Osim toga, sve \u0161to trebate da znate o pla\u0107anjima je:<\/p>\n<ul>\n<li>Ako osvojite \u20ac2500 ili manje, novac se automatski i odmah kreditira direktno na va\u0161 igra\u010dki ra\u010dun.<\/li>\n<li>Ako osvojite vi\u0161e od \u20ac2500, dobi\u0107ete e-po\u0161tu sa obrascem za potra\u017eivanje koji treba poslati komisiji za lutriju. Ovaj obrazac \u0107e detaljno opisati kako \u017eelite da budete pla\u0107eni, uklju\u010duju\u0107i bankarski transfer ili \u010dek. Va\u0161 zahtev \u0107e biti obra\u0111en i mo\u017ee pro\u0107i nekoliko dana pre nego \u0161to novac bude dostupan vama.<\/li>\n<\/ul>\n","protected":false},"excerpt":{"rendered":"<p>\u017delite li da kupite ulaznice za EuroMillions za slede\u0107e izvla\u010denje? Da li tra\u017eite da kupite svoje ulaznice potpuno putem interneta? Da li \u017eelite da igrate lutrije koje nisu dostupne u Srbiji? Pa onda \u0107ete \u017eeleti da pa\u017eljivije pogledate ovde, gde \u0107emo pro\u0107i kroz korake uklju\u010dene. I sre\u0107om za vas, veoma je jednostavno zapo\u010deti. Izaberite lutriju [&hellip;]<\/p>\n","protected":false},"author":1,"featured_media":0,"parent":5675,"menu_order":3,"comment_status":"closed","ping_status":"closed","template":"euromillions-info.php","meta":{"_et_pb_use_builder":"","_et_pb_old_content":"","_et_gb_content_width":"","exclude_from_search":false,"footnotes":""},"class_list":["post-83958","page","type-page","status-publish","hentry"],"yoast_head":"<!-- This site is optimized with the Yoast SEO plugin v23.4 - https:\/\/yoast.com\/wordpress\/plugins\/seo\/ -->\n<title>Kupite ulaznice za Euromillions online iz Srbije | Informacije o Euromillions, kako kupiti ulaznice<\/title>\n<meta name=\"description\" content=\"Ljubitelji lutrije iz bilo koje zemlje, uklju\u010duju\u0107i Srbiju, sada mogu kupiti ulaznice za Euromillions ovde\" \/>\n<meta name=\"robots\" content=\"index, follow, max-snippet:-1, max-image-preview:large, max-video-preview:-1\" \/>\n<link rel=\"canonical\" href=\"https:\/\/onlinelotto365.com\/sr\/kupiti-karte\/kako-kupiti-euromillions-ulaznice-online\/\" \/>\n<meta property=\"og:locale\" content=\"sr_RS\" \/>\n<meta property=\"og:type\" content=\"article\" \/>\n<meta property=\"og:title\" content=\"Kupite ulaznice za Euromillions online iz Srbije | Informacije o Euromillions, kako kupiti ulaznice\" \/>\n<meta property=\"og:description\" content=\"Ljubitelji lutrije iz bilo koje zemlje, uklju\u010duju\u0107i Srbiju, sada mogu kupiti ulaznice za Euromillions ovde\" \/>\n<meta property=\"og:url\" content=\"https:\/\/onlinelotto365.com\/sr\/kupiti-karte\/kako-kupiti-euromillions-ulaznice-online\/\" \/>\n<meta property=\"og:site_name\" content=\"OnlineLotto365\" \/>\n<meta property=\"og:image\" content=\"https:\/\/redfoxlotto.com\/image?size=8&amp;lottery=euromillions\" \/>\n<meta name=\"twitter:card\" content=\"summary_large_image\" \/>\n<meta name=\"twitter:label1\" content=\"\u041f\u0440\u043e\u0446\u0435\u045a\u0435\u043d\u043e \u0432\u0440\u0435\u043c\u0435 \u0447\u0438\u0442\u0430\u045a\u0430\" \/>\n\t<meta name=\"twitter:data1\" content=\"4 \u043c\u0438\u043d\u0443\u0442\u0430\" \/>\n<script type=\"application\/ld+json\" class=\"yoast-schema-graph\">{\"@context\":\"https:\/\/schema.org\",\"@graph\":[{\"@type\":\"WebPage\",\"@id\":\"https:\/\/onlinelotto365.com\/sr\/kupiti-karte\/kako-kupiti-euromillions-ulaznice-online\/\",\"url\":\"https:\/\/onlinelotto365.com\/sr\/kupiti-karte\/kako-kupiti-euromillions-ulaznice-online\/\",\"name\":\"Kupite ulaznice za Euromillions online iz Srbije | Informacije o Euromillions, kako kupiti ulaznice\",\"isPartOf\":{\"@id\":\"https:\/\/onlinelotto365.com\/sr\/#website\"},\"primaryImageOfPage\":{\"@id\":\"https:\/\/onlinelotto365.com\/sr\/kupiti-karte\/kako-kupiti-euromillions-ulaznice-online\/#primaryimage\"},\"image\":{\"@id\":\"https:\/\/onlinelotto365.com\/sr\/kupiti-karte\/kako-kupiti-euromillions-ulaznice-online\/#primaryimage\"},\"thumbnailUrl\":\"https:\/\/redfoxlotto.com\/image?size=8&amp;lottery=euromillions\",\"datePublished\":\"2023-09-22T11:08:16+00:00\",\"dateModified\":\"2023-09-22T11:08:16+00:00\",\"description\":\"Ljubitelji lutrije iz bilo koje zemlje, uklju\u010duju\u0107i Srbiju, sada mogu kupiti ulaznice za Euromillions ovde\",\"breadcrumb\":{\"@id\":\"https:\/\/onlinelotto365.com\/sr\/kupiti-karte\/kako-kupiti-euromillions-ulaznice-online\/#breadcrumb\"},\"inLanguage\":\"sr-RS\",\"potentialAction\":[{\"@type\":\"ReadAction\",\"target\":[\"https:\/\/onlinelotto365.com\/sr\/kupiti-karte\/kako-kupiti-euromillions-ulaznice-online\/\"]}]},{\"@type\":\"ImageObject\",\"inLanguage\":\"sr-RS\",\"@id\":\"https:\/\/onlinelotto365.com\/sr\/kupiti-karte\/kako-kupiti-euromillions-ulaznice-online\/#primaryimage\",\"url\":\"https:\/\/redfoxlotto.com\/image?size=8&amp;lottery=euromillions\",\"contentUrl\":\"https:\/\/redfoxlotto.com\/image?size=8&amp;lottery=euromillions\"},{\"@type\":\"BreadcrumbList\",\"@id\":\"https:\/\/onlinelotto365.com\/sr\/kupiti-karte\/kako-kupiti-euromillions-ulaznice-online\/#breadcrumb\",\"itemListElement\":[{\"@type\":\"ListItem\",\"position\":1,\"name\":\"Home\",\"item\":\"https:\/\/onlinelotto365.com\/sr\/\"},{\"@type\":\"ListItem\",\"position\":2,\"name\":\"Kupi Loto Karte Online\",\"item\":\"https:\/\/onlinelotto365.com\/sr\/buy-tickets\/\"},{\"@type\":\"ListItem\",\"position\":3,\"name\":\"Kako kupiti Euromillions ulaznice online?\"}]},{\"@type\":\"WebSite\",\"@id\":\"https:\/\/onlinelotto365.com\/sr\/#website\",\"url\":\"https:\/\/onlinelotto365.com\/sr\/\",\"name\":\"OnlineLotto365\",\"description\":\"\",\"potentialAction\":[{\"@type\":\"SearchAction\",\"target\":{\"@type\":\"EntryPoint\",\"urlTemplate\":\"https:\/\/onlinelotto365.com\/sr\/?s={search_term_string}\"},\"query-input\":{\"@type\":\"PropertyValueSpecification\",\"valueRequired\":true,\"valueName\":\"search_term_string\"}}],\"inLanguage\":\"sr-RS\"}]}<\/script>\n<!-- \/ Yoast SEO plugin. -->","yoast_head_json":{"title":"Kupite ulaznice za Euromillions online iz Srbije | Informacije o Euromillions, kako kupiti ulaznice","description":"Ljubitelji lutrije iz bilo koje zemlje, uklju\u010duju\u0107i Srbiju, sada mogu kupiti ulaznice za Euromillions ovde","robots":{"index":"index","follow":"follow","max-snippet":"max-snippet:-1","max-image-preview":"max-image-preview:large","max-video-preview":"max-video-preview:-1"},"canonical":"https:\/\/onlinelotto365.com\/sr\/kupiti-karte\/kako-kupiti-euromillions-ulaznice-online\/","og_locale":"sr_RS","og_type":"article","og_title":"Kupite ulaznice za Euromillions online iz Srbije | Informacije o Euromillions, kako kupiti ulaznice","og_description":"Ljubitelji lutrije iz bilo koje zemlje, uklju\u010duju\u0107i Srbiju, sada mogu kupiti ulaznice za Euromillions ovde","og_url":"https:\/\/onlinelotto365.com\/sr\/kupiti-karte\/kako-kupiti-euromillions-ulaznice-online\/","og_site_name":"OnlineLotto365","og_image":[{"url":"https:\/\/redfoxlotto.com\/image?size=8&amp;lottery=euromillions"}],"twitter_card":"summary_large_image","twitter_misc":{"\u041f\u0440\u043e\u0446\u0435\u045a\u0435\u043d\u043e \u0432\u0440\u0435\u043c\u0435 \u0447\u0438\u0442\u0430\u045a\u0430":"4 \u043c\u0438\u043d\u0443\u0442\u0430"},"schema":{"@context":"https:\/\/schema.org","@graph":[{"@type":"WebPage","@id":"https:\/\/onlinelotto365.com\/sr\/kupiti-karte\/kako-kupiti-euromillions-ulaznice-online\/","url":"https:\/\/onlinelotto365.com\/sr\/kupiti-karte\/kako-kupiti-euromillions-ulaznice-online\/","name":"Kupite ulaznice za Euromillions online iz Srbije | Informacije o Euromillions, kako kupiti ulaznice","isPartOf":{"@id":"https:\/\/onlinelotto365.com\/sr\/#website"},"primaryImageOfPage":{"@id":"https:\/\/onlinelotto365.com\/sr\/kupiti-karte\/kako-kupiti-euromillions-ulaznice-online\/#primaryimage"},"image":{"@id":"https:\/\/onlinelotto365.com\/sr\/kupiti-karte\/kako-kupiti-euromillions-ulaznice-online\/#primaryimage"},"thumbnailUrl":"https:\/\/redfoxlotto.com\/image?size=8&amp;lottery=euromillions","datePublished":"2023-09-22T11:08:16+00:00","dateModified":"2023-09-22T11:08:16+00:00","description":"Ljubitelji lutrije iz bilo koje zemlje, uklju\u010duju\u0107i Srbiju, sada mogu kupiti ulaznice za Euromillions ovde","breadcrumb":{"@id":"https:\/\/onlinelotto365.com\/sr\/kupiti-karte\/kako-kupiti-euromillions-ulaznice-online\/#breadcrumb"},"inLanguage":"sr-RS","potentialAction":[{"@type":"ReadAction","target":["https:\/\/onlinelotto365.com\/sr\/kupiti-karte\/kako-kupiti-euromillions-ulaznice-online\/"]}]},{"@type":"ImageObject","inLanguage":"sr-RS","@id":"https:\/\/onlinelotto365.com\/sr\/kupiti-karte\/kako-kupiti-euromillions-ulaznice-online\/#primaryimage","url":"https:\/\/redfoxlotto.com\/image?size=8&amp;lottery=euromillions","contentUrl":"https:\/\/redfoxlotto.com\/image?size=8&amp;lottery=euromillions"},{"@type":"BreadcrumbList","@id":"https:\/\/onlinelotto365.com\/sr\/kupiti-karte\/kako-kupiti-euromillions-ulaznice-online\/#breadcrumb","itemListElement":[{"@type":"ListItem","position":1,"name":"Home","item":"https:\/\/onlinelotto365.com\/sr\/"},{"@type":"ListItem","position":2,"name":"Kupi Loto Karte Online","item":"https:\/\/onlinelotto365.com\/sr\/buy-tickets\/"},{"@type":"ListItem","position":3,"name":"Kako kupiti Euromillions ulaznice online?"}]},{"@type":"WebSite","@id":"https:\/\/onlinelotto365.com\/sr\/#website","url":"https:\/\/onlinelotto365.com\/sr\/","name":"OnlineLotto365","description":"","potentialAction":[{"@type":"SearchAction","target":{"@type":"EntryPoint","urlTemplate":"https:\/\/onlinelotto365.com\/sr\/?s={search_term_string}"},"query-input":{"@type":"PropertyValueSpecification","valueRequired":true,"valueName":"search_term_string"}}],"inLanguage":"sr-RS"}]}},"_links":{"self":[{"href":"https:\/\/onlinelotto365.com\/sr\/wp-json\/wp\/v2\/pages\/83958","targetHints":{"allow":["GET"]}}],"collection":[{"href":"https:\/\/onlinelotto365.com\/sr\/wp-json\/wp\/v2\/pages"}],"about":[{"href":"https:\/\/onlinelotto365.com\/sr\/wp-json\/wp\/v2\/types\/page"}],"author":[{"embeddable":true,"href":"https:\/\/onlinelotto365.com\/sr\/wp-json\/wp\/v2\/users\/1"}],"replies":[{"embeddable":true,"href":"https:\/\/onlinelotto365.com\/sr\/wp-json\/wp\/v2\/comments?post=83958"}],"version-history":[{"count":0,"href":"https:\/\/onlinelotto365.com\/sr\/wp-json\/wp\/v2\/pages\/83958\/revisions"}],"up":[{"embeddable":true,"href":"https:\/\/onlinelotto365.com\/sr\/wp-json\/wp\/v2\/pages\/5675"}],"wp:attachment":[{"href":"https:\/\/onlinelotto365.com\/sr\/wp-json\/wp\/v2\/media?parent=83958"}],"curies":[{"name":"wp","href":"https:\/\/api.w.org\/{rel}","templated":true}]}}