{"id":84021,"date":"2023-09-24T08:23:56","date_gmt":"2023-09-24T07:23:56","guid":{"rendered":"https:\/\/onlinelotto365.com\/kupiti-karte\/kako-kupiti-eurojackpot-tikete-online"},"modified":"2023-09-24T08:23:56","modified_gmt":"2023-09-24T07:23:56","slug":"kako-kupiti-eurojackpot-tikete-online","status":"publish","type":"page","link":"https:\/\/onlinelotto365.com\/sr\/kupiti-karte\/kako-kupiti-eurojackpot-tikete-online\/","title":{"rendered":"Kako kupiti Eurojackpot tikete online"},"content":{"rendered":"<p>U slu\u010daju da se pitate kako kupiti svoje Eurojackpot tikete online, opisali smo proces u nekoliko jednostavnih koraka. Me\u0111utim, zapravo \u0107e vas na\u0161a web stranica voditi kroz \u010ditav proces. Poku\u0161ali smo da ga odr\u017eimo \u0161to jednostavnijim.<\/p>\n<ul>\n<li>Kada se nalazite na stranici Eurojackpota, izaberite svoje brojeve ili dozvolite ra\u010dunaru da izabere brojeve umesto vas.<\/li>\n<li>Mo\u017eete dodati vi\u0161e lutrija i vi\u0161e tiketa u va\u0161u narud\u017ebinu ako \u017eelite.<\/li>\n<p><img decoding=\"async\" class=\"aligncenter\" src=\"https:\/\/redfoxlotto.com\/image?size=8&amp;lottery=eurojackpot\" alt=\"eurojackpot\" \/><\/p>\n<li>Kliknite na &#8216;plati sada&#8217;.<\/li>\n<li>Registrovati svoj ra\u010dun na na\u0161em sajtu (ako ste ve\u0107 to uradili, mo\u017eete presko\u010diti ovaj korak i samo se prijaviti na svoj postoje\u0107i ra\u010dun).<\/li>\n<li>Ako se registrujete za novi ra\u010dun, proverite svoj inbox e-po\u0161te na poruku sa verifikacionim linkom.<\/li>\n<li>Ako ne mo\u017eete da prona\u0111ete e-po\u0161tu, proverite va\u0161 spam folder, mogla je da zavr\u0161i tamo.<\/li>\n<li>Kliknite na simbol korpe za kupovinu.<\/li>\n<li>Izaberite na\u010din pla\u0107anja, kliknite na &#8216;plati&#8217;, i pratite upute za pla\u0107anje. Eurojackpot<\/li>\n<li>Kako platiti svoj Eurojackpot tiket online<\/li>\n<li>Postoji nekoliko sigurnih na\u010dina pla\u0107anja dostupnih na\u0161im korisnicima. Izaberite metod koji vam odgovara.<\/li>\n<\/ul>\n<h2>Mo\u017eete kupiti svoje tikete online i platiti ih na dva na\u010dina:<\/h2>\n<p><img loading=\"lazy\" decoding=\"async\" class=\"alignright wp-image-1246\" src=\"https:\/\/onlinelotto365.com\/wp-content\/uploads\/2020\/11\/online_lottery-106.jpg\" alt=\"Kupi Eurojackpot online\" width=\"302\" height=\"181\" \/><\/p>\n<ol>\n<li>Pla\u0107anje va\u0161e narud\u017ebine direktno.<\/li>\n<li>Polo\u017eite novac na svoj igra\u010dki ra\u010dun, a zatim koristite svoj saldo za kupovinu lutrijskih tiketa. Ako koristite drugu metodu, pobrinite se da je iznos va\u0161eg salda ve\u0107i od iznosa narud\u017ebine tiketa.<\/li>\n<\/ol>\n<h2>Vi\u0161e informacija o Eurojackpotu<\/h2>\n<ul>\n<li>Dr\u017eava: razne evropske zemlje.<\/li>\n<li>Opseg glavnih brojeva: 50.<\/li>\n<li>Izaberite: 5.<\/li>\n<li>Opseg dodatnih brojeva: 10.<\/li>\n<li>Izaberite: 2.<\/li>\n<li>Dani i sati izvla\u010denja: petak, 21:00 CET, 21:00 CET.<\/li>\n<li>Minimalni d\u017eekpot: 10 miliona evra.<\/li>\n<li>Maksimalni d\u017eekpot: 90 miliona evra.<\/li>\n<li>Verovatno\u0107a osvajanja d\u017eekpota: 1 prema 135.600.640.<\/li>\n<li>Verovatno\u0107a osvajanja drugog nivoa nagrade: 1 prema 2.118.760.<\/li>\n<li>Verovatno\u0107a osvajanja nagrade u bilo kojem nivou: 1 prema 26,39.<\/li>\n<li>Broj nivoa nagrada: 12.<\/li>\n<\/ul>\n<h2>Prednosti kupovine Eurojackpot tiketa online<\/h2>\n<ul>\n<li>Kupujte svoje tikete iz udobnosti svog doma.<\/li>\n<li>Ve\u0107i izbor lutrija.<\/li>\n<li>Pove\u0107ajte svoje \u0161anse za pobedu biraju\u0107i lutriju sa najve\u0107im d\u017eekpotima.<\/li>\n<li>Mogu\u0107nost polaganja novca prvo i zatim pla\u0107anje sa va\u0161im saldom.<\/li>\n<li>Nikada vi\u0161e ne izgubite tiket.<\/li>\n<li>Obave\u0161tenje kada pobedite.<\/li>\n<li>Brza opcija odabira sa generatorom slu\u010dajnih brojeva.<\/li>\n<\/ul>\n<h2>Da li je legalno kupovati Eurojackpot tikete online?<\/h2>\n<p>Ne morate da brinete da li je kupovina lutrijskih tiketa online ili na tradicionalan na\u010din legalna u va\u0161oj zemlji prebivali\u0161ta. U isto vreme, ne morate da brinete o pitanju da li je legalno koristiti na\u0161u uslugu u skladu sa propisima zemlje u kojoj se lutrija odr\u017eava. Na\u010din na koji vodimo na\u0161u uslugu dizajniran je tako da vam garantuje isplatu, \u010dak i ako osvojite d\u017eekpot.<\/p>\n<p>Morate imati najmanje 18 godina da biste koristili na\u0161u uslugu.<\/p>\n<h2>Kako \u0107u biti pla\u0107en ako osvojim Eurojackpot online?<\/h2>\n<p>Isplata dobitaka je va\u017ean deo na\u0161e usluge prema na\u0161im korisnicima. Va\u017eno je da znate da ne oduzimamo nikakvu vrstu provizije sa va\u0161ih lutrijskih dobitaka. Mo\u017ee postojati veoma mala naknada samo u jednoj situaciji, a to je ako odlu\u010dite da budete pla\u0107eni putem bankovnog transfera. Ovo se odnosi na ono \u0161to nam banka napla\u0107uje, i govorimo mo\u017eda o 5 dolara po transferu ako je u pitanju me\u0111unarodni transfer.<\/p>\n<h2>Postoje dve razli\u010dite situacije za isplatu:<\/h2>\n<ol>\n<li>Osvojite iznos od 2500 evra ili manje. U tom slu\u010daju, osvojeni iznos \u0107e biti knji\u017een na va\u0161 igra\u010dki ra\u010dun kod nas.<\/li>\n<li>Osvojite iznos od vi\u0161e od 2500 evra. U tom slu\u010daju, posla\u0107emo vam e-po\u0161tom formular koji trebate da popunite. Vi odlu\u010dujete kako \u017eelite da budete pla\u0107eni. U ovom slu\u010daju, bankovni transfer i \u010dek su jedine opcije. Mi \u0107emo obraditi zahtev za vas, i nekoliko dana kasnije ima\u0107ete svoj novac na svom bankovnom ra\u010dunu, ili \u0107ete primiti \u010dek.&#8220;<\/li>\n<\/ol>\n","protected":false},"excerpt":{"rendered":"<p>U slu\u010daju da se pitate kako kupiti svoje Eurojackpot tikete online, opisali smo proces u nekoliko jednostavnih koraka. Me\u0111utim, zapravo \u0107e vas na\u0161a web stranica voditi kroz \u010ditav proces. Poku\u0161ali smo da ga odr\u017eimo \u0161to jednostavnijim. Kada se nalazite na stranici Eurojackpota, izaberite svoje brojeve ili dozvolite ra\u010dunaru da izabere brojeve umesto vas. Mo\u017eete dodati [&hellip;]<\/p>\n","protected":false},"author":1,"featured_media":0,"parent":5675,"menu_order":4,"comment_status":"closed","ping_status":"closed","template":"eurojackpot-info.php","meta":{"_et_pb_use_builder":"","_et_pb_old_content":"","_et_gb_content_width":"","exclude_from_search":false,"footnotes":""},"class_list":["post-84021","page","type-page","status-publish","hentry"],"yoast_head":"<!-- This site is optimized with the Yoast SEO plugin v23.4 - https:\/\/yoast.com\/wordpress\/plugins\/seo\/ -->\n<title>Kupite ulaznice za Eurojackpot online iz Srbije | Eurojackpot informacije, kako kupiti ulaznice<\/title>\n<meta name=\"description\" content=\"\u017divite u Srbiji, ali \u017eelite da kupite tikete za Eurojackpot? Kupite ih online ovde!\" \/>\n<meta name=\"robots\" content=\"index, follow, max-snippet:-1, max-image-preview:large, max-video-preview:-1\" \/>\n<link rel=\"canonical\" href=\"https:\/\/onlinelotto365.com\/sr\/kupiti-karte\/kako-kupiti-eurojackpot-tikete-online\/\" \/>\n<meta property=\"og:locale\" content=\"sr_RS\" \/>\n<meta property=\"og:type\" content=\"article\" \/>\n<meta property=\"og:title\" content=\"Kupite ulaznice za Eurojackpot online iz Srbije | Eurojackpot informacije, kako kupiti ulaznice\" \/>\n<meta property=\"og:description\" content=\"\u017divite u Srbiji, ali \u017eelite da kupite tikete za Eurojackpot? Kupite ih online ovde!\" \/>\n<meta property=\"og:url\" content=\"https:\/\/onlinelotto365.com\/sr\/kupiti-karte\/kako-kupiti-eurojackpot-tikete-online\/\" \/>\n<meta property=\"og:site_name\" content=\"OnlineLotto365\" \/>\n<meta property=\"og:image\" content=\"https:\/\/redfoxlotto.com\/image?size=8&amp;lottery=eurojackpot\" \/>\n<meta name=\"twitter:card\" content=\"summary_large_image\" \/>\n<meta name=\"twitter:label1\" content=\"\u041f\u0440\u043e\u0446\u0435\u045a\u0435\u043d\u043e \u0432\u0440\u0435\u043c\u0435 \u0447\u0438\u0442\u0430\u045a\u0430\" \/>\n\t<meta name=\"twitter:data1\" content=\"3 \u043c\u0438\u043d\u0443\u0442\u0430\" \/>\n<script type=\"application\/ld+json\" class=\"yoast-schema-graph\">{\"@context\":\"https:\/\/schema.org\",\"@graph\":[{\"@type\":\"WebPage\",\"@id\":\"https:\/\/onlinelotto365.com\/sr\/kupiti-karte\/kako-kupiti-eurojackpot-tikete-online\/\",\"url\":\"https:\/\/onlinelotto365.com\/sr\/kupiti-karte\/kako-kupiti-eurojackpot-tikete-online\/\",\"name\":\"Kupite ulaznice za Eurojackpot online iz Srbije | Eurojackpot informacije, kako kupiti ulaznice\",\"isPartOf\":{\"@id\":\"https:\/\/onlinelotto365.com\/sr\/#website\"},\"primaryImageOfPage\":{\"@id\":\"https:\/\/onlinelotto365.com\/sr\/kupiti-karte\/kako-kupiti-eurojackpot-tikete-online\/#primaryimage\"},\"image\":{\"@id\":\"https:\/\/onlinelotto365.com\/sr\/kupiti-karte\/kako-kupiti-eurojackpot-tikete-online\/#primaryimage\"},\"thumbnailUrl\":\"https:\/\/redfoxlotto.com\/image?size=8&amp;lottery=eurojackpot\",\"datePublished\":\"2023-09-24T07:23:56+00:00\",\"dateModified\":\"2023-09-24T07:23:56+00:00\",\"description\":\"\u017divite u Srbiji, ali \u017eelite da kupite tikete za Eurojackpot? Kupite ih online ovde!\",\"breadcrumb\":{\"@id\":\"https:\/\/onlinelotto365.com\/sr\/kupiti-karte\/kako-kupiti-eurojackpot-tikete-online\/#breadcrumb\"},\"inLanguage\":\"sr-RS\",\"potentialAction\":[{\"@type\":\"ReadAction\",\"target\":[\"https:\/\/onlinelotto365.com\/sr\/kupiti-karte\/kako-kupiti-eurojackpot-tikete-online\/\"]}]},{\"@type\":\"ImageObject\",\"inLanguage\":\"sr-RS\",\"@id\":\"https:\/\/onlinelotto365.com\/sr\/kupiti-karte\/kako-kupiti-eurojackpot-tikete-online\/#primaryimage\",\"url\":\"https:\/\/redfoxlotto.com\/image?size=8&amp;lottery=eurojackpot\",\"contentUrl\":\"https:\/\/redfoxlotto.com\/image?size=8&amp;lottery=eurojackpot\"},{\"@type\":\"BreadcrumbList\",\"@id\":\"https:\/\/onlinelotto365.com\/sr\/kupiti-karte\/kako-kupiti-eurojackpot-tikete-online\/#breadcrumb\",\"itemListElement\":[{\"@type\":\"ListItem\",\"position\":1,\"name\":\"Home\",\"item\":\"https:\/\/onlinelotto365.com\/sr\/\"},{\"@type\":\"ListItem\",\"position\":2,\"name\":\"Kupi Loto Karte Online\",\"item\":\"https:\/\/onlinelotto365.com\/sr\/buy-tickets\/\"},{\"@type\":\"ListItem\",\"position\":3,\"name\":\"Kako kupiti Eurojackpot tikete online\"}]},{\"@type\":\"WebSite\",\"@id\":\"https:\/\/onlinelotto365.com\/sr\/#website\",\"url\":\"https:\/\/onlinelotto365.com\/sr\/\",\"name\":\"OnlineLotto365\",\"description\":\"\",\"potentialAction\":[{\"@type\":\"SearchAction\",\"target\":{\"@type\":\"EntryPoint\",\"urlTemplate\":\"https:\/\/onlinelotto365.com\/sr\/?s={search_term_string}\"},\"query-input\":{\"@type\":\"PropertyValueSpecification\",\"valueRequired\":true,\"valueName\":\"search_term_string\"}}],\"inLanguage\":\"sr-RS\"}]}<\/script>\n<!-- \/ Yoast SEO plugin. -->","yoast_head_json":{"title":"Kupite ulaznice za Eurojackpot online iz Srbije | Eurojackpot informacije, kako kupiti ulaznice","description":"\u017divite u Srbiji, ali \u017eelite da kupite tikete za Eurojackpot? Kupite ih online ovde!","robots":{"index":"index","follow":"follow","max-snippet":"max-snippet:-1","max-image-preview":"max-image-preview:large","max-video-preview":"max-video-preview:-1"},"canonical":"https:\/\/onlinelotto365.com\/sr\/kupiti-karte\/kako-kupiti-eurojackpot-tikete-online\/","og_locale":"sr_RS","og_type":"article","og_title":"Kupite ulaznice za Eurojackpot online iz Srbije | Eurojackpot informacije, kako kupiti ulaznice","og_description":"\u017divite u Srbiji, ali \u017eelite da kupite tikete za Eurojackpot? Kupite ih online ovde!","og_url":"https:\/\/onlinelotto365.com\/sr\/kupiti-karte\/kako-kupiti-eurojackpot-tikete-online\/","og_site_name":"OnlineLotto365","og_image":[{"url":"https:\/\/redfoxlotto.com\/image?size=8&amp;lottery=eurojackpot"}],"twitter_card":"summary_large_image","twitter_misc":{"\u041f\u0440\u043e\u0446\u0435\u045a\u0435\u043d\u043e \u0432\u0440\u0435\u043c\u0435 \u0447\u0438\u0442\u0430\u045a\u0430":"3 \u043c\u0438\u043d\u0443\u0442\u0430"},"schema":{"@context":"https:\/\/schema.org","@graph":[{"@type":"WebPage","@id":"https:\/\/onlinelotto365.com\/sr\/kupiti-karte\/kako-kupiti-eurojackpot-tikete-online\/","url":"https:\/\/onlinelotto365.com\/sr\/kupiti-karte\/kako-kupiti-eurojackpot-tikete-online\/","name":"Kupite ulaznice za Eurojackpot online iz Srbije | Eurojackpot informacije, kako kupiti ulaznice","isPartOf":{"@id":"https:\/\/onlinelotto365.com\/sr\/#website"},"primaryImageOfPage":{"@id":"https:\/\/onlinelotto365.com\/sr\/kupiti-karte\/kako-kupiti-eurojackpot-tikete-online\/#primaryimage"},"image":{"@id":"https:\/\/onlinelotto365.com\/sr\/kupiti-karte\/kako-kupiti-eurojackpot-tikete-online\/#primaryimage"},"thumbnailUrl":"https:\/\/redfoxlotto.com\/image?size=8&amp;lottery=eurojackpot","datePublished":"2023-09-24T07:23:56+00:00","dateModified":"2023-09-24T07:23:56+00:00","description":"\u017divite u Srbiji, ali \u017eelite da kupite tikete za Eurojackpot? Kupite ih online ovde!","breadcrumb":{"@id":"https:\/\/onlinelotto365.com\/sr\/kupiti-karte\/kako-kupiti-eurojackpot-tikete-online\/#breadcrumb"},"inLanguage":"sr-RS","potentialAction":[{"@type":"ReadAction","target":["https:\/\/onlinelotto365.com\/sr\/kupiti-karte\/kako-kupiti-eurojackpot-tikete-online\/"]}]},{"@type":"ImageObject","inLanguage":"sr-RS","@id":"https:\/\/onlinelotto365.com\/sr\/kupiti-karte\/kako-kupiti-eurojackpot-tikete-online\/#primaryimage","url":"https:\/\/redfoxlotto.com\/image?size=8&amp;lottery=eurojackpot","contentUrl":"https:\/\/redfoxlotto.com\/image?size=8&amp;lottery=eurojackpot"},{"@type":"BreadcrumbList","@id":"https:\/\/onlinelotto365.com\/sr\/kupiti-karte\/kako-kupiti-eurojackpot-tikete-online\/#breadcrumb","itemListElement":[{"@type":"ListItem","position":1,"name":"Home","item":"https:\/\/onlinelotto365.com\/sr\/"},{"@type":"ListItem","position":2,"name":"Kupi Loto Karte Online","item":"https:\/\/onlinelotto365.com\/sr\/buy-tickets\/"},{"@type":"ListItem","position":3,"name":"Kako kupiti Eurojackpot tikete online"}]},{"@type":"WebSite","@id":"https:\/\/onlinelotto365.com\/sr\/#website","url":"https:\/\/onlinelotto365.com\/sr\/","name":"OnlineLotto365","description":"","potentialAction":[{"@type":"SearchAction","target":{"@type":"EntryPoint","urlTemplate":"https:\/\/onlinelotto365.com\/sr\/?s={search_term_string}"},"query-input":{"@type":"PropertyValueSpecification","valueRequired":true,"valueName":"search_term_string"}}],"inLanguage":"sr-RS"}]}},"_links":{"self":[{"href":"https:\/\/onlinelotto365.com\/sr\/wp-json\/wp\/v2\/pages\/84021","targetHints":{"allow":["GET"]}}],"collection":[{"href":"https:\/\/onlinelotto365.com\/sr\/wp-json\/wp\/v2\/pages"}],"about":[{"href":"https:\/\/onlinelotto365.com\/sr\/wp-json\/wp\/v2\/types\/page"}],"author":[{"embeddable":true,"href":"https:\/\/onlinelotto365.com\/sr\/wp-json\/wp\/v2\/users\/1"}],"replies":[{"embeddable":true,"href":"https:\/\/onlinelotto365.com\/sr\/wp-json\/wp\/v2\/comments?post=84021"}],"version-history":[{"count":0,"href":"https:\/\/onlinelotto365.com\/sr\/wp-json\/wp\/v2\/pages\/84021\/revisions"}],"up":[{"embeddable":true,"href":"https:\/\/onlinelotto365.com\/sr\/wp-json\/wp\/v2\/pages\/5675"}],"wp:attachment":[{"href":"https:\/\/onlinelotto365.com\/sr\/wp-json\/wp\/v2\/media?parent=84021"}],"curies":[{"name":"wp","href":"https:\/\/api.w.org\/{rel}","templated":true}]}}