{"id":84033,"date":"2023-09-24T09:41:40","date_gmt":"2023-09-24T08:41:40","guid":{"rendered":"https:\/\/onlinelotto365.com\/kupiti-karte\/kako-kupiti-superenalotto-ulaznice-online"},"modified":"2023-09-24T09:41:40","modified_gmt":"2023-09-24T08:41:40","slug":"kako-kupiti-superenalotto-ulaznice-online","status":"publish","type":"page","link":"https:\/\/onlinelotto365.com\/sr\/kupiti-karte\/kako-kupiti-superenalotto-ulaznice-online\/","title":{"rendered":"Kako kupiti Superenalotto ulaznice online"},"content":{"rendered":"<p>Da li ste zainteresovani za kupovinu Superenalotto ulaznica online iz Srbije, ali niste sigurni kako to da uradite? Pa, onda ste na pravom mestu, jer \u0107emo se brinuti o tome za vas. Sve \u0161to treba da uradite jeste da pratite jednostavne korake koje \u0107emo opisati u nastavku i brzo \u0107ete imati svoje ulaznice.<\/p>\n<ol>\n<li>Odaberite lotariju za koju \u017eelite da kupite ulaznice i izaberite brojeve koje \u017eelite da igrate ili koristite opciju brze selekcije da kompjuter odabere brojeve umesto vas.<\/li>\n<li>Dodajte dodatne ulaznice ili druge lotarije kako biste kreirali svoju porud\u017ebinu.<\/li>\n<li>Odaberite opciju &#8222;Plati sada&#8220;.<\/li>\n<li>Kreirajte nalog kod nas ili se prijavite na svoj ve\u0107 postoje\u0107i nalog kako biste kupili ulaznice.<\/li>\n<li>Osobe koje treba da registruju nalog treba da potra\u017ee verifikacioni link u svojoj e-po\u0161ti kako bi bili sigurni da je njihov nalog potpuno postavljen. Napomena: Link mo\u017ee zavr\u0161iti u va\u0161em spam folderu ako na\u0161a e-mail adresa nije dodata u va\u0161u adresaru, pa se uverite da ste to proverili.<\/li>\n<li>Odaberite ikonu za pla\u0107anje na vrhu ekrana.<\/li>\n<li>Izaberite svoj na\u010din pla\u0107anja i pratite uputstva kako biste zavr\u0161ili proces pla\u0107anja.<\/li>\n<p><img decoding=\"async\" class=\"aligncenter\" src=\"https:\/\/redfoxlotto.com\/image?size=8&amp;lottery=superenalotto\" alt=\"superenalotto\" \/>\n<\/ol>\n<p><img loading=\"lazy\" decoding=\"async\" class=\"alignright size-medium wp-image-3615\" src=\"https:\/\/onlinelotto365.com\/wp-content\/uploads\/2020\/11\/online_lottery-52-300x169.jpg\" alt=\"Igrajte Superenalotto online u Velikoj Britaniji\" width=\"300\" height=\"169\" srcset=\"https:\/\/onlinelotto365.com\/wp-content\/uploads\/2020\/11\/online_lottery-52-300x169.jpg 300w, https:\/\/onlinelotto365.com\/wp-content\/uploads\/2020\/11\/online_lottery-52.jpg 462w\" sizes=\"auto, (max-width: 300px) 100vw, 300px\" \/><\/p>\n<h2>Kako platiti Superenalotto ulaznicu online<\/h2>\n<p>Olak\u0161ali smo pla\u0107anje va\u0161e Superenalotto ulaznice iz Srbije nude\u0107i \u0161irok izbor razli\u010ditih metoda pla\u0107anja. Samo odaberite onu koja vam najvi\u0161e odgovara i brzo \u0107ete biti spremni.<\/p>\n<h5>Kada budete spremni da kupite svoje ulaznice online, samo treba da izaberete izme\u0111u:<\/h5>\n<ul>\n<li>Kori\u0161\u0107enje preferiranog metoda pla\u0107anja za direktno pla\u0107anje ulaznica.<\/li>\n<li>Polo\u017eite novac na svoj ra\u010dun i koristite taj novac za kupovinu ulaznica. Samo se pobrinite da polo\u017eite vi\u0161e novca nego \u0161to je potrebno za kupovinu ulaznica ako se odlu\u010dite za ovaj na\u010din pla\u0107anja.<\/li>\n<\/ul>\n<h2>Vi\u0161e informacija o Superenalotto<\/h2>\n<ul>\n<li>Zemlja: Italija<\/li>\n<li>Opseg glavnih brojeva: 90<\/li>\n<li>Odaberite: 6 brojeva<\/li>\n<li>Dani i sati izvla\u010denja: Utorak, \u010detvrtak, subota, 19:00 GMT, 21:00 CET<\/li>\n<li>Minimalni d\u017eekpot: 2 miliona evra<\/li>\n<li>Maksimalni d\u017eekpot: nema ograni\u010denja<\/li>\n<li>Verovatno\u0107a za osvajanje d\u017eekpota: 1 prema 622614630<\/li>\n<li>Verovatno\u0107a za osvajanje druge nagrade: 1 prema 103769105<\/li>\n<li>Verovatno\u0107a za osvajanje bilo koje nagrade: 1 prema 20,58<\/li>\n<li>Broj nivoa nagrada: 6<\/li>\n<\/ul>\n<h2>Prednosti kupovine Superenalotto ulaznica online<\/h2>\n<ul>\n<li>Kupovina ulaznica mo\u017ee se obaviti iz udobnosti va\u0161eg doma, uklju\u010duju\u0107i i Srbiju.<\/li>\n<li>Izbor razli\u010ditih lotarija.<\/li>\n<\/ul>\n<p>Mogu\u0107nost da izaberete lotariju sa najve\u0107im d\u017eekpotima kako biste pobolj\u0161ali svoje \u0161anse za osvajanje.<\/p>\n<h2>Mogu\u0107nost da prvo polo\u017eite novac na ra\u010dun, a zatim platite sa svog salda.<\/h2>\n<ul>\n<li>Nema opasnosti od gubitka ulaznice.<\/li>\n<li>Instant obave\u0161tenja kada osvojite.<\/li>\n<li>Generator slu\u010dajnih brojeva za brzi izbor ulaznica.<\/li>\n<\/ul>\n<h2>Da li je legalno kupiti Superenalotto ulaznice online?<\/h2>\n<p>Ako se pitate o legalnosti kupovine lotarijskih ulaznica online ili na tradicionalni na\u010din u va\u0161oj zemlji boravi\u0161ta, ne morate brinuti. Na\u0161a usluga prati propise i garantuje isplatu dobitaka, bez obzira na to koliko osvojite ili gde \u017eivite. Samo treba da imate najmanje 18 godina kako biste koristili na\u0161u uslugu.<\/p>\n<h2>Kako da dobijem isplatu ako osvojim Superenalotto online?<\/h2>\n<p>Ako osvojite, proces isplate je jednostavan jer \u0107ete morati malo toga da uradite. Tako\u0111e, ne morate brinuti o gubitku bilo kojeg dela va\u0161eg dobitka. Ne uzimamo proviziju kada osvojite, i ne napla\u0107ujemo vam nikakve naknade osim ako se odlu\u010dite za bankovni transfer. U tom slu\u010daju, ako banka naplati naknade za transfer, mi \u0107emo preneti te naknade na vas i mo\u017eda \u0107ete videti da je iznos va\u0161eg dobitka umanjen za manji iznos.<\/p>\n<h2>Ina\u010de, postoje dve stvari koje treba da znate:<\/h2>\n<ul>\n<li>Iznosi koji su osvojeni, a manji su od 2500 evra, bi\u0107e odmah upla\u0107eni na va\u0161 igra\u010dki ra\u010dun kod nas, tako da mo\u017eete da ih koristite kako god \u017eelite.<\/li>\n<li>Iznosi koji su ve\u0107i od 2500 evra zahteva\u0107e dodatni korak. Kontaktira\u0107e vas na\u0161a podr\u0161ka sa obrascem koji treba da popunite za komisiju za lotarije. Obrazac \u0107e detaljno opisati kako \u017eelite da budu izvr\u0161ene isplate, i mo\u0107i \u0107ete da odaberete bankovni transfer ili \u010dek za iznos koji ste osvojili.<\/li>\n<\/ul>\n","protected":false},"excerpt":{"rendered":"<p>Da li ste zainteresovani za kupovinu Superenalotto ulaznica online iz Srbije, ali niste sigurni kako to da uradite? Pa, onda ste na pravom mestu, jer \u0107emo se brinuti o tome za vas. Sve \u0161to treba da uradite jeste da pratite jednostavne korake koje \u0107emo opisati u nastavku i brzo \u0107ete imati svoje ulaznice. Odaberite lotariju [&hellip;]<\/p>\n","protected":false},"author":1,"featured_media":0,"parent":5675,"menu_order":5,"comment_status":"closed","ping_status":"closed","template":"superenalotto-info.php","meta":{"_et_pb_use_builder":"","_et_pb_old_content":"","_et_gb_content_width":"","exclude_from_search":false,"footnotes":""},"class_list":["post-84033","page","type-page","status-publish","hentry"],"yoast_head":"<!-- This site is optimized with the Yoast SEO plugin v23.4 - https:\/\/yoast.com\/wordpress\/plugins\/seo\/ -->\n<title>O kupovini karata za Superenalotto putem interneta iz Srbije<\/title>\n<meta name=\"description\" content=\"O kupovini karata za Superenalotto putem interneta iz Srbije\" \/>\n<meta name=\"robots\" content=\"index, follow, max-snippet:-1, max-image-preview:large, max-video-preview:-1\" \/>\n<link rel=\"canonical\" href=\"https:\/\/onlinelotto365.com\/sr\/kupiti-karte\/kako-kupiti-superenalotto-ulaznice-online\/\" \/>\n<meta property=\"og:locale\" content=\"sr_RS\" \/>\n<meta property=\"og:type\" content=\"article\" \/>\n<meta property=\"og:title\" content=\"O kupovini karata za Superenalotto putem interneta iz Srbije\" \/>\n<meta property=\"og:description\" content=\"O kupovini karata za Superenalotto putem interneta iz Srbije\" \/>\n<meta property=\"og:url\" content=\"https:\/\/onlinelotto365.com\/sr\/kupiti-karte\/kako-kupiti-superenalotto-ulaznice-online\/\" \/>\n<meta property=\"og:site_name\" content=\"OnlineLotto365\" \/>\n<meta property=\"og:image\" content=\"https:\/\/redfoxlotto.com\/image?size=8&amp;lottery=superenalotto\" \/>\n<meta name=\"twitter:card\" content=\"summary_large_image\" \/>\n<meta name=\"twitter:label1\" content=\"\u041f\u0440\u043e\u0446\u0435\u045a\u0435\u043d\u043e \u0432\u0440\u0435\u043c\u0435 \u0447\u0438\u0442\u0430\u045a\u0430\" \/>\n\t<meta name=\"twitter:data1\" content=\"3 \u043c\u0438\u043d\u0443\u0442\u0430\" \/>\n<script type=\"application\/ld+json\" class=\"yoast-schema-graph\">{\"@context\":\"https:\/\/schema.org\",\"@graph\":[{\"@type\":\"WebPage\",\"@id\":\"https:\/\/onlinelotto365.com\/sr\/kupiti-karte\/kako-kupiti-superenalotto-ulaznice-online\/\",\"url\":\"https:\/\/onlinelotto365.com\/sr\/kupiti-karte\/kako-kupiti-superenalotto-ulaznice-online\/\",\"name\":\"O kupovini karata za Superenalotto putem interneta iz Srbije\",\"isPartOf\":{\"@id\":\"https:\/\/onlinelotto365.com\/sr\/#website\"},\"primaryImageOfPage\":{\"@id\":\"https:\/\/onlinelotto365.com\/sr\/kupiti-karte\/kako-kupiti-superenalotto-ulaznice-online\/#primaryimage\"},\"image\":{\"@id\":\"https:\/\/onlinelotto365.com\/sr\/kupiti-karte\/kako-kupiti-superenalotto-ulaznice-online\/#primaryimage\"},\"thumbnailUrl\":\"https:\/\/redfoxlotto.com\/image?size=8&amp;lottery=superenalotto\",\"datePublished\":\"2023-09-24T08:41:40+00:00\",\"dateModified\":\"2023-09-24T08:41:40+00:00\",\"description\":\"O kupovini karata za Superenalotto putem interneta iz Srbije\",\"breadcrumb\":{\"@id\":\"https:\/\/onlinelotto365.com\/sr\/kupiti-karte\/kako-kupiti-superenalotto-ulaznice-online\/#breadcrumb\"},\"inLanguage\":\"sr-RS\",\"potentialAction\":[{\"@type\":\"ReadAction\",\"target\":[\"https:\/\/onlinelotto365.com\/sr\/kupiti-karte\/kako-kupiti-superenalotto-ulaznice-online\/\"]}]},{\"@type\":\"ImageObject\",\"inLanguage\":\"sr-RS\",\"@id\":\"https:\/\/onlinelotto365.com\/sr\/kupiti-karte\/kako-kupiti-superenalotto-ulaznice-online\/#primaryimage\",\"url\":\"https:\/\/redfoxlotto.com\/image?size=8&amp;lottery=superenalotto\",\"contentUrl\":\"https:\/\/redfoxlotto.com\/image?size=8&amp;lottery=superenalotto\"},{\"@type\":\"BreadcrumbList\",\"@id\":\"https:\/\/onlinelotto365.com\/sr\/kupiti-karte\/kako-kupiti-superenalotto-ulaznice-online\/#breadcrumb\",\"itemListElement\":[{\"@type\":\"ListItem\",\"position\":1,\"name\":\"Home\",\"item\":\"https:\/\/onlinelotto365.com\/sr\/\"},{\"@type\":\"ListItem\",\"position\":2,\"name\":\"Kupi Loto Karte Online\",\"item\":\"https:\/\/onlinelotto365.com\/sr\/buy-tickets\/\"},{\"@type\":\"ListItem\",\"position\":3,\"name\":\"Kako kupiti Superenalotto ulaznice online\"}]},{\"@type\":\"WebSite\",\"@id\":\"https:\/\/onlinelotto365.com\/sr\/#website\",\"url\":\"https:\/\/onlinelotto365.com\/sr\/\",\"name\":\"OnlineLotto365\",\"description\":\"\",\"potentialAction\":[{\"@type\":\"SearchAction\",\"target\":{\"@type\":\"EntryPoint\",\"urlTemplate\":\"https:\/\/onlinelotto365.com\/sr\/?s={search_term_string}\"},\"query-input\":{\"@type\":\"PropertyValueSpecification\",\"valueRequired\":true,\"valueName\":\"search_term_string\"}}],\"inLanguage\":\"sr-RS\"}]}<\/script>\n<!-- \/ Yoast SEO plugin. -->","yoast_head_json":{"title":"O kupovini karata za Superenalotto putem interneta iz Srbije","description":"O kupovini karata za Superenalotto putem interneta iz Srbije","robots":{"index":"index","follow":"follow","max-snippet":"max-snippet:-1","max-image-preview":"max-image-preview:large","max-video-preview":"max-video-preview:-1"},"canonical":"https:\/\/onlinelotto365.com\/sr\/kupiti-karte\/kako-kupiti-superenalotto-ulaznice-online\/","og_locale":"sr_RS","og_type":"article","og_title":"O kupovini karata za Superenalotto putem interneta iz Srbije","og_description":"O kupovini karata za Superenalotto putem interneta iz Srbije","og_url":"https:\/\/onlinelotto365.com\/sr\/kupiti-karte\/kako-kupiti-superenalotto-ulaznice-online\/","og_site_name":"OnlineLotto365","og_image":[{"url":"https:\/\/redfoxlotto.com\/image?size=8&amp;lottery=superenalotto"}],"twitter_card":"summary_large_image","twitter_misc":{"\u041f\u0440\u043e\u0446\u0435\u045a\u0435\u043d\u043e \u0432\u0440\u0435\u043c\u0435 \u0447\u0438\u0442\u0430\u045a\u0430":"3 \u043c\u0438\u043d\u0443\u0442\u0430"},"schema":{"@context":"https:\/\/schema.org","@graph":[{"@type":"WebPage","@id":"https:\/\/onlinelotto365.com\/sr\/kupiti-karte\/kako-kupiti-superenalotto-ulaznice-online\/","url":"https:\/\/onlinelotto365.com\/sr\/kupiti-karte\/kako-kupiti-superenalotto-ulaznice-online\/","name":"O kupovini karata za Superenalotto putem interneta iz Srbije","isPartOf":{"@id":"https:\/\/onlinelotto365.com\/sr\/#website"},"primaryImageOfPage":{"@id":"https:\/\/onlinelotto365.com\/sr\/kupiti-karte\/kako-kupiti-superenalotto-ulaznice-online\/#primaryimage"},"image":{"@id":"https:\/\/onlinelotto365.com\/sr\/kupiti-karte\/kako-kupiti-superenalotto-ulaznice-online\/#primaryimage"},"thumbnailUrl":"https:\/\/redfoxlotto.com\/image?size=8&amp;lottery=superenalotto","datePublished":"2023-09-24T08:41:40+00:00","dateModified":"2023-09-24T08:41:40+00:00","description":"O kupovini karata za Superenalotto putem interneta iz Srbije","breadcrumb":{"@id":"https:\/\/onlinelotto365.com\/sr\/kupiti-karte\/kako-kupiti-superenalotto-ulaznice-online\/#breadcrumb"},"inLanguage":"sr-RS","potentialAction":[{"@type":"ReadAction","target":["https:\/\/onlinelotto365.com\/sr\/kupiti-karte\/kako-kupiti-superenalotto-ulaznice-online\/"]}]},{"@type":"ImageObject","inLanguage":"sr-RS","@id":"https:\/\/onlinelotto365.com\/sr\/kupiti-karte\/kako-kupiti-superenalotto-ulaznice-online\/#primaryimage","url":"https:\/\/redfoxlotto.com\/image?size=8&amp;lottery=superenalotto","contentUrl":"https:\/\/redfoxlotto.com\/image?size=8&amp;lottery=superenalotto"},{"@type":"BreadcrumbList","@id":"https:\/\/onlinelotto365.com\/sr\/kupiti-karte\/kako-kupiti-superenalotto-ulaznice-online\/#breadcrumb","itemListElement":[{"@type":"ListItem","position":1,"name":"Home","item":"https:\/\/onlinelotto365.com\/sr\/"},{"@type":"ListItem","position":2,"name":"Kupi Loto Karte Online","item":"https:\/\/onlinelotto365.com\/sr\/buy-tickets\/"},{"@type":"ListItem","position":3,"name":"Kako kupiti Superenalotto ulaznice online"}]},{"@type":"WebSite","@id":"https:\/\/onlinelotto365.com\/sr\/#website","url":"https:\/\/onlinelotto365.com\/sr\/","name":"OnlineLotto365","description":"","potentialAction":[{"@type":"SearchAction","target":{"@type":"EntryPoint","urlTemplate":"https:\/\/onlinelotto365.com\/sr\/?s={search_term_string}"},"query-input":{"@type":"PropertyValueSpecification","valueRequired":true,"valueName":"search_term_string"}}],"inLanguage":"sr-RS"}]}},"_links":{"self":[{"href":"https:\/\/onlinelotto365.com\/sr\/wp-json\/wp\/v2\/pages\/84033","targetHints":{"allow":["GET"]}}],"collection":[{"href":"https:\/\/onlinelotto365.com\/sr\/wp-json\/wp\/v2\/pages"}],"about":[{"href":"https:\/\/onlinelotto365.com\/sr\/wp-json\/wp\/v2\/types\/page"}],"author":[{"embeddable":true,"href":"https:\/\/onlinelotto365.com\/sr\/wp-json\/wp\/v2\/users\/1"}],"replies":[{"embeddable":true,"href":"https:\/\/onlinelotto365.com\/sr\/wp-json\/wp\/v2\/comments?post=84033"}],"version-history":[{"count":0,"href":"https:\/\/onlinelotto365.com\/sr\/wp-json\/wp\/v2\/pages\/84033\/revisions"}],"up":[{"embeddable":true,"href":"https:\/\/onlinelotto365.com\/sr\/wp-json\/wp\/v2\/pages\/5675"}],"wp:attachment":[{"href":"https:\/\/onlinelotto365.com\/sr\/wp-json\/wp\/v2\/media?parent=84033"}],"curies":[{"name":"wp","href":"https:\/\/api.w.org\/{rel}","templated":true}]}}