{"id":84075,"date":"2023-09-25T07:28:54","date_gmt":"2023-09-25T06:28:54","guid":{"rendered":"https:\/\/onlinelotto365.com\/kupiti-karte\/kako-kupiti-el-gordo-ulaznice-online"},"modified":"2023-09-25T07:28:54","modified_gmt":"2023-09-25T06:28:54","slug":"kako-kupiti-el-gordo-ulaznice-online","status":"publish","type":"page","link":"https:\/\/onlinelotto365.com\/sr\/kupiti-karte\/kako-kupiti-el-gordo-ulaznice-online\/","title":{"rendered":"Kako kupiti El Gordo ulaznice online."},"content":{"rendered":"<p>Da li vas zanima kako da kupite El Gordo ulaznice putem interneta dok \u017eivite u Srbiji? Pa, onda ne\u0107ete \u017eeleti da propustite ovaj \u010dlanak, jer \u0107emo vas voditi kroz ceo proces kako biste mogli da dobijete ulaznice koje \u017eelite bez stresa i bez potrebe da putujete u zemlju u kojoj se obi\u010dno igra ova igra.<\/p>\n<ul>\n<li>Pogledajte glavnu stranicu lutrije koju \u017eelite da igrate i izaberite brojeve koje \u017eelite na svojim ulaznicama.<\/li>\n<li>Dodajte jo\u0161 ulaznica za istu igru ili za druge igre koje \u017eelite da igrate kako biste napravili punu narud\u017ebinu.<\/li>\n<li>Izaberite opciju za pla\u0107anje sada.<\/li>\n<li>Pro\u0111ite kroz proces registracije za svoj nalog ako ranije niste kupovali od nas, ili se prijavite na svoj postoje\u0107i nalog ako ga ve\u0107 imate.<\/li>\n<p><img decoding=\"async\" class=\"aligncenter\" src=\"https:\/\/redfoxlotto.com\/image?size=8&amp;lottery=el-gordo-primitiva\" alt=\"el gordo\" \/><\/p>\n<li>Proverite svoj e-mail za link za verifikaciju za naloge koji zahtevaju verifikaciju i registraciju.<\/li>\n<li>Ako e-mail ne stigne u va\u0161 inbox, proverite svoj spam folder da biste bili sigurni da se nije tamo na\u0161ao.<\/li>\n<li>Kliknite na korpu za kupovinu kako biste platili svoju narud\u017ebinu.<\/li>\n<li>Izaberite opciju pla\u0107anja koju \u017eelite da koristite i pratite upute za pla\u0107anje.<\/li>\n<\/ul>\n<h2>Kako platiti svoju El Gordo ulaznicu putem interneta<\/h2>\n<p><img loading=\"lazy\" decoding=\"async\" class=\"alignright wp-image-3585\" src=\"https:\/\/onlinelotto365.com\/wp-content\/uploads\/2020\/11\/online_lottery-106.jpg\" alt=\"Igrajte El Gordo online u Velikoj Britaniji\" width=\"282\" height=\"169\" \/><br \/>\nPla\u0107anje za va\u0161e ulaznice je jednostavno i brzo jer \u017eelimo da se na\u0161i klijenti iz Srbije mogu odlu\u010diti za ulaznice koje \u017eele kad god to \u017eele.<\/p>\n<ul>\n<li>Mo\u017eete izabrati da platite svoje ulaznice na slede\u0107e na\u010dine:<\/li>\n<li>Umetnite na\u010din pla\u0107anja kako biste direktno izvr\u0161ili kupovinu.<\/li>\n<li>Dodajte novac na svoj ra\u010dun kako biste direktno izvr\u0161ili pla\u0107anje sa tog ra\u010duna.<\/li>\n<\/ul>\n<p>Uverite se da dodate dovoljno sredstava na svoj igra\u010dki ra\u010dun ako planirate da direktno ovde izvr\u0161ite kupovinu.<\/p>\n<h2>Vi\u0161e informacija o El Gordo<\/h2>\n<ul>\n<li>Dr\u017eava: \u0160panija<\/li>\n<li>Raspon glavnih brojeva: 54<\/li>\n<li>Vi birate: 5<\/li>\n<li>Raspon dodatnih brojeva: nema<\/li>\n<li>Vi birate: nema<\/li>\n<li>Dani i sati izvla\u010denja: Nedelja, 21:30 CET, 21:30 CET<\/li>\n<li>Minimalni d\u017eekpot: 4 miliona evra<\/li>\n<li>Maksimalni d\u017eekpot: nema<\/li>\n<li>Verovatno\u0107a osvajanja d\u017eekpota: 1 u 31.625.100<\/li>\n<li>Verovatno\u0107a osvajanja drugog nivoa nagrade: 1 u 3.513.900<\/li>\n<li>Verovatno\u0107a osvajanja nagrade na bilo kom nivou: 1 u 6,16<\/li>\n<li>Broj nivoa nagrada: 9<\/li>\n<\/ul>\n<h2>Prednosti kupovine El Gordo ulaznica putem interneta<\/h2>\n<ul>\n<li>Dobijte ulaznice koje \u017eelite bez napu\u0161tanja doma.<\/li>\n<li>Izaberite izme\u0111u jo\u0161 vi\u0161e lutrijskih igara.<\/li>\n<li>Pove\u0107ajte svoje \u0161anse za osvajanje igara sa najboljim d\u017eekpotima.<\/li>\n<li>Dodajte novac na svoj ra\u010dun i pla\u0107ajte ulaznice koriste\u0107i svoj saldo na lutriji.<\/li>\n<li>Lako pratite svoje ulaznice.<\/li>\n<li>Dobijte trenutna obave\u0161tenja o dobitnim ulaznicama.<\/li>\n<li>Neka ra\u010dunar izabere brojeve ulaznica koje \u0107ete koristiti.<\/li>\n<li>Da li je legalno kupovati El Gordo ulaznice putem interneta?<\/li>\n<\/ul>\n<p>Ne morate brinuti o tome da li je va\u0161a kupovina ulaznica putem interneta ili na tradicionalan na\u010din legalna u Srbiji. Na\u0161 sistem sve radi legalno i prema propisima. Osim toga, dobi\u0107ete svoju uplatu i dobitak, bez obzira na sve. Mi se brinemo da se to prenese na va\u0161 ra\u010dun \u0161to je br\u017ee mogu\u0107e. Jedino \u0161to trebate imati 18 godina da biste koristili na\u0161u web stranicu.<\/p>\n<h2>Kako da dobijem novac ako osvojim El Gordo putem interneta?<\/h2>\n<p>Znamo da je za vas izuzetno va\u017eno da dobijete svoj dobitak, zato ula\u017eemo puno vremena i truda u ovaj proces. Brinemo se da dobijete sav svoj dobitak bez naknada ili provizija koje bismo uzeli za sebe. Jedini put kad ne\u0161to pla\u0107ate nama je ako izaberete bankovni transfer kao na\u010din pla\u0107anja. U nekim podru\u010djima, to mo\u017ee zahtevati naknadu od banke za transfer u Srbiju i tu malu naknadu \u0107emo vam tako\u0111e proslediti.<\/p>\n<h2>Ina\u010de, isplata se vr\u0161i na jedan od dva na\u010dina:<\/h2>\n<ul>\n<li>Ako osvojite manje od 2500 evra, mi \u0107emo automatski uplatiti taj iznos direktno na va\u0161 ra\u010dun, tako da ne morate ni\u0161ta vi\u0161e da uradite.<\/li>\n<li>Ako osvojite vi\u0161e od 2500 evra, tada \u0107ete morati da sa\u010dekate e-mail od na\u0161eg tima za podr\u0161ku kako biste mogli da popunite formular za zahtev. Ovo \u0107e vam omogu\u0107iti da va\u0161 dobitak dobijete direktno putem bankovnog transfera ili putem \u010deka koji \u0107e vam biti poslat.<\/li>\n<\/ul>\n","protected":false},"excerpt":{"rendered":"<p>Da li vas zanima kako da kupite El Gordo ulaznice putem interneta dok \u017eivite u Srbiji? Pa, onda ne\u0107ete \u017eeleti da propustite ovaj \u010dlanak, jer \u0107emo vas voditi kroz ceo proces kako biste mogli da dobijete ulaznice koje \u017eelite bez stresa i bez potrebe da putujete u zemlju u kojoj se obi\u010dno igra ova igra. [&hellip;]<\/p>\n","protected":false},"author":1,"featured_media":0,"parent":5675,"menu_order":6,"comment_status":"closed","ping_status":"closed","template":"el-gordo-info.php","meta":{"_et_pb_use_builder":"","_et_pb_old_content":"","_et_gb_content_width":"","exclude_from_search":false,"footnotes":""},"class_list":["post-84075","page","type-page","status-publish","hentry"],"yoast_head":"<!-- This site is optimized with the Yoast SEO plugin v23.4 - https:\/\/yoast.com\/wordpress\/plugins\/seo\/ -->\n<title>El Gordo iz Srbije - kako kupiti ulaznice putem interneta.<\/title>\n<meta name=\"description\" content=\"Ova \u0161panska lutrija sada je dostupna iz Srbije - kupujte ulaznice putem interneta.\" \/>\n<meta name=\"robots\" content=\"index, follow, max-snippet:-1, max-image-preview:large, max-video-preview:-1\" \/>\n<link rel=\"canonical\" href=\"https:\/\/onlinelotto365.com\/sr\/kupiti-karte\/kako-kupiti-el-gordo-ulaznice-online\/\" \/>\n<meta property=\"og:locale\" content=\"sr_RS\" \/>\n<meta property=\"og:type\" content=\"article\" \/>\n<meta property=\"og:title\" content=\"El Gordo iz Srbije - kako kupiti ulaznice putem interneta.\" \/>\n<meta property=\"og:description\" content=\"Ova \u0161panska lutrija sada je dostupna iz Srbije - kupujte ulaznice putem interneta.\" \/>\n<meta property=\"og:url\" content=\"https:\/\/onlinelotto365.com\/sr\/kupiti-karte\/kako-kupiti-el-gordo-ulaznice-online\/\" \/>\n<meta property=\"og:site_name\" content=\"OnlineLotto365\" \/>\n<meta property=\"og:image\" content=\"https:\/\/redfoxlotto.com\/image?size=8&amp;lottery=el-gordo-primitiva\" \/>\n<meta name=\"twitter:card\" content=\"summary_large_image\" \/>\n<meta name=\"twitter:label1\" content=\"\u041f\u0440\u043e\u0446\u0435\u045a\u0435\u043d\u043e \u0432\u0440\u0435\u043c\u0435 \u0447\u0438\u0442\u0430\u045a\u0430\" \/>\n\t<meta name=\"twitter:data1\" content=\"3 \u043c\u0438\u043d\u0443\u0442\u0430\" \/>\n<script type=\"application\/ld+json\" class=\"yoast-schema-graph\">{\"@context\":\"https:\/\/schema.org\",\"@graph\":[{\"@type\":\"WebPage\",\"@id\":\"https:\/\/onlinelotto365.com\/sr\/kupiti-karte\/kako-kupiti-el-gordo-ulaznice-online\/\",\"url\":\"https:\/\/onlinelotto365.com\/sr\/kupiti-karte\/kako-kupiti-el-gordo-ulaznice-online\/\",\"name\":\"El Gordo iz Srbije - kako kupiti ulaznice putem interneta.\",\"isPartOf\":{\"@id\":\"https:\/\/onlinelotto365.com\/sr\/#website\"},\"primaryImageOfPage\":{\"@id\":\"https:\/\/onlinelotto365.com\/sr\/kupiti-karte\/kako-kupiti-el-gordo-ulaznice-online\/#primaryimage\"},\"image\":{\"@id\":\"https:\/\/onlinelotto365.com\/sr\/kupiti-karte\/kako-kupiti-el-gordo-ulaznice-online\/#primaryimage\"},\"thumbnailUrl\":\"https:\/\/redfoxlotto.com\/image?size=8&amp;lottery=el-gordo-primitiva\",\"datePublished\":\"2023-09-25T06:28:54+00:00\",\"dateModified\":\"2023-09-25T06:28:54+00:00\",\"description\":\"Ova \u0161panska lutrija sada je dostupna iz Srbije - kupujte ulaznice putem interneta.\",\"breadcrumb\":{\"@id\":\"https:\/\/onlinelotto365.com\/sr\/kupiti-karte\/kako-kupiti-el-gordo-ulaznice-online\/#breadcrumb\"},\"inLanguage\":\"sr-RS\",\"potentialAction\":[{\"@type\":\"ReadAction\",\"target\":[\"https:\/\/onlinelotto365.com\/sr\/kupiti-karte\/kako-kupiti-el-gordo-ulaznice-online\/\"]}]},{\"@type\":\"ImageObject\",\"inLanguage\":\"sr-RS\",\"@id\":\"https:\/\/onlinelotto365.com\/sr\/kupiti-karte\/kako-kupiti-el-gordo-ulaznice-online\/#primaryimage\",\"url\":\"https:\/\/redfoxlotto.com\/image?size=8&amp;lottery=el-gordo-primitiva\",\"contentUrl\":\"https:\/\/redfoxlotto.com\/image?size=8&amp;lottery=el-gordo-primitiva\"},{\"@type\":\"BreadcrumbList\",\"@id\":\"https:\/\/onlinelotto365.com\/sr\/kupiti-karte\/kako-kupiti-el-gordo-ulaznice-online\/#breadcrumb\",\"itemListElement\":[{\"@type\":\"ListItem\",\"position\":1,\"name\":\"Home\",\"item\":\"https:\/\/onlinelotto365.com\/sr\/\"},{\"@type\":\"ListItem\",\"position\":2,\"name\":\"Kupi Loto Karte Online\",\"item\":\"https:\/\/onlinelotto365.com\/sr\/buy-tickets\/\"},{\"@type\":\"ListItem\",\"position\":3,\"name\":\"Kako kupiti El Gordo ulaznice online.\"}]},{\"@type\":\"WebSite\",\"@id\":\"https:\/\/onlinelotto365.com\/sr\/#website\",\"url\":\"https:\/\/onlinelotto365.com\/sr\/\",\"name\":\"OnlineLotto365\",\"description\":\"\",\"potentialAction\":[{\"@type\":\"SearchAction\",\"target\":{\"@type\":\"EntryPoint\",\"urlTemplate\":\"https:\/\/onlinelotto365.com\/sr\/?s={search_term_string}\"},\"query-input\":{\"@type\":\"PropertyValueSpecification\",\"valueRequired\":true,\"valueName\":\"search_term_string\"}}],\"inLanguage\":\"sr-RS\"}]}<\/script>\n<!-- \/ Yoast SEO plugin. -->","yoast_head_json":{"title":"El Gordo iz Srbije - kako kupiti ulaznice putem interneta.","description":"Ova \u0161panska lutrija sada je dostupna iz Srbije - kupujte ulaznice putem interneta.","robots":{"index":"index","follow":"follow","max-snippet":"max-snippet:-1","max-image-preview":"max-image-preview:large","max-video-preview":"max-video-preview:-1"},"canonical":"https:\/\/onlinelotto365.com\/sr\/kupiti-karte\/kako-kupiti-el-gordo-ulaznice-online\/","og_locale":"sr_RS","og_type":"article","og_title":"El Gordo iz Srbije - kako kupiti ulaznice putem interneta.","og_description":"Ova \u0161panska lutrija sada je dostupna iz Srbije - kupujte ulaznice putem interneta.","og_url":"https:\/\/onlinelotto365.com\/sr\/kupiti-karte\/kako-kupiti-el-gordo-ulaznice-online\/","og_site_name":"OnlineLotto365","og_image":[{"url":"https:\/\/redfoxlotto.com\/image?size=8&amp;lottery=el-gordo-primitiva"}],"twitter_card":"summary_large_image","twitter_misc":{"\u041f\u0440\u043e\u0446\u0435\u045a\u0435\u043d\u043e \u0432\u0440\u0435\u043c\u0435 \u0447\u0438\u0442\u0430\u045a\u0430":"3 \u043c\u0438\u043d\u0443\u0442\u0430"},"schema":{"@context":"https:\/\/schema.org","@graph":[{"@type":"WebPage","@id":"https:\/\/onlinelotto365.com\/sr\/kupiti-karte\/kako-kupiti-el-gordo-ulaznice-online\/","url":"https:\/\/onlinelotto365.com\/sr\/kupiti-karte\/kako-kupiti-el-gordo-ulaznice-online\/","name":"El Gordo iz Srbije - kako kupiti ulaznice putem interneta.","isPartOf":{"@id":"https:\/\/onlinelotto365.com\/sr\/#website"},"primaryImageOfPage":{"@id":"https:\/\/onlinelotto365.com\/sr\/kupiti-karte\/kako-kupiti-el-gordo-ulaznice-online\/#primaryimage"},"image":{"@id":"https:\/\/onlinelotto365.com\/sr\/kupiti-karte\/kako-kupiti-el-gordo-ulaznice-online\/#primaryimage"},"thumbnailUrl":"https:\/\/redfoxlotto.com\/image?size=8&amp;lottery=el-gordo-primitiva","datePublished":"2023-09-25T06:28:54+00:00","dateModified":"2023-09-25T06:28:54+00:00","description":"Ova \u0161panska lutrija sada je dostupna iz Srbije - kupujte ulaznice putem interneta.","breadcrumb":{"@id":"https:\/\/onlinelotto365.com\/sr\/kupiti-karte\/kako-kupiti-el-gordo-ulaznice-online\/#breadcrumb"},"inLanguage":"sr-RS","potentialAction":[{"@type":"ReadAction","target":["https:\/\/onlinelotto365.com\/sr\/kupiti-karte\/kako-kupiti-el-gordo-ulaznice-online\/"]}]},{"@type":"ImageObject","inLanguage":"sr-RS","@id":"https:\/\/onlinelotto365.com\/sr\/kupiti-karte\/kako-kupiti-el-gordo-ulaznice-online\/#primaryimage","url":"https:\/\/redfoxlotto.com\/image?size=8&amp;lottery=el-gordo-primitiva","contentUrl":"https:\/\/redfoxlotto.com\/image?size=8&amp;lottery=el-gordo-primitiva"},{"@type":"BreadcrumbList","@id":"https:\/\/onlinelotto365.com\/sr\/kupiti-karte\/kako-kupiti-el-gordo-ulaznice-online\/#breadcrumb","itemListElement":[{"@type":"ListItem","position":1,"name":"Home","item":"https:\/\/onlinelotto365.com\/sr\/"},{"@type":"ListItem","position":2,"name":"Kupi Loto Karte Online","item":"https:\/\/onlinelotto365.com\/sr\/buy-tickets\/"},{"@type":"ListItem","position":3,"name":"Kako kupiti El Gordo ulaznice online."}]},{"@type":"WebSite","@id":"https:\/\/onlinelotto365.com\/sr\/#website","url":"https:\/\/onlinelotto365.com\/sr\/","name":"OnlineLotto365","description":"","potentialAction":[{"@type":"SearchAction","target":{"@type":"EntryPoint","urlTemplate":"https:\/\/onlinelotto365.com\/sr\/?s={search_term_string}"},"query-input":{"@type":"PropertyValueSpecification","valueRequired":true,"valueName":"search_term_string"}}],"inLanguage":"sr-RS"}]}},"_links":{"self":[{"href":"https:\/\/onlinelotto365.com\/sr\/wp-json\/wp\/v2\/pages\/84075","targetHints":{"allow":["GET"]}}],"collection":[{"href":"https:\/\/onlinelotto365.com\/sr\/wp-json\/wp\/v2\/pages"}],"about":[{"href":"https:\/\/onlinelotto365.com\/sr\/wp-json\/wp\/v2\/types\/page"}],"author":[{"embeddable":true,"href":"https:\/\/onlinelotto365.com\/sr\/wp-json\/wp\/v2\/users\/1"}],"replies":[{"embeddable":true,"href":"https:\/\/onlinelotto365.com\/sr\/wp-json\/wp\/v2\/comments?post=84075"}],"version-history":[{"count":0,"href":"https:\/\/onlinelotto365.com\/sr\/wp-json\/wp\/v2\/pages\/84075\/revisions"}],"up":[{"embeddable":true,"href":"https:\/\/onlinelotto365.com\/sr\/wp-json\/wp\/v2\/pages\/5675"}],"wp:attachment":[{"href":"https:\/\/onlinelotto365.com\/sr\/wp-json\/wp\/v2\/media?parent=84075"}],"curies":[{"name":"wp","href":"https:\/\/api.w.org\/{rel}","templated":true}]}}