{"id":84083,"date":"2023-09-25T09:36:45","date_gmt":"2023-09-25T08:36:45","guid":{"rendered":"https:\/\/onlinelotto365.com\/kupiti-karte\/kako-kupiti-la-primitiva-ulaznice-putem-interneta"},"modified":"2023-09-25T09:36:45","modified_gmt":"2023-09-25T08:36:45","slug":"kako-kupiti-la-primitiva-ulaznice-putem-interneta","status":"publish","type":"page","link":"https:\/\/onlinelotto365.com\/sr\/kupiti-karte\/kako-kupiti-la-primitiva-ulaznice-putem-interneta\/","title":{"rendered":"Kako kupiti La Primitiva ulaznice putem interneta"},"content":{"rendered":"<p>Ako \u017eelite da kupite ulaznice za La Primitiva putem interneta, ali niste sasvim sigurni kako to da uradite, uverite se da pa\u017eljivo pratite ovaj proces. To je mnogo jednostavnije nego \u0161to mo\u017eda mislite za ljubitelje lutrije u Srbiji, i mo\u017eete \u010dekati izvla\u010denje br\u017ee nego \u0161to mislite.<\/p>\n<ol>\n<li>Odaberite lutrijsku igru La Primitiva koju \u017eelite da igrate i izaberite brojeve za svaku od svojih ulaznica. Mo\u017eete sami odabrati brojeve ili dozvoliti ra\u010dunaru da automatski izabere brojeve za vas.<\/li>\n<p><img decoding=\"async\" class=\"aligncenter\" src=\"https:\/\/redfoxlotto.com\/image?size=8&amp;lottery=la-primitiva\" alt=\" la primitiva\" \/><\/p>\n<li>Dodajte sve razli\u010dite ulaznice i lutrijske igre koje \u017eelite u svoju narud\u017ebinu pre nego \u0161to pre\u0111ete na pla\u0107anje.<\/li>\n<li>Odaberite opciju za pla\u0107anje odmah (pay now).<\/li>\n<li>Ako ranije niste kupovali kod njih, registrujte novi nalog. Ako ve\u0107 imate nalog, prijavite se.<\/li>\n<li>Zavr\u0161ite proces registracije klikom na verifikacioni link koji \u0107e biti poslat na va\u0161u email adresu.<\/li>\n<li>Proverite kako u inboxu, tako i u spam folderu va\u0161eg emaila na potvrdni email.<\/li>\n<li>Idite na korpu za kupovinu na veb stranici.<\/li>\n<li>Pratite upute za odabir na\u010dina pla\u0107anja i izvr\u0161ite pla\u0107anje za svoje ulaznice.<\/li>\n<\/ol>\n<h2>Kako platiti svoju La Primitiva ulaznicu putem interneta:<\/h2>\n<p><img loading=\"lazy\" decoding=\"async\" class=\"alignright wp-image-3535\" src=\"https:\/\/onlinelotto365.com\/wp-content\/uploads\/2020\/11\/online_lottery-141-296x300.jpg\" alt=\"La Primitiva putem interneta\" width=\"164\" height=\"166\" srcset=\"https:\/\/onlinelotto365.com\/wp-content\/uploads\/2020\/11\/online_lottery-141-296x300.jpg 296w, https:\/\/onlinelotto365.com\/wp-content\/uploads\/2020\/11\/online_lottery-141-100x100.jpg 100w, https:\/\/onlinelotto365.com\/wp-content\/uploads\/2020\/11\/online_lottery-141.jpg 491w\" sizes=\"auto, (max-width: 164px) 100vw, 164px\" \/><br \/>\nMo\u017eete izabrati izme\u0111u nekoliko razli\u010ditih sigurnih opcija za pla\u0107anje koje su dostupne za na\u0161e korisnike. Dozvoljavamo vam da izaberete opciju koja vam je najprikladnija.<\/p>\n<ul>\n<li>Izvr\u0161ite pla\u0107anje direktno putem kreditne kartice, bankovnog ra\u010duna ili nekog drugog na\u010dina pla\u0107anja.<\/li>\n<li>Dodajte novac na svoj korisni\u010dki ra\u010dun i koristite ga za kupovinu ulaznica sa svog korisni\u010dkog ra\u010duna.<\/li>\n<\/ul>\n<p>Oni koji dodaju novac na svoj korisni\u010dki ra\u010dun da bi izvr\u0161ili kupovinu moraju da uplate dovoljno novca za iznos koji \u017eele da kupe.<\/p>\n<h2>Dodatne informacije o La Primitiva:<\/h2>\n<ul>\n<li>Dr\u017eava: \u0160panija<\/li>\n<li>Opseg glavnih brojeva: 49<\/li>\n<li>Izaberite: 6 brojeva<\/li>\n<li>Opseg dodatnih brojeva: 1<\/li>\n<li>Izaberite: 1 broj<\/li>\n<li>Dani izvla\u010denja i vreme: \u010detvrtkom i subotom, 21:30 CET<\/li>\n<li>Minimalni d\u017eekpot: 2 miliona evra<\/li>\n<li>Maksimalni d\u017eekpot: nema<\/li>\n<li>Verovatno\u0107a osvajanja d\u017eekpota: 1 u 15.537.573<\/li>\n<li>Verovatno\u0107a osvajanja nagrade na drugom nivou: 1 u 542.008<\/li>\n<li>Verovatno\u0107a osvajanja nagrade na bilo kom nivou: 1 u 8,43<\/li>\n<li>Broj nivoa nagrada: 9<\/li>\n<\/ul>\n<h2>Prednosti kupovine La Primitiva ulaznica putem interneta:<\/h2>\n<ul>\n<li>Odaberite svoje ulaznice bez napu\u0161tanja ku\u0107e.<\/li>\n<li>Odaberite iz \u0161ire ponude lutrijskih igara.<\/li>\n<li>Pregledajte razli\u010dite d\u017eekpote da biste videli gde mo\u017eete osvojiti najvi\u0161e.<\/li>\n<li>Polo\u017eite novac na svoj korisni\u010dki ra\u010dun kako biste platili ulaznice.<\/li>\n<li>Ne brinite o gubljenju ulaznica.<\/li>\n<li>Dobijate obave\u0161tenje ako osvojite.<\/li>\n<li>Mo\u017eete izabrati slu\u010dajno generisanu ulaznicu.<\/li>\n<\/ul>\n<h2>Da li je legalno kupovati La Primitiva ulaznice putem interneta?<\/h2>\n<p>Neki ljudi brinu o tome da li je kupovina lutrijskih ulaznica putem interneta dozvoljena u njihovoj zemlji prebivali\u0161ta, ili \u010dak i da li mogu kupiti ulaznice na tradicionalan na\u010din. Ali ne morate da brinete o tome da li je legalno koristiti na\u0161 sistem, jer se brinemo o regulativama za podru\u010dje gde se lutrija odr\u017eava. Tako da \u0107ete dobiti svoje dobitke, bez obzira na to \u0161ta se de\u0161ava i koliko osvojite. Samo morate imati najmanje 18 godina da biste koristili na\u0161u uslugu.<\/p>\n<h2>Kako \u0107u dobiti isplatu ako osvojim La Primitiva putem interneta?<\/h2>\n<p>Kada je u pitanju isplata, znamo koliko vam je va\u017ena. Zato \u010dinimo proces pla\u0107anja \u0161to je mogu\u0107e lak\u0161im. I sve to radimo bez naplate naknada ili provizija. Bar dok se ne odlu\u010dite da vam se dobitak isplati bankovnim transferom. U tom slu\u010daju, mo\u017ee se desiti da banka naplati naknadu za transfer do va\u0161eg ra\u010duna. Kada se to dogodi, mi tu malu naknadu prenosimo na vas.<\/p>\n<h2>Sve \u0161to trebate znati je kako se vr\u0161i isplata:<\/h2>\n<ul>\n<li>Ako osvojite manje od 2.500 evra, ne morate ni\u0161ta da radite, jer mi sve obavljamo za vas. Pobrinemo se da sav novac stigne direktno na va\u0161 korisni\u010dki ra\u010dun.<\/li>\n<li>Ako osvojite vi\u0161e od 2.500 evra, mo\u0107i \u0107ete da dobijete isplatu \u010dekom ili bankovnim transferom. U ovom slu\u010daju \u0107ete morati popuniti formular za zahtev za isplatu, koji \u0107e vam poslati na\u0161 tim za podr\u0161ku, a mi \u0107emo vam pomo\u0107i sa ostalim detaljima.<\/li>\n<\/ul>\n","protected":false},"excerpt":{"rendered":"<p>Ako \u017eelite da kupite ulaznice za La Primitiva putem interneta, ali niste sasvim sigurni kako to da uradite, uverite se da pa\u017eljivo pratite ovaj proces. To je mnogo jednostavnije nego \u0161to mo\u017eda mislite za ljubitelje lutrije u Srbiji, i mo\u017eete \u010dekati izvla\u010denje br\u017ee nego \u0161to mislite. Odaberite lutrijsku igru La Primitiva koju \u017eelite da igrate [&hellip;]<\/p>\n","protected":false},"author":1,"featured_media":0,"parent":5675,"menu_order":7,"comment_status":"closed","ping_status":"closed","template":"la-primitiva-info.php","meta":{"_et_pb_use_builder":"","_et_pb_old_content":"","_et_gb_content_width":"","exclude_from_search":false,"footnotes":""},"class_list":["post-84083","page","type-page","status-publish","hentry"],"yoast_head":"<!-- This site is optimized with the Yoast SEO plugin v23.4 - https:\/\/yoast.com\/wordpress\/plugins\/seo\/ -->\n<title>Onlajn usluga za ulaznice La Primitiva | La Primitiva iz Srbije<\/title>\n<meta name=\"description\" content=\"Onlajn usluga za ulaznice La Primitiva | La Primitiva iz Srbije\" \/>\n<meta name=\"robots\" content=\"index, follow, max-snippet:-1, max-image-preview:large, max-video-preview:-1\" \/>\n<link rel=\"canonical\" href=\"https:\/\/onlinelotto365.com\/sr\/kupiti-karte\/kako-kupiti-la-primitiva-ulaznice-putem-interneta\/\" \/>\n<meta property=\"og:locale\" content=\"sr_RS\" \/>\n<meta property=\"og:type\" content=\"article\" \/>\n<meta property=\"og:title\" content=\"Onlajn usluga za ulaznice La Primitiva | La Primitiva iz Srbije\" \/>\n<meta property=\"og:description\" content=\"Onlajn usluga za ulaznice La Primitiva | La Primitiva iz Srbije\" \/>\n<meta property=\"og:url\" content=\"https:\/\/onlinelotto365.com\/sr\/kupiti-karte\/kako-kupiti-la-primitiva-ulaznice-putem-interneta\/\" \/>\n<meta property=\"og:site_name\" content=\"OnlineLotto365\" \/>\n<meta property=\"og:image\" content=\"https:\/\/redfoxlotto.com\/image?size=8&amp;lottery=la-primitiva\" \/>\n<meta name=\"twitter:card\" content=\"summary_large_image\" \/>\n<meta name=\"twitter:label1\" content=\"\u041f\u0440\u043e\u0446\u0435\u045a\u0435\u043d\u043e \u0432\u0440\u0435\u043c\u0435 \u0447\u0438\u0442\u0430\u045a\u0430\" \/>\n\t<meta name=\"twitter:data1\" content=\"3 \u043c\u0438\u043d\u0443\u0442\u0430\" \/>\n<script type=\"application\/ld+json\" class=\"yoast-schema-graph\">{\"@context\":\"https:\/\/schema.org\",\"@graph\":[{\"@type\":\"WebPage\",\"@id\":\"https:\/\/onlinelotto365.com\/sr\/kupiti-karte\/kako-kupiti-la-primitiva-ulaznice-putem-interneta\/\",\"url\":\"https:\/\/onlinelotto365.com\/sr\/kupiti-karte\/kako-kupiti-la-primitiva-ulaznice-putem-interneta\/\",\"name\":\"Onlajn usluga za ulaznice La Primitiva | La Primitiva iz Srbije\",\"isPartOf\":{\"@id\":\"https:\/\/onlinelotto365.com\/sr\/#website\"},\"primaryImageOfPage\":{\"@id\":\"https:\/\/onlinelotto365.com\/sr\/kupiti-karte\/kako-kupiti-la-primitiva-ulaznice-putem-interneta\/#primaryimage\"},\"image\":{\"@id\":\"https:\/\/onlinelotto365.com\/sr\/kupiti-karte\/kako-kupiti-la-primitiva-ulaznice-putem-interneta\/#primaryimage\"},\"thumbnailUrl\":\"https:\/\/redfoxlotto.com\/image?size=8&amp;lottery=la-primitiva\",\"datePublished\":\"2023-09-25T08:36:45+00:00\",\"dateModified\":\"2023-09-25T08:36:45+00:00\",\"description\":\"Onlajn usluga za ulaznice La Primitiva | La Primitiva iz Srbije\",\"breadcrumb\":{\"@id\":\"https:\/\/onlinelotto365.com\/sr\/kupiti-karte\/kako-kupiti-la-primitiva-ulaznice-putem-interneta\/#breadcrumb\"},\"inLanguage\":\"sr-RS\",\"potentialAction\":[{\"@type\":\"ReadAction\",\"target\":[\"https:\/\/onlinelotto365.com\/sr\/kupiti-karte\/kako-kupiti-la-primitiva-ulaznice-putem-interneta\/\"]}]},{\"@type\":\"ImageObject\",\"inLanguage\":\"sr-RS\",\"@id\":\"https:\/\/onlinelotto365.com\/sr\/kupiti-karte\/kako-kupiti-la-primitiva-ulaznice-putem-interneta\/#primaryimage\",\"url\":\"https:\/\/redfoxlotto.com\/image?size=8&amp;lottery=la-primitiva\",\"contentUrl\":\"https:\/\/redfoxlotto.com\/image?size=8&amp;lottery=la-primitiva\"},{\"@type\":\"BreadcrumbList\",\"@id\":\"https:\/\/onlinelotto365.com\/sr\/kupiti-karte\/kako-kupiti-la-primitiva-ulaznice-putem-interneta\/#breadcrumb\",\"itemListElement\":[{\"@type\":\"ListItem\",\"position\":1,\"name\":\"Home\",\"item\":\"https:\/\/onlinelotto365.com\/sr\/\"},{\"@type\":\"ListItem\",\"position\":2,\"name\":\"Kupi Loto Karte Online\",\"item\":\"https:\/\/onlinelotto365.com\/sr\/buy-tickets\/\"},{\"@type\":\"ListItem\",\"position\":3,\"name\":\"Kako kupiti La Primitiva ulaznice putem interneta\"}]},{\"@type\":\"WebSite\",\"@id\":\"https:\/\/onlinelotto365.com\/sr\/#website\",\"url\":\"https:\/\/onlinelotto365.com\/sr\/\",\"name\":\"OnlineLotto365\",\"description\":\"\",\"potentialAction\":[{\"@type\":\"SearchAction\",\"target\":{\"@type\":\"EntryPoint\",\"urlTemplate\":\"https:\/\/onlinelotto365.com\/sr\/?s={search_term_string}\"},\"query-input\":{\"@type\":\"PropertyValueSpecification\",\"valueRequired\":true,\"valueName\":\"search_term_string\"}}],\"inLanguage\":\"sr-RS\"}]}<\/script>\n<!-- \/ Yoast SEO plugin. -->","yoast_head_json":{"title":"Onlajn usluga za ulaznice La Primitiva | La Primitiva iz Srbije","description":"Onlajn usluga za ulaznice La Primitiva | La Primitiva iz Srbije","robots":{"index":"index","follow":"follow","max-snippet":"max-snippet:-1","max-image-preview":"max-image-preview:large","max-video-preview":"max-video-preview:-1"},"canonical":"https:\/\/onlinelotto365.com\/sr\/kupiti-karte\/kako-kupiti-la-primitiva-ulaznice-putem-interneta\/","og_locale":"sr_RS","og_type":"article","og_title":"Onlajn usluga za ulaznice La Primitiva | La Primitiva iz Srbije","og_description":"Onlajn usluga za ulaznice La Primitiva | La Primitiva iz Srbije","og_url":"https:\/\/onlinelotto365.com\/sr\/kupiti-karte\/kako-kupiti-la-primitiva-ulaznice-putem-interneta\/","og_site_name":"OnlineLotto365","og_image":[{"url":"https:\/\/redfoxlotto.com\/image?size=8&amp;lottery=la-primitiva"}],"twitter_card":"summary_large_image","twitter_misc":{"\u041f\u0440\u043e\u0446\u0435\u045a\u0435\u043d\u043e \u0432\u0440\u0435\u043c\u0435 \u0447\u0438\u0442\u0430\u045a\u0430":"3 \u043c\u0438\u043d\u0443\u0442\u0430"},"schema":{"@context":"https:\/\/schema.org","@graph":[{"@type":"WebPage","@id":"https:\/\/onlinelotto365.com\/sr\/kupiti-karte\/kako-kupiti-la-primitiva-ulaznice-putem-interneta\/","url":"https:\/\/onlinelotto365.com\/sr\/kupiti-karte\/kako-kupiti-la-primitiva-ulaznice-putem-interneta\/","name":"Onlajn usluga za ulaznice La Primitiva | La Primitiva iz Srbije","isPartOf":{"@id":"https:\/\/onlinelotto365.com\/sr\/#website"},"primaryImageOfPage":{"@id":"https:\/\/onlinelotto365.com\/sr\/kupiti-karte\/kako-kupiti-la-primitiva-ulaznice-putem-interneta\/#primaryimage"},"image":{"@id":"https:\/\/onlinelotto365.com\/sr\/kupiti-karte\/kako-kupiti-la-primitiva-ulaznice-putem-interneta\/#primaryimage"},"thumbnailUrl":"https:\/\/redfoxlotto.com\/image?size=8&amp;lottery=la-primitiva","datePublished":"2023-09-25T08:36:45+00:00","dateModified":"2023-09-25T08:36:45+00:00","description":"Onlajn usluga za ulaznice La Primitiva | La Primitiva iz Srbije","breadcrumb":{"@id":"https:\/\/onlinelotto365.com\/sr\/kupiti-karte\/kako-kupiti-la-primitiva-ulaznice-putem-interneta\/#breadcrumb"},"inLanguage":"sr-RS","potentialAction":[{"@type":"ReadAction","target":["https:\/\/onlinelotto365.com\/sr\/kupiti-karte\/kako-kupiti-la-primitiva-ulaznice-putem-interneta\/"]}]},{"@type":"ImageObject","inLanguage":"sr-RS","@id":"https:\/\/onlinelotto365.com\/sr\/kupiti-karte\/kako-kupiti-la-primitiva-ulaznice-putem-interneta\/#primaryimage","url":"https:\/\/redfoxlotto.com\/image?size=8&amp;lottery=la-primitiva","contentUrl":"https:\/\/redfoxlotto.com\/image?size=8&amp;lottery=la-primitiva"},{"@type":"BreadcrumbList","@id":"https:\/\/onlinelotto365.com\/sr\/kupiti-karte\/kako-kupiti-la-primitiva-ulaznice-putem-interneta\/#breadcrumb","itemListElement":[{"@type":"ListItem","position":1,"name":"Home","item":"https:\/\/onlinelotto365.com\/sr\/"},{"@type":"ListItem","position":2,"name":"Kupi Loto Karte Online","item":"https:\/\/onlinelotto365.com\/sr\/buy-tickets\/"},{"@type":"ListItem","position":3,"name":"Kako kupiti La Primitiva ulaznice putem interneta"}]},{"@type":"WebSite","@id":"https:\/\/onlinelotto365.com\/sr\/#website","url":"https:\/\/onlinelotto365.com\/sr\/","name":"OnlineLotto365","description":"","potentialAction":[{"@type":"SearchAction","target":{"@type":"EntryPoint","urlTemplate":"https:\/\/onlinelotto365.com\/sr\/?s={search_term_string}"},"query-input":{"@type":"PropertyValueSpecification","valueRequired":true,"valueName":"search_term_string"}}],"inLanguage":"sr-RS"}]}},"_links":{"self":[{"href":"https:\/\/onlinelotto365.com\/sr\/wp-json\/wp\/v2\/pages\/84083","targetHints":{"allow":["GET"]}}],"collection":[{"href":"https:\/\/onlinelotto365.com\/sr\/wp-json\/wp\/v2\/pages"}],"about":[{"href":"https:\/\/onlinelotto365.com\/sr\/wp-json\/wp\/v2\/types\/page"}],"author":[{"embeddable":true,"href":"https:\/\/onlinelotto365.com\/sr\/wp-json\/wp\/v2\/users\/1"}],"replies":[{"embeddable":true,"href":"https:\/\/onlinelotto365.com\/sr\/wp-json\/wp\/v2\/comments?post=84083"}],"version-history":[{"count":0,"href":"https:\/\/onlinelotto365.com\/sr\/wp-json\/wp\/v2\/pages\/84083\/revisions"}],"up":[{"embeddable":true,"href":"https:\/\/onlinelotto365.com\/sr\/wp-json\/wp\/v2\/pages\/5675"}],"wp:attachment":[{"href":"https:\/\/onlinelotto365.com\/sr\/wp-json\/wp\/v2\/media?parent=84083"}],"curies":[{"name":"wp","href":"https:\/\/api.w.org\/{rel}","templated":true}]}}