{"id":84092,"date":"2023-09-25T11:25:02","date_gmt":"2023-09-25T10:25:02","guid":{"rendered":"https:\/\/onlinelotto365.com\/kupiti-karte\/kako-kupiti-bonoloto-ulaznice-putem-interneta"},"modified":"2023-09-25T11:25:02","modified_gmt":"2023-09-25T10:25:02","slug":"kako-kupiti-bonoloto-ulaznice-putem-interneta","status":"publish","type":"page","link":"https:\/\/onlinelotto365.com\/sr\/kupiti-karte\/kako-kupiti-bonoloto-ulaznice-putem-interneta\/","title":{"rendered":"Kako kupiti BonoLoto ulaznice putem interneta"},"content":{"rendered":"<p>Kako kupiti BonoLoto ulaznice putem interneta<\/p>\n<p>Ako \u017eivite u Srbiji i \u017eelite da saznate kako igrati BonoLoto putem interneta i kako dobiti svoje ulaznice, nalazite se na pravom mestu. Mi vam mo\u017eemo pomo\u0107i sa celim procesom, i to \u0107e biti mnogo lak\u0161e nego \u0161to mo\u017eda mislite. Sve \u0161to trebate da uradite je da pratite korake koje smo naveli u nastavku.<\/p>\n<ol>\n<li>Posetite stranicu lutrije za igru koju \u017eelite da igrate, kao \u0161to je BonoLoto. Zatim odaberite sve ulaznice koje \u017eelite, uklju\u010duju\u0107i i brojeve koje \u017eelite igrati.<\/li>\n<li>Dodajte dodatne ulaznice za BonoLoto ili druge igre u svoju narud\u017ebinu dok ne budete spremni za pla\u0107anje.<\/li>\n<li>Odaberite opciju za pla\u0107anje sada.<\/li>\n<p><img decoding=\"async\" class=\"aligncenter\" src=\"https:\/\/redfoxlotto.com\/image?size=8&amp;lottery=bonoloto\" alt=\"BonoLoto\" \/><\/p>\n<li>Prijavite se na svoj nalog ili odaberite opciju za kreiranje novog naloga i pro\u0111ite kroz proces registracije.<\/li>\n<li>Ako kreirate novi nalog, trebate otvoriti svoj e-mail kako biste dobili verifikacioni link koji \u0107e vam omogu\u0107iti da zavr\u0161ite proces registracije.<\/li>\n<li>Ako ne dobijete link, proverite svoj spam folder da vidite da li se tamo pojavio umesto u va\u0161em redovnom inboxu.<\/li>\n<li>Idite na stranicu za naplatu na sajtu i zapo\u010dnite proces pla\u0107anja.<\/li>\n<li>Odaberite svoj na\u010din pla\u0107anja i zavr\u0161ite proces naplate.<\/li>\n<\/ol>\n<h2>Kako platiti BonoLoto ulaznicu putem interneta<\/h2>\n<p><img loading=\"lazy\" decoding=\"async\" class=\"alignright wp-image-3675\" src=\"https:\/\/onlinelotto365.com\/wp-content\/uploads\/2020\/11\/online_lottery-117-300x217.jpg\" alt=\"Kupite Bonoloto ulaznice putem interneta\" width=\"195\" height=\"141\" srcset=\"https:\/\/onlinelotto365.com\/wp-content\/uploads\/2020\/11\/online_lottery-117-300x217.jpg 300w, https:\/\/onlinelotto365.com\/wp-content\/uploads\/2020\/11\/online_lottery-117.jpg 320w\" sizes=\"auto, (max-width: 195px) 100vw, 195px\" \/><br \/>\nIma\u0107ete na raspolaganju razli\u010dite na\u010dine pla\u0107anja koje mo\u017eete koristiti za kupovinu BonoLoto ulaznica i vi\u0161e.<\/p>\n<h5>Dobijte svoje ulaznice tako \u0161to \u0107ete odabrati izme\u0111u ova dva op\u0161ta na\u010dina kako biste po\u010deli:<\/h5>\n<ol>\n<li>Izvr\u0161ite uplatu za svoju narud\u017ebinu direktno sa kreditnom karticom ili finansijskim ra\u010dunom.<\/li>\n<li>Polo\u017eite novac na svoj igra\u010dki ra\u010dun na na\u0161em sajtu i koristite ga za kupovinu.<\/li>\n<\/ol>\n<p>Za one koji izaberu da polo\u017ee novac na svoj igra\u010dki ra\u010dun, pobrinite se da dodate vi\u0161e novca nego \u0161to vam je potrebno za trenutnu narud\u017ebinu kako biste je obradili.<\/p>\n<h2>Vi\u0161e informacija o BonoLoto<\/h2>\n<ul>\n<li>Zemlja: \u0160panija<\/li>\n<li>Opseg glavnih brojeva: 49<\/li>\n<li>Vi birate: 6<\/li>\n<li>Dana za izvla\u010denje, sati: svakodnevno osim nedelje, 21:30 CET<\/li>\n<li>Minimalni d\u017eekpot: 400.000<\/li>\n<li>Maksimalni d\u017eekpot: nema<\/li>\n<li>Verovatno\u0107a osvajanja d\u017eekpota: 1 u 13.983.816<\/li>\n<li>Verovatno\u0107a osvajanja dobitka druge kategorije: 1 u 2.330.636<\/li>\n<li>Verovatno\u0107a osvajanja bilo koje kategorije dobitka: 1 u 8,43<\/li>\n<li>Broj nivoa dobitaka: 6<\/li>\n<\/ul>\n<h2>Prednosti kupovine BonoLoto ulaznica putem interneta<\/h2>\n<ul>\n<li>Ostanite kod ku\u0107e i jo\u0161 uvek dobijte ulaznice koje \u017eelite iz Srbije ili iz bilo koje druge zemlje.<\/li>\n<li>Izaberite izme\u0111u \u0161irokog spektra razli\u010ditih lutrijskih igara \u0161irom sveta.<\/li>\n<li>Pove\u0107ajte \u0161anse za osvajanje velikih nagrada biraju\u0107i najbolje d\u017eekpotove.<\/li>\n<li>Polagajte novac na svoj ra\u010dun kako biste platili svoje ulaznice.<\/li>\n<li>Ne brinite se vi\u0161e o gubljenju ulaznice.<\/li>\n<li>Nikada ne propustite dobitak uz instant obave\u0161tenja.<\/li>\n<li>Koristite generator slu\u010dajnih brojeva da odaberete brojeve umesto vas.<\/li>\n<li>Da li je legalno kupovati BonoLoto ulaznice putem interneta?<\/li>\n<\/ul>\n<p>Mo\u017eda \u0107ete se ose\u0107ati malo zabrinuto zbog igranja ovakve vrste igre ako ne znate za legalnost online lutrije u va\u0161oj zemlji prebivali\u0161ta. Ali apsolutno mo\u017eete da nam verujete da \u0107emo vam pomo\u0107i. Mi se brinemo da se prate svi propisi zemlje iz koje poti\u010de lutrija.<\/p>\n<p>Na taj na\u010din, ako osvojite bilo koju nagradu, uklju\u010duju\u0107i i d\u017eekpot, ne morate da brinete o mogu\u0107nosti da je preuzmete. Zagarantovano \u0107ete dobiti nagradu koju ste zaradili. Jedino pravilo je da morate imati najmanje 18 godina da biste igrali.<\/p>\n<h2>Kako da primim isplatu ako osvojim BonoLoto online?<\/h2>\n<p>Isplate su va\u017ene i \u017eelite da budete sigurni da \u0107ete dobiti sve pare na koje imate pravo. To nije problem sa nama jer vam ne napla\u0107ujemo proviziju na bilo koji dobitak. Sve \u0107e vam biti direktno ispla\u0107eno na va\u0161 ra\u010dun.<\/p>\n<p>Jedino vreme kada napla\u0107ujemo naknade je ako izaberete da vam se novac uplati na bankovni ra\u010dun. Ako va\u0161a banka napla\u0107uje naknadu za tu transakciju, mi \u0107emo tu naknadu preneti na va\u0161 ra\u010dun.<\/p>\n<h2>Kada imate pravo na isplatu, dogodi\u0107e se jedno od dva scenarija:<\/h2>\n<ol>\n<li>Ako osvojite manje od 2500 evra, novac \u0107e vam biti gotovo trenutno upla\u0107en na ra\u010dun, tako da mo\u017eete da radite \u0161ta \u017eelite sa njim.<\/li>\n<li>Ako osvojite vi\u0161e od 2500 evra, iznos koji osvojite bi\u0107e vam poslat ili kao bankovni transfer ili kao \u010dek. Vi birate koji na\u010din preferirate kada popunite obrazac za zahtev koji \u0107e vam poslati na\u0161a slu\u017eba. Na taj na\u010din \u0107ete dobiti svoj novac za samo nekoliko dana.<\/li>\n<\/ol>\n","protected":false},"excerpt":{"rendered":"<p>Kako kupiti BonoLoto ulaznice putem interneta Ako \u017eivite u Srbiji i \u017eelite da saznate kako igrati BonoLoto putem interneta i kako dobiti svoje ulaznice, nalazite se na pravom mestu. Mi vam mo\u017eemo pomo\u0107i sa celim procesom, i to \u0107e biti mnogo lak\u0161e nego \u0161to mo\u017eda mislite. Sve \u0161to trebate da uradite je da pratite korake [&hellip;]<\/p>\n","protected":false},"author":1,"featured_media":0,"parent":5675,"menu_order":8,"comment_status":"closed","ping_status":"closed","template":"template-rightsidebar.php","meta":{"_et_pb_use_builder":"","_et_pb_old_content":"","_et_gb_content_width":"","exclude_from_search":false,"footnotes":""},"class_list":["post-84092","page","type-page","status-publish","hentry"],"yoast_head":"<!-- This site is optimized with the Yoast SEO plugin v23.4 - https:\/\/yoast.com\/wordpress\/plugins\/seo\/ -->\n<title>Ulaznice za BonoLoto putem interneta | Kako kupiti ulaznice iz Srbije<\/title>\n<meta name=\"description\" content=\"Na\u0161a web stranica vam omogu\u0107ava da legalno kupite Bonoloto ulaznice putem interneta.\" \/>\n<meta name=\"robots\" content=\"index, follow, max-snippet:-1, max-image-preview:large, max-video-preview:-1\" \/>\n<link rel=\"canonical\" href=\"https:\/\/onlinelotto365.com\/sr\/kupiti-karte\/kako-kupiti-bonoloto-ulaznice-putem-interneta\/\" \/>\n<meta property=\"og:locale\" content=\"sr_RS\" \/>\n<meta property=\"og:type\" content=\"article\" \/>\n<meta property=\"og:title\" content=\"Ulaznice za BonoLoto putem interneta | Kako kupiti ulaznice iz Srbije\" \/>\n<meta property=\"og:description\" content=\"Na\u0161a web stranica vam omogu\u0107ava da legalno kupite Bonoloto ulaznice putem interneta.\" \/>\n<meta property=\"og:url\" content=\"https:\/\/onlinelotto365.com\/sr\/kupiti-karte\/kako-kupiti-bonoloto-ulaznice-putem-interneta\/\" \/>\n<meta property=\"og:site_name\" content=\"OnlineLotto365\" \/>\n<meta property=\"og:image\" content=\"https:\/\/redfoxlotto.com\/image?size=8&amp;lottery=bonoloto\" \/>\n<meta name=\"twitter:card\" content=\"summary_large_image\" \/>\n<meta name=\"twitter:label1\" content=\"\u041f\u0440\u043e\u0446\u0435\u045a\u0435\u043d\u043e \u0432\u0440\u0435\u043c\u0435 \u0447\u0438\u0442\u0430\u045a\u0430\" \/>\n\t<meta name=\"twitter:data1\" content=\"4 \u043c\u0438\u043d\u0443\u0442\u0430\" \/>\n<script type=\"application\/ld+json\" class=\"yoast-schema-graph\">{\"@context\":\"https:\/\/schema.org\",\"@graph\":[{\"@type\":\"WebPage\",\"@id\":\"https:\/\/onlinelotto365.com\/sr\/kupiti-karte\/kako-kupiti-bonoloto-ulaznice-putem-interneta\/\",\"url\":\"https:\/\/onlinelotto365.com\/sr\/kupiti-karte\/kako-kupiti-bonoloto-ulaznice-putem-interneta\/\",\"name\":\"Ulaznice za BonoLoto putem interneta | Kako kupiti ulaznice iz Srbije\",\"isPartOf\":{\"@id\":\"https:\/\/onlinelotto365.com\/sr\/#website\"},\"primaryImageOfPage\":{\"@id\":\"https:\/\/onlinelotto365.com\/sr\/kupiti-karte\/kako-kupiti-bonoloto-ulaznice-putem-interneta\/#primaryimage\"},\"image\":{\"@id\":\"https:\/\/onlinelotto365.com\/sr\/kupiti-karte\/kako-kupiti-bonoloto-ulaznice-putem-interneta\/#primaryimage\"},\"thumbnailUrl\":\"https:\/\/redfoxlotto.com\/image?size=8&amp;lottery=bonoloto\",\"datePublished\":\"2023-09-25T10:25:02+00:00\",\"dateModified\":\"2023-09-25T10:25:02+00:00\",\"description\":\"Na\u0161a web stranica vam omogu\u0107ava da legalno kupite Bonoloto ulaznice putem interneta.\",\"breadcrumb\":{\"@id\":\"https:\/\/onlinelotto365.com\/sr\/kupiti-karte\/kako-kupiti-bonoloto-ulaznice-putem-interneta\/#breadcrumb\"},\"inLanguage\":\"sr-RS\",\"potentialAction\":[{\"@type\":\"ReadAction\",\"target\":[\"https:\/\/onlinelotto365.com\/sr\/kupiti-karte\/kako-kupiti-bonoloto-ulaznice-putem-interneta\/\"]}]},{\"@type\":\"ImageObject\",\"inLanguage\":\"sr-RS\",\"@id\":\"https:\/\/onlinelotto365.com\/sr\/kupiti-karte\/kako-kupiti-bonoloto-ulaznice-putem-interneta\/#primaryimage\",\"url\":\"https:\/\/redfoxlotto.com\/image?size=8&amp;lottery=bonoloto\",\"contentUrl\":\"https:\/\/redfoxlotto.com\/image?size=8&amp;lottery=bonoloto\"},{\"@type\":\"BreadcrumbList\",\"@id\":\"https:\/\/onlinelotto365.com\/sr\/kupiti-karte\/kako-kupiti-bonoloto-ulaznice-putem-interneta\/#breadcrumb\",\"itemListElement\":[{\"@type\":\"ListItem\",\"position\":1,\"name\":\"Home\",\"item\":\"https:\/\/onlinelotto365.com\/sr\/\"},{\"@type\":\"ListItem\",\"position\":2,\"name\":\"Kupi Loto Karte Online\",\"item\":\"https:\/\/onlinelotto365.com\/sr\/buy-tickets\/\"},{\"@type\":\"ListItem\",\"position\":3,\"name\":\"Kako kupiti BonoLoto ulaznice putem interneta\"}]},{\"@type\":\"WebSite\",\"@id\":\"https:\/\/onlinelotto365.com\/sr\/#website\",\"url\":\"https:\/\/onlinelotto365.com\/sr\/\",\"name\":\"OnlineLotto365\",\"description\":\"\",\"potentialAction\":[{\"@type\":\"SearchAction\",\"target\":{\"@type\":\"EntryPoint\",\"urlTemplate\":\"https:\/\/onlinelotto365.com\/sr\/?s={search_term_string}\"},\"query-input\":{\"@type\":\"PropertyValueSpecification\",\"valueRequired\":true,\"valueName\":\"search_term_string\"}}],\"inLanguage\":\"sr-RS\"}]}<\/script>\n<!-- \/ Yoast SEO plugin. -->","yoast_head_json":{"title":"Ulaznice za BonoLoto putem interneta | Kako kupiti ulaznice iz Srbije","description":"Na\u0161a web stranica vam omogu\u0107ava da legalno kupite Bonoloto ulaznice putem interneta.","robots":{"index":"index","follow":"follow","max-snippet":"max-snippet:-1","max-image-preview":"max-image-preview:large","max-video-preview":"max-video-preview:-1"},"canonical":"https:\/\/onlinelotto365.com\/sr\/kupiti-karte\/kako-kupiti-bonoloto-ulaznice-putem-interneta\/","og_locale":"sr_RS","og_type":"article","og_title":"Ulaznice za BonoLoto putem interneta | Kako kupiti ulaznice iz Srbije","og_description":"Na\u0161a web stranica vam omogu\u0107ava da legalno kupite Bonoloto ulaznice putem interneta.","og_url":"https:\/\/onlinelotto365.com\/sr\/kupiti-karte\/kako-kupiti-bonoloto-ulaznice-putem-interneta\/","og_site_name":"OnlineLotto365","og_image":[{"url":"https:\/\/redfoxlotto.com\/image?size=8&amp;lottery=bonoloto"}],"twitter_card":"summary_large_image","twitter_misc":{"\u041f\u0440\u043e\u0446\u0435\u045a\u0435\u043d\u043e \u0432\u0440\u0435\u043c\u0435 \u0447\u0438\u0442\u0430\u045a\u0430":"4 \u043c\u0438\u043d\u0443\u0442\u0430"},"schema":{"@context":"https:\/\/schema.org","@graph":[{"@type":"WebPage","@id":"https:\/\/onlinelotto365.com\/sr\/kupiti-karte\/kako-kupiti-bonoloto-ulaznice-putem-interneta\/","url":"https:\/\/onlinelotto365.com\/sr\/kupiti-karte\/kako-kupiti-bonoloto-ulaznice-putem-interneta\/","name":"Ulaznice za BonoLoto putem interneta | Kako kupiti ulaznice iz Srbije","isPartOf":{"@id":"https:\/\/onlinelotto365.com\/sr\/#website"},"primaryImageOfPage":{"@id":"https:\/\/onlinelotto365.com\/sr\/kupiti-karte\/kako-kupiti-bonoloto-ulaznice-putem-interneta\/#primaryimage"},"image":{"@id":"https:\/\/onlinelotto365.com\/sr\/kupiti-karte\/kako-kupiti-bonoloto-ulaznice-putem-interneta\/#primaryimage"},"thumbnailUrl":"https:\/\/redfoxlotto.com\/image?size=8&amp;lottery=bonoloto","datePublished":"2023-09-25T10:25:02+00:00","dateModified":"2023-09-25T10:25:02+00:00","description":"Na\u0161a web stranica vam omogu\u0107ava da legalno kupite Bonoloto ulaznice putem interneta.","breadcrumb":{"@id":"https:\/\/onlinelotto365.com\/sr\/kupiti-karte\/kako-kupiti-bonoloto-ulaznice-putem-interneta\/#breadcrumb"},"inLanguage":"sr-RS","potentialAction":[{"@type":"ReadAction","target":["https:\/\/onlinelotto365.com\/sr\/kupiti-karte\/kako-kupiti-bonoloto-ulaznice-putem-interneta\/"]}]},{"@type":"ImageObject","inLanguage":"sr-RS","@id":"https:\/\/onlinelotto365.com\/sr\/kupiti-karte\/kako-kupiti-bonoloto-ulaznice-putem-interneta\/#primaryimage","url":"https:\/\/redfoxlotto.com\/image?size=8&amp;lottery=bonoloto","contentUrl":"https:\/\/redfoxlotto.com\/image?size=8&amp;lottery=bonoloto"},{"@type":"BreadcrumbList","@id":"https:\/\/onlinelotto365.com\/sr\/kupiti-karte\/kako-kupiti-bonoloto-ulaznice-putem-interneta\/#breadcrumb","itemListElement":[{"@type":"ListItem","position":1,"name":"Home","item":"https:\/\/onlinelotto365.com\/sr\/"},{"@type":"ListItem","position":2,"name":"Kupi Loto Karte Online","item":"https:\/\/onlinelotto365.com\/sr\/buy-tickets\/"},{"@type":"ListItem","position":3,"name":"Kako kupiti BonoLoto ulaznice putem interneta"}]},{"@type":"WebSite","@id":"https:\/\/onlinelotto365.com\/sr\/#website","url":"https:\/\/onlinelotto365.com\/sr\/","name":"OnlineLotto365","description":"","potentialAction":[{"@type":"SearchAction","target":{"@type":"EntryPoint","urlTemplate":"https:\/\/onlinelotto365.com\/sr\/?s={search_term_string}"},"query-input":{"@type":"PropertyValueSpecification","valueRequired":true,"valueName":"search_term_string"}}],"inLanguage":"sr-RS"}]}},"_links":{"self":[{"href":"https:\/\/onlinelotto365.com\/sr\/wp-json\/wp\/v2\/pages\/84092","targetHints":{"allow":["GET"]}}],"collection":[{"href":"https:\/\/onlinelotto365.com\/sr\/wp-json\/wp\/v2\/pages"}],"about":[{"href":"https:\/\/onlinelotto365.com\/sr\/wp-json\/wp\/v2\/types\/page"}],"author":[{"embeddable":true,"href":"https:\/\/onlinelotto365.com\/sr\/wp-json\/wp\/v2\/users\/1"}],"replies":[{"embeddable":true,"href":"https:\/\/onlinelotto365.com\/sr\/wp-json\/wp\/v2\/comments?post=84092"}],"version-history":[{"count":0,"href":"https:\/\/onlinelotto365.com\/sr\/wp-json\/wp\/v2\/pages\/84092\/revisions"}],"up":[{"embeddable":true,"href":"https:\/\/onlinelotto365.com\/sr\/wp-json\/wp\/v2\/pages\/5675"}],"wp:attachment":[{"href":"https:\/\/onlinelotto365.com\/sr\/wp-json\/wp\/v2\/media?parent=84092"}],"curies":[{"name":"wp","href":"https:\/\/api.w.org\/{rel}","templated":true}]}}