{"id":84101,"date":"2023-09-25T13:00:42","date_gmt":"2023-09-25T12:00:42","guid":{"rendered":"https:\/\/onlinelotto365.com\/kupiti-karte\/kako-kupiti-tikete-za-veliku-britansku-lutriju-online"},"modified":"2023-09-25T13:00:42","modified_gmt":"2023-09-25T12:00:42","slug":"kako-kupiti-tikete-za-veliku-britansku-lutriju-online","status":"publish","type":"page","link":"https:\/\/onlinelotto365.com\/sr\/kupiti-karte\/kako-kupiti-tikete-za-veliku-britansku-lutriju-online\/","title":{"rendered":"Kako kupiti tikete za Veliku britansku lutriju online"},"content":{"rendered":"<div class=\"flex-shrink-0 flex flex-col relative items-end\">\n<div>\n<div class=\"relative p-1 rounded-sm h-9 w-9 text-white flex items-center justify-center\">Ako \u017eelite da kupite tikete za Veliku britansku lutriju u Srbiji, ne morate da brinete, jer smo ceo proces brzo i lako postavili za vas. Samo treba da pogledate jednostavne korake u nastavku i bi\u0107ete spremni za tren oka.<\/div>\n<\/div>\n<\/div>\n<div class=\"relative flex w-[calc(100%-50px)] flex-col gap-1 md:gap-3 lg:w-[calc(100%-115px)]\">\n<div class=\"flex flex-grow flex-col gap-3 max-w-full\">\n<div class=\"flex flex-col items-start gap-3 overflow-x-auto whitespace-pre-wrap break-words\">\n<div class=\"markdown prose w-full break-words dark:prose-invert light\">\n<ol>\n<li>Idite na pravu stranicu za lutrijsku igru koju \u017eelite da igrate, kao \u0161to je Velika britanska lutrija.<\/li>\n<li>Zatim odaberite brojeve koje \u017eelite na svom tiketu.<\/li>\n<li>Dodajte dodatne tikete za Veliku britansku lutriju ili za druge lutrijske igre koje planirate da igrate.<\/li>\n<li>Odaberite opciju za pla\u0107anje tiketa.<\/li>\n<p><img decoding=\"async\" class=\"aligncenter\" src=\"https:\/\/redfoxlotto.com\/image?size=8&amp;lottery=lotto-uk\" alt=\"uk lottery\" \/><\/p>\n<li>Pro\u0111ite kroz proces registracije naloga ako ste novi korisnik ili se prijavite na svoj nalog ako ve\u0107 imate postoje\u0107i.<\/li>\n<p><img loading=\"lazy\" decoding=\"async\" class=\"alignright size-medium wp-image-3655\" src=\"https:\/\/onlinelotto365.com\/wp-content\/uploads\/2020\/11\/online_lottery-59-300x182.jpg\" alt=\"Igrajte Veliku britansku lutriju online\" width=\"300\" height=\"182\" srcset=\"https:\/\/onlinelotto365.com\/wp-content\/uploads\/2020\/11\/online_lottery-59-300x182.jpg 300w, https:\/\/onlinelotto365.com\/wp-content\/uploads\/2020\/11\/online_lottery-59.jpg 320w\" sizes=\"auto, (max-width: 300px) 100vw, 300px\" \/><\/p>\n<li>Za one koji jo\u0161 uvek treba da se registruju, u va\u0161em inboxu ili spam folderu dobi\u0107ete verifikacioni email u roku od nekoliko minuta. Ako niste dobili email u nekoliko minuta, proverite spam folder da biste bili sigurni da ste ga primili.<\/li>\n<li>Vratite se na sajt i odaberite korpu za kupovinu tiketa.<\/li>\n<li>Odaberite svoj na\u010din pla\u0107anja i pro\u0111ite kroz uputstva za pla\u0107anje.<\/li>\n<\/ol>\n<h2>Kako platiti svoj tiket za Veliku britansku lutriju online<\/h2>\n<p>Nudimo nekoliko potpuno sigurnih na\u010dina pla\u0107anja za na\u0161e korisnike iz Srbije i drugih zemalja. Na taj na\u010din mo\u017eete izabrati metodu koja vam najvi\u0161e odgovara.<\/p>\n<h2>Izaberite izme\u0111u dve opcije za pla\u0107anje:<\/h2>\n<ol>\n<li>Pla\u0107ajte za svaku porud\u017ebinu koriste\u0107i preferirani na\u010din pla\u0107anja po va\u0161em izboru.<\/li>\n<li>Uplatite novac na svoj ra\u010dun i koristite ga za kupovinu tiketa koje \u017eelite.<\/li>\n<\/ol>\n<p>Uverite se da uplatite vi\u0161e od iznosa koji vam je potreban za kupovinu tiketa ako \u017eelite direktno dodati novac na svoj ra\u010dun.<\/p>\n<h2>Vi\u0161e informacija o Velikoj britanskoj lutriji<\/h2>\n<ul>\n<li>Dr\u017eava: Velika britanska lutrija<\/li>\n<li>Opseg glavnih brojeva: 59<\/li>\n<li>Izaberite: 6 brojeva<\/li>\n<li>Dopunski brojevi:<\/li>\n<li>Izaberite:<\/li>\n<li>Dani i sati izvla\u010denja: Sreda, subota, 19:30 UTC, 19:30 CET<\/li>\n<li>Minimalni d\u017eekpot: GBP 2,5 miliona<\/li>\n<li>Maksimalni d\u017eekpot: GBP 22 miliona<\/li>\n<li>Verovatno\u0107a osvajanja d\u017eekpota: 1 u 45.057.474<\/li>\n<li>Verovatno\u0107a osvajanja drugog nivoa nagrada: 1 u 7.509.579<\/li>\n<li>Verovatno\u0107a osvajanja nagrade na bilo kom nivou: 1 u 9,27<\/li>\n<li>Broj nivoa nagrada: 6<\/li>\n<\/ul>\n<h2>Prednosti kupovine tiketa za Veliku britansku lutriju online<\/h2>\n<ul>\n<li>Kupite tikete bez napu\u0161tanja svoje ku\u0107e.<\/li>\n<li>Izaberite iz \u0161iroke ponude razli\u010ditih lutrijskih igara.<\/li>\n<li>Pove\u0107ajte \u0161anse za osvajanje velikih d\u017eekpota izborom razli\u010ditih igara.<\/li>\n<li>Dodajte novac direktno na svoj ra\u010dun za pla\u0107anje tiketa.<\/li>\n<li>Ne brinite vi\u0161e o gubljenju tiketa.<\/li>\n<li>Obave\u0161tenja o dobitku \u0161alju se direktno vama.<\/li>\n<li>Opcije za brz odabir brojeva ako ne \u017eelite sami da birate brojeve.<\/li>\n<\/ul>\n<h2>Da li je legalno kupovati tikete za Veliku britansku lutriju online?<\/h2>\n<p>Nema brige o zakonitosti kupovine tiketa za Veliku britansku lutriju online iz Srbije ili na tradicionalan na\u010din. Mo\u017eete biti sigurni da \u0107ete dobiti svoje tikete i ne\u0107ete morati da brinete o osvajanju d\u017eekpota. Mi \u0107emo se pobrinuti da vam dobijete novac bez brige o tome da li je usluga zakonita u va\u0161oj zemlji prebivali\u0161ta. Samo se pobrinite da imate 18 ili vi\u0161e godina kako biste kupili tikete kod nas.<\/p>\n<h2>Kako \u0107u biti pla\u0107en ako osvojim Veliku britansku lutriju online?<\/h2>\n<p>Znamo da je isplata jedan od najva\u017enijih delova za vas i zato \u017eelimo da se pobrinemo da proces pla\u0107anja bude \u0161to jednostavniji. Tako\u0111e, ne uzimamo nikakvu proviziju iz va\u0161ih dobitaka, tako da \u0107ete dobiti svaki cent od onoga \u0161to ste osvojili. Jedini put kada napla\u0107ujemo naknade je ako zatra\u017eite bankovni transfer i ako banka naplati naknadu. Taj iznos mo\u017ee biti prosle\u0111en vama.<\/p>\n<h2>Ina\u010de, samo pogledajte \u0161ta se de\u0161ava sa va\u0161im pla\u0107anjem ovde:<\/h2>\n<ul>\n<li>Isplate manje od \u20ac2500 \u0107e automatski biti upla\u0107ene na va\u0161 ra\u010dun. Ne morate ni\u0161ta da radite.<\/li>\n<li>Isplate preko \u20ac2500 \u0107e zahtevati formular za zahtev koji se mo\u017ee podneti komisiji za lutriju. Ovaj formular \u0107e vam poslati na\u0161a podr\u0161ka i omogu\u0107i\u0107e vam da odaberete da li \u017eelite da vam se novac isplati \u010dekom ili bankovnim transferom.<\/li>\n<\/ul>\n<\/div>\n<\/div>\n<\/div>\n<\/div>\n","protected":false},"excerpt":{"rendered":"<p>Ako \u017eelite da kupite tikete za Veliku britansku lutriju u Srbiji, ne morate da brinete, jer smo ceo proces brzo i lako postavili za vas. Samo treba da pogledate jednostavne korake u nastavku i bi\u0107ete spremni za tren oka. Idite na pravu stranicu za lutrijsku igru koju \u017eelite da igrate, kao \u0161to je Velika britanska [&hellip;]<\/p>\n","protected":false},"author":1,"featured_media":0,"parent":5675,"menu_order":9,"comment_status":"closed","ping_status":"closed","template":"lotto-uk-info.php","meta":{"_et_pb_use_builder":"","_et_pb_old_content":"","_et_gb_content_width":"","exclude_from_search":false,"footnotes":""},"class_list":["post-84101","page","type-page","status-publish","hentry"],"yoast_head":"<!-- This site is optimized with the Yoast SEO plugin v23.4 - https:\/\/yoast.com\/wordpress\/plugins\/seo\/ -->\n<title>Kupite ulaznice za britansku lutriju na mre\u017ei iz Srbiji| Informacije o britanskoj lutriji, kako kupiti ulaznice<\/title>\n<meta name=\"description\" content=\"Omogu\u0107avamo igra\u010dima lotoa iz Srbiji da kupe ulaznice za britansku lutriju.\" \/>\n<meta name=\"robots\" content=\"index, follow, max-snippet:-1, max-image-preview:large, max-video-preview:-1\" \/>\n<link rel=\"canonical\" href=\"https:\/\/onlinelotto365.com\/sr\/kupiti-karte\/kako-kupiti-tikete-za-veliku-britansku-lutriju-online\/\" \/>\n<meta property=\"og:locale\" content=\"sr_RS\" \/>\n<meta property=\"og:type\" content=\"article\" \/>\n<meta property=\"og:title\" content=\"Kupite ulaznice za britansku lutriju na mre\u017ei iz Srbiji| Informacije o britanskoj lutriji, kako kupiti ulaznice\" \/>\n<meta property=\"og:description\" content=\"Omogu\u0107avamo igra\u010dima lotoa iz Srbiji da kupe ulaznice za britansku lutriju.\" \/>\n<meta property=\"og:url\" content=\"https:\/\/onlinelotto365.com\/sr\/kupiti-karte\/kako-kupiti-tikete-za-veliku-britansku-lutriju-online\/\" \/>\n<meta property=\"og:site_name\" content=\"OnlineLotto365\" \/>\n<meta property=\"og:image\" content=\"https:\/\/redfoxlotto.com\/image?size=8&amp;lottery=lotto-uk\" \/>\n<meta name=\"twitter:card\" content=\"summary_large_image\" \/>\n<meta name=\"twitter:label1\" content=\"\u041f\u0440\u043e\u0446\u0435\u045a\u0435\u043d\u043e \u0432\u0440\u0435\u043c\u0435 \u0447\u0438\u0442\u0430\u045a\u0430\" \/>\n\t<meta name=\"twitter:data1\" content=\"3 \u043c\u0438\u043d\u0443\u0442\u0430\" \/>\n<script type=\"application\/ld+json\" class=\"yoast-schema-graph\">{\"@context\":\"https:\/\/schema.org\",\"@graph\":[{\"@type\":\"WebPage\",\"@id\":\"https:\/\/onlinelotto365.com\/sr\/kupiti-karte\/kako-kupiti-tikete-za-veliku-britansku-lutriju-online\/\",\"url\":\"https:\/\/onlinelotto365.com\/sr\/kupiti-karte\/kako-kupiti-tikete-za-veliku-britansku-lutriju-online\/\",\"name\":\"Kupite ulaznice za britansku lutriju na mre\u017ei iz Srbiji| Informacije o britanskoj lutriji, kako kupiti ulaznice\",\"isPartOf\":{\"@id\":\"https:\/\/onlinelotto365.com\/sr\/#website\"},\"primaryImageOfPage\":{\"@id\":\"https:\/\/onlinelotto365.com\/sr\/kupiti-karte\/kako-kupiti-tikete-za-veliku-britansku-lutriju-online\/#primaryimage\"},\"image\":{\"@id\":\"https:\/\/onlinelotto365.com\/sr\/kupiti-karte\/kako-kupiti-tikete-za-veliku-britansku-lutriju-online\/#primaryimage\"},\"thumbnailUrl\":\"https:\/\/redfoxlotto.com\/image?size=8&amp;lottery=lotto-uk\",\"datePublished\":\"2023-09-25T12:00:42+00:00\",\"dateModified\":\"2023-09-25T12:00:42+00:00\",\"description\":\"Omogu\u0107avamo igra\u010dima lotoa iz Srbiji da kupe ulaznice za britansku lutriju.\",\"breadcrumb\":{\"@id\":\"https:\/\/onlinelotto365.com\/sr\/kupiti-karte\/kako-kupiti-tikete-za-veliku-britansku-lutriju-online\/#breadcrumb\"},\"inLanguage\":\"sr-RS\",\"potentialAction\":[{\"@type\":\"ReadAction\",\"target\":[\"https:\/\/onlinelotto365.com\/sr\/kupiti-karte\/kako-kupiti-tikete-za-veliku-britansku-lutriju-online\/\"]}]},{\"@type\":\"ImageObject\",\"inLanguage\":\"sr-RS\",\"@id\":\"https:\/\/onlinelotto365.com\/sr\/kupiti-karte\/kako-kupiti-tikete-za-veliku-britansku-lutriju-online\/#primaryimage\",\"url\":\"https:\/\/redfoxlotto.com\/image?size=8&amp;lottery=lotto-uk\",\"contentUrl\":\"https:\/\/redfoxlotto.com\/image?size=8&amp;lottery=lotto-uk\"},{\"@type\":\"BreadcrumbList\",\"@id\":\"https:\/\/onlinelotto365.com\/sr\/kupiti-karte\/kako-kupiti-tikete-za-veliku-britansku-lutriju-online\/#breadcrumb\",\"itemListElement\":[{\"@type\":\"ListItem\",\"position\":1,\"name\":\"Home\",\"item\":\"https:\/\/onlinelotto365.com\/sr\/\"},{\"@type\":\"ListItem\",\"position\":2,\"name\":\"Kupi Loto Karte Online\",\"item\":\"https:\/\/onlinelotto365.com\/sr\/buy-tickets\/\"},{\"@type\":\"ListItem\",\"position\":3,\"name\":\"Kako kupiti tikete za Veliku britansku lutriju online\"}]},{\"@type\":\"WebSite\",\"@id\":\"https:\/\/onlinelotto365.com\/sr\/#website\",\"url\":\"https:\/\/onlinelotto365.com\/sr\/\",\"name\":\"OnlineLotto365\",\"description\":\"\",\"potentialAction\":[{\"@type\":\"SearchAction\",\"target\":{\"@type\":\"EntryPoint\",\"urlTemplate\":\"https:\/\/onlinelotto365.com\/sr\/?s={search_term_string}\"},\"query-input\":{\"@type\":\"PropertyValueSpecification\",\"valueRequired\":true,\"valueName\":\"search_term_string\"}}],\"inLanguage\":\"sr-RS\"}]}<\/script>\n<!-- \/ Yoast SEO plugin. -->","yoast_head_json":{"title":"Kupite ulaznice za britansku lutriju na mre\u017ei iz Srbiji| Informacije o britanskoj lutriji, kako kupiti ulaznice","description":"Omogu\u0107avamo igra\u010dima lotoa iz Srbiji da kupe ulaznice za britansku lutriju.","robots":{"index":"index","follow":"follow","max-snippet":"max-snippet:-1","max-image-preview":"max-image-preview:large","max-video-preview":"max-video-preview:-1"},"canonical":"https:\/\/onlinelotto365.com\/sr\/kupiti-karte\/kako-kupiti-tikete-za-veliku-britansku-lutriju-online\/","og_locale":"sr_RS","og_type":"article","og_title":"Kupite ulaznice za britansku lutriju na mre\u017ei iz Srbiji| Informacije o britanskoj lutriji, kako kupiti ulaznice","og_description":"Omogu\u0107avamo igra\u010dima lotoa iz Srbiji da kupe ulaznice za britansku lutriju.","og_url":"https:\/\/onlinelotto365.com\/sr\/kupiti-karte\/kako-kupiti-tikete-za-veliku-britansku-lutriju-online\/","og_site_name":"OnlineLotto365","og_image":[{"url":"https:\/\/redfoxlotto.com\/image?size=8&amp;lottery=lotto-uk"}],"twitter_card":"summary_large_image","twitter_misc":{"\u041f\u0440\u043e\u0446\u0435\u045a\u0435\u043d\u043e \u0432\u0440\u0435\u043c\u0435 \u0447\u0438\u0442\u0430\u045a\u0430":"3 \u043c\u0438\u043d\u0443\u0442\u0430"},"schema":{"@context":"https:\/\/schema.org","@graph":[{"@type":"WebPage","@id":"https:\/\/onlinelotto365.com\/sr\/kupiti-karte\/kako-kupiti-tikete-za-veliku-britansku-lutriju-online\/","url":"https:\/\/onlinelotto365.com\/sr\/kupiti-karte\/kako-kupiti-tikete-za-veliku-britansku-lutriju-online\/","name":"Kupite ulaznice za britansku lutriju na mre\u017ei iz Srbiji| Informacije o britanskoj lutriji, kako kupiti ulaznice","isPartOf":{"@id":"https:\/\/onlinelotto365.com\/sr\/#website"},"primaryImageOfPage":{"@id":"https:\/\/onlinelotto365.com\/sr\/kupiti-karte\/kako-kupiti-tikete-za-veliku-britansku-lutriju-online\/#primaryimage"},"image":{"@id":"https:\/\/onlinelotto365.com\/sr\/kupiti-karte\/kako-kupiti-tikete-za-veliku-britansku-lutriju-online\/#primaryimage"},"thumbnailUrl":"https:\/\/redfoxlotto.com\/image?size=8&amp;lottery=lotto-uk","datePublished":"2023-09-25T12:00:42+00:00","dateModified":"2023-09-25T12:00:42+00:00","description":"Omogu\u0107avamo igra\u010dima lotoa iz Srbiji da kupe ulaznice za britansku lutriju.","breadcrumb":{"@id":"https:\/\/onlinelotto365.com\/sr\/kupiti-karte\/kako-kupiti-tikete-za-veliku-britansku-lutriju-online\/#breadcrumb"},"inLanguage":"sr-RS","potentialAction":[{"@type":"ReadAction","target":["https:\/\/onlinelotto365.com\/sr\/kupiti-karte\/kako-kupiti-tikete-za-veliku-britansku-lutriju-online\/"]}]},{"@type":"ImageObject","inLanguage":"sr-RS","@id":"https:\/\/onlinelotto365.com\/sr\/kupiti-karte\/kako-kupiti-tikete-za-veliku-britansku-lutriju-online\/#primaryimage","url":"https:\/\/redfoxlotto.com\/image?size=8&amp;lottery=lotto-uk","contentUrl":"https:\/\/redfoxlotto.com\/image?size=8&amp;lottery=lotto-uk"},{"@type":"BreadcrumbList","@id":"https:\/\/onlinelotto365.com\/sr\/kupiti-karte\/kako-kupiti-tikete-za-veliku-britansku-lutriju-online\/#breadcrumb","itemListElement":[{"@type":"ListItem","position":1,"name":"Home","item":"https:\/\/onlinelotto365.com\/sr\/"},{"@type":"ListItem","position":2,"name":"Kupi Loto Karte Online","item":"https:\/\/onlinelotto365.com\/sr\/buy-tickets\/"},{"@type":"ListItem","position":3,"name":"Kako kupiti tikete za Veliku britansku lutriju online"}]},{"@type":"WebSite","@id":"https:\/\/onlinelotto365.com\/sr\/#website","url":"https:\/\/onlinelotto365.com\/sr\/","name":"OnlineLotto365","description":"","potentialAction":[{"@type":"SearchAction","target":{"@type":"EntryPoint","urlTemplate":"https:\/\/onlinelotto365.com\/sr\/?s={search_term_string}"},"query-input":{"@type":"PropertyValueSpecification","valueRequired":true,"valueName":"search_term_string"}}],"inLanguage":"sr-RS"}]}},"_links":{"self":[{"href":"https:\/\/onlinelotto365.com\/sr\/wp-json\/wp\/v2\/pages\/84101","targetHints":{"allow":["GET"]}}],"collection":[{"href":"https:\/\/onlinelotto365.com\/sr\/wp-json\/wp\/v2\/pages"}],"about":[{"href":"https:\/\/onlinelotto365.com\/sr\/wp-json\/wp\/v2\/types\/page"}],"author":[{"embeddable":true,"href":"https:\/\/onlinelotto365.com\/sr\/wp-json\/wp\/v2\/users\/1"}],"replies":[{"embeddable":true,"href":"https:\/\/onlinelotto365.com\/sr\/wp-json\/wp\/v2\/comments?post=84101"}],"version-history":[{"count":0,"href":"https:\/\/onlinelotto365.com\/sr\/wp-json\/wp\/v2\/pages\/84101\/revisions"}],"up":[{"embeddable":true,"href":"https:\/\/onlinelotto365.com\/sr\/wp-json\/wp\/v2\/pages\/5675"}],"wp:attachment":[{"href":"https:\/\/onlinelotto365.com\/sr\/wp-json\/wp\/v2\/media?parent=84101"}],"curies":[{"name":"wp","href":"https:\/\/api.w.org\/{rel}","templated":true}]}}