{"id":84110,"date":"2023-09-25T14:34:30","date_gmt":"2023-09-25T13:34:30","guid":{"rendered":"https:\/\/onlinelotto365.com\/kupiti-karte\/kako-kupiti-ulaznice-za-set-for-life-online"},"modified":"2023-09-25T14:34:30","modified_gmt":"2023-09-25T13:34:30","slug":"kako-kupiti-ulaznice-za-set-for-life-online","status":"publish","type":"page","link":"https:\/\/onlinelotto365.com\/sr\/kupiti-karte\/kako-kupiti-ulaznice-za-set-for-life-online\/","title":{"rendered":"Kako kupiti ulaznice za Set for life online?"},"content":{"rendered":"<p>Da biste kupili svoje ulaznice za Set for Life sada, treba\u0107e vam znati kako to da uradite. Ako \u017eivite u Velikoj Britaniji, to je jednostavno za vas i verovatno ve\u0107 znate kako da do\u0111ete do ulaznica. Ali \u0161ta je sa igra\u010dima lutrije iz drugih zemalja, kao \u0161to je Srbija? Pa, to je vrlo jednostavan proces i mo\u017eemo vas brzo pokrenuti. Samo pratite korake koje smo naveli ispod. Nakon toga, mo\u017eete dobiti ulaznice koje \u017eelite za naredno izvla\u010denje.<\/p>\n<ol>\n<li>Idite na stranicu lutrije Set for Life i odaberite broj ulaznica koje \u017eelite i izaberite brojeve koje \u017eelite za svaku od tih ulaznica.<\/li>\n<li>Odaberite dodatne ulaznice za Set for Life ili druge lutrije kako biste popunili svoju korpu.<\/li>\n<p><img decoding=\"async\" class=\"aligncenter\" src=\"https:\/\/redfoxlotto.com\/image?size=8&amp;lottery=set-for-life-uk\" alt=\"&quot;Set\" \/><\/p>\n<li>Odaberite opciju za pla\u0107anje sada.<\/li>\n<li>Pratite upute da se prijavite na svoj nalog ili pro\u0111ete kroz proces kreiranja novog naloga.<\/li>\n<li>Zavr\u0161ite proces verifikacije tako \u0161to \u0107ete u\u0107i u svoj nalog i kliknuti na link u svojoj e-po\u0161ti.<\/li>\n<li>Proverite spam folder ako e-po\u0161ta ne stigne u va\u0161u inbox kako biste bili sigurni da ste je primili.<\/li>\n<li>Nakon \u0161to verifikujete svoj nalog, idite u korpu za kupovinu na veb stranici.<\/li>\n<li>Odaberite svoj preferirani na\u010din pla\u0107anja i pro\u0111ite kroz proces pla\u0107anja.<\/li>\n<\/ol>\n<h2>Kako platiti svoju Set for Life ulaznicu online<\/h2>\n<p>Kada je u pitanju pla\u0107anje ulaznica, shvati\u0107ete da nije samo jednostavno ve\u0107 i potpuno sigurno i nudi vam mnogo opcija.<\/p>\n<h2>Mo\u017eete platiti svoje ulaznice na slede\u0107e na\u010dine:<\/h2>\n<ul>\n<li>Direktna kupovina putem odabranog na\u010dina pla\u0107anja<\/li>\n<li>Polo\u017eiti novac na svoj ra\u010dun i koristiti ga za kupovinu<\/li>\n<\/ul>\n<p>Obavezno dodajte malo vi\u0161e novca na svoj ra\u010dun ako odlu\u010dite da ga dopunite, kako biste osigurali da va\u0161 izbor pla\u0107anja pro\u0111e.<\/p>\n<h2>Vi\u0161e informacija o Set for Life<\/h2>\n<p>Zemlja: Velika Britanija Opseg glavnih brojeva: 45 Izaberete: 5 Opseg dodatnih brojeva: 10 Izaberete: 1 Dani izvla\u010denja, sati: Ponedeljak, \u010detvrtak, 20:00 GMT, 21:00 CET Minimalni d\u017eekpot: Maksimalni d\u017eekpot: Verovatno\u0107a osvajanja d\u017eekpota: 1 prema 15.339.390 Verovatno\u0107a osvajanja drugog nivoa nagrade: 1 prema 1.704.377 Verovatno\u0107a osvajanja nagrade na bilo kom nivou: 1 prema 12,4 Broj nivoa nagrada: 8<\/p>\n<h2>Prednosti kupovine Set for Life ulaznica online<\/h2>\n<ul>\n<li>Nikada ne morate napustiti svoj dom da biste kupili ulaznice.<\/li>\n<li>Niste ograni\u010deni na igranje lutrija iz Srbije.<\/li>\n<li>Mo\u017eete birati izme\u0111u razli\u010ditih lutrija iz celog sveta.<\/li>\n<li>Birajte igre sa najve\u0107im d\u017eekpotima kako biste pove\u0107ali svoje \u0161anse.<\/li>\n<li>Koristite saldo svog naloga da biste kupili ulaznice koje \u017eelite.<\/li>\n<li>Uvek pratite svoje ulaznice.<\/li>\n<li>Dobijte obave\u0161tenje ako je va\u0161a ulaznica dobitna.<\/li>\n<li>Ne brinite se o odabiru opcija za brzi izbor ulaznica.<\/li>\n<\/ul>\n<h2>Da li je legalno kupovati Set for Life ulaznice online?<\/h2>\n<p>Ne morate se brinuti o zakonitosti kupovine ulaznica online ili na tradicionalni na\u010din. Mo\u017eete opu\u0161teno da se oslonite na nas da \u0107emo pratiti sve propise zemlje iz koje dolaze ove igre. Sve \u0161to treba da uradite je da kupite ulaznicu, a mi garantujemo da \u0107ete dobiti nagradu ako na nju imate pravo, uklju\u010duju\u0107i i d\u017eekpot. Da biste koristili na\u0161u veb stranicu, morate imati najmanje 18 godina.<\/p>\n<h2>Kako \u0107u biti ispla\u0107en ako osvojim Set for Life online?<\/h2>\n<p>\u017delite da vam bude ispla\u0107en svaki cent koji vam pripada kada ne\u0161to osvojite, i to je upravo ono \u0161to radimo. Pazimo da uvek dobijete sav novac bez provizija i tro\u0161kova koji se oduzimaju od va\u0161ih dobitaka. Jedini put kada \u0107ete ne\u0161to platiti je ako odlu\u010dite da iznos prenesete na svoj bankovni ra\u010dun. Ako banka naplati proviziju, \u0161to se mo\u017ee dogoditi kod me\u0111unarodnih transfera, tada \u0107emo vam naplatiti iznos sa va\u0161eg ra\u010duna. To je jedini razlog za\u0161to oduzimamo bilo \u0161ta od va\u0161ih dobitaka. A ako osvojite, novac \u0107ete dobiti na jedan od samo nekoliko na\u010dina:<\/p>\n<ul>\n<li>Svota ispod 2500 evra je jednostavna jer \u0107e na\u0161 tim za podr\u0161ku novac direktno uplatiti na va\u0161 ra\u010dun.<\/li>\n<li>Svota iznad 2500 evra \u0107e vam tako\u0111e biti laka za isplatu jer \u0107e vam na\u0161 tim za podr\u0161ku pomo\u0107i u procesu. Posla\u0107emo vam obrazac za prijavu kako biste ga popunili i obavestili nas da li \u017eelite da vam novac bude prenet na bankovni ra\u010dun ili da vam bude poslat kao \u010dek<\/li>\n<\/ul>\n","protected":false},"excerpt":{"rendered":"<p>Da biste kupili svoje ulaznice za Set for Life sada, treba\u0107e vam znati kako to da uradite. Ako \u017eivite u Velikoj Britaniji, to je jednostavno za vas i verovatno ve\u0107 znate kako da do\u0111ete do ulaznica. Ali \u0161ta je sa igra\u010dima lutrije iz drugih zemalja, kao \u0161to je Srbija? Pa, to je vrlo jednostavan proces [&hellip;]<\/p>\n","protected":false},"author":1,"featured_media":0,"parent":5675,"menu_order":10,"comment_status":"closed","ping_status":"closed","template":"set-for-life-info.php","meta":{"_et_pb_use_builder":"","_et_pb_old_content":"","_et_gb_content_width":"","exclude_from_search":false,"footnotes":""},"class_list":["post-84110","page","type-page","status-publish","hentry"],"yoast_head":"<!-- This site is optimized with the Yoast SEO plugin v23.4 - https:\/\/yoast.com\/wordpress\/plugins\/seo\/ -->\n<title>Kupite ulaznice za Set for Life online iz Srbije | Informacije o lutriji Set for Life, kako kupiti ulaznice<\/title>\n<meta name=\"description\" content=\"Lutriju Set for Life mo\u017eete osvojiti iz Srbije - kupite ulaznice online ovde\" \/>\n<meta name=\"robots\" content=\"index, follow, max-snippet:-1, max-image-preview:large, max-video-preview:-1\" \/>\n<link rel=\"canonical\" href=\"https:\/\/onlinelotto365.com\/sr\/kupiti-karte\/kako-kupiti-ulaznice-za-set-for-life-online\/\" \/>\n<meta property=\"og:locale\" content=\"sr_RS\" \/>\n<meta property=\"og:type\" content=\"article\" \/>\n<meta property=\"og:title\" content=\"Kupite ulaznice za Set for Life online iz Srbije | Informacije o lutriji Set for Life, kako kupiti ulaznice\" \/>\n<meta property=\"og:description\" content=\"Lutriju Set for Life mo\u017eete osvojiti iz Srbije - kupite ulaznice online ovde\" \/>\n<meta property=\"og:url\" content=\"https:\/\/onlinelotto365.com\/sr\/kupiti-karte\/kako-kupiti-ulaznice-za-set-for-life-online\/\" \/>\n<meta property=\"og:site_name\" content=\"OnlineLotto365\" \/>\n<meta property=\"og:image\" content=\"https:\/\/redfoxlotto.com\/image?size=8&amp;lottery=set-for-life-uk\" \/>\n<meta name=\"twitter:card\" content=\"summary_large_image\" \/>\n<meta name=\"twitter:label1\" content=\"\u041f\u0440\u043e\u0446\u0435\u045a\u0435\u043d\u043e \u0432\u0440\u0435\u043c\u0435 \u0447\u0438\u0442\u0430\u045a\u0430\" \/>\n\t<meta name=\"twitter:data1\" content=\"4 \u043c\u0438\u043d\u0443\u0442\u0430\" \/>\n<script type=\"application\/ld+json\" class=\"yoast-schema-graph\">{\"@context\":\"https:\/\/schema.org\",\"@graph\":[{\"@type\":\"WebPage\",\"@id\":\"https:\/\/onlinelotto365.com\/sr\/kupiti-karte\/kako-kupiti-ulaznice-za-set-for-life-online\/\",\"url\":\"https:\/\/onlinelotto365.com\/sr\/kupiti-karte\/kako-kupiti-ulaznice-za-set-for-life-online\/\",\"name\":\"Kupite ulaznice za Set for Life online iz Srbije | Informacije o lutriji Set for Life, kako kupiti ulaznice\",\"isPartOf\":{\"@id\":\"https:\/\/onlinelotto365.com\/sr\/#website\"},\"primaryImageOfPage\":{\"@id\":\"https:\/\/onlinelotto365.com\/sr\/kupiti-karte\/kako-kupiti-ulaznice-za-set-for-life-online\/#primaryimage\"},\"image\":{\"@id\":\"https:\/\/onlinelotto365.com\/sr\/kupiti-karte\/kako-kupiti-ulaznice-za-set-for-life-online\/#primaryimage\"},\"thumbnailUrl\":\"https:\/\/redfoxlotto.com\/image?size=8&amp;lottery=set-for-life-uk\",\"datePublished\":\"2023-09-25T13:34:30+00:00\",\"dateModified\":\"2023-09-25T13:34:30+00:00\",\"description\":\"Lutriju Set for Life mo\u017eete osvojiti iz Srbije - kupite ulaznice online ovde\",\"breadcrumb\":{\"@id\":\"https:\/\/onlinelotto365.com\/sr\/kupiti-karte\/kako-kupiti-ulaznice-za-set-for-life-online\/#breadcrumb\"},\"inLanguage\":\"sr-RS\",\"potentialAction\":[{\"@type\":\"ReadAction\",\"target\":[\"https:\/\/onlinelotto365.com\/sr\/kupiti-karte\/kako-kupiti-ulaznice-za-set-for-life-online\/\"]}]},{\"@type\":\"ImageObject\",\"inLanguage\":\"sr-RS\",\"@id\":\"https:\/\/onlinelotto365.com\/sr\/kupiti-karte\/kako-kupiti-ulaznice-za-set-for-life-online\/#primaryimage\",\"url\":\"https:\/\/redfoxlotto.com\/image?size=8&amp;lottery=set-for-life-uk\",\"contentUrl\":\"https:\/\/redfoxlotto.com\/image?size=8&amp;lottery=set-for-life-uk\"},{\"@type\":\"BreadcrumbList\",\"@id\":\"https:\/\/onlinelotto365.com\/sr\/kupiti-karte\/kako-kupiti-ulaznice-za-set-for-life-online\/#breadcrumb\",\"itemListElement\":[{\"@type\":\"ListItem\",\"position\":1,\"name\":\"Home\",\"item\":\"https:\/\/onlinelotto365.com\/sr\/\"},{\"@type\":\"ListItem\",\"position\":2,\"name\":\"Kupi Loto Karte Online\",\"item\":\"https:\/\/onlinelotto365.com\/sr\/buy-tickets\/\"},{\"@type\":\"ListItem\",\"position\":3,\"name\":\"Kako kupiti ulaznice za Set for life online?\"}]},{\"@type\":\"WebSite\",\"@id\":\"https:\/\/onlinelotto365.com\/sr\/#website\",\"url\":\"https:\/\/onlinelotto365.com\/sr\/\",\"name\":\"OnlineLotto365\",\"description\":\"\",\"potentialAction\":[{\"@type\":\"SearchAction\",\"target\":{\"@type\":\"EntryPoint\",\"urlTemplate\":\"https:\/\/onlinelotto365.com\/sr\/?s={search_term_string}\"},\"query-input\":{\"@type\":\"PropertyValueSpecification\",\"valueRequired\":true,\"valueName\":\"search_term_string\"}}],\"inLanguage\":\"sr-RS\"}]}<\/script>\n<!-- \/ Yoast SEO plugin. -->","yoast_head_json":{"title":"Kupite ulaznice za Set for Life online iz Srbije | Informacije o lutriji Set for Life, kako kupiti ulaznice","description":"Lutriju Set for Life mo\u017eete osvojiti iz Srbije - kupite ulaznice online ovde","robots":{"index":"index","follow":"follow","max-snippet":"max-snippet:-1","max-image-preview":"max-image-preview:large","max-video-preview":"max-video-preview:-1"},"canonical":"https:\/\/onlinelotto365.com\/sr\/kupiti-karte\/kako-kupiti-ulaznice-za-set-for-life-online\/","og_locale":"sr_RS","og_type":"article","og_title":"Kupite ulaznice za Set for Life online iz Srbije | Informacije o lutriji Set for Life, kako kupiti ulaznice","og_description":"Lutriju Set for Life mo\u017eete osvojiti iz Srbije - kupite ulaznice online ovde","og_url":"https:\/\/onlinelotto365.com\/sr\/kupiti-karte\/kako-kupiti-ulaznice-za-set-for-life-online\/","og_site_name":"OnlineLotto365","og_image":[{"url":"https:\/\/redfoxlotto.com\/image?size=8&amp;lottery=set-for-life-uk"}],"twitter_card":"summary_large_image","twitter_misc":{"\u041f\u0440\u043e\u0446\u0435\u045a\u0435\u043d\u043e \u0432\u0440\u0435\u043c\u0435 \u0447\u0438\u0442\u0430\u045a\u0430":"4 \u043c\u0438\u043d\u0443\u0442\u0430"},"schema":{"@context":"https:\/\/schema.org","@graph":[{"@type":"WebPage","@id":"https:\/\/onlinelotto365.com\/sr\/kupiti-karte\/kako-kupiti-ulaznice-za-set-for-life-online\/","url":"https:\/\/onlinelotto365.com\/sr\/kupiti-karte\/kako-kupiti-ulaznice-za-set-for-life-online\/","name":"Kupite ulaznice za Set for Life online iz Srbije | Informacije o lutriji Set for Life, kako kupiti ulaznice","isPartOf":{"@id":"https:\/\/onlinelotto365.com\/sr\/#website"},"primaryImageOfPage":{"@id":"https:\/\/onlinelotto365.com\/sr\/kupiti-karte\/kako-kupiti-ulaznice-za-set-for-life-online\/#primaryimage"},"image":{"@id":"https:\/\/onlinelotto365.com\/sr\/kupiti-karte\/kako-kupiti-ulaznice-za-set-for-life-online\/#primaryimage"},"thumbnailUrl":"https:\/\/redfoxlotto.com\/image?size=8&amp;lottery=set-for-life-uk","datePublished":"2023-09-25T13:34:30+00:00","dateModified":"2023-09-25T13:34:30+00:00","description":"Lutriju Set for Life mo\u017eete osvojiti iz Srbije - kupite ulaznice online ovde","breadcrumb":{"@id":"https:\/\/onlinelotto365.com\/sr\/kupiti-karte\/kako-kupiti-ulaznice-za-set-for-life-online\/#breadcrumb"},"inLanguage":"sr-RS","potentialAction":[{"@type":"ReadAction","target":["https:\/\/onlinelotto365.com\/sr\/kupiti-karte\/kako-kupiti-ulaznice-za-set-for-life-online\/"]}]},{"@type":"ImageObject","inLanguage":"sr-RS","@id":"https:\/\/onlinelotto365.com\/sr\/kupiti-karte\/kako-kupiti-ulaznice-za-set-for-life-online\/#primaryimage","url":"https:\/\/redfoxlotto.com\/image?size=8&amp;lottery=set-for-life-uk","contentUrl":"https:\/\/redfoxlotto.com\/image?size=8&amp;lottery=set-for-life-uk"},{"@type":"BreadcrumbList","@id":"https:\/\/onlinelotto365.com\/sr\/kupiti-karte\/kako-kupiti-ulaznice-za-set-for-life-online\/#breadcrumb","itemListElement":[{"@type":"ListItem","position":1,"name":"Home","item":"https:\/\/onlinelotto365.com\/sr\/"},{"@type":"ListItem","position":2,"name":"Kupi Loto Karte Online","item":"https:\/\/onlinelotto365.com\/sr\/buy-tickets\/"},{"@type":"ListItem","position":3,"name":"Kako kupiti ulaznice za Set for life online?"}]},{"@type":"WebSite","@id":"https:\/\/onlinelotto365.com\/sr\/#website","url":"https:\/\/onlinelotto365.com\/sr\/","name":"OnlineLotto365","description":"","potentialAction":[{"@type":"SearchAction","target":{"@type":"EntryPoint","urlTemplate":"https:\/\/onlinelotto365.com\/sr\/?s={search_term_string}"},"query-input":{"@type":"PropertyValueSpecification","valueRequired":true,"valueName":"search_term_string"}}],"inLanguage":"sr-RS"}]}},"_links":{"self":[{"href":"https:\/\/onlinelotto365.com\/sr\/wp-json\/wp\/v2\/pages\/84110","targetHints":{"allow":["GET"]}}],"collection":[{"href":"https:\/\/onlinelotto365.com\/sr\/wp-json\/wp\/v2\/pages"}],"about":[{"href":"https:\/\/onlinelotto365.com\/sr\/wp-json\/wp\/v2\/types\/page"}],"author":[{"embeddable":true,"href":"https:\/\/onlinelotto365.com\/sr\/wp-json\/wp\/v2\/users\/1"}],"replies":[{"embeddable":true,"href":"https:\/\/onlinelotto365.com\/sr\/wp-json\/wp\/v2\/comments?post=84110"}],"version-history":[{"count":0,"href":"https:\/\/onlinelotto365.com\/sr\/wp-json\/wp\/v2\/pages\/84110\/revisions"}],"up":[{"embeddable":true,"href":"https:\/\/onlinelotto365.com\/sr\/wp-json\/wp\/v2\/pages\/5675"}],"wp:attachment":[{"href":"https:\/\/onlinelotto365.com\/sr\/wp-json\/wp\/v2\/media?parent=84110"}],"curies":[{"name":"wp","href":"https:\/\/api.w.org\/{rel}","templated":true}]}}