{"id":84119,"date":"2023-09-25T17:40:48","date_gmt":"2023-09-25T16:40:48","guid":{"rendered":"https:\/\/onlinelotto365.com\/kupiti-karte\/kako-kupiti-ulaznice-za-nemacki-loto-online"},"modified":"2023-09-25T17:40:48","modified_gmt":"2023-09-25T16:40:48","slug":"kako-kupiti-ulaznice-za-nemacki-loto-online","status":"publish","type":"page","link":"https:\/\/onlinelotto365.com\/sr\/kupiti-karte\/kako-kupiti-ulaznice-za-nemacki-loto-online\/","title":{"rendered":"Kako kupiti ulaznice za nema\u010dki Loto online?"},"content":{"rendered":"<p>Niste sasvim sigurni kako da kupite nema\u010dke Loto ulaznice online? Onda ste do\u0161li na pravo mesto, jer \u0107emo vas provesti kroz izuzetno jednostavan proces kako biste do\u0161li od \u017eelje za tim ulaznicama dok se nalazite u Srbiji do \u010dekanja izvla\u010denja da biste videli da li ste osvojili ne\u0161to veliko.<\/p>\n<ol>\n<li>Posetite veb stranicu Loto igre koju \u017eelite igrati i odaberite broj ulaznica koje \u017eelite i brojeve koje \u017eelite igrati.<\/li>\n<li>Nabavite koliko god ulaznica \u017eelite za tu igru i za druge igre.<\/li>\n<li>Kliknite na dugme &#8222;Plati sada&#8220;.<\/li>\n<li>Prijavite se na svoj postoje\u0107i nalog kako biste obradili uplatu ili kreirajte novi nalog i zavr\u0161ite proces registracije.<\/li>\n<p><img decoding=\"async\" class=\"aligncenter\" src=\"https:\/\/redfoxlotto.com\/image?size=8&amp;lottery=lotto-6aus49\" alt=\"German Lotto 6aus49\" \/><\/p>\n<li>Oni koji treba da kreiraju nalog tako\u0111e \u0107e morati da ga verifikuju putem svog e-po\u0161tnog naloga.<\/li>\n<li>Obavezno proverite i svoj inbox i spam folder kako biste videli da li je e-po\u0161ta poslata tamo i kliknite na link.<\/li>\n<li>Nakon \u0161to ste verifikovali svoj nalog, idite u korpu za kupovinu kako biste kupili \u017eeljene proizvode.<\/li>\n<li>Pratite upute koje su pru\u017eene za proces pla\u0107anja.<\/li>\n<\/ol>\n<h2>Kako platiti svoju nema\u010dku Loto ulaznicu online<\/h2>\n<p><img loading=\"lazy\" decoding=\"async\" class=\"alignright wp-image-3633\" src=\"https:\/\/onlinelotto365.com\/wp-content\/uploads\/2020\/11\/online_lottery-41-300x102.jpg\" alt=\"Nema\u010dki Loto online u Velikoj Britaniji\" width=\"376\" height=\"128\" srcset=\"https:\/\/onlinelotto365.com\/wp-content\/uploads\/2020\/11\/online_lottery-41-300x102.jpg 300w, https:\/\/onlinelotto365.com\/wp-content\/uploads\/2020\/11\/online_lottery-41.jpg 593w\" sizes=\"auto, (max-width: 376px) 100vw, 376px\" \/><br \/>\nMo\u017eete birati izme\u0111u nekoliko potpuno sigurnih opcija pla\u0107anja kada do\u0111e vreme za pla\u0107anje ulaznica.<\/p>\n<h5>Svaka od ovih opcija spada u jednu od dve razli\u010dite kategorije:<\/h5\n\n\n<ul>\n<li>Pla\u0107anje ulaznica putem odabrane metode pla\u0107anja prilikom kupovine<\/li>\n<li>Pla\u0107anje ulaznica dodavanjem novca na svoj korisni\u010dki ra\u010dun i kori\u0161\u0107enje tog novca za kupovinu<\/li>\n<\/ul>\n<p>Obezbedite da, ako dodajete novac na svoj ra\u010dun, dodate dovoljno da pokrijete tro\u0161kove trenutne transakcije kako bi bila odobrena.<\/p>\n<h2>Vi\u0161e informacija o nema\u010dkom Loto-u<\/h2>\n<ul>\n<li>Zemlja: Nema\u010dka<\/li>\n<li>Opseg glavnih brojeva: 49<\/li>\n<li>Vi birate: 6 brojeva<\/li>\n<li>Dodatni broj \u0107e biti automatski odabran za vas<\/li>\n<li>Dani i sati izvla\u010denja: Subota, 20:25 CET, 20:25 CET<\/li>\n<li>Minimalni d\u017eekpot: 1 milion evra<\/li>\n<li>Maksimalni d\u017eekpot: nakon 12 izvla\u010denja<\/li>\n<li>Verovatno\u0107a osvajanja d\u017eekpota: 1 u 125.854.344<\/li>\n<li>Verovatno\u0107a osvajanja nagrade druge kategorije: 1 u 13.983.816<\/li>\n<li>Verovatno\u0107a osvajanja nagrade u bilo kojoj kategoriji: 1 u 31<\/li>\n<li>Broj nivoa nagrada: 9<\/li>\n<\/ul>\n<h2>Prednosti kupovine nema\u010dkih Loto ulaznica online<\/h2>\n<ul>\n<li>Nabavite ulaznice iz udobnosti svog doma<\/li>\n<li>Imate pristup svim vrstama lutrijskih igara koje \u017eelite<\/li>\n<li>Pove\u0107ajte svoje \u0161anse za najve\u0107im d\u017eekpotima izborom pravih igara<\/li>\n<li>Imate jednostavne opcije pla\u0107anja dodavanjem novca direktno na svoj korisni\u010dki ra\u010dun za kupovinu<\/li>\n<li>Olak\u0161ajte \u010duvanje svih svojih Loto ulaznica<\/li>\n<li>Dobijate trenutno obave\u0161tenje o dobitku<\/li>\n<li>Imate jednostavne opcije za brzi izbor brojeva<\/li>\n<\/ul>\n<h2>Da li je legalno kupovati nema\u010dke Loto ulaznice online?<\/h2>\n<p>Ako ste zabrinuti zbog kupovine ulaznica online jer se nalazite u Srbiji i ne znate pravila, ne morate da brinete. Mi vam mo\u017eemo pomo\u0107i da se oslobodite tog tereta jer se pobrinemo da se prate sve regulative zemlje iz koje dolazi lutrija. Ovo vam poma\u017ee da se ose\u0107ate sigurnije i garantuje da \u0107e vam sva osvojena sredstva biti ispla\u0107ena direktno vama. Jedini uslov je da imate 18 ili vi\u0161e godina kako biste mogli da igrate.<\/p>\n<h2>Kako da dobijem isplatu ako osvojim nema\u010dki Loto online?<\/h2>\n<p>Kada je u pitanju isplata va\u0161ih dobitaka, ve\u0107 znamo da ne \u017eelite da se odreknete ni\u010dega. \u017delite da dobijete sve \u0161to vam pripada i mi vam mo\u017eemo pomo\u0107i u tome. Zapravo, mo\u017eemo vas odmah uputiti jer ne\u0107emo uzeti proviziju od va\u0161ih dobitaka.<\/p>\n<p>Tako\u0111e, ne\u0107emo vam naplatiti nikakve naknade. To zna\u010di da, osim ako odlu\u010dite da prenesete novac na svoj bankovni ra\u010dun, ne\u0107emo vam naplatiti naknadu za ni\u0161ta \u0161to radimo. Ako izaberete bankovni transfer, napla\u0107ujemo naknadu jer va\u0161a banka napla\u0107uje takvu uslugu.<\/p>\n<h2>\u0160ta se de\u0161ava kada osvojite:<\/h2>\n<ul>\n<li>Za one koji osvoje manje od 2500 evra, ne morate ni\u0161ta da radite. Mi brinemo o svemu tako \u0161to novac stavljamo na va\u0161 ra\u010dun.<\/li>\n<li>Za one koji osvoje vi\u0161e od 2500 evra, dobi\u0107ete obrazac za prijavu od na\u0161eg tima za podr\u0161ku. Taj obrazac \u0107e vam omogu\u0107iti da odlu\u010dite da li \u017eelite da budete ispla\u0107eni \u010dekom ili bankovnim transferom. Zatim, samo sedite i \u010dekajte da novac stigne u narednih nekoliko dana.<\/li>\n<\/ul>\n","protected":false},"excerpt":{"rendered":"<p>Niste sasvim sigurni kako da kupite nema\u010dke Loto ulaznice online? Onda ste do\u0161li na pravo mesto, jer \u0107emo vas provesti kroz izuzetno jednostavan proces kako biste do\u0161li od \u017eelje za tim ulaznicama dok se nalazite u Srbiji do \u010dekanja izvla\u010denja da biste videli da li ste osvojili ne\u0161to veliko. Posetite veb stranicu Loto igre koju [&hellip;]<\/p>\n","protected":false},"author":1,"featured_media":0,"parent":5675,"menu_order":11,"comment_status":"closed","ping_status":"closed","template":"lotto-german-info.php","meta":{"_et_pb_use_builder":"","_et_pb_old_content":"","_et_gb_content_width":"","exclude_from_search":false,"footnotes":""},"class_list":["post-84119","page","type-page","status-publish","hentry"],"yoast_head":"<!-- This site is optimized with the Yoast SEO plugin v23.4 - https:\/\/yoast.com\/wordpress\/plugins\/seo\/ -->\n<title>Sada mo\u017eete kupiti nema\u010dke Loto karte putem interneta iz Srbije.<\/title>\n<meta name=\"description\" content=\"Ako \u017eivite u Srbiji, i dalje mo\u017eete kupiti nema\u010dke Loto karte putem interneta.\" \/>\n<meta name=\"robots\" content=\"index, follow, max-snippet:-1, max-image-preview:large, max-video-preview:-1\" \/>\n<link rel=\"canonical\" href=\"https:\/\/onlinelotto365.com\/sr\/kupiti-karte\/kako-kupiti-ulaznice-za-nemacki-loto-online\/\" \/>\n<meta property=\"og:locale\" content=\"sr_RS\" \/>\n<meta property=\"og:type\" content=\"article\" \/>\n<meta property=\"og:title\" content=\"Sada mo\u017eete kupiti nema\u010dke Loto karte putem interneta iz Srbije.\" \/>\n<meta property=\"og:description\" content=\"Ako \u017eivite u Srbiji, i dalje mo\u017eete kupiti nema\u010dke Loto karte putem interneta.\" \/>\n<meta property=\"og:url\" content=\"https:\/\/onlinelotto365.com\/sr\/kupiti-karte\/kako-kupiti-ulaznice-za-nemacki-loto-online\/\" \/>\n<meta property=\"og:site_name\" content=\"OnlineLotto365\" \/>\n<meta property=\"og:image\" content=\"https:\/\/redfoxlotto.com\/image?size=8&amp;lottery=lotto-6aus49\" \/>\n<meta name=\"twitter:card\" content=\"summary_large_image\" \/>\n<meta name=\"twitter:label1\" content=\"\u041f\u0440\u043e\u0446\u0435\u045a\u0435\u043d\u043e \u0432\u0440\u0435\u043c\u0435 \u0447\u0438\u0442\u0430\u045a\u0430\" \/>\n\t<meta name=\"twitter:data1\" content=\"1 \u043c\u0438\u043d\u0443\u0442\" \/>\n<script type=\"application\/ld+json\" class=\"yoast-schema-graph\">{\"@context\":\"https:\/\/schema.org\",\"@graph\":[{\"@type\":\"WebPage\",\"@id\":\"https:\/\/onlinelotto365.com\/sr\/kupiti-karte\/kako-kupiti-ulaznice-za-nemacki-loto-online\/\",\"url\":\"https:\/\/onlinelotto365.com\/sr\/kupiti-karte\/kako-kupiti-ulaznice-za-nemacki-loto-online\/\",\"name\":\"Sada mo\u017eete kupiti nema\u010dke Loto karte putem interneta iz Srbije.\",\"isPartOf\":{\"@id\":\"https:\/\/onlinelotto365.com\/sr\/#website\"},\"primaryImageOfPage\":{\"@id\":\"https:\/\/onlinelotto365.com\/sr\/kupiti-karte\/kako-kupiti-ulaznice-za-nemacki-loto-online\/#primaryimage\"},\"image\":{\"@id\":\"https:\/\/onlinelotto365.com\/sr\/kupiti-karte\/kako-kupiti-ulaznice-za-nemacki-loto-online\/#primaryimage\"},\"thumbnailUrl\":\"https:\/\/redfoxlotto.com\/image?size=8&amp;lottery=lotto-6aus49\",\"datePublished\":\"2023-09-25T16:40:48+00:00\",\"dateModified\":\"2023-09-25T16:40:48+00:00\",\"description\":\"Ako \u017eivite u Srbiji, i dalje mo\u017eete kupiti nema\u010dke Loto karte putem interneta.\",\"breadcrumb\":{\"@id\":\"https:\/\/onlinelotto365.com\/sr\/kupiti-karte\/kako-kupiti-ulaznice-za-nemacki-loto-online\/#breadcrumb\"},\"inLanguage\":\"sr-RS\",\"potentialAction\":[{\"@type\":\"ReadAction\",\"target\":[\"https:\/\/onlinelotto365.com\/sr\/kupiti-karte\/kako-kupiti-ulaznice-za-nemacki-loto-online\/\"]}]},{\"@type\":\"ImageObject\",\"inLanguage\":\"sr-RS\",\"@id\":\"https:\/\/onlinelotto365.com\/sr\/kupiti-karte\/kako-kupiti-ulaznice-za-nemacki-loto-online\/#primaryimage\",\"url\":\"https:\/\/redfoxlotto.com\/image?size=8&amp;lottery=lotto-6aus49\",\"contentUrl\":\"https:\/\/redfoxlotto.com\/image?size=8&amp;lottery=lotto-6aus49\"},{\"@type\":\"BreadcrumbList\",\"@id\":\"https:\/\/onlinelotto365.com\/sr\/kupiti-karte\/kako-kupiti-ulaznice-za-nemacki-loto-online\/#breadcrumb\",\"itemListElement\":[{\"@type\":\"ListItem\",\"position\":1,\"name\":\"Home\",\"item\":\"https:\/\/onlinelotto365.com\/sr\/\"},{\"@type\":\"ListItem\",\"position\":2,\"name\":\"Kupi Loto Karte Online\",\"item\":\"https:\/\/onlinelotto365.com\/sr\/buy-tickets\/\"},{\"@type\":\"ListItem\",\"position\":3,\"name\":\"Kako kupiti ulaznice za nema\u010dki Loto online?\"}]},{\"@type\":\"WebSite\",\"@id\":\"https:\/\/onlinelotto365.com\/sr\/#website\",\"url\":\"https:\/\/onlinelotto365.com\/sr\/\",\"name\":\"OnlineLotto365\",\"description\":\"\",\"potentialAction\":[{\"@type\":\"SearchAction\",\"target\":{\"@type\":\"EntryPoint\",\"urlTemplate\":\"https:\/\/onlinelotto365.com\/sr\/?s={search_term_string}\"},\"query-input\":{\"@type\":\"PropertyValueSpecification\",\"valueRequired\":true,\"valueName\":\"search_term_string\"}}],\"inLanguage\":\"sr-RS\"}]}<\/script>\n<!-- \/ Yoast SEO plugin. -->","yoast_head_json":{"title":"Sada mo\u017eete kupiti nema\u010dke Loto karte putem interneta iz Srbije.","description":"Ako \u017eivite u Srbiji, i dalje mo\u017eete kupiti nema\u010dke Loto karte putem interneta.","robots":{"index":"index","follow":"follow","max-snippet":"max-snippet:-1","max-image-preview":"max-image-preview:large","max-video-preview":"max-video-preview:-1"},"canonical":"https:\/\/onlinelotto365.com\/sr\/kupiti-karte\/kako-kupiti-ulaznice-za-nemacki-loto-online\/","og_locale":"sr_RS","og_type":"article","og_title":"Sada mo\u017eete kupiti nema\u010dke Loto karte putem interneta iz Srbije.","og_description":"Ako \u017eivite u Srbiji, i dalje mo\u017eete kupiti nema\u010dke Loto karte putem interneta.","og_url":"https:\/\/onlinelotto365.com\/sr\/kupiti-karte\/kako-kupiti-ulaznice-za-nemacki-loto-online\/","og_site_name":"OnlineLotto365","og_image":[{"url":"https:\/\/redfoxlotto.com\/image?size=8&amp;lottery=lotto-6aus49"}],"twitter_card":"summary_large_image","twitter_misc":{"\u041f\u0440\u043e\u0446\u0435\u045a\u0435\u043d\u043e \u0432\u0440\u0435\u043c\u0435 \u0447\u0438\u0442\u0430\u045a\u0430":"1 \u043c\u0438\u043d\u0443\u0442"},"schema":{"@context":"https:\/\/schema.org","@graph":[{"@type":"WebPage","@id":"https:\/\/onlinelotto365.com\/sr\/kupiti-karte\/kako-kupiti-ulaznice-za-nemacki-loto-online\/","url":"https:\/\/onlinelotto365.com\/sr\/kupiti-karte\/kako-kupiti-ulaznice-za-nemacki-loto-online\/","name":"Sada mo\u017eete kupiti nema\u010dke Loto karte putem interneta iz Srbije.","isPartOf":{"@id":"https:\/\/onlinelotto365.com\/sr\/#website"},"primaryImageOfPage":{"@id":"https:\/\/onlinelotto365.com\/sr\/kupiti-karte\/kako-kupiti-ulaznice-za-nemacki-loto-online\/#primaryimage"},"image":{"@id":"https:\/\/onlinelotto365.com\/sr\/kupiti-karte\/kako-kupiti-ulaznice-za-nemacki-loto-online\/#primaryimage"},"thumbnailUrl":"https:\/\/redfoxlotto.com\/image?size=8&amp;lottery=lotto-6aus49","datePublished":"2023-09-25T16:40:48+00:00","dateModified":"2023-09-25T16:40:48+00:00","description":"Ako \u017eivite u Srbiji, i dalje mo\u017eete kupiti nema\u010dke Loto karte putem interneta.","breadcrumb":{"@id":"https:\/\/onlinelotto365.com\/sr\/kupiti-karte\/kako-kupiti-ulaznice-za-nemacki-loto-online\/#breadcrumb"},"inLanguage":"sr-RS","potentialAction":[{"@type":"ReadAction","target":["https:\/\/onlinelotto365.com\/sr\/kupiti-karte\/kako-kupiti-ulaznice-za-nemacki-loto-online\/"]}]},{"@type":"ImageObject","inLanguage":"sr-RS","@id":"https:\/\/onlinelotto365.com\/sr\/kupiti-karte\/kako-kupiti-ulaznice-za-nemacki-loto-online\/#primaryimage","url":"https:\/\/redfoxlotto.com\/image?size=8&amp;lottery=lotto-6aus49","contentUrl":"https:\/\/redfoxlotto.com\/image?size=8&amp;lottery=lotto-6aus49"},{"@type":"BreadcrumbList","@id":"https:\/\/onlinelotto365.com\/sr\/kupiti-karte\/kako-kupiti-ulaznice-za-nemacki-loto-online\/#breadcrumb","itemListElement":[{"@type":"ListItem","position":1,"name":"Home","item":"https:\/\/onlinelotto365.com\/sr\/"},{"@type":"ListItem","position":2,"name":"Kupi Loto Karte Online","item":"https:\/\/onlinelotto365.com\/sr\/buy-tickets\/"},{"@type":"ListItem","position":3,"name":"Kako kupiti ulaznice za nema\u010dki Loto online?"}]},{"@type":"WebSite","@id":"https:\/\/onlinelotto365.com\/sr\/#website","url":"https:\/\/onlinelotto365.com\/sr\/","name":"OnlineLotto365","description":"","potentialAction":[{"@type":"SearchAction","target":{"@type":"EntryPoint","urlTemplate":"https:\/\/onlinelotto365.com\/sr\/?s={search_term_string}"},"query-input":{"@type":"PropertyValueSpecification","valueRequired":true,"valueName":"search_term_string"}}],"inLanguage":"sr-RS"}]}},"_links":{"self":[{"href":"https:\/\/onlinelotto365.com\/sr\/wp-json\/wp\/v2\/pages\/84119","targetHints":{"allow":["GET"]}}],"collection":[{"href":"https:\/\/onlinelotto365.com\/sr\/wp-json\/wp\/v2\/pages"}],"about":[{"href":"https:\/\/onlinelotto365.com\/sr\/wp-json\/wp\/v2\/types\/page"}],"author":[{"embeddable":true,"href":"https:\/\/onlinelotto365.com\/sr\/wp-json\/wp\/v2\/users\/1"}],"replies":[{"embeddable":true,"href":"https:\/\/onlinelotto365.com\/sr\/wp-json\/wp\/v2\/comments?post=84119"}],"version-history":[{"count":0,"href":"https:\/\/onlinelotto365.com\/sr\/wp-json\/wp\/v2\/pages\/84119\/revisions"}],"up":[{"embeddable":true,"href":"https:\/\/onlinelotto365.com\/sr\/wp-json\/wp\/v2\/pages\/5675"}],"wp:attachment":[{"href":"https:\/\/onlinelotto365.com\/sr\/wp-json\/wp\/v2\/media?parent=84119"}],"curies":[{"name":"wp","href":"https:\/\/api.w.org\/{rel}","templated":true}]}}