{"id":84128,"date":"2023-09-25T19:46:43","date_gmt":"2023-09-25T18:46:43","guid":{"rendered":"https:\/\/onlinelotto365.com\/kupiti-karte\/kako-kupiti-mega-sena-brazil-ulaznice-putem-interneta"},"modified":"2023-09-25T19:46:43","modified_gmt":"2023-09-25T18:46:43","slug":"kako-kupiti-mega-sena-brazil-ulaznice-putem-interneta","status":"publish","type":"page","link":"https:\/\/onlinelotto365.com\/sr\/kupiti-karte\/kako-kupiti-mega-sena-brazil-ulaznice-putem-interneta\/","title":{"rendered":"Kako kupiti Mega-Sena Brazil ulaznice putem interneta"},"content":{"rendered":"<p>\u017delite li znati kako mo\u017eete do\u0107i do ulaznica koje vam trebaju za Mega-Senu, iako \u017eivite u Srbiji ili bilo kojoj drugoj zemlji izvan Brazila? Pa, onda \u0107ete \u017eeleti da pro\u010ditate malo dalje jer mo\u017eemo da vam pomognemo u celom procesu i osiguramo da \u0107ete brzo do\u0107i do ulaznica koje \u017eelite za sve igre koje \u017eelite igrati.<\/p>\n<ul>\n<li>Sve \u0161to treba da uradite da biste po\u010deli je da izaberete igru koju \u017eelite igrati i izaberete brojeve ulaznica koje \u017eelite za tu igru.<\/li>\n<p><img decoding=\"async\" class=\"aligncenter\" src=\"https:\/\/redfoxlotto.com\/image?size=8&amp;lottery=mega-sena\" alt=\"mega-sena\" \/><\/p>\n<li>Dodajte koliko god \u017eelite ulaznica za tu igru ili bilo koju drugu igru koju \u017eelite igrati.<\/li>\n<li>Kliknite na dugme za po\u010detak procesa kupovine.<\/li>\n<li>Prijavite se na svoj postoje\u0107i nalog ili napravite novi nalog kako biste kupili ulaznice.<\/li>\n<li>Ako morate da napravite novi nalog, mora\u0107ete da pro\u0111ete kroz proces registracije. Verifikacioni link \u0107e vam biti poslat na va\u0161u email adresu.<\/li>\n<li>Ako email ne stigne u va\u0161 inbox, proverite spam folder da biste bili sigurni da je primljen.<\/li>\n<li>Kada verifikujete svoj nalog, idite na korpu za kupovinu na veb sajtu.<\/li>\n<li>Sledite uputstva za pla\u0107anje ulaznica putem izabranog na\u010dina pla\u0107anja.<\/li>\n<\/ul>\n<h2>Kako platiti svoje Mega-Sena ulaznice putem interneta<\/h2>\n<p><img loading=\"lazy\" decoding=\"async\" class=\"alignright wp-image-3660\" src=\"https:\/\/onlinelotto365.com\/wp-content\/uploads\/2020\/11\/online_lottery-133-300x212.jpg\" alt=\"Mega-Sena putem interneta u Velikoj Britaniji\" width=\"177\" height=\"125\" srcset=\"https:\/\/onlinelotto365.com\/wp-content\/uploads\/2020\/11\/online_lottery-133-300x212.jpg 300w, https:\/\/onlinelotto365.com\/wp-content\/uploads\/2020\/11\/online_lottery-133.jpg 320w\" sizes=\"auto, (max-width: 177px) 100vw, 177px\" \/><br \/>\nVa\u017eno vam je da platite svoje ulaznice na siguran na\u010din i mi vam to olak\u0161avamo pru\u017eaju\u0107i vam mnogo razli\u010ditih opcija direktnog pla\u0107anja, kao i sekundarnu opciju za kupovinu ulaznica. Samo treba da izaberete jednu od slede\u0107ih opcija:<\/p>\n<ul>\n<li>Platite direktno koriste\u0107i svoj omiljeni na\u010din pla\u0107anja.<\/li>\n<li>Dodajte novac na svoj korisni\u010dki ra\u010dun kako biste direktno kupili ulaznice sa ra\u010duna.<\/li>\n<\/ul>\n<p>Obavezno dodajte malo vi\u0161e novca na svoj korisni\u010dki ra\u010dun ako \u0107ete izabrati tu opciju. Na taj na\u010din \u0107e stanje na va\u0161em ra\u010dunu biti dovoljno da plati kupovinu.<\/p>\n<h2>Vi\u0161e informacija o Mega-Sena<\/h2>\n<ul>\n<li>Dr\u017eava: Brazil<\/li>\n<li>Raspon glavnih brojeva: 60<\/li>\n<li>Izaberete: 6<\/li>\n<li>Dani i sati izvla\u010denja: Sreda, Subota, 20:00 GMT -3, 24:00 CET<\/li>\n<li>Minimalni d\u017eekpot: R$ 2 miliona<\/li>\n<li>Maksimalni d\u017eekpot: nema<\/li>\n<li>Verovatno\u0107a za osvajanje d\u017eekpota: 1 u 50063860<\/li>\n<li>Verovatno\u0107a za osvajanje drugog nivoa nagrada: 1 u 15451809<\/li>\n<li>Verovatno\u0107a za osvajanje nagrade na bilo kom nivou: 1 u 2297,56<\/li>\n<li>Broj nivoa nagrada: 3<\/li>\n<\/ul>\n<h2>Prednosti kupovine Mega-Sena ulaznica putem interneta<\/h2>\n<ul>\n<li>Nije potrebno putovanje &#8211; samo kupite ulaznice od ku\u0107e.<\/li>\n<li>Izaberite razli\u010dite lutrijske igre po svojoj \u017eelji.<\/li>\n<li>Dobijte najbolje \u0161anse za osvajanje igara sa visokim d\u017eekpotima.<\/li>\n<li>Dodajte novac direktno na svoj korisni\u010dki ra\u010dun kako biste ga koristili za kupovinu.<\/li>\n<li>Lako pratite svoje ulaznice.<\/li>\n<li>Primate obave\u0161tenja kada osvojite na svojim ulaznicama.<\/li>\n<li>Koristite opciju brze selekcije kako biste dobili ulaznice bez odabira brojeva.<\/li>\n<\/ul>\n<h2>Da li je legalno kupiti Mega-Sena ulaznice putem interneta?<\/h2>\n<p>Mnogi se brinu da li mogu ili ne mogu kupiti Mega Sena loto ulaznice putem interneta jer \u017eive u Srbiji. Ili mo\u017eda \u017eive u drugoj zemlji, ali ne u Brazilu. Mi vam poma\u017eemo da se brinete o nekim od tih briga tako \u0161to se osiguravamo da sve \u0161to radimo zasniva na regulativama zemlje koja sprovodi lutriju. Ovo vam olak\u0161ava kupovinu ulaznica i ose\u0107ate se udobno tokom procesa. Tako\u0111e, garantujemo da \u0107ete dobiti sav novac koji osvojite, uklju\u010duju\u0107i i d\u017eekpot.<\/p>\n<p>Kako \u0107u biti ispla\u0107en ako osvojim Mega-Sena putem interneta?<\/p>\n<p>Kada je re\u010d o isplati dobitnicima, mi to radimo na najbolji na\u010din tako \u0161to vam dajemo svaki cent. Ne morate nam pla\u0107ati proviziju za bilo koji iznos koji osvojite, bilo da je u pitanju mala nagrada ili \u010dak d\u017eekpot. Tako\u0111e, ne morate nam pla\u0107ati nikakve naknade osim ako izaberete bankovni transfer. Za sve ostale na\u010dine pla\u0107anja, dobi\u0107ete sav novac koji osvojite. Kod bankovnih transfera, ponekad nam banke napla\u0107uju naknade, a ta naknada se oduzima iz va\u0161eg dobitka tokom procesa transfera.<\/p>\n<h5>Kada osvojite, trebali biste znati postupak koji se sprovodi kako biste dobili novac:<\/h5>\n<ul>\n<li>Svi koji osvoje manje od 2500 evra dobi\u0107e novac direktno upla\u0107en na svoj ra\u010dun, bez dodatnih koraka.<\/li>\n<li>Oni koji osvoje vi\u0161e od 2500 evra \u0107e dobiti zahtev za isplatu od na\u0161e podr\u0161ke. To \u0107e vam omogu\u0107iti da dobijete novac na jedan od dva na\u010dina. Mo\u017eete izabrati da dobijete \u010dek za pun iznos ili da se izvr\u0161i bankovni transfer. Na bilo koji na\u010din, novac \u0107e vam biti preba\u010den u roku od nekoliko dana, uklju\u010duju\u0107i i Srbiju.<\/li>\n<\/ul>\n","protected":false},"excerpt":{"rendered":"<p>\u017delite li znati kako mo\u017eete do\u0107i do ulaznica koje vam trebaju za Mega-Senu, iako \u017eivite u Srbiji ili bilo kojoj drugoj zemlji izvan Brazila? Pa, onda \u0107ete \u017eeleti da pro\u010ditate malo dalje jer mo\u017eemo da vam pomognemo u celom procesu i osiguramo da \u0107ete brzo do\u0107i do ulaznica koje \u017eelite za sve igre koje \u017eelite [&hellip;]<\/p>\n","protected":false},"author":1,"featured_media":0,"parent":5675,"menu_order":12,"comment_status":"closed","ping_status":"closed","template":"megasena-info.php","meta":{"_et_pb_use_builder":"","_et_pb_old_content":"","_et_gb_content_width":"","exclude_from_search":false,"footnotes":""},"class_list":["post-84128","page","type-page","status-publish","hentry"],"yoast_head":"<!-- This site is optimized with the Yoast SEO plugin v23.4 - https:\/\/yoast.com\/wordpress\/plugins\/seo\/ -->\n<title>Kupite karte za Mega-Senu putem interneta iz Srbije | O Mega-Seni i kako do\u0107i do karata<\/title>\n<meta name=\"description\" content=\"Ovo je sjavna lutrija iz Brazila - i sada mo\u017eete kupiti karte putem interneta.\" \/>\n<meta name=\"robots\" content=\"index, follow, max-snippet:-1, max-image-preview:large, max-video-preview:-1\" \/>\n<link rel=\"canonical\" href=\"https:\/\/onlinelotto365.com\/sr\/kupiti-karte\/kako-kupiti-mega-sena-brazil-ulaznice-putem-interneta\/\" \/>\n<meta property=\"og:locale\" content=\"sr_RS\" \/>\n<meta property=\"og:type\" content=\"article\" \/>\n<meta property=\"og:title\" content=\"Kupite karte za Mega-Senu putem interneta iz Srbije | O Mega-Seni i kako do\u0107i do karata\" \/>\n<meta property=\"og:description\" content=\"Ovo je sjavna lutrija iz Brazila - i sada mo\u017eete kupiti karte putem interneta.\" \/>\n<meta property=\"og:url\" content=\"https:\/\/onlinelotto365.com\/sr\/kupiti-karte\/kako-kupiti-mega-sena-brazil-ulaznice-putem-interneta\/\" \/>\n<meta property=\"og:site_name\" content=\"OnlineLotto365\" \/>\n<meta property=\"og:image\" content=\"https:\/\/redfoxlotto.com\/image?size=8&amp;lottery=mega-sena\" \/>\n<meta name=\"twitter:card\" content=\"summary_large_image\" \/>\n<meta name=\"twitter:label1\" content=\"\u041f\u0440\u043e\u0446\u0435\u045a\u0435\u043d\u043e \u0432\u0440\u0435\u043c\u0435 \u0447\u0438\u0442\u0430\u045a\u0430\" \/>\n\t<meta name=\"twitter:data1\" content=\"4 \u043c\u0438\u043d\u0443\u0442\u0430\" \/>\n<script type=\"application\/ld+json\" class=\"yoast-schema-graph\">{\"@context\":\"https:\/\/schema.org\",\"@graph\":[{\"@type\":\"WebPage\",\"@id\":\"https:\/\/onlinelotto365.com\/sr\/kupiti-karte\/kako-kupiti-mega-sena-brazil-ulaznice-putem-interneta\/\",\"url\":\"https:\/\/onlinelotto365.com\/sr\/kupiti-karte\/kako-kupiti-mega-sena-brazil-ulaznice-putem-interneta\/\",\"name\":\"Kupite karte za Mega-Senu putem interneta iz Srbije | O Mega-Seni i kako do\u0107i do karata\",\"isPartOf\":{\"@id\":\"https:\/\/onlinelotto365.com\/sr\/#website\"},\"primaryImageOfPage\":{\"@id\":\"https:\/\/onlinelotto365.com\/sr\/kupiti-karte\/kako-kupiti-mega-sena-brazil-ulaznice-putem-interneta\/#primaryimage\"},\"image\":{\"@id\":\"https:\/\/onlinelotto365.com\/sr\/kupiti-karte\/kako-kupiti-mega-sena-brazil-ulaznice-putem-interneta\/#primaryimage\"},\"thumbnailUrl\":\"https:\/\/redfoxlotto.com\/image?size=8&amp;lottery=mega-sena\",\"datePublished\":\"2023-09-25T18:46:43+00:00\",\"dateModified\":\"2023-09-25T18:46:43+00:00\",\"description\":\"Ovo je sjavna lutrija iz Brazila - i sada mo\u017eete kupiti karte putem interneta.\",\"breadcrumb\":{\"@id\":\"https:\/\/onlinelotto365.com\/sr\/kupiti-karte\/kako-kupiti-mega-sena-brazil-ulaznice-putem-interneta\/#breadcrumb\"},\"inLanguage\":\"sr-RS\",\"potentialAction\":[{\"@type\":\"ReadAction\",\"target\":[\"https:\/\/onlinelotto365.com\/sr\/kupiti-karte\/kako-kupiti-mega-sena-brazil-ulaznice-putem-interneta\/\"]}]},{\"@type\":\"ImageObject\",\"inLanguage\":\"sr-RS\",\"@id\":\"https:\/\/onlinelotto365.com\/sr\/kupiti-karte\/kako-kupiti-mega-sena-brazil-ulaznice-putem-interneta\/#primaryimage\",\"url\":\"https:\/\/redfoxlotto.com\/image?size=8&amp;lottery=mega-sena\",\"contentUrl\":\"https:\/\/redfoxlotto.com\/image?size=8&amp;lottery=mega-sena\"},{\"@type\":\"BreadcrumbList\",\"@id\":\"https:\/\/onlinelotto365.com\/sr\/kupiti-karte\/kako-kupiti-mega-sena-brazil-ulaznice-putem-interneta\/#breadcrumb\",\"itemListElement\":[{\"@type\":\"ListItem\",\"position\":1,\"name\":\"Home\",\"item\":\"https:\/\/onlinelotto365.com\/sr\/\"},{\"@type\":\"ListItem\",\"position\":2,\"name\":\"Kupi Loto Karte Online\",\"item\":\"https:\/\/onlinelotto365.com\/sr\/buy-tickets\/\"},{\"@type\":\"ListItem\",\"position\":3,\"name\":\"Kako kupiti Mega-Sena Brazil ulaznice putem interneta\"}]},{\"@type\":\"WebSite\",\"@id\":\"https:\/\/onlinelotto365.com\/sr\/#website\",\"url\":\"https:\/\/onlinelotto365.com\/sr\/\",\"name\":\"OnlineLotto365\",\"description\":\"\",\"potentialAction\":[{\"@type\":\"SearchAction\",\"target\":{\"@type\":\"EntryPoint\",\"urlTemplate\":\"https:\/\/onlinelotto365.com\/sr\/?s={search_term_string}\"},\"query-input\":{\"@type\":\"PropertyValueSpecification\",\"valueRequired\":true,\"valueName\":\"search_term_string\"}}],\"inLanguage\":\"sr-RS\"}]}<\/script>\n<!-- \/ Yoast SEO plugin. -->","yoast_head_json":{"title":"Kupite karte za Mega-Senu putem interneta iz Srbije | O Mega-Seni i kako do\u0107i do karata","description":"Ovo je sjavna lutrija iz Brazila - i sada mo\u017eete kupiti karte putem interneta.","robots":{"index":"index","follow":"follow","max-snippet":"max-snippet:-1","max-image-preview":"max-image-preview:large","max-video-preview":"max-video-preview:-1"},"canonical":"https:\/\/onlinelotto365.com\/sr\/kupiti-karte\/kako-kupiti-mega-sena-brazil-ulaznice-putem-interneta\/","og_locale":"sr_RS","og_type":"article","og_title":"Kupite karte za Mega-Senu putem interneta iz Srbije | O Mega-Seni i kako do\u0107i do karata","og_description":"Ovo je sjavna lutrija iz Brazila - i sada mo\u017eete kupiti karte putem interneta.","og_url":"https:\/\/onlinelotto365.com\/sr\/kupiti-karte\/kako-kupiti-mega-sena-brazil-ulaznice-putem-interneta\/","og_site_name":"OnlineLotto365","og_image":[{"url":"https:\/\/redfoxlotto.com\/image?size=8&amp;lottery=mega-sena"}],"twitter_card":"summary_large_image","twitter_misc":{"\u041f\u0440\u043e\u0446\u0435\u045a\u0435\u043d\u043e \u0432\u0440\u0435\u043c\u0435 \u0447\u0438\u0442\u0430\u045a\u0430":"4 \u043c\u0438\u043d\u0443\u0442\u0430"},"schema":{"@context":"https:\/\/schema.org","@graph":[{"@type":"WebPage","@id":"https:\/\/onlinelotto365.com\/sr\/kupiti-karte\/kako-kupiti-mega-sena-brazil-ulaznice-putem-interneta\/","url":"https:\/\/onlinelotto365.com\/sr\/kupiti-karte\/kako-kupiti-mega-sena-brazil-ulaznice-putem-interneta\/","name":"Kupite karte za Mega-Senu putem interneta iz Srbije | O Mega-Seni i kako do\u0107i do karata","isPartOf":{"@id":"https:\/\/onlinelotto365.com\/sr\/#website"},"primaryImageOfPage":{"@id":"https:\/\/onlinelotto365.com\/sr\/kupiti-karte\/kako-kupiti-mega-sena-brazil-ulaznice-putem-interneta\/#primaryimage"},"image":{"@id":"https:\/\/onlinelotto365.com\/sr\/kupiti-karte\/kako-kupiti-mega-sena-brazil-ulaznice-putem-interneta\/#primaryimage"},"thumbnailUrl":"https:\/\/redfoxlotto.com\/image?size=8&amp;lottery=mega-sena","datePublished":"2023-09-25T18:46:43+00:00","dateModified":"2023-09-25T18:46:43+00:00","description":"Ovo je sjavna lutrija iz Brazila - i sada mo\u017eete kupiti karte putem interneta.","breadcrumb":{"@id":"https:\/\/onlinelotto365.com\/sr\/kupiti-karte\/kako-kupiti-mega-sena-brazil-ulaznice-putem-interneta\/#breadcrumb"},"inLanguage":"sr-RS","potentialAction":[{"@type":"ReadAction","target":["https:\/\/onlinelotto365.com\/sr\/kupiti-karte\/kako-kupiti-mega-sena-brazil-ulaznice-putem-interneta\/"]}]},{"@type":"ImageObject","inLanguage":"sr-RS","@id":"https:\/\/onlinelotto365.com\/sr\/kupiti-karte\/kako-kupiti-mega-sena-brazil-ulaznice-putem-interneta\/#primaryimage","url":"https:\/\/redfoxlotto.com\/image?size=8&amp;lottery=mega-sena","contentUrl":"https:\/\/redfoxlotto.com\/image?size=8&amp;lottery=mega-sena"},{"@type":"BreadcrumbList","@id":"https:\/\/onlinelotto365.com\/sr\/kupiti-karte\/kako-kupiti-mega-sena-brazil-ulaznice-putem-interneta\/#breadcrumb","itemListElement":[{"@type":"ListItem","position":1,"name":"Home","item":"https:\/\/onlinelotto365.com\/sr\/"},{"@type":"ListItem","position":2,"name":"Kupi Loto Karte Online","item":"https:\/\/onlinelotto365.com\/sr\/buy-tickets\/"},{"@type":"ListItem","position":3,"name":"Kako kupiti Mega-Sena Brazil ulaznice putem interneta"}]},{"@type":"WebSite","@id":"https:\/\/onlinelotto365.com\/sr\/#website","url":"https:\/\/onlinelotto365.com\/sr\/","name":"OnlineLotto365","description":"","potentialAction":[{"@type":"SearchAction","target":{"@type":"EntryPoint","urlTemplate":"https:\/\/onlinelotto365.com\/sr\/?s={search_term_string}"},"query-input":{"@type":"PropertyValueSpecification","valueRequired":true,"valueName":"search_term_string"}}],"inLanguage":"sr-RS"}]}},"_links":{"self":[{"href":"https:\/\/onlinelotto365.com\/sr\/wp-json\/wp\/v2\/pages\/84128","targetHints":{"allow":["GET"]}}],"collection":[{"href":"https:\/\/onlinelotto365.com\/sr\/wp-json\/wp\/v2\/pages"}],"about":[{"href":"https:\/\/onlinelotto365.com\/sr\/wp-json\/wp\/v2\/types\/page"}],"author":[{"embeddable":true,"href":"https:\/\/onlinelotto365.com\/sr\/wp-json\/wp\/v2\/users\/1"}],"replies":[{"embeddable":true,"href":"https:\/\/onlinelotto365.com\/sr\/wp-json\/wp\/v2\/comments?post=84128"}],"version-history":[{"count":0,"href":"https:\/\/onlinelotto365.com\/sr\/wp-json\/wp\/v2\/pages\/84128\/revisions"}],"up":[{"embeddable":true,"href":"https:\/\/onlinelotto365.com\/sr\/wp-json\/wp\/v2\/pages\/5675"}],"wp:attachment":[{"href":"https:\/\/onlinelotto365.com\/sr\/wp-json\/wp\/v2\/media?parent=84128"}],"curies":[{"name":"wp","href":"https:\/\/api.w.org\/{rel}","templated":true}]}}