{"id":84137,"date":"2023-09-26T08:38:37","date_gmt":"2023-09-26T07:38:37","guid":{"rendered":"https:\/\/onlinelotto365.com\/kupiti-karte\/kako-kupiti-ulaznice-za-powerball-australia-putem-interneta"},"modified":"2023-09-26T08:38:37","modified_gmt":"2023-09-26T07:38:37","slug":"kako-kupiti-ulaznice-za-powerball-australia-putem-interneta","status":"publish","type":"page","link":"https:\/\/onlinelotto365.com\/sr\/kupiti-karte\/kako-kupiti-ulaznice-za-powerball-australia-putem-interneta\/","title":{"rendered":"Kako kupiti ulaznice za Powerball Australia putem interneta"},"content":{"rendered":"<p>\u017delite li znati kako mo\u017eete kupiti ulaznice za Powerball Australia putem interneta? Pa, razbili smo proces na nekoliko jednostavnih koraka za na\u0161e klijente iz Srbije i drugih zemalja, tako da mo\u017eete odmah zapo\u010deti s procesom. I mo\u017eete to u\u010diniti puno br\u017ee i lak\u0161e nego \u0161to mislite.<\/p>\n<ol>\n<li>Posetite stranicu Powerball Australia i odaberite ulaznice koje \u017eelite i brojeve za te ulaznice, ili dopustite ra\u010dunaru da ih odabere umesto vas.<\/li>\n<li>Dodajte u ko\u0161aricu koliko god ulaznica i igara \u017eelite.<\/li>\n<p><img decoding=\"async\" class=\"aligncenter\" src=\"https:\/\/redfoxlotto.com\/image?size=8&amp;lottery=powerball-au\" alt=\"Powerball Australia\" \/><\/p>\n<li>Kliknite na gumb za pla\u0107anje.<\/li>\n<li>Napravite korisni\u010dki ra\u010dun na na\u0161oj web stranici ili se prijavite na svoj postoje\u0107i ra\u010dun ako ga ve\u0107 imate.<\/li>\n<li>Ako trebate napraviti novi ra\u010dun, morat \u0107ete ga registrirati sa svojom adresom e-po\u0161te.<\/li>\n<li>Provjerite svoju mapu s ne\u017eeljenom po\u0161tom, kao i redovnu po\u0161tu, kako biste prona\u0161li verifikacijski e-mail.<\/li>\n<li>Idite u ko\u0161aricu da dovr\u0161ite svoju kupnju.<\/li>\n<li>Odaberite na\u010din pla\u0107anja koji \u017eelite koristiti i pro\u0111ite kroz postupak pla\u0107anja.<\/li>\n<\/ol>\n<h2>Kako platiti svoju ulaznicu za Powerball Australia putem interneta<\/h2>\n<p><img loading=\"lazy\" decoding=\"async\" class=\"alignright wp-image-3631\" src=\"https:\/\/onlinelotto365.com\/wp-content\/uploads\/2020\/11\/online_lottery-40-300x200.jpg\" alt=\"Powerball Australia putem interneta\" width=\"252\" height=\"168\" srcset=\"https:\/\/onlinelotto365.com\/wp-content\/uploads\/2020\/11\/online_lottery-40-300x200.jpg 300w, https:\/\/onlinelotto365.com\/wp-content\/uploads\/2020\/11\/online_lottery-40.jpg 424w\" sizes=\"auto, (max-width: 252px) 100vw, 252px\" \/><br \/>\nMo\u017eete odabrati izme\u0111u nekoliko razli\u010ditih opcija pla\u0107anja koje su jednako sigurne kao i kad biste ne\u0161to kupovali putem interneta iz Srbije.<\/p>\n<p>Kupite svoje ulaznice tako da:<\/p>\n<ol>\n<li>Platite narud\u017ebu izravno putem svoje omiljene metode pla\u0107anja.<\/li>\n<li>Polo\u017eite novac na svoj igra\u010dki ra\u010dun i koristite ga za kupnju ulaznica.<\/li>\n<\/ol>\n<p>Zapamtite da \u0107ete morati polo\u017eiti dovoljno novca na svoj igra\u010dki ra\u010dun kako biste kupili \u017eeljene ulaznice ako odaberete tu opciju.<\/p>\n<h2>Vi\u0161e informacija o Powerball Australia<\/h2>\n<ul>\n<li>Zemlja: Australija<\/li>\n<li>Glavni raspon brojeva: 35<\/li>\n<li>Izabirete: 7<\/li>\n<li>Dodatni raspon brojeva: 20<\/li>\n<li>Izabirete: 1<\/li>\n<li>Dani i sati izvla\u010denja: \u010detvrtak, 21:30 GMT+11, 10:30 CET<\/li>\n<li>Minimalni jackpot: AU$ 3 miliona<\/li>\n<li>Maksimalni jackpot: AU$ 150 miliona<\/li>\n<li>Vjerojatnost osvajanja glavnog jackpota: 1 prema 134.490.400<\/li>\n<li>Vjerojatnost osvajanja drugog nivoa dobitaka: 1 prema 7.078.443<\/li>\n<li>Vjerojatnost osvajanja dobitka na bilo kojem nivou: 1 prema 24,87<\/li>\n<li>Broj nivoa dobitaka: 7<\/li>\n<\/ul>\n<h2>Prednosti kupovine ulaznica za Powerball Australia putem interneta<\/h2>\n<ul>\n<li>Dobijte ulaznice koje \u017eelite bez napu\u0161tanja ku\u0107e.<\/li>\n<li>Kupite ulaznice za mnoge razli\u010dite vrste lutrija.<\/li>\n<li>Pove\u0107ajte svoje \u0161anse za osvajanje velikog jackpota odabirom vrhunskih opcija.<\/li>\n<li>Polo\u017eite novac na svoj ra\u010dun i koristite ga za kupnju ulaznica.<\/li>\n<li>Ne brinite se o gubitku ulaznica.<\/li>\n<li>Primate obavijesti ako je va\u0161a ulaznica dobitna.<\/li>\n<li>Odaberite nasumi\u010dne ulaznice pomo\u0107u generatora brojeva.<\/li>\n<\/ul>\n<h2>Je li legalno kupiti ulaznice za Powerball Australia putem interneta u Srbiji?<\/h2>\n<p>Nema potrebe za brigu o kupovini ulaznica putem interneta ili na tradicionalan na\u010din kada su u pitanju propisi zemlje u kojoj \u017eivite. Mi se brinemo o po\u0161tovanju propisa zemlje u kojoj se lutrija odr\u017eava kako biste mogli dobiti svoj dobitak. \u010cak i ako osvojite jackpot, ne\u0107ete imati problema s isplatom novca. Svi koji koriste na\u0161u uslugu moraju imati najmanje 18 godina.<\/p>\n<h2>Kako \u0107u dobiti novac ako osvojim Powerball Australia putem interneta?<\/h2>\n<p>Znamo da \u017eelite dobiti svoj dobitak \u0161to je br\u017ee mogu\u0107e i sigurno ne \u017eelite pla\u0107ati nikome drugome novac iz tih dobitaka. Zato nikada ne uzimamo proviziju s va\u0161eg dobitka. Ako ga osvojite, novac je va\u0161. Jedini put kada napla\u0107ujemo naknadu je ako odaberete da novac prenesemo putem bankovnog transfera na va\u0161 ra\u010dun, \u0161to bi nam naplatila banka, a ta naknada se prenosi na vas. Ako osvojite novac, samo trebate imati na umu:<\/p>\n<ul>\n<li>Iznosi manji od \u20ac2500 automatski se ispla\u0107uju na va\u0161 igra\u010dki ra\u010dun, a da ni\u0161ta ne morate poduzeti.<\/li>\n<li>Iznosi ve\u0107i od \u20ac2500 ispla\u0107uju se \u010dekom ili bankovnim transferom i zahtijevaju popunjavanje obrasca koji \u0107e poslati tim za podr\u0161ku. Na taj na\u010din mo\u017eete novac isprazniti putem komisije za lutrije.<\/li>\n<\/ul>\n","protected":false},"excerpt":{"rendered":"<p>\u017delite li znati kako mo\u017eete kupiti ulaznice za Powerball Australia putem interneta? Pa, razbili smo proces na nekoliko jednostavnih koraka za na\u0161e klijente iz Srbije i drugih zemalja, tako da mo\u017eete odmah zapo\u010deti s procesom. I mo\u017eete to u\u010diniti puno br\u017ee i lak\u0161e nego \u0161to mislite. Posetite stranicu Powerball Australia i odaberite ulaznice koje \u017eelite [&hellip;]<\/p>\n","protected":false},"author":1,"featured_media":0,"parent":5675,"menu_order":13,"comment_status":"closed","ping_status":"closed","template":"powerball-au-info.php","meta":{"_et_pb_use_builder":"","_et_pb_old_content":"","_et_gb_content_width":"","exclude_from_search":false,"footnotes":""},"class_list":["post-84137","page","type-page","status-publish","hentry"],"yoast_head":"<!-- This site is optimized with the Yoast SEO plugin v23.4 - https:\/\/yoast.com\/wordpress\/plugins\/seo\/ -->\n<title>Kupite ulaznice za Powerball Australija iz Srbije putem online usluge<\/title>\n<meta name=\"description\" content=\"Kupite ulaznice za Powerball Australija iz Srbije putem online usluge\" \/>\n<meta name=\"robots\" content=\"index, follow, max-snippet:-1, max-image-preview:large, max-video-preview:-1\" \/>\n<link rel=\"canonical\" href=\"https:\/\/onlinelotto365.com\/sr\/kupiti-karte\/kako-kupiti-ulaznice-za-powerball-australia-putem-interneta\/\" \/>\n<meta property=\"og:locale\" content=\"sr_RS\" \/>\n<meta property=\"og:type\" content=\"article\" \/>\n<meta property=\"og:title\" content=\"Kupite ulaznice za Powerball Australija iz Srbije putem online usluge\" \/>\n<meta property=\"og:description\" content=\"Kupite ulaznice za Powerball Australija iz Srbije putem online usluge\" \/>\n<meta property=\"og:url\" content=\"https:\/\/onlinelotto365.com\/sr\/kupiti-karte\/kako-kupiti-ulaznice-za-powerball-australia-putem-interneta\/\" \/>\n<meta property=\"og:site_name\" content=\"OnlineLotto365\" \/>\n<meta property=\"og:image\" content=\"https:\/\/redfoxlotto.com\/image?size=8&amp;lottery=powerball-au\" \/>\n<meta name=\"twitter:card\" content=\"summary_large_image\" \/>\n<meta name=\"twitter:label1\" content=\"\u041f\u0440\u043e\u0446\u0435\u045a\u0435\u043d\u043e \u0432\u0440\u0435\u043c\u0435 \u0447\u0438\u0442\u0430\u045a\u0430\" \/>\n\t<meta name=\"twitter:data1\" content=\"3 \u043c\u0438\u043d\u0443\u0442\u0430\" \/>\n<script type=\"application\/ld+json\" class=\"yoast-schema-graph\">{\"@context\":\"https:\/\/schema.org\",\"@graph\":[{\"@type\":\"WebPage\",\"@id\":\"https:\/\/onlinelotto365.com\/sr\/kupiti-karte\/kako-kupiti-ulaznice-za-powerball-australia-putem-interneta\/\",\"url\":\"https:\/\/onlinelotto365.com\/sr\/kupiti-karte\/kako-kupiti-ulaznice-za-powerball-australia-putem-interneta\/\",\"name\":\"Kupite ulaznice za Powerball Australija iz Srbije putem online usluge\",\"isPartOf\":{\"@id\":\"https:\/\/onlinelotto365.com\/sr\/#website\"},\"primaryImageOfPage\":{\"@id\":\"https:\/\/onlinelotto365.com\/sr\/kupiti-karte\/kako-kupiti-ulaznice-za-powerball-australia-putem-interneta\/#primaryimage\"},\"image\":{\"@id\":\"https:\/\/onlinelotto365.com\/sr\/kupiti-karte\/kako-kupiti-ulaznice-za-powerball-australia-putem-interneta\/#primaryimage\"},\"thumbnailUrl\":\"https:\/\/redfoxlotto.com\/image?size=8&amp;lottery=powerball-au\",\"datePublished\":\"2023-09-26T07:38:37+00:00\",\"dateModified\":\"2023-09-26T07:38:37+00:00\",\"description\":\"Kupite ulaznice za Powerball Australija iz Srbije putem online usluge\",\"breadcrumb\":{\"@id\":\"https:\/\/onlinelotto365.com\/sr\/kupiti-karte\/kako-kupiti-ulaznice-za-powerball-australia-putem-interneta\/#breadcrumb\"},\"inLanguage\":\"sr-RS\",\"potentialAction\":[{\"@type\":\"ReadAction\",\"target\":[\"https:\/\/onlinelotto365.com\/sr\/kupiti-karte\/kako-kupiti-ulaznice-za-powerball-australia-putem-interneta\/\"]}]},{\"@type\":\"ImageObject\",\"inLanguage\":\"sr-RS\",\"@id\":\"https:\/\/onlinelotto365.com\/sr\/kupiti-karte\/kako-kupiti-ulaznice-za-powerball-australia-putem-interneta\/#primaryimage\",\"url\":\"https:\/\/redfoxlotto.com\/image?size=8&amp;lottery=powerball-au\",\"contentUrl\":\"https:\/\/redfoxlotto.com\/image?size=8&amp;lottery=powerball-au\"},{\"@type\":\"BreadcrumbList\",\"@id\":\"https:\/\/onlinelotto365.com\/sr\/kupiti-karte\/kako-kupiti-ulaznice-za-powerball-australia-putem-interneta\/#breadcrumb\",\"itemListElement\":[{\"@type\":\"ListItem\",\"position\":1,\"name\":\"Home\",\"item\":\"https:\/\/onlinelotto365.com\/sr\/\"},{\"@type\":\"ListItem\",\"position\":2,\"name\":\"Kupi Loto Karte Online\",\"item\":\"https:\/\/onlinelotto365.com\/sr\/buy-tickets\/\"},{\"@type\":\"ListItem\",\"position\":3,\"name\":\"Kako kupiti ulaznice za Powerball Australia putem interneta\"}]},{\"@type\":\"WebSite\",\"@id\":\"https:\/\/onlinelotto365.com\/sr\/#website\",\"url\":\"https:\/\/onlinelotto365.com\/sr\/\",\"name\":\"OnlineLotto365\",\"description\":\"\",\"potentialAction\":[{\"@type\":\"SearchAction\",\"target\":{\"@type\":\"EntryPoint\",\"urlTemplate\":\"https:\/\/onlinelotto365.com\/sr\/?s={search_term_string}\"},\"query-input\":{\"@type\":\"PropertyValueSpecification\",\"valueRequired\":true,\"valueName\":\"search_term_string\"}}],\"inLanguage\":\"sr-RS\"}]}<\/script>\n<!-- \/ Yoast SEO plugin. -->","yoast_head_json":{"title":"Kupite ulaznice za Powerball Australija iz Srbije putem online usluge","description":"Kupite ulaznice za Powerball Australija iz Srbije putem online usluge","robots":{"index":"index","follow":"follow","max-snippet":"max-snippet:-1","max-image-preview":"max-image-preview:large","max-video-preview":"max-video-preview:-1"},"canonical":"https:\/\/onlinelotto365.com\/sr\/kupiti-karte\/kako-kupiti-ulaznice-za-powerball-australia-putem-interneta\/","og_locale":"sr_RS","og_type":"article","og_title":"Kupite ulaznice za Powerball Australija iz Srbije putem online usluge","og_description":"Kupite ulaznice za Powerball Australija iz Srbije putem online usluge","og_url":"https:\/\/onlinelotto365.com\/sr\/kupiti-karte\/kako-kupiti-ulaznice-za-powerball-australia-putem-interneta\/","og_site_name":"OnlineLotto365","og_image":[{"url":"https:\/\/redfoxlotto.com\/image?size=8&amp;lottery=powerball-au"}],"twitter_card":"summary_large_image","twitter_misc":{"\u041f\u0440\u043e\u0446\u0435\u045a\u0435\u043d\u043e \u0432\u0440\u0435\u043c\u0435 \u0447\u0438\u0442\u0430\u045a\u0430":"3 \u043c\u0438\u043d\u0443\u0442\u0430"},"schema":{"@context":"https:\/\/schema.org","@graph":[{"@type":"WebPage","@id":"https:\/\/onlinelotto365.com\/sr\/kupiti-karte\/kako-kupiti-ulaznice-za-powerball-australia-putem-interneta\/","url":"https:\/\/onlinelotto365.com\/sr\/kupiti-karte\/kako-kupiti-ulaznice-za-powerball-australia-putem-interneta\/","name":"Kupite ulaznice za Powerball Australija iz Srbije putem online usluge","isPartOf":{"@id":"https:\/\/onlinelotto365.com\/sr\/#website"},"primaryImageOfPage":{"@id":"https:\/\/onlinelotto365.com\/sr\/kupiti-karte\/kako-kupiti-ulaznice-za-powerball-australia-putem-interneta\/#primaryimage"},"image":{"@id":"https:\/\/onlinelotto365.com\/sr\/kupiti-karte\/kako-kupiti-ulaznice-za-powerball-australia-putem-interneta\/#primaryimage"},"thumbnailUrl":"https:\/\/redfoxlotto.com\/image?size=8&amp;lottery=powerball-au","datePublished":"2023-09-26T07:38:37+00:00","dateModified":"2023-09-26T07:38:37+00:00","description":"Kupite ulaznice za Powerball Australija iz Srbije putem online usluge","breadcrumb":{"@id":"https:\/\/onlinelotto365.com\/sr\/kupiti-karte\/kako-kupiti-ulaznice-za-powerball-australia-putem-interneta\/#breadcrumb"},"inLanguage":"sr-RS","potentialAction":[{"@type":"ReadAction","target":["https:\/\/onlinelotto365.com\/sr\/kupiti-karte\/kako-kupiti-ulaznice-za-powerball-australia-putem-interneta\/"]}]},{"@type":"ImageObject","inLanguage":"sr-RS","@id":"https:\/\/onlinelotto365.com\/sr\/kupiti-karte\/kako-kupiti-ulaznice-za-powerball-australia-putem-interneta\/#primaryimage","url":"https:\/\/redfoxlotto.com\/image?size=8&amp;lottery=powerball-au","contentUrl":"https:\/\/redfoxlotto.com\/image?size=8&amp;lottery=powerball-au"},{"@type":"BreadcrumbList","@id":"https:\/\/onlinelotto365.com\/sr\/kupiti-karte\/kako-kupiti-ulaznice-za-powerball-australia-putem-interneta\/#breadcrumb","itemListElement":[{"@type":"ListItem","position":1,"name":"Home","item":"https:\/\/onlinelotto365.com\/sr\/"},{"@type":"ListItem","position":2,"name":"Kupi Loto Karte Online","item":"https:\/\/onlinelotto365.com\/sr\/buy-tickets\/"},{"@type":"ListItem","position":3,"name":"Kako kupiti ulaznice za Powerball Australia putem interneta"}]},{"@type":"WebSite","@id":"https:\/\/onlinelotto365.com\/sr\/#website","url":"https:\/\/onlinelotto365.com\/sr\/","name":"OnlineLotto365","description":"","potentialAction":[{"@type":"SearchAction","target":{"@type":"EntryPoint","urlTemplate":"https:\/\/onlinelotto365.com\/sr\/?s={search_term_string}"},"query-input":{"@type":"PropertyValueSpecification","valueRequired":true,"valueName":"search_term_string"}}],"inLanguage":"sr-RS"}]}},"_links":{"self":[{"href":"https:\/\/onlinelotto365.com\/sr\/wp-json\/wp\/v2\/pages\/84137","targetHints":{"allow":["GET"]}}],"collection":[{"href":"https:\/\/onlinelotto365.com\/sr\/wp-json\/wp\/v2\/pages"}],"about":[{"href":"https:\/\/onlinelotto365.com\/sr\/wp-json\/wp\/v2\/types\/page"}],"author":[{"embeddable":true,"href":"https:\/\/onlinelotto365.com\/sr\/wp-json\/wp\/v2\/users\/1"}],"replies":[{"embeddable":true,"href":"https:\/\/onlinelotto365.com\/sr\/wp-json\/wp\/v2\/comments?post=84137"}],"version-history":[{"count":0,"href":"https:\/\/onlinelotto365.com\/sr\/wp-json\/wp\/v2\/pages\/84137\/revisions"}],"up":[{"embeddable":true,"href":"https:\/\/onlinelotto365.com\/sr\/wp-json\/wp\/v2\/pages\/5675"}],"wp:attachment":[{"href":"https:\/\/onlinelotto365.com\/sr\/wp-json\/wp\/v2\/media?parent=84137"}],"curies":[{"name":"wp","href":"https:\/\/api.w.org\/{rel}","templated":true}]}}