{"id":84150,"date":"2023-09-27T09:25:30","date_gmt":"2023-09-27T08:25:30","guid":{"rendered":"https:\/\/onlinelotto365.com\/kupiti-karte\/kako-kupiti-oz-lotto-tikete-putem-interneta"},"modified":"2023-09-27T09:25:30","modified_gmt":"2023-09-27T08:25:30","slug":"kako-kupiti-oz-lotto-tikete-putem-interneta","status":"publish","type":"page","link":"https:\/\/onlinelotto365.com\/sr\/kupiti-karte\/kako-kupiti-oz-lotto-tikete-putem-interneta\/","title":{"rendered":"Kako kupiti Oz Lotto tikete putem interneta"},"content":{"rendered":"<p>Imate sre\u0107e jer smo pro\u0161li kroz postupak kako biste mogli da nabavite svoje Oz Lotto tikete, i to iz Srbije. Mo\u017eete ih lako kupiti putem interneta ako pratite ove jednostavne korake koje smo za vas pripremili.<\/p>\n<ol>\n<li>Posetite stranicu lutrije na kojoj \u017eelite da igrate i izaberite brojeve koje \u017eelite da odigrate ili dozvolite ra\u010dunaru da izabere brojeve umesto vas.<\/li>\n<li>Dodajte jo\u0161 tiketa za druge lutrije ili za istu igru, ako \u017eelite.<\/li>\n<p><img decoding=\"async\" class=\"aligncenter\" src=\"https:\/\/redfoxlotto.com\/image?size=8&amp;lottery=oz-lotto\" alt=\"Oz Lotto\" \/><\/p>\n<li>Platite svoje tikete odmah.<\/li>\n<li>Registrujte novi nalog ili se prijavite na postoje\u0107i kako biste zavr\u0161ili proces pla\u0107anja.<\/li>\n<li>Za naloge koji treba da se registruju, proverite svoj e-mail za verifikacioni link kako biste zapo\u010deli proces.<\/li>\n<li>Ako niste primili e-mail u svom glavnom inboxu, proverite svoj spam folder i kliknite na link za verifikaciju.<\/li>\n<li>Idite u svoju korpu za kupovinu kako biste zavr\u0161ili kupovinu tiketa.<\/li>\n<li>Pro\u0111ite kroz proces pla\u0107anja kako biste dobili svoje tikete.<\/li>\n<\/ol>\n<h2>Kako platiti Oz Lotto tiket putem interneta<\/h2>\n<p>Mo\u017eete izabrati izme\u0111u nekoliko potpuno sigurnih opcija kada je u pitanju pla\u0107anje Oz Lotto tiketa putem interneta. Svaka od ovih opcija spada u jednu od dve kategorije:<\/p>\n<ol>\n<li>Pla\u0107anje porud\u017ebine bilo kojom odabrane metode pla\u0107anja.<\/li>\n<li>Uplata novca na va\u0161 postoje\u0107i igra\u010dki ra\u010dun i kori\u0161\u0107enje tog novca za kupovinu.<\/li>\n<\/ol>\n<p>Obavezno uplatite vi\u0161e novca nego \u0161to je potrebno za kupovinu ako \u0107ete koristiti svoj igra\u010dki ra\u010dun.<\/p>\n<h2>Vi\u0161e informacija o Oz Lotto<\/h2>\n<ul>\n<li>Zemlja: Australija<\/li>\n<li>Glavni brojevi: 45<\/li>\n<li>Birate: 7 brojeva<\/li>\n<li>Dani i vreme izvla\u010denja: utorak, 21:30 GMT+11, 10:30 CET<\/li>\n<li>Minimalni d\u017eekpot: AU$ 2 miliona<\/li>\n<li>Maksimalni d\u017eekpot: nema ograni\u010denja<\/li>\n<li>Verovatno\u0107a osvajanja d\u017eekpota: 1 u 45.379.620<\/li>\n<li>Verovatno\u0107a osvajanja nagrade druge kategorije: 1 u 3.241.401<\/li>\n<li>Verovatno\u0107a osvajanja nagrade u bilo kojoj kategoriji: 1 u 54,59<\/li>\n<li>Broj nivoa nagrada: 7<\/li>\n<\/ul>\n<h2>Prednosti kupovine Oz Lotto tiketa putem interneta<\/h2>\n<ul>\n<li>Ne morate napu\u0161tati dom da biste izabrali svoje tikete.<\/li>\n<p><img loading=\"lazy\" decoding=\"async\" class=\"alignright wp-image-3659\" src=\"https:\/\/onlinelotto365.com\/wp-content\/uploads\/2020\/11\/online_lottery-4-300x300.jpg\" alt=\"Oz Lotto iz Velike Britanije\" width=\"246\" height=\"246\" srcset=\"https:\/\/onlinelotto365.com\/wp-content\/uploads\/2020\/11\/online_lottery-4-300x300.jpg 300w, https:\/\/onlinelotto365.com\/wp-content\/uploads\/2020\/11\/online_lottery-4-100x100.jpg 100w, https:\/\/onlinelotto365.com\/wp-content\/uploads\/2020\/11\/online_lottery-4-150x150.jpg 150w, https:\/\/onlinelotto365.com\/wp-content\/uploads\/2020\/11\/online_lottery-4.jpg 320w\" sizes=\"auto, (max-width: 246px) 100vw, 246px\" \/><\/p>\n<li>Mo\u017eete birati izme\u0111u mnogo razli\u010ditih opcija za igru.<\/li>\n<li>Pogledajte visinu d\u017eekpota da biste odlu\u010dili koju lutriju \u017eelite da igrate.<\/li>\n<li>Direktno dodajte novac na svoj igra\u010dki ra\u010dun i koristite ga za kupovinu tiketa.<\/li>\n<li>Nikada ne brinite o gubljenju svojih tiketa.<\/li>\n<li>Dobijate obave\u0161tenja ako osvojite neku nagradu.<\/li>\n<li>Koristite opciju brze selekcije da biste dobili tikete bez biranja vlastitih brojeva.<\/li>\n<\/ul>\n<h2>Da li je legalno kupovati Oz Lotto tikete putem interneta?<\/h2>\n<p>Mo\u017eda niste sigurni da li va\u0161a zemlja dozvoljava kupovinu lutrijskih tiketa putem interneta ili na tradicionalan na\u010din. Ne brinite, bez obzira da li se nalazite u Srbiji ili negde drugde, mi brinemo o regulativama za zemlju u kojoj se igra igra. Ne morate da brinete o legalnosti kori\u0161\u0107enja na\u0161e usluge, sve dok imate najmanje 18 godina. Mi \u0107emo se pobrinuti da budete ispla\u0107eni bez obzira na sve.<\/p>\n<h2>Kako \u0107u biti ispla\u0107en ako osvojim Oz Lotto putem interneta?<\/h2>\n<p>Isplate su va\u017ean deo procesa kada je re\u010d o va\u0161oj igri na lutriji. \u017delimo da se pobrinemo da dobijete sav svoj novac, zbog \u010dega se trudimo da ne platite nikakvu proviziju kada osvojite neku nagradu.<\/p>\n<p>Tako\u0111e, ne\u0107ete biti optere\u0107eni dodatnim naknadama, osim ako se ne odlu\u010dite za bankovni transfer kako biste preneli novac na svoj ra\u010dun. U tom slu\u010daju, mo\u017eda \u0107ete biti optere\u0107eni naknadom u visini tro\u0161kova koje banka napla\u0107uje za transfer.<\/p>\n<h2>Ina\u010de, imajte na umu slede\u0107e:<\/h2>\n<ul>\n<li>Ako osvojite manje od \u20ac2500, novac \u0107e automatski biti upla\u0107en na va\u0161 ra\u010dun. Ne\u0107ete morati brinuti ni o \u010demu.<\/li>\n<li>Ako osvojite vi\u0161e od \u20ac2500, novac \u0107e morati pro\u0107i kroz odgovaraju\u0107e kanale. To zna\u010di da \u0107ete dobiti e-mail od nas u vezi sa popunjavanjem obrasca zahteva kod lutrijske komisije. Nakon toga, novac \u0107e biti preba\u010den na va\u0161 bankovni ra\u010dun putem bankovnog transfera ili \u0107e vam biti poslat \u010dekom direktno na ku\u0107nu adresu.<\/li>\n<\/ul>\n","protected":false},"excerpt":{"rendered":"<p>Imate sre\u0107e jer smo pro\u0161li kroz postupak kako biste mogli da nabavite svoje Oz Lotto tikete, i to iz Srbije. Mo\u017eete ih lako kupiti putem interneta ako pratite ove jednostavne korake koje smo za vas pripremili. Posetite stranicu lutrije na kojoj \u017eelite da igrate i izaberite brojeve koje \u017eelite da odigrate ili dozvolite ra\u010dunaru da [&hellip;]<\/p>\n","protected":false},"author":1,"featured_media":0,"parent":5675,"menu_order":14,"comment_status":"closed","ping_status":"closed","template":"template-rightsidebar.php","meta":{"_et_pb_use_builder":"","_et_pb_old_content":"","_et_gb_content_width":"","exclude_from_search":false,"footnotes":""},"class_list":["post-84150","page","type-page","status-publish","hentry"],"yoast_head":"<!-- This site is optimized with the Yoast SEO plugin v23.4 - https:\/\/yoast.com\/wordpress\/plugins\/seo\/ -->\n<title>Kako kupiti Oz Lotto tikete putem interneta iz Srbije<\/title>\n<meta name=\"description\" content=\"Kupite svoje karte za australski Oz Lotto iz Srbije\" \/>\n<meta name=\"robots\" content=\"index, follow, max-snippet:-1, max-image-preview:large, max-video-preview:-1\" \/>\n<link rel=\"canonical\" href=\"https:\/\/onlinelotto365.com\/sr\/kupiti-karte\/kako-kupiti-oz-lotto-tikete-putem-interneta\/\" \/>\n<meta property=\"og:locale\" content=\"sr_RS\" \/>\n<meta property=\"og:type\" content=\"article\" \/>\n<meta property=\"og:title\" content=\"Kako kupiti Oz Lotto tikete putem interneta iz Srbije\" \/>\n<meta property=\"og:description\" content=\"Kupite svoje karte za australski Oz Lotto iz Srbije\" \/>\n<meta property=\"og:url\" content=\"https:\/\/onlinelotto365.com\/sr\/kupiti-karte\/kako-kupiti-oz-lotto-tikete-putem-interneta\/\" \/>\n<meta property=\"og:site_name\" content=\"OnlineLotto365\" \/>\n<meta property=\"og:image\" content=\"https:\/\/redfoxlotto.com\/image?size=8&amp;lottery=oz-lotto\" \/>\n<meta name=\"twitter:card\" content=\"summary_large_image\" \/>\n<meta name=\"twitter:label1\" content=\"\u041f\u0440\u043e\u0446\u0435\u045a\u0435\u043d\u043e \u0432\u0440\u0435\u043c\u0435 \u0447\u0438\u0442\u0430\u045a\u0430\" \/>\n\t<meta name=\"twitter:data1\" content=\"3 \u043c\u0438\u043d\u0443\u0442\u0430\" \/>\n<script type=\"application\/ld+json\" class=\"yoast-schema-graph\">{\"@context\":\"https:\/\/schema.org\",\"@graph\":[{\"@type\":\"WebPage\",\"@id\":\"https:\/\/onlinelotto365.com\/sr\/kupiti-karte\/kako-kupiti-oz-lotto-tikete-putem-interneta\/\",\"url\":\"https:\/\/onlinelotto365.com\/sr\/kupiti-karte\/kako-kupiti-oz-lotto-tikete-putem-interneta\/\",\"name\":\"Kako kupiti Oz Lotto tikete putem interneta iz Srbije\",\"isPartOf\":{\"@id\":\"https:\/\/onlinelotto365.com\/sr\/#website\"},\"primaryImageOfPage\":{\"@id\":\"https:\/\/onlinelotto365.com\/sr\/kupiti-karte\/kako-kupiti-oz-lotto-tikete-putem-interneta\/#primaryimage\"},\"image\":{\"@id\":\"https:\/\/onlinelotto365.com\/sr\/kupiti-karte\/kako-kupiti-oz-lotto-tikete-putem-interneta\/#primaryimage\"},\"thumbnailUrl\":\"https:\/\/redfoxlotto.com\/image?size=8&amp;lottery=oz-lotto\",\"datePublished\":\"2023-09-27T08:25:30+00:00\",\"dateModified\":\"2023-09-27T08:25:30+00:00\",\"description\":\"Kupite svoje karte za australski Oz Lotto iz Srbije\",\"breadcrumb\":{\"@id\":\"https:\/\/onlinelotto365.com\/sr\/kupiti-karte\/kako-kupiti-oz-lotto-tikete-putem-interneta\/#breadcrumb\"},\"inLanguage\":\"sr-RS\",\"potentialAction\":[{\"@type\":\"ReadAction\",\"target\":[\"https:\/\/onlinelotto365.com\/sr\/kupiti-karte\/kako-kupiti-oz-lotto-tikete-putem-interneta\/\"]}]},{\"@type\":\"ImageObject\",\"inLanguage\":\"sr-RS\",\"@id\":\"https:\/\/onlinelotto365.com\/sr\/kupiti-karte\/kako-kupiti-oz-lotto-tikete-putem-interneta\/#primaryimage\",\"url\":\"https:\/\/redfoxlotto.com\/image?size=8&amp;lottery=oz-lotto\",\"contentUrl\":\"https:\/\/redfoxlotto.com\/image?size=8&amp;lottery=oz-lotto\"},{\"@type\":\"BreadcrumbList\",\"@id\":\"https:\/\/onlinelotto365.com\/sr\/kupiti-karte\/kako-kupiti-oz-lotto-tikete-putem-interneta\/#breadcrumb\",\"itemListElement\":[{\"@type\":\"ListItem\",\"position\":1,\"name\":\"Home\",\"item\":\"https:\/\/onlinelotto365.com\/sr\/\"},{\"@type\":\"ListItem\",\"position\":2,\"name\":\"Kupi Loto Karte Online\",\"item\":\"https:\/\/onlinelotto365.com\/sr\/buy-tickets\/\"},{\"@type\":\"ListItem\",\"position\":3,\"name\":\"Kako kupiti Oz Lotto tikete putem interneta\"}]},{\"@type\":\"WebSite\",\"@id\":\"https:\/\/onlinelotto365.com\/sr\/#website\",\"url\":\"https:\/\/onlinelotto365.com\/sr\/\",\"name\":\"OnlineLotto365\",\"description\":\"\",\"potentialAction\":[{\"@type\":\"SearchAction\",\"target\":{\"@type\":\"EntryPoint\",\"urlTemplate\":\"https:\/\/onlinelotto365.com\/sr\/?s={search_term_string}\"},\"query-input\":{\"@type\":\"PropertyValueSpecification\",\"valueRequired\":true,\"valueName\":\"search_term_string\"}}],\"inLanguage\":\"sr-RS\"}]}<\/script>\n<!-- \/ Yoast SEO plugin. -->","yoast_head_json":{"title":"Kako kupiti Oz Lotto tikete putem interneta iz Srbije","description":"Kupite svoje karte za australski Oz Lotto iz Srbije","robots":{"index":"index","follow":"follow","max-snippet":"max-snippet:-1","max-image-preview":"max-image-preview:large","max-video-preview":"max-video-preview:-1"},"canonical":"https:\/\/onlinelotto365.com\/sr\/kupiti-karte\/kako-kupiti-oz-lotto-tikete-putem-interneta\/","og_locale":"sr_RS","og_type":"article","og_title":"Kako kupiti Oz Lotto tikete putem interneta iz Srbije","og_description":"Kupite svoje karte za australski Oz Lotto iz Srbije","og_url":"https:\/\/onlinelotto365.com\/sr\/kupiti-karte\/kako-kupiti-oz-lotto-tikete-putem-interneta\/","og_site_name":"OnlineLotto365","og_image":[{"url":"https:\/\/redfoxlotto.com\/image?size=8&amp;lottery=oz-lotto"}],"twitter_card":"summary_large_image","twitter_misc":{"\u041f\u0440\u043e\u0446\u0435\u045a\u0435\u043d\u043e \u0432\u0440\u0435\u043c\u0435 \u0447\u0438\u0442\u0430\u045a\u0430":"3 \u043c\u0438\u043d\u0443\u0442\u0430"},"schema":{"@context":"https:\/\/schema.org","@graph":[{"@type":"WebPage","@id":"https:\/\/onlinelotto365.com\/sr\/kupiti-karte\/kako-kupiti-oz-lotto-tikete-putem-interneta\/","url":"https:\/\/onlinelotto365.com\/sr\/kupiti-karte\/kako-kupiti-oz-lotto-tikete-putem-interneta\/","name":"Kako kupiti Oz Lotto tikete putem interneta iz Srbije","isPartOf":{"@id":"https:\/\/onlinelotto365.com\/sr\/#website"},"primaryImageOfPage":{"@id":"https:\/\/onlinelotto365.com\/sr\/kupiti-karte\/kako-kupiti-oz-lotto-tikete-putem-interneta\/#primaryimage"},"image":{"@id":"https:\/\/onlinelotto365.com\/sr\/kupiti-karte\/kako-kupiti-oz-lotto-tikete-putem-interneta\/#primaryimage"},"thumbnailUrl":"https:\/\/redfoxlotto.com\/image?size=8&amp;lottery=oz-lotto","datePublished":"2023-09-27T08:25:30+00:00","dateModified":"2023-09-27T08:25:30+00:00","description":"Kupite svoje karte za australski Oz Lotto iz Srbije","breadcrumb":{"@id":"https:\/\/onlinelotto365.com\/sr\/kupiti-karte\/kako-kupiti-oz-lotto-tikete-putem-interneta\/#breadcrumb"},"inLanguage":"sr-RS","potentialAction":[{"@type":"ReadAction","target":["https:\/\/onlinelotto365.com\/sr\/kupiti-karte\/kako-kupiti-oz-lotto-tikete-putem-interneta\/"]}]},{"@type":"ImageObject","inLanguage":"sr-RS","@id":"https:\/\/onlinelotto365.com\/sr\/kupiti-karte\/kako-kupiti-oz-lotto-tikete-putem-interneta\/#primaryimage","url":"https:\/\/redfoxlotto.com\/image?size=8&amp;lottery=oz-lotto","contentUrl":"https:\/\/redfoxlotto.com\/image?size=8&amp;lottery=oz-lotto"},{"@type":"BreadcrumbList","@id":"https:\/\/onlinelotto365.com\/sr\/kupiti-karte\/kako-kupiti-oz-lotto-tikete-putem-interneta\/#breadcrumb","itemListElement":[{"@type":"ListItem","position":1,"name":"Home","item":"https:\/\/onlinelotto365.com\/sr\/"},{"@type":"ListItem","position":2,"name":"Kupi Loto Karte Online","item":"https:\/\/onlinelotto365.com\/sr\/buy-tickets\/"},{"@type":"ListItem","position":3,"name":"Kako kupiti Oz Lotto tikete putem interneta"}]},{"@type":"WebSite","@id":"https:\/\/onlinelotto365.com\/sr\/#website","url":"https:\/\/onlinelotto365.com\/sr\/","name":"OnlineLotto365","description":"","potentialAction":[{"@type":"SearchAction","target":{"@type":"EntryPoint","urlTemplate":"https:\/\/onlinelotto365.com\/sr\/?s={search_term_string}"},"query-input":{"@type":"PropertyValueSpecification","valueRequired":true,"valueName":"search_term_string"}}],"inLanguage":"sr-RS"}]}},"_links":{"self":[{"href":"https:\/\/onlinelotto365.com\/sr\/wp-json\/wp\/v2\/pages\/84150","targetHints":{"allow":["GET"]}}],"collection":[{"href":"https:\/\/onlinelotto365.com\/sr\/wp-json\/wp\/v2\/pages"}],"about":[{"href":"https:\/\/onlinelotto365.com\/sr\/wp-json\/wp\/v2\/types\/page"}],"author":[{"embeddable":true,"href":"https:\/\/onlinelotto365.com\/sr\/wp-json\/wp\/v2\/users\/1"}],"replies":[{"embeddable":true,"href":"https:\/\/onlinelotto365.com\/sr\/wp-json\/wp\/v2\/comments?post=84150"}],"version-history":[{"count":0,"href":"https:\/\/onlinelotto365.com\/sr\/wp-json\/wp\/v2\/pages\/84150\/revisions"}],"up":[{"embeddable":true,"href":"https:\/\/onlinelotto365.com\/sr\/wp-json\/wp\/v2\/pages\/5675"}],"wp:attachment":[{"href":"https:\/\/onlinelotto365.com\/sr\/wp-json\/wp\/v2\/media?parent=84150"}],"curies":[{"name":"wp","href":"https:\/\/api.w.org\/{rel}","templated":true}]}}