{"id":84158,"date":"2023-09-27T12:22:09","date_gmt":"2023-09-27T11:22:09","guid":{"rendered":"https:\/\/onlinelotto365.com\/kupiti-karte\/kako-kupiti-ulaznice-za-subotnju-lutriju-australije-putem-interneta"},"modified":"2023-09-27T12:22:09","modified_gmt":"2023-09-27T11:22:09","slug":"kako-kupiti-ulaznice-za-subotnju-lutriju-australije-putem-interneta","status":"publish","type":"page","link":"https:\/\/onlinelotto365.com\/sr\/kupiti-karte\/kako-kupiti-ulaznice-za-subotnju-lutriju-australije-putem-interneta\/","title":{"rendered":"Kako kupiti ulaznice za subotnju lutriju Australije putem interneta."},"content":{"rendered":"<p>Ako niste bili sigurni kako da online kupite ulaznice za Saturday Lotto Australia, sigurno \u0107ete \u017eeleti da pogledate ovaj vodi\u010d korak po korak koji je dizajniran da vam pomogne da to brzo postignete. Ne\u0107ete morati brinuti o ni\u010demu jer \u0107emo vam pomo\u0107i.<\/p>\n<p>Idite na stranicu za Saturday Lotto Australia i izaberite brojeve koje \u017eelite odabrati za svaku svoju ulaznicu.<\/p>\n<h2>Dodajte vi\u0161e ulaznica za istu igru ili razli\u010dite igre.<\/h2>\n<p>Idite na opciju &#8222;Plati sada&#8220;.<\/p>\n<p>Prijavite se na svoj postoje\u0107i ra\u010dun ili odaberite opciju za registraciju novog ra\u010duna i pratite upute.<\/p>\n<p>Za nove ra\u010dune, obavezno proverite svoj inbox e-po\u0161te za potvrdni e-mail s verifikacionim linkom.<\/p>\n<p>Proverite svoju spam fasciklu ako ne vidite potvrdni e-mail i kliknite na link.<\/p>\n<p>Idite u svoju korpu za kupovinu.<br \/>\n<img decoding=\"async\" class=\"aligncenter\" src=\"https:\/\/redfoxlotto.com\/image?size=8&amp;lottery=saturday-lotto-au\" alt=\"Saturday Lotto Australia\" \/><br \/>\nIzaberite opciju pla\u0107anja koju \u017eelite koristiti i pratite proces pla\u0107anja.<\/p>\n<h2>Kako platiti svoju ulaznicu za Saturday Lotto Australia online<\/h2>\n<p>Mo\u017eete koristiti jednu od mnogih razli\u010ditih sigurnih opcija pla\u0107anja kada budete spremni da kupite svoje slede\u0107e lutrijske ulaznice s nama iz Srbije.<\/p>\n<h2>Izaberite izme\u0111u ovih razli\u010ditih opcija:<\/h2>\n<ol>\n<li>Pla\u0107ajte narud\u017ebu direktno putem svoje preferirane metode pla\u0107anja.<\/li>\n<li>Polo\u017eite novac na svoj ra\u010dun i koristite ga za kupovinu ulaznica.<\/li>\n<li>Obavezno dodajte dovoljno novca za kupovinu ako odlu\u010dite polo\u017eiti novac na svoj ra\u010dun.<\/li>\n<\/ol>\n<h2>Vi\u0161e informacija o Saturday Lotto Australia<\/h2>\n<ul>\n<li>Zemlja: Australija<\/li>\n<li>Opseg glavnih brojeva: 45<\/li>\n<li>Vi birate: 6<\/li>\n<li>Dani i sati izvla\u010denja: Subota, 21:30 GMT+11, 10:30 CET<\/li>\n<li>Minimalni d\u017eekpot: AU$ 5 miliona<\/li>\n<li>Maksimalni d\u017eekpot: AU$ 150 miliona<\/li>\n<li>Verovatno\u0107a osvajanja d\u017eekpota: 1 prema 8145060<\/li>\n<li>Verovatno\u0107a osvajanja drugog nivoa dobitka: 1 prema 678755<br \/>\n<img loading=\"lazy\" decoding=\"async\" class=\"alignright wp-image-3694\" src=\"https:\/\/onlinelotto365.com\/wp-content\/uploads\/2020\/11\/online_lottery-11-300x300.jpeg\" alt=\"buy tickets saturday lotto online\" width=\"187\" height=\"187\" srcset=\"https:\/\/onlinelotto365.com\/wp-content\/uploads\/2020\/11\/online_lottery-11-300x300.jpeg 300w, https:\/\/onlinelotto365.com\/wp-content\/uploads\/2020\/11\/online_lottery-11-100x100.jpeg 100w, https:\/\/onlinelotto365.com\/wp-content\/uploads\/2020\/11\/online_lottery-11-150x150.jpeg 150w, https:\/\/onlinelotto365.com\/wp-content\/uploads\/2020\/11\/online_lottery-11.jpeg 480w\" sizes=\"auto, (max-width: 187px) 100vw, 187px\" \/><br \/>\nVerovatno\u0107a osvajanja dobitka u bilo kojem nivou: 1 prema 85,44<\/li>\n<\/ul>\n<p>Broj nivoa dobitaka: 6<\/p>\n<p>Prednosti kupovine ulaznica za Saturday Lotto Australia online<\/p>\n<h2>Dobijate ulaznice koje \u017eelite i nikada ne morate izlaziti napolje &#8211; lutrija online.<\/h2>\n<ul>\n<li>Izaberite izme\u0111u razli\u010ditih lutrijskih igara.<\/li>\n<li>Pove\u0107ajte \u0161anse za osvajanje najve\u0107ih d\u017eekpota.<\/li>\n<li>Polo\u017eite novac na ra\u010dun, a zatim platite ulaznice.<\/li>\n<li>Lako pratite svoje ulaznice.<\/li>\n<li>Dobijate obave\u0161tenja o dobitku svaki put.<\/li>\n<li>Koristite brzi izbor da biste dobili ulaznice bez odabira brojeva.<\/li>\n<li>Da li je legalno kupiti ulaznice za Saturday Lotto Australia online?<\/li>\n<\/ul>\n<p>Mo\u017eda ste nervozni zbog toga da li je kupovina lutrijskih ulaznica na ovaj na\u010din legalna dok ste rezident Srbije, i da li je ovo stvarno legalno u va\u0161oj zemlji prebivali\u0161ta. Pa, ne morate brinuti, jer se brinemo da sve bude legalno u skladu s zemljom iz koje se ulaznice kupuju, uklju\u010duju\u0107i zemlju u kojoj se lutrija bazira. Ne morate brinuti ni o \u010demu osim da budete dovoljno stari da kupite ulaznice. Da biste koristili na\u0161u web stranicu, morate imati 18 godina.<\/p>\n<h2>Kako \u0107u biti pla\u0107en ako osvojim Saturday Lotto Australia online?<\/h2>\n<p>Znamo da ne \u017eelite da niko uzima deo va\u0161eg dobitka i zato se brinemo da to ne bude slu\u010daj. Nikada nam ne\u0107ete pla\u0107ati proviziju kada osvojite svoje omiljene lutrijske igre. I ne morate brinuti o pla\u0107anju provizije na dobitku.<\/p>\n<p>Jedini put kada \u0107ete ikada platiti naknadu je ako odlu\u010dite da va\u0161 dobitak iz lutrije bude upla\u0107en putem bankovnog transfera, na primer, na bankovni ra\u010dun u Srbiji. Ovi bankovni transferi ponekad mogu izazvati naknade jer banke napla\u0107uju tro\u0161kove za me\u0111unarodne transferacije. Ova naknada mo\u017ee biti preneta na vas i skinuta iz va\u0161eg dobitka.<\/p>\n<h2>Kada je u pitanju isplata, samo trebate zapamtiti:<\/h2>\n<p>Isplate ispod \u20ac2500 se stavljaju na va\u0161 ra\u010dun. Ne morate ni\u0161ta raditi jer \u0107emo mi sve obaviti za vas.<\/p>\n<p>Isplate iznad \u20ac2500 se ispla\u0107uju putem bankovnog transfera ili \u010deka. Kontaktira\u0107e vas na\u0161 tim za podr\u0161ku kako biste popunili formular koji \u0107e nam omogu\u0107iti da znamo kako da vam prenesemo novac. Zatim samo morate \u010dekati nekoliko dana da biste ga dobili.<\/p>\n","protected":false},"excerpt":{"rendered":"<p>Ako niste bili sigurni kako da online kupite ulaznice za Saturday Lotto Australia, sigurno \u0107ete \u017eeleti da pogledate ovaj vodi\u010d korak po korak koji je dizajniran da vam pomogne da to brzo postignete. Ne\u0107ete morati brinuti o ni\u010demu jer \u0107emo vam pomo\u0107i. Idite na stranicu za Saturday Lotto Australia i izaberite brojeve koje \u017eelite odabrati [&hellip;]<\/p>\n","protected":false},"author":1,"featured_media":0,"parent":5675,"menu_order":15,"comment_status":"closed","ping_status":"closed","template":"saturday-lotto-info.php","meta":{"_et_pb_use_builder":"","_et_pb_old_content":"","_et_gb_content_width":"","exclude_from_search":false,"footnotes":""},"class_list":["post-84158","page","type-page","status-publish","hentry"],"yoast_head":"<!-- This site is optimized with the Yoast SEO plugin v23.4 - https:\/\/yoast.com\/wordpress\/plugins\/seo\/ -->\n<title>Kako kupiti ulaznice za Saturday Lotto Australia ako ste rezident Srbije<\/title>\n<meta name=\"description\" content=\"Gra\u0111ani Srbije sada mogu kupiti ulaznice za subotnju lutriju Australije.\" \/>\n<meta name=\"robots\" content=\"index, follow, max-snippet:-1, max-image-preview:large, max-video-preview:-1\" \/>\n<link rel=\"canonical\" href=\"https:\/\/onlinelotto365.com\/sr\/kupiti-karte\/kako-kupiti-ulaznice-za-subotnju-lutriju-australije-putem-interneta\/\" \/>\n<meta property=\"og:locale\" content=\"sr_RS\" \/>\n<meta property=\"og:type\" content=\"article\" \/>\n<meta property=\"og:title\" content=\"Kako kupiti ulaznice za Saturday Lotto Australia ako ste rezident Srbije\" \/>\n<meta property=\"og:description\" content=\"Gra\u0111ani Srbije sada mogu kupiti ulaznice za subotnju lutriju Australije.\" \/>\n<meta property=\"og:url\" content=\"https:\/\/onlinelotto365.com\/sr\/kupiti-karte\/kako-kupiti-ulaznice-za-subotnju-lutriju-australije-putem-interneta\/\" \/>\n<meta property=\"og:site_name\" content=\"OnlineLotto365\" \/>\n<meta property=\"og:image\" content=\"https:\/\/redfoxlotto.com\/image?size=8&amp;lottery=saturday-lotto-au\" \/>\n<meta name=\"twitter:card\" content=\"summary_large_image\" \/>\n<meta name=\"twitter:label1\" content=\"\u041f\u0440\u043e\u0446\u0435\u045a\u0435\u043d\u043e \u0432\u0440\u0435\u043c\u0435 \u0447\u0438\u0442\u0430\u045a\u0430\" \/>\n\t<meta name=\"twitter:data1\" content=\"3 \u043c\u0438\u043d\u0443\u0442\u0430\" \/>\n<script type=\"application\/ld+json\" class=\"yoast-schema-graph\">{\"@context\":\"https:\/\/schema.org\",\"@graph\":[{\"@type\":\"WebPage\",\"@id\":\"https:\/\/onlinelotto365.com\/sr\/kupiti-karte\/kako-kupiti-ulaznice-za-subotnju-lutriju-australije-putem-interneta\/\",\"url\":\"https:\/\/onlinelotto365.com\/sr\/kupiti-karte\/kako-kupiti-ulaznice-za-subotnju-lutriju-australije-putem-interneta\/\",\"name\":\"Kako kupiti ulaznice za Saturday Lotto Australia ako ste rezident Srbije\",\"isPartOf\":{\"@id\":\"https:\/\/onlinelotto365.com\/sr\/#website\"},\"primaryImageOfPage\":{\"@id\":\"https:\/\/onlinelotto365.com\/sr\/kupiti-karte\/kako-kupiti-ulaznice-za-subotnju-lutriju-australije-putem-interneta\/#primaryimage\"},\"image\":{\"@id\":\"https:\/\/onlinelotto365.com\/sr\/kupiti-karte\/kako-kupiti-ulaznice-za-subotnju-lutriju-australije-putem-interneta\/#primaryimage\"},\"thumbnailUrl\":\"https:\/\/redfoxlotto.com\/image?size=8&amp;lottery=saturday-lotto-au\",\"datePublished\":\"2023-09-27T11:22:09+00:00\",\"dateModified\":\"2023-09-27T11:22:09+00:00\",\"description\":\"Gra\u0111ani Srbije sada mogu kupiti ulaznice za subotnju lutriju Australije.\",\"breadcrumb\":{\"@id\":\"https:\/\/onlinelotto365.com\/sr\/kupiti-karte\/kako-kupiti-ulaznice-za-subotnju-lutriju-australije-putem-interneta\/#breadcrumb\"},\"inLanguage\":\"sr-RS\",\"potentialAction\":[{\"@type\":\"ReadAction\",\"target\":[\"https:\/\/onlinelotto365.com\/sr\/kupiti-karte\/kako-kupiti-ulaznice-za-subotnju-lutriju-australije-putem-interneta\/\"]}]},{\"@type\":\"ImageObject\",\"inLanguage\":\"sr-RS\",\"@id\":\"https:\/\/onlinelotto365.com\/sr\/kupiti-karte\/kako-kupiti-ulaznice-za-subotnju-lutriju-australije-putem-interneta\/#primaryimage\",\"url\":\"https:\/\/redfoxlotto.com\/image?size=8&amp;lottery=saturday-lotto-au\",\"contentUrl\":\"https:\/\/redfoxlotto.com\/image?size=8&amp;lottery=saturday-lotto-au\"},{\"@type\":\"BreadcrumbList\",\"@id\":\"https:\/\/onlinelotto365.com\/sr\/kupiti-karte\/kako-kupiti-ulaznice-za-subotnju-lutriju-australije-putem-interneta\/#breadcrumb\",\"itemListElement\":[{\"@type\":\"ListItem\",\"position\":1,\"name\":\"Home\",\"item\":\"https:\/\/onlinelotto365.com\/sr\/\"},{\"@type\":\"ListItem\",\"position\":2,\"name\":\"Kupi Loto Karte Online\",\"item\":\"https:\/\/onlinelotto365.com\/sr\/buy-tickets\/\"},{\"@type\":\"ListItem\",\"position\":3,\"name\":\"Kako kupiti ulaznice za subotnju lutriju Australije putem interneta.\"}]},{\"@type\":\"WebSite\",\"@id\":\"https:\/\/onlinelotto365.com\/sr\/#website\",\"url\":\"https:\/\/onlinelotto365.com\/sr\/\",\"name\":\"OnlineLotto365\",\"description\":\"\",\"potentialAction\":[{\"@type\":\"SearchAction\",\"target\":{\"@type\":\"EntryPoint\",\"urlTemplate\":\"https:\/\/onlinelotto365.com\/sr\/?s={search_term_string}\"},\"query-input\":{\"@type\":\"PropertyValueSpecification\",\"valueRequired\":true,\"valueName\":\"search_term_string\"}}],\"inLanguage\":\"sr-RS\"}]}<\/script>\n<!-- \/ Yoast SEO plugin. -->","yoast_head_json":{"title":"Kako kupiti ulaznice za Saturday Lotto Australia ako ste rezident Srbije","description":"Gra\u0111ani Srbije sada mogu kupiti ulaznice za subotnju lutriju Australije.","robots":{"index":"index","follow":"follow","max-snippet":"max-snippet:-1","max-image-preview":"max-image-preview:large","max-video-preview":"max-video-preview:-1"},"canonical":"https:\/\/onlinelotto365.com\/sr\/kupiti-karte\/kako-kupiti-ulaznice-za-subotnju-lutriju-australije-putem-interneta\/","og_locale":"sr_RS","og_type":"article","og_title":"Kako kupiti ulaznice za Saturday Lotto Australia ako ste rezident Srbije","og_description":"Gra\u0111ani Srbije sada mogu kupiti ulaznice za subotnju lutriju Australije.","og_url":"https:\/\/onlinelotto365.com\/sr\/kupiti-karte\/kako-kupiti-ulaznice-za-subotnju-lutriju-australije-putem-interneta\/","og_site_name":"OnlineLotto365","og_image":[{"url":"https:\/\/redfoxlotto.com\/image?size=8&amp;lottery=saturday-lotto-au"}],"twitter_card":"summary_large_image","twitter_misc":{"\u041f\u0440\u043e\u0446\u0435\u045a\u0435\u043d\u043e \u0432\u0440\u0435\u043c\u0435 \u0447\u0438\u0442\u0430\u045a\u0430":"3 \u043c\u0438\u043d\u0443\u0442\u0430"},"schema":{"@context":"https:\/\/schema.org","@graph":[{"@type":"WebPage","@id":"https:\/\/onlinelotto365.com\/sr\/kupiti-karte\/kako-kupiti-ulaznice-za-subotnju-lutriju-australije-putem-interneta\/","url":"https:\/\/onlinelotto365.com\/sr\/kupiti-karte\/kako-kupiti-ulaznice-za-subotnju-lutriju-australije-putem-interneta\/","name":"Kako kupiti ulaznice za Saturday Lotto Australia ako ste rezident Srbije","isPartOf":{"@id":"https:\/\/onlinelotto365.com\/sr\/#website"},"primaryImageOfPage":{"@id":"https:\/\/onlinelotto365.com\/sr\/kupiti-karte\/kako-kupiti-ulaznice-za-subotnju-lutriju-australije-putem-interneta\/#primaryimage"},"image":{"@id":"https:\/\/onlinelotto365.com\/sr\/kupiti-karte\/kako-kupiti-ulaznice-za-subotnju-lutriju-australije-putem-interneta\/#primaryimage"},"thumbnailUrl":"https:\/\/redfoxlotto.com\/image?size=8&amp;lottery=saturday-lotto-au","datePublished":"2023-09-27T11:22:09+00:00","dateModified":"2023-09-27T11:22:09+00:00","description":"Gra\u0111ani Srbije sada mogu kupiti ulaznice za subotnju lutriju Australije.","breadcrumb":{"@id":"https:\/\/onlinelotto365.com\/sr\/kupiti-karte\/kako-kupiti-ulaznice-za-subotnju-lutriju-australije-putem-interneta\/#breadcrumb"},"inLanguage":"sr-RS","potentialAction":[{"@type":"ReadAction","target":["https:\/\/onlinelotto365.com\/sr\/kupiti-karte\/kako-kupiti-ulaznice-za-subotnju-lutriju-australije-putem-interneta\/"]}]},{"@type":"ImageObject","inLanguage":"sr-RS","@id":"https:\/\/onlinelotto365.com\/sr\/kupiti-karte\/kako-kupiti-ulaznice-za-subotnju-lutriju-australije-putem-interneta\/#primaryimage","url":"https:\/\/redfoxlotto.com\/image?size=8&amp;lottery=saturday-lotto-au","contentUrl":"https:\/\/redfoxlotto.com\/image?size=8&amp;lottery=saturday-lotto-au"},{"@type":"BreadcrumbList","@id":"https:\/\/onlinelotto365.com\/sr\/kupiti-karte\/kako-kupiti-ulaznice-za-subotnju-lutriju-australije-putem-interneta\/#breadcrumb","itemListElement":[{"@type":"ListItem","position":1,"name":"Home","item":"https:\/\/onlinelotto365.com\/sr\/"},{"@type":"ListItem","position":2,"name":"Kupi Loto Karte Online","item":"https:\/\/onlinelotto365.com\/sr\/buy-tickets\/"},{"@type":"ListItem","position":3,"name":"Kako kupiti ulaznice za subotnju lutriju Australije putem interneta."}]},{"@type":"WebSite","@id":"https:\/\/onlinelotto365.com\/sr\/#website","url":"https:\/\/onlinelotto365.com\/sr\/","name":"OnlineLotto365","description":"","potentialAction":[{"@type":"SearchAction","target":{"@type":"EntryPoint","urlTemplate":"https:\/\/onlinelotto365.com\/sr\/?s={search_term_string}"},"query-input":{"@type":"PropertyValueSpecification","valueRequired":true,"valueName":"search_term_string"}}],"inLanguage":"sr-RS"}]}},"_links":{"self":[{"href":"https:\/\/onlinelotto365.com\/sr\/wp-json\/wp\/v2\/pages\/84158","targetHints":{"allow":["GET"]}}],"collection":[{"href":"https:\/\/onlinelotto365.com\/sr\/wp-json\/wp\/v2\/pages"}],"about":[{"href":"https:\/\/onlinelotto365.com\/sr\/wp-json\/wp\/v2\/types\/page"}],"author":[{"embeddable":true,"href":"https:\/\/onlinelotto365.com\/sr\/wp-json\/wp\/v2\/users\/1"}],"replies":[{"embeddable":true,"href":"https:\/\/onlinelotto365.com\/sr\/wp-json\/wp\/v2\/comments?post=84158"}],"version-history":[{"count":0,"href":"https:\/\/onlinelotto365.com\/sr\/wp-json\/wp\/v2\/pages\/84158\/revisions"}],"up":[{"embeddable":true,"href":"https:\/\/onlinelotto365.com\/sr\/wp-json\/wp\/v2\/pages\/5675"}],"wp:attachment":[{"href":"https:\/\/onlinelotto365.com\/sr\/wp-json\/wp\/v2\/media?parent=84158"}],"curies":[{"name":"wp","href":"https:\/\/api.w.org\/{rel}","templated":true}]}}