{"id":84168,"date":"2023-09-27T15:55:39","date_gmt":"2023-09-27T14:55:39","guid":{"rendered":"https:\/\/onlinelotto365.com\/kupiti-karte\/kako-kupiti-mon-wed-lotto-australia-ulaznice-online"},"modified":"2023-09-27T15:55:39","modified_gmt":"2023-09-27T14:55:39","slug":"kako-kupiti-mon-wed-lotto-australia-ulaznice-online","status":"publish","type":"page","link":"https:\/\/onlinelotto365.com\/sr\/kupiti-karte\/kako-kupiti-mon-wed-lotto-australia-ulaznice-online\/","title":{"rendered":"Kako kupiti Mon &#038; Wed Lotto Australia ulaznice online?"},"content":{"rendered":"<p>Napisali smo razli\u010dite korake koje trebate slijediti ako \u017eelite kupiti Mon &amp; Wed Lotto Australia ulaznice s na\u0161e web stranice. To je jednostavno i lako, i kada pro\u0111ete kroz ove korake, imat \u0107ete svoje ulaznice spremne za brzu upotrebu.<\/p>\n<ol>\n<li>Idite na stranicu lutrije koju \u017eelite igrati i odaberite brojeve koje \u0107ete igrati na svakoj ulaznici.<\/li>\n<li>Dodajte koliko god \u017eelite ulaznica za ovu ili bilo koju drugu igru kako biste napravili svoju narud\u017ebu.<\/li>\n<li>Odaberite opciju za pla\u0107anje odmah.<\/li>\n<li>Prijavite se na svoj trenutni ra\u010dun ili pro\u0111ite kroz postupak stvaranja novog ra\u010duna i registracije.<\/li>\n<li>Idite na svoju e-po\u0161tu kako biste dobili verifikacijski link za registraciju svog ra\u010duna i izvr\u0161ili kupovinu.<\/li>\n<li>Provjerite mapu ne\u017eeljene po\u0161te da biste vidjeli je li e-po\u0161ta slu\u010dajno poslana tamo ako je ne vidite u svom prijemnom sandu\u010di\u0107u.<\/li>\n<li>Pro\u0111ite kroz postupak naplate u svojoj ko\u0161arici za kupovinu.<\/li>\n<li>Odaberite na\u010din pla\u0107anja koji \u017eelite koristiti i pratite upute za obradu pla\u0107anja.<\/li>\n<\/ol>\n<h2><img decoding=\"async\" class=\"aligncenter\" src=\"https:\/\/redfoxlotto.com\/image?size=8&amp;lottery=monday-wednesday-lotto-au\" alt=\"Mon &amp; Wed Lotto Australia\" \/><br \/>\nKako platiti svoju ulaznicu za Mon &amp; Wed Lotto Australia putem interneta<\/h2>\n<p>Kada je u pitanju pla\u0107anje, imate nekoliko potpuno sigurnih opcija. Samo pogledajte ovdje i vidjet \u0107ete koje su neke od tih opcija.<\/p>\n<ul>\n<li>Platite izravno putem odabrane metode pla\u0107anja.<\/li>\n<li>Dodajte novac na igra\u010dki ra\u010dun i koristite taj ra\u010dun za kupovinu ulaznica.<\/li>\n<\/ul>\n<p>Nemojte napraviti gre\u0161ku i staviti premalo novca na svoj ra\u010dun za pla\u0107anje ulaznica. Trebat \u0107ete malo vi\u0161e nego iznos svoje ko\u0161arice.<\/p>\n<h2>Vi\u0161e informacija o Mon &amp; Wed Lotto Australia<\/h2>\n<ul>\n<li>Zemlja: Australija<\/li>\n<li>Glavni brojevi: 45<\/li>\n<li>Izaberite: 6 Dani izvla\u010denja,<\/li>\n<li>sati: Ponedjeljak,<\/li>\n<li>srijeda, 21:30 GMT+11, 10:30 CET Minimalni<\/li>\n<li>jackpot: AU$ 2,5 miliona Maksimalni<\/li>\n<li>jackpot: fiksni jackpot Vjerojatnost osvajanja glavnog<\/li>\n<li>jackpota: 1 u 8145060 Vjerojatnost osvajanja nagrade drugog ranga: 1 u 678755<\/li>\n<li>Vjerojatnost osvajanja nagrade u bilo kojem rangu: 1 u 85,44<\/li>\n<li>Broj nivoa nagrada: 6<\/li>\n<\/ul>\n<h2>Prednosti kupovine ulaznica za Mon &amp; Wed Lotto Australia putem interneta<br \/>\n<img loading=\"lazy\" decoding=\"async\" class=\"alignright wp-image-3685\" src=\"https:\/\/onlinelotto365.com\/wp-content\/uploads\/2020\/11\/online_lottery-4-300x192.jpeg\" alt=\"mon wed lotto australia online\" width=\"255\" height=\"163\" srcset=\"https:\/\/onlinelotto365.com\/wp-content\/uploads\/2020\/11\/online_lottery-4-300x192.jpeg 300w, https:\/\/onlinelotto365.com\/wp-content\/uploads\/2020\/11\/online_lottery-4-600x383.jpeg 600w, https:\/\/onlinelotto365.com\/wp-content\/uploads\/2020\/11\/online_lottery-4.jpeg 751w\" sizes=\"auto, (max-width: 255px) 100vw, 255px\" \/><\/h2>\n<p>Kupite lutrijske ulaznice iz udobnosti svog doma, bez brige o izlasku. Izaberite izme\u0111u svih svojih omiljenih ulaznica i jo\u0161 nekih. Pove\u0107ajte \u0161anse odabirom igara s najve\u0107im iznosima jackpota. Koristite saldo na svom ra\u010dunu za kupovinu ulaznica uplatom novca. Pratite svoje ulaznice putem online ra\u010duna. Dobijte obavijesti kad imate dobitnu ulaznicu. Koristite generator slu\u010dajnih brojeva za odabir ulaznica umesto vas.<\/p>\n<h2>Je li legalno kupovati ulaznice za Mon &amp; Wed Lotto Australia putem interneta?<\/h2>\n<p>Mnogi se brinu da li je kupovina ulaznica putem interneta ilegalna ili da li je mo\u017eda ilegalno kupovati ih na tradicionalan na\u010din u njihovoj mati\u010dnoj zemlji. Pa, mi se pobrinemo da se pridr\u017eavaju svi propisi zemlje iz koje dolazi lutrija. Tako\u0111e \u0107emo se pobrinuti da dobijete svoje dobitke. Bilo da osvojite mali ili veliki dobitak, pomo\u0107i \u0107emo vam da dobijete ono \u0161to tra\u017eite i na \u0161to imate pravo.<\/p>\n<p>Svi korisnici na\u0161e web stranice moraju imati najmanje 18 godina.<\/p>\n<h2>Kako \u0107u biti ispla\u0107en ako osvojim na Mon &amp; Wed Lotto Australia putem interneta?<\/h2>\n<p>Najva\u017eniji deo procesa je isplata dobitka na\u0161im korisnicima, a mi to \u010dinimo tako da nema provizija. Ne morate se brinuti da \u0107emo vam uzeti ne\u0161to od dobitka, osim ako se ne odlu\u010dite za bankovni transfer. Ovaj na\u010din pla\u0107anja, posebno kada se obavlja kao me\u0111unarodna transakcija, mo\u017ee nas ko\u0161tati ako banka naplati naknade. Ako se to dogodi, tada bi tro\u0161kovi mogli biti preneti na vas i oduzeti iz va\u0161eg dobitka.<\/p>\n<p>Postoje dva razli\u010dita na\u010dina na koje se obavljaju isplate.<\/p>\n<ul>\n<li>Isplate koje su manje od 2500 \u20ac \u0107e se izvr\u0161iti bez va\u0161eg unosa. Na\u0161 tim se brine da se novac direktno uplati na va\u0161 ra\u010dun.<\/li>\n<li>Iznosi dobitka koji su ve\u0107i od 2500 \u20ac obra\u0111uju se na druga\u010diji na\u010din. Ti iznosi moraju biti obra\u0111eni kod lutrijske komisije, \u0161to zna\u010di da nam je potreban obrazac za zahtev. Posla\u0107emo vam obrazac, a vi samo trebate da ga popunite i obavestite nas \u017eelite li svoj novac putem bankovnog transfera ili \u010deka.<\/li>\n<\/ul>\n","protected":false},"excerpt":{"rendered":"<p>Napisali smo razli\u010dite korake koje trebate slijediti ako \u017eelite kupiti Mon &amp; Wed Lotto Australia ulaznice s na\u0161e web stranice. To je jednostavno i lako, i kada pro\u0111ete kroz ove korake, imat \u0107ete svoje ulaznice spremne za brzu upotrebu. Idite na stranicu lutrije koju \u017eelite igrati i odaberite brojeve koje \u0107ete igrati na svakoj ulaznici. [&hellip;]<\/p>\n","protected":false},"author":1,"featured_media":0,"parent":5675,"menu_order":16,"comment_status":"closed","ping_status":"closed","template":"template-rightsidebar.php","meta":{"_et_pb_use_builder":"","_et_pb_old_content":"","_et_gb_content_width":"","exclude_from_search":false,"footnotes":""},"class_list":["post-84168","page","type-page","status-publish","hentry"],"yoast_head":"<!-- This site is optimized with the Yoast SEO plugin v23.4 - https:\/\/yoast.com\/wordpress\/plugins\/seo\/ -->\n<title>Kupovina ulaznica putem interneta za Mon &amp; Wed Lotto Australija<\/title>\n<meta name=\"description\" content=\"Bez obzira gde \u017eivite i bez obzira na ono \u0161to tra\u017eite, ovde mo\u017eete dobiti ulaznice za Mon &amp; Wed Lotto Australija!\" \/>\n<meta name=\"robots\" content=\"index, follow, max-snippet:-1, max-image-preview:large, max-video-preview:-1\" \/>\n<link rel=\"canonical\" href=\"https:\/\/onlinelotto365.com\/sr\/kupiti-karte\/kako-kupiti-mon-wed-lotto-australia-ulaznice-online\/\" \/>\n<meta property=\"og:locale\" content=\"sr_RS\" \/>\n<meta property=\"og:type\" content=\"article\" \/>\n<meta property=\"og:title\" content=\"Kupovina ulaznica putem interneta za Mon &amp; Wed Lotto Australija\" \/>\n<meta property=\"og:description\" content=\"Bez obzira gde \u017eivite i bez obzira na ono \u0161to tra\u017eite, ovde mo\u017eete dobiti ulaznice za Mon &amp; Wed Lotto Australija!\" \/>\n<meta property=\"og:url\" content=\"https:\/\/onlinelotto365.com\/sr\/kupiti-karte\/kako-kupiti-mon-wed-lotto-australia-ulaznice-online\/\" \/>\n<meta property=\"og:site_name\" content=\"OnlineLotto365\" \/>\n<meta property=\"og:image\" content=\"https:\/\/redfoxlotto.com\/image?size=8&amp;lottery=monday-wednesday-lotto-au\" \/>\n<meta name=\"twitter:card\" content=\"summary_large_image\" \/>\n<meta name=\"twitter:label1\" content=\"\u041f\u0440\u043e\u0446\u0435\u045a\u0435\u043d\u043e \u0432\u0440\u0435\u043c\u0435 \u0447\u0438\u0442\u0430\u045a\u0430\" \/>\n\t<meta name=\"twitter:data1\" content=\"3 \u043c\u0438\u043d\u0443\u0442\u0430\" \/>\n<script type=\"application\/ld+json\" class=\"yoast-schema-graph\">{\"@context\":\"https:\/\/schema.org\",\"@graph\":[{\"@type\":\"WebPage\",\"@id\":\"https:\/\/onlinelotto365.com\/sr\/kupiti-karte\/kako-kupiti-mon-wed-lotto-australia-ulaznice-online\/\",\"url\":\"https:\/\/onlinelotto365.com\/sr\/kupiti-karte\/kako-kupiti-mon-wed-lotto-australia-ulaznice-online\/\",\"name\":\"Kupovina ulaznica putem interneta za Mon & Wed Lotto Australija\",\"isPartOf\":{\"@id\":\"https:\/\/onlinelotto365.com\/sr\/#website\"},\"primaryImageOfPage\":{\"@id\":\"https:\/\/onlinelotto365.com\/sr\/kupiti-karte\/kako-kupiti-mon-wed-lotto-australia-ulaznice-online\/#primaryimage\"},\"image\":{\"@id\":\"https:\/\/onlinelotto365.com\/sr\/kupiti-karte\/kako-kupiti-mon-wed-lotto-australia-ulaznice-online\/#primaryimage\"},\"thumbnailUrl\":\"https:\/\/redfoxlotto.com\/image?size=8&amp;lottery=monday-wednesday-lotto-au\",\"datePublished\":\"2023-09-27T14:55:39+00:00\",\"dateModified\":\"2023-09-27T14:55:39+00:00\",\"description\":\"Bez obzira gde \u017eivite i bez obzira na ono \u0161to tra\u017eite, ovde mo\u017eete dobiti ulaznice za Mon & Wed Lotto Australija!\",\"breadcrumb\":{\"@id\":\"https:\/\/onlinelotto365.com\/sr\/kupiti-karte\/kako-kupiti-mon-wed-lotto-australia-ulaznice-online\/#breadcrumb\"},\"inLanguage\":\"sr-RS\",\"potentialAction\":[{\"@type\":\"ReadAction\",\"target\":[\"https:\/\/onlinelotto365.com\/sr\/kupiti-karte\/kako-kupiti-mon-wed-lotto-australia-ulaznice-online\/\"]}]},{\"@type\":\"ImageObject\",\"inLanguage\":\"sr-RS\",\"@id\":\"https:\/\/onlinelotto365.com\/sr\/kupiti-karte\/kako-kupiti-mon-wed-lotto-australia-ulaznice-online\/#primaryimage\",\"url\":\"https:\/\/redfoxlotto.com\/image?size=8&amp;lottery=monday-wednesday-lotto-au\",\"contentUrl\":\"https:\/\/redfoxlotto.com\/image?size=8&amp;lottery=monday-wednesday-lotto-au\"},{\"@type\":\"BreadcrumbList\",\"@id\":\"https:\/\/onlinelotto365.com\/sr\/kupiti-karte\/kako-kupiti-mon-wed-lotto-australia-ulaznice-online\/#breadcrumb\",\"itemListElement\":[{\"@type\":\"ListItem\",\"position\":1,\"name\":\"Home\",\"item\":\"https:\/\/onlinelotto365.com\/sr\/\"},{\"@type\":\"ListItem\",\"position\":2,\"name\":\"Kupi Loto Karte Online\",\"item\":\"https:\/\/onlinelotto365.com\/sr\/buy-tickets\/\"},{\"@type\":\"ListItem\",\"position\":3,\"name\":\"Kako kupiti Mon &#038; Wed Lotto Australia ulaznice online?\"}]},{\"@type\":\"WebSite\",\"@id\":\"https:\/\/onlinelotto365.com\/sr\/#website\",\"url\":\"https:\/\/onlinelotto365.com\/sr\/\",\"name\":\"OnlineLotto365\",\"description\":\"\",\"potentialAction\":[{\"@type\":\"SearchAction\",\"target\":{\"@type\":\"EntryPoint\",\"urlTemplate\":\"https:\/\/onlinelotto365.com\/sr\/?s={search_term_string}\"},\"query-input\":{\"@type\":\"PropertyValueSpecification\",\"valueRequired\":true,\"valueName\":\"search_term_string\"}}],\"inLanguage\":\"sr-RS\"}]}<\/script>\n<!-- \/ Yoast SEO plugin. -->","yoast_head_json":{"title":"Kupovina ulaznica putem interneta za Mon & Wed Lotto Australija","description":"Bez obzira gde \u017eivite i bez obzira na ono \u0161to tra\u017eite, ovde mo\u017eete dobiti ulaznice za Mon & Wed Lotto Australija!","robots":{"index":"index","follow":"follow","max-snippet":"max-snippet:-1","max-image-preview":"max-image-preview:large","max-video-preview":"max-video-preview:-1"},"canonical":"https:\/\/onlinelotto365.com\/sr\/kupiti-karte\/kako-kupiti-mon-wed-lotto-australia-ulaznice-online\/","og_locale":"sr_RS","og_type":"article","og_title":"Kupovina ulaznica putem interneta za Mon & Wed Lotto Australija","og_description":"Bez obzira gde \u017eivite i bez obzira na ono \u0161to tra\u017eite, ovde mo\u017eete dobiti ulaznice za Mon & Wed Lotto Australija!","og_url":"https:\/\/onlinelotto365.com\/sr\/kupiti-karte\/kako-kupiti-mon-wed-lotto-australia-ulaznice-online\/","og_site_name":"OnlineLotto365","og_image":[{"url":"https:\/\/redfoxlotto.com\/image?size=8&amp;lottery=monday-wednesday-lotto-au"}],"twitter_card":"summary_large_image","twitter_misc":{"\u041f\u0440\u043e\u0446\u0435\u045a\u0435\u043d\u043e \u0432\u0440\u0435\u043c\u0435 \u0447\u0438\u0442\u0430\u045a\u0430":"3 \u043c\u0438\u043d\u0443\u0442\u0430"},"schema":{"@context":"https:\/\/schema.org","@graph":[{"@type":"WebPage","@id":"https:\/\/onlinelotto365.com\/sr\/kupiti-karte\/kako-kupiti-mon-wed-lotto-australia-ulaznice-online\/","url":"https:\/\/onlinelotto365.com\/sr\/kupiti-karte\/kako-kupiti-mon-wed-lotto-australia-ulaznice-online\/","name":"Kupovina ulaznica putem interneta za Mon & Wed Lotto Australija","isPartOf":{"@id":"https:\/\/onlinelotto365.com\/sr\/#website"},"primaryImageOfPage":{"@id":"https:\/\/onlinelotto365.com\/sr\/kupiti-karte\/kako-kupiti-mon-wed-lotto-australia-ulaznice-online\/#primaryimage"},"image":{"@id":"https:\/\/onlinelotto365.com\/sr\/kupiti-karte\/kako-kupiti-mon-wed-lotto-australia-ulaznice-online\/#primaryimage"},"thumbnailUrl":"https:\/\/redfoxlotto.com\/image?size=8&amp;lottery=monday-wednesday-lotto-au","datePublished":"2023-09-27T14:55:39+00:00","dateModified":"2023-09-27T14:55:39+00:00","description":"Bez obzira gde \u017eivite i bez obzira na ono \u0161to tra\u017eite, ovde mo\u017eete dobiti ulaznice za Mon & Wed Lotto Australija!","breadcrumb":{"@id":"https:\/\/onlinelotto365.com\/sr\/kupiti-karte\/kako-kupiti-mon-wed-lotto-australia-ulaznice-online\/#breadcrumb"},"inLanguage":"sr-RS","potentialAction":[{"@type":"ReadAction","target":["https:\/\/onlinelotto365.com\/sr\/kupiti-karte\/kako-kupiti-mon-wed-lotto-australia-ulaznice-online\/"]}]},{"@type":"ImageObject","inLanguage":"sr-RS","@id":"https:\/\/onlinelotto365.com\/sr\/kupiti-karte\/kako-kupiti-mon-wed-lotto-australia-ulaznice-online\/#primaryimage","url":"https:\/\/redfoxlotto.com\/image?size=8&amp;lottery=monday-wednesday-lotto-au","contentUrl":"https:\/\/redfoxlotto.com\/image?size=8&amp;lottery=monday-wednesday-lotto-au"},{"@type":"BreadcrumbList","@id":"https:\/\/onlinelotto365.com\/sr\/kupiti-karte\/kako-kupiti-mon-wed-lotto-australia-ulaznice-online\/#breadcrumb","itemListElement":[{"@type":"ListItem","position":1,"name":"Home","item":"https:\/\/onlinelotto365.com\/sr\/"},{"@type":"ListItem","position":2,"name":"Kupi Loto Karte Online","item":"https:\/\/onlinelotto365.com\/sr\/buy-tickets\/"},{"@type":"ListItem","position":3,"name":"Kako kupiti Mon &#038; Wed Lotto Australia ulaznice online?"}]},{"@type":"WebSite","@id":"https:\/\/onlinelotto365.com\/sr\/#website","url":"https:\/\/onlinelotto365.com\/sr\/","name":"OnlineLotto365","description":"","potentialAction":[{"@type":"SearchAction","target":{"@type":"EntryPoint","urlTemplate":"https:\/\/onlinelotto365.com\/sr\/?s={search_term_string}"},"query-input":{"@type":"PropertyValueSpecification","valueRequired":true,"valueName":"search_term_string"}}],"inLanguage":"sr-RS"}]}},"_links":{"self":[{"href":"https:\/\/onlinelotto365.com\/sr\/wp-json\/wp\/v2\/pages\/84168","targetHints":{"allow":["GET"]}}],"collection":[{"href":"https:\/\/onlinelotto365.com\/sr\/wp-json\/wp\/v2\/pages"}],"about":[{"href":"https:\/\/onlinelotto365.com\/sr\/wp-json\/wp\/v2\/types\/page"}],"author":[{"embeddable":true,"href":"https:\/\/onlinelotto365.com\/sr\/wp-json\/wp\/v2\/users\/1"}],"replies":[{"embeddable":true,"href":"https:\/\/onlinelotto365.com\/sr\/wp-json\/wp\/v2\/comments?post=84168"}],"version-history":[{"count":0,"href":"https:\/\/onlinelotto365.com\/sr\/wp-json\/wp\/v2\/pages\/84168\/revisions"}],"up":[{"embeddable":true,"href":"https:\/\/onlinelotto365.com\/sr\/wp-json\/wp\/v2\/pages\/5675"}],"wp:attachment":[{"href":"https:\/\/onlinelotto365.com\/sr\/wp-json\/wp\/v2\/media?parent=84168"}],"curies":[{"name":"wp","href":"https:\/\/api.w.org\/{rel}","templated":true}]}}