{"id":84177,"date":"2023-09-27T17:35:34","date_gmt":"2023-09-27T16:35:34","guid":{"rendered":"https:\/\/onlinelotto365.com\/dobitni-brojevi\/proverite-dobitne-brojeve-za-eurojackpot-ovde"},"modified":"2023-09-27T17:35:34","modified_gmt":"2023-09-27T16:35:34","slug":"proverite-dobitne-brojeve-za-eurojackpot-ovde","status":"publish","type":"page","link":"https:\/\/onlinelotto365.com\/sr\/dobitni-brojevi\/proverite-dobitne-brojeve-za-eurojackpot-ovde\/","title":{"rendered":"Proverite dobitne brojeve za Eurojackpot ovde."},"content":{"rendered":"<div class=\"flex-shrink-0 flex flex-col relative items-end\">\n<div><\/div>\n<div class=\"text-xs flex items-center justify-center gap-1 absolute left-0 top-2 -ml-4 -translate-x-full gizmo:top-1 gizmo:-ml-6 invisible\">Postoje mnoge razli\u010dite me\u0111unarodne lutrije dostupne na na\u0161em veb sajtu, \u0161to zna\u010di da pronala\u017eenje brojeva i rezultata mo\u017ee biti te\u0161ko za neke. A kada je re\u010d o pronala\u017eenju brojeva drugde, stvari mogu biti jo\u0161 gore. Verovatno ne\u0107ete prona\u0107i rezultate Eurojackpot-a u lokalnim novinama, a te\u0161ko ih je prona\u0107i i na televiziji. Posebno jer se \u010desto ne prenose u\u017eivo.<\/div>\n<\/div>\n<div class=\"relative flex w-[calc(100%-50px)] flex-col gap-1 md:gap-3 lg:w-[calc(100%-115px)] agent-turn\">\n<div class=\"flex flex-grow flex-col gap-3 max-w-full\">\n<div class=\"min-h-[20px] flex flex-col items-start gap-3 overflow-x-auto whitespace-pre-wrap break-words\">\n<div class=\"markdown prose w-full break-words dark:prose-invert light\">\n<img decoding=\"async\" class=\"aligncenter\" src=\"https:\/\/redfoxlotto.com\/image?size=8&amp;lottery=eurojackpot\" alt=\"eurojackpot\" \/><br \/>\nTako\u0111e mo\u017eete proveriti veb sajt Eurojackpot lutrije, koji vam omogu\u0107ava pristup u\u017eivom prenosu rezultata i izvla\u010denju. Ovo mo\u017ee biti veoma zabavno i br\u017ee \u0107ete saznati da li ste dobili. Me\u0111utim, ovo nije uvek mogu\u0107e i treba\u0107e vam pravo vreme.<\/p>\n<p>Ako tra\u017eite brojeve nakon izvla\u010denja, uvek mo\u017eete proveriti na YouTube-u da vidite da li je izvla\u010denje dostupno ili da li neko ima video sa dobitnim brojevima.<\/p>\n<p>Najlak\u0161i na\u010din da prona\u0111ete dobitne brojeve, i \u010dak da vidite sve nagrade i rezultate, je da posetite na\u0161 veb sajt na stranici rezultata lutrije. Tamo \u0107ete prona\u0107i sve dobitne brojeve iz Eurojackpot-a i sve ostale igre koje nudimo.<\/p>\n<h2>Kako znati da li ste pobedili<\/h2>\n<p>Da li ste kupili tiket za Eurojackpot? Ako jeste, \u010dak i ne morate i\u0107i na stranicu sa rezultatima. Samo idite na svoj nalog i vide\u0107ete dobitne brojeve odmah pored svog tiketa. \u010cak \u0107ete mo\u0107i da vidite koji su brojevi bili ta\u010dni, a koji nisu, i koliko ste osvojili. Ako ste osvojili manje od 2.500 evra, novac \u0107e vam biti odmah upla\u0107en na ra\u010dun, \u010dim se potvrde lutrijski brojevi.<\/p>\n<p>Na\u0161 veb sajt \u0107e vam prikazati rezultate poslednjeg Eurojackpot-a, ali \u0107e vam tako\u0111e pru\u017eiti mnogo opcija za proveru starijih izvla\u010denja. Tako mo\u017eete proveriti starije tikete ili ako tra\u017eite najbolje brojeve koje \u0107ete isprobati slede\u0107i put kada kupite tiket. U stvari, ovo je jedna od najpopularnijih strategija za lutriju koje ljudi koriste.<\/p>\n<h2>\u0160ta se de\u0161ava ako je moj tiket pobedio<\/h2>\n<p>Ve\u0107 smo razgovarali o nagradama ispod 2.500 evra. Te nagrade se odmah upla\u0107uju na va\u0161 ra\u010dun i tada mo\u017eete da odlu\u010dite da li \u0107ete kupiti vi\u0161e tiketa ili povu\u0107i sav ili deo novca. Sve \u0161to trebate da uradite je da se pobrinite da na svom ra\u010dunu imate najmanje 10 evra kako biste mogli da ih povu\u010dete putem metode koju izaberete.<\/p>\n<p>Mo\u017eete da izaberete da novac povu\u010dete na svoj bankovni ra\u010dun ili kreditnu karticu, i mi vam to olak\u0161avamo. \u017delimo da mo\u017eete da do\u0111ete do svog novca, ali trebamo preduzeti nekoliko koraka kako bismo novac preneli na va\u0161 ra\u010dun. Sve u svemu, prenosi novca putem interneta su podlo\u017eni stro\u017eim regulacijama.<\/p>\n<\/div>\n<\/div>\n<\/div>\n<\/div>\n","protected":false},"excerpt":{"rendered":"<p>Postoje mnoge razli\u010dite me\u0111unarodne lutrije dostupne na na\u0161em veb sajtu, \u0161to zna\u010di da pronala\u017eenje brojeva i rezultata mo\u017ee biti te\u0161ko za neke. A kada je re\u010d o pronala\u017eenju brojeva drugde, stvari mogu biti jo\u0161 gore. Verovatno ne\u0107ete prona\u0107i rezultate Eurojackpot-a u lokalnim novinama, a te\u0161ko ih je prona\u0107i i na televiziji. Posebno jer se \u010desto [&hellip;]<\/p>\n","protected":false},"author":1,"featured_media":0,"parent":5859,"menu_order":0,"comment_status":"closed","ping_status":"closed","template":"eurojackpot-results.php","meta":{"_et_pb_use_builder":"","_et_pb_old_content":"","_et_gb_content_width":"","exclude_from_search":false,"footnotes":""},"class_list":["post-84177","page","type-page","status-publish","hentry"],"yoast_head":"<!-- This site is optimized with the Yoast SEO plugin v23.4 - https:\/\/yoast.com\/wordpress\/plugins\/seo\/ -->\n<title>Dobitni brojevi Eurojackpot-a | Proverite rezultate izvla\u010denja i dobitke za Eurojackpot ovde.<\/title>\n<meta name=\"description\" content=\"Objavljujemo rezultate Eurojackpot-a i dobitne brojeve, kao i arhivu za prethodna izvla\u010denja.\" \/>\n<meta name=\"robots\" content=\"index, follow, max-snippet:-1, max-image-preview:large, max-video-preview:-1\" \/>\n<link rel=\"canonical\" href=\"https:\/\/onlinelotto365.com\/sr\/dobitni-brojevi\/proverite-dobitne-brojeve-za-eurojackpot-ovde\/\" \/>\n<meta property=\"og:locale\" content=\"sr_RS\" \/>\n<meta property=\"og:type\" content=\"article\" \/>\n<meta property=\"og:title\" content=\"Dobitni brojevi Eurojackpot-a | Proverite rezultate izvla\u010denja i dobitke za Eurojackpot ovde.\" \/>\n<meta property=\"og:description\" content=\"Objavljujemo rezultate Eurojackpot-a i dobitne brojeve, kao i arhivu za prethodna izvla\u010denja.\" \/>\n<meta property=\"og:url\" content=\"https:\/\/onlinelotto365.com\/sr\/dobitni-brojevi\/proverite-dobitne-brojeve-za-eurojackpot-ovde\/\" \/>\n<meta property=\"og:site_name\" content=\"OnlineLotto365\" \/>\n<meta property=\"og:image\" content=\"https:\/\/redfoxlotto.com\/image?size=8&amp;lottery=eurojackpot\" \/>\n<meta name=\"twitter:card\" content=\"summary_large_image\" \/>\n<meta name=\"twitter:label1\" content=\"\u041f\u0440\u043e\u0446\u0435\u045a\u0435\u043d\u043e \u0432\u0440\u0435\u043c\u0435 \u0447\u0438\u0442\u0430\u045a\u0430\" \/>\n\t<meta name=\"twitter:data1\" content=\"2 \u043c\u0438\u043d\u0443\u0442\u0430\" \/>\n<script type=\"application\/ld+json\" class=\"yoast-schema-graph\">{\"@context\":\"https:\/\/schema.org\",\"@graph\":[{\"@type\":\"WebPage\",\"@id\":\"https:\/\/onlinelotto365.com\/sr\/dobitni-brojevi\/proverite-dobitne-brojeve-za-eurojackpot-ovde\/\",\"url\":\"https:\/\/onlinelotto365.com\/sr\/dobitni-brojevi\/proverite-dobitne-brojeve-za-eurojackpot-ovde\/\",\"name\":\"Dobitni brojevi Eurojackpot-a | Proverite rezultate izvla\u010denja i dobitke za Eurojackpot ovde.\",\"isPartOf\":{\"@id\":\"https:\/\/onlinelotto365.com\/sr\/#website\"},\"primaryImageOfPage\":{\"@id\":\"https:\/\/onlinelotto365.com\/sr\/dobitni-brojevi\/proverite-dobitne-brojeve-za-eurojackpot-ovde\/#primaryimage\"},\"image\":{\"@id\":\"https:\/\/onlinelotto365.com\/sr\/dobitni-brojevi\/proverite-dobitne-brojeve-za-eurojackpot-ovde\/#primaryimage\"},\"thumbnailUrl\":\"https:\/\/redfoxlotto.com\/image?size=8&amp;lottery=eurojackpot\",\"datePublished\":\"2023-09-27T16:35:34+00:00\",\"dateModified\":\"2023-09-27T16:35:34+00:00\",\"description\":\"Objavljujemo rezultate Eurojackpot-a i dobitne brojeve, kao i arhivu za prethodna izvla\u010denja.\",\"breadcrumb\":{\"@id\":\"https:\/\/onlinelotto365.com\/sr\/dobitni-brojevi\/proverite-dobitne-brojeve-za-eurojackpot-ovde\/#breadcrumb\"},\"inLanguage\":\"sr-RS\",\"potentialAction\":[{\"@type\":\"ReadAction\",\"target\":[\"https:\/\/onlinelotto365.com\/sr\/dobitni-brojevi\/proverite-dobitne-brojeve-za-eurojackpot-ovde\/\"]}]},{\"@type\":\"ImageObject\",\"inLanguage\":\"sr-RS\",\"@id\":\"https:\/\/onlinelotto365.com\/sr\/dobitni-brojevi\/proverite-dobitne-brojeve-za-eurojackpot-ovde\/#primaryimage\",\"url\":\"https:\/\/redfoxlotto.com\/image?size=8&amp;lottery=eurojackpot\",\"contentUrl\":\"https:\/\/redfoxlotto.com\/image?size=8&amp;lottery=eurojackpot\"},{\"@type\":\"BreadcrumbList\",\"@id\":\"https:\/\/onlinelotto365.com\/sr\/dobitni-brojevi\/proverite-dobitne-brojeve-za-eurojackpot-ovde\/#breadcrumb\",\"itemListElement\":[{\"@type\":\"ListItem\",\"position\":1,\"name\":\"Home\",\"item\":\"https:\/\/onlinelotto365.com\/sr\/\"},{\"@type\":\"ListItem\",\"position\":2,\"name\":\"Tragate za me\u0111unarodnim loto rezultatima?\",\"item\":\"https:\/\/onlinelotto365.com\/sr\/winning-numbers\/\"},{\"@type\":\"ListItem\",\"position\":3,\"name\":\"Proverite dobitne brojeve za Eurojackpot ovde.\"}]},{\"@type\":\"WebSite\",\"@id\":\"https:\/\/onlinelotto365.com\/sr\/#website\",\"url\":\"https:\/\/onlinelotto365.com\/sr\/\",\"name\":\"OnlineLotto365\",\"description\":\"\",\"potentialAction\":[{\"@type\":\"SearchAction\",\"target\":{\"@type\":\"EntryPoint\",\"urlTemplate\":\"https:\/\/onlinelotto365.com\/sr\/?s={search_term_string}\"},\"query-input\":{\"@type\":\"PropertyValueSpecification\",\"valueRequired\":true,\"valueName\":\"search_term_string\"}}],\"inLanguage\":\"sr-RS\"}]}<\/script>\n<!-- \/ Yoast SEO plugin. -->","yoast_head_json":{"title":"Dobitni brojevi Eurojackpot-a | Proverite rezultate izvla\u010denja i dobitke za Eurojackpot ovde.","description":"Objavljujemo rezultate Eurojackpot-a i dobitne brojeve, kao i arhivu za prethodna izvla\u010denja.","robots":{"index":"index","follow":"follow","max-snippet":"max-snippet:-1","max-image-preview":"max-image-preview:large","max-video-preview":"max-video-preview:-1"},"canonical":"https:\/\/onlinelotto365.com\/sr\/dobitni-brojevi\/proverite-dobitne-brojeve-za-eurojackpot-ovde\/","og_locale":"sr_RS","og_type":"article","og_title":"Dobitni brojevi Eurojackpot-a | Proverite rezultate izvla\u010denja i dobitke za Eurojackpot ovde.","og_description":"Objavljujemo rezultate Eurojackpot-a i dobitne brojeve, kao i arhivu za prethodna izvla\u010denja.","og_url":"https:\/\/onlinelotto365.com\/sr\/dobitni-brojevi\/proverite-dobitne-brojeve-za-eurojackpot-ovde\/","og_site_name":"OnlineLotto365","og_image":[{"url":"https:\/\/redfoxlotto.com\/image?size=8&amp;lottery=eurojackpot"}],"twitter_card":"summary_large_image","twitter_misc":{"\u041f\u0440\u043e\u0446\u0435\u045a\u0435\u043d\u043e \u0432\u0440\u0435\u043c\u0435 \u0447\u0438\u0442\u0430\u045a\u0430":"2 \u043c\u0438\u043d\u0443\u0442\u0430"},"schema":{"@context":"https:\/\/schema.org","@graph":[{"@type":"WebPage","@id":"https:\/\/onlinelotto365.com\/sr\/dobitni-brojevi\/proverite-dobitne-brojeve-za-eurojackpot-ovde\/","url":"https:\/\/onlinelotto365.com\/sr\/dobitni-brojevi\/proverite-dobitne-brojeve-za-eurojackpot-ovde\/","name":"Dobitni brojevi Eurojackpot-a | Proverite rezultate izvla\u010denja i dobitke za Eurojackpot ovde.","isPartOf":{"@id":"https:\/\/onlinelotto365.com\/sr\/#website"},"primaryImageOfPage":{"@id":"https:\/\/onlinelotto365.com\/sr\/dobitni-brojevi\/proverite-dobitne-brojeve-za-eurojackpot-ovde\/#primaryimage"},"image":{"@id":"https:\/\/onlinelotto365.com\/sr\/dobitni-brojevi\/proverite-dobitne-brojeve-za-eurojackpot-ovde\/#primaryimage"},"thumbnailUrl":"https:\/\/redfoxlotto.com\/image?size=8&amp;lottery=eurojackpot","datePublished":"2023-09-27T16:35:34+00:00","dateModified":"2023-09-27T16:35:34+00:00","description":"Objavljujemo rezultate Eurojackpot-a i dobitne brojeve, kao i arhivu za prethodna izvla\u010denja.","breadcrumb":{"@id":"https:\/\/onlinelotto365.com\/sr\/dobitni-brojevi\/proverite-dobitne-brojeve-za-eurojackpot-ovde\/#breadcrumb"},"inLanguage":"sr-RS","potentialAction":[{"@type":"ReadAction","target":["https:\/\/onlinelotto365.com\/sr\/dobitni-brojevi\/proverite-dobitne-brojeve-za-eurojackpot-ovde\/"]}]},{"@type":"ImageObject","inLanguage":"sr-RS","@id":"https:\/\/onlinelotto365.com\/sr\/dobitni-brojevi\/proverite-dobitne-brojeve-za-eurojackpot-ovde\/#primaryimage","url":"https:\/\/redfoxlotto.com\/image?size=8&amp;lottery=eurojackpot","contentUrl":"https:\/\/redfoxlotto.com\/image?size=8&amp;lottery=eurojackpot"},{"@type":"BreadcrumbList","@id":"https:\/\/onlinelotto365.com\/sr\/dobitni-brojevi\/proverite-dobitne-brojeve-za-eurojackpot-ovde\/#breadcrumb","itemListElement":[{"@type":"ListItem","position":1,"name":"Home","item":"https:\/\/onlinelotto365.com\/sr\/"},{"@type":"ListItem","position":2,"name":"Tragate za me\u0111unarodnim loto rezultatima?","item":"https:\/\/onlinelotto365.com\/sr\/winning-numbers\/"},{"@type":"ListItem","position":3,"name":"Proverite dobitne brojeve za Eurojackpot ovde."}]},{"@type":"WebSite","@id":"https:\/\/onlinelotto365.com\/sr\/#website","url":"https:\/\/onlinelotto365.com\/sr\/","name":"OnlineLotto365","description":"","potentialAction":[{"@type":"SearchAction","target":{"@type":"EntryPoint","urlTemplate":"https:\/\/onlinelotto365.com\/sr\/?s={search_term_string}"},"query-input":{"@type":"PropertyValueSpecification","valueRequired":true,"valueName":"search_term_string"}}],"inLanguage":"sr-RS"}]}},"_links":{"self":[{"href":"https:\/\/onlinelotto365.com\/sr\/wp-json\/wp\/v2\/pages\/84177","targetHints":{"allow":["GET"]}}],"collection":[{"href":"https:\/\/onlinelotto365.com\/sr\/wp-json\/wp\/v2\/pages"}],"about":[{"href":"https:\/\/onlinelotto365.com\/sr\/wp-json\/wp\/v2\/types\/page"}],"author":[{"embeddable":true,"href":"https:\/\/onlinelotto365.com\/sr\/wp-json\/wp\/v2\/users\/1"}],"replies":[{"embeddable":true,"href":"https:\/\/onlinelotto365.com\/sr\/wp-json\/wp\/v2\/comments?post=84177"}],"version-history":[{"count":0,"href":"https:\/\/onlinelotto365.com\/sr\/wp-json\/wp\/v2\/pages\/84177\/revisions"}],"up":[{"embeddable":true,"href":"https:\/\/onlinelotto365.com\/sr\/wp-json\/wp\/v2\/pages\/5859"}],"wp:attachment":[{"href":"https:\/\/onlinelotto365.com\/sr\/wp-json\/wp\/v2\/media?parent=84177"}],"curies":[{"name":"wp","href":"https:\/\/api.w.org\/{rel}","templated":true}]}}