{"id":84183,"date":"2023-09-27T18:30:22","date_gmt":"2023-09-27T17:30:22","guid":{"rendered":"https:\/\/onlinelotto365.com\/dobitni-brojevi\/rezultati-izvlacenja-za-powerball"},"modified":"2023-09-27T18:30:22","modified_gmt":"2023-09-27T17:30:22","slug":"rezultati-izvlacenja-za-powerball","status":"publish","type":"page","link":"https:\/\/onlinelotto365.com\/sr\/dobitni-brojevi\/rezultati-izvlacenja-za-powerball\/","title":{"rendered":"Rezultati izvla\u010denja za Powerball"},"content":{"rendered":"<h2>Proverite brojeve dobitaka Powerball ovde<\/h2>\n<p><img decoding=\"async\" class=\"aligncenter\" src=\"https:\/\/redfoxlotto.com\/image?size=8&amp;lottery=powerball\" alt=\"Powerball\" \/><br \/>\nAko \u017eivite u SAD-u, pronala\u017eenje brojeva dobitaka za Powerball je jednostavno. Posebno kada je d\u017eekpot veoma visok, rezultati \u0107e biti emitovani u vestima i objavljeni u svakom novinskom izdanju.<\/p>\n<p>Ali \u0161ta ako ne \u017eivite u SAD-u? Kako do\u0107i do brojeva dobitaka za Powerball? Kako saznati rezultate i videti koliko ste osvojili?<\/p>\n<h2>Kako saznati da li je va\u0161a online sre\u0107ka dobitnik<\/h2>\n<p>Pa, ako ste kupili online sre\u0107ku, to je zapravo prili\u010dno jednostavno. Vratite se na na\u0161u stranicu, prijavite se sa svojim korisni\u010dkim imenom i lozinkom, a zatim pre\u0111ite na sekciju gde je va\u0161a kupovina sre\u0107ke digitalno sa\u010duvana. Brojevi koje ste odabrali bi\u0107e istaknuti druga\u010dijom bojom ako se podudaraju sa izvu\u010denim brojevima dana kada ste kupili svoju sre\u0107ku.<\/p>\n<p>Naravno, mo\u017eete otvoriti na\u0161u stranicu sa pregledom rezultata i uporediti rezultate izvla\u010denja sa va\u0161om sre\u0107kom na taj na\u010din. Neki od na\u0161ih korisnika vole da od\u0161tampaju svoje online sre\u0107ke i zatim ozna\u010de dobitne brojeve na isprintanom listu kako bi videli da li su pobedili.<\/p>\n<h2>Arhiva rezultata Powerballa<\/h2>\n<p><img loading=\"lazy\" decoding=\"async\" class=\"size-full wp-image-50704 alignright\" src=\"https:\/\/onlinelotto365.com\/wp-content\/uploads\/2021\/01\/online_lottery-136.jpg\" alt=\"lottery results\" width=\"297\" height=\"101\" \/><br \/>\nNa\u0161a stranica sa pregledom rezultata lutrije tako\u0111e vam omogu\u0107ava da pogledate brojeve dobitaka iz prethodnih nedelja. To vam mo\u017ee pomo\u0107i u strategiji izbora va\u0161ih sre\u0107nih brojeva. Na primer, mo\u017eete poku\u0161ati da prona\u0111ete brojeve koji se dugo nisu pojavili i zatim kreirati lutrijsku sre\u0107ku koriste\u0107i samo te brojeve.<\/p>\n<p>Ili, mo\u017eete odabrati svoje dobitne brojeve za Powerball tako \u0161to \u0107ete saznati koji brojevi se \u010de\u0161\u0107e pojavljuju od drugih. Mnogi igra\u010di koriste kombinaciju ova dva metoda kako bi odabrali svoje li\u010dne lutrijske brojeve.<\/p>\n<p>Ako ne mo\u017eete da se odlu\u010dite koje brojeve da odaberete za dobitnu sre\u0107ku, \u0161ta ka\u017eete na ovaj metod: Proverite pro\u0161le dobitne brojeve za neku drugu lutriju sa sli\u010dnim brojevima kao lutrija koju planirate da igrate. Prona\u0111ite dobitnu kombinaciju koja vam se svi\u0111a u tim pro\u0161lim rezultatima, a zatim koristite te starije dobitne brojeve za izradu nove sre\u0107ke.<\/p>\n<h2>Moja sre\u0107ka je pobedila, \u0161ta se de\u0161ava slede\u0107e?<\/h2>\n<p>Pa, \u010destitamo vam, svaka \u010dast! Naravno, uvek smo sre\u0107ni kada jedan od na\u0161ih korisnika ima sre\u0107ku sa dobitnim brojevima za Powerball. Bilo da je u pitanju manja ili ve\u0107a dobit, mi \u0107emo se pobrinuti za isplatu, naravno, besplatno!<\/p>\n<p>Dobici od 2500 evra ili manje &#8211; iznos dobitka \u0107e vam biti pripisan na va\u0161em nalogu na na\u0161oj stranici. Isplatite ga odande ili ga koristite za kupovinu dodatnih sre\u0107ki.<\/p>\n<p>Dobici ve\u0107i od 2500 evra &#8211; na\u0161 tim za podr\u0161ku \u0107e vam pomo\u0107i da se isplatite. Nakon \u0161to ste dostavili neke informacije o svom identitetu i \u017eeljenom na\u010dinu pla\u0107anja (bankovni transfer ili \u010dek), primi\u0107ete isplatu direktno na na\u010din koji ste odabrali.<\/p>\n","protected":false},"excerpt":{"rendered":"<p>Proverite brojeve dobitaka Powerball ovde Ako \u017eivite u SAD-u, pronala\u017eenje brojeva dobitaka za Powerball je jednostavno. Posebno kada je d\u017eekpot veoma visok, rezultati \u0107e biti emitovani u vestima i objavljeni u svakom novinskom izdanju. Ali \u0161ta ako ne \u017eivite u SAD-u? Kako do\u0107i do brojeva dobitaka za Powerball? Kako saznati rezultate i videti koliko ste [&hellip;]<\/p>\n","protected":false},"author":1,"featured_media":0,"parent":5859,"menu_order":1,"comment_status":"closed","ping_status":"closed","template":"powerball-usa-info.php","meta":{"_et_pb_use_builder":"","_et_pb_old_content":"","_et_gb_content_width":"","exclude_from_search":false,"footnotes":""},"class_list":["post-84183","page","type-page","status-publish","hentry"],"yoast_head":"<!-- This site is optimized with the Yoast SEO plugin v23.4 - https:\/\/yoast.com\/wordpress\/plugins\/seo\/ -->\n<title>Brojevi dobitaka za Powerball | Proverite rezultate i dobitke za Powerball SAD<\/title>\n<meta name=\"description\" content=\"\u017delite li da vidite da li je va\u0161a Powerball ulaznica dobitnik? Proverite dobitne brojeve na na\u0161em sajtu!\" \/>\n<meta name=\"robots\" content=\"index, follow, max-snippet:-1, max-image-preview:large, max-video-preview:-1\" \/>\n<link rel=\"canonical\" href=\"https:\/\/onlinelotto365.com\/sr\/dobitni-brojevi\/rezultati-izvlacenja-za-powerball\/\" \/>\n<meta property=\"og:locale\" content=\"sr_RS\" \/>\n<meta property=\"og:type\" content=\"article\" \/>\n<meta property=\"og:title\" content=\"Brojevi dobitaka za Powerball | Proverite rezultate i dobitke za Powerball SAD\" \/>\n<meta property=\"og:description\" content=\"\u017delite li da vidite da li je va\u0161a Powerball ulaznica dobitnik? Proverite dobitne brojeve na na\u0161em sajtu!\" \/>\n<meta property=\"og:url\" content=\"https:\/\/onlinelotto365.com\/sr\/dobitni-brojevi\/rezultati-izvlacenja-za-powerball\/\" \/>\n<meta property=\"og:site_name\" content=\"OnlineLotto365\" \/>\n<meta property=\"og:image\" content=\"https:\/\/redfoxlotto.com\/image?size=8&amp;lottery=powerball\" \/>\n<meta name=\"twitter:card\" content=\"summary_large_image\" \/>\n<meta name=\"twitter:label1\" content=\"\u041f\u0440\u043e\u0446\u0435\u045a\u0435\u043d\u043e \u0432\u0440\u0435\u043c\u0435 \u0447\u0438\u0442\u0430\u045a\u0430\" \/>\n\t<meta name=\"twitter:data1\" content=\"2 \u043c\u0438\u043d\u0443\u0442\u0430\" \/>\n<script type=\"application\/ld+json\" class=\"yoast-schema-graph\">{\"@context\":\"https:\/\/schema.org\",\"@graph\":[{\"@type\":\"WebPage\",\"@id\":\"https:\/\/onlinelotto365.com\/sr\/dobitni-brojevi\/rezultati-izvlacenja-za-powerball\/\",\"url\":\"https:\/\/onlinelotto365.com\/sr\/dobitni-brojevi\/rezultati-izvlacenja-za-powerball\/\",\"name\":\"Brojevi dobitaka za Powerball | Proverite rezultate i dobitke za Powerball SAD\",\"isPartOf\":{\"@id\":\"https:\/\/onlinelotto365.com\/sr\/#website\"},\"primaryImageOfPage\":{\"@id\":\"https:\/\/onlinelotto365.com\/sr\/dobitni-brojevi\/rezultati-izvlacenja-za-powerball\/#primaryimage\"},\"image\":{\"@id\":\"https:\/\/onlinelotto365.com\/sr\/dobitni-brojevi\/rezultati-izvlacenja-za-powerball\/#primaryimage\"},\"thumbnailUrl\":\"https:\/\/redfoxlotto.com\/image?size=8&amp;lottery=powerball\",\"datePublished\":\"2023-09-27T17:30:22+00:00\",\"dateModified\":\"2023-09-27T17:30:22+00:00\",\"description\":\"\u017delite li da vidite da li je va\u0161a Powerball ulaznica dobitnik? Proverite dobitne brojeve na na\u0161em sajtu!\",\"breadcrumb\":{\"@id\":\"https:\/\/onlinelotto365.com\/sr\/dobitni-brojevi\/rezultati-izvlacenja-za-powerball\/#breadcrumb\"},\"inLanguage\":\"sr-RS\",\"potentialAction\":[{\"@type\":\"ReadAction\",\"target\":[\"https:\/\/onlinelotto365.com\/sr\/dobitni-brojevi\/rezultati-izvlacenja-za-powerball\/\"]}]},{\"@type\":\"ImageObject\",\"inLanguage\":\"sr-RS\",\"@id\":\"https:\/\/onlinelotto365.com\/sr\/dobitni-brojevi\/rezultati-izvlacenja-za-powerball\/#primaryimage\",\"url\":\"https:\/\/redfoxlotto.com\/image?size=8&amp;lottery=powerball\",\"contentUrl\":\"https:\/\/redfoxlotto.com\/image?size=8&amp;lottery=powerball\"},{\"@type\":\"BreadcrumbList\",\"@id\":\"https:\/\/onlinelotto365.com\/sr\/dobitni-brojevi\/rezultati-izvlacenja-za-powerball\/#breadcrumb\",\"itemListElement\":[{\"@type\":\"ListItem\",\"position\":1,\"name\":\"Home\",\"item\":\"https:\/\/onlinelotto365.com\/sr\/\"},{\"@type\":\"ListItem\",\"position\":2,\"name\":\"Tragate za me\u0111unarodnim loto rezultatima?\",\"item\":\"https:\/\/onlinelotto365.com\/sr\/winning-numbers\/\"},{\"@type\":\"ListItem\",\"position\":3,\"name\":\"Rezultati izvla\u010denja za Powerball\"}]},{\"@type\":\"WebSite\",\"@id\":\"https:\/\/onlinelotto365.com\/sr\/#website\",\"url\":\"https:\/\/onlinelotto365.com\/sr\/\",\"name\":\"OnlineLotto365\",\"description\":\"\",\"potentialAction\":[{\"@type\":\"SearchAction\",\"target\":{\"@type\":\"EntryPoint\",\"urlTemplate\":\"https:\/\/onlinelotto365.com\/sr\/?s={search_term_string}\"},\"query-input\":{\"@type\":\"PropertyValueSpecification\",\"valueRequired\":true,\"valueName\":\"search_term_string\"}}],\"inLanguage\":\"sr-RS\"}]}<\/script>\n<!-- \/ Yoast SEO plugin. -->","yoast_head_json":{"title":"Brojevi dobitaka za Powerball | Proverite rezultate i dobitke za Powerball SAD","description":"\u017delite li da vidite da li je va\u0161a Powerball ulaznica dobitnik? Proverite dobitne brojeve na na\u0161em sajtu!","robots":{"index":"index","follow":"follow","max-snippet":"max-snippet:-1","max-image-preview":"max-image-preview:large","max-video-preview":"max-video-preview:-1"},"canonical":"https:\/\/onlinelotto365.com\/sr\/dobitni-brojevi\/rezultati-izvlacenja-za-powerball\/","og_locale":"sr_RS","og_type":"article","og_title":"Brojevi dobitaka za Powerball | Proverite rezultate i dobitke za Powerball SAD","og_description":"\u017delite li da vidite da li je va\u0161a Powerball ulaznica dobitnik? Proverite dobitne brojeve na na\u0161em sajtu!","og_url":"https:\/\/onlinelotto365.com\/sr\/dobitni-brojevi\/rezultati-izvlacenja-za-powerball\/","og_site_name":"OnlineLotto365","og_image":[{"url":"https:\/\/redfoxlotto.com\/image?size=8&amp;lottery=powerball"}],"twitter_card":"summary_large_image","twitter_misc":{"\u041f\u0440\u043e\u0446\u0435\u045a\u0435\u043d\u043e \u0432\u0440\u0435\u043c\u0435 \u0447\u0438\u0442\u0430\u045a\u0430":"2 \u043c\u0438\u043d\u0443\u0442\u0430"},"schema":{"@context":"https:\/\/schema.org","@graph":[{"@type":"WebPage","@id":"https:\/\/onlinelotto365.com\/sr\/dobitni-brojevi\/rezultati-izvlacenja-za-powerball\/","url":"https:\/\/onlinelotto365.com\/sr\/dobitni-brojevi\/rezultati-izvlacenja-za-powerball\/","name":"Brojevi dobitaka za Powerball | Proverite rezultate i dobitke za Powerball SAD","isPartOf":{"@id":"https:\/\/onlinelotto365.com\/sr\/#website"},"primaryImageOfPage":{"@id":"https:\/\/onlinelotto365.com\/sr\/dobitni-brojevi\/rezultati-izvlacenja-za-powerball\/#primaryimage"},"image":{"@id":"https:\/\/onlinelotto365.com\/sr\/dobitni-brojevi\/rezultati-izvlacenja-za-powerball\/#primaryimage"},"thumbnailUrl":"https:\/\/redfoxlotto.com\/image?size=8&amp;lottery=powerball","datePublished":"2023-09-27T17:30:22+00:00","dateModified":"2023-09-27T17:30:22+00:00","description":"\u017delite li da vidite da li je va\u0161a Powerball ulaznica dobitnik? Proverite dobitne brojeve na na\u0161em sajtu!","breadcrumb":{"@id":"https:\/\/onlinelotto365.com\/sr\/dobitni-brojevi\/rezultati-izvlacenja-za-powerball\/#breadcrumb"},"inLanguage":"sr-RS","potentialAction":[{"@type":"ReadAction","target":["https:\/\/onlinelotto365.com\/sr\/dobitni-brojevi\/rezultati-izvlacenja-za-powerball\/"]}]},{"@type":"ImageObject","inLanguage":"sr-RS","@id":"https:\/\/onlinelotto365.com\/sr\/dobitni-brojevi\/rezultati-izvlacenja-za-powerball\/#primaryimage","url":"https:\/\/redfoxlotto.com\/image?size=8&amp;lottery=powerball","contentUrl":"https:\/\/redfoxlotto.com\/image?size=8&amp;lottery=powerball"},{"@type":"BreadcrumbList","@id":"https:\/\/onlinelotto365.com\/sr\/dobitni-brojevi\/rezultati-izvlacenja-za-powerball\/#breadcrumb","itemListElement":[{"@type":"ListItem","position":1,"name":"Home","item":"https:\/\/onlinelotto365.com\/sr\/"},{"@type":"ListItem","position":2,"name":"Tragate za me\u0111unarodnim loto rezultatima?","item":"https:\/\/onlinelotto365.com\/sr\/winning-numbers\/"},{"@type":"ListItem","position":3,"name":"Rezultati izvla\u010denja za Powerball"}]},{"@type":"WebSite","@id":"https:\/\/onlinelotto365.com\/sr\/#website","url":"https:\/\/onlinelotto365.com\/sr\/","name":"OnlineLotto365","description":"","potentialAction":[{"@type":"SearchAction","target":{"@type":"EntryPoint","urlTemplate":"https:\/\/onlinelotto365.com\/sr\/?s={search_term_string}"},"query-input":{"@type":"PropertyValueSpecification","valueRequired":true,"valueName":"search_term_string"}}],"inLanguage":"sr-RS"}]}},"_links":{"self":[{"href":"https:\/\/onlinelotto365.com\/sr\/wp-json\/wp\/v2\/pages\/84183","targetHints":{"allow":["GET"]}}],"collection":[{"href":"https:\/\/onlinelotto365.com\/sr\/wp-json\/wp\/v2\/pages"}],"about":[{"href":"https:\/\/onlinelotto365.com\/sr\/wp-json\/wp\/v2\/types\/page"}],"author":[{"embeddable":true,"href":"https:\/\/onlinelotto365.com\/sr\/wp-json\/wp\/v2\/users\/1"}],"replies":[{"embeddable":true,"href":"https:\/\/onlinelotto365.com\/sr\/wp-json\/wp\/v2\/comments?post=84183"}],"version-history":[{"count":0,"href":"https:\/\/onlinelotto365.com\/sr\/wp-json\/wp\/v2\/pages\/84183\/revisions"}],"up":[{"embeddable":true,"href":"https:\/\/onlinelotto365.com\/sr\/wp-json\/wp\/v2\/pages\/5859"}],"wp:attachment":[{"href":"https:\/\/onlinelotto365.com\/sr\/wp-json\/wp\/v2\/media?parent=84183"}],"curies":[{"name":"wp","href":"https:\/\/api.w.org\/{rel}","templated":true}]}}