{"id":84192,"date":"2023-09-27T20:33:24","date_gmt":"2023-09-27T19:33:24","guid":{"rendered":"https:\/\/onlinelotto365.com\/dobitni-brojevi\/proverite-dobitne-brojeve-za-mega-millions-ovde"},"modified":"2023-09-27T20:33:24","modified_gmt":"2023-09-27T19:33:24","slug":"proverite-dobitne-brojeve-za-mega-millions-ovde","status":"publish","type":"page","link":"https:\/\/onlinelotto365.com\/sr\/dobitni-brojevi\/proverite-dobitne-brojeve-za-mega-millions-ovde\/","title":{"rendered":"Proverite dobitne brojeve za Mega Millions ovde."},"content":{"rendered":"<p>Sa svim me\u0111unarodnim lutrijama koje mo\u017eete igrati na na\u0161em veb sajtu, dobijanje dobitnih brojeva i rezultata mo\u017ee biti problem. Verovatno ne\u0107ete mo\u0107i prona\u0107i dobitne brojeve za Mega Millions u svom novinskom listu. Mo\u017eete potra\u017eiti televizijski kanal koji ima rezultate izvla\u010denja u svojim vestima, ali to bi zahtevalo istra\u017eivanje.<\/p>\n<p>Jedna opcija bila bi da proverite da li zvani\u010dni veb sajt Mega Millions lutrije emituje u\u017eivo snimak postupka izvla\u010denja. Gledanje u\u017eivo izvu\u010denih brojeva je, naravno, vrlo uzbudljivo. Tako\u0111e bi to bilo najbr\u017ee da saznate da li su va\u0161i brojevi pobedili. Me\u0111utim, ve\u0107ina lutrija ne nudi u\u017eivo emitovanje izvla\u010denja u realnom vremenu.<\/p>\n<p>Ako je izvla\u010denje ve\u0107 obavljeno u trenutku kada \u017eelite proveriti dobitne brojeve, mo\u017eete oti\u0107i na YouTube i pretra\u017eiti video koji prikazuje najnovije izvla\u010denje Mega Millions.<\/p>\n<p>Ali vrlo prakti\u010dan na\u010din za proveru dobitnih brojeva, kao i rezultata i nagrada za Mega Millions, je na\u0161a sopstvena stranica sa rezultatima lutrije. Na jednoj stranici mo\u017eete prona\u0107i dobitne brojeve za sve lutrije koje nudimo.<\/p>\n<h2>Kako saznati da li je va\u0161a online ulaznica dobila dobitak<\/h2>\n<p><img decoding=\"async\" class=\"aligncenter\" src=\"https:\/\/redfoxlotto.com\/image?size=8&amp;lottery=mega-millions\" alt=\"Mega Millions\" \/><br \/>\nI postaje jo\u0161 bolje! Ako ste kupili ulaznicu za Mega Millions na na\u0161em veb sajtu, mo\u017eete pogledati svoj nalog (prvo se morate prijaviti, naravno) i sekciju gde se \u010duvaju va\u0161e ulaznice. Za svaku lutriju koju ste igrali, dobitni brojevi se prikazuju odmah pored brojeva koje ste izabrali. Svi brojevi sa va\u0161e ulaznice koji se podudaraju sa rezultatima izvla\u010denja bi\u0107e ozna\u010deni bojom. Nakon \u0161to saznate koliko ste ta\u010dnih brojeva izabrali, mo\u017eete proveriti koliko ste osvojili. Tako\u0111e, zapamtite da \u0107e sve dobitke manje od 2500 evra odmah biti upla\u0107ene na va\u0161 igra\u010dki ra\u010dun \u010dim lutrija potvrdi zvani\u010dne rezultate.<\/p>\n<h2>Arhiva rezultata Mega Millions<\/h2>\n<p><img loading=\"lazy\" decoding=\"async\" class=\"alignright wp-image-1213\" src=\"https:\/\/onlinelotto365.com\/wp-content\/uploads\/2020\/11\/online_lottery-103-300x201.jpg\" alt=\"mega millions winning numbers\" width=\"266\" height=\"177\" \/><br \/>\nStranice na na\u0161em veb sajtu koje prikazuju najnovije rezultate Mega Millions tako\u0111e vam omogu\u0107avaju da proverite rezultate prethodnih izvla\u010denja. To je ne\u0161to \u0161to mnogi igra\u010di koriste da provere koje brojevi su izvu\u010deni u skorije vreme, ili koji brojevi nisu izvu\u010deni u pro\u0161losti. To je vrlo popularna strategija za lutrije koju koriste prilikom izbora brojeva za svoju slede\u0107u ulaznicu.<\/p>\n<h2>Moja ulaznica je dobila, \u0161ta se de\u0161ava dalje?<\/h2>\n<p>Kao \u0161to smo ve\u0107 pomenuli, dobitke manje od 2500 evra \u0107emo odmah uplatiti na va\u0161 korisni\u010dki ra\u010dun na na\u0161em veb sajtu. Odatle mo\u017eete povu\u0107i sve ili deo sredstava, pod uslovom da imate saldo od najmanje 10 evra. Ili mo\u017eete koristiti deo sredstava za kupovinu novih ulaznica. Ako odlu\u010dite da povu\u010dete sredstva na svoju kreditnu karticu ili bankovni ra\u010dun, mora\u0107ete nam dostaviti neke dokumente radi identifikacije. To je zahtev na\u0161ih procesora pla\u0107anja, zbog zakona protiv pranja novca. Tako\u0111e, ne mo\u017eete koristiti na\u010din povla\u010denja koji prethodno nije kori\u0161\u0107en za kupovinu ili depozit.<\/p>\n","protected":false},"excerpt":{"rendered":"<p>Sa svim me\u0111unarodnim lutrijama koje mo\u017eete igrati na na\u0161em veb sajtu, dobijanje dobitnih brojeva i rezultata mo\u017ee biti problem. Verovatno ne\u0107ete mo\u0107i prona\u0107i dobitne brojeve za Mega Millions u svom novinskom listu. Mo\u017eete potra\u017eiti televizijski kanal koji ima rezultate izvla\u010denja u svojim vestima, ali to bi zahtevalo istra\u017eivanje. Jedna opcija bila bi da proverite da [&hellip;]<\/p>\n","protected":false},"author":1,"featured_media":0,"parent":5859,"menu_order":2,"comment_status":"closed","ping_status":"closed","template":"megamillion-results.php","meta":{"_et_pb_use_builder":"","_et_pb_old_content":"","_et_gb_content_width":"","exclude_from_search":false,"footnotes":""},"class_list":["post-84192","page","type-page","status-publish","hentry"],"yoast_head":"<!-- This site is optimized with the Yoast SEO plugin v23.4 - https:\/\/yoast.com\/wordpress\/plugins\/seo\/ -->\n<title>Dobitni brojevi Mega Millions | Najnoviji rezultati izvla\u010denja i nagrade za Mega Millions<\/title>\n<meta name=\"description\" content=\"Dobitni brojevi Mega Millions | Najnoviji rezultati izvla\u010denja i nagrade za Mega Millions\" \/>\n<meta name=\"robots\" content=\"index, follow, max-snippet:-1, max-image-preview:large, max-video-preview:-1\" \/>\n<link rel=\"canonical\" href=\"https:\/\/onlinelotto365.com\/sr\/dobitni-brojevi\/proverite-dobitne-brojeve-za-mega-millions-ovde\/\" \/>\n<meta property=\"og:locale\" content=\"sr_RS\" \/>\n<meta property=\"og:type\" content=\"article\" \/>\n<meta property=\"og:title\" content=\"Dobitni brojevi Mega Millions | Najnoviji rezultati izvla\u010denja i nagrade za Mega Millions\" \/>\n<meta property=\"og:description\" content=\"Dobitni brojevi Mega Millions | Najnoviji rezultati izvla\u010denja i nagrade za Mega Millions\" \/>\n<meta property=\"og:url\" content=\"https:\/\/onlinelotto365.com\/sr\/dobitni-brojevi\/proverite-dobitne-brojeve-za-mega-millions-ovde\/\" \/>\n<meta property=\"og:site_name\" content=\"OnlineLotto365\" \/>\n<meta property=\"og:image\" content=\"https:\/\/redfoxlotto.com\/image?size=8&amp;lottery=mega-millions\" \/>\n<meta name=\"twitter:card\" content=\"summary_large_image\" \/>\n<meta name=\"twitter:label1\" content=\"\u041f\u0440\u043e\u0446\u0435\u045a\u0435\u043d\u043e \u0432\u0440\u0435\u043c\u0435 \u0447\u0438\u0442\u0430\u045a\u0430\" \/>\n\t<meta name=\"twitter:data1\" content=\"2 \u043c\u0438\u043d\u0443\u0442\u0430\" \/>\n<script type=\"application\/ld+json\" class=\"yoast-schema-graph\">{\"@context\":\"https:\/\/schema.org\",\"@graph\":[{\"@type\":\"WebPage\",\"@id\":\"https:\/\/onlinelotto365.com\/sr\/dobitni-brojevi\/proverite-dobitne-brojeve-za-mega-millions-ovde\/\",\"url\":\"https:\/\/onlinelotto365.com\/sr\/dobitni-brojevi\/proverite-dobitne-brojeve-za-mega-millions-ovde\/\",\"name\":\"Dobitni brojevi Mega Millions | Najnoviji rezultati izvla\u010denja i nagrade za Mega Millions\",\"isPartOf\":{\"@id\":\"https:\/\/onlinelotto365.com\/sr\/#website\"},\"primaryImageOfPage\":{\"@id\":\"https:\/\/onlinelotto365.com\/sr\/dobitni-brojevi\/proverite-dobitne-brojeve-za-mega-millions-ovde\/#primaryimage\"},\"image\":{\"@id\":\"https:\/\/onlinelotto365.com\/sr\/dobitni-brojevi\/proverite-dobitne-brojeve-za-mega-millions-ovde\/#primaryimage\"},\"thumbnailUrl\":\"https:\/\/redfoxlotto.com\/image?size=8&amp;lottery=mega-millions\",\"datePublished\":\"2023-09-27T19:33:24+00:00\",\"dateModified\":\"2023-09-27T19:33:24+00:00\",\"description\":\"Dobitni brojevi Mega Millions | Najnoviji rezultati izvla\u010denja i nagrade za Mega Millions\",\"breadcrumb\":{\"@id\":\"https:\/\/onlinelotto365.com\/sr\/dobitni-brojevi\/proverite-dobitne-brojeve-za-mega-millions-ovde\/#breadcrumb\"},\"inLanguage\":\"sr-RS\",\"potentialAction\":[{\"@type\":\"ReadAction\",\"target\":[\"https:\/\/onlinelotto365.com\/sr\/dobitni-brojevi\/proverite-dobitne-brojeve-za-mega-millions-ovde\/\"]}]},{\"@type\":\"ImageObject\",\"inLanguage\":\"sr-RS\",\"@id\":\"https:\/\/onlinelotto365.com\/sr\/dobitni-brojevi\/proverite-dobitne-brojeve-za-mega-millions-ovde\/#primaryimage\",\"url\":\"https:\/\/redfoxlotto.com\/image?size=8&amp;lottery=mega-millions\",\"contentUrl\":\"https:\/\/redfoxlotto.com\/image?size=8&amp;lottery=mega-millions\"},{\"@type\":\"BreadcrumbList\",\"@id\":\"https:\/\/onlinelotto365.com\/sr\/dobitni-brojevi\/proverite-dobitne-brojeve-za-mega-millions-ovde\/#breadcrumb\",\"itemListElement\":[{\"@type\":\"ListItem\",\"position\":1,\"name\":\"Home\",\"item\":\"https:\/\/onlinelotto365.com\/sr\/\"},{\"@type\":\"ListItem\",\"position\":2,\"name\":\"Tragate za me\u0111unarodnim loto rezultatima?\",\"item\":\"https:\/\/onlinelotto365.com\/sr\/winning-numbers\/\"},{\"@type\":\"ListItem\",\"position\":3,\"name\":\"Proverite dobitne brojeve za Mega Millions ovde.\"}]},{\"@type\":\"WebSite\",\"@id\":\"https:\/\/onlinelotto365.com\/sr\/#website\",\"url\":\"https:\/\/onlinelotto365.com\/sr\/\",\"name\":\"OnlineLotto365\",\"description\":\"\",\"potentialAction\":[{\"@type\":\"SearchAction\",\"target\":{\"@type\":\"EntryPoint\",\"urlTemplate\":\"https:\/\/onlinelotto365.com\/sr\/?s={search_term_string}\"},\"query-input\":{\"@type\":\"PropertyValueSpecification\",\"valueRequired\":true,\"valueName\":\"search_term_string\"}}],\"inLanguage\":\"sr-RS\"}]}<\/script>\n<!-- \/ Yoast SEO plugin. -->","yoast_head_json":{"title":"Dobitni brojevi Mega Millions | Najnoviji rezultati izvla\u010denja i nagrade za Mega Millions","description":"Dobitni brojevi Mega Millions | Najnoviji rezultati izvla\u010denja i nagrade za Mega Millions","robots":{"index":"index","follow":"follow","max-snippet":"max-snippet:-1","max-image-preview":"max-image-preview:large","max-video-preview":"max-video-preview:-1"},"canonical":"https:\/\/onlinelotto365.com\/sr\/dobitni-brojevi\/proverite-dobitne-brojeve-za-mega-millions-ovde\/","og_locale":"sr_RS","og_type":"article","og_title":"Dobitni brojevi Mega Millions | Najnoviji rezultati izvla\u010denja i nagrade za Mega Millions","og_description":"Dobitni brojevi Mega Millions | Najnoviji rezultati izvla\u010denja i nagrade za Mega Millions","og_url":"https:\/\/onlinelotto365.com\/sr\/dobitni-brojevi\/proverite-dobitne-brojeve-za-mega-millions-ovde\/","og_site_name":"OnlineLotto365","og_image":[{"url":"https:\/\/redfoxlotto.com\/image?size=8&amp;lottery=mega-millions"}],"twitter_card":"summary_large_image","twitter_misc":{"\u041f\u0440\u043e\u0446\u0435\u045a\u0435\u043d\u043e \u0432\u0440\u0435\u043c\u0435 \u0447\u0438\u0442\u0430\u045a\u0430":"2 \u043c\u0438\u043d\u0443\u0442\u0430"},"schema":{"@context":"https:\/\/schema.org","@graph":[{"@type":"WebPage","@id":"https:\/\/onlinelotto365.com\/sr\/dobitni-brojevi\/proverite-dobitne-brojeve-za-mega-millions-ovde\/","url":"https:\/\/onlinelotto365.com\/sr\/dobitni-brojevi\/proverite-dobitne-brojeve-za-mega-millions-ovde\/","name":"Dobitni brojevi Mega Millions | Najnoviji rezultati izvla\u010denja i nagrade za Mega Millions","isPartOf":{"@id":"https:\/\/onlinelotto365.com\/sr\/#website"},"primaryImageOfPage":{"@id":"https:\/\/onlinelotto365.com\/sr\/dobitni-brojevi\/proverite-dobitne-brojeve-za-mega-millions-ovde\/#primaryimage"},"image":{"@id":"https:\/\/onlinelotto365.com\/sr\/dobitni-brojevi\/proverite-dobitne-brojeve-za-mega-millions-ovde\/#primaryimage"},"thumbnailUrl":"https:\/\/redfoxlotto.com\/image?size=8&amp;lottery=mega-millions","datePublished":"2023-09-27T19:33:24+00:00","dateModified":"2023-09-27T19:33:24+00:00","description":"Dobitni brojevi Mega Millions | Najnoviji rezultati izvla\u010denja i nagrade za Mega Millions","breadcrumb":{"@id":"https:\/\/onlinelotto365.com\/sr\/dobitni-brojevi\/proverite-dobitne-brojeve-za-mega-millions-ovde\/#breadcrumb"},"inLanguage":"sr-RS","potentialAction":[{"@type":"ReadAction","target":["https:\/\/onlinelotto365.com\/sr\/dobitni-brojevi\/proverite-dobitne-brojeve-za-mega-millions-ovde\/"]}]},{"@type":"ImageObject","inLanguage":"sr-RS","@id":"https:\/\/onlinelotto365.com\/sr\/dobitni-brojevi\/proverite-dobitne-brojeve-za-mega-millions-ovde\/#primaryimage","url":"https:\/\/redfoxlotto.com\/image?size=8&amp;lottery=mega-millions","contentUrl":"https:\/\/redfoxlotto.com\/image?size=8&amp;lottery=mega-millions"},{"@type":"BreadcrumbList","@id":"https:\/\/onlinelotto365.com\/sr\/dobitni-brojevi\/proverite-dobitne-brojeve-za-mega-millions-ovde\/#breadcrumb","itemListElement":[{"@type":"ListItem","position":1,"name":"Home","item":"https:\/\/onlinelotto365.com\/sr\/"},{"@type":"ListItem","position":2,"name":"Tragate za me\u0111unarodnim loto rezultatima?","item":"https:\/\/onlinelotto365.com\/sr\/winning-numbers\/"},{"@type":"ListItem","position":3,"name":"Proverite dobitne brojeve za Mega Millions ovde."}]},{"@type":"WebSite","@id":"https:\/\/onlinelotto365.com\/sr\/#website","url":"https:\/\/onlinelotto365.com\/sr\/","name":"OnlineLotto365","description":"","potentialAction":[{"@type":"SearchAction","target":{"@type":"EntryPoint","urlTemplate":"https:\/\/onlinelotto365.com\/sr\/?s={search_term_string}"},"query-input":{"@type":"PropertyValueSpecification","valueRequired":true,"valueName":"search_term_string"}}],"inLanguage":"sr-RS"}]}},"_links":{"self":[{"href":"https:\/\/onlinelotto365.com\/sr\/wp-json\/wp\/v2\/pages\/84192","targetHints":{"allow":["GET"]}}],"collection":[{"href":"https:\/\/onlinelotto365.com\/sr\/wp-json\/wp\/v2\/pages"}],"about":[{"href":"https:\/\/onlinelotto365.com\/sr\/wp-json\/wp\/v2\/types\/page"}],"author":[{"embeddable":true,"href":"https:\/\/onlinelotto365.com\/sr\/wp-json\/wp\/v2\/users\/1"}],"replies":[{"embeddable":true,"href":"https:\/\/onlinelotto365.com\/sr\/wp-json\/wp\/v2\/comments?post=84192"}],"version-history":[{"count":0,"href":"https:\/\/onlinelotto365.com\/sr\/wp-json\/wp\/v2\/pages\/84192\/revisions"}],"up":[{"embeddable":true,"href":"https:\/\/onlinelotto365.com\/sr\/wp-json\/wp\/v2\/pages\/5859"}],"wp:attachment":[{"href":"https:\/\/onlinelotto365.com\/sr\/wp-json\/wp\/v2\/media?parent=84192"}],"curies":[{"name":"wp","href":"https:\/\/api.w.org\/{rel}","templated":true}]}}