{"id":84200,"date":"2023-09-27T22:08:51","date_gmt":"2023-09-27T21:08:51","guid":{"rendered":"https:\/\/onlinelotto365.com\/dobitni-brojevi\/pogledajte-dobitne-brojeve-za-euromillions"},"modified":"2023-09-27T22:08:51","modified_gmt":"2023-09-27T21:08:51","slug":"pogledajte-dobitne-brojeve-za-euromillions","status":"publish","type":"page","link":"https:\/\/onlinelotto365.com\/sr\/dobitni-brojevi\/pogledajte-dobitne-brojeve-za-euromillions\/","title":{"rendered":"Pogledajte dobitne brojeve za Euromillions."},"content":{"rendered":"<p>Znamo da na na\u0161em sajtu postoji mnogo me\u0111unarodnih lutrija i to mo\u017ee biti malo zbunjuju\u0107e za vas. Ali ne mora biti tako zbunjuju\u0107e kao \u0161to mislite. I tako\u0111e, ne mora biti tako te\u0161ko za vas da prona\u0111ete dobitne brojeve za igru koju \u017eelite. Mo\u017eda ste razmi\u0161ljali o tome da proverite negde drugde. Novine i televizija su neke od opcija, ali osim ako niste lokalni, mo\u017ee biti te\u0161ko prona\u0107i rezultate na bilo kojem od ovih mesta.<\/p>\n<p>Tako\u0111e mo\u017eete odlu\u010diti da posetite zvani\u010dni sajt lutrije EuroMillions. To je jedno od najboljih mesta za dobijanje rezultata jer su dostupni u realnom vremenu i mo\u017eda \u0107ete \u010dak mo\u0107i da pratite u\u017eivo prenos izvla\u010denja. Mo\u017ee biti zabavno i uzbudljivo gledati to izvla\u010denje u\u017eivo, posebno ako ste vi taj koji pobe\u0111uje i mo\u017eete da gledate kako va\u0161i brojevi izlaze. Ali to mo\u017ee potrajati puno vremena i ne sve lutrije se zapravo prenose u\u017eivo.<\/p>\n<p>Kada je lutrija ve\u0107 izvu\u010dena, druga opcija je da proverite na YouTube-u da vidite da li mo\u017eete dobiti video izvla\u010denja ili nekog drugog koji otkriva brojeve nakon toga.<br \/>\n<img decoding=\"async\" class=\"aligncenter\" src=\"https:\/\/redfoxlotto.com\/image?size=8&amp;lottery=euromillions\" alt=\"euromillions\" \/><br \/>\nNajbolji na\u010din za dobijanje dobitnih brojeva, me\u0111utim, jeste da posetite na\u0161 sajt i proverite rezultate. Sve je dostupno na na\u0161oj stranici sa rezultatima lutrije, na kojoj mo\u017eete videti dobitne brojeve za bilo koju lutriju koju mo\u017eete kupiti na na\u0161em sajtu.<\/p>\n<h2>Kako saznati da li je va\u0161a internet ulaznica dobitna<\/h2>\n<p>\u0160ta je jo\u0161 bolje jeste da ako ste zaista kupili ulaznicu za ovu igru, ne morate se \u010dak ni brinuti o odlasku na stranicu sa rezultatima. Samo idite direktno na svoj ra\u010dun i stranicu sa va\u0161im ulaznicama.<br \/>\n<img loading=\"lazy\" decoding=\"async\" class=\"alignright wp-image-3645\" src=\"https:\/\/onlinelotto365.com\/wp-content\/uploads\/2020\/11\/online_lottery-129-300x300.jpg\" alt=\"Euromillions winning numbers\" width=\"210\" height=\"210\" srcset=\"https:\/\/onlinelotto365.com\/wp-content\/uploads\/2020\/11\/online_lottery-129-300x300.jpg 300w, https:\/\/onlinelotto365.com\/wp-content\/uploads\/2020\/11\/online_lottery-129-100x100.jpg 100w, https:\/\/onlinelotto365.com\/wp-content\/uploads\/2020\/11\/online_lottery-129-150x150.jpg 150w, https:\/\/onlinelotto365.com\/wp-content\/uploads\/2020\/11\/online_lottery-129.jpg 320w\" sizes=\"auto, (max-width: 210px) 100vw, 210px\" \/><br \/>\nOdatle mo\u017eete videti dobitne brojeve i uporediti ih sa va\u0161im brojevima. I mi isti\u010demo brojeve koji se podudaraju tako da ih ne\u0107ete propustiti. Pored toga, brinemo se da vam donesemo dobitke od va\u0161ih brojeva ako imate bilo \u0161ta ispod 2500 evra. Ako je vi\u0161e, sve \u0161to trebate da uradite je da popunite obrazac i mi \u0107emo vam i dalje pomo\u0107i da sve bude sre\u0111eno.<\/p>\n<h2>Arhiva rezultata EuroMillions<\/h2>\n<p>Imamo nekoliko oblasti gde mo\u017eete videti najnovije dobitne brojeve za EuroMillions i rezultate drugih igara, ali tako\u0111e imamo opcije za pregled starih dobitnih brojeva. Ako \u017eelite da se uverite da birate prave brojeve za narednu igru, pregledavanje starih igara mo\u017ee biti dobar na\u010din da napravite taj izbor.<\/p>\n<h2>Moja ulaznica je dobitna, \u0161ta se de\u0161ava dalje<\/h2>\n<p>Ve\u0107 smo pomenuli da \u0107e vam bilo koja nagrada ispod 2500 evra biti stavljena na va\u0161 ra\u010dun od strane na\u0161eg tima za korisni\u010dku podr\u0161ku. Kada novac bude na va\u0161em ra\u010dunu, mo\u0107i \u0107ete ga povu\u0107i, koristiti ili raditi \u0161ta god \u017eelite. Ovo \u0107e vam olak\u0161ati da nastavite da igrate ili da koristite novac za \u0161ta god \u017eelite.<\/p>\n<p>Tako\u0111e mo\u017eete povu\u0107i novac sa bilo kojeg ra\u010duna sa kojeg ste ve\u0107 koristili za kupovinu ili depozit dodatnog novca na va\u0161em ra\u010dunu. To uklju\u010duje bankovne ra\u010dune, kreditne kartice i jo\u0161 mnogo toga.<\/p>\n","protected":false},"excerpt":{"rendered":"<p>Znamo da na na\u0161em sajtu postoji mnogo me\u0111unarodnih lutrija i to mo\u017ee biti malo zbunjuju\u0107e za vas. Ali ne mora biti tako zbunjuju\u0107e kao \u0161to mislite. I tako\u0111e, ne mora biti tako te\u0161ko za vas da prona\u0111ete dobitne brojeve za igru koju \u017eelite. Mo\u017eda ste razmi\u0161ljali o tome da proverite negde drugde. Novine i televizija [&hellip;]<\/p>\n","protected":false},"author":1,"featured_media":0,"parent":5859,"menu_order":3,"comment_status":"closed","ping_status":"closed","template":"euromillions-results.php","meta":{"_et_pb_use_builder":"","_et_pb_old_content":"","_et_gb_content_width":"","exclude_from_search":false,"footnotes":""},"class_list":["post-84200","page","type-page","status-publish","hentry"],"yoast_head":"<!-- This site is optimized with the Yoast SEO plugin v23.4 - https:\/\/yoast.com\/wordpress\/plugins\/seo\/ -->\n<title>Dobitni brojevi EuroMillions | Pogledajte najnovije nagrade i rezultate za EuroMillions<\/title>\n<meta name=\"description\" content=\"Uporedite svoj Euromillions tiket sa dobitnim brojevima - pogledajte sve rezultate lutrije ovde\" \/>\n<meta name=\"robots\" content=\"index, follow, max-snippet:-1, max-image-preview:large, max-video-preview:-1\" \/>\n<link rel=\"canonical\" href=\"https:\/\/onlinelotto365.com\/sr\/dobitni-brojevi\/pogledajte-dobitne-brojeve-za-euromillions\/\" \/>\n<meta property=\"og:locale\" content=\"sr_RS\" \/>\n<meta property=\"og:type\" content=\"article\" \/>\n<meta property=\"og:title\" content=\"Dobitni brojevi EuroMillions | Pogledajte najnovije nagrade i rezultate za EuroMillions\" \/>\n<meta property=\"og:description\" content=\"Uporedite svoj Euromillions tiket sa dobitnim brojevima - pogledajte sve rezultate lutrije ovde\" \/>\n<meta property=\"og:url\" content=\"https:\/\/onlinelotto365.com\/sr\/dobitni-brojevi\/pogledajte-dobitne-brojeve-za-euromillions\/\" \/>\n<meta property=\"og:site_name\" content=\"OnlineLotto365\" \/>\n<meta property=\"og:image\" content=\"https:\/\/redfoxlotto.com\/image?size=8&amp;lottery=euromillions\" \/>\n<meta name=\"twitter:card\" content=\"summary_large_image\" \/>\n<meta name=\"twitter:label1\" content=\"\u041f\u0440\u043e\u0446\u0435\u045a\u0435\u043d\u043e \u0432\u0440\u0435\u043c\u0435 \u0447\u0438\u0442\u0430\u045a\u0430\" \/>\n\t<meta name=\"twitter:data1\" content=\"3 \u043c\u0438\u043d\u0443\u0442\u0430\" \/>\n<script type=\"application\/ld+json\" class=\"yoast-schema-graph\">{\"@context\":\"https:\/\/schema.org\",\"@graph\":[{\"@type\":\"WebPage\",\"@id\":\"https:\/\/onlinelotto365.com\/sr\/dobitni-brojevi\/pogledajte-dobitne-brojeve-za-euromillions\/\",\"url\":\"https:\/\/onlinelotto365.com\/sr\/dobitni-brojevi\/pogledajte-dobitne-brojeve-za-euromillions\/\",\"name\":\"Dobitni brojevi EuroMillions | Pogledajte najnovije nagrade i rezultate za EuroMillions\",\"isPartOf\":{\"@id\":\"https:\/\/onlinelotto365.com\/sr\/#website\"},\"primaryImageOfPage\":{\"@id\":\"https:\/\/onlinelotto365.com\/sr\/dobitni-brojevi\/pogledajte-dobitne-brojeve-za-euromillions\/#primaryimage\"},\"image\":{\"@id\":\"https:\/\/onlinelotto365.com\/sr\/dobitni-brojevi\/pogledajte-dobitne-brojeve-za-euromillions\/#primaryimage\"},\"thumbnailUrl\":\"https:\/\/redfoxlotto.com\/image?size=8&amp;lottery=euromillions\",\"datePublished\":\"2023-09-27T21:08:51+00:00\",\"dateModified\":\"2023-09-27T21:08:51+00:00\",\"description\":\"Uporedite svoj Euromillions tiket sa dobitnim brojevima - pogledajte sve rezultate lutrije ovde\",\"breadcrumb\":{\"@id\":\"https:\/\/onlinelotto365.com\/sr\/dobitni-brojevi\/pogledajte-dobitne-brojeve-za-euromillions\/#breadcrumb\"},\"inLanguage\":\"sr-RS\",\"potentialAction\":[{\"@type\":\"ReadAction\",\"target\":[\"https:\/\/onlinelotto365.com\/sr\/dobitni-brojevi\/pogledajte-dobitne-brojeve-za-euromillions\/\"]}]},{\"@type\":\"ImageObject\",\"inLanguage\":\"sr-RS\",\"@id\":\"https:\/\/onlinelotto365.com\/sr\/dobitni-brojevi\/pogledajte-dobitne-brojeve-za-euromillions\/#primaryimage\",\"url\":\"https:\/\/redfoxlotto.com\/image?size=8&amp;lottery=euromillions\",\"contentUrl\":\"https:\/\/redfoxlotto.com\/image?size=8&amp;lottery=euromillions\"},{\"@type\":\"BreadcrumbList\",\"@id\":\"https:\/\/onlinelotto365.com\/sr\/dobitni-brojevi\/pogledajte-dobitne-brojeve-za-euromillions\/#breadcrumb\",\"itemListElement\":[{\"@type\":\"ListItem\",\"position\":1,\"name\":\"Home\",\"item\":\"https:\/\/onlinelotto365.com\/sr\/\"},{\"@type\":\"ListItem\",\"position\":2,\"name\":\"Tragate za me\u0111unarodnim loto rezultatima?\",\"item\":\"https:\/\/onlinelotto365.com\/sr\/winning-numbers\/\"},{\"@type\":\"ListItem\",\"position\":3,\"name\":\"Pogledajte dobitne brojeve za Euromillions.\"}]},{\"@type\":\"WebSite\",\"@id\":\"https:\/\/onlinelotto365.com\/sr\/#website\",\"url\":\"https:\/\/onlinelotto365.com\/sr\/\",\"name\":\"OnlineLotto365\",\"description\":\"\",\"potentialAction\":[{\"@type\":\"SearchAction\",\"target\":{\"@type\":\"EntryPoint\",\"urlTemplate\":\"https:\/\/onlinelotto365.com\/sr\/?s={search_term_string}\"},\"query-input\":{\"@type\":\"PropertyValueSpecification\",\"valueRequired\":true,\"valueName\":\"search_term_string\"}}],\"inLanguage\":\"sr-RS\"}]}<\/script>\n<!-- \/ Yoast SEO plugin. -->","yoast_head_json":{"title":"Dobitni brojevi EuroMillions | Pogledajte najnovije nagrade i rezultate za EuroMillions","description":"Uporedite svoj Euromillions tiket sa dobitnim brojevima - pogledajte sve rezultate lutrije ovde","robots":{"index":"index","follow":"follow","max-snippet":"max-snippet:-1","max-image-preview":"max-image-preview:large","max-video-preview":"max-video-preview:-1"},"canonical":"https:\/\/onlinelotto365.com\/sr\/dobitni-brojevi\/pogledajte-dobitne-brojeve-za-euromillions\/","og_locale":"sr_RS","og_type":"article","og_title":"Dobitni brojevi EuroMillions | Pogledajte najnovije nagrade i rezultate za EuroMillions","og_description":"Uporedite svoj Euromillions tiket sa dobitnim brojevima - pogledajte sve rezultate lutrije ovde","og_url":"https:\/\/onlinelotto365.com\/sr\/dobitni-brojevi\/pogledajte-dobitne-brojeve-za-euromillions\/","og_site_name":"OnlineLotto365","og_image":[{"url":"https:\/\/redfoxlotto.com\/image?size=8&amp;lottery=euromillions"}],"twitter_card":"summary_large_image","twitter_misc":{"\u041f\u0440\u043e\u0446\u0435\u045a\u0435\u043d\u043e \u0432\u0440\u0435\u043c\u0435 \u0447\u0438\u0442\u0430\u045a\u0430":"3 \u043c\u0438\u043d\u0443\u0442\u0430"},"schema":{"@context":"https:\/\/schema.org","@graph":[{"@type":"WebPage","@id":"https:\/\/onlinelotto365.com\/sr\/dobitni-brojevi\/pogledajte-dobitne-brojeve-za-euromillions\/","url":"https:\/\/onlinelotto365.com\/sr\/dobitni-brojevi\/pogledajte-dobitne-brojeve-za-euromillions\/","name":"Dobitni brojevi EuroMillions | Pogledajte najnovije nagrade i rezultate za EuroMillions","isPartOf":{"@id":"https:\/\/onlinelotto365.com\/sr\/#website"},"primaryImageOfPage":{"@id":"https:\/\/onlinelotto365.com\/sr\/dobitni-brojevi\/pogledajte-dobitne-brojeve-za-euromillions\/#primaryimage"},"image":{"@id":"https:\/\/onlinelotto365.com\/sr\/dobitni-brojevi\/pogledajte-dobitne-brojeve-za-euromillions\/#primaryimage"},"thumbnailUrl":"https:\/\/redfoxlotto.com\/image?size=8&amp;lottery=euromillions","datePublished":"2023-09-27T21:08:51+00:00","dateModified":"2023-09-27T21:08:51+00:00","description":"Uporedite svoj Euromillions tiket sa dobitnim brojevima - pogledajte sve rezultate lutrije ovde","breadcrumb":{"@id":"https:\/\/onlinelotto365.com\/sr\/dobitni-brojevi\/pogledajte-dobitne-brojeve-za-euromillions\/#breadcrumb"},"inLanguage":"sr-RS","potentialAction":[{"@type":"ReadAction","target":["https:\/\/onlinelotto365.com\/sr\/dobitni-brojevi\/pogledajte-dobitne-brojeve-za-euromillions\/"]}]},{"@type":"ImageObject","inLanguage":"sr-RS","@id":"https:\/\/onlinelotto365.com\/sr\/dobitni-brojevi\/pogledajte-dobitne-brojeve-za-euromillions\/#primaryimage","url":"https:\/\/redfoxlotto.com\/image?size=8&amp;lottery=euromillions","contentUrl":"https:\/\/redfoxlotto.com\/image?size=8&amp;lottery=euromillions"},{"@type":"BreadcrumbList","@id":"https:\/\/onlinelotto365.com\/sr\/dobitni-brojevi\/pogledajte-dobitne-brojeve-za-euromillions\/#breadcrumb","itemListElement":[{"@type":"ListItem","position":1,"name":"Home","item":"https:\/\/onlinelotto365.com\/sr\/"},{"@type":"ListItem","position":2,"name":"Tragate za me\u0111unarodnim loto rezultatima?","item":"https:\/\/onlinelotto365.com\/sr\/winning-numbers\/"},{"@type":"ListItem","position":3,"name":"Pogledajte dobitne brojeve za Euromillions."}]},{"@type":"WebSite","@id":"https:\/\/onlinelotto365.com\/sr\/#website","url":"https:\/\/onlinelotto365.com\/sr\/","name":"OnlineLotto365","description":"","potentialAction":[{"@type":"SearchAction","target":{"@type":"EntryPoint","urlTemplate":"https:\/\/onlinelotto365.com\/sr\/?s={search_term_string}"},"query-input":{"@type":"PropertyValueSpecification","valueRequired":true,"valueName":"search_term_string"}}],"inLanguage":"sr-RS"}]}},"_links":{"self":[{"href":"https:\/\/onlinelotto365.com\/sr\/wp-json\/wp\/v2\/pages\/84200","targetHints":{"allow":["GET"]}}],"collection":[{"href":"https:\/\/onlinelotto365.com\/sr\/wp-json\/wp\/v2\/pages"}],"about":[{"href":"https:\/\/onlinelotto365.com\/sr\/wp-json\/wp\/v2\/types\/page"}],"author":[{"embeddable":true,"href":"https:\/\/onlinelotto365.com\/sr\/wp-json\/wp\/v2\/users\/1"}],"replies":[{"embeddable":true,"href":"https:\/\/onlinelotto365.com\/sr\/wp-json\/wp\/v2\/comments?post=84200"}],"version-history":[{"count":0,"href":"https:\/\/onlinelotto365.com\/sr\/wp-json\/wp\/v2\/pages\/84200\/revisions"}],"up":[{"embeddable":true,"href":"https:\/\/onlinelotto365.com\/sr\/wp-json\/wp\/v2\/pages\/5859"}],"wp:attachment":[{"href":"https:\/\/onlinelotto365.com\/sr\/wp-json\/wp\/v2\/media?parent=84200"}],"curies":[{"name":"wp","href":"https:\/\/api.w.org\/{rel}","templated":true}]}}