{"id":84236,"date":"2023-09-28T09:08:35","date_gmt":"2023-09-28T08:08:35","guid":{"rendered":"https:\/\/onlinelotto365.com\/dobitni-brojevi\/proverite-dobitne-brojeve-eurojackpota-ovde"},"modified":"2023-09-28T09:08:35","modified_gmt":"2023-09-28T08:08:35","slug":"proverite-dobitne-brojeve-eurojackpota-ovde","status":"publish","type":"page","link":"https:\/\/onlinelotto365.com\/sr\/dobitni-brojevi\/proverite-dobitne-brojeve-eurojackpota-ovde\/","title":{"rendered":"Proverite dobitne brojeve Eurojackpota ovde."},"content":{"rendered":"<p>Na na\u0161em sajtu dostupne su mnoge razli\u010dite me\u0111unarodne lutrije, \u0161to zna\u010di da pronala\u017eenje brojeva i rezultata mo\u017ee biti te\u0161ko za neke. A kada je re\u010d o pronala\u017eenju brojeva drugde, stvari mogu biti jo\u0161 gore. Verovatno ne\u0107ete prona\u0107i rezultate Eurojackpota u svom lokalnom listu, a te\u0161ko ih je prona\u0107i i na televiziji. Pogotovo jer \u010desto nisu u\u017eivo preno\u0161eni.<\/p>\n<p>Tako\u0111e mo\u017eete proveriti veb sajt lutrije Eurojackpot, koji vam omogu\u0107ava pristup u\u017eivo prenosu rezultata i izvla\u010denja. Ovo mo\u017ee biti veoma zabavno i br\u017ee \u0107ete saznati da li ste pobedili. Ali ovo nije uvek mogu\u0107e i treba\u0107e vam pravo vreme.<\/p>\n<p>Ako tra\u017eite brojeve nakon izvla\u010denja, uvek mo\u017eete proveriti na YouTube-u da vidite da li je izvla\u010denje dostupno ili da li neko ima video sa dobitnim brojevima.<\/p>\n<p>Najlak\u0161i na\u010din da prona\u0111ete dobitne brojeve, i \u010dak da vidite sve nagrade i rezultate, jeste da posetite na\u0161 veb sajt na stranici rezultata lutrije na na\u0161oj stranici rezultata lutrije. Tamo \u0107ete prona\u0107i sve dobitne brojeve iz Eurojackpota i sve ostale igre koje nudimo.<\/p>\n<h2>Kako znati da ste pobedili<\/h2>\n<p><img decoding=\"async\" class=\"aligncenter\" src=\"https:\/\/redfoxlotto.com\/image?size=8&amp;lottery=eurojackpot\" alt=\"eurojackpot\" \/><br \/>\nDa li ste kupili tiket za Eurojackpot? Ako jeste, \u010dak i ne morate i\u0107i na stranicu sa rezultatima. Samo idite na svoj nalog i vide\u0107ete dobitne brojeve odmah pored svog tiketa. \u010cak \u0107ete mo\u0107i da vidite koje su brojevi bili ta\u010dni, a koji nisu bili ta\u010dni i koliko ste osvojili kao rezultat toga. Ako ste osvojili manje od 2.500 evra, novac \u0107e vam biti odmah upla\u0107en na ra\u010dun, \u010dim se potvrde brojevi lutrije.<\/p>\n<p>Na\u0161 veb sajt \u0107e vam pokazati rezultate najnovijeg Eurojackpota, ali \u0107e vam pru\u017eiti i mnoge opcije za proveru starijih izvla\u010denja. Tako mo\u017eete proveriti starije tikete ili ako tra\u017eite najbolje brojeve koje \u0107ete isprobati slede\u0107i put kad kupite tiket. Zapavo, ovo je jedna od najpopularnijih strategija za lutriju koju ljudi koriste.<\/p>\n<h2>Moj tiket je pobedio, \u0161ta se de\u0161ava dalje?<\/h2>\n<p><img loading=\"lazy\" decoding=\"async\" class=\"alignright wp-image-25127\" src=\"https:\/\/onlinelotto365.com\/wp-content\/uploads\/2021\/01\/lottery_balls1-300x160-1.jpg\" alt=\"Eurojackpot winning numbers\" width=\"265\" height=\"142\" \/><br \/>\nVe\u0107 smo razgovarali o nagradama ispod 2.500 evra. Te nagrade \u0107e odmah biti upla\u0107ene na va\u0161 ra\u010dun i tada mo\u017eete odlu\u010diti da kupite vi\u0161e tiketa ili povu\u010dete celokupan ili deo novca. Sve \u0161to trebate da uradite je da se pobrinite da imate najmanje 10 evra na svom ra\u010dunu kako biste mogli da ih povu\u010dete na na\u010din koji vam odgovara.<\/p>\n<p>Mo\u017eete izabrati da povu\u010dete novac na svoj bankovni ra\u010dun ili kreditnu karticu, i mi vam olak\u0161avamo i to. \u017delimo da mo\u017eete dobiti svoj novac, ali moramo preduzeti nekoliko koraka da ga stavimo na va\u0161 ra\u010dun. Na kraju krajeva, online transferi novca su podlo\u017eni strogim propisima.<\/p>\n","protected":false},"excerpt":{"rendered":"<p>Na na\u0161em sajtu dostupne su mnoge razli\u010dite me\u0111unarodne lutrije, \u0161to zna\u010di da pronala\u017eenje brojeva i rezultata mo\u017ee biti te\u0161ko za neke. A kada je re\u010d o pronala\u017eenju brojeva drugde, stvari mogu biti jo\u0161 gore. Verovatno ne\u0107ete prona\u0107i rezultate Eurojackpota u svom lokalnom listu, a te\u0161ko ih je prona\u0107i i na televiziji. Pogotovo jer \u010desto nisu [&hellip;]<\/p>\n","protected":false},"author":1,"featured_media":0,"parent":5859,"menu_order":4,"comment_status":"closed","ping_status":"closed","template":"eurojackpot-results.php","meta":{"_et_pb_use_builder":"","_et_pb_old_content":"","_et_gb_content_width":"","exclude_from_search":false,"footnotes":""},"class_list":["post-84236","page","type-page","status-publish","hentry"],"yoast_head":"<!-- This site is optimized with the Yoast SEO plugin v23.4 - https:\/\/yoast.com\/wordpress\/plugins\/seo\/ -->\n<title>Dobitni brojevi Eurojackpota | Proverite rezultate izvla\u010denja i dobitke za Eurojackpot ovde.<\/title>\n<meta name=\"description\" content=\"Objavljujemo rezultate Eurojackpota i dobitne brojeve, kao i arhivu za prethodna izvla\u010denja.\" \/>\n<meta name=\"robots\" content=\"index, follow, max-snippet:-1, max-image-preview:large, max-video-preview:-1\" \/>\n<link rel=\"canonical\" href=\"https:\/\/onlinelotto365.com\/sr\/dobitni-brojevi\/proverite-dobitne-brojeve-eurojackpota-ovde\/\" \/>\n<meta property=\"og:locale\" content=\"sr_RS\" \/>\n<meta property=\"og:type\" content=\"article\" \/>\n<meta property=\"og:title\" content=\"Dobitni brojevi Eurojackpota | Proverite rezultate izvla\u010denja i dobitke za Eurojackpot ovde.\" \/>\n<meta property=\"og:description\" content=\"Objavljujemo rezultate Eurojackpota i dobitne brojeve, kao i arhivu za prethodna izvla\u010denja.\" \/>\n<meta property=\"og:url\" content=\"https:\/\/onlinelotto365.com\/sr\/dobitni-brojevi\/proverite-dobitne-brojeve-eurojackpota-ovde\/\" \/>\n<meta property=\"og:site_name\" content=\"OnlineLotto365\" \/>\n<meta property=\"og:image\" content=\"https:\/\/redfoxlotto.com\/image?size=8&amp;lottery=eurojackpot\" \/>\n<meta name=\"twitter:card\" content=\"summary_large_image\" \/>\n<meta name=\"twitter:label1\" content=\"\u041f\u0440\u043e\u0446\u0435\u045a\u0435\u043d\u043e \u0432\u0440\u0435\u043c\u0435 \u0447\u0438\u0442\u0430\u045a\u0430\" \/>\n\t<meta name=\"twitter:data1\" content=\"2 \u043c\u0438\u043d\u0443\u0442\u0430\" \/>\n<script type=\"application\/ld+json\" class=\"yoast-schema-graph\">{\"@context\":\"https:\/\/schema.org\",\"@graph\":[{\"@type\":\"WebPage\",\"@id\":\"https:\/\/onlinelotto365.com\/sr\/dobitni-brojevi\/proverite-dobitne-brojeve-eurojackpota-ovde\/\",\"url\":\"https:\/\/onlinelotto365.com\/sr\/dobitni-brojevi\/proverite-dobitne-brojeve-eurojackpota-ovde\/\",\"name\":\"Dobitni brojevi Eurojackpota | Proverite rezultate izvla\u010denja i dobitke za Eurojackpot ovde.\",\"isPartOf\":{\"@id\":\"https:\/\/onlinelotto365.com\/sr\/#website\"},\"primaryImageOfPage\":{\"@id\":\"https:\/\/onlinelotto365.com\/sr\/dobitni-brojevi\/proverite-dobitne-brojeve-eurojackpota-ovde\/#primaryimage\"},\"image\":{\"@id\":\"https:\/\/onlinelotto365.com\/sr\/dobitni-brojevi\/proverite-dobitne-brojeve-eurojackpota-ovde\/#primaryimage\"},\"thumbnailUrl\":\"https:\/\/redfoxlotto.com\/image?size=8&amp;lottery=eurojackpot\",\"datePublished\":\"2023-09-28T08:08:35+00:00\",\"dateModified\":\"2023-09-28T08:08:35+00:00\",\"description\":\"Objavljujemo rezultate Eurojackpota i dobitne brojeve, kao i arhivu za prethodna izvla\u010denja.\",\"breadcrumb\":{\"@id\":\"https:\/\/onlinelotto365.com\/sr\/dobitni-brojevi\/proverite-dobitne-brojeve-eurojackpota-ovde\/#breadcrumb\"},\"inLanguage\":\"sr-RS\",\"potentialAction\":[{\"@type\":\"ReadAction\",\"target\":[\"https:\/\/onlinelotto365.com\/sr\/dobitni-brojevi\/proverite-dobitne-brojeve-eurojackpota-ovde\/\"]}]},{\"@type\":\"ImageObject\",\"inLanguage\":\"sr-RS\",\"@id\":\"https:\/\/onlinelotto365.com\/sr\/dobitni-brojevi\/proverite-dobitne-brojeve-eurojackpota-ovde\/#primaryimage\",\"url\":\"https:\/\/redfoxlotto.com\/image?size=8&amp;lottery=eurojackpot\",\"contentUrl\":\"https:\/\/redfoxlotto.com\/image?size=8&amp;lottery=eurojackpot\"},{\"@type\":\"BreadcrumbList\",\"@id\":\"https:\/\/onlinelotto365.com\/sr\/dobitni-brojevi\/proverite-dobitne-brojeve-eurojackpota-ovde\/#breadcrumb\",\"itemListElement\":[{\"@type\":\"ListItem\",\"position\":1,\"name\":\"Home\",\"item\":\"https:\/\/onlinelotto365.com\/sr\/\"},{\"@type\":\"ListItem\",\"position\":2,\"name\":\"Tragate za me\u0111unarodnim loto rezultatima?\",\"item\":\"https:\/\/onlinelotto365.com\/sr\/winning-numbers\/\"},{\"@type\":\"ListItem\",\"position\":3,\"name\":\"Proverite dobitne brojeve Eurojackpota ovde.\"}]},{\"@type\":\"WebSite\",\"@id\":\"https:\/\/onlinelotto365.com\/sr\/#website\",\"url\":\"https:\/\/onlinelotto365.com\/sr\/\",\"name\":\"OnlineLotto365\",\"description\":\"\",\"potentialAction\":[{\"@type\":\"SearchAction\",\"target\":{\"@type\":\"EntryPoint\",\"urlTemplate\":\"https:\/\/onlinelotto365.com\/sr\/?s={search_term_string}\"},\"query-input\":{\"@type\":\"PropertyValueSpecification\",\"valueRequired\":true,\"valueName\":\"search_term_string\"}}],\"inLanguage\":\"sr-RS\"}]}<\/script>\n<!-- \/ Yoast SEO plugin. -->","yoast_head_json":{"title":"Dobitni brojevi Eurojackpota | Proverite rezultate izvla\u010denja i dobitke za Eurojackpot ovde.","description":"Objavljujemo rezultate Eurojackpota i dobitne brojeve, kao i arhivu za prethodna izvla\u010denja.","robots":{"index":"index","follow":"follow","max-snippet":"max-snippet:-1","max-image-preview":"max-image-preview:large","max-video-preview":"max-video-preview:-1"},"canonical":"https:\/\/onlinelotto365.com\/sr\/dobitni-brojevi\/proverite-dobitne-brojeve-eurojackpota-ovde\/","og_locale":"sr_RS","og_type":"article","og_title":"Dobitni brojevi Eurojackpota | Proverite rezultate izvla\u010denja i dobitke za Eurojackpot ovde.","og_description":"Objavljujemo rezultate Eurojackpota i dobitne brojeve, kao i arhivu za prethodna izvla\u010denja.","og_url":"https:\/\/onlinelotto365.com\/sr\/dobitni-brojevi\/proverite-dobitne-brojeve-eurojackpota-ovde\/","og_site_name":"OnlineLotto365","og_image":[{"url":"https:\/\/redfoxlotto.com\/image?size=8&amp;lottery=eurojackpot"}],"twitter_card":"summary_large_image","twitter_misc":{"\u041f\u0440\u043e\u0446\u0435\u045a\u0435\u043d\u043e \u0432\u0440\u0435\u043c\u0435 \u0447\u0438\u0442\u0430\u045a\u0430":"2 \u043c\u0438\u043d\u0443\u0442\u0430"},"schema":{"@context":"https:\/\/schema.org","@graph":[{"@type":"WebPage","@id":"https:\/\/onlinelotto365.com\/sr\/dobitni-brojevi\/proverite-dobitne-brojeve-eurojackpota-ovde\/","url":"https:\/\/onlinelotto365.com\/sr\/dobitni-brojevi\/proverite-dobitne-brojeve-eurojackpota-ovde\/","name":"Dobitni brojevi Eurojackpota | Proverite rezultate izvla\u010denja i dobitke za Eurojackpot ovde.","isPartOf":{"@id":"https:\/\/onlinelotto365.com\/sr\/#website"},"primaryImageOfPage":{"@id":"https:\/\/onlinelotto365.com\/sr\/dobitni-brojevi\/proverite-dobitne-brojeve-eurojackpota-ovde\/#primaryimage"},"image":{"@id":"https:\/\/onlinelotto365.com\/sr\/dobitni-brojevi\/proverite-dobitne-brojeve-eurojackpota-ovde\/#primaryimage"},"thumbnailUrl":"https:\/\/redfoxlotto.com\/image?size=8&amp;lottery=eurojackpot","datePublished":"2023-09-28T08:08:35+00:00","dateModified":"2023-09-28T08:08:35+00:00","description":"Objavljujemo rezultate Eurojackpota i dobitne brojeve, kao i arhivu za prethodna izvla\u010denja.","breadcrumb":{"@id":"https:\/\/onlinelotto365.com\/sr\/dobitni-brojevi\/proverite-dobitne-brojeve-eurojackpota-ovde\/#breadcrumb"},"inLanguage":"sr-RS","potentialAction":[{"@type":"ReadAction","target":["https:\/\/onlinelotto365.com\/sr\/dobitni-brojevi\/proverite-dobitne-brojeve-eurojackpota-ovde\/"]}]},{"@type":"ImageObject","inLanguage":"sr-RS","@id":"https:\/\/onlinelotto365.com\/sr\/dobitni-brojevi\/proverite-dobitne-brojeve-eurojackpota-ovde\/#primaryimage","url":"https:\/\/redfoxlotto.com\/image?size=8&amp;lottery=eurojackpot","contentUrl":"https:\/\/redfoxlotto.com\/image?size=8&amp;lottery=eurojackpot"},{"@type":"BreadcrumbList","@id":"https:\/\/onlinelotto365.com\/sr\/dobitni-brojevi\/proverite-dobitne-brojeve-eurojackpota-ovde\/#breadcrumb","itemListElement":[{"@type":"ListItem","position":1,"name":"Home","item":"https:\/\/onlinelotto365.com\/sr\/"},{"@type":"ListItem","position":2,"name":"Tragate za me\u0111unarodnim loto rezultatima?","item":"https:\/\/onlinelotto365.com\/sr\/winning-numbers\/"},{"@type":"ListItem","position":3,"name":"Proverite dobitne brojeve Eurojackpota ovde."}]},{"@type":"WebSite","@id":"https:\/\/onlinelotto365.com\/sr\/#website","url":"https:\/\/onlinelotto365.com\/sr\/","name":"OnlineLotto365","description":"","potentialAction":[{"@type":"SearchAction","target":{"@type":"EntryPoint","urlTemplate":"https:\/\/onlinelotto365.com\/sr\/?s={search_term_string}"},"query-input":{"@type":"PropertyValueSpecification","valueRequired":true,"valueName":"search_term_string"}}],"inLanguage":"sr-RS"}]}},"_links":{"self":[{"href":"https:\/\/onlinelotto365.com\/sr\/wp-json\/wp\/v2\/pages\/84236","targetHints":{"allow":["GET"]}}],"collection":[{"href":"https:\/\/onlinelotto365.com\/sr\/wp-json\/wp\/v2\/pages"}],"about":[{"href":"https:\/\/onlinelotto365.com\/sr\/wp-json\/wp\/v2\/types\/page"}],"author":[{"embeddable":true,"href":"https:\/\/onlinelotto365.com\/sr\/wp-json\/wp\/v2\/users\/1"}],"replies":[{"embeddable":true,"href":"https:\/\/onlinelotto365.com\/sr\/wp-json\/wp\/v2\/comments?post=84236"}],"version-history":[{"count":0,"href":"https:\/\/onlinelotto365.com\/sr\/wp-json\/wp\/v2\/pages\/84236\/revisions"}],"up":[{"embeddable":true,"href":"https:\/\/onlinelotto365.com\/sr\/wp-json\/wp\/v2\/pages\/5859"}],"wp:attachment":[{"href":"https:\/\/onlinelotto365.com\/sr\/wp-json\/wp\/v2\/media?parent=84236"}],"curies":[{"name":"wp","href":"https:\/\/api.w.org\/{rel}","templated":true}]}}