{"id":84245,"date":"2023-09-28T10:05:09","date_gmt":"2023-09-28T09:05:09","guid":{"rendered":"https:\/\/onlinelotto365.com\/dobitni-brojevi\/proverite-dobitne-brojeve-za-superenalotto-ovde"},"modified":"2023-09-28T10:05:09","modified_gmt":"2023-09-28T09:05:09","slug":"proverite-dobitne-brojeve-za-superenalotto-ovde","status":"publish","type":"page","link":"https:\/\/onlinelotto365.com\/sr\/dobitni-brojevi\/proverite-dobitne-brojeve-za-superenalotto-ovde\/","title":{"rendered":"Proverite dobitne brojeve za Superenalotto ovde"},"content":{"rendered":"<p>Nudimo mnoge razli\u010dite me\u0111unarodne lutrije na na\u0161em sajtu, ali \u017eelimo da se uverimo da nije problem prona\u0107i rezultate. Naravno, mo\u017eete proveriti rezultate na televiziji, ako imate sre\u0107e da prona\u0111ete rezultate izvla\u010denja u vestima. Ili mo\u017eete da ih prona\u0111ete u novinama ako \u017eivite u podru\u010dju gde su igre lokalne. Ali i to mo\u017ee biti te\u0161ko.<\/p>\n<p>Tako\u0111e mo\u017eete da proverite veb-sajt Superenalotto da biste prona\u0161li direktni prenos procesa izvla\u010denja ako je dostupan. To mo\u017ee biti zabavno za igre koje to pru\u017eaju i mo\u017ee vam pru\u017eiti uzbudljiv trenutak gledanja da biste videli da li su va\u0161i brojevi oni koji su pobedili, ali ne svaka lutrija zapravo nudi tu opciju.<\/p>\n<p>Nakon izvla\u010denja, ponekad mo\u017eete prona\u0107i dobitne brojeve i izvla\u010denja za Superenalotto na YouTube-u, ako znate kako da istra\u017eujete i gde da tra\u017eite. Ali to mo\u017ee oduzeti vreme.<br \/>\n<img decoding=\"async\" class=\"aligncenter\" src=\"https:\/\/redfoxlotto.com\/image?size=8&amp;lottery=superenalotto\" alt=\"superenalotto\" \/><br \/>\nNajbolji na\u010din da to uradite je jednostavno da posetite na\u0161u stranicu sa rezultatima lutrije i vidite sve brojeve za svaku od razli\u010ditih lutrija. To uklju\u010duje i Superenalotto i mnogo vi\u0161e.<\/p>\n<h2>Kako saznati da li je va\u0161a online ulaznica pobedila<\/h2>\n<p>Za one koji su kupili ulaznicu za Superenalotto na na\u0161em sajtu, lako mo\u017eete proveriti svoj nalog da biste saznali dobitne brojeve. To \u0107e biti mnogo lak\u0161e nego \u0161to mo\u017eda mislite, a \u0161to je bolje, ne morate ni da upore\u0111ujete brojeve.<\/p>\n<p>Mi se brinemo za tu stranu za vas. Zapravo, pokazujemo vam koje brojeve imate koji se podudaraju sa dobitnim brojevima tako \u0161to ih isti\u010demo. Zatim, sve do \u20ac2500 direktno stavljamo na va\u0161 ra\u010dun. Ne morate brinuti o tome da to potvrdite ili verifikujete. Mi sve to radimo kako biste mogli da u\u017eivate u svojim dobitcima.<\/p>\n<h2>Arhiva rezultata Superenalotto<\/h2>\n<p><img loading=\"lazy\" decoding=\"async\" class=\"alignright size-full wp-image-3634\" src=\"https:\/\/onlinelotto365.com\/wp-content\/uploads\/2020\/11\/online_lottery-136.jpg\" alt=\"superenalotto winning numbers\" width=\"297\" height=\"101\" \/><br \/>\nSvaka stranica na na\u0161em sajtu koja prikazuje dobitne brojeve za Superenalotto tako\u0111e \u0107e vam pokazati kako mo\u017eete da se vratite na prethodne rezultate da biste proverili starija izvla\u010denja. To vam mo\u017ee pomo\u0107i da izaberete prave brojeve koje \u017eelite da igrate kada do\u0111e vreme za slede\u0107e izvla\u010denje. To je jedan od najpopularnijih na\u010dina za odabir brojeva.<\/p>\n<h2>Moja ulaznica je pobedila, \u0161ta se de\u0161ava dalje?<\/h2>\n<p>Bilo koji dobitak ispod \u20ac2500 bi\u0107e odmah upla\u0107en na va\u0161 igra\u010dki ra\u010dun. Na taj na\u010din mo\u017eete da ga podignete (bilo koji iznos preko \u20ac10) ili da ga koristite za kupovinu dodatnih ulaznica. Samo imajte na umu da mo\u017eete povu\u0107i sredstva na kreditnu ili debitnu karticu ili ih mo\u017eete povu\u0107i na bankovni ra\u010dun. Koji god ra\u010dun \u017eelite da koristite za povla\u010denje novca, ve\u0107 ste ga morali koristiti za uplatu. To je kako vam poma\u017eemo da se za\u0161titite, ali i kako se pridr\u017eavamo propisa o spre\u010davanju pranja novca i drugim propisima.<\/p>\n","protected":false},"excerpt":{"rendered":"<p>Nudimo mnoge razli\u010dite me\u0111unarodne lutrije na na\u0161em sajtu, ali \u017eelimo da se uverimo da nije problem prona\u0107i rezultate. Naravno, mo\u017eete proveriti rezultate na televiziji, ako imate sre\u0107e da prona\u0111ete rezultate izvla\u010denja u vestima. Ili mo\u017eete da ih prona\u0111ete u novinama ako \u017eivite u podru\u010dju gde su igre lokalne. Ali i to mo\u017ee biti te\u0161ko. Tako\u0111e [&hellip;]<\/p>\n","protected":false},"author":1,"featured_media":0,"parent":5859,"menu_order":5,"comment_status":"closed","ping_status":"closed","template":"superenalotto-results.php","meta":{"_et_pb_use_builder":"","_et_pb_old_content":"","_et_gb_content_width":"","exclude_from_search":false,"footnotes":""},"class_list":["post-84245","page","type-page","status-publish","hentry"],"yoast_head":"<!-- This site is optimized with the Yoast SEO plugin v23.4 - https:\/\/yoast.com\/wordpress\/plugins\/seo\/ -->\n<title>Najnoviji dobitni brojevi za Superenalotto<\/title>\n<meta name=\"description\" content=\"\u017delite saznati dobitne brojeve za Superenalotto? Prona\u0111ite rezultate i vi\u0161e ovde!\" \/>\n<meta name=\"robots\" content=\"index, follow, max-snippet:-1, max-image-preview:large, max-video-preview:-1\" \/>\n<link rel=\"canonical\" href=\"https:\/\/onlinelotto365.com\/sr\/dobitni-brojevi\/proverite-dobitne-brojeve-za-superenalotto-ovde\/\" \/>\n<meta property=\"og:locale\" content=\"sr_RS\" \/>\n<meta property=\"og:type\" content=\"article\" \/>\n<meta property=\"og:title\" content=\"Najnoviji dobitni brojevi za Superenalotto\" \/>\n<meta property=\"og:description\" content=\"\u017delite saznati dobitne brojeve za Superenalotto? Prona\u0111ite rezultate i vi\u0161e ovde!\" \/>\n<meta property=\"og:url\" content=\"https:\/\/onlinelotto365.com\/sr\/dobitni-brojevi\/proverite-dobitne-brojeve-za-superenalotto-ovde\/\" \/>\n<meta property=\"og:site_name\" content=\"OnlineLotto365\" \/>\n<meta property=\"og:image\" content=\"https:\/\/redfoxlotto.com\/image?size=8&amp;lottery=superenalotto\" \/>\n<meta name=\"twitter:card\" content=\"summary_large_image\" \/>\n<meta name=\"twitter:label1\" content=\"\u041f\u0440\u043e\u0446\u0435\u045a\u0435\u043d\u043e \u0432\u0440\u0435\u043c\u0435 \u0447\u0438\u0442\u0430\u045a\u0430\" \/>\n\t<meta name=\"twitter:data1\" content=\"2 \u043c\u0438\u043d\u0443\u0442\u0430\" \/>\n<script type=\"application\/ld+json\" class=\"yoast-schema-graph\">{\"@context\":\"https:\/\/schema.org\",\"@graph\":[{\"@type\":\"WebPage\",\"@id\":\"https:\/\/onlinelotto365.com\/sr\/dobitni-brojevi\/proverite-dobitne-brojeve-za-superenalotto-ovde\/\",\"url\":\"https:\/\/onlinelotto365.com\/sr\/dobitni-brojevi\/proverite-dobitne-brojeve-za-superenalotto-ovde\/\",\"name\":\"Najnoviji dobitni brojevi za Superenalotto\",\"isPartOf\":{\"@id\":\"https:\/\/onlinelotto365.com\/sr\/#website\"},\"primaryImageOfPage\":{\"@id\":\"https:\/\/onlinelotto365.com\/sr\/dobitni-brojevi\/proverite-dobitne-brojeve-za-superenalotto-ovde\/#primaryimage\"},\"image\":{\"@id\":\"https:\/\/onlinelotto365.com\/sr\/dobitni-brojevi\/proverite-dobitne-brojeve-za-superenalotto-ovde\/#primaryimage\"},\"thumbnailUrl\":\"https:\/\/redfoxlotto.com\/image?size=8&amp;lottery=superenalotto\",\"datePublished\":\"2023-09-28T09:05:09+00:00\",\"dateModified\":\"2023-09-28T09:05:09+00:00\",\"description\":\"\u017delite saznati dobitne brojeve za Superenalotto? Prona\u0111ite rezultate i vi\u0161e ovde!\",\"breadcrumb\":{\"@id\":\"https:\/\/onlinelotto365.com\/sr\/dobitni-brojevi\/proverite-dobitne-brojeve-za-superenalotto-ovde\/#breadcrumb\"},\"inLanguage\":\"sr-RS\",\"potentialAction\":[{\"@type\":\"ReadAction\",\"target\":[\"https:\/\/onlinelotto365.com\/sr\/dobitni-brojevi\/proverite-dobitne-brojeve-za-superenalotto-ovde\/\"]}]},{\"@type\":\"ImageObject\",\"inLanguage\":\"sr-RS\",\"@id\":\"https:\/\/onlinelotto365.com\/sr\/dobitni-brojevi\/proverite-dobitne-brojeve-za-superenalotto-ovde\/#primaryimage\",\"url\":\"https:\/\/redfoxlotto.com\/image?size=8&amp;lottery=superenalotto\",\"contentUrl\":\"https:\/\/redfoxlotto.com\/image?size=8&amp;lottery=superenalotto\"},{\"@type\":\"BreadcrumbList\",\"@id\":\"https:\/\/onlinelotto365.com\/sr\/dobitni-brojevi\/proverite-dobitne-brojeve-za-superenalotto-ovde\/#breadcrumb\",\"itemListElement\":[{\"@type\":\"ListItem\",\"position\":1,\"name\":\"Home\",\"item\":\"https:\/\/onlinelotto365.com\/sr\/\"},{\"@type\":\"ListItem\",\"position\":2,\"name\":\"Tragate za me\u0111unarodnim loto rezultatima?\",\"item\":\"https:\/\/onlinelotto365.com\/sr\/winning-numbers\/\"},{\"@type\":\"ListItem\",\"position\":3,\"name\":\"Proverite dobitne brojeve za Superenalotto ovde\"}]},{\"@type\":\"WebSite\",\"@id\":\"https:\/\/onlinelotto365.com\/sr\/#website\",\"url\":\"https:\/\/onlinelotto365.com\/sr\/\",\"name\":\"OnlineLotto365\",\"description\":\"\",\"potentialAction\":[{\"@type\":\"SearchAction\",\"target\":{\"@type\":\"EntryPoint\",\"urlTemplate\":\"https:\/\/onlinelotto365.com\/sr\/?s={search_term_string}\"},\"query-input\":{\"@type\":\"PropertyValueSpecification\",\"valueRequired\":true,\"valueName\":\"search_term_string\"}}],\"inLanguage\":\"sr-RS\"}]}<\/script>\n<!-- \/ Yoast SEO plugin. -->","yoast_head_json":{"title":"Najnoviji dobitni brojevi za Superenalotto","description":"\u017delite saznati dobitne brojeve za Superenalotto? Prona\u0111ite rezultate i vi\u0161e ovde!","robots":{"index":"index","follow":"follow","max-snippet":"max-snippet:-1","max-image-preview":"max-image-preview:large","max-video-preview":"max-video-preview:-1"},"canonical":"https:\/\/onlinelotto365.com\/sr\/dobitni-brojevi\/proverite-dobitne-brojeve-za-superenalotto-ovde\/","og_locale":"sr_RS","og_type":"article","og_title":"Najnoviji dobitni brojevi za Superenalotto","og_description":"\u017delite saznati dobitne brojeve za Superenalotto? Prona\u0111ite rezultate i vi\u0161e ovde!","og_url":"https:\/\/onlinelotto365.com\/sr\/dobitni-brojevi\/proverite-dobitne-brojeve-za-superenalotto-ovde\/","og_site_name":"OnlineLotto365","og_image":[{"url":"https:\/\/redfoxlotto.com\/image?size=8&amp;lottery=superenalotto"}],"twitter_card":"summary_large_image","twitter_misc":{"\u041f\u0440\u043e\u0446\u0435\u045a\u0435\u043d\u043e \u0432\u0440\u0435\u043c\u0435 \u0447\u0438\u0442\u0430\u045a\u0430":"2 \u043c\u0438\u043d\u0443\u0442\u0430"},"schema":{"@context":"https:\/\/schema.org","@graph":[{"@type":"WebPage","@id":"https:\/\/onlinelotto365.com\/sr\/dobitni-brojevi\/proverite-dobitne-brojeve-za-superenalotto-ovde\/","url":"https:\/\/onlinelotto365.com\/sr\/dobitni-brojevi\/proverite-dobitne-brojeve-za-superenalotto-ovde\/","name":"Najnoviji dobitni brojevi za Superenalotto","isPartOf":{"@id":"https:\/\/onlinelotto365.com\/sr\/#website"},"primaryImageOfPage":{"@id":"https:\/\/onlinelotto365.com\/sr\/dobitni-brojevi\/proverite-dobitne-brojeve-za-superenalotto-ovde\/#primaryimage"},"image":{"@id":"https:\/\/onlinelotto365.com\/sr\/dobitni-brojevi\/proverite-dobitne-brojeve-za-superenalotto-ovde\/#primaryimage"},"thumbnailUrl":"https:\/\/redfoxlotto.com\/image?size=8&amp;lottery=superenalotto","datePublished":"2023-09-28T09:05:09+00:00","dateModified":"2023-09-28T09:05:09+00:00","description":"\u017delite saznati dobitne brojeve za Superenalotto? Prona\u0111ite rezultate i vi\u0161e ovde!","breadcrumb":{"@id":"https:\/\/onlinelotto365.com\/sr\/dobitni-brojevi\/proverite-dobitne-brojeve-za-superenalotto-ovde\/#breadcrumb"},"inLanguage":"sr-RS","potentialAction":[{"@type":"ReadAction","target":["https:\/\/onlinelotto365.com\/sr\/dobitni-brojevi\/proverite-dobitne-brojeve-za-superenalotto-ovde\/"]}]},{"@type":"ImageObject","inLanguage":"sr-RS","@id":"https:\/\/onlinelotto365.com\/sr\/dobitni-brojevi\/proverite-dobitne-brojeve-za-superenalotto-ovde\/#primaryimage","url":"https:\/\/redfoxlotto.com\/image?size=8&amp;lottery=superenalotto","contentUrl":"https:\/\/redfoxlotto.com\/image?size=8&amp;lottery=superenalotto"},{"@type":"BreadcrumbList","@id":"https:\/\/onlinelotto365.com\/sr\/dobitni-brojevi\/proverite-dobitne-brojeve-za-superenalotto-ovde\/#breadcrumb","itemListElement":[{"@type":"ListItem","position":1,"name":"Home","item":"https:\/\/onlinelotto365.com\/sr\/"},{"@type":"ListItem","position":2,"name":"Tragate za me\u0111unarodnim loto rezultatima?","item":"https:\/\/onlinelotto365.com\/sr\/winning-numbers\/"},{"@type":"ListItem","position":3,"name":"Proverite dobitne brojeve za Superenalotto ovde"}]},{"@type":"WebSite","@id":"https:\/\/onlinelotto365.com\/sr\/#website","url":"https:\/\/onlinelotto365.com\/sr\/","name":"OnlineLotto365","description":"","potentialAction":[{"@type":"SearchAction","target":{"@type":"EntryPoint","urlTemplate":"https:\/\/onlinelotto365.com\/sr\/?s={search_term_string}"},"query-input":{"@type":"PropertyValueSpecification","valueRequired":true,"valueName":"search_term_string"}}],"inLanguage":"sr-RS"}]}},"_links":{"self":[{"href":"https:\/\/onlinelotto365.com\/sr\/wp-json\/wp\/v2\/pages\/84245","targetHints":{"allow":["GET"]}}],"collection":[{"href":"https:\/\/onlinelotto365.com\/sr\/wp-json\/wp\/v2\/pages"}],"about":[{"href":"https:\/\/onlinelotto365.com\/sr\/wp-json\/wp\/v2\/types\/page"}],"author":[{"embeddable":true,"href":"https:\/\/onlinelotto365.com\/sr\/wp-json\/wp\/v2\/users\/1"}],"replies":[{"embeddable":true,"href":"https:\/\/onlinelotto365.com\/sr\/wp-json\/wp\/v2\/comments?post=84245"}],"version-history":[{"count":0,"href":"https:\/\/onlinelotto365.com\/sr\/wp-json\/wp\/v2\/pages\/84245\/revisions"}],"up":[{"embeddable":true,"href":"https:\/\/onlinelotto365.com\/sr\/wp-json\/wp\/v2\/pages\/5859"}],"wp:attachment":[{"href":"https:\/\/onlinelotto365.com\/sr\/wp-json\/wp\/v2\/media?parent=84245"}],"curies":[{"name":"wp","href":"https:\/\/api.w.org\/{rel}","templated":true}]}}