{"id":84259,"date":"2023-09-28T12:23:00","date_gmt":"2023-09-28T11:23:00","guid":{"rendered":"https:\/\/onlinelotto365.com\/404-greska-na-stranici"},"modified":"2023-09-28T12:23:00","modified_gmt":"2023-09-28T11:23:00","slug":"404-greska-na-stranici","status":"publish","type":"page","link":"https:\/\/onlinelotto365.com\/sr\/404-greska-na-stranici\/","title":{"rendered":"404 Gre\u0161ka na stranici"},"content":{"rendered":"<h4 style=\"text-align: center;\">Izvinjavamo se, ali stranica koju ste tra\u017eili ne postoji<\/h4>\n<p style=\"text-align: center;\">Kliknite ovde da se vratite na po\u010detnu stranicu<\/p>\n","protected":false},"excerpt":{"rendered":"<p>Izvinjavamo se, ali stranica koju ste tra\u017eili ne postoji Kliknite ovde da se vratite na po\u010detnu stranicu<\/p>\n","protected":false},"author":1,"featured_media":0,"parent":0,"menu_order":50,"comment_status":"closed","ping_status":"closed","template":"404.php","meta":{"_et_pb_use_builder":"","_et_pb_old_content":"","_et_gb_content_width":"","exclude_from_search":false,"footnotes":""},"class_list":["post-84259","page","type-page","status-publish","hentry"],"yoast_head":"<!-- This site is optimized with the Yoast SEO plugin v23.4 - https:\/\/yoast.com\/wordpress\/plugins\/seo\/ -->\n<title>404 Gre\u0161ka na stranici - OnlineLotto365<\/title>\n<meta name=\"robots\" content=\"index, follow, max-snippet:-1, max-image-preview:large, max-video-preview:-1\" \/>\n<link rel=\"canonical\" href=\"https:\/\/onlinelotto365.com\/sr\/404-greska-na-stranici\/\" \/>\n<meta property=\"og:locale\" content=\"sr_RS\" \/>\n<meta property=\"og:type\" content=\"article\" \/>\n<meta property=\"og:title\" content=\"404 Gre\u0161ka na stranici - OnlineLotto365\" \/>\n<meta property=\"og:description\" content=\"Izvinjavamo se, ali stranica koju ste tra\u017eili ne postoji Kliknite ovde da se vratite na po\u010detnu stranicu\" \/>\n<meta property=\"og:url\" content=\"https:\/\/onlinelotto365.com\/sr\/404-greska-na-stranici\/\" \/>\n<meta property=\"og:site_name\" content=\"OnlineLotto365\" \/>\n<meta name=\"twitter:card\" content=\"summary_large_image\" \/>\n<script type=\"application\/ld+json\" class=\"yoast-schema-graph\">{\"@context\":\"https:\/\/schema.org\",\"@graph\":[{\"@type\":\"WebPage\",\"@id\":\"https:\/\/onlinelotto365.com\/sr\/404-greska-na-stranici\/\",\"url\":\"https:\/\/onlinelotto365.com\/sr\/404-greska-na-stranici\/\",\"name\":\"404 Gre\u0161ka na stranici - OnlineLotto365\",\"isPartOf\":{\"@id\":\"https:\/\/onlinelotto365.com\/sr\/#website\"},\"datePublished\":\"2023-09-28T11:23:00+00:00\",\"dateModified\":\"2023-09-28T11:23:00+00:00\",\"breadcrumb\":{\"@id\":\"https:\/\/onlinelotto365.com\/sr\/404-greska-na-stranici\/#breadcrumb\"},\"inLanguage\":\"sr-RS\",\"potentialAction\":[{\"@type\":\"ReadAction\",\"target\":[\"https:\/\/onlinelotto365.com\/sr\/404-greska-na-stranici\/\"]}]},{\"@type\":\"BreadcrumbList\",\"@id\":\"https:\/\/onlinelotto365.com\/sr\/404-greska-na-stranici\/#breadcrumb\",\"itemListElement\":[{\"@type\":\"ListItem\",\"position\":1,\"name\":\"Home\",\"item\":\"https:\/\/onlinelotto365.com\/sr\/\"},{\"@type\":\"ListItem\",\"position\":2,\"name\":\"404 Gre\u0161ka na stranici\"}]},{\"@type\":\"WebSite\",\"@id\":\"https:\/\/onlinelotto365.com\/sr\/#website\",\"url\":\"https:\/\/onlinelotto365.com\/sr\/\",\"name\":\"OnlineLotto365\",\"description\":\"\",\"potentialAction\":[{\"@type\":\"SearchAction\",\"target\":{\"@type\":\"EntryPoint\",\"urlTemplate\":\"https:\/\/onlinelotto365.com\/sr\/?s={search_term_string}\"},\"query-input\":{\"@type\":\"PropertyValueSpecification\",\"valueRequired\":true,\"valueName\":\"search_term_string\"}}],\"inLanguage\":\"sr-RS\"}]}<\/script>\n<!-- \/ Yoast SEO plugin. -->","yoast_head_json":{"title":"404 Gre\u0161ka na stranici - OnlineLotto365","robots":{"index":"index","follow":"follow","max-snippet":"max-snippet:-1","max-image-preview":"max-image-preview:large","max-video-preview":"max-video-preview:-1"},"canonical":"https:\/\/onlinelotto365.com\/sr\/404-greska-na-stranici\/","og_locale":"sr_RS","og_type":"article","og_title":"404 Gre\u0161ka na stranici - OnlineLotto365","og_description":"Izvinjavamo se, ali stranica koju ste tra\u017eili ne postoji Kliknite ovde da se vratite na po\u010detnu stranicu","og_url":"https:\/\/onlinelotto365.com\/sr\/404-greska-na-stranici\/","og_site_name":"OnlineLotto365","twitter_card":"summary_large_image","schema":{"@context":"https:\/\/schema.org","@graph":[{"@type":"WebPage","@id":"https:\/\/onlinelotto365.com\/sr\/404-greska-na-stranici\/","url":"https:\/\/onlinelotto365.com\/sr\/404-greska-na-stranici\/","name":"404 Gre\u0161ka na stranici - OnlineLotto365","isPartOf":{"@id":"https:\/\/onlinelotto365.com\/sr\/#website"},"datePublished":"2023-09-28T11:23:00+00:00","dateModified":"2023-09-28T11:23:00+00:00","breadcrumb":{"@id":"https:\/\/onlinelotto365.com\/sr\/404-greska-na-stranici\/#breadcrumb"},"inLanguage":"sr-RS","potentialAction":[{"@type":"ReadAction","target":["https:\/\/onlinelotto365.com\/sr\/404-greska-na-stranici\/"]}]},{"@type":"BreadcrumbList","@id":"https:\/\/onlinelotto365.com\/sr\/404-greska-na-stranici\/#breadcrumb","itemListElement":[{"@type":"ListItem","position":1,"name":"Home","item":"https:\/\/onlinelotto365.com\/sr\/"},{"@type":"ListItem","position":2,"name":"404 Gre\u0161ka na stranici"}]},{"@type":"WebSite","@id":"https:\/\/onlinelotto365.com\/sr\/#website","url":"https:\/\/onlinelotto365.com\/sr\/","name":"OnlineLotto365","description":"","potentialAction":[{"@type":"SearchAction","target":{"@type":"EntryPoint","urlTemplate":"https:\/\/onlinelotto365.com\/sr\/?s={search_term_string}"},"query-input":{"@type":"PropertyValueSpecification","valueRequired":true,"valueName":"search_term_string"}}],"inLanguage":"sr-RS"}]}},"_links":{"self":[{"href":"https:\/\/onlinelotto365.com\/sr\/wp-json\/wp\/v2\/pages\/84259","targetHints":{"allow":["GET"]}}],"collection":[{"href":"https:\/\/onlinelotto365.com\/sr\/wp-json\/wp\/v2\/pages"}],"about":[{"href":"https:\/\/onlinelotto365.com\/sr\/wp-json\/wp\/v2\/types\/page"}],"author":[{"embeddable":true,"href":"https:\/\/onlinelotto365.com\/sr\/wp-json\/wp\/v2\/users\/1"}],"replies":[{"embeddable":true,"href":"https:\/\/onlinelotto365.com\/sr\/wp-json\/wp\/v2\/comments?post=84259"}],"version-history":[{"count":0,"href":"https:\/\/onlinelotto365.com\/sr\/wp-json\/wp\/v2\/pages\/84259\/revisions"}],"wp:attachment":[{"href":"https:\/\/onlinelotto365.com\/sr\/wp-json\/wp\/v2\/media?parent=84259"}],"curies":[{"name":"wp","href":"https:\/\/api.w.org\/{rel}","templated":true}]}}