{"id":84275,"date":"2023-09-28T18:35:12","date_gmt":"2023-09-28T17:35:12","guid":{"rendered":"https:\/\/onlinelotto365.com\/dobitni-brojevi\/svi-rezultati-mon-wed-loto-australija"},"modified":"2023-09-28T18:35:12","modified_gmt":"2023-09-28T17:35:12","slug":"svi-rezultati-mon-wed-loto-australija","status":"publish","type":"page","link":"https:\/\/onlinelotto365.com\/sr\/dobitni-brojevi\/svi-rezultati-mon-wed-loto-australija\/","title":{"rendered":"Svi rezultati Mon &#038; Wed Loto Australija"},"content":{"rendered":"<p>Postoji mnogo razli\u010ditih internacionalnih igara koje mo\u017eete igrati kada je u pitanju lutrija. I \u017eelite da brzo dobijete rezultate za njih. Jedan na\u010din da to uradite je da potra\u017eite novine koje nude dobitne brojeve za Mon &amp; Wed Loto Australija. Ali one mogu biti te\u0161ke za pronala\u017eenje. Druga opcija je televizija, ali i ti kanali mogu biti te\u0161ki za pra\u0107enje. \u0160ta ako ne \u017eelite da obavljate mnogo istra\u017eivanja?<\/p>\n<p>Proverite veb sajt Mon &amp; Wed Loto Australija da biste videli da li nude direktne prenose izvla\u010denja. Direktni prenosi za bilo koju igru mogu biti veoma zabavni jer vam pru\u017eaju mnogo trenutnog uzbu\u0111enja dok gledate. Ali ne svaka igra nudi ovakve vrste izvla\u010denja. Morali biste da se uverite da je Mon &amp; Wed Loto jedna od igara koja to nudi.<\/p>\n<p>Zatim, mo\u017eete da proverite YouTube da biste videli da li rezultate mo\u017eete prona\u0107i tamo. Mo\u017eda \u0107ete biti iznena\u0111eni kako neki ljudi objavljuju rezultate izvla\u010denja ili \u010dak direktne video snimke izvla\u010denja za gotovo svaku igru.<br \/>\n<img decoding=\"async\" class=\"aligncenter\" src=\"https:\/\/redfoxlotto.com\/image?size=8&amp;lottery=monday-wednesday-lotto-au\" alt=\"Mon &amp; Wed Lotto Australia\" \/><br \/>\nNajlak\u0161a opcija za vas, me\u0111utim, \u0107e biti da pogledate na\u0161 veb sajt. Mi nudimo sve dobitne brojeve i iznose nagrada za svaku igru koju mo\u017eete kupiti na na\u0161em sajtu. To vam olak\u0161ava da dobijete rezultate na jednom mestu i koliko god brzo \u017eelite.<\/p>\n<h2>Kako saznati da li je va\u0161a online ulaznica pobedila<\/h2>\n<p>Jo\u0161 bolja vest je da ako ste kod nas kupili ulaznicu za Mon &amp; Wed Loto Australija, mo\u017eete direktno oti\u0107i na svoj igra\u010dki ra\u010dun da biste dobili rezultate. Tamo \u0107ete prona\u0107i ulaznice koje ste kupili, kao i dobitne brojeve za sve igre koje ste odabrali da igrate.<\/p>\n<p>Vide\u0107ete brojeve koje ste odabrali koji se podudaraju sa izvu\u010denim brojevima, a svota novca koju ste osvojili, ako je manja od 2500 evra, bi\u0107e automatski dodata na va\u0161 ra\u010dun. \u0160ta mo\u017ee biti lak\u0161e od toga?<\/p>\n<h2>Arhiva rezultata Mon &amp; Wed Loto Australija<\/h2>\n<p>Bilo koja stranica na na\u0161em veb sajtu koja prikazuje najnovije rezultate Mon &amp; Wed Loto Australija tako\u0111e \u0107e vam prikazati i starije brojeve koje biste mo\u017eda \u017eeleli da proverite. To vam mo\u017ee pomo\u0107i kada birate brojeve koje \u017eelite igrati slede\u0107i put kada kupite ulaznicu.<\/p>\n<h2>Moja ulaznica je pobedila, \u0161ta se de\u0161ava dalje?<\/h2>\n<p><img loading=\"lazy\" decoding=\"async\" class=\"alignright wp-image-3542\" src=\"https:\/\/onlinelotto365.com\/wp-content\/uploads\/2020\/11\/online_lottery-154-300x200.jpg\" alt=\"Mon &amp; Wed Lotto winning numbers\" width=\"197\" height=\"131\" srcset=\"https:\/\/onlinelotto365.com\/wp-content\/uploads\/2020\/11\/online_lottery-154-300x200.jpg 300w, https:\/\/onlinelotto365.com\/wp-content\/uploads\/2020\/11\/online_lottery-154.jpg 320w\" sizes=\"auto, (max-width: 197px) 100vw, 197px\" \/><br \/>\nAko ste pobedili na svojoj ulaznici, samo treba da pogledate koliko ste osvojili. Ako je manje od 2500 evra, mi \u0107emo se pobrinuti da se to potvrdi i stigne na va\u0161 ra\u010dun \u0161to je pre mogu\u0107e. Zatim, ako imate barem 10 evra na svom ra\u010dunu, mo\u017eete ga povu\u0107i na bilo koji na\u010din pla\u0107anja koji ste ve\u0107 koristili sa svojim ra\u010dunom. Samo treba da se pobrinete za nekoliko dokumenata koji \u0107e obavestiti na\u0161eg procesora pla\u0107anja ko ste i da imate pravo na taj novac. Ako imate manje od 10 evra ili izaberete da novac ostavite na svom ra\u010dunu, mo\u017eete ga koristiti da kupite vi\u0161e ulaznica.<\/p>\n","protected":false},"excerpt":{"rendered":"<p>Postoji mnogo razli\u010ditih internacionalnih igara koje mo\u017eete igrati kada je u pitanju lutrija. I \u017eelite da brzo dobijete rezultate za njih. Jedan na\u010din da to uradite je da potra\u017eite novine koje nude dobitne brojeve za Mon &amp; Wed Loto Australija. Ali one mogu biti te\u0161ke za pronala\u017eenje. Druga opcija je televizija, ali i ti kanali [&hellip;]<\/p>\n","protected":false},"author":1,"featured_media":0,"parent":5859,"menu_order":16,"comment_status":"closed","ping_status":"closed","template":"template-rightsidebar.php","meta":{"_et_pb_use_builder":"","_et_pb_old_content":"","_et_gb_content_width":"","exclude_from_search":false,"footnotes":""},"class_list":["post-84275","page","type-page","status-publish","hentry"],"yoast_head":"<!-- This site is optimized with the Yoast SEO plugin v23.4 - https:\/\/yoast.com\/wordpress\/plugins\/seo\/ -->\n<title>Brojevi dobitaka Mon &amp; Wed Loto Australija<\/title>\n<meta name=\"description\" content=\"N\u0430\u0161 sajt vam donosi najnovije dobitne brojeve i iznose za Mon &amp; Wed Loto\" \/>\n<meta name=\"robots\" content=\"index, follow, max-snippet:-1, max-image-preview:large, max-video-preview:-1\" \/>\n<link rel=\"canonical\" href=\"https:\/\/onlinelotto365.com\/sr\/dobitni-brojevi\/svi-rezultati-mon-wed-loto-australija\/\" \/>\n<meta property=\"og:locale\" content=\"sr_RS\" \/>\n<meta property=\"og:type\" content=\"article\" \/>\n<meta property=\"og:title\" content=\"Brojevi dobitaka Mon &amp; Wed Loto Australija\" \/>\n<meta property=\"og:description\" content=\"N\u0430\u0161 sajt vam donosi najnovije dobitne brojeve i iznose za Mon &amp; Wed Loto\" \/>\n<meta property=\"og:url\" content=\"https:\/\/onlinelotto365.com\/sr\/dobitni-brojevi\/svi-rezultati-mon-wed-loto-australija\/\" \/>\n<meta property=\"og:site_name\" content=\"OnlineLotto365\" \/>\n<meta property=\"og:image\" content=\"https:\/\/redfoxlotto.com\/image?size=8&amp;lottery=monday-wednesday-lotto-au\" \/>\n<meta name=\"twitter:card\" content=\"summary_large_image\" \/>\n<meta name=\"twitter:label1\" content=\"\u041f\u0440\u043e\u0446\u0435\u045a\u0435\u043d\u043e \u0432\u0440\u0435\u043c\u0435 \u0447\u0438\u0442\u0430\u045a\u0430\" \/>\n\t<meta name=\"twitter:data1\" content=\"3 \u043c\u0438\u043d\u0443\u0442\u0430\" \/>\n<script type=\"application\/ld+json\" class=\"yoast-schema-graph\">{\"@context\":\"https:\/\/schema.org\",\"@graph\":[{\"@type\":\"WebPage\",\"@id\":\"https:\/\/onlinelotto365.com\/sr\/dobitni-brojevi\/svi-rezultati-mon-wed-loto-australija\/\",\"url\":\"https:\/\/onlinelotto365.com\/sr\/dobitni-brojevi\/svi-rezultati-mon-wed-loto-australija\/\",\"name\":\"Brojevi dobitaka Mon & Wed Loto Australija\",\"isPartOf\":{\"@id\":\"https:\/\/onlinelotto365.com\/sr\/#website\"},\"primaryImageOfPage\":{\"@id\":\"https:\/\/onlinelotto365.com\/sr\/dobitni-brojevi\/svi-rezultati-mon-wed-loto-australija\/#primaryimage\"},\"image\":{\"@id\":\"https:\/\/onlinelotto365.com\/sr\/dobitni-brojevi\/svi-rezultati-mon-wed-loto-australija\/#primaryimage\"},\"thumbnailUrl\":\"https:\/\/redfoxlotto.com\/image?size=8&amp;lottery=monday-wednesday-lotto-au\",\"datePublished\":\"2023-09-28T17:35:12+00:00\",\"dateModified\":\"2023-09-28T17:35:12+00:00\",\"description\":\"N\u0430\u0161 sajt vam donosi najnovije dobitne brojeve i iznose za Mon & Wed Loto\",\"breadcrumb\":{\"@id\":\"https:\/\/onlinelotto365.com\/sr\/dobitni-brojevi\/svi-rezultati-mon-wed-loto-australija\/#breadcrumb\"},\"inLanguage\":\"sr-RS\",\"potentialAction\":[{\"@type\":\"ReadAction\",\"target\":[\"https:\/\/onlinelotto365.com\/sr\/dobitni-brojevi\/svi-rezultati-mon-wed-loto-australija\/\"]}]},{\"@type\":\"ImageObject\",\"inLanguage\":\"sr-RS\",\"@id\":\"https:\/\/onlinelotto365.com\/sr\/dobitni-brojevi\/svi-rezultati-mon-wed-loto-australija\/#primaryimage\",\"url\":\"https:\/\/redfoxlotto.com\/image?size=8&amp;lottery=monday-wednesday-lotto-au\",\"contentUrl\":\"https:\/\/redfoxlotto.com\/image?size=8&amp;lottery=monday-wednesday-lotto-au\"},{\"@type\":\"BreadcrumbList\",\"@id\":\"https:\/\/onlinelotto365.com\/sr\/dobitni-brojevi\/svi-rezultati-mon-wed-loto-australija\/#breadcrumb\",\"itemListElement\":[{\"@type\":\"ListItem\",\"position\":1,\"name\":\"Home\",\"item\":\"https:\/\/onlinelotto365.com\/sr\/\"},{\"@type\":\"ListItem\",\"position\":2,\"name\":\"Tragate za me\u0111unarodnim loto rezultatima?\",\"item\":\"https:\/\/onlinelotto365.com\/sr\/winning-numbers\/\"},{\"@type\":\"ListItem\",\"position\":3,\"name\":\"Svi rezultati Mon &#038; Wed Loto Australija\"}]},{\"@type\":\"WebSite\",\"@id\":\"https:\/\/onlinelotto365.com\/sr\/#website\",\"url\":\"https:\/\/onlinelotto365.com\/sr\/\",\"name\":\"OnlineLotto365\",\"description\":\"\",\"potentialAction\":[{\"@type\":\"SearchAction\",\"target\":{\"@type\":\"EntryPoint\",\"urlTemplate\":\"https:\/\/onlinelotto365.com\/sr\/?s={search_term_string}\"},\"query-input\":{\"@type\":\"PropertyValueSpecification\",\"valueRequired\":true,\"valueName\":\"search_term_string\"}}],\"inLanguage\":\"sr-RS\"}]}<\/script>\n<!-- \/ Yoast SEO plugin. -->","yoast_head_json":{"title":"Brojevi dobitaka Mon & Wed Loto Australija","description":"N\u0430\u0161 sajt vam donosi najnovije dobitne brojeve i iznose za Mon & Wed Loto","robots":{"index":"index","follow":"follow","max-snippet":"max-snippet:-1","max-image-preview":"max-image-preview:large","max-video-preview":"max-video-preview:-1"},"canonical":"https:\/\/onlinelotto365.com\/sr\/dobitni-brojevi\/svi-rezultati-mon-wed-loto-australija\/","og_locale":"sr_RS","og_type":"article","og_title":"Brojevi dobitaka Mon & Wed Loto Australija","og_description":"N\u0430\u0161 sajt vam donosi najnovije dobitne brojeve i iznose za Mon & Wed Loto","og_url":"https:\/\/onlinelotto365.com\/sr\/dobitni-brojevi\/svi-rezultati-mon-wed-loto-australija\/","og_site_name":"OnlineLotto365","og_image":[{"url":"https:\/\/redfoxlotto.com\/image?size=8&amp;lottery=monday-wednesday-lotto-au"}],"twitter_card":"summary_large_image","twitter_misc":{"\u041f\u0440\u043e\u0446\u0435\u045a\u0435\u043d\u043e \u0432\u0440\u0435\u043c\u0435 \u0447\u0438\u0442\u0430\u045a\u0430":"3 \u043c\u0438\u043d\u0443\u0442\u0430"},"schema":{"@context":"https:\/\/schema.org","@graph":[{"@type":"WebPage","@id":"https:\/\/onlinelotto365.com\/sr\/dobitni-brojevi\/svi-rezultati-mon-wed-loto-australija\/","url":"https:\/\/onlinelotto365.com\/sr\/dobitni-brojevi\/svi-rezultati-mon-wed-loto-australija\/","name":"Brojevi dobitaka Mon & Wed Loto Australija","isPartOf":{"@id":"https:\/\/onlinelotto365.com\/sr\/#website"},"primaryImageOfPage":{"@id":"https:\/\/onlinelotto365.com\/sr\/dobitni-brojevi\/svi-rezultati-mon-wed-loto-australija\/#primaryimage"},"image":{"@id":"https:\/\/onlinelotto365.com\/sr\/dobitni-brojevi\/svi-rezultati-mon-wed-loto-australija\/#primaryimage"},"thumbnailUrl":"https:\/\/redfoxlotto.com\/image?size=8&amp;lottery=monday-wednesday-lotto-au","datePublished":"2023-09-28T17:35:12+00:00","dateModified":"2023-09-28T17:35:12+00:00","description":"N\u0430\u0161 sajt vam donosi najnovije dobitne brojeve i iznose za Mon & Wed Loto","breadcrumb":{"@id":"https:\/\/onlinelotto365.com\/sr\/dobitni-brojevi\/svi-rezultati-mon-wed-loto-australija\/#breadcrumb"},"inLanguage":"sr-RS","potentialAction":[{"@type":"ReadAction","target":["https:\/\/onlinelotto365.com\/sr\/dobitni-brojevi\/svi-rezultati-mon-wed-loto-australija\/"]}]},{"@type":"ImageObject","inLanguage":"sr-RS","@id":"https:\/\/onlinelotto365.com\/sr\/dobitni-brojevi\/svi-rezultati-mon-wed-loto-australija\/#primaryimage","url":"https:\/\/redfoxlotto.com\/image?size=8&amp;lottery=monday-wednesday-lotto-au","contentUrl":"https:\/\/redfoxlotto.com\/image?size=8&amp;lottery=monday-wednesday-lotto-au"},{"@type":"BreadcrumbList","@id":"https:\/\/onlinelotto365.com\/sr\/dobitni-brojevi\/svi-rezultati-mon-wed-loto-australija\/#breadcrumb","itemListElement":[{"@type":"ListItem","position":1,"name":"Home","item":"https:\/\/onlinelotto365.com\/sr\/"},{"@type":"ListItem","position":2,"name":"Tragate za me\u0111unarodnim loto rezultatima?","item":"https:\/\/onlinelotto365.com\/sr\/winning-numbers\/"},{"@type":"ListItem","position":3,"name":"Svi rezultati Mon &#038; Wed Loto Australija"}]},{"@type":"WebSite","@id":"https:\/\/onlinelotto365.com\/sr\/#website","url":"https:\/\/onlinelotto365.com\/sr\/","name":"OnlineLotto365","description":"","potentialAction":[{"@type":"SearchAction","target":{"@type":"EntryPoint","urlTemplate":"https:\/\/onlinelotto365.com\/sr\/?s={search_term_string}"},"query-input":{"@type":"PropertyValueSpecification","valueRequired":true,"valueName":"search_term_string"}}],"inLanguage":"sr-RS"}]}},"_links":{"self":[{"href":"https:\/\/onlinelotto365.com\/sr\/wp-json\/wp\/v2\/pages\/84275","targetHints":{"allow":["GET"]}}],"collection":[{"href":"https:\/\/onlinelotto365.com\/sr\/wp-json\/wp\/v2\/pages"}],"about":[{"href":"https:\/\/onlinelotto365.com\/sr\/wp-json\/wp\/v2\/types\/page"}],"author":[{"embeddable":true,"href":"https:\/\/onlinelotto365.com\/sr\/wp-json\/wp\/v2\/users\/1"}],"replies":[{"embeddable":true,"href":"https:\/\/onlinelotto365.com\/sr\/wp-json\/wp\/v2\/comments?post=84275"}],"version-history":[{"count":0,"href":"https:\/\/onlinelotto365.com\/sr\/wp-json\/wp\/v2\/pages\/84275\/revisions"}],"up":[{"embeddable":true,"href":"https:\/\/onlinelotto365.com\/sr\/wp-json\/wp\/v2\/pages\/5859"}],"wp:attachment":[{"href":"https:\/\/onlinelotto365.com\/sr\/wp-json\/wp\/v2\/media?parent=84275"}],"curies":[{"name":"wp","href":"https:\/\/api.w.org\/{rel}","templated":true}]}}