{"id":84316,"date":"2023-10-02T14:01:23","date_gmt":"2023-10-02T13:01:23","guid":{"rendered":"https:\/\/onlinelotto365.com\/dobitni-brojevi\/proverite-rezultate-i-dobitke-za-el-gordo-ovde"},"modified":"2023-10-02T14:01:23","modified_gmt":"2023-10-02T13:01:23","slug":"proverite-rezultate-i-dobitke-za-el-gordo-ovde","status":"publish","type":"page","link":"https:\/\/onlinelotto365.com\/sr\/dobitni-brojevi\/proverite-rezultate-i-dobitke-za-el-gordo-ovde\/","title":{"rendered":"Proverite rezultate i dobitke za El Gordo ovde."},"content":{"rendered":"<p>Znamo da nudimo mnogo razli\u010ditih me\u0111unarodnih lutrija i to mo\u017ee biti malo zbunjuju\u0107e poku\u0161avati saznati dobitne brojeve. Mnogi ljudi tra\u017ee dobitne brojeve za svoje omiljene igre u novinama, ali osim ako \u017eivite u toj oblasti, mo\u017ee biti te\u0161ko prona\u0107i brojeve za El Gordo. Isto va\u017ei i za poku\u0161aj gledanja izvla\u010denja ili pregleda dobitnih brojeva na televiziji.<\/p>\n<p>Druga opcija je da posetite zvani\u010dnu veb stranicu za El Gordo i proverite nude li u\u017eivo prenos izvla\u010denja. Za igre koje to nude, ovo mo\u017ee biti zabavna i interesantna prilika za svakoga.<\/p>\n<p>Me\u0111utim, mnoge igre to zapravo ne nude. Umesto toga, morali biste \u010dekati da se izvla\u010denje zavr\u0161i i da sve bude prijavljeno kako biste videli rezultate. Napokon, ako je izvla\u010denje ve\u0107 zavr\u0161eno, mo\u017eda \u0107ete mo\u0107i oti\u0107i na YouTube i prona\u0107i izvla\u010denje El Gorda tamo. Ali i to je jo\u0161 jedno podru\u010dje gde mo\u017eda ne\u0107ete biti uspe\u0161ni. Mo\u017eda ne\u0107e biti dostupnih informacija o va\u0161em izvla\u010denju.<img decoding=\"async\" class=\"aligncenter\" src=\"https:\/\/redfoxlotto.com\/image?size=8&amp;lottery=el-gordo-primitiva\" alt=\"el gordo\" \/><\/p>\n<p>Jedan od najboljih i najlak\u0161ih na\u010dina da saznate dobitne brojeve je putem na\u0161e veb stranice. Proverite na\u0161e stranice sa dobitnim brojevima i rezultatima da biste prona\u0161li rezultate za El Gordo i bilo koju drugu lutriju koju imamo na raspolaganju.<\/p>\n<h2>Kako saznati da li je va\u0161a internet ulaznica dobitna<\/h2>\n<p><img loading=\"lazy\" decoding=\"async\" class=\"alignright wp-image-3573\" src=\"https:\/\/onlinelotto365.com\/wp-content\/uploads\/2020\/11\/online_lottery-96-300x212.jpg\" alt=\"Rezultati za El Gordo\" width=\"166\" height=\"117\" srcset=\"https:\/\/onlinelotto365.com\/wp-content\/uploads\/2020\/11\/online_lottery-96-300x212.jpg 300w, https:\/\/onlinelotto365.com\/wp-content\/uploads\/2020\/11\/online_lottery-96.jpg 320w\" sizes=\"auto, (max-width: 166px) 100vw, 166px\" \/><br \/>\nJo\u0161 bolje je to \u0161to \u010dak ne morate i\u0107i na stranicu sa rezultatima lutrije. Mo\u017eete direktno oti\u0107i na svoj nalog ako ste kupili ulaznice. Odatle \u0107ete mo\u0107i videti ne samo dobitne brojeve, ve\u0107 i kako se va\u0161i brojevi porede. Mo\u017eete videti uporedne brojeve i zatim videti koji se podudaraju i koliko ste ta\u010dno osvojili. Ako ste osvojili manje od 2500 evra, \u010dak i ne morate ni\u0161ta da radite jer \u0107e dobitak biti automatski na va\u0161em ra\u010dunu.<\/p>\n<h2>Arhiva rezultata El Gorda<\/h2>\n<p>Ako \u017eelite da potra\u017eite stare brojeve i vidite \u0161ta su bili, to tako\u0111e mo\u017eete lako da uradite. Zapravo, bilo koja stranica na na\u0161oj veb stranici na kojoj mo\u017eete videti najnovije rezultate El Gorda tako\u0111e \u0107e vam omogu\u0107iti da proverite i neke od starijih brojeva. To vam olak\u0161ava da odlu\u010dite koje brojeve \u017eelite da igrate slede\u0107i put.<\/p>\n<h2>Moja ulaznica je dobitna, \u0161ta se de\u0161ava slede\u0107e?<\/h2>\n<p>Ako osvojite, ima\u0107ete lako vreme da dobijete svoj novac jer ga deponujemo direktno na va\u0161 ra\u010dun \u010dim se rezultati sertifikuju. Ako je manje od 2500 evra, ima\u0107ete novac tako brzo. Zatim, ako je vi\u0161e od 10 evra, mo\u017eete povu\u0107i novac na svoj ra\u010dun. Ili mo\u017eete ostaviti novac na svom igra\u010dkom ra\u010dunu i koristiti ga za kupovinu dodatnih ulaznica za dodatne igre. Samo imajte na umu da povla\u010denje novca zahteva odre\u0111enu dokumentaciju kako bi se ispunili federalni propisi. Tako\u0111e morate koristiti metodu koju ste ve\u0107 koristili za depozit.<\/p>\n","protected":false},"excerpt":{"rendered":"<p>Znamo da nudimo mnogo razli\u010ditih me\u0111unarodnih lutrija i to mo\u017ee biti malo zbunjuju\u0107e poku\u0161avati saznati dobitne brojeve. Mnogi ljudi tra\u017ee dobitne brojeve za svoje omiljene igre u novinama, ali osim ako \u017eivite u toj oblasti, mo\u017ee biti te\u0161ko prona\u0107i brojeve za El Gordo. Isto va\u017ei i za poku\u0161aj gledanja izvla\u010denja ili pregleda dobitnih brojeva na [&hellip;]<\/p>\n","protected":false},"author":1,"featured_media":0,"parent":5859,"menu_order":6,"comment_status":"closed","ping_status":"closed","template":"el-gordo-results.php","meta":{"_et_pb_use_builder":"","_et_pb_old_content":"","_et_gb_content_width":"","exclude_from_search":false,"footnotes":""},"class_list":["post-84316","page","type-page","status-publish","hentry"],"yoast_head":"<!-- This site is optimized with the Yoast SEO plugin v23.4 - https:\/\/yoast.com\/wordpress\/plugins\/seo\/ -->\n<title>Dobitni brojevi za El Gordo | Rezultati izvla\u010denja i nagrade za El Gordo.<\/title>\n<meta name=\"description\" content=\"Dobitni brojevi, rezultati, nagrade za El Gordo i mnoge druge lutrije, uvek a\u017eurirani na na\u0161em sajtu.\" \/>\n<meta name=\"robots\" content=\"index, follow, max-snippet:-1, max-image-preview:large, max-video-preview:-1\" \/>\n<link rel=\"canonical\" href=\"https:\/\/onlinelotto365.com\/sr\/dobitni-brojevi\/proverite-rezultate-i-dobitke-za-el-gordo-ovde\/\" \/>\n<meta property=\"og:locale\" content=\"sr_RS\" \/>\n<meta property=\"og:type\" content=\"article\" \/>\n<meta property=\"og:title\" content=\"Dobitni brojevi za El Gordo | Rezultati izvla\u010denja i nagrade za El Gordo.\" \/>\n<meta property=\"og:description\" content=\"Dobitni brojevi, rezultati, nagrade za El Gordo i mnoge druge lutrije, uvek a\u017eurirani na na\u0161em sajtu.\" \/>\n<meta property=\"og:url\" content=\"https:\/\/onlinelotto365.com\/sr\/dobitni-brojevi\/proverite-rezultate-i-dobitke-za-el-gordo-ovde\/\" \/>\n<meta property=\"og:site_name\" content=\"OnlineLotto365\" \/>\n<meta property=\"og:image\" content=\"https:\/\/redfoxlotto.com\/image?size=8&amp;lottery=el-gordo-primitiva\" \/>\n<meta name=\"twitter:card\" content=\"summary_large_image\" \/>\n<meta name=\"twitter:label1\" content=\"\u041f\u0440\u043e\u0446\u0435\u045a\u0435\u043d\u043e \u0432\u0440\u0435\u043c\u0435 \u0447\u0438\u0442\u0430\u045a\u0430\" \/>\n\t<meta name=\"twitter:data1\" content=\"3 \u043c\u0438\u043d\u0443\u0442\u0430\" \/>\n<script type=\"application\/ld+json\" class=\"yoast-schema-graph\">{\"@context\":\"https:\/\/schema.org\",\"@graph\":[{\"@type\":\"WebPage\",\"@id\":\"https:\/\/onlinelotto365.com\/sr\/dobitni-brojevi\/proverite-rezultate-i-dobitke-za-el-gordo-ovde\/\",\"url\":\"https:\/\/onlinelotto365.com\/sr\/dobitni-brojevi\/proverite-rezultate-i-dobitke-za-el-gordo-ovde\/\",\"name\":\"Dobitni brojevi za El Gordo | Rezultati izvla\u010denja i nagrade za El Gordo.\",\"isPartOf\":{\"@id\":\"https:\/\/onlinelotto365.com\/sr\/#website\"},\"primaryImageOfPage\":{\"@id\":\"https:\/\/onlinelotto365.com\/sr\/dobitni-brojevi\/proverite-rezultate-i-dobitke-za-el-gordo-ovde\/#primaryimage\"},\"image\":{\"@id\":\"https:\/\/onlinelotto365.com\/sr\/dobitni-brojevi\/proverite-rezultate-i-dobitke-za-el-gordo-ovde\/#primaryimage\"},\"thumbnailUrl\":\"https:\/\/redfoxlotto.com\/image?size=8&amp;lottery=el-gordo-primitiva\",\"datePublished\":\"2023-10-02T13:01:23+00:00\",\"dateModified\":\"2023-10-02T13:01:23+00:00\",\"description\":\"Dobitni brojevi, rezultati, nagrade za El Gordo i mnoge druge lutrije, uvek a\u017eurirani na na\u0161em sajtu.\",\"breadcrumb\":{\"@id\":\"https:\/\/onlinelotto365.com\/sr\/dobitni-brojevi\/proverite-rezultate-i-dobitke-za-el-gordo-ovde\/#breadcrumb\"},\"inLanguage\":\"sr-RS\",\"potentialAction\":[{\"@type\":\"ReadAction\",\"target\":[\"https:\/\/onlinelotto365.com\/sr\/dobitni-brojevi\/proverite-rezultate-i-dobitke-za-el-gordo-ovde\/\"]}]},{\"@type\":\"ImageObject\",\"inLanguage\":\"sr-RS\",\"@id\":\"https:\/\/onlinelotto365.com\/sr\/dobitni-brojevi\/proverite-rezultate-i-dobitke-za-el-gordo-ovde\/#primaryimage\",\"url\":\"https:\/\/redfoxlotto.com\/image?size=8&amp;lottery=el-gordo-primitiva\",\"contentUrl\":\"https:\/\/redfoxlotto.com\/image?size=8&amp;lottery=el-gordo-primitiva\"},{\"@type\":\"BreadcrumbList\",\"@id\":\"https:\/\/onlinelotto365.com\/sr\/dobitni-brojevi\/proverite-rezultate-i-dobitke-za-el-gordo-ovde\/#breadcrumb\",\"itemListElement\":[{\"@type\":\"ListItem\",\"position\":1,\"name\":\"Home\",\"item\":\"https:\/\/onlinelotto365.com\/sr\/\"},{\"@type\":\"ListItem\",\"position\":2,\"name\":\"Tragate za me\u0111unarodnim loto rezultatima?\",\"item\":\"https:\/\/onlinelotto365.com\/sr\/winning-numbers\/\"},{\"@type\":\"ListItem\",\"position\":3,\"name\":\"Proverite rezultate i dobitke za El Gordo ovde.\"}]},{\"@type\":\"WebSite\",\"@id\":\"https:\/\/onlinelotto365.com\/sr\/#website\",\"url\":\"https:\/\/onlinelotto365.com\/sr\/\",\"name\":\"OnlineLotto365\",\"description\":\"\",\"potentialAction\":[{\"@type\":\"SearchAction\",\"target\":{\"@type\":\"EntryPoint\",\"urlTemplate\":\"https:\/\/onlinelotto365.com\/sr\/?s={search_term_string}\"},\"query-input\":{\"@type\":\"PropertyValueSpecification\",\"valueRequired\":true,\"valueName\":\"search_term_string\"}}],\"inLanguage\":\"sr-RS\"}]}<\/script>\n<!-- \/ Yoast SEO plugin. -->","yoast_head_json":{"title":"Dobitni brojevi za El Gordo | Rezultati izvla\u010denja i nagrade za El Gordo.","description":"Dobitni brojevi, rezultati, nagrade za El Gordo i mnoge druge lutrije, uvek a\u017eurirani na na\u0161em sajtu.","robots":{"index":"index","follow":"follow","max-snippet":"max-snippet:-1","max-image-preview":"max-image-preview:large","max-video-preview":"max-video-preview:-1"},"canonical":"https:\/\/onlinelotto365.com\/sr\/dobitni-brojevi\/proverite-rezultate-i-dobitke-za-el-gordo-ovde\/","og_locale":"sr_RS","og_type":"article","og_title":"Dobitni brojevi za El Gordo | Rezultati izvla\u010denja i nagrade za El Gordo.","og_description":"Dobitni brojevi, rezultati, nagrade za El Gordo i mnoge druge lutrije, uvek a\u017eurirani na na\u0161em sajtu.","og_url":"https:\/\/onlinelotto365.com\/sr\/dobitni-brojevi\/proverite-rezultate-i-dobitke-za-el-gordo-ovde\/","og_site_name":"OnlineLotto365","og_image":[{"url":"https:\/\/redfoxlotto.com\/image?size=8&amp;lottery=el-gordo-primitiva"}],"twitter_card":"summary_large_image","twitter_misc":{"\u041f\u0440\u043e\u0446\u0435\u045a\u0435\u043d\u043e \u0432\u0440\u0435\u043c\u0435 \u0447\u0438\u0442\u0430\u045a\u0430":"3 \u043c\u0438\u043d\u0443\u0442\u0430"},"schema":{"@context":"https:\/\/schema.org","@graph":[{"@type":"WebPage","@id":"https:\/\/onlinelotto365.com\/sr\/dobitni-brojevi\/proverite-rezultate-i-dobitke-za-el-gordo-ovde\/","url":"https:\/\/onlinelotto365.com\/sr\/dobitni-brojevi\/proverite-rezultate-i-dobitke-za-el-gordo-ovde\/","name":"Dobitni brojevi za El Gordo | Rezultati izvla\u010denja i nagrade za El Gordo.","isPartOf":{"@id":"https:\/\/onlinelotto365.com\/sr\/#website"},"primaryImageOfPage":{"@id":"https:\/\/onlinelotto365.com\/sr\/dobitni-brojevi\/proverite-rezultate-i-dobitke-za-el-gordo-ovde\/#primaryimage"},"image":{"@id":"https:\/\/onlinelotto365.com\/sr\/dobitni-brojevi\/proverite-rezultate-i-dobitke-za-el-gordo-ovde\/#primaryimage"},"thumbnailUrl":"https:\/\/redfoxlotto.com\/image?size=8&amp;lottery=el-gordo-primitiva","datePublished":"2023-10-02T13:01:23+00:00","dateModified":"2023-10-02T13:01:23+00:00","description":"Dobitni brojevi, rezultati, nagrade za El Gordo i mnoge druge lutrije, uvek a\u017eurirani na na\u0161em sajtu.","breadcrumb":{"@id":"https:\/\/onlinelotto365.com\/sr\/dobitni-brojevi\/proverite-rezultate-i-dobitke-za-el-gordo-ovde\/#breadcrumb"},"inLanguage":"sr-RS","potentialAction":[{"@type":"ReadAction","target":["https:\/\/onlinelotto365.com\/sr\/dobitni-brojevi\/proverite-rezultate-i-dobitke-za-el-gordo-ovde\/"]}]},{"@type":"ImageObject","inLanguage":"sr-RS","@id":"https:\/\/onlinelotto365.com\/sr\/dobitni-brojevi\/proverite-rezultate-i-dobitke-za-el-gordo-ovde\/#primaryimage","url":"https:\/\/redfoxlotto.com\/image?size=8&amp;lottery=el-gordo-primitiva","contentUrl":"https:\/\/redfoxlotto.com\/image?size=8&amp;lottery=el-gordo-primitiva"},{"@type":"BreadcrumbList","@id":"https:\/\/onlinelotto365.com\/sr\/dobitni-brojevi\/proverite-rezultate-i-dobitke-za-el-gordo-ovde\/#breadcrumb","itemListElement":[{"@type":"ListItem","position":1,"name":"Home","item":"https:\/\/onlinelotto365.com\/sr\/"},{"@type":"ListItem","position":2,"name":"Tragate za me\u0111unarodnim loto rezultatima?","item":"https:\/\/onlinelotto365.com\/sr\/winning-numbers\/"},{"@type":"ListItem","position":3,"name":"Proverite rezultate i dobitke za El Gordo ovde."}]},{"@type":"WebSite","@id":"https:\/\/onlinelotto365.com\/sr\/#website","url":"https:\/\/onlinelotto365.com\/sr\/","name":"OnlineLotto365","description":"","potentialAction":[{"@type":"SearchAction","target":{"@type":"EntryPoint","urlTemplate":"https:\/\/onlinelotto365.com\/sr\/?s={search_term_string}"},"query-input":{"@type":"PropertyValueSpecification","valueRequired":true,"valueName":"search_term_string"}}],"inLanguage":"sr-RS"}]}},"_links":{"self":[{"href":"https:\/\/onlinelotto365.com\/sr\/wp-json\/wp\/v2\/pages\/84316","targetHints":{"allow":["GET"]}}],"collection":[{"href":"https:\/\/onlinelotto365.com\/sr\/wp-json\/wp\/v2\/pages"}],"about":[{"href":"https:\/\/onlinelotto365.com\/sr\/wp-json\/wp\/v2\/types\/page"}],"author":[{"embeddable":true,"href":"https:\/\/onlinelotto365.com\/sr\/wp-json\/wp\/v2\/users\/1"}],"replies":[{"embeddable":true,"href":"https:\/\/onlinelotto365.com\/sr\/wp-json\/wp\/v2\/comments?post=84316"}],"version-history":[{"count":0,"href":"https:\/\/onlinelotto365.com\/sr\/wp-json\/wp\/v2\/pages\/84316\/revisions"}],"up":[{"embeddable":true,"href":"https:\/\/onlinelotto365.com\/sr\/wp-json\/wp\/v2\/pages\/5859"}],"wp:attachment":[{"href":"https:\/\/onlinelotto365.com\/sr\/wp-json\/wp\/v2\/media?parent=84316"}],"curies":[{"name":"wp","href":"https:\/\/api.w.org\/{rel}","templated":true}]}}