{"id":84323,"date":"2023-10-02T15:07:34","date_gmt":"2023-10-02T14:07:34","guid":{"rendered":"https:\/\/onlinelotto365.com\/dobitni-brojevi\/rezultati-izvlacenja-la-primitiva"},"modified":"2023-10-02T15:07:34","modified_gmt":"2023-10-02T14:07:34","slug":"rezultati-izvlacenja-la-primitiva","status":"publish","type":"page","link":"https:\/\/onlinelotto365.com\/sr\/dobitni-brojevi\/rezultati-izvlacenja-la-primitiva\/","title":{"rendered":"Rezultati izvla\u010denja La Primitiva"},"content":{"rendered":"<p>Nudimo mnogo razli\u010ditih me\u0111unarodnih lutrija, a znamo da \u017eelite brzo prona\u0107i dobitne brojeve. Zato neki ljudi biraju da tra\u017ee brojeve u novinama. Me\u0111utim, pronala\u017eenje dobitnih brojeva za La Primitiva u novinama mo\u017ee biti te\u0161ko. Isto tako, te\u0161ko je prona\u0107i ih na televiziji, jer morate istra\u017eiti koji je pravi kanal.<\/p>\n<p>Druga opcija je da posjetite web stranicu La Primitiva i vidite jesu li prikazali u\u017eivo izvla\u010denje svoje igre. Ako to rade, to mo\u017ee biti uzbudljivo za gledanje. Me\u0111utim, ako ne prikazuju, \u0161to mnoge lutrije ne \u010dine, tada ste ponovno prisiljeni \u010dekati.<img decoding=\"async\" class=\"aligncenter\" src=\"https:\/\/redfoxlotto.com\/image?size=8&amp;lottery=la-primitiva\" alt=\" la primitiva\" \/><\/p>\n<p>Nakon izvla\u010denja, ponekad mo\u017eete prona\u0107i najnovije rezultate izvla\u010denja La Primitiva na YouTubeu. Ali morate pri\u010dekati neko vrijeme nakon izvla\u010denja da biste to u\u010dinili.<\/p>\n<p>Najprakti\u010dniji na\u010din da dobijete brojeve je ipak posjetiti na\u0161u web stranicu. Na na\u0161oj web stranici nudimo dobitne brojeve, rezultate i \u010dak iznose nagrada za La Primitiva, a tako\u0111er uklju\u010dujemo i druge lutrije koje nudimo.<\/p>\n<h2>Kako saznati je li va\u0161a internetska ulaznica dobila<\/h2>\n<p><img loading=\"lazy\" decoding=\"async\" class=\"alignright wp-image-3572\" src=\"https:\/\/onlinelotto365.com\/wp-content\/uploads\/2020\/11\/online_lottery-25-300x212.jpg\" alt=\"Dobitni brojevi za La Primitiva\" width=\"232\" height=\"165\" srcset=\"https:\/\/onlinelotto365.com\/wp-content\/uploads\/2020\/11\/online_lottery-25-300x212.jpg 300w, https:\/\/onlinelotto365.com\/wp-content\/uploads\/2020\/11\/online_lottery-25.jpg 320w\" sizes=\"auto, (max-width: 232px) 100vw, 232px\" \/><br \/>\nAko ste kupili ulaznice za La Primitiva, tada \u010dak ne morate i\u0107i na stranicu s rezultatima. Mo\u017eete direktno u\u0107i u svoj ra\u010dun i pogledati svoje ulaznice. Na istom ekranu \u0107ete vidjeti dobitne brojeve za svaku igru koju ste igrali. I vidjet \u0107ete ozna\u010dene brojeve za sve one koji se podudaraju izme\u0111u va\u0161e ulaznice i dobitnih brojeva. Ako imate ispravan broj, bit \u0107ete pobjednik i mo\u017eete vidjeti to\u010dno koliko ste osvojili. Tako\u0111er \u0107ete prona\u0107i dobitke (za iznose manje od 2500 \u20ac) ve\u0107 dostupne na va\u0161em ra\u010dunu \u010dim se rezultati potvrde.<\/p>\n<h2>Arhiva rezultata La Primitiva<\/h2>\n<p>Za one koji \u017eele odabrati brojeve za sljede\u0107e izvla\u010denje, znamo da je va\u017eno pregledati starije ulaznice i starije brojeve. Stoga se pobrinemo da svaka stranica s najnovijim rezultatima La Primitiva tako\u0111er ima pristup starijim brojevima. Mo\u017eete ih pregledati u bilo kojem trenutku iz bilo kojeg razloga.<\/p>\n<h2>Moja ulaznica je dobila, \u0161to se doga\u0111a sljede\u0107e?<\/h2>\n<p>Ako je va\u0161a ulaznica dobitnik, sve \u0161to trebate u\u010diniti je opustiti se jer \u0107emo se brinuti za sve. Ispla\u0107ujemo bilo koji iznos manji od 2500 \u20ac izravno na va\u0161 ra\u010dun, tako da ga ne morate tra\u017eiti niti prolaziti kroz dodatne korake. Zatim, dokle god imate najmanje 10 \u20ac na svom ra\u010dunu, mo\u017eete povu\u0107i novac na svoj bankovni ra\u010dun ili kreditnu karticu.<\/p>\n<p>Samo se pobrinite da ste tu karticu ili ra\u010dun ve\u0107 koristili kod nas. Tako\u0111er \u0107ete morati ispuniti neke dokumente kako bismo se pridr\u017eavali propisa koje ima na\u0161a procesorska tvrtka za pla\u0107anje. Ti dokumenti nas \u0161tite, ali tako\u0111er \u0161tite i vas tako da budete jedini koji mogu povu\u0107i svoj novac s ra\u010duna.<\/p>\n","protected":false},"excerpt":{"rendered":"<p>Nudimo mnogo razli\u010ditih me\u0111unarodnih lutrija, a znamo da \u017eelite brzo prona\u0107i dobitne brojeve. Zato neki ljudi biraju da tra\u017ee brojeve u novinama. Me\u0111utim, pronala\u017eenje dobitnih brojeva za La Primitiva u novinama mo\u017ee biti te\u0161ko. Isto tako, te\u0161ko je prona\u0107i ih na televiziji, jer morate istra\u017eiti koji je pravi kanal. Druga opcija je da posjetite web [&hellip;]<\/p>\n","protected":false},"author":1,"featured_media":0,"parent":5859,"menu_order":7,"comment_status":"closed","ping_status":"closed","template":"la-primitiva-results.php","meta":{"_et_pb_use_builder":"","_et_pb_old_content":"","_et_gb_content_width":"","exclude_from_search":false,"footnotes":""},"class_list":["post-84323","page","type-page","status-publish","hentry"],"yoast_head":"<!-- This site is optimized with the Yoast SEO plugin v23.4 - https:\/\/yoast.com\/wordpress\/plugins\/seo\/ -->\n<title>Najnoviji rezultati izvla\u010denja, dobitni brojevi za La Primitiva<\/title>\n<meta name=\"description\" content=\"Dobijte najnovije dobitne brojeve \u0161panske lutrije La Primitiva, kao i druge rezultate.\" \/>\n<meta name=\"robots\" content=\"index, follow, max-snippet:-1, max-image-preview:large, max-video-preview:-1\" \/>\n<link rel=\"canonical\" href=\"https:\/\/onlinelotto365.com\/sr\/dobitni-brojevi\/rezultati-izvlacenja-la-primitiva\/\" \/>\n<meta property=\"og:locale\" content=\"sr_RS\" \/>\n<meta property=\"og:type\" content=\"article\" \/>\n<meta property=\"og:title\" content=\"Najnoviji rezultati izvla\u010denja, dobitni brojevi za La Primitiva\" \/>\n<meta property=\"og:description\" content=\"Dobijte najnovije dobitne brojeve \u0161panske lutrije La Primitiva, kao i druge rezultate.\" \/>\n<meta property=\"og:url\" content=\"https:\/\/onlinelotto365.com\/sr\/dobitni-brojevi\/rezultati-izvlacenja-la-primitiva\/\" \/>\n<meta property=\"og:site_name\" content=\"OnlineLotto365\" \/>\n<meta property=\"og:image\" content=\"https:\/\/redfoxlotto.com\/image?size=8&amp;lottery=la-primitiva\" \/>\n<meta name=\"twitter:card\" content=\"summary_large_image\" \/>\n<meta name=\"twitter:label1\" content=\"\u041f\u0440\u043e\u0446\u0435\u045a\u0435\u043d\u043e \u0432\u0440\u0435\u043c\u0435 \u0447\u0438\u0442\u0430\u045a\u0430\" \/>\n\t<meta name=\"twitter:data1\" content=\"2 \u043c\u0438\u043d\u0443\u0442\u0430\" \/>\n<script type=\"application\/ld+json\" class=\"yoast-schema-graph\">{\"@context\":\"https:\/\/schema.org\",\"@graph\":[{\"@type\":\"WebPage\",\"@id\":\"https:\/\/onlinelotto365.com\/sr\/dobitni-brojevi\/rezultati-izvlacenja-la-primitiva\/\",\"url\":\"https:\/\/onlinelotto365.com\/sr\/dobitni-brojevi\/rezultati-izvlacenja-la-primitiva\/\",\"name\":\"Najnoviji rezultati izvla\u010denja, dobitni brojevi za La Primitiva\",\"isPartOf\":{\"@id\":\"https:\/\/onlinelotto365.com\/sr\/#website\"},\"primaryImageOfPage\":{\"@id\":\"https:\/\/onlinelotto365.com\/sr\/dobitni-brojevi\/rezultati-izvlacenja-la-primitiva\/#primaryimage\"},\"image\":{\"@id\":\"https:\/\/onlinelotto365.com\/sr\/dobitni-brojevi\/rezultati-izvlacenja-la-primitiva\/#primaryimage\"},\"thumbnailUrl\":\"https:\/\/redfoxlotto.com\/image?size=8&amp;lottery=la-primitiva\",\"datePublished\":\"2023-10-02T14:07:34+00:00\",\"dateModified\":\"2023-10-02T14:07:34+00:00\",\"description\":\"Dobijte najnovije dobitne brojeve \u0161panske lutrije La Primitiva, kao i druge rezultate.\",\"breadcrumb\":{\"@id\":\"https:\/\/onlinelotto365.com\/sr\/dobitni-brojevi\/rezultati-izvlacenja-la-primitiva\/#breadcrumb\"},\"inLanguage\":\"sr-RS\",\"potentialAction\":[{\"@type\":\"ReadAction\",\"target\":[\"https:\/\/onlinelotto365.com\/sr\/dobitni-brojevi\/rezultati-izvlacenja-la-primitiva\/\"]}]},{\"@type\":\"ImageObject\",\"inLanguage\":\"sr-RS\",\"@id\":\"https:\/\/onlinelotto365.com\/sr\/dobitni-brojevi\/rezultati-izvlacenja-la-primitiva\/#primaryimage\",\"url\":\"https:\/\/redfoxlotto.com\/image?size=8&amp;lottery=la-primitiva\",\"contentUrl\":\"https:\/\/redfoxlotto.com\/image?size=8&amp;lottery=la-primitiva\"},{\"@type\":\"BreadcrumbList\",\"@id\":\"https:\/\/onlinelotto365.com\/sr\/dobitni-brojevi\/rezultati-izvlacenja-la-primitiva\/#breadcrumb\",\"itemListElement\":[{\"@type\":\"ListItem\",\"position\":1,\"name\":\"Home\",\"item\":\"https:\/\/onlinelotto365.com\/sr\/\"},{\"@type\":\"ListItem\",\"position\":2,\"name\":\"Tragate za me\u0111unarodnim loto rezultatima?\",\"item\":\"https:\/\/onlinelotto365.com\/sr\/winning-numbers\/\"},{\"@type\":\"ListItem\",\"position\":3,\"name\":\"Rezultati izvla\u010denja La Primitiva\"}]},{\"@type\":\"WebSite\",\"@id\":\"https:\/\/onlinelotto365.com\/sr\/#website\",\"url\":\"https:\/\/onlinelotto365.com\/sr\/\",\"name\":\"OnlineLotto365\",\"description\":\"\",\"potentialAction\":[{\"@type\":\"SearchAction\",\"target\":{\"@type\":\"EntryPoint\",\"urlTemplate\":\"https:\/\/onlinelotto365.com\/sr\/?s={search_term_string}\"},\"query-input\":{\"@type\":\"PropertyValueSpecification\",\"valueRequired\":true,\"valueName\":\"search_term_string\"}}],\"inLanguage\":\"sr-RS\"}]}<\/script>\n<!-- \/ Yoast SEO plugin. -->","yoast_head_json":{"title":"Najnoviji rezultati izvla\u010denja, dobitni brojevi za La Primitiva","description":"Dobijte najnovije dobitne brojeve \u0161panske lutrije La Primitiva, kao i druge rezultate.","robots":{"index":"index","follow":"follow","max-snippet":"max-snippet:-1","max-image-preview":"max-image-preview:large","max-video-preview":"max-video-preview:-1"},"canonical":"https:\/\/onlinelotto365.com\/sr\/dobitni-brojevi\/rezultati-izvlacenja-la-primitiva\/","og_locale":"sr_RS","og_type":"article","og_title":"Najnoviji rezultati izvla\u010denja, dobitni brojevi za La Primitiva","og_description":"Dobijte najnovije dobitne brojeve \u0161panske lutrije La Primitiva, kao i druge rezultate.","og_url":"https:\/\/onlinelotto365.com\/sr\/dobitni-brojevi\/rezultati-izvlacenja-la-primitiva\/","og_site_name":"OnlineLotto365","og_image":[{"url":"https:\/\/redfoxlotto.com\/image?size=8&amp;lottery=la-primitiva"}],"twitter_card":"summary_large_image","twitter_misc":{"\u041f\u0440\u043e\u0446\u0435\u045a\u0435\u043d\u043e \u0432\u0440\u0435\u043c\u0435 \u0447\u0438\u0442\u0430\u045a\u0430":"2 \u043c\u0438\u043d\u0443\u0442\u0430"},"schema":{"@context":"https:\/\/schema.org","@graph":[{"@type":"WebPage","@id":"https:\/\/onlinelotto365.com\/sr\/dobitni-brojevi\/rezultati-izvlacenja-la-primitiva\/","url":"https:\/\/onlinelotto365.com\/sr\/dobitni-brojevi\/rezultati-izvlacenja-la-primitiva\/","name":"Najnoviji rezultati izvla\u010denja, dobitni brojevi za La Primitiva","isPartOf":{"@id":"https:\/\/onlinelotto365.com\/sr\/#website"},"primaryImageOfPage":{"@id":"https:\/\/onlinelotto365.com\/sr\/dobitni-brojevi\/rezultati-izvlacenja-la-primitiva\/#primaryimage"},"image":{"@id":"https:\/\/onlinelotto365.com\/sr\/dobitni-brojevi\/rezultati-izvlacenja-la-primitiva\/#primaryimage"},"thumbnailUrl":"https:\/\/redfoxlotto.com\/image?size=8&amp;lottery=la-primitiva","datePublished":"2023-10-02T14:07:34+00:00","dateModified":"2023-10-02T14:07:34+00:00","description":"Dobijte najnovije dobitne brojeve \u0161panske lutrije La Primitiva, kao i druge rezultate.","breadcrumb":{"@id":"https:\/\/onlinelotto365.com\/sr\/dobitni-brojevi\/rezultati-izvlacenja-la-primitiva\/#breadcrumb"},"inLanguage":"sr-RS","potentialAction":[{"@type":"ReadAction","target":["https:\/\/onlinelotto365.com\/sr\/dobitni-brojevi\/rezultati-izvlacenja-la-primitiva\/"]}]},{"@type":"ImageObject","inLanguage":"sr-RS","@id":"https:\/\/onlinelotto365.com\/sr\/dobitni-brojevi\/rezultati-izvlacenja-la-primitiva\/#primaryimage","url":"https:\/\/redfoxlotto.com\/image?size=8&amp;lottery=la-primitiva","contentUrl":"https:\/\/redfoxlotto.com\/image?size=8&amp;lottery=la-primitiva"},{"@type":"BreadcrumbList","@id":"https:\/\/onlinelotto365.com\/sr\/dobitni-brojevi\/rezultati-izvlacenja-la-primitiva\/#breadcrumb","itemListElement":[{"@type":"ListItem","position":1,"name":"Home","item":"https:\/\/onlinelotto365.com\/sr\/"},{"@type":"ListItem","position":2,"name":"Tragate za me\u0111unarodnim loto rezultatima?","item":"https:\/\/onlinelotto365.com\/sr\/winning-numbers\/"},{"@type":"ListItem","position":3,"name":"Rezultati izvla\u010denja La Primitiva"}]},{"@type":"WebSite","@id":"https:\/\/onlinelotto365.com\/sr\/#website","url":"https:\/\/onlinelotto365.com\/sr\/","name":"OnlineLotto365","description":"","potentialAction":[{"@type":"SearchAction","target":{"@type":"EntryPoint","urlTemplate":"https:\/\/onlinelotto365.com\/sr\/?s={search_term_string}"},"query-input":{"@type":"PropertyValueSpecification","valueRequired":true,"valueName":"search_term_string"}}],"inLanguage":"sr-RS"}]}},"_links":{"self":[{"href":"https:\/\/onlinelotto365.com\/sr\/wp-json\/wp\/v2\/pages\/84323","targetHints":{"allow":["GET"]}}],"collection":[{"href":"https:\/\/onlinelotto365.com\/sr\/wp-json\/wp\/v2\/pages"}],"about":[{"href":"https:\/\/onlinelotto365.com\/sr\/wp-json\/wp\/v2\/types\/page"}],"author":[{"embeddable":true,"href":"https:\/\/onlinelotto365.com\/sr\/wp-json\/wp\/v2\/users\/1"}],"replies":[{"embeddable":true,"href":"https:\/\/onlinelotto365.com\/sr\/wp-json\/wp\/v2\/comments?post=84323"}],"version-history":[{"count":0,"href":"https:\/\/onlinelotto365.com\/sr\/wp-json\/wp\/v2\/pages\/84323\/revisions"}],"up":[{"embeddable":true,"href":"https:\/\/onlinelotto365.com\/sr\/wp-json\/wp\/v2\/pages\/5859"}],"wp:attachment":[{"href":"https:\/\/onlinelotto365.com\/sr\/wp-json\/wp\/v2\/media?parent=84323"}],"curies":[{"name":"wp","href":"https:\/\/api.w.org\/{rel}","templated":true}]}}