{"id":84337,"date":"2023-10-02T18:31:44","date_gmt":"2023-10-02T17:31:44","guid":{"rendered":"https:\/\/onlinelotto365.com\/dobitni-brojevi\/rezultati-britanske-lutrije"},"modified":"2023-10-02T18:31:44","modified_gmt":"2023-10-02T17:31:44","slug":"rezultati-britanske-lutrije","status":"publish","type":"page","link":"https:\/\/onlinelotto365.com\/sr\/dobitni-brojevi\/rezultati-britanske-lutrije\/","title":{"rendered":"Rezultati britanske lutrije"},"content":{"rendered":"<p>Postoje mnoge razli\u010dite me\u0111unarodne igre, a mi nudimo mnoge od njih. To mo\u017ee zna\u010diti da \u0107ete imati problema sa pronala\u017eenjem rezultata nakon izvla\u010denja. Neki ljudi \u017eele pogledati rezultate u novinama, ali va\u0161a lokalna novina mo\u017eda nema rezultate britanske lutrije. S druge strane, televizijske stanice mo\u017eda tako\u0111e nemaju te rezultate ili bi moglo potrajati da prona\u0111ete pravi kanal koji ih prenosi.<\/p>\n<p>Druga opcija je da posetite slu\u017ebenu veb stranicu britanske lutrije, na kojoj mo\u017eda postoji u\u017eivo emitovanje procesa izvla\u010denja. Me\u0111utim, ne sve lutrije nude ovakav tip u\u017eivo prenosa, i \u010dak i kada to \u010dine, morate biti tamo u pravo vreme. Dakle, na koji na\u010din mo\u017eete saznati rezultate britanske lutrije?<img decoding=\"async\" class=\"aligncenter\" src=\"https:\/\/redfoxlotto.com\/image?size=8&amp;lottery=lotto-uk\" alt=\"britanska lutrija\" \/><\/p>\n<p>Jo\u0161 jedna opcija je da proverite YouTube za najnovije izvla\u010denje britanske lutrije ako je ve\u0107 zavr\u0161eno. Ponekad ljudi \u0107e postaviti snimak ili objaviti dobitne brojeve na neki na\u010din.<\/p>\n<p>Najlak\u0161i na\u010din za vas da dobijete dobitne brojeve je, me\u0111utim, da posetite na\u0161u veb stranicu. Na\u0161a stranica sa rezultatima lutrije \u0107e vam prikazati rezultate i nagrade za britansku lutriju, kao i za svaku drugu lutriju koju imamo dostupnu.<\/p>\n<h2>Kako saznati da li je va\u0161a online karta dobitna<\/h2>\n<p><img loading=\"lazy\" decoding=\"async\" class=\"alignright wp-image-3550\" src=\"https:\/\/onlinelotto365.com\/wp-content\/uploads\/2020\/11\/online_lottery-108-300x232.jpg\" alt=\"Rezultati britanske lutrije\" width=\"146\" height=\"113\" srcset=\"https:\/\/onlinelotto365.com\/wp-content\/uploads\/2020\/11\/online_lottery-108-300x232.jpg 300w, https:\/\/onlinelotto365.com\/wp-content\/uploads\/2020\/11\/online_lottery-108.jpg 320w\" sizes=\"auto, (max-width: 146px) 100vw, 146px\" \/><br \/>\nOno \u0161to je jo\u0161 bolje za vas jeste da mo\u017eete proveriti stranicu va\u0161eg naloga ako ve\u0107 imate kupljene karte. Na stranici va\u0161eg naloga, pokaza\u0107emo vam dobitne brojeve za svaku kartu koju imate i uporediti ih sa va\u0161om kartom. \u010cak \u0107emo ista\u0107i brojeve koji se poklapaju. I, ako osvojite manje od 2500 evra, ne morate ni\u0161ta da radite, jer \u0107e novac biti automatski dodat na va\u0161 igra\u010dki ra\u010dun \u010dim se rezultati potvrde. To \u0107e vam olak\u0161ati kupovinu vi\u0161e karata za slede\u0107e izvla\u010denje.<\/p>\n<h2>Arhiva rezultata britanske lutrije<\/h2>\n<p>Svaka stranica na na\u0161oj veb stranici koja vam prikazuje trenutne dobitne brojeve \u0107e vam tako\u0111e prikazivati i stare rezultate britanske lutrije. Mo\u0107i \u0107ete da proverite prethodna izvla\u010denja za stare karte ili da saznate brojeve koje \u017eelite igrati slede\u0107i put. Na kraju krajeva, mnogi ljudi vole da pogledaju stare brojeve kako bi izabrali svoje.<\/p>\n<h2>Ako je va\u0161a karta dobitna, \u0161ta se de\u0161ava dalje?<\/h2>\n<p>Ako imate dobitnu kartu i imate pravo na manje od 2500 evra, ne morate uop\u0161te ni\u0161ta da radite. Mi \u0107emo se pobrinuti za sve za vas i osigura\u0107emo da dobijete svoj dobitak direktno na svoj ra\u010dun. Ako \u017eelite da koristite taj novac, mo\u017eete ga iskoristiti za kupovinu jo\u0161 karata. Ako ne \u017eelite, mo\u017eete povu\u0107i novac pod uslovom da imate najmanje 10 evra na raspolaganju. Taj novac se mora povu\u0107i putem metode pla\u0107anja koja je ve\u0107 kori\u0161\u0107ena na na\u0161oj veb stranici i mo\u017eda \u0107ete morati da potvrdite svoj identitet kako biste se uskladili sa federalnim propisima.<\/p>\n","protected":false},"excerpt":{"rendered":"<p>Postoje mnoge razli\u010dite me\u0111unarodne igre, a mi nudimo mnoge od njih. To mo\u017ee zna\u010diti da \u0107ete imati problema sa pronala\u017eenjem rezultata nakon izvla\u010denja. Neki ljudi \u017eele pogledati rezultate u novinama, ali va\u0161a lokalna novina mo\u017eda nema rezultate britanske lutrije. S druge strane, televizijske stanice mo\u017eda tako\u0111e nemaju te rezultate ili bi moglo potrajati da prona\u0111ete [&hellip;]<\/p>\n","protected":false},"author":1,"featured_media":0,"parent":5859,"menu_order":9,"comment_status":"closed","ping_status":"closed","template":"lotto-uk-results.php","meta":{"_et_pb_use_builder":"","_et_pb_old_content":"","_et_gb_content_width":"","exclude_from_search":false,"footnotes":""},"class_list":["post-84337","page","type-page","status-publish","hentry"],"yoast_head":"<!-- This site is optimized with the Yoast SEO plugin v23.4 - https:\/\/yoast.com\/wordpress\/plugins\/seo\/ -->\n<title>Rezultati, dobitni brojevi za britansku lutriju<\/title>\n<meta name=\"description\" content=\"Odmah nakon izvla\u010denja, pogledajte rezultate i brojeve britanske lutrije ovde.\" \/>\n<meta name=\"robots\" content=\"index, follow, max-snippet:-1, max-image-preview:large, max-video-preview:-1\" \/>\n<link rel=\"canonical\" href=\"https:\/\/onlinelotto365.com\/sr\/dobitni-brojevi\/rezultati-britanske-lutrije\/\" \/>\n<meta property=\"og:locale\" content=\"sr_RS\" \/>\n<meta property=\"og:type\" content=\"article\" \/>\n<meta property=\"og:title\" content=\"Rezultati, dobitni brojevi za britansku lutriju\" \/>\n<meta property=\"og:description\" content=\"Odmah nakon izvla\u010denja, pogledajte rezultate i brojeve britanske lutrije ovde.\" \/>\n<meta property=\"og:url\" content=\"https:\/\/onlinelotto365.com\/sr\/dobitni-brojevi\/rezultati-britanske-lutrije\/\" \/>\n<meta property=\"og:site_name\" content=\"OnlineLotto365\" \/>\n<meta property=\"og:image\" content=\"https:\/\/redfoxlotto.com\/image?size=8&amp;lottery=lotto-uk\" \/>\n<meta name=\"twitter:card\" content=\"summary_large_image\" \/>\n<meta name=\"twitter:label1\" content=\"\u041f\u0440\u043e\u0446\u0435\u045a\u0435\u043d\u043e \u0432\u0440\u0435\u043c\u0435 \u0447\u0438\u0442\u0430\u045a\u0430\" \/>\n\t<meta name=\"twitter:data1\" content=\"2 \u043c\u0438\u043d\u0443\u0442\u0430\" \/>\n<script type=\"application\/ld+json\" class=\"yoast-schema-graph\">{\"@context\":\"https:\/\/schema.org\",\"@graph\":[{\"@type\":\"WebPage\",\"@id\":\"https:\/\/onlinelotto365.com\/sr\/dobitni-brojevi\/rezultati-britanske-lutrije\/\",\"url\":\"https:\/\/onlinelotto365.com\/sr\/dobitni-brojevi\/rezultati-britanske-lutrije\/\",\"name\":\"Rezultati, dobitni brojevi za britansku lutriju\",\"isPartOf\":{\"@id\":\"https:\/\/onlinelotto365.com\/sr\/#website\"},\"primaryImageOfPage\":{\"@id\":\"https:\/\/onlinelotto365.com\/sr\/dobitni-brojevi\/rezultati-britanske-lutrije\/#primaryimage\"},\"image\":{\"@id\":\"https:\/\/onlinelotto365.com\/sr\/dobitni-brojevi\/rezultati-britanske-lutrije\/#primaryimage\"},\"thumbnailUrl\":\"https:\/\/redfoxlotto.com\/image?size=8&amp;lottery=lotto-uk\",\"datePublished\":\"2023-10-02T17:31:44+00:00\",\"dateModified\":\"2023-10-02T17:31:44+00:00\",\"description\":\"Odmah nakon izvla\u010denja, pogledajte rezultate i brojeve britanske lutrije ovde.\",\"breadcrumb\":{\"@id\":\"https:\/\/onlinelotto365.com\/sr\/dobitni-brojevi\/rezultati-britanske-lutrije\/#breadcrumb\"},\"inLanguage\":\"sr-RS\",\"potentialAction\":[{\"@type\":\"ReadAction\",\"target\":[\"https:\/\/onlinelotto365.com\/sr\/dobitni-brojevi\/rezultati-britanske-lutrije\/\"]}]},{\"@type\":\"ImageObject\",\"inLanguage\":\"sr-RS\",\"@id\":\"https:\/\/onlinelotto365.com\/sr\/dobitni-brojevi\/rezultati-britanske-lutrije\/#primaryimage\",\"url\":\"https:\/\/redfoxlotto.com\/image?size=8&amp;lottery=lotto-uk\",\"contentUrl\":\"https:\/\/redfoxlotto.com\/image?size=8&amp;lottery=lotto-uk\"},{\"@type\":\"BreadcrumbList\",\"@id\":\"https:\/\/onlinelotto365.com\/sr\/dobitni-brojevi\/rezultati-britanske-lutrije\/#breadcrumb\",\"itemListElement\":[{\"@type\":\"ListItem\",\"position\":1,\"name\":\"Home\",\"item\":\"https:\/\/onlinelotto365.com\/sr\/\"},{\"@type\":\"ListItem\",\"position\":2,\"name\":\"Tragate za me\u0111unarodnim loto rezultatima?\",\"item\":\"https:\/\/onlinelotto365.com\/sr\/winning-numbers\/\"},{\"@type\":\"ListItem\",\"position\":3,\"name\":\"Rezultati britanske lutrije\"}]},{\"@type\":\"WebSite\",\"@id\":\"https:\/\/onlinelotto365.com\/sr\/#website\",\"url\":\"https:\/\/onlinelotto365.com\/sr\/\",\"name\":\"OnlineLotto365\",\"description\":\"\",\"potentialAction\":[{\"@type\":\"SearchAction\",\"target\":{\"@type\":\"EntryPoint\",\"urlTemplate\":\"https:\/\/onlinelotto365.com\/sr\/?s={search_term_string}\"},\"query-input\":{\"@type\":\"PropertyValueSpecification\",\"valueRequired\":true,\"valueName\":\"search_term_string\"}}],\"inLanguage\":\"sr-RS\"}]}<\/script>\n<!-- \/ Yoast SEO plugin. -->","yoast_head_json":{"title":"Rezultati, dobitni brojevi za britansku lutriju","description":"Odmah nakon izvla\u010denja, pogledajte rezultate i brojeve britanske lutrije ovde.","robots":{"index":"index","follow":"follow","max-snippet":"max-snippet:-1","max-image-preview":"max-image-preview:large","max-video-preview":"max-video-preview:-1"},"canonical":"https:\/\/onlinelotto365.com\/sr\/dobitni-brojevi\/rezultati-britanske-lutrije\/","og_locale":"sr_RS","og_type":"article","og_title":"Rezultati, dobitni brojevi za britansku lutriju","og_description":"Odmah nakon izvla\u010denja, pogledajte rezultate i brojeve britanske lutrije ovde.","og_url":"https:\/\/onlinelotto365.com\/sr\/dobitni-brojevi\/rezultati-britanske-lutrije\/","og_site_name":"OnlineLotto365","og_image":[{"url":"https:\/\/redfoxlotto.com\/image?size=8&amp;lottery=lotto-uk"}],"twitter_card":"summary_large_image","twitter_misc":{"\u041f\u0440\u043e\u0446\u0435\u045a\u0435\u043d\u043e \u0432\u0440\u0435\u043c\u0435 \u0447\u0438\u0442\u0430\u045a\u0430":"2 \u043c\u0438\u043d\u0443\u0442\u0430"},"schema":{"@context":"https:\/\/schema.org","@graph":[{"@type":"WebPage","@id":"https:\/\/onlinelotto365.com\/sr\/dobitni-brojevi\/rezultati-britanske-lutrije\/","url":"https:\/\/onlinelotto365.com\/sr\/dobitni-brojevi\/rezultati-britanske-lutrije\/","name":"Rezultati, dobitni brojevi za britansku lutriju","isPartOf":{"@id":"https:\/\/onlinelotto365.com\/sr\/#website"},"primaryImageOfPage":{"@id":"https:\/\/onlinelotto365.com\/sr\/dobitni-brojevi\/rezultati-britanske-lutrije\/#primaryimage"},"image":{"@id":"https:\/\/onlinelotto365.com\/sr\/dobitni-brojevi\/rezultati-britanske-lutrije\/#primaryimage"},"thumbnailUrl":"https:\/\/redfoxlotto.com\/image?size=8&amp;lottery=lotto-uk","datePublished":"2023-10-02T17:31:44+00:00","dateModified":"2023-10-02T17:31:44+00:00","description":"Odmah nakon izvla\u010denja, pogledajte rezultate i brojeve britanske lutrije ovde.","breadcrumb":{"@id":"https:\/\/onlinelotto365.com\/sr\/dobitni-brojevi\/rezultati-britanske-lutrije\/#breadcrumb"},"inLanguage":"sr-RS","potentialAction":[{"@type":"ReadAction","target":["https:\/\/onlinelotto365.com\/sr\/dobitni-brojevi\/rezultati-britanske-lutrije\/"]}]},{"@type":"ImageObject","inLanguage":"sr-RS","@id":"https:\/\/onlinelotto365.com\/sr\/dobitni-brojevi\/rezultati-britanske-lutrije\/#primaryimage","url":"https:\/\/redfoxlotto.com\/image?size=8&amp;lottery=lotto-uk","contentUrl":"https:\/\/redfoxlotto.com\/image?size=8&amp;lottery=lotto-uk"},{"@type":"BreadcrumbList","@id":"https:\/\/onlinelotto365.com\/sr\/dobitni-brojevi\/rezultati-britanske-lutrije\/#breadcrumb","itemListElement":[{"@type":"ListItem","position":1,"name":"Home","item":"https:\/\/onlinelotto365.com\/sr\/"},{"@type":"ListItem","position":2,"name":"Tragate za me\u0111unarodnim loto rezultatima?","item":"https:\/\/onlinelotto365.com\/sr\/winning-numbers\/"},{"@type":"ListItem","position":3,"name":"Rezultati britanske lutrije"}]},{"@type":"WebSite","@id":"https:\/\/onlinelotto365.com\/sr\/#website","url":"https:\/\/onlinelotto365.com\/sr\/","name":"OnlineLotto365","description":"","potentialAction":[{"@type":"SearchAction","target":{"@type":"EntryPoint","urlTemplate":"https:\/\/onlinelotto365.com\/sr\/?s={search_term_string}"},"query-input":{"@type":"PropertyValueSpecification","valueRequired":true,"valueName":"search_term_string"}}],"inLanguage":"sr-RS"}]}},"_links":{"self":[{"href":"https:\/\/onlinelotto365.com\/sr\/wp-json\/wp\/v2\/pages\/84337","targetHints":{"allow":["GET"]}}],"collection":[{"href":"https:\/\/onlinelotto365.com\/sr\/wp-json\/wp\/v2\/pages"}],"about":[{"href":"https:\/\/onlinelotto365.com\/sr\/wp-json\/wp\/v2\/types\/page"}],"author":[{"embeddable":true,"href":"https:\/\/onlinelotto365.com\/sr\/wp-json\/wp\/v2\/users\/1"}],"replies":[{"embeddable":true,"href":"https:\/\/onlinelotto365.com\/sr\/wp-json\/wp\/v2\/comments?post=84337"}],"version-history":[{"count":0,"href":"https:\/\/onlinelotto365.com\/sr\/wp-json\/wp\/v2\/pages\/84337\/revisions"}],"up":[{"embeddable":true,"href":"https:\/\/onlinelotto365.com\/sr\/wp-json\/wp\/v2\/pages\/5859"}],"wp:attachment":[{"href":"https:\/\/onlinelotto365.com\/sr\/wp-json\/wp\/v2\/media?parent=84337"}],"curies":[{"name":"wp","href":"https:\/\/api.w.org\/{rel}","templated":true}]}}