{"id":84347,"date":"2023-10-02T19:38:28","date_gmt":"2023-10-02T18:38:28","guid":{"rendered":"https:\/\/onlinelotto365.com\/dobitni-brojevi\/rezultati-izvlacenja-za-set-for-life"},"modified":"2023-10-02T19:38:28","modified_gmt":"2023-10-02T18:38:28","slug":"rezultati-izvlacenja-za-set-for-life","status":"publish","type":"page","link":"https:\/\/onlinelotto365.com\/sr\/dobitni-brojevi\/rezultati-izvlacenja-za-set-for-life\/","title":{"rendered":"Rezultati izvla\u010denja za Set for life"},"content":{"rendered":"<p>Me\u0111unarodne lutrijske igre mogu biti veoma zabavne, ali zahtevaju malo truda kako biste prona\u0161li dobitne brojeve. Brojevi za igru Set for Life mo\u017eda ne\u0107e biti dostupni u va\u0161em lokalnom listu. To je zato \u0161to mo\u017eda niste u pravom podru\u010dju.<\/p>\n<p>Isto va\u017ei i za pra\u0107enje rezultata na televiziji. Ako se ne nalazite u odgovaraju\u0107em podru\u010dju, mora\u0107ete dosta da tra\u017eite kako biste prona\u0161li kanal koji prikazuje rezultate. Tako\u0111e mo\u017eete da posetite zvani\u010dni sajt igre Set for Life i proverite da li imaju u\u017eivo prenos dobitnih brojeva. Ako imaju, mo\u017eda biste \u017eeleli da to proverite, jer pra\u0107enje izvla\u010denja u\u017eivo mo\u017ee biti veoma uzbudljivo. S druge strane, ne sve lutrije nude ovu opciju i mo\u017eda je ne\u0107ete prona\u0107i.<img decoding=\"async\" class=\"aligncenter\" src=\"https:\/\/redfoxlotto.com\/image?size=8&amp;lottery=set-for-life-uk\" alt=\"set for life\" \/><\/p>\n<p>Jo\u0161 jedno mesto na koje mo\u017eete da se obratite je YouTube. Ponekad tamo mo\u017eete da prona\u0111ete video snimke izvla\u010denja nakon \u0161to su ve\u0107 odr\u017eana, i mo\u017eda \u0107ete mo\u0107i da prona\u0111ete dobitne brojeve.<\/p>\n<p>Najprakti\u010dniji na\u010din da prona\u0111ete dobitne brojeve za Set for Life je da posetite na\u0161 veb sajt. Imamo sve dobitne brojeve dostupne za sve igre koje imamo u ponudi. Tako da mo\u017eete prona\u0107i Set for Life i mnoge druge igre.<\/p>\n<h2>Kako da saznate da li je va\u0161a online sre\u0107ka dobitna<\/h2>\n<p><img loading=\"lazy\" decoding=\"async\" class=\"alignright wp-image-3543\" src=\"https:\/\/onlinelotto365.com\/wp-content\/uploads\/2020\/11\/online_lottery-3-300x300.jpg\" alt=\"Dobitni brojevi za igru Set for Life\" width=\"187\" height=\"187\" srcset=\"https:\/\/onlinelotto365.com\/wp-content\/uploads\/2020\/11\/online_lottery-3-300x300.jpg 300w, https:\/\/onlinelotto365.com\/wp-content\/uploads\/2020\/11\/online_lottery-3-100x100.jpg 100w, https:\/\/onlinelotto365.com\/wp-content\/uploads\/2020\/11\/online_lottery-3-150x150.jpg 150w, https:\/\/onlinelotto365.com\/wp-content\/uploads\/2020\/11\/online_lottery-3.jpg 320w\" sizes=\"auto, (max-width: 187px) 100vw, 187px\" \/><br \/>\nJo\u0161 bolje je ako ste ve\u0107 kupili sre\u0107ku za Set for Life kod nas. To je zato \u0161to vam olak\u0161avamo proveru ve\u0107 postoje\u0107ih sre\u0107aka. Mo\u017eete da proverite stranicu gde su sme\u0161tene sve va\u0161e sre\u0107ke i tamo \u0107ete na\u0107i ne samo brojeve svoje sre\u0107ke, ve\u0107 i brojeve dobitne sre\u0107ke. \u010cak \u0107emo vam olak\u0161ati tako \u0161to \u0107emo vam ozna\u010diti podudaraju\u0107e brojeve bojama. Tako da ne\u0107ete morati sami da tra\u017eite podudaranja. Ako je iznos dobitka manji od 2500 evra, ne\u0107ete morati da brinete, jer \u0107emo vam odmah uplatiti novac na va\u0161 ra\u010dun.<\/p>\n<h2>Arhiva rezultata za Set for Life<\/h2>\n<p>Za one koji \u017eele da pogledaju starije brojeve za Set for Life, to je veoma jednostavno. Imamo arhivu brojeva dostupnu svuda gde se nalaze i najnoviji rezultati. Tako mo\u017eete videti koje brojevi se naj\u010de\u0161\u0107e izvla\u010de i koji bi mo\u017eda mogli biti slede\u0107i.<\/p>\n<h2>Moja sre\u0107ka je dobitna, \u0161ta se de\u0161ava dalje?<\/h2>\n<p>Ako osvojite nagradu na svojoj lutrijskoj sre\u0107ki za Set for Life, sve \u0161to trebate da uradite je da sa\u010dekate i vidite \u0161ta \u0107e se desiti. To je zato \u0161to \u0107emo mi ve\u0107inu stvari obaviti umesto vas. Mo\u017eete da sa\u010dekate bilo koji iznos manji od 2500 evra, jer \u0107emo vam odmah uplatiti novac na va\u0161 ra\u010dun \u010dim se provere dobitni brojevi.<\/p>\n<p>Zatim, ako imate najmanje 10 evra na svom ra\u010dunu, mo\u017eete da povu\u010dete novac na svoj bankovni ra\u010dun. Samo se pobrinite da koristite ra\u010dun koji ste ve\u0107 koristili na na\u0161em sajtu i trebali biste da verifikujete svoj identitet i informacije za na\u0161eg procesora pla\u0107anja. Ovo je jednostavan proces koji mo\u017ee da se zavr\u0161i sa samo nekoliko formulara i pre nego \u0161to primetite, va\u0161 novac \u0107e biti dostupan<\/p>\n","protected":false},"excerpt":{"rendered":"<p>Me\u0111unarodne lutrijske igre mogu biti veoma zabavne, ali zahtevaju malo truda kako biste prona\u0161li dobitne brojeve. Brojevi za igru Set for Life mo\u017eda ne\u0107e biti dostupni u va\u0161em lokalnom listu. To je zato \u0161to mo\u017eda niste u pravom podru\u010dju. Isto va\u017ei i za pra\u0107enje rezultata na televiziji. Ako se ne nalazite u odgovaraju\u0107em podru\u010dju, mora\u0107ete [&hellip;]<\/p>\n","protected":false},"author":1,"featured_media":0,"parent":5859,"menu_order":10,"comment_status":"closed","ping_status":"closed","template":"set-for-life-results.php","meta":{"_et_pb_use_builder":"","_et_pb_old_content":"","_et_gb_content_width":"","exclude_from_search":false,"footnotes":""},"class_list":["post-84347","page","type-page","status-publish","hentry"],"yoast_head":"<!-- This site is optimized with the Yoast SEO plugin v23.4 - https:\/\/yoast.com\/wordpress\/plugins\/seo\/ -->\n<title>Najnoviji dobitni brojevi i isplate za Set for Life<\/title>\n<meta name=\"description\" content=\"Da li ste igrali lutriju Set for Life? Imamo najnovije i prethodne dobitne brojeve\" \/>\n<meta name=\"robots\" content=\"index, follow, max-snippet:-1, max-image-preview:large, max-video-preview:-1\" \/>\n<link rel=\"canonical\" href=\"https:\/\/onlinelotto365.com\/sr\/dobitni-brojevi\/rezultati-izvlacenja-za-set-for-life\/\" \/>\n<meta property=\"og:locale\" content=\"sr_RS\" \/>\n<meta property=\"og:type\" content=\"article\" \/>\n<meta property=\"og:title\" content=\"Najnoviji dobitni brojevi i isplate za Set for Life\" \/>\n<meta property=\"og:description\" content=\"Da li ste igrali lutriju Set for Life? Imamo najnovije i prethodne dobitne brojeve\" \/>\n<meta property=\"og:url\" content=\"https:\/\/onlinelotto365.com\/sr\/dobitni-brojevi\/rezultati-izvlacenja-za-set-for-life\/\" \/>\n<meta property=\"og:site_name\" content=\"OnlineLotto365\" \/>\n<meta property=\"og:image\" content=\"https:\/\/redfoxlotto.com\/image?size=8&amp;lottery=set-for-life-uk\" \/>\n<meta name=\"twitter:card\" content=\"summary_large_image\" \/>\n<meta name=\"twitter:label1\" content=\"\u041f\u0440\u043e\u0446\u0435\u045a\u0435\u043d\u043e \u0432\u0440\u0435\u043c\u0435 \u0447\u0438\u0442\u0430\u045a\u0430\" \/>\n\t<meta name=\"twitter:data1\" content=\"3 \u043c\u0438\u043d\u0443\u0442\u0430\" \/>\n<script type=\"application\/ld+json\" class=\"yoast-schema-graph\">{\"@context\":\"https:\/\/schema.org\",\"@graph\":[{\"@type\":\"WebPage\",\"@id\":\"https:\/\/onlinelotto365.com\/sr\/dobitni-brojevi\/rezultati-izvlacenja-za-set-for-life\/\",\"url\":\"https:\/\/onlinelotto365.com\/sr\/dobitni-brojevi\/rezultati-izvlacenja-za-set-for-life\/\",\"name\":\"Najnoviji dobitni brojevi i isplate za Set for Life\",\"isPartOf\":{\"@id\":\"https:\/\/onlinelotto365.com\/sr\/#website\"},\"primaryImageOfPage\":{\"@id\":\"https:\/\/onlinelotto365.com\/sr\/dobitni-brojevi\/rezultati-izvlacenja-za-set-for-life\/#primaryimage\"},\"image\":{\"@id\":\"https:\/\/onlinelotto365.com\/sr\/dobitni-brojevi\/rezultati-izvlacenja-za-set-for-life\/#primaryimage\"},\"thumbnailUrl\":\"https:\/\/redfoxlotto.com\/image?size=8&amp;lottery=set-for-life-uk\",\"datePublished\":\"2023-10-02T18:38:28+00:00\",\"dateModified\":\"2023-10-02T18:38:28+00:00\",\"description\":\"Da li ste igrali lutriju Set for Life? Imamo najnovije i prethodne dobitne brojeve\",\"breadcrumb\":{\"@id\":\"https:\/\/onlinelotto365.com\/sr\/dobitni-brojevi\/rezultati-izvlacenja-za-set-for-life\/#breadcrumb\"},\"inLanguage\":\"sr-RS\",\"potentialAction\":[{\"@type\":\"ReadAction\",\"target\":[\"https:\/\/onlinelotto365.com\/sr\/dobitni-brojevi\/rezultati-izvlacenja-za-set-for-life\/\"]}]},{\"@type\":\"ImageObject\",\"inLanguage\":\"sr-RS\",\"@id\":\"https:\/\/onlinelotto365.com\/sr\/dobitni-brojevi\/rezultati-izvlacenja-za-set-for-life\/#primaryimage\",\"url\":\"https:\/\/redfoxlotto.com\/image?size=8&amp;lottery=set-for-life-uk\",\"contentUrl\":\"https:\/\/redfoxlotto.com\/image?size=8&amp;lottery=set-for-life-uk\"},{\"@type\":\"BreadcrumbList\",\"@id\":\"https:\/\/onlinelotto365.com\/sr\/dobitni-brojevi\/rezultati-izvlacenja-za-set-for-life\/#breadcrumb\",\"itemListElement\":[{\"@type\":\"ListItem\",\"position\":1,\"name\":\"Home\",\"item\":\"https:\/\/onlinelotto365.com\/sr\/\"},{\"@type\":\"ListItem\",\"position\":2,\"name\":\"Tragate za me\u0111unarodnim loto rezultatima?\",\"item\":\"https:\/\/onlinelotto365.com\/sr\/winning-numbers\/\"},{\"@type\":\"ListItem\",\"position\":3,\"name\":\"Rezultati izvla\u010denja za Set for life\"}]},{\"@type\":\"WebSite\",\"@id\":\"https:\/\/onlinelotto365.com\/sr\/#website\",\"url\":\"https:\/\/onlinelotto365.com\/sr\/\",\"name\":\"OnlineLotto365\",\"description\":\"\",\"potentialAction\":[{\"@type\":\"SearchAction\",\"target\":{\"@type\":\"EntryPoint\",\"urlTemplate\":\"https:\/\/onlinelotto365.com\/sr\/?s={search_term_string}\"},\"query-input\":{\"@type\":\"PropertyValueSpecification\",\"valueRequired\":true,\"valueName\":\"search_term_string\"}}],\"inLanguage\":\"sr-RS\"}]}<\/script>\n<!-- \/ Yoast SEO plugin. -->","yoast_head_json":{"title":"Najnoviji dobitni brojevi i isplate za Set for Life","description":"Da li ste igrali lutriju Set for Life? Imamo najnovije i prethodne dobitne brojeve","robots":{"index":"index","follow":"follow","max-snippet":"max-snippet:-1","max-image-preview":"max-image-preview:large","max-video-preview":"max-video-preview:-1"},"canonical":"https:\/\/onlinelotto365.com\/sr\/dobitni-brojevi\/rezultati-izvlacenja-za-set-for-life\/","og_locale":"sr_RS","og_type":"article","og_title":"Najnoviji dobitni brojevi i isplate za Set for Life","og_description":"Da li ste igrali lutriju Set for Life? Imamo najnovije i prethodne dobitne brojeve","og_url":"https:\/\/onlinelotto365.com\/sr\/dobitni-brojevi\/rezultati-izvlacenja-za-set-for-life\/","og_site_name":"OnlineLotto365","og_image":[{"url":"https:\/\/redfoxlotto.com\/image?size=8&amp;lottery=set-for-life-uk"}],"twitter_card":"summary_large_image","twitter_misc":{"\u041f\u0440\u043e\u0446\u0435\u045a\u0435\u043d\u043e \u0432\u0440\u0435\u043c\u0435 \u0447\u0438\u0442\u0430\u045a\u0430":"3 \u043c\u0438\u043d\u0443\u0442\u0430"},"schema":{"@context":"https:\/\/schema.org","@graph":[{"@type":"WebPage","@id":"https:\/\/onlinelotto365.com\/sr\/dobitni-brojevi\/rezultati-izvlacenja-za-set-for-life\/","url":"https:\/\/onlinelotto365.com\/sr\/dobitni-brojevi\/rezultati-izvlacenja-za-set-for-life\/","name":"Najnoviji dobitni brojevi i isplate za Set for Life","isPartOf":{"@id":"https:\/\/onlinelotto365.com\/sr\/#website"},"primaryImageOfPage":{"@id":"https:\/\/onlinelotto365.com\/sr\/dobitni-brojevi\/rezultati-izvlacenja-za-set-for-life\/#primaryimage"},"image":{"@id":"https:\/\/onlinelotto365.com\/sr\/dobitni-brojevi\/rezultati-izvlacenja-za-set-for-life\/#primaryimage"},"thumbnailUrl":"https:\/\/redfoxlotto.com\/image?size=8&amp;lottery=set-for-life-uk","datePublished":"2023-10-02T18:38:28+00:00","dateModified":"2023-10-02T18:38:28+00:00","description":"Da li ste igrali lutriju Set for Life? Imamo najnovije i prethodne dobitne brojeve","breadcrumb":{"@id":"https:\/\/onlinelotto365.com\/sr\/dobitni-brojevi\/rezultati-izvlacenja-za-set-for-life\/#breadcrumb"},"inLanguage":"sr-RS","potentialAction":[{"@type":"ReadAction","target":["https:\/\/onlinelotto365.com\/sr\/dobitni-brojevi\/rezultati-izvlacenja-za-set-for-life\/"]}]},{"@type":"ImageObject","inLanguage":"sr-RS","@id":"https:\/\/onlinelotto365.com\/sr\/dobitni-brojevi\/rezultati-izvlacenja-za-set-for-life\/#primaryimage","url":"https:\/\/redfoxlotto.com\/image?size=8&amp;lottery=set-for-life-uk","contentUrl":"https:\/\/redfoxlotto.com\/image?size=8&amp;lottery=set-for-life-uk"},{"@type":"BreadcrumbList","@id":"https:\/\/onlinelotto365.com\/sr\/dobitni-brojevi\/rezultati-izvlacenja-za-set-for-life\/#breadcrumb","itemListElement":[{"@type":"ListItem","position":1,"name":"Home","item":"https:\/\/onlinelotto365.com\/sr\/"},{"@type":"ListItem","position":2,"name":"Tragate za me\u0111unarodnim loto rezultatima?","item":"https:\/\/onlinelotto365.com\/sr\/winning-numbers\/"},{"@type":"ListItem","position":3,"name":"Rezultati izvla\u010denja za Set for life"}]},{"@type":"WebSite","@id":"https:\/\/onlinelotto365.com\/sr\/#website","url":"https:\/\/onlinelotto365.com\/sr\/","name":"OnlineLotto365","description":"","potentialAction":[{"@type":"SearchAction","target":{"@type":"EntryPoint","urlTemplate":"https:\/\/onlinelotto365.com\/sr\/?s={search_term_string}"},"query-input":{"@type":"PropertyValueSpecification","valueRequired":true,"valueName":"search_term_string"}}],"inLanguage":"sr-RS"}]}},"_links":{"self":[{"href":"https:\/\/onlinelotto365.com\/sr\/wp-json\/wp\/v2\/pages\/84347","targetHints":{"allow":["GET"]}}],"collection":[{"href":"https:\/\/onlinelotto365.com\/sr\/wp-json\/wp\/v2\/pages"}],"about":[{"href":"https:\/\/onlinelotto365.com\/sr\/wp-json\/wp\/v2\/types\/page"}],"author":[{"embeddable":true,"href":"https:\/\/onlinelotto365.com\/sr\/wp-json\/wp\/v2\/users\/1"}],"replies":[{"embeddable":true,"href":"https:\/\/onlinelotto365.com\/sr\/wp-json\/wp\/v2\/comments?post=84347"}],"version-history":[{"count":0,"href":"https:\/\/onlinelotto365.com\/sr\/wp-json\/wp\/v2\/pages\/84347\/revisions"}],"up":[{"embeddable":true,"href":"https:\/\/onlinelotto365.com\/sr\/wp-json\/wp\/v2\/pages\/5859"}],"wp:attachment":[{"href":"https:\/\/onlinelotto365.com\/sr\/wp-json\/wp\/v2\/media?parent=84347"}],"curies":[{"name":"wp","href":"https:\/\/api.w.org\/{rel}","templated":true}]}}