{"id":84363,"date":"2023-10-03T06:14:51","date_gmt":"2023-10-03T05:14:51","guid":{"rendered":"https:\/\/onlinelotto365.com\/dobitni-brojevi\/najnoviji-dobitni-brojevi-za-mega-senu-iz-brazila"},"modified":"2023-10-03T06:14:51","modified_gmt":"2023-10-03T05:14:51","slug":"najnoviji-dobitni-brojevi-za-mega-senu-iz-brazila","status":"publish","type":"page","link":"https:\/\/onlinelotto365.com\/sr\/dobitni-brojevi\/najnoviji-dobitni-brojevi-za-mega-senu-iz-brazila\/","title":{"rendered":"Najnoviji dobitni brojevi za Mega-Senu iz Brazila"},"content":{"rendered":"<p>Postoji mnogo razli\u010ditih igara i \u017eelite da se uverite da \u0107ete \u0161to pre prona\u0107i dobitne brojeve. Pa, to je mogu\u0107e na nekoliko razli\u010ditih na\u010dina, ako znate gde da tra\u017eite. Dozvoljeni brojevi su ponekad dostupni u novinama ako \u017eivite u podru\u010dju gde se igra lokalna igra. To mo\u017ee zna\u010diti da rezultati Mega-Sene nisu dostupni u va\u0161em podru\u010dju. Tako\u0111e, neka podru\u010dja prikazuju dobitne brojeve na televiziji, \u0161to \u0107e se dogoditi samo ako \u017eivite u odre\u0111enim podru\u010djima.<\/p>\n<p>Druga opcija je da pogledate veb stranicu lutrije Mega-Sena da biste videli da li imaju emitovanje u\u017eivo kada se igra izvla\u010di. Ne sve igre to rade, ali za one koje to rade, to mo\u017ee biti uzbudljivo iskustvo za sve koji gledaju. Posebno ako ste zaista dobitnik i gledate kako se va\u0161i brojevi izvla\u010de.<\/p>\n<p>Tu je i opcija da odete na YouTube. Ponekad ljudi postavljaju u\u017eivo video zapise izvla\u010denja na mre\u017ei i mo\u017eda \u0107ete mo\u0107i da vidite najnovije izvla\u010denje Mega Sene.<img decoding=\"async\" class=\"aligncenter\" src=\"https:\/\/redfoxlotto.com\/image?size=8&amp;lottery=mega-sena\" alt=\"mega-sena\" \/><\/p>\n<p>Najlak\u0161i na\u010din da dobijete dobitne brojeve, me\u0111utim, bi\u0107e da posetite na\u0161u veb stranicu. Mo\u017eemo vam pru\u017eiti pristup svim dobitnim brojevima za Mega-Senu, kao i za bilo koju drugu igru koju \u017eelite, a koju imamo na raspolaganju. To \u0107e vam olak\u0161ati da prona\u0111ete rezultate koje \u017eelite.<\/p>\n<h2>Kako saznati da li je va\u0161a online ulaznica dobitna<\/h2>\n<p><img loading=\"lazy\" decoding=\"async\" class=\"alignright wp-image-3640\" src=\"https:\/\/onlinelotto365.com\/wp-content\/uploads\/2020\/11\/lottery_balls1-300x160.jpg\" alt=\"mega-sena results\" width=\"249\" height=\"133\" srcset=\"https:\/\/onlinelotto365.com\/wp-content\/uploads\/2020\/11\/lottery_balls1-300x160.jpg 300w, https:\/\/onlinelotto365.com\/wp-content\/uploads\/2020\/11\/lottery_balls1.jpg 472w\" sizes=\"auto, (max-width: 249px) 100vw, 249px\" \/><br \/>\n\u0160ta je jo\u0161 bolje je to da se mo\u017eete direktno prijaviti na svoj nalog i prona\u0107i rezultate bilo koje igre za koju ste kupili ulaznice. Samo idete na odeljak veb stranice gde su sme\u0161tene va\u0161e ulaznice i mo\u017eete prona\u0107i dobitne brojeve koji se odnose na te ulaznice.<\/p>\n<p>Tako\u0111e mo\u017eete videti koji dobitni brojevi se podudaraju sa va\u0161im trenutnim brojevima kako biste videli koliko ste ve\u0107 osvojili. Ako je manje od 2500 evra, mi \u0107emo se pobrinuti da vam taj novac uplatimo direktno na ra\u010dun kako biste mogli da ga po\u010dnete tro\u0161iti ili ga povu\u010dete na svoj vlastiti ra\u010dun. Sve \u0161to trebate da uradite je da se pobrinete da povu\u010dete novac na ra\u010dun koji ste ve\u0107 koristili kod nas.<\/p>\n<h2>Arhiva rezultata Mega-Sene<\/h2>\n<p>Za one koji \u017eele pristup starijim brojevima za Mega-Senu, trebali biste pa\u017eljivo pogledati stranice na internetu koje ve\u0107 nude najnovije brojeve. Tamo mo\u017eete prona\u0107i sve stare brojeve tako da se ne morate brinuti da \u0107ete propustiti neke od najboljih informacija za odabir va\u0161eg narednog niza brojeva.<\/p>\n","protected":false},"excerpt":{"rendered":"<p>Postoji mnogo razli\u010ditih igara i \u017eelite da se uverite da \u0107ete \u0161to pre prona\u0107i dobitne brojeve. Pa, to je mogu\u0107e na nekoliko razli\u010ditih na\u010dina, ako znate gde da tra\u017eite. Dozvoljeni brojevi su ponekad dostupni u novinama ako \u017eivite u podru\u010dju gde se igra lokalna igra. To mo\u017ee zna\u010diti da rezultati Mega-Sene nisu dostupni u va\u0161em [&hellip;]<\/p>\n","protected":false},"author":1,"featured_media":0,"parent":5859,"menu_order":12,"comment_status":"closed","ping_status":"closed","template":"megasena-results.php","meta":{"_et_pb_use_builder":"","_et_pb_old_content":"","_et_gb_content_width":"","exclude_from_search":false,"footnotes":""},"class_list":["post-84363","page","type-page","status-publish","hentry"],"yoast_head":"<!-- This site is optimized with the Yoast SEO plugin v23.4 - https:\/\/yoast.com\/wordpress\/plugins\/seo\/ -->\n<title>Najnoviji rezultati izvla\u010denja i nagrade za Mega-Senu su dostupni ovde: [Unesite rezultate i nagrade ovde]. Sre\u0107no!<\/title>\n<meta name=\"description\" content=\"Rezultati za Mega-Senu iz Brazila i mnoge druge svetske lutrije mogu se prona\u0107i ovde: [Unesite link za pronala\u017eenje rezultata].\" \/>\n<meta name=\"robots\" content=\"index, follow, max-snippet:-1, max-image-preview:large, max-video-preview:-1\" \/>\n<link rel=\"canonical\" href=\"https:\/\/onlinelotto365.com\/sr\/dobitni-brojevi\/najnoviji-dobitni-brojevi-za-mega-senu-iz-brazila\/\" \/>\n<meta property=\"og:locale\" content=\"sr_RS\" \/>\n<meta property=\"og:type\" content=\"article\" \/>\n<meta property=\"og:title\" content=\"Najnoviji rezultati izvla\u010denja i nagrade za Mega-Senu su dostupni ovde: [Unesite rezultate i nagrade ovde]. Sre\u0107no!\" \/>\n<meta property=\"og:description\" content=\"Rezultati za Mega-Senu iz Brazila i mnoge druge svetske lutrije mogu se prona\u0107i ovde: [Unesite link za pronala\u017eenje rezultata].\" \/>\n<meta property=\"og:url\" content=\"https:\/\/onlinelotto365.com\/sr\/dobitni-brojevi\/najnoviji-dobitni-brojevi-za-mega-senu-iz-brazila\/\" \/>\n<meta property=\"og:site_name\" content=\"OnlineLotto365\" \/>\n<meta property=\"og:image\" content=\"https:\/\/redfoxlotto.com\/image?size=8&amp;lottery=mega-sena\" \/>\n<meta name=\"twitter:card\" content=\"summary_large_image\" \/>\n<meta name=\"twitter:label1\" content=\"\u041f\u0440\u043e\u0446\u0435\u045a\u0435\u043d\u043e \u0432\u0440\u0435\u043c\u0435 \u0447\u0438\u0442\u0430\u045a\u0430\" \/>\n\t<meta name=\"twitter:data1\" content=\"2 \u043c\u0438\u043d\u0443\u0442\u0430\" \/>\n<script type=\"application\/ld+json\" class=\"yoast-schema-graph\">{\"@context\":\"https:\/\/schema.org\",\"@graph\":[{\"@type\":\"WebPage\",\"@id\":\"https:\/\/onlinelotto365.com\/sr\/dobitni-brojevi\/najnoviji-dobitni-brojevi-za-mega-senu-iz-brazila\/\",\"url\":\"https:\/\/onlinelotto365.com\/sr\/dobitni-brojevi\/najnoviji-dobitni-brojevi-za-mega-senu-iz-brazila\/\",\"name\":\"Najnoviji rezultati izvla\u010denja i nagrade za Mega-Senu su dostupni ovde: [Unesite rezultate i nagrade ovde]. Sre\u0107no!\",\"isPartOf\":{\"@id\":\"https:\/\/onlinelotto365.com\/sr\/#website\"},\"primaryImageOfPage\":{\"@id\":\"https:\/\/onlinelotto365.com\/sr\/dobitni-brojevi\/najnoviji-dobitni-brojevi-za-mega-senu-iz-brazila\/#primaryimage\"},\"image\":{\"@id\":\"https:\/\/onlinelotto365.com\/sr\/dobitni-brojevi\/najnoviji-dobitni-brojevi-za-mega-senu-iz-brazila\/#primaryimage\"},\"thumbnailUrl\":\"https:\/\/redfoxlotto.com\/image?size=8&amp;lottery=mega-sena\",\"datePublished\":\"2023-10-03T05:14:51+00:00\",\"dateModified\":\"2023-10-03T05:14:51+00:00\",\"description\":\"Rezultati za Mega-Senu iz Brazila i mnoge druge svetske lutrije mogu se prona\u0107i ovde: [Unesite link za pronala\u017eenje rezultata].\",\"breadcrumb\":{\"@id\":\"https:\/\/onlinelotto365.com\/sr\/dobitni-brojevi\/najnoviji-dobitni-brojevi-za-mega-senu-iz-brazila\/#breadcrumb\"},\"inLanguage\":\"sr-RS\",\"potentialAction\":[{\"@type\":\"ReadAction\",\"target\":[\"https:\/\/onlinelotto365.com\/sr\/dobitni-brojevi\/najnoviji-dobitni-brojevi-za-mega-senu-iz-brazila\/\"]}]},{\"@type\":\"ImageObject\",\"inLanguage\":\"sr-RS\",\"@id\":\"https:\/\/onlinelotto365.com\/sr\/dobitni-brojevi\/najnoviji-dobitni-brojevi-za-mega-senu-iz-brazila\/#primaryimage\",\"url\":\"https:\/\/redfoxlotto.com\/image?size=8&amp;lottery=mega-sena\",\"contentUrl\":\"https:\/\/redfoxlotto.com\/image?size=8&amp;lottery=mega-sena\"},{\"@type\":\"BreadcrumbList\",\"@id\":\"https:\/\/onlinelotto365.com\/sr\/dobitni-brojevi\/najnoviji-dobitni-brojevi-za-mega-senu-iz-brazila\/#breadcrumb\",\"itemListElement\":[{\"@type\":\"ListItem\",\"position\":1,\"name\":\"Home\",\"item\":\"https:\/\/onlinelotto365.com\/sr\/\"},{\"@type\":\"ListItem\",\"position\":2,\"name\":\"Tragate za me\u0111unarodnim loto rezultatima?\",\"item\":\"https:\/\/onlinelotto365.com\/sr\/winning-numbers\/\"},{\"@type\":\"ListItem\",\"position\":3,\"name\":\"Najnoviji dobitni brojevi za Mega-Senu iz Brazila\"}]},{\"@type\":\"WebSite\",\"@id\":\"https:\/\/onlinelotto365.com\/sr\/#website\",\"url\":\"https:\/\/onlinelotto365.com\/sr\/\",\"name\":\"OnlineLotto365\",\"description\":\"\",\"potentialAction\":[{\"@type\":\"SearchAction\",\"target\":{\"@type\":\"EntryPoint\",\"urlTemplate\":\"https:\/\/onlinelotto365.com\/sr\/?s={search_term_string}\"},\"query-input\":{\"@type\":\"PropertyValueSpecification\",\"valueRequired\":true,\"valueName\":\"search_term_string\"}}],\"inLanguage\":\"sr-RS\"}]}<\/script>\n<!-- \/ Yoast SEO plugin. -->","yoast_head_json":{"title":"Najnoviji rezultati izvla\u010denja i nagrade za Mega-Senu su dostupni ovde: [Unesite rezultate i nagrade ovde]. Sre\u0107no!","description":"Rezultati za Mega-Senu iz Brazila i mnoge druge svetske lutrije mogu se prona\u0107i ovde: [Unesite link za pronala\u017eenje rezultata].","robots":{"index":"index","follow":"follow","max-snippet":"max-snippet:-1","max-image-preview":"max-image-preview:large","max-video-preview":"max-video-preview:-1"},"canonical":"https:\/\/onlinelotto365.com\/sr\/dobitni-brojevi\/najnoviji-dobitni-brojevi-za-mega-senu-iz-brazila\/","og_locale":"sr_RS","og_type":"article","og_title":"Najnoviji rezultati izvla\u010denja i nagrade za Mega-Senu su dostupni ovde: [Unesite rezultate i nagrade ovde]. Sre\u0107no!","og_description":"Rezultati za Mega-Senu iz Brazila i mnoge druge svetske lutrije mogu se prona\u0107i ovde: [Unesite link za pronala\u017eenje rezultata].","og_url":"https:\/\/onlinelotto365.com\/sr\/dobitni-brojevi\/najnoviji-dobitni-brojevi-za-mega-senu-iz-brazila\/","og_site_name":"OnlineLotto365","og_image":[{"url":"https:\/\/redfoxlotto.com\/image?size=8&amp;lottery=mega-sena"}],"twitter_card":"summary_large_image","twitter_misc":{"\u041f\u0440\u043e\u0446\u0435\u045a\u0435\u043d\u043e \u0432\u0440\u0435\u043c\u0435 \u0447\u0438\u0442\u0430\u045a\u0430":"2 \u043c\u0438\u043d\u0443\u0442\u0430"},"schema":{"@context":"https:\/\/schema.org","@graph":[{"@type":"WebPage","@id":"https:\/\/onlinelotto365.com\/sr\/dobitni-brojevi\/najnoviji-dobitni-brojevi-za-mega-senu-iz-brazila\/","url":"https:\/\/onlinelotto365.com\/sr\/dobitni-brojevi\/najnoviji-dobitni-brojevi-za-mega-senu-iz-brazila\/","name":"Najnoviji rezultati izvla\u010denja i nagrade za Mega-Senu su dostupni ovde: [Unesite rezultate i nagrade ovde]. Sre\u0107no!","isPartOf":{"@id":"https:\/\/onlinelotto365.com\/sr\/#website"},"primaryImageOfPage":{"@id":"https:\/\/onlinelotto365.com\/sr\/dobitni-brojevi\/najnoviji-dobitni-brojevi-za-mega-senu-iz-brazila\/#primaryimage"},"image":{"@id":"https:\/\/onlinelotto365.com\/sr\/dobitni-brojevi\/najnoviji-dobitni-brojevi-za-mega-senu-iz-brazila\/#primaryimage"},"thumbnailUrl":"https:\/\/redfoxlotto.com\/image?size=8&amp;lottery=mega-sena","datePublished":"2023-10-03T05:14:51+00:00","dateModified":"2023-10-03T05:14:51+00:00","description":"Rezultati za Mega-Senu iz Brazila i mnoge druge svetske lutrije mogu se prona\u0107i ovde: [Unesite link za pronala\u017eenje rezultata].","breadcrumb":{"@id":"https:\/\/onlinelotto365.com\/sr\/dobitni-brojevi\/najnoviji-dobitni-brojevi-za-mega-senu-iz-brazila\/#breadcrumb"},"inLanguage":"sr-RS","potentialAction":[{"@type":"ReadAction","target":["https:\/\/onlinelotto365.com\/sr\/dobitni-brojevi\/najnoviji-dobitni-brojevi-za-mega-senu-iz-brazila\/"]}]},{"@type":"ImageObject","inLanguage":"sr-RS","@id":"https:\/\/onlinelotto365.com\/sr\/dobitni-brojevi\/najnoviji-dobitni-brojevi-za-mega-senu-iz-brazila\/#primaryimage","url":"https:\/\/redfoxlotto.com\/image?size=8&amp;lottery=mega-sena","contentUrl":"https:\/\/redfoxlotto.com\/image?size=8&amp;lottery=mega-sena"},{"@type":"BreadcrumbList","@id":"https:\/\/onlinelotto365.com\/sr\/dobitni-brojevi\/najnoviji-dobitni-brojevi-za-mega-senu-iz-brazila\/#breadcrumb","itemListElement":[{"@type":"ListItem","position":1,"name":"Home","item":"https:\/\/onlinelotto365.com\/sr\/"},{"@type":"ListItem","position":2,"name":"Tragate za me\u0111unarodnim loto rezultatima?","item":"https:\/\/onlinelotto365.com\/sr\/winning-numbers\/"},{"@type":"ListItem","position":3,"name":"Najnoviji dobitni brojevi za Mega-Senu iz Brazila"}]},{"@type":"WebSite","@id":"https:\/\/onlinelotto365.com\/sr\/#website","url":"https:\/\/onlinelotto365.com\/sr\/","name":"OnlineLotto365","description":"","potentialAction":[{"@type":"SearchAction","target":{"@type":"EntryPoint","urlTemplate":"https:\/\/onlinelotto365.com\/sr\/?s={search_term_string}"},"query-input":{"@type":"PropertyValueSpecification","valueRequired":true,"valueName":"search_term_string"}}],"inLanguage":"sr-RS"}]}},"_links":{"self":[{"href":"https:\/\/onlinelotto365.com\/sr\/wp-json\/wp\/v2\/pages\/84363","targetHints":{"allow":["GET"]}}],"collection":[{"href":"https:\/\/onlinelotto365.com\/sr\/wp-json\/wp\/v2\/pages"}],"about":[{"href":"https:\/\/onlinelotto365.com\/sr\/wp-json\/wp\/v2\/types\/page"}],"author":[{"embeddable":true,"href":"https:\/\/onlinelotto365.com\/sr\/wp-json\/wp\/v2\/users\/1"}],"replies":[{"embeddable":true,"href":"https:\/\/onlinelotto365.com\/sr\/wp-json\/wp\/v2\/comments?post=84363"}],"version-history":[{"count":0,"href":"https:\/\/onlinelotto365.com\/sr\/wp-json\/wp\/v2\/pages\/84363\/revisions"}],"up":[{"embeddable":true,"href":"https:\/\/onlinelotto365.com\/sr\/wp-json\/wp\/v2\/pages\/5859"}],"wp:attachment":[{"href":"https:\/\/onlinelotto365.com\/sr\/wp-json\/wp\/v2\/media?parent=84363"}],"curies":[{"name":"wp","href":"https:\/\/api.w.org\/{rel}","templated":true}]}}