{"id":84370,"date":"2023-10-03T06:47:43","date_gmt":"2023-10-03T05:47:43","guid":{"rendered":"https:\/\/onlinelotto365.com\/dobitni-brojevi\/powerball-australija-najnoviji-i-prethodni-dobitni-brojevi-rezultati"},"modified":"2023-10-03T06:47:43","modified_gmt":"2023-10-03T05:47:43","slug":"powerball-australija-najnoviji-i-prethodni-dobitni-brojevi-rezultati","status":"publish","type":"page","link":"https:\/\/onlinelotto365.com\/sr\/dobitni-brojevi\/powerball-australija-najnoviji-i-prethodni-dobitni-brojevi-rezultati\/","title":{"rendered":"Powerball Australija &#8211; najnoviji i prethodni dobitni brojevi, rezultati"},"content":{"rendered":"<p>Sa me\u0111unarodnim lutrijama, mo\u017eete poku\u0161ati proveriti rezultate u novinama, ali malo je verovatno da \u0107ete prona\u0107i dobitne brojeve za Powerball Australiju u lokalnim novinama. Tako\u0111e, mo\u017eda ih ne\u0107ete prona\u0107i ni na jednom od lokalnih TV kanala. Ako ih i prona\u0111ete, treba\u0107e vam vreme i trud da prona\u0111ete pravi kanal.<\/p>\n<p>Druga opcija je da proverite veb sajt Powerball Australije da biste videli nude li opciju u\u017eivo emitovanja izvla\u010denja. Ako nude, mo\u017eete pratiti izvla\u010denje u\u017eivo i potpuno u\u017eivati u tome da vidite kako se izvla\u010de va\u0161i brojevi. Me\u0111utim, ne sve igre nude ovu opciju, pa biste mogli propustiti tu priliku.<\/p>\n<p>Tako\u0111e mo\u017eete pogledati na YouTube da vidite ima li snimka u\u017eivo izvla\u010denja za Powerball Australiju. Ovo mo\u017ee biti dobar na\u010din da prona\u0111ete rezultate nakon \u0161to je izvla\u010denje zavr\u0161eno.<img decoding=\"async\" class=\"aligncenter\" src=\"https:\/\/redfoxlotto.com\/image?size=8&amp;lottery=powerball-au\" alt=\"Powerball Australija\" \/><\/p>\n<p>Najbolji na\u010din da saznate rezultate Powerball Australije, me\u0111utim, jeste da posetite na\u0161 veb sajt. Tamo \u0107ete mo\u0107i prona\u0107i rezultate za ovu i bilo koju drugu igru koju imamo dostupnu, tako da ne morate brinuti o propu\u0161tanju bilo \u010dega.<\/p>\n<h2>Kako saznati da li je va\u0161a online sre\u0107ka dobitna<\/h2>\n<p>\u0160ta ako ve\u0107 imate svoje sre\u0107ke za Powerball Australiju? Pa, tada je jo\u0161 lak\u0161e da proverite dobitne brojeve. Umesto da proveravate stranicu sa redovnim rezultatima lutrije, mo\u017eete proveriti stranicu sa sre\u0107kama na svom nalogu. To \u0107e vam omogu\u0107iti da vidite dobitne brojeve u pore\u0111enju sa va\u0161im, \u0161to \u0107e biti jo\u0161 bolje za va\u0161e potrebe.<\/p>\n<p>Mo\u017eete potra\u017eiti brojeve na svojoj sre\u0107ki koji su ozna\u010deni, \u0161to zna\u010di da se podudaraju sa dobitnim brojevima. Zatim mo\u017eete videti koliko ste ta\u010dno osvojili. I ako je manje od 2500 evra, bi\u0107e vam odmah pripisano na va\u0161 nalog.<\/p>\n<h2>Arhiva rezultata Powerball Australije<\/h2>\n<p>Na na\u0161em veb sajtu olak\u0161avamo vam proveru ne samo trenutnih brojeva lutrije za Powerball Australiju i vi\u0161e, ve\u0107 i starih brojeva. Jedan od najpopularnijih na\u010dina na koje ljudi biraju svoje brojeve jeste da pogledaju neke od starih brojeva, pa se brinemo da te brojeve mo\u017eete prona\u0107i na bilo kojoj stranici na kojoj nudimo trenutne dobitne brojeve.<\/p>\n<h2>Moja sre\u0107ka je dobitna, \u0161ta se de\u0161ava dalje?<\/h2>\n<p>Ako je va\u0161a sre\u0107ka dobitna, samo se opustite i pustite nas da vam pomognemo da dobijete novac na koji imate pravo. Ako ste osvojili manje od 2500 evra, bi\u0107e vam pripisano na va\u0161 igra\u010dki nalog \u010dim se rezultati potvrde. Zatim \u0107ete mo\u0107i povu\u0107i novac dokle god ima 10 evra na va\u0161em nalogu.<\/p>\n","protected":false},"excerpt":{"rendered":"<p>Sa me\u0111unarodnim lutrijama, mo\u017eete poku\u0161ati proveriti rezultate u novinama, ali malo je verovatno da \u0107ete prona\u0107i dobitne brojeve za Powerball Australiju u lokalnim novinama. Tako\u0111e, mo\u017eda ih ne\u0107ete prona\u0107i ni na jednom od lokalnih TV kanala. Ako ih i prona\u0111ete, treba\u0107e vam vreme i trud da prona\u0111ete pravi kanal. Druga opcija je da proverite veb [&hellip;]<\/p>\n","protected":false},"author":1,"featured_media":0,"parent":5859,"menu_order":13,"comment_status":"closed","ping_status":"closed","template":"powerball-au-results.php","meta":{"_et_pb_use_builder":"","_et_pb_old_content":"","_et_gb_content_width":"","exclude_from_search":false,"footnotes":""},"class_list":["post-84370","page","type-page","status-publish","hentry"],"yoast_head":"<!-- This site is optimized with the Yoast SEO plugin v23.4 - https:\/\/yoast.com\/wordpress\/plugins\/seo\/ -->\n<title>Najnoviji i prethodni rezultati izvla\u010denja i dobitni brojevi za Powerball Australiju<\/title>\n<meta name=\"description\" content=\"Objavljujemo dobitne brojeve za Powerball Australiju odmah nakon izvla\u010denja.\" \/>\n<meta name=\"robots\" content=\"index, follow, max-snippet:-1, max-image-preview:large, max-video-preview:-1\" \/>\n<link rel=\"canonical\" href=\"https:\/\/onlinelotto365.com\/sr\/dobitni-brojevi\/powerball-australija-najnoviji-i-prethodni-dobitni-brojevi-rezultati\/\" \/>\n<meta property=\"og:locale\" content=\"sr_RS\" \/>\n<meta property=\"og:type\" content=\"article\" \/>\n<meta property=\"og:title\" content=\"Najnoviji i prethodni rezultati izvla\u010denja i dobitni brojevi za Powerball Australiju\" \/>\n<meta property=\"og:description\" content=\"Objavljujemo dobitne brojeve za Powerball Australiju odmah nakon izvla\u010denja.\" \/>\n<meta property=\"og:url\" content=\"https:\/\/onlinelotto365.com\/sr\/dobitni-brojevi\/powerball-australija-najnoviji-i-prethodni-dobitni-brojevi-rezultati\/\" \/>\n<meta property=\"og:site_name\" content=\"OnlineLotto365\" \/>\n<meta property=\"og:image\" content=\"https:\/\/redfoxlotto.com\/image?size=8&amp;lottery=powerball-au\" \/>\n<meta name=\"twitter:card\" content=\"summary_large_image\" \/>\n<meta name=\"twitter:label1\" content=\"\u041f\u0440\u043e\u0446\u0435\u045a\u0435\u043d\u043e \u0432\u0440\u0435\u043c\u0435 \u0447\u0438\u0442\u0430\u045a\u0430\" \/>\n\t<meta name=\"twitter:data1\" content=\"2 \u043c\u0438\u043d\u0443\u0442\u0430\" \/>\n<script type=\"application\/ld+json\" class=\"yoast-schema-graph\">{\"@context\":\"https:\/\/schema.org\",\"@graph\":[{\"@type\":\"WebPage\",\"@id\":\"https:\/\/onlinelotto365.com\/sr\/dobitni-brojevi\/powerball-australija-najnoviji-i-prethodni-dobitni-brojevi-rezultati\/\",\"url\":\"https:\/\/onlinelotto365.com\/sr\/dobitni-brojevi\/powerball-australija-najnoviji-i-prethodni-dobitni-brojevi-rezultati\/\",\"name\":\"Najnoviji i prethodni rezultati izvla\u010denja i dobitni brojevi za Powerball Australiju\",\"isPartOf\":{\"@id\":\"https:\/\/onlinelotto365.com\/sr\/#website\"},\"primaryImageOfPage\":{\"@id\":\"https:\/\/onlinelotto365.com\/sr\/dobitni-brojevi\/powerball-australija-najnoviji-i-prethodni-dobitni-brojevi-rezultati\/#primaryimage\"},\"image\":{\"@id\":\"https:\/\/onlinelotto365.com\/sr\/dobitni-brojevi\/powerball-australija-najnoviji-i-prethodni-dobitni-brojevi-rezultati\/#primaryimage\"},\"thumbnailUrl\":\"https:\/\/redfoxlotto.com\/image?size=8&amp;lottery=powerball-au\",\"datePublished\":\"2023-10-03T05:47:43+00:00\",\"dateModified\":\"2023-10-03T05:47:43+00:00\",\"description\":\"Objavljujemo dobitne brojeve za Powerball Australiju odmah nakon izvla\u010denja.\",\"breadcrumb\":{\"@id\":\"https:\/\/onlinelotto365.com\/sr\/dobitni-brojevi\/powerball-australija-najnoviji-i-prethodni-dobitni-brojevi-rezultati\/#breadcrumb\"},\"inLanguage\":\"sr-RS\",\"potentialAction\":[{\"@type\":\"ReadAction\",\"target\":[\"https:\/\/onlinelotto365.com\/sr\/dobitni-brojevi\/powerball-australija-najnoviji-i-prethodni-dobitni-brojevi-rezultati\/\"]}]},{\"@type\":\"ImageObject\",\"inLanguage\":\"sr-RS\",\"@id\":\"https:\/\/onlinelotto365.com\/sr\/dobitni-brojevi\/powerball-australija-najnoviji-i-prethodni-dobitni-brojevi-rezultati\/#primaryimage\",\"url\":\"https:\/\/redfoxlotto.com\/image?size=8&amp;lottery=powerball-au\",\"contentUrl\":\"https:\/\/redfoxlotto.com\/image?size=8&amp;lottery=powerball-au\"},{\"@type\":\"BreadcrumbList\",\"@id\":\"https:\/\/onlinelotto365.com\/sr\/dobitni-brojevi\/powerball-australija-najnoviji-i-prethodni-dobitni-brojevi-rezultati\/#breadcrumb\",\"itemListElement\":[{\"@type\":\"ListItem\",\"position\":1,\"name\":\"Home\",\"item\":\"https:\/\/onlinelotto365.com\/sr\/\"},{\"@type\":\"ListItem\",\"position\":2,\"name\":\"Tragate za me\u0111unarodnim loto rezultatima?\",\"item\":\"https:\/\/onlinelotto365.com\/sr\/winning-numbers\/\"},{\"@type\":\"ListItem\",\"position\":3,\"name\":\"Powerball Australija &#8211; najnoviji i prethodni dobitni brojevi, rezultati\"}]},{\"@type\":\"WebSite\",\"@id\":\"https:\/\/onlinelotto365.com\/sr\/#website\",\"url\":\"https:\/\/onlinelotto365.com\/sr\/\",\"name\":\"OnlineLotto365\",\"description\":\"\",\"potentialAction\":[{\"@type\":\"SearchAction\",\"target\":{\"@type\":\"EntryPoint\",\"urlTemplate\":\"https:\/\/onlinelotto365.com\/sr\/?s={search_term_string}\"},\"query-input\":{\"@type\":\"PropertyValueSpecification\",\"valueRequired\":true,\"valueName\":\"search_term_string\"}}],\"inLanguage\":\"sr-RS\"}]}<\/script>\n<!-- \/ Yoast SEO plugin. -->","yoast_head_json":{"title":"Najnoviji i prethodni rezultati izvla\u010denja i dobitni brojevi za Powerball Australiju","description":"Objavljujemo dobitne brojeve za Powerball Australiju odmah nakon izvla\u010denja.","robots":{"index":"index","follow":"follow","max-snippet":"max-snippet:-1","max-image-preview":"max-image-preview:large","max-video-preview":"max-video-preview:-1"},"canonical":"https:\/\/onlinelotto365.com\/sr\/dobitni-brojevi\/powerball-australija-najnoviji-i-prethodni-dobitni-brojevi-rezultati\/","og_locale":"sr_RS","og_type":"article","og_title":"Najnoviji i prethodni rezultati izvla\u010denja i dobitni brojevi za Powerball Australiju","og_description":"Objavljujemo dobitne brojeve za Powerball Australiju odmah nakon izvla\u010denja.","og_url":"https:\/\/onlinelotto365.com\/sr\/dobitni-brojevi\/powerball-australija-najnoviji-i-prethodni-dobitni-brojevi-rezultati\/","og_site_name":"OnlineLotto365","og_image":[{"url":"https:\/\/redfoxlotto.com\/image?size=8&amp;lottery=powerball-au"}],"twitter_card":"summary_large_image","twitter_misc":{"\u041f\u0440\u043e\u0446\u0435\u045a\u0435\u043d\u043e \u0432\u0440\u0435\u043c\u0435 \u0447\u0438\u0442\u0430\u045a\u0430":"2 \u043c\u0438\u043d\u0443\u0442\u0430"},"schema":{"@context":"https:\/\/schema.org","@graph":[{"@type":"WebPage","@id":"https:\/\/onlinelotto365.com\/sr\/dobitni-brojevi\/powerball-australija-najnoviji-i-prethodni-dobitni-brojevi-rezultati\/","url":"https:\/\/onlinelotto365.com\/sr\/dobitni-brojevi\/powerball-australija-najnoviji-i-prethodni-dobitni-brojevi-rezultati\/","name":"Najnoviji i prethodni rezultati izvla\u010denja i dobitni brojevi za Powerball Australiju","isPartOf":{"@id":"https:\/\/onlinelotto365.com\/sr\/#website"},"primaryImageOfPage":{"@id":"https:\/\/onlinelotto365.com\/sr\/dobitni-brojevi\/powerball-australija-najnoviji-i-prethodni-dobitni-brojevi-rezultati\/#primaryimage"},"image":{"@id":"https:\/\/onlinelotto365.com\/sr\/dobitni-brojevi\/powerball-australija-najnoviji-i-prethodni-dobitni-brojevi-rezultati\/#primaryimage"},"thumbnailUrl":"https:\/\/redfoxlotto.com\/image?size=8&amp;lottery=powerball-au","datePublished":"2023-10-03T05:47:43+00:00","dateModified":"2023-10-03T05:47:43+00:00","description":"Objavljujemo dobitne brojeve za Powerball Australiju odmah nakon izvla\u010denja.","breadcrumb":{"@id":"https:\/\/onlinelotto365.com\/sr\/dobitni-brojevi\/powerball-australija-najnoviji-i-prethodni-dobitni-brojevi-rezultati\/#breadcrumb"},"inLanguage":"sr-RS","potentialAction":[{"@type":"ReadAction","target":["https:\/\/onlinelotto365.com\/sr\/dobitni-brojevi\/powerball-australija-najnoviji-i-prethodni-dobitni-brojevi-rezultati\/"]}]},{"@type":"ImageObject","inLanguage":"sr-RS","@id":"https:\/\/onlinelotto365.com\/sr\/dobitni-brojevi\/powerball-australija-najnoviji-i-prethodni-dobitni-brojevi-rezultati\/#primaryimage","url":"https:\/\/redfoxlotto.com\/image?size=8&amp;lottery=powerball-au","contentUrl":"https:\/\/redfoxlotto.com\/image?size=8&amp;lottery=powerball-au"},{"@type":"BreadcrumbList","@id":"https:\/\/onlinelotto365.com\/sr\/dobitni-brojevi\/powerball-australija-najnoviji-i-prethodni-dobitni-brojevi-rezultati\/#breadcrumb","itemListElement":[{"@type":"ListItem","position":1,"name":"Home","item":"https:\/\/onlinelotto365.com\/sr\/"},{"@type":"ListItem","position":2,"name":"Tragate za me\u0111unarodnim loto rezultatima?","item":"https:\/\/onlinelotto365.com\/sr\/winning-numbers\/"},{"@type":"ListItem","position":3,"name":"Powerball Australija &#8211; najnoviji i prethodni dobitni brojevi, rezultati"}]},{"@type":"WebSite","@id":"https:\/\/onlinelotto365.com\/sr\/#website","url":"https:\/\/onlinelotto365.com\/sr\/","name":"OnlineLotto365","description":"","potentialAction":[{"@type":"SearchAction","target":{"@type":"EntryPoint","urlTemplate":"https:\/\/onlinelotto365.com\/sr\/?s={search_term_string}"},"query-input":{"@type":"PropertyValueSpecification","valueRequired":true,"valueName":"search_term_string"}}],"inLanguage":"sr-RS"}]}},"_links":{"self":[{"href":"https:\/\/onlinelotto365.com\/sr\/wp-json\/wp\/v2\/pages\/84370","targetHints":{"allow":["GET"]}}],"collection":[{"href":"https:\/\/onlinelotto365.com\/sr\/wp-json\/wp\/v2\/pages"}],"about":[{"href":"https:\/\/onlinelotto365.com\/sr\/wp-json\/wp\/v2\/types\/page"}],"author":[{"embeddable":true,"href":"https:\/\/onlinelotto365.com\/sr\/wp-json\/wp\/v2\/users\/1"}],"replies":[{"embeddable":true,"href":"https:\/\/onlinelotto365.com\/sr\/wp-json\/wp\/v2\/comments?post=84370"}],"version-history":[{"count":0,"href":"https:\/\/onlinelotto365.com\/sr\/wp-json\/wp\/v2\/pages\/84370\/revisions"}],"up":[{"embeddable":true,"href":"https:\/\/onlinelotto365.com\/sr\/wp-json\/wp\/v2\/pages\/5859"}],"wp:attachment":[{"href":"https:\/\/onlinelotto365.com\/sr\/wp-json\/wp\/v2\/media?parent=84370"}],"curies":[{"name":"wp","href":"https:\/\/api.w.org\/{rel}","templated":true}]}}