{"id":84377,"date":"2023-10-03T07:23:59","date_gmt":"2023-10-03T06:23:59","guid":{"rendered":"https:\/\/onlinelotto365.com\/dobitni-brojevi\/dobitni-brojevi-iz-oz-lota"},"modified":"2023-10-03T07:23:59","modified_gmt":"2023-10-03T06:23:59","slug":"dobitni-brojevi-iz-oz-lota","status":"publish","type":"page","link":"https:\/\/onlinelotto365.com\/sr\/dobitni-brojevi\/dobitni-brojevi-iz-oz-lota\/","title":{"rendered":"Dobitni brojevi iz Oz Lota"},"content":{"rendered":"<p>Postoji mnogo internacionalnih opcija za lutriju dostupnih na na\u0161em sajtu i kada igrate ove igre, \u017eelite biti sigurni da mo\u017eete proveriti dobitne brojeve. Jedan na\u010din je putem novina, ali pronala\u017eenje rezultata Oz Lota u novinama mo\u017ee biti te\u0161ko. Druga opcija je putem televizije, ali pronala\u017eenje pravog kanala za pra\u0107enje izvla\u010denja ili pregled rezultata tako\u0111e mo\u017ee biti te\u017eak zadatak za ve\u0107inu ljudi.<img decoding=\"async\" class=\"aligncenter\" src=\"https:\/\/redfoxlotto.com\/image?size=8&amp;lottery=oz-lotto\" alt=\"Oz Lotto\" \/><\/p>\n<p>Zatim mo\u017eete proveriti zvani\u010dni sajt Oz Lota i videti da li tamo mo\u017eete dobiti rezultate. Neki sajtovi vam omogu\u0107avaju da pratite izvla\u010denje u\u017eivo na njihovom sajtu. Me\u0111utim, imajte na umu da ovo nije mogu\u0107e sa svim lutrijskim igrama i mo\u017eda \u0107ete ostati bez te prilike.<\/p>\n<p>Nakon \u0161to se izvla\u010denje odr\u017ei, ponekad mo\u017eete pretra\u017eiti YouTube za rezultate poslednjeg izvla\u010denja Oz Lota. Iako ovo nije uvek dostupno, ponekad \u0107e neko postaviti video izvla\u010denja ili brojeva u\u017eivo.<\/p>\n<p>Najbolja stvar koju mo\u017eete u\u010diniti, ako \u017eelite dobiti najnovije dobitne brojeve, jeste da posetite na\u0161 sajt i na\u0161u stranicu sa rezultatima lutrije. Tu objavljujemo rezultate svake lutrije koju mo\u017eete kupiti na na\u0161em sajtu, tako da znate gde da tra\u017eite.<\/p>\n<h2>Kako saznati da li je va\u0161a online sre\u0107ka dobitna<\/h2>\n<p><img loading=\"lazy\" decoding=\"async\" class=\"alignright wp-image-3624\" src=\"https:\/\/onlinelotto365.com\/wp-content\/uploads\/2020\/11\/online_lottery-74-200x300.jpg\" alt=\"Ovde su dobitni brojevi Oz Lota\" width=\"123\" height=\"185\" srcset=\"https:\/\/onlinelotto365.com\/wp-content\/uploads\/2020\/11\/online_lottery-74-200x300.jpg 200w, https:\/\/onlinelotto365.com\/wp-content\/uploads\/2020\/11\/online_lottery-74.jpg 320w\" sizes=\"auto, (max-width: 123px) 100vw, 123px\" \/><br \/>\nZa one koji su kupili ulaznice za bilo koju od igara koje nudimo, mogu se prijaviti na svoj nalog i oti\u0107i na stranicu na kojoj se \u010duvaju njihove ulaznice. Ova stranica \u0107e vam pru\u017eiti sve informacije koje su vam potrebne. Mo\u0107i \u0107ete videti svoje lutrijske ulaznice, kao i dobitne brojeve. Ako imate sre\u0107e i poklope vam se neki brojevi, tako\u0111e \u0107ete videti brojeve koji se poklapaju ozna\u010deni na va\u0161em ekranu. Mo\u017eete proveriti broj poklapanja i koju nagradu ste osvojili. Ako je manje od \u20ac2500, mo\u017eete proveriti svoj nalog i prona\u0107i ga u svom korisni\u010dkom nalogu \u010dim budu verifikovani rezultati.<\/p>\n<h2>Arhiva rezultata Oz Lota<\/h2>\n<p>Za one koji \u017eele da pregledaju starije brojeve iz Oz Lota ili drugih lutrijskih igara, lako mo\u017eete prona\u0107i arhive povezane sa svakom stranicom na kojoj su prikazani trenutni brojevi. Ovo vam olak\u0161ava pronala\u017eenje brojeva koje tra\u017eite kako biste vam pomogli u budu\u0107em izboru.<\/p>\n<h2>Moja sre\u0107ka je pobedila, \u0161ta se de\u0161ava slede\u0107e?<\/h2>\n<p>Ve\u0107 smo razgovarali o tome kako mo\u017eete dobiti svoj dobitak ako se va\u0161a ulaznica poklopi sa dobitnim brojevima, ali hajde da malo detaljnije pogledamo. Ako imate ulaznicu vrednu manje od \u20ac2500, novac \u0107e vam automatski biti dodat na va\u0161 korisni\u010dki nalog \u010dim se verifikuju dobitni brojevi.<\/p>\n<p>Zatim, ako imate najmanje \u20ac10 na svom korisni\u010dkom nalogu, mo\u017eete povu\u0107i taj novac koriste\u0107i bilo koji metod pla\u0107anja koji ste ve\u0107 koristili na svom nalogu. Samo treba da popunite nekoliko obrazaca kako biste verifikovali svoj identitet i va\u0161 novac \u0107e biti na va\u0161em ra\u010dunu u trenutku. Ili ga mo\u017eete ostaviti gde je i koristiti ga da kupite jo\u0161 ulaznica kasnije.<\/p>\n","protected":false},"excerpt":{"rendered":"<p>Postoji mnogo internacionalnih opcija za lutriju dostupnih na na\u0161em sajtu i kada igrate ove igre, \u017eelite biti sigurni da mo\u017eete proveriti dobitne brojeve. Jedan na\u010din je putem novina, ali pronala\u017eenje rezultata Oz Lota u novinama mo\u017ee biti te\u0161ko. Druga opcija je putem televizije, ali pronala\u017eenje pravog kanala za pra\u0107enje izvla\u010denja ili pregled rezultata tako\u0111e mo\u017ee [&hellip;]<\/p>\n","protected":false},"author":1,"featured_media":0,"parent":5859,"menu_order":14,"comment_status":"closed","ping_status":"closed","template":"template-rightsidebar.php","meta":{"_et_pb_use_builder":"","_et_pb_old_content":"","_et_gb_content_width":"","exclude_from_search":false,"footnotes":""},"class_list":["post-84377","page","type-page","status-publish","hentry"],"yoast_head":"<!-- This site is optimized with the Yoast SEO plugin v23.4 - https:\/\/yoast.com\/wordpress\/plugins\/seo\/ -->\n<title>Evo rezultata izvla\u010denja i nagrada za Oz Lotto<\/title>\n<meta name=\"description\" content=\"Tra\u017eite rezultate izvla\u010denja Oz Lotto? Evo dobitnih brojeva:\" \/>\n<meta name=\"robots\" content=\"index, follow, max-snippet:-1, max-image-preview:large, max-video-preview:-1\" \/>\n<link rel=\"canonical\" href=\"https:\/\/onlinelotto365.com\/sr\/dobitni-brojevi\/dobitni-brojevi-iz-oz-lota\/\" \/>\n<meta property=\"og:locale\" content=\"sr_RS\" \/>\n<meta property=\"og:type\" content=\"article\" \/>\n<meta property=\"og:title\" content=\"Evo rezultata izvla\u010denja i nagrada za Oz Lotto\" \/>\n<meta property=\"og:description\" content=\"Tra\u017eite rezultate izvla\u010denja Oz Lotto? Evo dobitnih brojeva:\" \/>\n<meta property=\"og:url\" content=\"https:\/\/onlinelotto365.com\/sr\/dobitni-brojevi\/dobitni-brojevi-iz-oz-lota\/\" \/>\n<meta property=\"og:site_name\" content=\"OnlineLotto365\" \/>\n<meta property=\"og:image\" content=\"https:\/\/redfoxlotto.com\/image?size=8&amp;lottery=oz-lotto\" \/>\n<meta name=\"twitter:card\" content=\"summary_large_image\" \/>\n<meta name=\"twitter:label1\" content=\"\u041f\u0440\u043e\u0446\u0435\u045a\u0435\u043d\u043e \u0432\u0440\u0435\u043c\u0435 \u0447\u0438\u0442\u0430\u045a\u0430\" \/>\n\t<meta name=\"twitter:data1\" content=\"3 \u043c\u0438\u043d\u0443\u0442\u0430\" \/>\n<script type=\"application\/ld+json\" class=\"yoast-schema-graph\">{\"@context\":\"https:\/\/schema.org\",\"@graph\":[{\"@type\":\"WebPage\",\"@id\":\"https:\/\/onlinelotto365.com\/sr\/dobitni-brojevi\/dobitni-brojevi-iz-oz-lota\/\",\"url\":\"https:\/\/onlinelotto365.com\/sr\/dobitni-brojevi\/dobitni-brojevi-iz-oz-lota\/\",\"name\":\"Evo rezultata izvla\u010denja i nagrada za Oz Lotto\",\"isPartOf\":{\"@id\":\"https:\/\/onlinelotto365.com\/sr\/#website\"},\"primaryImageOfPage\":{\"@id\":\"https:\/\/onlinelotto365.com\/sr\/dobitni-brojevi\/dobitni-brojevi-iz-oz-lota\/#primaryimage\"},\"image\":{\"@id\":\"https:\/\/onlinelotto365.com\/sr\/dobitni-brojevi\/dobitni-brojevi-iz-oz-lota\/#primaryimage\"},\"thumbnailUrl\":\"https:\/\/redfoxlotto.com\/image?size=8&amp;lottery=oz-lotto\",\"datePublished\":\"2023-10-03T06:23:59+00:00\",\"dateModified\":\"2023-10-03T06:23:59+00:00\",\"description\":\"Tra\u017eite rezultate izvla\u010denja Oz Lotto? Evo dobitnih brojeva:\",\"breadcrumb\":{\"@id\":\"https:\/\/onlinelotto365.com\/sr\/dobitni-brojevi\/dobitni-brojevi-iz-oz-lota\/#breadcrumb\"},\"inLanguage\":\"sr-RS\",\"potentialAction\":[{\"@type\":\"ReadAction\",\"target\":[\"https:\/\/onlinelotto365.com\/sr\/dobitni-brojevi\/dobitni-brojevi-iz-oz-lota\/\"]}]},{\"@type\":\"ImageObject\",\"inLanguage\":\"sr-RS\",\"@id\":\"https:\/\/onlinelotto365.com\/sr\/dobitni-brojevi\/dobitni-brojevi-iz-oz-lota\/#primaryimage\",\"url\":\"https:\/\/redfoxlotto.com\/image?size=8&amp;lottery=oz-lotto\",\"contentUrl\":\"https:\/\/redfoxlotto.com\/image?size=8&amp;lottery=oz-lotto\"},{\"@type\":\"BreadcrumbList\",\"@id\":\"https:\/\/onlinelotto365.com\/sr\/dobitni-brojevi\/dobitni-brojevi-iz-oz-lota\/#breadcrumb\",\"itemListElement\":[{\"@type\":\"ListItem\",\"position\":1,\"name\":\"Home\",\"item\":\"https:\/\/onlinelotto365.com\/sr\/\"},{\"@type\":\"ListItem\",\"position\":2,\"name\":\"Tragate za me\u0111unarodnim loto rezultatima?\",\"item\":\"https:\/\/onlinelotto365.com\/sr\/winning-numbers\/\"},{\"@type\":\"ListItem\",\"position\":3,\"name\":\"Dobitni brojevi iz Oz Lota\"}]},{\"@type\":\"WebSite\",\"@id\":\"https:\/\/onlinelotto365.com\/sr\/#website\",\"url\":\"https:\/\/onlinelotto365.com\/sr\/\",\"name\":\"OnlineLotto365\",\"description\":\"\",\"potentialAction\":[{\"@type\":\"SearchAction\",\"target\":{\"@type\":\"EntryPoint\",\"urlTemplate\":\"https:\/\/onlinelotto365.com\/sr\/?s={search_term_string}\"},\"query-input\":{\"@type\":\"PropertyValueSpecification\",\"valueRequired\":true,\"valueName\":\"search_term_string\"}}],\"inLanguage\":\"sr-RS\"}]}<\/script>\n<!-- \/ Yoast SEO plugin. -->","yoast_head_json":{"title":"Evo rezultata izvla\u010denja i nagrada za Oz Lotto","description":"Tra\u017eite rezultate izvla\u010denja Oz Lotto? Evo dobitnih brojeva:","robots":{"index":"index","follow":"follow","max-snippet":"max-snippet:-1","max-image-preview":"max-image-preview:large","max-video-preview":"max-video-preview:-1"},"canonical":"https:\/\/onlinelotto365.com\/sr\/dobitni-brojevi\/dobitni-brojevi-iz-oz-lota\/","og_locale":"sr_RS","og_type":"article","og_title":"Evo rezultata izvla\u010denja i nagrada za Oz Lotto","og_description":"Tra\u017eite rezultate izvla\u010denja Oz Lotto? Evo dobitnih brojeva:","og_url":"https:\/\/onlinelotto365.com\/sr\/dobitni-brojevi\/dobitni-brojevi-iz-oz-lota\/","og_site_name":"OnlineLotto365","og_image":[{"url":"https:\/\/redfoxlotto.com\/image?size=8&amp;lottery=oz-lotto"}],"twitter_card":"summary_large_image","twitter_misc":{"\u041f\u0440\u043e\u0446\u0435\u045a\u0435\u043d\u043e \u0432\u0440\u0435\u043c\u0435 \u0447\u0438\u0442\u0430\u045a\u0430":"3 \u043c\u0438\u043d\u0443\u0442\u0430"},"schema":{"@context":"https:\/\/schema.org","@graph":[{"@type":"WebPage","@id":"https:\/\/onlinelotto365.com\/sr\/dobitni-brojevi\/dobitni-brojevi-iz-oz-lota\/","url":"https:\/\/onlinelotto365.com\/sr\/dobitni-brojevi\/dobitni-brojevi-iz-oz-lota\/","name":"Evo rezultata izvla\u010denja i nagrada za Oz Lotto","isPartOf":{"@id":"https:\/\/onlinelotto365.com\/sr\/#website"},"primaryImageOfPage":{"@id":"https:\/\/onlinelotto365.com\/sr\/dobitni-brojevi\/dobitni-brojevi-iz-oz-lota\/#primaryimage"},"image":{"@id":"https:\/\/onlinelotto365.com\/sr\/dobitni-brojevi\/dobitni-brojevi-iz-oz-lota\/#primaryimage"},"thumbnailUrl":"https:\/\/redfoxlotto.com\/image?size=8&amp;lottery=oz-lotto","datePublished":"2023-10-03T06:23:59+00:00","dateModified":"2023-10-03T06:23:59+00:00","description":"Tra\u017eite rezultate izvla\u010denja Oz Lotto? Evo dobitnih brojeva:","breadcrumb":{"@id":"https:\/\/onlinelotto365.com\/sr\/dobitni-brojevi\/dobitni-brojevi-iz-oz-lota\/#breadcrumb"},"inLanguage":"sr-RS","potentialAction":[{"@type":"ReadAction","target":["https:\/\/onlinelotto365.com\/sr\/dobitni-brojevi\/dobitni-brojevi-iz-oz-lota\/"]}]},{"@type":"ImageObject","inLanguage":"sr-RS","@id":"https:\/\/onlinelotto365.com\/sr\/dobitni-brojevi\/dobitni-brojevi-iz-oz-lota\/#primaryimage","url":"https:\/\/redfoxlotto.com\/image?size=8&amp;lottery=oz-lotto","contentUrl":"https:\/\/redfoxlotto.com\/image?size=8&amp;lottery=oz-lotto"},{"@type":"BreadcrumbList","@id":"https:\/\/onlinelotto365.com\/sr\/dobitni-brojevi\/dobitni-brojevi-iz-oz-lota\/#breadcrumb","itemListElement":[{"@type":"ListItem","position":1,"name":"Home","item":"https:\/\/onlinelotto365.com\/sr\/"},{"@type":"ListItem","position":2,"name":"Tragate za me\u0111unarodnim loto rezultatima?","item":"https:\/\/onlinelotto365.com\/sr\/winning-numbers\/"},{"@type":"ListItem","position":3,"name":"Dobitni brojevi iz Oz Lota"}]},{"@type":"WebSite","@id":"https:\/\/onlinelotto365.com\/sr\/#website","url":"https:\/\/onlinelotto365.com\/sr\/","name":"OnlineLotto365","description":"","potentialAction":[{"@type":"SearchAction","target":{"@type":"EntryPoint","urlTemplate":"https:\/\/onlinelotto365.com\/sr\/?s={search_term_string}"},"query-input":{"@type":"PropertyValueSpecification","valueRequired":true,"valueName":"search_term_string"}}],"inLanguage":"sr-RS"}]}},"_links":{"self":[{"href":"https:\/\/onlinelotto365.com\/sr\/wp-json\/wp\/v2\/pages\/84377","targetHints":{"allow":["GET"]}}],"collection":[{"href":"https:\/\/onlinelotto365.com\/sr\/wp-json\/wp\/v2\/pages"}],"about":[{"href":"https:\/\/onlinelotto365.com\/sr\/wp-json\/wp\/v2\/types\/page"}],"author":[{"embeddable":true,"href":"https:\/\/onlinelotto365.com\/sr\/wp-json\/wp\/v2\/users\/1"}],"replies":[{"embeddable":true,"href":"https:\/\/onlinelotto365.com\/sr\/wp-json\/wp\/v2\/comments?post=84377"}],"version-history":[{"count":0,"href":"https:\/\/onlinelotto365.com\/sr\/wp-json\/wp\/v2\/pages\/84377\/revisions"}],"up":[{"embeddable":true,"href":"https:\/\/onlinelotto365.com\/sr\/wp-json\/wp\/v2\/pages\/5859"}],"wp:attachment":[{"href":"https:\/\/onlinelotto365.com\/sr\/wp-json\/wp\/v2\/media?parent=84377"}],"curies":[{"name":"wp","href":"https:\/\/api.w.org\/{rel}","templated":true}]}}